{"id":16620,"date":"2021-02-09T09:09:14","date_gmt":"2021-02-09T08:09:14","guid":{"rendered":"https:\/\/www.tibum.pl\/shop\/?page_id=16620"},"modified":"2021-02-09T09:10:03","modified_gmt":"2021-02-09T08:10:03","slug":"nowa-bajka-kamishibai","status":"publish","type":"page","link":"https:\/\/www.tibum.pl\/shop\/nowa-bajka-kamishibai","title":{"rendered":"Nowa bajka kamishibai"},"content":{"rendered":"<p>Zapraszamy do zapoznania si\u0119 nasz\u0105 Nowo\u015bci\u0105 2021 !<\/p>\n<p>Nowa opowie\u015b\u0107 kamishibai do teatrzyku drewnianego, zapraszamy na spotkanie z Leszym &#8211; opiekunem lasu ze s\u0142owia\u0144skich legend.<\/p>\n","protected":false},"excerpt":{"rendered":"<p>Zapraszamy do zapoznania si\u0119 nasz\u0105 Nowo\u015bci\u0105 2021 ! Nowa opowie\u015b\u0107 kamishibai do teatrzyku drewnianego, zapraszamy na spotkanie z Leszym &#8211; opiekunem lasu ze s\u0142owia\u0144skich legend.<\/p>\n","protected":false},"author":2,"featured_media":16594,"parent":0,"menu_order":0,"comment_status":"closed","ping_status":"closed","template":"","meta":{"footnotes":""},"class_list":["post-16620","page","type-page","status-publish","has-post-thumbnail","hentry","description-off"],"yoast_head":"<!-- This site is optimized with the Yoast SEO plugin v27.3 - https:\/\/yoast.com\/product\/yoast-seo-wordpress\/ -->\n<title>Nowa bajka kamishibai - Tibum Wydawnictwo Kamishibai - Papierowy Teatr<\/title>\n<meta name=\"robots\" content=\"index, follow, max-snippet:-1, max-image-preview:large, max-video-preview:-1\" \/>\n<link rel=\"canonical\" href=\"https:\/\/www.tibum.pl\/shop\/nowa-bajka-kamishibai\" \/>\n<meta property=\"og:locale\" content=\"pl_PL\" \/>\n<meta property=\"og:type\" content=\"article\" \/>\n<meta property=\"og:title\" content=\"Nowa bajka kamishibai - Tibum Wydawnictwo Kamishibai - Papierowy Teatr\" \/>\n<meta property=\"og:description\" content=\"Zapraszamy do zapoznania si\u0119 nasz\u0105 Nowo\u015bci\u0105 2021 ! Nowa opowie\u015b\u0107 kamishibai do teatrzyku drewnianego, zapraszamy na spotkanie z Leszym &#8211; opiekunem lasu ze s\u0142owia\u0144skich legend.\" \/>\n<meta property=\"og:url\" content=\"https:\/\/www.tibum.pl\/shop\/nowa-bajka-kamishibai\" \/>\n<meta property=\"og:site_name\" content=\"Tibum Wydawnictwo Kamishibai - Papierowy Teatr\" \/>\n<meta property=\"article:publisher\" content=\"https:\/\/www.facebook.com\/PapierowyTeatr\" \/>\n<meta property=\"article:modified_time\" content=\"2021-02-09T08:10:03+00:00\" \/>\n<meta property=\"og:image\" content=\"https:\/\/www.tibum.pl\/shop\/wp-content\/uploads\/Leszy_okladka_mini.jpg\" \/>\n\t<meta property=\"og:image:width\" content=\"800\" \/>\n\t<meta property=\"og:image:height\" content=\"578\" \/>\n\t<meta property=\"og:image:type\" content=\"image\/jpeg\" \/>\n<meta name=\"twitter:card\" content=\"summary_large_image\" \/>\n<script type=\"application\/ld+json\" class=\"yoast-schema-graph\">{\"@context\":\"https:\\\/\\\/schema.org\",\"@graph\":[{\"@type\":\"WebPage\",\"@id\":\"https:\\\/\\\/www.tibum.pl\\\/shop\\\/nowa-bajka-kamishibai\",\"url\":\"https:\\\/\\\/www.tibum.pl\\\/shop\\\/nowa-bajka-kamishibai\",\"name\":\"Nowa bajka kamishibai - Tibum Wydawnictwo Kamishibai - Papierowy Teatr\",\"isPartOf\":{\"@id\":\"https:\\\/\\\/www.tibum.pl\\\/shop\\\/#website\"},\"primaryImageOfPage\":{\"@id\":\"https:\\\/\\\/www.tibum.pl\\\/shop\\\/nowa-bajka-kamishibai#primaryimage\"},\"image\":{\"@id\":\"https:\\\/\\\/www.tibum.pl\\\/shop\\\/nowa-bajka-kamishibai#primaryimage\"},\"thumbnailUrl\":\"https:\\\/\\\/www.tibum.pl\\\/shop\\\/wp-content\\\/uploads\\\/Leszy_okladka_mini.jpg\",\"datePublished\":\"2021-02-09T08:09:14+00:00\",\"dateModified\":\"2021-02-09T08:10:03+00:00\",\"breadcrumb\":{\"@id\":\"https:\\\/\\\/www.tibum.pl\\\/shop\\\/nowa-bajka-kamishibai#breadcrumb\"},\"inLanguage\":\"pl-PL\",\"potentialAction\":[{\"@type\":\"ReadAction\",\"target\":[\"https:\\\/\\\/www.tibum.pl\\\/shop\\\/nowa-bajka-kamishibai\"]}]},{\"@type\":\"ImageObject\",\"inLanguage\":\"pl-PL\",\"@id\":\"https:\\\/\\\/www.tibum.pl\\\/shop\\\/nowa-bajka-kamishibai#primaryimage\",\"url\":\"https:\\\/\\\/www.tibum.pl\\\/shop\\\/wp-content\\\/uploads\\\/Leszy_okladka_mini.jpg\",\"contentUrl\":\"https:\\\/\\\/www.tibum.pl\\\/shop\\\/wp-content\\\/uploads\\\/Leszy_okladka_mini.jpg\",\"width\":800,\"height\":578},{\"@type\":\"BreadcrumbList\",\"@id\":\"https:\\\/\\\/www.tibum.pl\\\/shop\\\/nowa-bajka-kamishibai#breadcrumb\",\"itemListElement\":[{\"@type\":\"ListItem\",\"position\":1,\"name\":\"Home\",\"item\":\"https:\\\/\\\/www.tibum.pl\\\/shop\\\/\"},{\"@type\":\"ListItem\",\"position\":2,\"name\":\"Nowa bajka kamishibai\"}]},{\"@type\":\"WebSite\",\"@id\":\"https:\\\/\\\/www.tibum.pl\\\/shop\\\/#website\",\"url\":\"https:\\\/\\\/www.tibum.pl\\\/shop\\\/\",\"name\":\"Tibum Wydawnictwo Kamishibai - Papierowy Teatr\",\"description\":\"wydawca ksi\u0105\u017cek i bajek obrazkowych kamishibai\",\"potentialAction\":[{\"@type\":\"SearchAction\",\"target\":{\"@type\":\"EntryPoint\",\"urlTemplate\":\"https:\\\/\\\/www.tibum.pl\\\/shop\\\/?s={search_term_string}\"},\"query-input\":{\"@type\":\"PropertyValueSpecification\",\"valueRequired\":true,\"valueName\":\"search_term_string\"}}],\"inLanguage\":\"pl-PL\"}]}<\/script>\n<!-- \/ Yoast SEO plugin. -->","yoast_head_json":{"title":"Nowa bajka kamishibai - Tibum Wydawnictwo Kamishibai - Papierowy Teatr","robots":{"index":"index","follow":"follow","max-snippet":"max-snippet:-1","max-image-preview":"max-image-preview:large","max-video-preview":"max-video-preview:-1"},"canonical":"https:\/\/www.tibum.pl\/shop\/nowa-bajka-kamishibai","og_locale":"pl_PL","og_type":"article","og_title":"Nowa bajka kamishibai - Tibum Wydawnictwo Kamishibai - Papierowy Teatr","og_description":"Zapraszamy do zapoznania si\u0119 nasz\u0105 Nowo\u015bci\u0105 2021 ! Nowa opowie\u015b\u0107 kamishibai do teatrzyku drewnianego, zapraszamy na spotkanie z Leszym &#8211; opiekunem lasu ze s\u0142owia\u0144skich legend.","og_url":"https:\/\/www.tibum.pl\/shop\/nowa-bajka-kamishibai","og_site_name":"Tibum Wydawnictwo Kamishibai - Papierowy Teatr","article_publisher":"https:\/\/www.facebook.com\/PapierowyTeatr","article_modified_time":"2021-02-09T08:10:03+00:00","og_image":[{"width":800,"height":578,"url":"https:\/\/www.tibum.pl\/shop\/wp-content\/uploads\/Leszy_okladka_mini.jpg","type":"image\/jpeg"}],"twitter_card":"summary_large_image","schema":{"@context":"https:\/\/schema.org","@graph":[{"@type":"WebPage","@id":"https:\/\/www.tibum.pl\/shop\/nowa-bajka-kamishibai","url":"https:\/\/www.tibum.pl\/shop\/nowa-bajka-kamishibai","name":"Nowa bajka kamishibai - Tibum Wydawnictwo Kamishibai - Papierowy Teatr","isPartOf":{"@id":"https:\/\/www.tibum.pl\/shop\/#website"},"primaryImageOfPage":{"@id":"https:\/\/www.tibum.pl\/shop\/nowa-bajka-kamishibai#primaryimage"},"image":{"@id":"https:\/\/www.tibum.pl\/shop\/nowa-bajka-kamishibai#primaryimage"},"thumbnailUrl":"https:\/\/www.tibum.pl\/shop\/wp-content\/uploads\/Leszy_okladka_mini.jpg","datePublished":"2021-02-09T08:09:14+00:00","dateModified":"2021-02-09T08:10:03+00:00","breadcrumb":{"@id":"https:\/\/www.tibum.pl\/shop\/nowa-bajka-kamishibai#breadcrumb"},"inLanguage":"pl-PL","potentialAction":[{"@type":"ReadAction","target":["https:\/\/www.tibum.pl\/shop\/nowa-bajka-kamishibai"]}]},{"@type":"ImageObject","inLanguage":"pl-PL","@id":"https:\/\/www.tibum.pl\/shop\/nowa-bajka-kamishibai#primaryimage","url":"https:\/\/www.tibum.pl\/shop\/wp-content\/uploads\/Leszy_okladka_mini.jpg","contentUrl":"https:\/\/www.tibum.pl\/shop\/wp-content\/uploads\/Leszy_okladka_mini.jpg","width":800,"height":578},{"@type":"BreadcrumbList","@id":"https:\/\/www.tibum.pl\/shop\/nowa-bajka-kamishibai#breadcrumb","itemListElement":[{"@type":"ListItem","position":1,"name":"Home","item":"https:\/\/www.tibum.pl\/shop\/"},{"@type":"ListItem","position":2,"name":"Nowa bajka kamishibai"}]},{"@type":"WebSite","@id":"https:\/\/www.tibum.pl\/shop\/#website","url":"https:\/\/www.tibum.pl\/shop\/","name":"Tibum Wydawnictwo Kamishibai - Papierowy Teatr","description":"wydawca ksi\u0105\u017cek i bajek obrazkowych kamishibai","potentialAction":[{"@type":"SearchAction","target":{"@type":"EntryPoint","urlTemplate":"https:\/\/www.tibum.pl\/shop\/?s={search_term_string}"},"query-input":{"@type":"PropertyValueSpecification","valueRequired":true,"valueName":"search_term_string"}}],"inLanguage":"pl-PL"}]}},"_links":{"self":[{"href":"https:\/\/www.tibum.pl\/shop\/wp-json\/wp\/v2\/pages\/16620","targetHints":{"allow":["GET"]}}],"collection":[{"href":"https:\/\/www.tibum.pl\/shop\/wp-json\/wp\/v2\/pages"}],"about":[{"href":"https:\/\/www.tibum.pl\/shop\/wp-json\/wp\/v2\/types\/page"}],"author":[{"embeddable":true,"href":"https:\/\/www.tibum.pl\/shop\/wp-json\/wp\/v2\/users\/2"}],"replies":[{"embeddable":true,"href":"https:\/\/www.tibum.pl\/shop\/wp-json\/wp\/v2\/comments?post=16620"}],"version-history":[{"count":0,"href":"https:\/\/www.tibum.pl\/shop\/wp-json\/wp\/v2\/pages\/16620\/revisions"}],"wp:featuredmedia":[{"embeddable":true,"href":"https:\/\/www.tibum.pl\/shop\/wp-json\/wp\/v2\/media\/16594"}],"wp:attachment":[{"href":"https:\/\/www.tibum.pl\/shop\/wp-json\/wp\/v2\/media?parent=16620"}],"curies":[{"name":"wp","href":"https:\/\/api.w.org\/{rel}","templated":true}]}}