{"id":22354,"date":"2024-03-11T14:07:38","date_gmt":"2024-03-11T13:07:38","guid":{"rendered":"https:\/\/www.tibum.pl\/shop\/?page_id=22354"},"modified":"2026-03-26T18:25:13","modified_gmt":"2026-03-26T17:25:13","slug":"scenariusze-lekcji","status":"publish","type":"page","link":"https:\/\/www.tibum.pl\/shop\/scenariusze-lekcji","title":{"rendered":"Scenariusze lekcji"},"content":{"rendered":"<div class=\"wpb-content-wrapper\"><p>[vc_row gap=&#8221;20&#8243;][vc_column width=&#8221;1\/3&#8243;][vc_single_image image=&#8221;8998&#8243; img_size=&#8221;full&#8221; style=&#8221;vc_box_rounded&#8221;][vc_column_text]<\/p>\n<h2 style=\"text-align: center;\">Bajka o Wi\u015ble<\/h2>\n<p>[\/vc_column_text]<style type=\"text\/css\" data-type=\"the7_shortcodes-inline-css\">#default-btn-29fe2745832aae753cb29360fba6fa38.ico-right-side > i {\n  margin-right: 0px;\n  margin-left: 8px;\n}\n#default-btn-29fe2745832aae753cb29360fba6fa38 > i {\n  margin-right: 8px;\n}<\/style><div class=\"btn-align-center\"><a href=\"https:\/\/www.tibum.pl\/shop\/wp-content\/uploads\/St.-Niedziela_Bajka-o-WiU015ble.pdf\" class=\"default-btn-shortcode dt-btn dt-btn-s link-hover-off  vc_custom_1736930714484\" target=\"_blank\" id=\"default-btn-29fe2745832aae753cb29360fba6fa38\" rel=\"noopener\"><span>Scenariusz lekcji<\/span><\/a><\/div>[vc_empty_space height=&#8221;12px&#8221;]<style type=\"text\/css\" data-type=\"the7_shortcodes-inline-css\">#default-btn-41cc143b43b706d9b3c2bd092d774d62.ico-right-side > i {\n  margin-right: 0px;\n  margin-left: 8px;\n}\n#default-btn-41cc143b43b706d9b3c2bd092d774d62 > i {\n  margin-right: 8px;\n}<\/style><div class=\"btn-align-center\"><a href=\"https:\/\/www.tibum.pl\/shop\/wp-content\/uploads\/storyboard_strona.pdf\" class=\"default-btn-shortcode dt-btn dt-btn-s link-hover-off \" target=\"_blank\" id=\"default-btn-41cc143b43b706d9b3c2bd092d774d62\" rel=\"noopener\"><span>Plansza edukacyjna<\/span><\/a><\/div>[\/vc_column][vc_column width=&#8221;1\/3&#8243;][vc_single_image image=&#8221;10077&#8243; img_size=&#8221;268&#215;194&#8243; style=&#8221;vc_box_rounded&#8221;][vc_column_text]<\/p>\n<h2 style=\"text-align: center;\">Legenda o skarbniku<\/h2>\n<p>[\/vc_column_text]<style type=\"text\/css\" data-type=\"the7_shortcodes-inline-css\">#default-btn-8232be846dbe70a1ec39b481e4c058d2.ico-right-side > i {\n  margin-right: 0px;\n  margin-left: 8px;\n}\n#default-btn-8232be846dbe70a1ec39b481e4c058d2 > i {\n  margin-right: 8px;\n}<\/style><div class=\"btn-align-center\"><a href=\"https:\/\/www.tibum.pl\/shop\/wp-content\/uploads\/PrzykU0142adowy-scenariusz-lekcji_Skarbnik.pdf\" class=\"default-btn-shortcode dt-btn dt-btn-s link-hover-off  vc_custom_1736930774246\" target=\"_blank\" id=\"default-btn-8232be846dbe70a1ec39b481e4c058d2\" rel=\"noopener\"><span>Scenariusz lekcji<\/span><\/a><\/div>[\/vc_column][vc_column width=&#8221;1\/3&#8243;][vc_single_image image=&#8221;10014&#8243; img_size=&#8221;268&#215;194&#8243; style=&#8221;vc_box_rounded&#8221;][vc_column_text]<\/p>\n<h2 style=\"text-align: center;\">Czu\u0142o\u015b\u0107<\/h2>\n<p>[\/vc_column_text]<style type=\"text\/css\" data-type=\"the7_shortcodes-inline-css\">#default-btn-8711d0bbff8cd1f3523929c64d8c2b54.ico-right-side > i {\n  margin-right: 0px;\n  margin-left: 8px;\n}\n#default-btn-8711d0bbff8cd1f3523929c64d8c2b54 > i {\n  margin-right: 8px;\n}<\/style><div class=\"btn-align-center\"><a href=\"https:\/\/www.tibum.pl\/shop\/wp-content\/uploads\/O-okazywaniu-uczuU0107.pdf\" class=\"default-btn-shortcode dt-btn dt-btn-s link-hover-off  vc_custom_1736930841498\" target=\"_blank\" id=\"default-btn-8711d0bbff8cd1f3523929c64d8c2b54\" rel=\"noopener\"><span>Scenariusz lekcji<\/span><\/a><\/div>[\/vc_column][\/vc_row][vc_row][vc_column][vc_empty_space][\/vc_column][\/vc_row][vc_row gap=&#8221;20&#8243;][vc_column width=&#8221;1\/3&#8243;][vc_single_image image=&#8221;10079&#8243; img_size=&#8221;full&#8221; style=&#8221;vc_box_rounded&#8221;][vc_column_text]<\/p>\n<h2 style=\"text-align: center;\">Lew w Pary\u017cu<\/h2>\n<p>[\/vc_column_text]<style type=\"text\/css\" data-type=\"the7_shortcodes-inline-css\">#default-btn-54a9b1b794db344c60854300a0748447.ico-right-side > i {\n  margin-right: 0px;\n  margin-left: 8px;\n}\n#default-btn-54a9b1b794db344c60854300a0748447 > i {\n  margin-right: 8px;\n}<\/style><div class=\"btn-align-center\"><a href=\"https:\/\/www.tibum.pl\/shop\/wp-content\/uploads\/PrzykU0142adowy-scenariusz-lekcji_Lew-w-ParyU017cu.pdf\" class=\"default-btn-shortcode dt-btn dt-btn-s link-hover-off  vc_custom_1736930926218\" id=\"default-btn-54a9b1b794db344c60854300a0748447\"><span>Scenariusz lekcji<\/span><\/a><\/div>[\/vc_column][vc_column width=&#8221;1\/3&#8243;][vc_single_image image=&#8221;10025&#8243; img_size=&#8221;268&#215;194&#8243; style=&#8221;vc_box_rounded&#8221;][vc_column_text]<\/p>\n<h2 style=\"text-align: center;\">Groszki<\/h2>\n<p>[\/vc_column_text]<style type=\"text\/css\" data-type=\"the7_shortcodes-inline-css\">#default-btn-8bb5cc946150fadbdd3ae17e4b47e64a.ico-right-side > i {\n  margin-right: 0px;\n  margin-left: 8px;\n}\n#default-btn-8bb5cc946150fadbdd3ae17e4b47e64a > i {\n  margin-right: 8px;\n}<\/style><div class=\"btn-align-center\"><a href=\"https:\/\/www.tibum.pl\/shop\/wp-content\/uploads\/PrzykU0142adowy-scenariusz-lekcji_Groszki.pdf\" class=\"default-btn-shortcode dt-btn dt-btn-s link-hover-off  vc_custom_1736931047687\" id=\"default-btn-8bb5cc946150fadbdd3ae17e4b47e64a\"><span>Scenariusz lekcji<\/span><\/a><\/div>[\/vc_column][vc_column width=&#8221;1\/3&#8243;][vc_single_image image=&#8221;10075&#8243; img_size=&#8221;268&#215;194&#8243; style=&#8221;vc_box_rounded&#8221;][vc_column_text]<\/p>\n<h2 style=\"text-align: center;\">Rower Walentynki<\/h2>\n<p>[\/vc_column_text]<style type=\"text\/css\" data-type=\"the7_shortcodes-inline-css\">#default-btn-349ae890c53b8c88e7266d2cba4ee196.ico-right-side > i {\n  margin-right: 0px;\n  margin-left: 8px;\n}\n#default-btn-349ae890c53b8c88e7266d2cba4ee196 > i {\n  margin-right: 8px;\n}<\/style><div class=\"btn-align-center\"><a href=\"https:\/\/www.tibum.pl\/shop\/wp-content\/uploads\/PrzykU0142adowy-scenariusz-lekcji_Rower.pdf\" class=\"default-btn-shortcode dt-btn dt-btn-s link-hover-off  vc_custom_1736931111042\" id=\"default-btn-349ae890c53b8c88e7266d2cba4ee196\"><span>Scenariusz lekcji<\/span><\/a><\/div>[\/vc_column][\/vc_row][vc_row][vc_column][vc_empty_space][\/vc_column][\/vc_row][vc_row gap=&#8221;20&#8243;][vc_column width=&#8221;1\/3&#8243;][vc_single_image image=&#8221;10084&#8243; img_size=&#8221;full&#8221; style=&#8221;vc_box_rounded&#8221;][vc_column_text]<\/p>\n<h2 style=\"text-align: center;\">Trzeba b\u0119dzie<\/h2>\n<p>[\/vc_column_text]<style type=\"text\/css\" data-type=\"the7_shortcodes-inline-css\">#default-btn-a749bdf4bea77608ddb041bcb91acbd4.ico-right-side > i {\n  margin-right: 0px;\n  margin-left: 8px;\n}\n#default-btn-a749bdf4bea77608ddb041bcb91acbd4 > i {\n  margin-right: 8px;\n}<\/style><div class=\"btn-align-center\"><a href=\"https:\/\/www.tibum.pl\/shop\/wp-content\/uploads\/PrzykU0142adowy-scenariusz-lekcji_Trzeba-bU0119dzie.pdf\" class=\"default-btn-shortcode dt-btn dt-btn-s link-hover-off  vc_custom_1736931251201\" target=\"_blank\" id=\"default-btn-a749bdf4bea77608ddb041bcb91acbd4\" rel=\"noopener\"><span>Scenariusz lekcji<\/span><\/a><\/div>[\/vc_column][vc_column width=&#8221;1\/3&#8243;][vc_single_image image=&#8221;10074&#8243; img_size=&#8221;268&#215;194&#8243; style=&#8221;vc_box_rounded&#8221;][vc_column_text]<\/p>\n<h2 style=\"text-align: center;\">M\u00f3j przyjaciel Kemushi<\/h2>\n<p>[\/vc_column_text]<style type=\"text\/css\" data-type=\"the7_shortcodes-inline-css\">#default-btn-04583497e5505ee0ee866af6d5eebc9f.ico-right-side > i {\n  margin-right: 0px;\n  margin-left: 8px;\n}\n#default-btn-04583497e5505ee0ee866af6d5eebc9f > i {\n  margin-right: 8px;\n}<\/style><div class=\"btn-align-center\"><a href=\"https:\/\/www.tibum.pl\/shop\/wp-content\/uploads\/PrzykU0142adowy-scenariusz-lekcji_Kemushi.pdf\" class=\"default-btn-shortcode dt-btn dt-btn-s link-hover-off  vc_custom_1736931308635\" target=\"_blank\" id=\"default-btn-04583497e5505ee0ee866af6d5eebc9f\" rel=\"noopener\"><span>Scenariusz lekcji<\/span><\/a><\/div>[vc_empty_space][\/vc_column][vc_column width=&#8221;1\/3&#8243;][vc_single_image image=&#8221;22994&#8243; img_size=&#8221;268&#215;194&#8243; style=&#8221;vc_box_rounded&#8221;][vc_column_text]<\/p>\n<h2 style=\"text-align: center;\">W lustrzanej sali<\/h2>\n<p>[\/vc_column_text]<style type=\"text\/css\" data-type=\"the7_shortcodes-inline-css\">#default-btn-75e40fc64e51e0590ebbb56142977b04.ico-right-side > i {\n  margin-right: 0px;\n  margin-left: 8px;\n}\n#default-btn-75e40fc64e51e0590ebbb56142977b04 > i {\n  margin-right: 8px;\n}<\/style><div class=\"btn-align-center\"><a href=\"https:\/\/www.tibum.pl\/shop\/wp-content\/uploads\/W-lustrzanej-sali_scenariusz.pdf\" class=\"default-btn-shortcode dt-btn dt-btn-s link-hover-off  vc_custom_1729608198514\" target=\"_blank\" id=\"default-btn-75e40fc64e51e0590ebbb56142977b04\" rel=\"noopener\"><span>Scenariusz lekcji<\/span><\/a><\/div>[\/vc_column][\/vc_row][vc_row gap=&#8221;20&#8243;][vc_column width=&#8221;1\/3&#8243;][vc_single_image image=&#8221;21976&#8243; img_size=&#8221;full&#8221; style=&#8221;vc_box_rounded&#8221;][vc_column_text]<\/p>\n<h2 style=\"text-align: center;\">Kamelia<\/h2>\n<p>[\/vc_column_text]<style type=\"text\/css\" data-type=\"the7_shortcodes-inline-css\">#default-btn-d2579ecda1e3deef15df2442f4c6ff23.ico-right-side > i {\n  margin-right: 0px;\n  margin-left: 8px;\n}\n#default-btn-d2579ecda1e3deef15df2442f4c6ff23 > i {\n  margin-right: 8px;\n}<\/style><div class=\"btn-align-center\"><a href=\"https:\/\/www.tibum.pl\/shop\/wp-content\/uploads\/Kamelia-scenariusz-zajec.pdf\" class=\"default-btn-shortcode dt-btn dt-btn-s link-hover-off  vc_custom_1729608185572\" target=\"_blank\" id=\"default-btn-d2579ecda1e3deef15df2442f4c6ff23\" rel=\"noopener\"><span>Scenariusz lekcji<\/span><\/a><\/div>[\/vc_column][vc_column width=&#8221;1\/3&#8243;][vc_single_image image=&#8221;23250&#8243; img_size=&#8221;full&#8221; style=&#8221;vc_box_rounded&#8221; css=&#8221;&#8221;][vc_column_text css=&#8221;&#8221;]<\/p>\n<h2 style=\"text-align: center;\">Tygrys Niemrawy<\/h2>\n<p>[\/vc_column_text]<style type=\"text\/css\" data-type=\"the7_shortcodes-inline-css\">#default-btn-113d5a3ace0df4ef939d5293b251bcd8.ico-right-side > i {\n  margin-right: 0px;\n  margin-left: 8px;\n}\n#default-btn-113d5a3ace0df4ef939d5293b251bcd8 > i {\n  margin-right: 8px;\n}<\/style><div class=\"btn-align-center\"><a href=\"https:\/\/www.tibum.pl\/shop\/wp-content\/uploads\/Scenariusz-zajec-Tygrys-Niemrawy.pdf\" class=\"default-btn-shortcode dt-btn dt-btn-s link-hover-off  vc_custom_1729608172788\" target=\"_blank\" id=\"default-btn-113d5a3ace0df4ef939d5293b251bcd8\" rel=\"noopener\"><span>Scenariusz lekcji<\/span><\/a><\/div>[\/vc_column][vc_column width=&#8221;1\/3&#8243;][vc_single_image image=&#8221;23565&#8243; img_size=&#8221;full&#8221; style=&#8221;vc_box_rounded&#8221; css=&#8221;&#8221;][vc_column_text css=&#8221;&#8221;]<\/p>\n<h2 style=\"text-align: center;\">Ryczys\u0142aw Pot\u0119\u017cny<\/h2>\n<p>[\/vc_column_text]<style type=\"text\/css\" data-type=\"the7_shortcodes-inline-css\">#default-btn-1befaee04262d5e5646685260d84cd66.ico-right-side > i {\n  margin-right: 0px;\n  margin-left: 8px;\n}\n#default-btn-1befaee04262d5e5646685260d84cd66 > i {\n  margin-right: 8px;\n}<\/style><div class=\"btn-align-center\"><a href=\"https:\/\/www.tibum.pl\/shop\/wp-content\/uploads\/scenariusz-zajec-Ryczyslaw-Potezny.pdf\" class=\"default-btn-shortcode dt-btn dt-btn-s link-hover-off  vc_custom_1727896935486\" target=\"_blank\" id=\"default-btn-1befaee04262d5e5646685260d84cd66\" rel=\"noopener\"><span>Scenariusz lekcji<\/span><\/a><\/div>[\/vc_column][\/vc_row][vc_row gap=&#8221;20&#8243;][vc_column width=&#8221;1\/3&#8243;][vc_single_image image=&#8221;24294&#8243; img_size=&#8221;full&#8221; style=&#8221;vc_box_rounded&#8221; css=&#8221;&#8221;][vc_column_text css=&#8221;&#8221;]<\/p>\n<h2 style=\"text-align: center;\">Smok Wawelski<\/h2>\n<p>[\/vc_column_text]<style type=\"text\/css\" data-type=\"the7_shortcodes-inline-css\">#default-btn-176b5a4b9b46352eba785f70a9d8db97.ico-right-side > i {\n  margin-right: 0px;\n  margin-left: 8px;\n}\n#default-btn-176b5a4b9b46352eba785f70a9d8db97 > i {\n  margin-right: 8px;\n}<\/style><div class=\"btn-align-center\"><a href=\"https:\/\/www.tibum.pl\/shop\/wp-content\/uploads\/Smok-wawelski.scenariusz.pdf\" class=\"default-btn-shortcode dt-btn dt-btn-s link-hover-off  vc_custom_1729608135170\" target=\"_blank\" id=\"default-btn-176b5a4b9b46352eba785f70a9d8db97\" rel=\"noopener\"><span>Scenariusz lekcji<\/span><\/a><\/div>[\/vc_column][vc_column width=&#8221;1\/3&#8243;][vc_single_image image=&#8221;24296&#8243; img_size=&#8221;full&#8221; style=&#8221;vc_box_rounded&#8221; css=&#8221;&#8221;][vc_column_text css=&#8221;&#8221;]<\/p>\n<h2 style=\"text-align: center;\">Brzydkie kacz\u0105tko<\/h2>\n<p>[\/vc_column_text]<style type=\"text\/css\" data-type=\"the7_shortcodes-inline-css\">#default-btn-f1898afbe0e176dfe4cee89d34b32c92.ico-right-side > i {\n  margin-right: 0px;\n  margin-left: 8px;\n}\n#default-btn-f1898afbe0e176dfe4cee89d34b32c92 > i {\n  margin-right: 8px;\n}<\/style><div class=\"btn-align-center\"><a href=\"https:\/\/www.tibum.pl\/shop\/wp-content\/uploads\/Brzydkie.kaczatko.scenariusz.pdf\" class=\"default-btn-shortcode dt-btn dt-btn-s link-hover-off  vc_custom_1730728861015\" target=\"_blank\" id=\"default-btn-f1898afbe0e176dfe4cee89d34b32c92\" rel=\"noopener\"><span>Scenariusz lekcji<\/span><\/a><\/div>[\/vc_column][vc_column width=&#8221;1\/3&#8243;][vc_single_image image=&#8221;24341&#8243; img_size=&#8221;full&#8221; style=&#8221;vc_box_rounded&#8221; css=&#8221;&#8221;][vc_column_text css=&#8221;&#8221;]<\/p>\n<h2 style=\"text-align: center;\">Jeste\u015b<\/h2>\n<p>[\/vc_column_text]<style type=\"text\/css\" data-type=\"the7_shortcodes-inline-css\">#default-btn-8e4e25063a282be42b5dec178b3d7642.ico-right-side > i {\n  margin-right: 0px;\n  margin-left: 8px;\n}\n#default-btn-8e4e25063a282be42b5dec178b3d7642 > i {\n  margin-right: 8px;\n}<\/style><div class=\"btn-align-center\"><a href=\"https:\/\/www.tibum.pl\/shop\/wp-content\/uploads\/Scenariusz-zajec_Jestes.pdf\" class=\"default-btn-shortcode dt-btn dt-btn-s link-hover-off  vc_custom_1739364606833\" target=\"_blank\" id=\"default-btn-8e4e25063a282be42b5dec178b3d7642\" rel=\"noopener\"><span>Scenariusz lekcji<\/span><\/a><\/div>[\/vc_column][\/vc_row][vc_row gap=&#8221;20&#8243;][vc_column width=&#8221;1\/3&#8243;][vc_single_image image=&#8221;24525&#8243; img_size=&#8221;full&#8221; style=&#8221;vc_box_rounded&#8221; css=&#8221;&#8221;][vc_column_text css=&#8221;&#8221;]<\/p>\n<h2 style=\"text-align: center;\">Opowie\u015b\u0107 G\u00f3rskiego Potoku<\/h2>\n<p>[\/vc_column_text]<style type=\"text\/css\" data-type=\"the7_shortcodes-inline-css\">#default-btn-a182b22ae5b1553f9edca236752b4856.ico-right-side > i {\n  margin-right: 0px;\n  margin-left: 8px;\n}\n#default-btn-a182b22ae5b1553f9edca236752b4856 > i {\n  margin-right: 8px;\n}<\/style><div class=\"btn-align-center\"><a href=\"https:\/\/www.tibum.pl\/shop\/wp-content\/uploads\/Opowiesc-Gorskiego-Potoku-scenariusz-zajec.pdf\" class=\"default-btn-shortcode dt-btn dt-btn-s link-hover-off  vc_custom_1746705941423\" target=\"_blank\" id=\"default-btn-a182b22ae5b1553f9edca236752b4856\" rel=\"noopener\"><span>Scenariusz lekcji<\/span><\/a><\/div>[\/vc_column][vc_column width=&#8221;1\/3&#8243;][vc_single_image image=&#8221;24734&#8243; img_size=&#8221;full&#8221; style=&#8221;vc_box_rounded&#8221; css=&#8221;&#8221;][vc_column_text css=&#8221;&#8221;]<\/p>\n<h2 style=\"text-align: center;\">Kot Katastrofa<\/h2>\n<p>[\/vc_column_text]<style type=\"text\/css\" data-type=\"the7_shortcodes-inline-css\">#default-btn-e2a0b401c308dcfcc6de469d250ae501.ico-right-side > i {\n  margin-right: 0px;\n  margin-left: 8px;\n}\n#default-btn-e2a0b401c308dcfcc6de469d250ae501 > i {\n  margin-right: 8px;\n}<\/style><div class=\"btn-align-center\"><a href=\"https:\/\/www.tibum.pl\/shop\/wp-content\/uploads\/scenariusz-zajec-Kot-Katastrofa-i-Dzien-Kraksy.pdf\" class=\"default-btn-shortcode dt-btn dt-btn-s link-hover-off  vc_custom_1758716931943\" target=\"_blank\" id=\"default-btn-e2a0b401c308dcfcc6de469d250ae501\" rel=\"noopener\"><span>Scenariusz lekcji<\/span><\/a><\/div>[\/vc_column][vc_column width=&#8221;1\/3&#8243;][vc_single_image image=&#8221;25934&#8243; img_size=&#8221;full&#8221; style=&#8221;vc_box_rounded&#8221; css=&#8221;&#8221;][vc_column_text css=&#8221;&#8221;]<\/p>\n<h2 style=\"text-align: center;\">Ma\u0142a Ksi\u0119ga \u017bycia<\/h2>\n<p>[\/vc_column_text]<style type=\"text\/css\" data-type=\"the7_shortcodes-inline-css\">#default-btn-f7359709bc280235bdccdd6287c6aa34.ico-right-side > i {\n  margin-right: 0px;\n  margin-left: 8px;\n}\n#default-btn-f7359709bc280235bdccdd6287c6aa34 > i {\n  margin-right: 8px;\n}<\/style><div class=\"btn-align-center\"><a href=\"https:\/\/www.tibum.pl\/shop\/wp-content\/uploads\/Scenariusz-zajec_Mala-Ksiega-Zycia.pdf\" class=\"default-btn-shortcode dt-btn dt-btn-s link-hover-off  vc_custom_1774543315344\" target=\"_blank\" id=\"default-btn-f7359709bc280235bdccdd6287c6aa34\" rel=\"noopener\"><span>Scenariusz lekcji<\/span><\/a><\/div>[\/vc_column][\/vc_row]<\/p>\n<\/div>","protected":false},"excerpt":{"rendered":"<p>[vc_row gap=&#8221;20&#8243;][vc_column width=&#8221;1\/3&#8243;][vc_single_image image=&#8221;8998&#8243; img_size=&#8221;full&#8221; style=&#8221;vc_box_rounded&#8221;][vc_column_text] Bajka o Wi\u015ble [\/vc_column_text][vc_empty_space height=&#8221;12px&#8221;][\/vc_column][vc_column width=&#8221;1\/3&#8243;][vc_single_image image=&#8221;10077&#8243; img_size=&#8221;268&#215;194&#8243; style=&#8221;vc_box_rounded&#8221;][vc_column_text] Legenda o skarbniku [\/vc_column_text][\/vc_column][vc_column width=&#8221;1\/3&#8243;][vc_single_image image=&#8221;10014&#8243; img_size=&#8221;268&#215;194&#8243; style=&#8221;vc_box_rounded&#8221;][vc_column_text] Czu\u0142o\u015b\u0107 [\/vc_column_text][\/vc_column][\/vc_row][vc_row][vc_column][vc_empty_space][\/vc_column][\/vc_row][vc_row gap=&#8221;20&#8243;][vc_column width=&#8221;1\/3&#8243;][vc_single_image image=&#8221;10079&#8243; img_size=&#8221;full&#8221; style=&#8221;vc_box_rounded&#8221;][vc_column_text] Lew w Pary\u017cu [\/vc_column_text][\/vc_column][vc_column width=&#8221;1\/3&#8243;][vc_single_image image=&#8221;10025&#8243; img_size=&#8221;268&#215;194&#8243; style=&#8221;vc_box_rounded&#8221;][vc_column_text] Groszki [\/vc_column_text][\/vc_column][vc_column width=&#8221;1\/3&#8243;][vc_single_image image=&#8221;10075&#8243; img_size=&#8221;268&#215;194&#8243; style=&#8221;vc_box_rounded&#8221;][vc_column_text] Rower Walentynki [\/vc_column_text][\/vc_column][\/vc_row][vc_row][vc_column][vc_empty_space][\/vc_column][\/vc_row][vc_row gap=&#8221;20&#8243;][vc_column width=&#8221;1\/3&#8243;][vc_single_image image=&#8221;10084&#8243; img_size=&#8221;full&#8221; style=&#8221;vc_box_rounded&#8221;][vc_column_text] Trzeba b\u0119dzie [\/vc_column_text][\/vc_column][vc_column&hellip;<\/p>\n","protected":false},"author":1606,"featured_media":0,"parent":0,"menu_order":0,"comment_status":"closed","ping_status":"closed","template":"","meta":{"footnotes":""},"class_list":["post-22354","page","type-page","status-publish","hentry","description-off"],"yoast_head":"<!-- This site is optimized with the Yoast SEO plugin v27.3 - https:\/\/yoast.com\/product\/yoast-seo-wordpress\/ -->\n<title>Scenariusze lekcji - Tibum Wydawnictwo Kamishibai - Papierowy Teatr<\/title>\n<meta name=\"description\" content=\"Scenariusze lekcji dla nauczycieli do wykorzystania na lekcji. Ka\u017cdy scenariusz powi\u0105zany jest z opowie\u015bci\u0105 do kt\u00f3rej zosta\u0142 przygotowany. Scenariusze mog\u0105 by\u0107 te\u017c inspiracja do tworzenia w\u0142asnych zaj\u0119\u0107 z literatur\u0105. Do pobrania za darmo.\" \/>\n<meta name=\"robots\" content=\"index, follow, max-snippet:-1, max-image-preview:large, max-video-preview:-1\" \/>\n<link rel=\"canonical\" href=\"https:\/\/www.tibum.pl\/shop\/scenariusze-lekcji\" \/>\n<meta property=\"og:locale\" content=\"pl_PL\" \/>\n<meta property=\"og:type\" content=\"article\" \/>\n<meta property=\"og:title\" content=\"Scenariusze lekcji - Tibum Wydawnictwo Kamishibai - Papierowy Teatr\" \/>\n<meta property=\"og:description\" content=\"Scenariusze lekcji dla nauczycieli do wykorzystania na lekcji. Ka\u017cdy scenariusz powi\u0105zany jest z opowie\u015bci\u0105 do kt\u00f3rej zosta\u0142 przygotowany. Scenariusze mog\u0105 by\u0107 te\u017c inspiracja do tworzenia w\u0142asnych zaj\u0119\u0107 z literatur\u0105. Do pobrania za darmo.\" \/>\n<meta property=\"og:url\" content=\"https:\/\/www.tibum.pl\/shop\/scenariusze-lekcji\" \/>\n<meta property=\"og:site_name\" content=\"Tibum Wydawnictwo Kamishibai - Papierowy Teatr\" \/>\n<meta property=\"article:publisher\" content=\"https:\/\/www.facebook.com\/PapierowyTeatr\" \/>\n<meta property=\"article:modified_time\" content=\"2026-03-26T17:25:13+00:00\" \/>\n<meta name=\"twitter:card\" content=\"summary_large_image\" \/>\n<meta name=\"twitter:label1\" content=\"Szacowany czas czytania\" \/>\n\t<meta name=\"twitter:data1\" content=\"2 minuty\" \/>\n<script type=\"application\/ld+json\" class=\"yoast-schema-graph\">{\"@context\":\"https:\\\/\\\/schema.org\",\"@graph\":[{\"@type\":\"WebPage\",\"@id\":\"https:\\\/\\\/www.tibum.pl\\\/shop\\\/scenariusze-lekcji\",\"url\":\"https:\\\/\\\/www.tibum.pl\\\/shop\\\/scenariusze-lekcji\",\"name\":\"Scenariusze lekcji - Tibum Wydawnictwo Kamishibai - Papierowy Teatr\",\"isPartOf\":{\"@id\":\"https:\\\/\\\/www.tibum.pl\\\/shop\\\/#website\"},\"datePublished\":\"2024-03-11T13:07:38+00:00\",\"dateModified\":\"2026-03-26T17:25:13+00:00\",\"description\":\"Scenariusze lekcji dla nauczycieli do wykorzystania na lekcji. Ka\u017cdy scenariusz powi\u0105zany jest z opowie\u015bci\u0105 do kt\u00f3rej zosta\u0142 przygotowany. Scenariusze mog\u0105 by\u0107 te\u017c inspiracja do tworzenia w\u0142asnych zaj\u0119\u0107 z literatur\u0105. Do pobrania za darmo.\",\"breadcrumb\":{\"@id\":\"https:\\\/\\\/www.tibum.pl\\\/shop\\\/scenariusze-lekcji#breadcrumb\"},\"inLanguage\":\"pl-PL\",\"potentialAction\":[{\"@type\":\"ReadAction\",\"target\":[\"https:\\\/\\\/www.tibum.pl\\\/shop\\\/scenariusze-lekcji\"]}]},{\"@type\":\"BreadcrumbList\",\"@id\":\"https:\\\/\\\/www.tibum.pl\\\/shop\\\/scenariusze-lekcji#breadcrumb\",\"itemListElement\":[{\"@type\":\"ListItem\",\"position\":1,\"name\":\"Home\",\"item\":\"https:\\\/\\\/www.tibum.pl\\\/shop\\\/\"},{\"@type\":\"ListItem\",\"position\":2,\"name\":\"Scenariusze lekcji\"}]},{\"@type\":\"WebSite\",\"@id\":\"https:\\\/\\\/www.tibum.pl\\\/shop\\\/#website\",\"url\":\"https:\\\/\\\/www.tibum.pl\\\/shop\\\/\",\"name\":\"Tibum Wydawnictwo Kamishibai - Papierowy Teatr\",\"description\":\"wydawca ksi\u0105\u017cek i bajek obrazkowych kamishibai\",\"potentialAction\":[{\"@type\":\"SearchAction\",\"target\":{\"@type\":\"EntryPoint\",\"urlTemplate\":\"https:\\\/\\\/www.tibum.pl\\\/shop\\\/?s={search_term_string}\"},\"query-input\":{\"@type\":\"PropertyValueSpecification\",\"valueRequired\":true,\"valueName\":\"search_term_string\"}}],\"inLanguage\":\"pl-PL\"}]}<\/script>\n<!-- \/ Yoast SEO plugin. -->","yoast_head_json":{"title":"Scenariusze lekcji - Tibum Wydawnictwo Kamishibai - Papierowy Teatr","description":"Scenariusze lekcji dla nauczycieli do wykorzystania na lekcji. Ka\u017cdy scenariusz powi\u0105zany jest z opowie\u015bci\u0105 do kt\u00f3rej zosta\u0142 przygotowany. Scenariusze mog\u0105 by\u0107 te\u017c inspiracja do tworzenia w\u0142asnych zaj\u0119\u0107 z literatur\u0105. Do pobrania za darmo.","robots":{"index":"index","follow":"follow","max-snippet":"max-snippet:-1","max-image-preview":"max-image-preview:large","max-video-preview":"max-video-preview:-1"},"canonical":"https:\/\/www.tibum.pl\/shop\/scenariusze-lekcji","og_locale":"pl_PL","og_type":"article","og_title":"Scenariusze lekcji - Tibum Wydawnictwo Kamishibai - Papierowy Teatr","og_description":"Scenariusze lekcji dla nauczycieli do wykorzystania na lekcji. Ka\u017cdy scenariusz powi\u0105zany jest z opowie\u015bci\u0105 do kt\u00f3rej zosta\u0142 przygotowany. Scenariusze mog\u0105 by\u0107 te\u017c inspiracja do tworzenia w\u0142asnych zaj\u0119\u0107 z literatur\u0105. Do pobrania za darmo.","og_url":"https:\/\/www.tibum.pl\/shop\/scenariusze-lekcji","og_site_name":"Tibum Wydawnictwo Kamishibai - Papierowy Teatr","article_publisher":"https:\/\/www.facebook.com\/PapierowyTeatr","article_modified_time":"2026-03-26T17:25:13+00:00","twitter_card":"summary_large_image","twitter_misc":{"Szacowany czas czytania":"2 minuty"},"schema":{"@context":"https:\/\/schema.org","@graph":[{"@type":"WebPage","@id":"https:\/\/www.tibum.pl\/shop\/scenariusze-lekcji","url":"https:\/\/www.tibum.pl\/shop\/scenariusze-lekcji","name":"Scenariusze lekcji - Tibum Wydawnictwo Kamishibai - Papierowy Teatr","isPartOf":{"@id":"https:\/\/www.tibum.pl\/shop\/#website"},"datePublished":"2024-03-11T13:07:38+00:00","dateModified":"2026-03-26T17:25:13+00:00","description":"Scenariusze lekcji dla nauczycieli do wykorzystania na lekcji. Ka\u017cdy scenariusz powi\u0105zany jest z opowie\u015bci\u0105 do kt\u00f3rej zosta\u0142 przygotowany. Scenariusze mog\u0105 by\u0107 te\u017c inspiracja do tworzenia w\u0142asnych zaj\u0119\u0107 z literatur\u0105. Do pobrania za darmo.","breadcrumb":{"@id":"https:\/\/www.tibum.pl\/shop\/scenariusze-lekcji#breadcrumb"},"inLanguage":"pl-PL","potentialAction":[{"@type":"ReadAction","target":["https:\/\/www.tibum.pl\/shop\/scenariusze-lekcji"]}]},{"@type":"BreadcrumbList","@id":"https:\/\/www.tibum.pl\/shop\/scenariusze-lekcji#breadcrumb","itemListElement":[{"@type":"ListItem","position":1,"name":"Home","item":"https:\/\/www.tibum.pl\/shop\/"},{"@type":"ListItem","position":2,"name":"Scenariusze lekcji"}]},{"@type":"WebSite","@id":"https:\/\/www.tibum.pl\/shop\/#website","url":"https:\/\/www.tibum.pl\/shop\/","name":"Tibum Wydawnictwo Kamishibai - Papierowy Teatr","description":"wydawca ksi\u0105\u017cek i bajek obrazkowych kamishibai","potentialAction":[{"@type":"SearchAction","target":{"@type":"EntryPoint","urlTemplate":"https:\/\/www.tibum.pl\/shop\/?s={search_term_string}"},"query-input":{"@type":"PropertyValueSpecification","valueRequired":true,"valueName":"search_term_string"}}],"inLanguage":"pl-PL"}]}},"_links":{"self":[{"href":"https:\/\/www.tibum.pl\/shop\/wp-json\/wp\/v2\/pages\/22354","targetHints":{"allow":["GET"]}}],"collection":[{"href":"https:\/\/www.tibum.pl\/shop\/wp-json\/wp\/v2\/pages"}],"about":[{"href":"https:\/\/www.tibum.pl\/shop\/wp-json\/wp\/v2\/types\/page"}],"author":[{"embeddable":true,"href":"https:\/\/www.tibum.pl\/shop\/wp-json\/wp\/v2\/users\/1606"}],"replies":[{"embeddable":true,"href":"https:\/\/www.tibum.pl\/shop\/wp-json\/wp\/v2\/comments?post=22354"}],"version-history":[{"count":2,"href":"https:\/\/www.tibum.pl\/shop\/wp-json\/wp\/v2\/pages\/22354\/revisions"}],"predecessor-version":[{"id":26031,"href":"https:\/\/www.tibum.pl\/shop\/wp-json\/wp\/v2\/pages\/22354\/revisions\/26031"}],"wp:attachment":[{"href":"https:\/\/www.tibum.pl\/shop\/wp-json\/wp\/v2\/media?parent=22354"}],"curies":[{"name":"wp","href":"https:\/\/api.w.org\/{rel}","templated":true}]}}