{"id":310,"date":"2017-03-23T11:36:21","date_gmt":"2017-03-23T10:36:21","guid":{"rendered":"http:\/\/www.tibum.pl\/shop\/wydarzenia-2\/"},"modified":"2024-03-14T13:52:16","modified_gmt":"2024-03-14T12:52:16","slug":"email","status":"publish","type":"page","link":"https:\/\/www.tibum.pl\/shop\/wydawnictwo\/email","title":{"rendered":"Napisz do nas"},"content":{"rendered":"<div class=\"wpb-content-wrapper\"><p>[vc_row][vc_column][vc_column_text]<\/p>\n<h3>Skontaktuj si\u0119 z Nami<\/h3>\n<p>[\/vc_column_text]\n<div class=\"wpcf7 no-js\" id=\"wpcf7-f22591-o1\" lang=\"pl-PL\" dir=\"ltr\" data-wpcf7-id=\"22591\">\n<div class=\"screen-reader-response\"><p role=\"status\" aria-live=\"polite\" aria-atomic=\"true\"><\/p> <ul><\/ul><\/div>\n<form action=\"\/shop\/wp-json\/wp\/v2\/pages\/310#wpcf7-f22591-o1\" method=\"post\" class=\"wpcf7-form init\" aria-label=\"Formularz kontaktowy\" novalidate=\"novalidate\" data-status=\"init\">\n<fieldset class=\"hidden-fields-container\"><input type=\"hidden\" name=\"_wpcf7\" value=\"22591\" \/><input type=\"hidden\" name=\"_wpcf7_version\" value=\"6.1.5\" \/><input type=\"hidden\" name=\"_wpcf7_locale\" value=\"pl_PL\" \/><input type=\"hidden\" name=\"_wpcf7_unit_tag\" value=\"wpcf7-f22591-o1\" \/><input type=\"hidden\" name=\"_wpcf7_container_post\" value=\"0\" \/><input type=\"hidden\" name=\"_wpcf7_posted_data_hash\" value=\"\" \/><input type=\"hidden\" name=\"_wpcf7_recaptcha_response\" value=\"\" \/>\n<\/fieldset>\n<p><span class=\"wpcf7-form-control-wrap\" data-name=\"your-message\"><textarea cols=\"40\" rows=\"10\" maxlength=\"2000\" class=\"wpcf7-form-control wpcf7-textarea\" aria-invalid=\"false\" placeholder=\"Napisz w jakiej sprawie si\u0119 z Nami kontaktujesz...\" name=\"your-message\"><\/textarea><\/span>\n<\/p>\n<p><span class=\"wpcf7-form-control-wrap\" data-name=\"your-name\"><input size=\"40\" maxlength=\"400\" class=\"wpcf7-form-control wpcf7-text wpcf7-validates-as-required\" aria-required=\"true\" aria-invalid=\"false\" placeholder=\"Imi\u0119 i nazwisko*\" value=\"\" type=\"text\" name=\"your-name\" \/><\/span>\n<\/p>\n<p><span class=\"wpcf7-form-control-wrap\" data-name=\"your-email\"><input size=\"40\" maxlength=\"400\" class=\"wpcf7-form-control wpcf7-email wpcf7-validates-as-required wpcf7-text wpcf7-validates-as-email\" aria-required=\"true\" aria-invalid=\"false\" placeholder=\"Adres email*\" value=\"\" type=\"email\" name=\"your-email\" \/><\/span>\n<\/p>\n<p><span class=\"wpcf7-form-control-wrap\" data-name=\"tel-515\"><input size=\"40\" maxlength=\"400\" class=\"wpcf7-form-control wpcf7-tel wpcf7-validates-as-required wpcf7-text wpcf7-validates-as-tel\" aria-required=\"true\" aria-invalid=\"false\" placeholder=\"Numer telefonu*\" value=\"\" type=\"tel\" name=\"tel-515\" \/><\/span>\n<\/p>\n<p><span class=\"wpcf7-form-control-wrap\" data-name=\"acceptance-928\"><span class=\"wpcf7-form-control wpcf7-acceptance\"><span class=\"wpcf7-list-item\"><label><input type=\"checkbox\" name=\"acceptance-928\" value=\"1\" aria-invalid=\"false\" \/><span class=\"wpcf7-list-item-label\">Wyra\u017cam zgod\u0119 na przetwarzanie moich danych w celu uzyskania odpowiedzi na zapytanie. O\u015bwiadczam, \u017ce zapozna\u0142em si\u0119 z <a href=\"https:\/\/www.tibum.pl\/shop\/wydawnictwo\/polityka-prywatnosci\">Polityk\u0105 prywatno\u015bci<\/a>*<\/span><\/label><\/span><\/span><\/span>\n<\/p>\n<p><input class=\"wpcf7-form-control wpcf7-submit has-spinner\" type=\"submit\" value=\"Wy\u015blij\" \/>\n<\/p><div class=\"wpcf7-response-output\" aria-hidden=\"true\"><\/div>\n<\/form>\n<\/div>\n[vc_empty_space height=&#8221;20px&#8221;][vc_separator][vc_empty_space height=&#8221;20px&#8221;][vc_column_text]<\/p>\n<div id=\"pl-310\" class=\"panel-layout\">\n<div id=\"pg-310-0\" class=\"panel-grid panel-has-style\" data-style=\"{&quot;padding&quot;:&quot;2px 2px 2px 2px&quot;,&quot;mobile_padding&quot;:&quot;1% 1% 1% 1%&quot;,&quot;background_display&quot;:&quot;tile&quot;,&quot;cell_alignment&quot;:&quot;flex-start&quot;}\">\n<div class=\"panel-row-style panel-row-style-for-310-0\">\n<div id=\"pgc-310-0-0\" class=\"panel-grid-cell\" data-weight=\"1\">\n<div id=\"panel-310-0-0-0\" class=\"so-panel widget widget_text panel-first-child panel-last-child\" data-index=\"0\" data-style=\"{&quot;padding&quot;:&quot;5px 5px 5px 25px&quot;,&quot;mobile_padding&quot;:&quot;15px 5px 5px 15px&quot;,&quot;background&quot;:&quot;#ffffff&quot;,&quot;background_image_attachment&quot;:false,&quot;background_display&quot;:&quot;tile&quot;,&quot;font_color&quot;:&quot;#d65342&quot;}\">\n<div class=\"panel-widget-style panel-widget-style-for-310-0-0-0\">\n<h3 class=\"widget-title\">Kontakt<\/h3>\n<div class=\"textwidget\">\n<p>Wydawnictwo Tibum<\/p>\n<p>ul. M. Sk\u0142odowskiej-Curie 43\/4<br \/>\n40-057, Katowice<\/p>\n<p>tel. +48 607 974 977<\/p>\n<p><a href=\"mailto:biuro@tibum.pl\">biuro@tibum.pl<\/a><\/p>\n<\/div>\n<\/div>\n<\/div>\n<\/div>\n<\/div>\n<\/div>\n<\/div>\n<style type=\"text\/css\" class=\"panels-style\" data-panels-style-for-post=\"310\">@import url(https:\/\/www.tibum.pl\/shop\/wp-content\/plugins\/siteorigin-panels\/css\/front-flex.min.css); #pgc-310-0-0 { width:100%;width:calc(100% - ( 0 * 25px ) ) } #pg-310-0 , #pl-310 .so-panel { margin-bottom:20px } #pl-310 .so-panel:last-child { margin-bottom:0px } #pg-310-0> .panel-row-style { padding:2px 2px 2px 2px } #pg-310-0.panel-no-style, #pg-310-0.panel-has-style > .panel-row-style { -webkit-align-items:flex-start;align-items:flex-start } #panel-310-0-0-0> .panel-widget-style { background-color:#ffffff;color:#d65342;padding:5px 5px 5px 25px } @media (max-width:780px){ #pg-310-0.panel-no-style, #pg-310-0.panel-has-style > .panel-row-style { -webkit-flex-direction:column;-ms-flex-direction:column;flex-direction:column } #pg-310-0 .panel-grid-cell { margin-right:0 } #pg-310-0 .panel-grid-cell { width:100% } #pl-310 .panel-grid-cell { padding:0 } #pl-310 .panel-grid .panel-grid-cell-empty { display:none } #pl-310 .panel-grid .panel-grid-cell-mobile-last { margin-bottom:0px } #pg-310-0> .panel-row-style { padding:1% 1% 1% 1% } #panel-310-0-0-0> .panel-widget-style { padding:15px 5px 5px 15px }  } <\/style>\n<p>[\/vc_column_text][\/vc_column][\/vc_row]<\/p>\n<\/div>","protected":false},"excerpt":{"rendered":"<p>[vc_row][vc_column][vc_column_text] Skontaktuj si\u0119 z Nami [\/vc_column_text][vc_empty_space height=&#8221;20px&#8221;][vc_separator][vc_empty_space height=&#8221;20px&#8221;][vc_column_text] Kontakt Wydawnictwo Tibum ul. M. Sk\u0142odowskiej-Curie 43\/4 40-057, Katowice tel. +48 607 974 977 biuro@tibum.pl [\/vc_column_text][\/vc_column][\/vc_row]<\/p>\n","protected":false},"author":1,"featured_media":0,"parent":6708,"menu_order":0,"comment_status":"closed","ping_status":"closed","template":"","meta":{"footnotes":""},"class_list":["post-310","page","type-page","status-publish","hentry","description-off"],"yoast_head":"<!-- This site is optimized with the Yoast SEO plugin v27.5 - https:\/\/yoast.com\/product\/yoast-seo-wordpress\/ -->\n<title>Napisz do nas - Tibum Wydawnictwo Kamishibai - Papierowy Teatr<\/title>\n<meta name=\"robots\" content=\"index, follow, max-snippet:-1, max-image-preview:large, max-video-preview:-1\" \/>\n<link rel=\"canonical\" href=\"https:\/\/www.tibum.pl\/shop\/wydawnictwo\/email\" \/>\n<meta property=\"og:locale\" content=\"pl_PL\" \/>\n<meta property=\"og:type\" content=\"article\" \/>\n<meta property=\"og:title\" content=\"Napisz do nas - Tibum Wydawnictwo Kamishibai - Papierowy Teatr\" \/>\n<meta property=\"og:description\" content=\"[vc_row][vc_column][vc_column_text] Skontaktuj si\u0119 z Nami [\/vc_column_text][vc_empty_space height=&#8221;20px&#8221;][vc_separator][vc_empty_space height=&#8221;20px&#8221;][vc_column_text] Kontakt Wydawnictwo Tibum ul. M. Sk\u0142odowskiej-Curie 43\/4 40-057, Katowice tel. +48 607 974 977 biuro@tibum.pl [\/vc_column_text][\/vc_column][\/vc_row]\" \/>\n<meta property=\"og:url\" content=\"https:\/\/www.tibum.pl\/shop\/wydawnictwo\/email\" \/>\n<meta property=\"og:site_name\" content=\"Tibum Wydawnictwo Kamishibai - Papierowy Teatr\" \/>\n<meta property=\"article:publisher\" content=\"https:\/\/www.facebook.com\/PapierowyTeatr\" \/>\n<meta property=\"article:modified_time\" content=\"2024-03-14T12:52:16+00:00\" \/>\n<meta name=\"twitter:card\" content=\"summary_large_image\" \/>\n<script type=\"application\/ld+json\" class=\"yoast-schema-graph\">{\"@context\":\"https:\\\/\\\/schema.org\",\"@graph\":[{\"@type\":\"WebPage\",\"@id\":\"https:\\\/\\\/www.tibum.pl\\\/shop\\\/wydawnictwo\\\/email\",\"url\":\"https:\\\/\\\/www.tibum.pl\\\/shop\\\/wydawnictwo\\\/email\",\"name\":\"Napisz do nas - Tibum Wydawnictwo Kamishibai - Papierowy Teatr\",\"isPartOf\":{\"@id\":\"https:\\\/\\\/www.tibum.pl\\\/shop\\\/#website\"},\"datePublished\":\"2017-03-23T10:36:21+00:00\",\"dateModified\":\"2024-03-14T12:52:16+00:00\",\"breadcrumb\":{\"@id\":\"https:\\\/\\\/www.tibum.pl\\\/shop\\\/wydawnictwo\\\/email#breadcrumb\"},\"inLanguage\":\"pl-PL\",\"potentialAction\":[{\"@type\":\"ReadAction\",\"target\":[\"https:\\\/\\\/www.tibum.pl\\\/shop\\\/wydawnictwo\\\/email\"]}]},{\"@type\":\"BreadcrumbList\",\"@id\":\"https:\\\/\\\/www.tibum.pl\\\/shop\\\/wydawnictwo\\\/email#breadcrumb\",\"itemListElement\":[{\"@type\":\"ListItem\",\"position\":1,\"name\":\"Home\",\"item\":\"https:\\\/\\\/www.tibum.pl\\\/shop\\\/\"},{\"@type\":\"ListItem\",\"position\":2,\"name\":\"Wydawnictwo\",\"item\":\"https:\\\/\\\/www.tibum.pl\\\/shop\\\/wydawnictwo\"},{\"@type\":\"ListItem\",\"position\":3,\"name\":\"Napisz do nas\"}]},{\"@type\":\"WebSite\",\"@id\":\"https:\\\/\\\/www.tibum.pl\\\/shop\\\/#website\",\"url\":\"https:\\\/\\\/www.tibum.pl\\\/shop\\\/\",\"name\":\"Tibum Wydawnictwo Kamishibai - Papierowy Teatr\",\"description\":\"wydawca ksi\u0105\u017cek i bajek obrazkowych kamishibai\",\"potentialAction\":[{\"@type\":\"SearchAction\",\"target\":{\"@type\":\"EntryPoint\",\"urlTemplate\":\"https:\\\/\\\/www.tibum.pl\\\/shop\\\/?s={search_term_string}\"},\"query-input\":{\"@type\":\"PropertyValueSpecification\",\"valueRequired\":true,\"valueName\":\"search_term_string\"}}],\"inLanguage\":\"pl-PL\"}]}<\/script>\n<!-- \/ Yoast SEO plugin. -->","yoast_head_json":{"title":"Napisz do nas - Tibum Wydawnictwo Kamishibai - Papierowy Teatr","robots":{"index":"index","follow":"follow","max-snippet":"max-snippet:-1","max-image-preview":"max-image-preview:large","max-video-preview":"max-video-preview:-1"},"canonical":"https:\/\/www.tibum.pl\/shop\/wydawnictwo\/email","og_locale":"pl_PL","og_type":"article","og_title":"Napisz do nas - Tibum Wydawnictwo Kamishibai - Papierowy Teatr","og_description":"[vc_row][vc_column][vc_column_text] Skontaktuj si\u0119 z Nami [\/vc_column_text][vc_empty_space height=&#8221;20px&#8221;][vc_separator][vc_empty_space height=&#8221;20px&#8221;][vc_column_text] Kontakt Wydawnictwo Tibum ul. M. Sk\u0142odowskiej-Curie 43\/4 40-057, Katowice tel. +48 607 974 977 biuro@tibum.pl [\/vc_column_text][\/vc_column][\/vc_row]","og_url":"https:\/\/www.tibum.pl\/shop\/wydawnictwo\/email","og_site_name":"Tibum Wydawnictwo Kamishibai - Papierowy Teatr","article_publisher":"https:\/\/www.facebook.com\/PapierowyTeatr","article_modified_time":"2024-03-14T12:52:16+00:00","twitter_card":"summary_large_image","schema":{"@context":"https:\/\/schema.org","@graph":[{"@type":"WebPage","@id":"https:\/\/www.tibum.pl\/shop\/wydawnictwo\/email","url":"https:\/\/www.tibum.pl\/shop\/wydawnictwo\/email","name":"Napisz do nas - Tibum Wydawnictwo Kamishibai - Papierowy Teatr","isPartOf":{"@id":"https:\/\/www.tibum.pl\/shop\/#website"},"datePublished":"2017-03-23T10:36:21+00:00","dateModified":"2024-03-14T12:52:16+00:00","breadcrumb":{"@id":"https:\/\/www.tibum.pl\/shop\/wydawnictwo\/email#breadcrumb"},"inLanguage":"pl-PL","potentialAction":[{"@type":"ReadAction","target":["https:\/\/www.tibum.pl\/shop\/wydawnictwo\/email"]}]},{"@type":"BreadcrumbList","@id":"https:\/\/www.tibum.pl\/shop\/wydawnictwo\/email#breadcrumb","itemListElement":[{"@type":"ListItem","position":1,"name":"Home","item":"https:\/\/www.tibum.pl\/shop\/"},{"@type":"ListItem","position":2,"name":"Wydawnictwo","item":"https:\/\/www.tibum.pl\/shop\/wydawnictwo"},{"@type":"ListItem","position":3,"name":"Napisz do nas"}]},{"@type":"WebSite","@id":"https:\/\/www.tibum.pl\/shop\/#website","url":"https:\/\/www.tibum.pl\/shop\/","name":"Tibum Wydawnictwo Kamishibai - Papierowy Teatr","description":"wydawca ksi\u0105\u017cek i bajek obrazkowych kamishibai","potentialAction":[{"@type":"SearchAction","target":{"@type":"EntryPoint","urlTemplate":"https:\/\/www.tibum.pl\/shop\/?s={search_term_string}"},"query-input":{"@type":"PropertyValueSpecification","valueRequired":true,"valueName":"search_term_string"}}],"inLanguage":"pl-PL"}]}},"_links":{"self":[{"href":"https:\/\/www.tibum.pl\/shop\/wp-json\/wp\/v2\/pages\/310","targetHints":{"allow":["GET"]}}],"collection":[{"href":"https:\/\/www.tibum.pl\/shop\/wp-json\/wp\/v2\/pages"}],"about":[{"href":"https:\/\/www.tibum.pl\/shop\/wp-json\/wp\/v2\/types\/page"}],"author":[{"embeddable":true,"href":"https:\/\/www.tibum.pl\/shop\/wp-json\/wp\/v2\/users\/1"}],"replies":[{"embeddable":true,"href":"https:\/\/www.tibum.pl\/shop\/wp-json\/wp\/v2\/comments?post=310"}],"version-history":[{"count":0,"href":"https:\/\/www.tibum.pl\/shop\/wp-json\/wp\/v2\/pages\/310\/revisions"}],"up":[{"embeddable":true,"href":"https:\/\/www.tibum.pl\/shop\/wp-json\/wp\/v2\/pages\/6708"}],"wp:attachment":[{"href":"https:\/\/www.tibum.pl\/shop\/wp-json\/wp\/v2\/media?parent=310"}],"curies":[{"name":"wp","href":"https:\/\/api.w.org\/{rel}","templated":true}]}}