{"id":6,"date":"2017-03-11T21:14:27","date_gmt":"2017-03-11T20:14:27","guid":{"rendered":"http:\/\/www.tibum.pl\/shop\/cart\/"},"modified":"2025-12-11T15:58:37","modified_gmt":"2025-12-11T14:58:37","slug":"cart","status":"publish","type":"page","link":"https:\/\/www.tibum.pl\/shop\/my-account\/cart","title":{"rendered":"Koszyk"},"content":{"rendered":"<div class=\"wpb-content-wrapper\"><p>[vc_row][vc_column][vc_column_text css=&#8221;.vc_custom_1765465110637{background-color: #FFFFFF !important;}&#8221;]<\/p>\r\n<blockquote>\r\n<h4><strong><a href=\"https:\/\/www.tibum.pl\/shop\/jak-zamowic\" target=\"_blank\" rel=\"noopener\">KLIKNIJ TU I SPRAWD\u017b JAK Z\u0141O\u017bY\u0106 ZAM\u00d3WIENIE<\/a><\/strong><\/h4>\r\n<\/blockquote>\r\n<p>[\/vc_column_text][vc_column_text]<\/p>\r\n\r\n<p>[\/vc_column_text][\/vc_column][\/vc_row][vc_row][vc_column][vc_separator][\/vc_column][\/vc_row]<\/p><\/div>","protected":false},"excerpt":{"rendered":"<p>[vc_row][vc_column][vc_column_text css=&#8221;.vc_custom_1765465110637{background-color: #FFFFFF !important;}&#8221;] KLIKNIJ TU I SPRAWD\u017b JAK Z\u0141O\u017bY\u0106 ZAM\u00d3WIENIE [\/vc_column_text][vc_column_text] [\/vc_column_text][\/vc_column][\/vc_row][vc_row][vc_column][vc_separator][\/vc_column][\/vc_row]<\/p>\n","protected":false},"author":1,"featured_media":7066,"parent":8,"menu_order":0,"comment_status":"closed","ping_status":"closed","template":"","meta":{"footnotes":""},"class_list":["post-6","page","type-page","status-publish","has-post-thumbnail","hentry","description-off"],"yoast_head":"<!-- This site is optimized with the Yoast SEO plugin v27.3 - https:\/\/yoast.com\/product\/yoast-seo-wordpress\/ -->\n<title>Koszyk - Tibum Wydawnictwo Kamishibai - Papierowy Teatr<\/title>\n<meta name=\"robots\" content=\"index, follow, max-snippet:-1, max-image-preview:large, max-video-preview:-1\" \/>\n<link rel=\"canonical\" href=\"https:\/\/www.tibum.pl\/shop\/my-account\/cart\" \/>\n<meta property=\"og:locale\" content=\"pl_PL\" \/>\n<meta property=\"og:type\" content=\"article\" \/>\n<meta property=\"og:title\" content=\"Koszyk - Tibum Wydawnictwo Kamishibai - Papierowy Teatr\" \/>\n<meta property=\"og:description\" content=\"[vc_row][vc_column][vc_column_text css=&#8221;.vc_custom_1765465110637{background-color: #FFFFFF !important;}&#8221;] KLIKNIJ TU I SPRAWD\u017b JAK Z\u0141O\u017bY\u0106 ZAM\u00d3WIENIE [\/vc_column_text][vc_column_text] [\/vc_column_text][\/vc_column][\/vc_row][vc_row][vc_column][vc_separator][\/vc_column][\/vc_row]\" \/>\n<meta property=\"og:url\" content=\"https:\/\/www.tibum.pl\/shop\/my-account\/cart\" \/>\n<meta property=\"og:site_name\" content=\"Tibum Wydawnictwo Kamishibai - Papierowy Teatr\" \/>\n<meta property=\"article:publisher\" content=\"https:\/\/www.facebook.com\/PapierowyTeatr\" \/>\n<meta property=\"article:modified_time\" content=\"2025-12-11T14:58:37+00:00\" \/>\n<meta property=\"og:image\" content=\"https:\/\/www.tibum.pl\/shop\/wp-content\/uploads\/logo_p-e1529581490554.png\" \/>\n\t<meta property=\"og:image:width\" content=\"85\" \/>\n\t<meta property=\"og:image:height\" content=\"61\" \/>\n\t<meta property=\"og:image:type\" content=\"image\/png\" \/>\n<meta name=\"twitter:card\" content=\"summary_large_image\" \/>\n<meta name=\"twitter:label1\" content=\"Szacowany czas czytania\" \/>\n\t<meta name=\"twitter:data1\" content=\"1 minuta\" \/>\n<script type=\"application\/ld+json\" class=\"yoast-schema-graph\">{\"@context\":\"https:\\\/\\\/schema.org\",\"@graph\":[{\"@type\":\"WebPage\",\"@id\":\"https:\\\/\\\/www.tibum.pl\\\/shop\\\/my-account\\\/cart\",\"url\":\"https:\\\/\\\/www.tibum.pl\\\/shop\\\/my-account\\\/cart\",\"name\":\"Koszyk - Tibum Wydawnictwo Kamishibai - Papierowy Teatr\",\"isPartOf\":{\"@id\":\"https:\\\/\\\/www.tibum.pl\\\/shop\\\/#website\"},\"primaryImageOfPage\":{\"@id\":\"https:\\\/\\\/www.tibum.pl\\\/shop\\\/my-account\\\/cart#primaryimage\"},\"image\":{\"@id\":\"https:\\\/\\\/www.tibum.pl\\\/shop\\\/my-account\\\/cart#primaryimage\"},\"thumbnailUrl\":\"https:\\\/\\\/www.tibum.pl\\\/shop\\\/wp-content\\\/uploads\\\/logo_p-e1529581490554.png\",\"datePublished\":\"2017-03-11T20:14:27+00:00\",\"dateModified\":\"2025-12-11T14:58:37+00:00\",\"breadcrumb\":{\"@id\":\"https:\\\/\\\/www.tibum.pl\\\/shop\\\/my-account\\\/cart#breadcrumb\"},\"inLanguage\":\"pl-PL\",\"potentialAction\":[{\"@type\":\"ReadAction\",\"target\":[\"https:\\\/\\\/www.tibum.pl\\\/shop\\\/my-account\\\/cart\"]}]},{\"@type\":\"ImageObject\",\"inLanguage\":\"pl-PL\",\"@id\":\"https:\\\/\\\/www.tibum.pl\\\/shop\\\/my-account\\\/cart#primaryimage\",\"url\":\"https:\\\/\\\/www.tibum.pl\\\/shop\\\/wp-content\\\/uploads\\\/logo_p-e1529581490554.png\",\"contentUrl\":\"https:\\\/\\\/www.tibum.pl\\\/shop\\\/wp-content\\\/uploads\\\/logo_p-e1529581490554.png\",\"width\":85,\"height\":61,\"caption\":\"parawan_tibum_logo\"},{\"@type\":\"BreadcrumbList\",\"@id\":\"https:\\\/\\\/www.tibum.pl\\\/shop\\\/my-account\\\/cart#breadcrumb\",\"itemListElement\":[{\"@type\":\"ListItem\",\"position\":1,\"name\":\"Home\",\"item\":\"https:\\\/\\\/www.tibum.pl\\\/shop\\\/\"},{\"@type\":\"ListItem\",\"position\":2,\"name\":\"Moje konto\",\"item\":\"https:\\\/\\\/www.tibum.pl\\\/shop\\\/my-account\"},{\"@type\":\"ListItem\",\"position\":3,\"name\":\"Koszyk\"}]},{\"@type\":\"WebSite\",\"@id\":\"https:\\\/\\\/www.tibum.pl\\\/shop\\\/#website\",\"url\":\"https:\\\/\\\/www.tibum.pl\\\/shop\\\/\",\"name\":\"Tibum Wydawnictwo Kamishibai - Papierowy Teatr\",\"description\":\"wydawca ksi\u0105\u017cek i bajek obrazkowych kamishibai\",\"potentialAction\":[{\"@type\":\"SearchAction\",\"target\":{\"@type\":\"EntryPoint\",\"urlTemplate\":\"https:\\\/\\\/www.tibum.pl\\\/shop\\\/?s={search_term_string}\"},\"query-input\":{\"@type\":\"PropertyValueSpecification\",\"valueRequired\":true,\"valueName\":\"search_term_string\"}}],\"inLanguage\":\"pl-PL\"}]}<\/script>\n<!-- \/ Yoast SEO plugin. -->","yoast_head_json":{"title":"Koszyk - Tibum Wydawnictwo Kamishibai - Papierowy Teatr","robots":{"index":"index","follow":"follow","max-snippet":"max-snippet:-1","max-image-preview":"max-image-preview:large","max-video-preview":"max-video-preview:-1"},"canonical":"https:\/\/www.tibum.pl\/shop\/my-account\/cart","og_locale":"pl_PL","og_type":"article","og_title":"Koszyk - Tibum Wydawnictwo Kamishibai - Papierowy Teatr","og_description":"[vc_row][vc_column][vc_column_text css=&#8221;.vc_custom_1765465110637{background-color: #FFFFFF !important;}&#8221;] KLIKNIJ TU I SPRAWD\u017b JAK Z\u0141O\u017bY\u0106 ZAM\u00d3WIENIE [\/vc_column_text][vc_column_text] [\/vc_column_text][\/vc_column][\/vc_row][vc_row][vc_column][vc_separator][\/vc_column][\/vc_row]","og_url":"https:\/\/www.tibum.pl\/shop\/my-account\/cart","og_site_name":"Tibum Wydawnictwo Kamishibai - Papierowy Teatr","article_publisher":"https:\/\/www.facebook.com\/PapierowyTeatr","article_modified_time":"2025-12-11T14:58:37+00:00","og_image":[{"width":85,"height":61,"url":"https:\/\/www.tibum.pl\/shop\/wp-content\/uploads\/logo_p-e1529581490554.png","type":"image\/png"}],"twitter_card":"summary_large_image","twitter_misc":{"Szacowany czas czytania":"1 minuta"},"schema":{"@context":"https:\/\/schema.org","@graph":[{"@type":"WebPage","@id":"https:\/\/www.tibum.pl\/shop\/my-account\/cart","url":"https:\/\/www.tibum.pl\/shop\/my-account\/cart","name":"Koszyk - Tibum Wydawnictwo Kamishibai - Papierowy Teatr","isPartOf":{"@id":"https:\/\/www.tibum.pl\/shop\/#website"},"primaryImageOfPage":{"@id":"https:\/\/www.tibum.pl\/shop\/my-account\/cart#primaryimage"},"image":{"@id":"https:\/\/www.tibum.pl\/shop\/my-account\/cart#primaryimage"},"thumbnailUrl":"https:\/\/www.tibum.pl\/shop\/wp-content\/uploads\/logo_p-e1529581490554.png","datePublished":"2017-03-11T20:14:27+00:00","dateModified":"2025-12-11T14:58:37+00:00","breadcrumb":{"@id":"https:\/\/www.tibum.pl\/shop\/my-account\/cart#breadcrumb"},"inLanguage":"pl-PL","potentialAction":[{"@type":"ReadAction","target":["https:\/\/www.tibum.pl\/shop\/my-account\/cart"]}]},{"@type":"ImageObject","inLanguage":"pl-PL","@id":"https:\/\/www.tibum.pl\/shop\/my-account\/cart#primaryimage","url":"https:\/\/www.tibum.pl\/shop\/wp-content\/uploads\/logo_p-e1529581490554.png","contentUrl":"https:\/\/www.tibum.pl\/shop\/wp-content\/uploads\/logo_p-e1529581490554.png","width":85,"height":61,"caption":"parawan_tibum_logo"},{"@type":"BreadcrumbList","@id":"https:\/\/www.tibum.pl\/shop\/my-account\/cart#breadcrumb","itemListElement":[{"@type":"ListItem","position":1,"name":"Home","item":"https:\/\/www.tibum.pl\/shop\/"},{"@type":"ListItem","position":2,"name":"Moje konto","item":"https:\/\/www.tibum.pl\/shop\/my-account"},{"@type":"ListItem","position":3,"name":"Koszyk"}]},{"@type":"WebSite","@id":"https:\/\/www.tibum.pl\/shop\/#website","url":"https:\/\/www.tibum.pl\/shop\/","name":"Tibum Wydawnictwo Kamishibai - Papierowy Teatr","description":"wydawca ksi\u0105\u017cek i bajek obrazkowych kamishibai","potentialAction":[{"@type":"SearchAction","target":{"@type":"EntryPoint","urlTemplate":"https:\/\/www.tibum.pl\/shop\/?s={search_term_string}"},"query-input":{"@type":"PropertyValueSpecification","valueRequired":true,"valueName":"search_term_string"}}],"inLanguage":"pl-PL"}]}},"_links":{"self":[{"href":"https:\/\/www.tibum.pl\/shop\/wp-json\/wp\/v2\/pages\/6","targetHints":{"allow":["GET"]}}],"collection":[{"href":"https:\/\/www.tibum.pl\/shop\/wp-json\/wp\/v2\/pages"}],"about":[{"href":"https:\/\/www.tibum.pl\/shop\/wp-json\/wp\/v2\/types\/page"}],"author":[{"embeddable":true,"href":"https:\/\/www.tibum.pl\/shop\/wp-json\/wp\/v2\/users\/1"}],"replies":[{"embeddable":true,"href":"https:\/\/www.tibum.pl\/shop\/wp-json\/wp\/v2\/comments?post=6"}],"version-history":[{"count":7,"href":"https:\/\/www.tibum.pl\/shop\/wp-json\/wp\/v2\/pages\/6\/revisions"}],"predecessor-version":[{"id":25628,"href":"https:\/\/www.tibum.pl\/shop\/wp-json\/wp\/v2\/pages\/6\/revisions\/25628"}],"up":[{"embeddable":true,"href":"https:\/\/www.tibum.pl\/shop\/wp-json\/wp\/v2\/pages\/8"}],"wp:featuredmedia":[{"embeddable":true,"href":"https:\/\/www.tibum.pl\/shop\/wp-json\/wp\/v2\/media\/7066"}],"wp:attachment":[{"href":"https:\/\/www.tibum.pl\/shop\/wp-json\/wp\/v2\/media?parent=6"}],"curies":[{"name":"wp","href":"https:\/\/api.w.org\/{rel}","templated":true}]}}