{"id":7106,"date":"2017-03-31T15:58:45","date_gmt":"2017-03-31T13:58:45","guid":{"rendered":"http:\/\/www.tibum.pl\/shop\/?page_id=7106"},"modified":"2025-12-11T15:47:17","modified_gmt":"2025-12-11T14:47:17","slug":"jak-zamowic","status":"publish","type":"page","link":"https:\/\/www.tibum.pl\/shop\/jak-zamowic","title":{"rendered":"Jak zam\u00f3wi\u0107?"},"content":{"rendered":"<div class=\"wpb-content-wrapper\"><p>[vc_row][vc_column][vc_column_text css=&#8221;&#8221;]<\/p>\n<div id=\"pl-7106\" class=\"panel-layout\">\n<div id=\"pg-7106-1\" class=\"panel-grid panel-no-style\">\n<div id=\"pgc-7106-1-0\" class=\"panel-grid-cell\" data-weight=\"1\">\n<div id=\"panel-7106-1-0-0\" class=\"so-panel widget widget_text panel-first-child\" data-index=\"1\" data-style=\"{&quot;background_image_attachment&quot;:false,&quot;background_display&quot;:&quot;tile&quot;,&quot;link_color&quot;:&quot;#d65731&quot;}\">\n<div class=\"textwidget\"><\/div>\n<\/div>\n<\/div>\n<\/div>\n<div id=\"pg-7106-4\" class=\"panel-grid panel-has-style\" data-style=\"{&quot;padding&quot;:&quot;2px 2px 2px 2px&quot;,&quot;mobile_padding&quot;:&quot;1% 1% 1% 1%&quot;,&quot;background_display&quot;:&quot;tile&quot;,&quot;cell_alignment&quot;:&quot;flex-start&quot;}\">\n<div class=\"panel-row-style panel-row-style-for-7106-4\">\n<div id=\"pgc-7106-4-0\" class=\"panel-grid-cell\" data-weight=\"1\">\n<div id=\"panel-7106-4-0-0\" class=\"so-panel widget widget_text panel-first-child panel-last-child\" data-index=\"9\" data-style=\"{&quot;padding&quot;:&quot;5px 5px 5px 25px&quot;,&quot;mobile_padding&quot;:&quot;15px 5px 5px 15px&quot;,&quot;background&quot;:&quot;#ffffff&quot;,&quot;background_display&quot;:&quot;tile&quot;}\">\n<div class=\"panel-widget-style panel-widget-style-for-7106-4-0-0\">\n<div class=\"textwidget\">\n<h1 class=\"western\"><strong>Jak zam\u00f3wi\u0107 nasze produkty<\/strong><\/h1>\n<p>Po dodaniu towar\u00f3w do koszyka przejd\u0105 Pa\u0144stwo do wyboru <strong>sposobu dostawy<\/strong>, <strong>formy p\u0142atno\u015bci<\/strong> oraz <strong>podsumowania zam\u00f3wienia<\/strong>.<\/p>\n<h1 class=\"western\">Tw\u00f3j koszyk<\/h1>\n<h3 class=\"western\"><strong>Dostawa \ud83d\udce6 <\/strong><\/h3>\n<p>Oferujemy dwie formy wysy\u0142ki InPost:<\/p>\n<ul>\n<li><strong>Kurier InPost \u2013 19 z\u0142<\/strong> \ud83d\ude9a<\/li>\n<li><strong>Paczkomat InPost \u2013 19 z\u0142<\/strong><\/li>\n<\/ul>\n<p>Koszt dostawy jest sta\u0142y, niezale\u017cnie od liczby produkt\u00f3w.<\/p>\n<h1>Szczeg\u00f3\u0142y zam\u00f3wienia<\/h1>\n<h4 class=\"western\">Wybierz jako kto kupujesz:<\/h4>\n<h4 class=\"western\">Instytucje publiczne\/ Osoba fizyczna\/ Firma<\/h4>\n<p>Instytucje publiczne mog\u0105 wybra\u0107 opcj\u0119 <strong>\u201ep\u0142atno\u015b\u0107 odroczona\u201d<\/strong> \u2013 zam\u00f3wienie wysy\u0142amy od razu, a <strong>faktura z 14-dniowym terminem p\u0142atno\u015bci<\/strong> trafia do przesy\u0142ki lub na e-mail.<\/p>\n<p>W formularzu prosimy poda\u0107:<\/p>\n<ul>\n<li><strong>dane odbiorcy<\/strong>,<\/li>\n<li><strong>dane p\u0142atnika<\/strong> (je\u015bli s\u0105 inne).<\/li>\n<\/ul>\n<p>Dodatkowe pro\u015bby (np. uwagi do faktury, koszty wysy\u0142ki) prosimy wpisa\u0107 w polu <strong>\u201eUwagi do zam\u00f3wienia\u201d<\/strong>.<\/p>\n<h3 class=\"western\"><strong>Formy p\u0142atno\u015bci\u00a0<\/strong><\/h3>\n<p>Oferujemy wygodne metody:<\/p>\n<ul>\n<li><strong>szybkie p\u0142atno\u015bci, BLIK, PayPal<\/strong><\/li>\n<li><strong>p\u0142atno\u015b\u0107 odroczona (14 dni)<\/strong> \u2013 tylko dla instytucji publicznych<\/li>\n<li><strong>przelew tradycyjny<\/strong> \u2013 realizacja zam\u00f3wienia po zaksi\u0119gowaniu \u015brodk\u00f3w<\/li>\n<\/ul>\n<p>&nbsp;<\/p>\n<h3 style=\"text-align: center;\">Po wype\u0142nieniu danych otrzymasz potwierdzenie z\u0142o\u017conego zam\u00f3wienia oraz faktur\u0119 elektroniczn\u0105.<\/h3>\n<h3 class=\"western\"><strong>Konto klienta<\/strong><\/h3>\n<p>Zach\u0119camy do <strong>rejestracji<\/strong>, aby przyspieszy\u0107 przysz\u0142e zakupy.<\/p>\n<h3 class=\"western\"><strong>Zam\u00f3wienia z zagranicy<\/strong><\/h3>\n<p>Prosimy skorzysta\u0107 z <strong>PayPal<\/strong> lub skontaktowa\u0107 si\u0119 z nami: biuro#tibum.pl<\/p>\n<p>&nbsp;<\/p>\n<h3 style=\"text-align: center;\">Dzi\u0119kujemy!<\/h3>\n<\/div>\n<\/div>\n<\/div>\n<\/div>\n<\/div>\n<\/div>\n<\/div>\n<p><img decoding=\"async\" class=\"wp-image-12045 size-medium aligncenter\" src=\"https:\/\/www.tibum.pl\/shop\/wp-content\/uploads\/canvas-e1728321179455-204x250.png\" alt=\"\" width=\"204\" height=\"250\" srcset=\"https:\/\/www.tibum.pl\/shop\/wp-content\/uploads\/canvas-e1728321179455-204x250.png 204w, https:\/\/www.tibum.pl\/shop\/wp-content\/uploads\/canvas-e1728321179455-163x200.png 163w, https:\/\/www.tibum.pl\/shop\/wp-content\/uploads\/canvas-e1728321179455.png 424w\" sizes=\"(max-width: 204px) 100vw, 204px\" \/><\/p>\n<style type=\"text\/css\" class=\"panels-style\" data-panels-style-for-post=\"7106\">@import url(https:\/\/www.tibum.pl\/shop\/wp-content\/plugins\/siteorigin-panels\/css\/front-flex.min.css); #pgc-7106-0-0 , #pgc-7106-1-0 , #pgc-7106-4-0 { width:100%;width:calc(100% - ( 0 * 25px ) ) } #pl-7106 #panel-7106-0-0-0 , #pl-7106 #panel-7106-1-0-0 , #pl-7106 #panel-7106-1-0-1 , #pl-7106 #panel-7106-2-0-0 , #pl-7106 #panel-7106-2-1-0 , #pl-7106 #panel-7106-2-2-0 , #pl-7106 #panel-7106-3-0-0 , #pl-7106 #panel-7106-3-1-0 , #pl-7106 #panel-7106-3-2-0 , #pl-7106 #panel-7106-4-0-0 {  } #pg-7106-0 , #pg-7106-1 , #pg-7106-4 , #pl-7106 .so-panel { margin-bottom:20px } #pgc-7106-2-0 , #pgc-7106-2-1 , #pgc-7106-2-2 , #pgc-7106-3-0 , #pgc-7106-3-1 , #pgc-7106-3-2 { width:33.3333%;width:calc(33.3333% - ( 0.66666666666667 * 1px ) ) } #pg-7106-2 , #pg-7106-3 { margin-bottom:1px } #pl-7106 .so-panel:last-child { margin-bottom:0px } #pg-7106-0> .panel-row-style { padding:5px 5px 5px 5px } #pg-7106-0.panel-no-style, #pg-7106-0.panel-has-style > .panel-row-style , #pg-7106-2.panel-no-style, #pg-7106-2.panel-has-style > .panel-row-style , #pg-7106-3.panel-no-style, #pg-7106-3.panel-has-style > .panel-row-style , #pg-7106-4.panel-no-style, #pg-7106-4.panel-has-style > .panel-row-style { -webkit-align-items:flex-start;align-items:flex-start } #panel-7106-1-0-0 a { color:#d65731 } #pg-7106-2> .panel-row-style , #pg-7106-3> .panel-row-style { background-color:#f3f2eb;padding:1% 1% 1% 1% } #pg-7106-4> .panel-row-style { padding:2px 2px 2px 2px } #panel-7106-4-0-0> .panel-widget-style { background-color:#ffffff;padding:5px 5px 5px 25px } @media (max-width:1024px) and (min-width:781px) { #pg-7106-2.panel-no-style, #pg-7106-2.panel-has-style > .panel-row-style , #pg-7106-3.panel-no-style, #pg-7106-3.panel-has-style > .panel-row-style { -ms-flex-wrap:wrap;-webkit-flex-wrap:wrap;flex-wrap:wrap } #pg-7106-2 .panel-grid-cell , #pg-7106-3 .panel-grid-cell { -ms-flex:0 1 50%;-webkit-flex:0 1 50%;flex:0 1 50%;margin-right:0;margin-bottom:20px } #pg-7106-2 .panel-grid-cell:nth-last-child(1) , #pg-7106-3 .panel-grid-cell:nth-last-child(1) { margin-bottom:0 } #pg-7106-2 .panel-grid-cell:nth-child(even) , #pg-7106-3 .panel-grid-cell:nth-child(even) { padding-left:0.5px } #pg-7106-2 .panel-grid-cell:nth-child(odd) , #pg-7106-3 .panel-grid-cell:nth-child(odd) { padding-right:0.5px }  } @media (max-width:780px){ #pg-7106-0 .panel-grid-cell , #pg-7106-1 .panel-grid-cell , #pg-7106-2 .panel-grid-cell , #pg-7106-3 .panel-grid-cell , #pg-7106-4 .panel-grid-cell { width:100% } #pg-7106-1.panel-no-style, #pg-7106-1.panel-has-style > .panel-row-style , #pg-7106-2.panel-no-style, #pg-7106-2.panel-has-style > .panel-row-style , #pg-7106-3.panel-no-style, #pg-7106-3.panel-has-style > .panel-row-style , #pg-7106-4.panel-no-style, #pg-7106-4.panel-has-style > .panel-row-style { -webkit-flex-direction:column;-ms-flex-direction:column;flex-direction:column } #pg-7106-1 .panel-grid-cell , #pg-7106-2 .panel-grid-cell , #pg-7106-3 .panel-grid-cell , #pg-7106-4 .panel-grid-cell { margin-right:0 } #pgc-7106-2-0 , #pgc-7106-2-1 , #pgc-7106-3-0 , #pgc-7106-3-1 { margin-bottom:20px } #pl-7106 .panel-grid-cell { padding:0 } #pl-7106 .panel-grid .panel-grid-cell-empty { display:none } #pl-7106 .panel-grid .panel-grid-cell-mobile-last { margin-bottom:0px } #pg-7106-0> .panel-row-style , #pg-7106-2> .panel-row-style , #pg-7106-3> .panel-row-style { padding:1px 1px 1px 1px } #pg-7106-4> .panel-row-style { padding:1% 1% 1% 1% } #panel-7106-4-0-0> .panel-widget-style { padding:15px 5px 5px 15px }  } <\/style>\n<div id=\"s3gt_translate_tooltip_mini\" class=\"s3gt_translate_tooltip_mini_box\" style=\"background: initial !important; border: initial !important; border-radius: initial !important; border-spacing: initial !important; border-collapse: initial !important; direction: ltr !important; flex-direction: initial !important; font-weight: initial !important; height: initial !important; letter-spacing: initial !important; min-width: initial !important; max-width: initial !important; min-height: initial !important; max-height: initial !important; margin: auto !important; outline: initial !important; padding: initial !important; position: absolute; table-layout: initial !important; text-align: initial !important; text-shadow: initial !important; width: initial !important; word-break: initial !important; word-spacing: initial !important; overflow-wrap: initial !important; box-sizing: initial !important; display: initial !important; color: inherit !important; font-size: 13px !important; font-family: X-LocaleSpecific, sans-serif, Tahoma, Helvetica !important; line-height: 13px !important; vertical-align: top !important; white-space: inherit !important; left: 23px; top: 905px; opacity: 0.7;\">\n<div id=\"s3gt_translate_tooltip_mini_logo\" class=\"s3gt_translate_tooltip_mini\" title=\"T\u0142umacz zaznaczony tekst\"><\/div>\n<div id=\"s3gt_translate_tooltip_mini_sound\" class=\"s3gt_translate_tooltip_mini\" title=\"Odtw\u00f3rz\"><\/div>\n<div id=\"s3gt_translate_tooltip_mini_copy\" class=\"s3gt_translate_tooltip_mini\" title=\"Kopiuj tekst do schowka\"><\/div>\n<\/div>\n<p>[\/vc_column_text][\/vc_column][\/vc_row]<\/p>\n<\/div>","protected":false},"excerpt":{"rendered":"<p>[vc_row][vc_column][vc_column_text css=&#8221;&#8221;] Jak zam\u00f3wi\u0107 nasze produkty Po dodaniu towar\u00f3w do koszyka przejd\u0105 Pa\u0144stwo do wyboru sposobu dostawy, formy p\u0142atno\u015bci oraz podsumowania zam\u00f3wienia. Tw\u00f3j koszyk Dostawa \ud83d\udce6 Oferujemy dwie formy wysy\u0142ki InPost: Kurier InPost \u2013 19 z\u0142 \ud83d\ude9a Paczkomat InPost \u2013 19 z\u0142 Koszt dostawy jest sta\u0142y, niezale\u017cnie od liczby produkt\u00f3w. Szczeg\u00f3\u0142y zam\u00f3wienia Wybierz jako kto&hellip;<\/p>\n","protected":false},"author":2,"featured_media":0,"parent":0,"menu_order":0,"comment_status":"closed","ping_status":"closed","template":"","meta":{"footnotes":""},"class_list":["post-7106","page","type-page","status-publish","hentry","description-off"],"yoast_head":"<!-- This site is optimized with the Yoast SEO plugin v27.3 - https:\/\/yoast.com\/product\/yoast-seo-wordpress\/ -->\n<title>Jak zam\u00f3wi\u0107? - Tibum Wydawnictwo Kamishibai - Papierowy Teatr<\/title>\n<meta name=\"description\" content=\"Jak zam\u00f3wi\u0107 w sklepie kamishibai. Faktury, p\u0142atno\u015b\u0107 odroczona dla instytucji.\" \/>\n<meta name=\"robots\" content=\"index, follow, max-snippet:-1, max-image-preview:large, max-video-preview:-1\" \/>\n<link rel=\"canonical\" href=\"https:\/\/www.tibum.pl\/shop\/jak-zamowic\" \/>\n<meta property=\"og:locale\" content=\"pl_PL\" \/>\n<meta property=\"og:type\" content=\"article\" \/>\n<meta property=\"og:title\" content=\"Jak zam\u00f3wi\u0107? - Tibum Wydawnictwo Kamishibai - Papierowy Teatr\" \/>\n<meta property=\"og:description\" content=\"Jak zam\u00f3wi\u0107 w sklepie kamishibai. Faktury, p\u0142atno\u015b\u0107 odroczona dla instytucji.\" \/>\n<meta property=\"og:url\" content=\"https:\/\/www.tibum.pl\/shop\/jak-zamowic\" \/>\n<meta property=\"og:site_name\" content=\"Tibum Wydawnictwo Kamishibai - Papierowy Teatr\" \/>\n<meta property=\"article:publisher\" content=\"https:\/\/www.facebook.com\/PapierowyTeatr\" \/>\n<meta property=\"article:modified_time\" content=\"2025-12-11T14:47:17+00:00\" \/>\n<meta property=\"og:image\" content=\"https:\/\/www.tibum.pl\/shop\/wp-content\/uploads\/canvas-e1728321179455.png\" \/>\n\t<meta property=\"og:image:width\" content=\"424\" \/>\n\t<meta property=\"og:image:height\" content=\"520\" \/>\n\t<meta property=\"og:image:type\" content=\"image\/png\" \/>\n<meta name=\"twitter:card\" content=\"summary_large_image\" \/>\n<meta name=\"twitter:label1\" content=\"Szacowany czas czytania\" \/>\n\t<meta name=\"twitter:data1\" content=\"2 minuty\" \/>\n<script type=\"application\/ld+json\" class=\"yoast-schema-graph\">{\"@context\":\"https:\\\/\\\/schema.org\",\"@graph\":[{\"@type\":\"WebPage\",\"@id\":\"https:\\\/\\\/www.tibum.pl\\\/shop\\\/jak-zamowic\",\"url\":\"https:\\\/\\\/www.tibum.pl\\\/shop\\\/jak-zamowic\",\"name\":\"Jak zam\u00f3wi\u0107? - Tibum Wydawnictwo Kamishibai - Papierowy Teatr\",\"isPartOf\":{\"@id\":\"https:\\\/\\\/www.tibum.pl\\\/shop\\\/#website\"},\"primaryImageOfPage\":{\"@id\":\"https:\\\/\\\/www.tibum.pl\\\/shop\\\/jak-zamowic#primaryimage\"},\"image\":{\"@id\":\"https:\\\/\\\/www.tibum.pl\\\/shop\\\/jak-zamowic#primaryimage\"},\"thumbnailUrl\":\"https:\\\/\\\/www.tibum.pl\\\/shop\\\/wp-content\\\/uploads\\\/canvas-e1728321179455-204x250.png\",\"datePublished\":\"2017-03-31T13:58:45+00:00\",\"dateModified\":\"2025-12-11T14:47:17+00:00\",\"description\":\"Jak zam\u00f3wi\u0107 w sklepie kamishibai. Faktury, p\u0142atno\u015b\u0107 odroczona dla instytucji.\",\"breadcrumb\":{\"@id\":\"https:\\\/\\\/www.tibum.pl\\\/shop\\\/jak-zamowic#breadcrumb\"},\"inLanguage\":\"pl-PL\",\"potentialAction\":[{\"@type\":\"ReadAction\",\"target\":[\"https:\\\/\\\/www.tibum.pl\\\/shop\\\/jak-zamowic\"]}]},{\"@type\":\"ImageObject\",\"inLanguage\":\"pl-PL\",\"@id\":\"https:\\\/\\\/www.tibum.pl\\\/shop\\\/jak-zamowic#primaryimage\",\"url\":\"https:\\\/\\\/www.tibum.pl\\\/shop\\\/wp-content\\\/uploads\\\/canvas-e1728321179455.png\",\"contentUrl\":\"https:\\\/\\\/www.tibum.pl\\\/shop\\\/wp-content\\\/uploads\\\/canvas-e1728321179455.png\",\"width\":424,\"height\":520},{\"@type\":\"BreadcrumbList\",\"@id\":\"https:\\\/\\\/www.tibum.pl\\\/shop\\\/jak-zamowic#breadcrumb\",\"itemListElement\":[{\"@type\":\"ListItem\",\"position\":1,\"name\":\"Home\",\"item\":\"https:\\\/\\\/www.tibum.pl\\\/shop\\\/\"},{\"@type\":\"ListItem\",\"position\":2,\"name\":\"Jak zam\u00f3wi\u0107?\"}]},{\"@type\":\"WebSite\",\"@id\":\"https:\\\/\\\/www.tibum.pl\\\/shop\\\/#website\",\"url\":\"https:\\\/\\\/www.tibum.pl\\\/shop\\\/\",\"name\":\"Tibum Wydawnictwo Kamishibai - Papierowy Teatr\",\"description\":\"wydawca ksi\u0105\u017cek i bajek obrazkowych kamishibai\",\"potentialAction\":[{\"@type\":\"SearchAction\",\"target\":{\"@type\":\"EntryPoint\",\"urlTemplate\":\"https:\\\/\\\/www.tibum.pl\\\/shop\\\/?s={search_term_string}\"},\"query-input\":{\"@type\":\"PropertyValueSpecification\",\"valueRequired\":true,\"valueName\":\"search_term_string\"}}],\"inLanguage\":\"pl-PL\"}]}<\/script>\n<!-- \/ Yoast SEO plugin. -->","yoast_head_json":{"title":"Jak zam\u00f3wi\u0107? - Tibum Wydawnictwo Kamishibai - Papierowy Teatr","description":"Jak zam\u00f3wi\u0107 w sklepie kamishibai. Faktury, p\u0142atno\u015b\u0107 odroczona dla instytucji.","robots":{"index":"index","follow":"follow","max-snippet":"max-snippet:-1","max-image-preview":"max-image-preview:large","max-video-preview":"max-video-preview:-1"},"canonical":"https:\/\/www.tibum.pl\/shop\/jak-zamowic","og_locale":"pl_PL","og_type":"article","og_title":"Jak zam\u00f3wi\u0107? - Tibum Wydawnictwo Kamishibai - Papierowy Teatr","og_description":"Jak zam\u00f3wi\u0107 w sklepie kamishibai. Faktury, p\u0142atno\u015b\u0107 odroczona dla instytucji.","og_url":"https:\/\/www.tibum.pl\/shop\/jak-zamowic","og_site_name":"Tibum Wydawnictwo Kamishibai - Papierowy Teatr","article_publisher":"https:\/\/www.facebook.com\/PapierowyTeatr","article_modified_time":"2025-12-11T14:47:17+00:00","og_image":[{"width":424,"height":520,"url":"https:\/\/www.tibum.pl\/shop\/wp-content\/uploads\/canvas-e1728321179455.png","type":"image\/png"}],"twitter_card":"summary_large_image","twitter_misc":{"Szacowany czas czytania":"2 minuty"},"schema":{"@context":"https:\/\/schema.org","@graph":[{"@type":"WebPage","@id":"https:\/\/www.tibum.pl\/shop\/jak-zamowic","url":"https:\/\/www.tibum.pl\/shop\/jak-zamowic","name":"Jak zam\u00f3wi\u0107? - Tibum Wydawnictwo Kamishibai - Papierowy Teatr","isPartOf":{"@id":"https:\/\/www.tibum.pl\/shop\/#website"},"primaryImageOfPage":{"@id":"https:\/\/www.tibum.pl\/shop\/jak-zamowic#primaryimage"},"image":{"@id":"https:\/\/www.tibum.pl\/shop\/jak-zamowic#primaryimage"},"thumbnailUrl":"https:\/\/www.tibum.pl\/shop\/wp-content\/uploads\/canvas-e1728321179455-204x250.png","datePublished":"2017-03-31T13:58:45+00:00","dateModified":"2025-12-11T14:47:17+00:00","description":"Jak zam\u00f3wi\u0107 w sklepie kamishibai. Faktury, p\u0142atno\u015b\u0107 odroczona dla instytucji.","breadcrumb":{"@id":"https:\/\/www.tibum.pl\/shop\/jak-zamowic#breadcrumb"},"inLanguage":"pl-PL","potentialAction":[{"@type":"ReadAction","target":["https:\/\/www.tibum.pl\/shop\/jak-zamowic"]}]},{"@type":"ImageObject","inLanguage":"pl-PL","@id":"https:\/\/www.tibum.pl\/shop\/jak-zamowic#primaryimage","url":"https:\/\/www.tibum.pl\/shop\/wp-content\/uploads\/canvas-e1728321179455.png","contentUrl":"https:\/\/www.tibum.pl\/shop\/wp-content\/uploads\/canvas-e1728321179455.png","width":424,"height":520},{"@type":"BreadcrumbList","@id":"https:\/\/www.tibum.pl\/shop\/jak-zamowic#breadcrumb","itemListElement":[{"@type":"ListItem","position":1,"name":"Home","item":"https:\/\/www.tibum.pl\/shop\/"},{"@type":"ListItem","position":2,"name":"Jak zam\u00f3wi\u0107?"}]},{"@type":"WebSite","@id":"https:\/\/www.tibum.pl\/shop\/#website","url":"https:\/\/www.tibum.pl\/shop\/","name":"Tibum Wydawnictwo Kamishibai - Papierowy Teatr","description":"wydawca ksi\u0105\u017cek i bajek obrazkowych kamishibai","potentialAction":[{"@type":"SearchAction","target":{"@type":"EntryPoint","urlTemplate":"https:\/\/www.tibum.pl\/shop\/?s={search_term_string}"},"query-input":{"@type":"PropertyValueSpecification","valueRequired":true,"valueName":"search_term_string"}}],"inLanguage":"pl-PL"}]}},"_links":{"self":[{"href":"https:\/\/www.tibum.pl\/shop\/wp-json\/wp\/v2\/pages\/7106","targetHints":{"allow":["GET"]}}],"collection":[{"href":"https:\/\/www.tibum.pl\/shop\/wp-json\/wp\/v2\/pages"}],"about":[{"href":"https:\/\/www.tibum.pl\/shop\/wp-json\/wp\/v2\/types\/page"}],"author":[{"embeddable":true,"href":"https:\/\/www.tibum.pl\/shop\/wp-json\/wp\/v2\/users\/2"}],"replies":[{"embeddable":true,"href":"https:\/\/www.tibum.pl\/shop\/wp-json\/wp\/v2\/comments?post=7106"}],"version-history":[{"count":9,"href":"https:\/\/www.tibum.pl\/shop\/wp-json\/wp\/v2\/pages\/7106\/revisions"}],"predecessor-version":[{"id":25315,"href":"https:\/\/www.tibum.pl\/shop\/wp-json\/wp\/v2\/pages\/7106\/revisions\/25315"}],"wp:attachment":[{"href":"https:\/\/www.tibum.pl\/shop\/wp-json\/wp\/v2\/media?parent=7106"}],"curies":[{"name":"wp","href":"https:\/\/api.w.org\/{rel}","templated":true}]}}