{"id":7824,"date":"2017-04-17T18:36:57","date_gmt":"2017-04-17T16:36:57","guid":{"rendered":"http:\/\/www.tibum.pl\/shop\/?page_id=7824"},"modified":"2018-05-23T12:43:17","modified_gmt":"2018-05-23T10:43:17","slug":"polityka-prywatnosci","status":"publish","type":"page","link":"https:\/\/www.tibum.pl\/shop\/wydawnictwo\/polityka-prywatnosci","title":{"rendered":"Polityka prywatno\u015bci"},"content":{"rendered":"<p><img decoding=\"async\" class=\"aligncenter\" src=\"\/shop\/wp-content\/uploads\/logo_p.png\" alt=\"\" width=\"125\" height=\"89\" align=\"middle\" \/><\/p>\n<p>DANE OSOBOWE I PRYWATNO\u015a\u0106<\/p>\n<p>Drogi U\u017cytkowniku!<\/p>\n<p>Dbamy o Twoj\u0105 prywatno\u015b\u0107 i chcemy, aby\u015b w czasie korzystania z naszych us\u0142ug czu\u0142 si\u0119 komfortowo. Dlatego te\u017c poni\u017cej prezentujemy Ci najwa\u017cniejsze informacje o zasadach przetwarzania przez nas Twoich danych osobowych oraz plikach cookies, kt\u00f3re s\u0105 wykorzystywane przez nasz Sklep. Informacje te zosta\u0142y przygotowane z uwzgl\u0119dnieniem RODO, czyli og\u00f3lnego rozporz\u0105dzenia o ochronie danych.<\/p>\n<p>&nbsp;<\/p>\n<p>Administrator danych: Wydawnictwo Tibum z siedzib\u0105 przy ul. Marii Sk\u0142odowskiej-Curie 43\/4; 40-057, Katowice; tel. +48 607974977 ; NIP 634-194-60-17<\/p>\n<p>Je\u015bli zamierzasz za\u0142o\u017cy\u0107 Konto U\u017cytkownika oraz korzysta\u0107 z naszych us\u0142ug, zostaniesz poproszony o podanie nam Twoich danych osobowych.<\/p>\n<p>Twoje dane przetwarzane s\u0105 przez nas we wskazanych poni\u017cej celach, zwi\u0105zanych z funkcjonowaniem Sklepu i \u015bwiadczeniem us\u0142ug w nim oferowanych (\u201eUs\u0142ugi\u201d).<\/p>\n<p>Cel przetwarzania:<\/p>\n<p>W zale\u017cno\u015bci od tego, na co si\u0119 zdecydujesz, mo\u017ce to by\u0107:<\/p>\n<ul>\n<li>\u015awiadczenie us\u0142ug oferowanych w Sklepie<\/li>\n<li>Realizacja Twoich zam\u00f3wie\u0144<\/li>\n<li>Marketing bezpo\u015bredni oferowanych us\u0142ug, inny ni\u017c newsletter<\/li>\n<li>Przesy\u0142anie newslettera<\/li>\n<\/ul>\n<p>Podstawa przetwarzania:<\/p>\n<p>Umowa sprzeda\u017cy lub dzia\u0142ania podejmowane na Twoje \u017c\u0105danie, zmierzaj\u0105ce do jej zawarcia (art. 6 ust. 1 lit. b RODO)<\/p>\n<p>Ci\u0105\u017c\u0105cy na nas obowi\u0105zek prawny, np. zwi\u0105zany z rachunkowo\u015bci\u0105 (art. 6 ust. 1 lit. c RODO)<\/p>\n<p>Twoja zgoda wyra\u017cona w Sklepie (art. 6 ust. 1 lit. a RODO)<\/p>\n<p>Umowa o \u015bwiadczenie us\u0142ug lub dzia\u0142ania podejmowane na Twoje \u017c\u0105danie, zmierzaj\u0105ce do jej zawarcia (art. 6 ust. 1 lit. b RODO)<\/p>\n<p>Nasz prawnie uzasadniony interes, polegaj\u0105cy na przetwarzaniu danych w celu ustalenia, dochodzenia lub obrony ewentualnych roszcze\u0144 (art. 6 ust. 1 lit. f RODO)<\/p>\n<p>Nasz prawnie uzasadniony interes, polegaj\u0105cy na prowadzeniu marketingu bezpo\u015bredniego (art. 6 ust. 1 lit. f RODO)<\/p>\n<p>Nasz prawnie uzasadniony interes polegaj\u0105cy na przetwarzaniu danych w celach analitycznych i statystycznych (art. 6 ust. 1 lit. f RODO)<\/p>\n<p>Nasz prawnie uzasadniony interes polegaj\u0105cy na badaniu satysfakcji klient\u00f3w (art. 6 ust. 1 lit. f RODO)<\/p>\n<p>&nbsp;<\/p>\n<p>Podanie danych:<\/p>\n<ul>\n<li>Dobrowolne, ale w niekt\u00f3rych przypadkach mo\u017ce by\u0107 konieczne do zawarcia umowy.<\/li>\n<\/ul>\n<p>Skutek niepodania danych:<\/p>\n<p>&nbsp;<\/p>\n<p>W zale\u017cno\u015bci od celu, w jakim dane s\u0105 podawane:<\/p>\n<ul>\n<li>brak mo\u017cliwo\u015bci zarejestrowania si\u0119 w Sklepie<\/li>\n<li>brak mo\u017cliwo\u015bci korzystania z us\u0142ug Sklepu<\/li>\n<li>brak mo\u017cliwo\u015bci dokonania zakup\u00f3w w Sklepie<\/li>\n<li>brak mo\u017cliwo\u015bci otrzymywania informacji o nowo\u015bciach, oferowanych w Sklepie<\/li>\n<\/ul>\n<p>&nbsp;<\/p>\n<p>Mo\u017cliwo\u015b\u0107 cofni\u0119cia zgody:<\/p>\n<ul>\n<li>w ka\u017cdej chwili<\/li>\n<\/ul>\n<p>Przetwarzanie danych do momentu cofni\u0119cia przez Ciebie zgody pozostaje zgodne z prawem.<\/p>\n<p>OKRES PRZETWARZANIA<\/p>\n<p>&nbsp;<\/p>\n<p>Twoje dane b\u0119dziemy przetwarza\u0107 tylko przez okres, w kt\u00f3rym b\u0119dziemy mie\u0107 ku temu podstaw\u0119 prawn\u0105, a wi\u0119c do momentu, w kt\u00f3rym:<\/p>\n<p>&nbsp;<\/p>\n<ul>\n<li>przestanie ci\u0105\u017cy\u0107 na nas obowi\u0105zek prawny, zobowi\u0105zuj\u0105cy nas do przetwarzania Twoich danych<\/li>\n<li>ustanie mo\u017cliwo\u015b\u0107 ustalania, dochodzenia lub obrony ewentualnych roszcze\u0144 zwi\u0105zanych z umow\u0105 zawart\u0105 przez Sklep przez strony<\/li>\n<li>cofniesz zgod\u0119 na przetwarzanie danych, je\u015bli to ona by\u0142a jego podstaw\u0105<\/li>\n<li>zostanie przyj\u0119ty Tw\u00f3j sprzeciw wobec przetwarzania Twoich danych osobowych &#8211; w przypadku gdy podstaw\u0105 przetwarzania Twoich danych by\u0142 uzasadniony interes administratora lub gdy dane by\u0142y przetwarzane w celu marketingu bezpo\u015bredniego<\/li>\n<\/ul>\n<p>&nbsp;<\/p>\n<p>&#8211; w zale\u017cno\u015bci od tego, co ma zastosowanie w danym przypadku i co nast\u0105pi najp\u00f3\u017aniej.<\/p>\n<p>BEZPIECZE\u0143STWO DANYCH<\/p>\n<p>Przetwarzaj\u0105c Twoje dane osobowe stosujemy \u015brodki organizacyjne i techniczne zgodne z w\u0142a\u015bciwymi przepisami prawa, w tym stosujemy szyfrowanie po\u0142\u0105czenia za pomoc\u0105 certyfikatu SSL.<\/p>\n<p>TWOJE UPRAWNIENIA<\/p>\n<p>Przys\u0142uguje Ci prawo \u017c\u0105dania:<\/p>\n<ul>\n<li>dost\u0119pu do Twoich danych osobowych,<\/li>\n<li>ich sprostowania,<\/li>\n<li>usuni\u0119cia,<\/li>\n<li>ograniczenia przetwarzania,<\/li>\n<li>\u017c\u0105dania przeniesienia danych do innego administratora,<\/li>\n<\/ul>\n<p>A tak\u017ce:<\/p>\n<ul>\n<li>wniesienia w dowolnym momencie sprzeciwu wobec przetwarzania Twoich danych:<\/li>\n<li>z przyczyn zwi\u0105zanych z Twoj\u0105 szczeg\u00f3ln\u0105 sytuacj\u0105 \u2013 wobec przetwarzania dotycz\u0105cych Ciebie danych osobowych, opartego na art. 6 ust. 1 lit. f RODO (tj. na prawnie uzasadnionych interesach realizowanych przez administratora),<\/li>\n<li>je\u017celi dane osobowe s\u0105 przetwarzane na potrzeby marketingu bezpo\u015bredniego, w zakresie, w jakim przetwarzanie jest zwi\u0105zane z takim marketingiem bezpo\u015brednim.<\/li>\n<\/ul>\n<p>&nbsp;<\/p>\n<p>Skontaktuj si\u0119 z nami, je\u015bli chcesz skorzysta\u0107 ze swoich praw.<\/p>\n<p>Je\u015bli uznasz, \u017ce Twoje dane s\u0105 przetwarzane niezgodnie z prawem, mo\u017cesz z\u0142o\u017cy\u0107 skarg\u0119 do organu nadzorczego.<\/p>\n<p>&nbsp;<\/p>\n<p>CIASTECZKA<\/p>\n<p>Nasz Sklep, jak wi\u0119kszo\u015b\u0107 witryn internetowych, korzysta z tzw. plik\u00f3w cookies (ciasteczek). Pliki te:<\/p>\n<ul>\n<li>s\u0105 zapisywane w pami\u0119ci Twojego urz\u0105dzenia (komputera, telefonu, itd.)<\/li>\n<li>umo\u017cliwiaj\u0105 Ci, m.in., korzystanie ze wszystkich funkcji Sklepu<\/li>\n<li>nie powoduj\u0105 zmian w ustawieniach Twojego urz\u0105dzenia<\/li>\n<\/ul>\n<p>Korzystaj\u0105c z odpowiednich opcji Twojej przegl\u0105darki, w ka\u017cdej chwili mo\u017cesz:<\/p>\n<ul>\n<li>usun\u0105\u0107 pliki cookies<\/li>\n<li>blokowa\u0107 wykorzystanie plik\u00f3w cookies w przysz\u0142o\u015bci<\/li>\n<\/ul>\n<p>W tym Sklepie ciasteczka wykorzystywane s\u0105 w celu:<\/p>\n<ul>\n<li>zapami\u0119tywania informacji o Twojej sesji<\/li>\n<li>statystycznym<\/li>\n<li>marketingowym<\/li>\n<li>udost\u0119pniania funkcji Sklepu<\/li>\n<\/ul>\n<p>Aby dowiedzie\u0107 si\u0119 jak zarz\u0105dza\u0107 plikami cookies, w tym jak wy\u0142\u0105czy\u0107 ich obs\u0142ug\u0119 w Twojej przegl\u0105darce, mo\u017cesz skorzysta\u0107 z pliku pomocy Twojej przegl\u0105darki. Z informacjami na ten temat mo\u017cesz zapozna\u0107 si\u0119 wciskaj\u0105c klawisz F1 w przegl\u0105darce. Ponadto odpowiednie wskaz\u00f3wki znajdziesz na nast\u0119puj\u0105cych podstronach, w zale\u017cno\u015bci od przegl\u0105darki, kt\u00f3rej u\u017cywasz:<\/p>\n<p>Firefox<\/p>\n<p>Chrome<\/p>\n<p>Safari<\/p>\n<p>Internet Explorer \/ Microsoft Edge<\/p>\n<p>Wi\u0119cej informacji o ciasteczkach znajdziesz w Wikipedii.<\/p>\n<p>&nbsp;<\/p>\n<p>US\u0141UGI ZEWN\u0118TRZNE \/ ODBIORCY DANYCH<\/p>\n<p>Korzystamy z us\u0142ug podmiot\u00f3w zewn\u0119trznych, kt\u00f3rym mog\u0105 by\u0107 przekazywane Twoje dane. Poni\u017cej znajduje si\u0119 lista mo\u017cliwych odbiorc\u00f3w Twoich danych:<\/p>\n<ul>\n<li>dostawca oprogramowania potrzebnego do prowadzenia sklepu internetowego<\/li>\n<li>podmiot realizuj\u0105cy dostaw\u0119 towar\u00f3w<\/li>\n<li>dostawca p\u0142atno\u015bci<\/li>\n<li>dostawca oprogramowania u\u0142atwiaj\u0105cego prowadzenie dzia\u0142alno\u015bci (np. oprogramowanie ksi\u0119gowe)<\/li>\n<li>podmiot zapewniaj\u0105cy us\u0142ugi statystyczne<\/li>\n<li>odpowiednie organy publiczne w zakresie, w jakim Administrator jest zobowi\u0105zany do udost\u0119pnienia im danych<\/li>\n<\/ul>\n<h5 class=\"title-with-border\"><em>KONTAKT Z ADMINISTRATOREM<\/em><\/h5>\n<p>Chcesz skorzysta\u0107 ze swoich uprawnie\u0144 dotycz\u0105cych danych osobowych?<\/p>\n<p>A mo\u017ce po prostu chcesz zapyta\u0107 o co\u015b zwi\u0105zanego z nasz\u0105 Polityk\u0105 Prywatno\u015bci?<\/p>\n<p>napisz: biuro@tibum.pl<\/p>\n<p><img decoding=\"async\" class=\"aligncenter\" src=\"\/shop\/wp-content\/uploads\/logo_p.png\" alt=\"\" width=\"125\" height=\"89\" align=\"middle\" \/><\/p>\n<p>&nbsp;<\/p>\n<p>&nbsp;<\/p>\n<div id=\"s3gt_translate_tooltip_mini\" class=\"s3gt_translate_tooltip_mini_box\" style=\"background: initial !important; border: initial !important; border-radius: initial !important; border-spacing: initial !important; border-collapse: initial !important; direction: ltr !important; flex-direction: initial !important; font-weight: initial !important; height: initial !important; letter-spacing: initial !important; min-width: initial !important; max-width: initial !important; min-height: initial !important; max-height: initial !important; margin: auto !important; outline: initial !important; padding: initial !important; position: absolute; table-layout: initial !important; text-align: initial !important; text-shadow: initial !important; width: initial !important; word-break: initial !important; word-spacing: initial !important; overflow-wrap: initial !important; box-sizing: initial !important; display: initial !important; color: inherit !important; font-size: 13px !important; font-family: X-LocaleSpecific, sans-serif, Tahoma, Helvetica !important; line-height: 13px !important; vertical-align: top !important; white-space: inherit !important; left: 14px; top: 1601px; opacity: 0.25;\">\n<div id=\"s3gt_translate_tooltip_mini_logo\" class=\"s3gt_translate_tooltip_mini\" title=\"T\u0142umacz zaznaczony tekst\"><\/div>\n<div id=\"s3gt_translate_tooltip_mini_sound\" class=\"s3gt_translate_tooltip_mini\" title=\"Odtw\u00f3rz\"><\/div>\n<div id=\"s3gt_translate_tooltip_mini_copy\" class=\"s3gt_translate_tooltip_mini\" title=\"Kopiuj tekst do schowka\"><\/div>\n<\/div>\n","protected":false},"excerpt":{"rendered":"<p>DANE OSOBOWE I PRYWATNO\u015a\u0106 Drogi U\u017cytkowniku! Dbamy o Twoj\u0105 prywatno\u015b\u0107 i chcemy, aby\u015b w czasie korzystania z naszych us\u0142ug czu\u0142 si\u0119 komfortowo. Dlatego te\u017c poni\u017cej prezentujemy Ci najwa\u017cniejsze informacje o zasadach przetwarzania przez nas Twoich danych osobowych oraz plikach cookies, kt\u00f3re s\u0105 wykorzystywane przez nasz Sklep. Informacje te zosta\u0142y przygotowane z uwzgl\u0119dnieniem RODO, czyli og\u00f3lnego&hellip;<\/p>\n","protected":false},"author":1,"featured_media":0,"parent":6708,"menu_order":0,"comment_status":"closed","ping_status":"closed","template":"","meta":{"footnotes":""},"class_list":["post-7824","page","type-page","status-publish","hentry","description-off"],"yoast_head":"<!-- This site is optimized with the Yoast SEO plugin v27.3 - https:\/\/yoast.com\/product\/yoast-seo-wordpress\/ -->\n<title>Polityka prywatno\u015bci - Tibum Wydawnictwo Kamishibai - Papierowy Teatr<\/title>\n<meta name=\"robots\" content=\"index, follow, max-snippet:-1, max-image-preview:large, max-video-preview:-1\" \/>\n<link rel=\"canonical\" href=\"https:\/\/www.tibum.pl\/shop\/wydawnictwo\/polityka-prywatnosci\" \/>\n<meta property=\"og:locale\" content=\"pl_PL\" \/>\n<meta property=\"og:type\" content=\"article\" \/>\n<meta property=\"og:title\" content=\"Polityka prywatno\u015bci - Tibum Wydawnictwo Kamishibai - Papierowy Teatr\" \/>\n<meta property=\"og:description\" content=\"DANE OSOBOWE I PRYWATNO\u015a\u0106 Drogi U\u017cytkowniku! Dbamy o Twoj\u0105 prywatno\u015b\u0107 i chcemy, aby\u015b w czasie korzystania z naszych us\u0142ug czu\u0142 si\u0119 komfortowo. Dlatego te\u017c poni\u017cej prezentujemy Ci najwa\u017cniejsze informacje o zasadach przetwarzania przez nas Twoich danych osobowych oraz plikach cookies, kt\u00f3re s\u0105 wykorzystywane przez nasz Sklep. Informacje te zosta\u0142y przygotowane z uwzgl\u0119dnieniem RODO, czyli og\u00f3lnego&hellip;\" \/>\n<meta property=\"og:url\" content=\"https:\/\/www.tibum.pl\/shop\/wydawnictwo\/polityka-prywatnosci\" \/>\n<meta property=\"og:site_name\" content=\"Tibum Wydawnictwo Kamishibai - Papierowy Teatr\" \/>\n<meta property=\"article:publisher\" content=\"https:\/\/www.facebook.com\/PapierowyTeatr\" \/>\n<meta property=\"article:modified_time\" content=\"2018-05-23T10:43:17+00:00\" \/>\n<meta name=\"twitter:card\" content=\"summary_large_image\" \/>\n<meta name=\"twitter:label1\" content=\"Szacowany czas czytania\" \/>\n\t<meta name=\"twitter:data1\" content=\"5 minut\" \/>\n<script type=\"application\/ld+json\" class=\"yoast-schema-graph\">{\"@context\":\"https:\\\/\\\/schema.org\",\"@graph\":[{\"@type\":\"WebPage\",\"@id\":\"https:\\\/\\\/www.tibum.pl\\\/shop\\\/wydawnictwo\\\/polityka-prywatnosci\",\"url\":\"https:\\\/\\\/www.tibum.pl\\\/shop\\\/wydawnictwo\\\/polityka-prywatnosci\",\"name\":\"Polityka prywatno\u015bci - Tibum Wydawnictwo Kamishibai - Papierowy Teatr\",\"isPartOf\":{\"@id\":\"https:\\\/\\\/www.tibum.pl\\\/shop\\\/#website\"},\"datePublished\":\"2017-04-17T16:36:57+00:00\",\"dateModified\":\"2018-05-23T10:43:17+00:00\",\"breadcrumb\":{\"@id\":\"https:\\\/\\\/www.tibum.pl\\\/shop\\\/wydawnictwo\\\/polityka-prywatnosci#breadcrumb\"},\"inLanguage\":\"pl-PL\",\"potentialAction\":[{\"@type\":\"ReadAction\",\"target\":[\"https:\\\/\\\/www.tibum.pl\\\/shop\\\/wydawnictwo\\\/polityka-prywatnosci\"]}]},{\"@type\":\"BreadcrumbList\",\"@id\":\"https:\\\/\\\/www.tibum.pl\\\/shop\\\/wydawnictwo\\\/polityka-prywatnosci#breadcrumb\",\"itemListElement\":[{\"@type\":\"ListItem\",\"position\":1,\"name\":\"Home\",\"item\":\"https:\\\/\\\/www.tibum.pl\\\/shop\\\/\"},{\"@type\":\"ListItem\",\"position\":2,\"name\":\"Wydawnictwo\",\"item\":\"https:\\\/\\\/www.tibum.pl\\\/shop\\\/wydawnictwo\"},{\"@type\":\"ListItem\",\"position\":3,\"name\":\"Polityka prywatno\u015bci\"}]},{\"@type\":\"WebSite\",\"@id\":\"https:\\\/\\\/www.tibum.pl\\\/shop\\\/#website\",\"url\":\"https:\\\/\\\/www.tibum.pl\\\/shop\\\/\",\"name\":\"Tibum Wydawnictwo Kamishibai - Papierowy Teatr\",\"description\":\"wydawca ksi\u0105\u017cek i bajek obrazkowych kamishibai\",\"potentialAction\":[{\"@type\":\"SearchAction\",\"target\":{\"@type\":\"EntryPoint\",\"urlTemplate\":\"https:\\\/\\\/www.tibum.pl\\\/shop\\\/?s={search_term_string}\"},\"query-input\":{\"@type\":\"PropertyValueSpecification\",\"valueRequired\":true,\"valueName\":\"search_term_string\"}}],\"inLanguage\":\"pl-PL\"}]}<\/script>\n<!-- \/ Yoast SEO plugin. -->","yoast_head_json":{"title":"Polityka prywatno\u015bci - Tibum Wydawnictwo Kamishibai - Papierowy Teatr","robots":{"index":"index","follow":"follow","max-snippet":"max-snippet:-1","max-image-preview":"max-image-preview:large","max-video-preview":"max-video-preview:-1"},"canonical":"https:\/\/www.tibum.pl\/shop\/wydawnictwo\/polityka-prywatnosci","og_locale":"pl_PL","og_type":"article","og_title":"Polityka prywatno\u015bci - Tibum Wydawnictwo Kamishibai - Papierowy Teatr","og_description":"DANE OSOBOWE I PRYWATNO\u015a\u0106 Drogi U\u017cytkowniku! Dbamy o Twoj\u0105 prywatno\u015b\u0107 i chcemy, aby\u015b w czasie korzystania z naszych us\u0142ug czu\u0142 si\u0119 komfortowo. Dlatego te\u017c poni\u017cej prezentujemy Ci najwa\u017cniejsze informacje o zasadach przetwarzania przez nas Twoich danych osobowych oraz plikach cookies, kt\u00f3re s\u0105 wykorzystywane przez nasz Sklep. Informacje te zosta\u0142y przygotowane z uwzgl\u0119dnieniem RODO, czyli og\u00f3lnego&hellip;","og_url":"https:\/\/www.tibum.pl\/shop\/wydawnictwo\/polityka-prywatnosci","og_site_name":"Tibum Wydawnictwo Kamishibai - Papierowy Teatr","article_publisher":"https:\/\/www.facebook.com\/PapierowyTeatr","article_modified_time":"2018-05-23T10:43:17+00:00","twitter_card":"summary_large_image","twitter_misc":{"Szacowany czas czytania":"5 minut"},"schema":{"@context":"https:\/\/schema.org","@graph":[{"@type":"WebPage","@id":"https:\/\/www.tibum.pl\/shop\/wydawnictwo\/polityka-prywatnosci","url":"https:\/\/www.tibum.pl\/shop\/wydawnictwo\/polityka-prywatnosci","name":"Polityka prywatno\u015bci - Tibum Wydawnictwo Kamishibai - Papierowy Teatr","isPartOf":{"@id":"https:\/\/www.tibum.pl\/shop\/#website"},"datePublished":"2017-04-17T16:36:57+00:00","dateModified":"2018-05-23T10:43:17+00:00","breadcrumb":{"@id":"https:\/\/www.tibum.pl\/shop\/wydawnictwo\/polityka-prywatnosci#breadcrumb"},"inLanguage":"pl-PL","potentialAction":[{"@type":"ReadAction","target":["https:\/\/www.tibum.pl\/shop\/wydawnictwo\/polityka-prywatnosci"]}]},{"@type":"BreadcrumbList","@id":"https:\/\/www.tibum.pl\/shop\/wydawnictwo\/polityka-prywatnosci#breadcrumb","itemListElement":[{"@type":"ListItem","position":1,"name":"Home","item":"https:\/\/www.tibum.pl\/shop\/"},{"@type":"ListItem","position":2,"name":"Wydawnictwo","item":"https:\/\/www.tibum.pl\/shop\/wydawnictwo"},{"@type":"ListItem","position":3,"name":"Polityka prywatno\u015bci"}]},{"@type":"WebSite","@id":"https:\/\/www.tibum.pl\/shop\/#website","url":"https:\/\/www.tibum.pl\/shop\/","name":"Tibum Wydawnictwo Kamishibai - Papierowy Teatr","description":"wydawca ksi\u0105\u017cek i bajek obrazkowych kamishibai","potentialAction":[{"@type":"SearchAction","target":{"@type":"EntryPoint","urlTemplate":"https:\/\/www.tibum.pl\/shop\/?s={search_term_string}"},"query-input":{"@type":"PropertyValueSpecification","valueRequired":true,"valueName":"search_term_string"}}],"inLanguage":"pl-PL"}]}},"_links":{"self":[{"href":"https:\/\/www.tibum.pl\/shop\/wp-json\/wp\/v2\/pages\/7824","targetHints":{"allow":["GET"]}}],"collection":[{"href":"https:\/\/www.tibum.pl\/shop\/wp-json\/wp\/v2\/pages"}],"about":[{"href":"https:\/\/www.tibum.pl\/shop\/wp-json\/wp\/v2\/types\/page"}],"author":[{"embeddable":true,"href":"https:\/\/www.tibum.pl\/shop\/wp-json\/wp\/v2\/users\/1"}],"replies":[{"embeddable":true,"href":"https:\/\/www.tibum.pl\/shop\/wp-json\/wp\/v2\/comments?post=7824"}],"version-history":[{"count":0,"href":"https:\/\/www.tibum.pl\/shop\/wp-json\/wp\/v2\/pages\/7824\/revisions"}],"up":[{"embeddable":true,"href":"https:\/\/www.tibum.pl\/shop\/wp-json\/wp\/v2\/pages\/6708"}],"wp:attachment":[{"href":"https:\/\/www.tibum.pl\/shop\/wp-json\/wp\/v2\/media?parent=7824"}],"curies":[{"name":"wp","href":"https:\/\/api.w.org\/{rel}","templated":true}]}}