{"id":10300,"date":"2018-09-12T12:02:12","date_gmt":"2018-09-12T10:02:12","guid":{"rendered":"http:\/\/www.tibum.pl\/shop\/?post_type=product&#038;p=10300"},"modified":"2025-11-19T13:53:09","modified_gmt":"2025-11-19T12:53:09","slug":"czk","status":"publish","type":"product","link":"https:\/\/www.tibum.pl\/shop\/produkt\/czk","title":{"rendered":"&#8222;Czerwony Kapturek &#8222;, Justyna D\u0142u\u017cniewska, 17 kart narracyjnych"},"content":{"rendered":"<article>\n<div style=\"text-align: left;\">\n<p><strong>ksi\u0105\u017cka kamishibai<\/strong> w formie ilustrowanych kart narracyjnych<\/p>\n<p><strong>Tytu\u0142: &#8222;<em><cite>Czerwony Kapturek<\/cite> \/Rothk\u00e4ppchen&#8221;<\/em><\/strong><br \/>\n<strong>Tytu\u0142 orygina\u0142u: &#8222;Rothk\u00e4ppchen&#8221;<\/strong><br \/>\n<strong>Ilustracje: <a href=\"https:\/\/www.tibum.pl\/shop\/autorzy\/justyna-dluzniewska\">Justyna D\u0142u\u017cniewska<\/a><\/strong><br \/>\n<strong>Przek\u0142ad poetycki: <a href=\"https:\/\/www.tibum.pl\/shop\/autorzy\/julian-brudzewski\">Julian Brudzewski <\/a><\/strong><\/p>\n<p><strong>ISBN 978-83-947587-1-4<\/strong><\/p>\n<p><strong>na podstawie ba\u015bni braci <em>Grimm Kinder und Hausm\u00e4rchen<\/em> wydanie z 1812 roku<\/strong><\/p>\n<p><strong>Wydanie dwuj\u0119zyczne: polski\/niemiecki !<\/strong><\/p>\n<p><em>&#8211; Dzi\u015b Czerwony Kapturek. Znacie?<\/em><\/p>\n<p><em>&#8211; Znamy, znamy!<\/em><\/p>\n<p><em>&#8211; To pos\u0142uchajcie bajki. <\/em><\/p>\n<p><em>&#8211; Ch\u0119tnie pos\u0142uchamy!<\/em><\/p>\n<p><strong><em>Czerwony Kapturek<\/em><\/strong>w formie kart narracyjnych kamishibai. Pierwsza polska adaptacja tekstu na podstawie\u00a0 I wydania <strong>zbioru ba\u015bni braci Jakuba i Wilhelma Grimm\u00f3w \u201eKinder- und Hausm\u00e4rchen\u201d z 1812 roku<\/strong> <strong>z pe\u0142nym niemieckim tekstem ba\u015bni<\/strong>. Dla widz\u00f3w od 3 roku \u017cycia.<\/p>\n<p>W tej pierwotnej wersji <strong><em>Czerwony Kapturek<\/em><\/strong>w nietypowy spos\u00f3b jak na ba\u015bnie zebrane przez Grimm\u00f3w sk\u0142ada si\u0119 z dw\u00f3ch cz\u0119\u015bci. Cz\u0119\u015bci pierwszej &#8211; opowie\u015bci o spotkaniu wilka i jego pokonaniu towarzyszy cz\u0119\u015b\u0107 druga, w kt\u00f3rej Kapturek, ju\u017c jako do\u015bwiadczona i \u015bwiadoma siebie posta\u0107, umiej\u0119tnie wyci\u0105ga wnioski z poprzednich wydarze\u0144. Dzi\u0119ki temu zabiegowi ba\u015b\u0144 nie tylko stanowi przestrog\u0119 i umoralniaj\u0105c\u0105 opowie\u015b\u0107, ale przede wszystkim pokazuje proces rozwoju i dojrzewania i przede wszystkim k\u0142adzie nacisk na umiej\u0119tno\u015b\u0107 wyci\u0105gania wniosk\u00f3w z minionych do\u015bwiadcze\u0144.<\/p>\n<p>Czarno-czerwone ilustracj\u0119 m\u0142odej, \u015bl\u0105skiej ilustratorki<a href=\"https:\/\/www.tibum.pl\/shop\/autorzy\/justyna-dluzniewska\"> Justyny D\u0142u\u017cniewskiej<\/a> pot\u0119guj\u0105 atmosfer\u0119 ba\u015bni. Oba kolory oraz \u015bwietlista gama szaro\u015bci pokazuj\u0105 za pomoc\u0105 obrazu drog\u0119 i to wszystko czego do\u015bwiadczy\u0107 musi w jej trakcie bohaterka aby osi\u0105gn\u0105\u0107 sw\u00f3j cel. Czerwony Kapturek razem z postaciami matki i babci tworzy harmonijn\u0105 ca\u0142o\u015b\u0107. Dziewczynka otrzymuj\u0105c swobod\u0119 staje si\u0119 ofiar\u0105 swojej naiwno\u015bci &#8211; pogr\u0105\u017ca si\u0119 w mroku, wyswobadza z pu\u0142apki i wreszcie osi\u0105ga cel a co najwa\u017cniejsze \u00a0nie powtarza ju\u017c pope\u0142nionych wcze\u015bniej b\u0142\u0119d\u00f3w&#8230;<\/p>\n<p><em>\u201eBa\u015bnie pomagaj\u0105 dziecku w odkrywaniu w\u0142asnej to\u017csamo\u015bci i w\u0142asnego powo\u0142ania, wskazuj\u0105c zarazem, jakich potrzebuje ono do\u015bwiadcze\u0144, aby rozwin\u0105\u0107 sw\u00f3j charakter. Tego rodzaju oddzia\u0142ywania nie wykazuje \u017caden inny gatunek literacki. Ba\u015bnie daj\u0105 do zrozumienia, \u017ce pomy\u015blne, pe\u0142ne satysfakcji \u017cycie dost\u0119pne jest ka\u017cdemu, mimo \u017cyciowych przeciwno\u015bci &#8211; lecz jedynie w\u00f3wczas, gdy nie ucieka si\u0119 przed pe\u0142nymi niebezpiecze\u0144stw \u017cyciowymi zmaganiami, bo tylko one pozwalaj\u0105 odkrywa\u0107 nasze prawdziwe<\/em>&#8222;ja&#8221;. <strong>Bruno Bettelheim <em>\u201eCudowne i po\u017cyteczne. O znaczeniach i warto\u015bciach ba\u015bni.\u201d<\/em><\/strong><\/p>\n<blockquote><p><strong>Pomys\u0142 wydania <em>Czerwonego Kapturka<\/em> w oparciu o pierwsze wydanie ba\u015bni braci Grimm z roku 1812\/1815<\/strong>: prof. Eliza Pieciul-Karmi\u0144ska z Wydzia\u0142u Neofilologii UAM, t\u0142umaczka pe\u0142nego wydania ba\u015bni braci Grimm \u201cBa\u015bnie dla dzieci i dla domu\u201d (Pozna\u0144 2010). Szczeg\u00f3\u0142owe informacje o swoisto\u015bci pierwszego wydania ba\u015bni znale\u017a\u0107 mo\u017cna w jej artykule: Eliza Pieciul-Karmi\u0144ska (2016), <a href=\"http:\/\/apcz.umk.pl\/czasopisma\/index.php\/RP\/article\/view\/RP.2016.004\">O konieczno\u015bci polskiego przek\u0142adu pierwszego wydania \u201eBa\u015bni dla dzieci i dla domu\u201d braci Grimm z lat 1812 i 1815, [w:] Rocznik Przek\u0142adoznawczy nr 11 (2016). (77-92)<\/a><\/p><\/blockquote>\n<\/div>\n<\/article>\n<p style=\"text-align: right;\"><a href=\"https:\/\/www.tibum.pl\/shop\/wp-content\/uploads\/Znacie-Czerwonego-Kapturka.Tibumdocx.pdf\"><strong>RECENZJA KSI\u0104\u017bKI &#8211; DO POBRANIA<\/strong><\/a><\/p>\n<p>Wydawnictwo: Wydawnictwo Tibum<br \/>\n<strong> Wymiary: A3 (297\/420 mm)<\/strong><br \/>\nLiczba kart: 17 (dwustronnych)<br \/>\nIlo\u015b\u0107 stron: 34 (tekst, ilustracje)<br \/>\nRok wydania: 2018<br \/>\nOprawa: kartonowa koperta<\/p>\n<p style=\"font-size: small; font-weight: normal;\"><strong>Uwaga:<\/strong><br \/>\nZdj\u0119cia w galerii produktu mog\u0105 zawiera\u0107 inne przedmioty np. ksi\u0105\u017cki, teatrzyki-parawany, kt\u00f3re s\u0105 osobno zamawianymi pozycjami<\/p>\n<div id=\"s3gt_translate_tooltip_mini\" class=\"s3gt_translate_tooltip_mini_box\" style=\"background: initial !important; border: initial !important; border-radius: initial !important; border-spacing: initial !important; border-collapse: initial !important; direction: ltr !important; flex-direction: initial !important; font-weight: initial !important; height: initial !important; letter-spacing: initial !important; min-width: initial !important; max-width: initial !important; min-height: initial !important; max-height: initial !important; margin: auto !important; padding: initial !important; text-align: initial !important; width: initial !important; color: inherit !important; font-size: 13px !important; font-family: X-LocaleSpecific, sans-serif, Tahoma, Helvetica !important; line-height: 13px !important; vertical-align: top !important;\">\n<div id=\"s3gt_translate_tooltip_mini_logo\" class=\"s3gt_translate_tooltip_mini\" title=\"T\u0142umacz zaznaczony tekst\"><\/div>\n<div id=\"s3gt_translate_tooltip_mini_sound\" class=\"s3gt_translate_tooltip_mini\" title=\"Odtw\u00f3rz\"><\/div>\n<div id=\"s3gt_translate_tooltip_mini_copy\" class=\"s3gt_translate_tooltip_mini\" title=\"Kopiuj tekst do schowka\"><\/div>\n<\/div>\n","protected":false},"excerpt":{"rendered":"<p>ksi\u0105\u017cka kamishibai w formie ilustrowanych kart narracyjnych<\/p>\n<p>Tytu\u0142: <strong>&#8222;<cite>Czerwony Kapturek<\/cite>&#8222;<\/strong><br \/>\nTytu\u0142 orygina\u0142u: &#8222;<cite>Rothk\u00e4ppchen<\/cite>&#8221;<br \/>\nIlustracje: <a href=\"https:\/\/www.tibum.pl\/shop\/autorzy\/justyna-dluzniewska\"><strong>Justyna D\u0142u\u017cniewska<\/strong><\/a><br \/>\nPrzek\u0142ad poetycki: <strong><a href=\"https:\/\/www.tibum.pl\/shop\/autorzy\/julian-brudzewski\">Julian Brudzewski<\/a><\/strong><br \/>\n<strong>Wydanie dwuj\u0119zyczne:<\/strong> polski\/niemiecki!<br \/>\nISBN 978-83-947587-1-4<\/p>\n","protected":false},"featured_media":24325,"template":"","meta":[],"product_brand":[],"product_cat":[18,48],"product_tag":[580,902,736,738,740,903,6,224,221],"class_list":{"0":"post-10300","1":"product","2":"type-product","3":"status-publish","4":"has-post-thumbnail","6":"product_cat-kamishibai","7":"product_cat-karty-narracyjne-do-teatrzyku-kamishibai","8":"product_tag-bajka-kamishibai","9":"product_tag-basn-dwujezyczna","10":"product_tag-basnie-grimm","11":"product_tag-czerwony-kapturek","12":"product_tag-dojrzewanie","13":"product_tag-jezyk-niemiecki","14":"product_tag-kamishibai","15":"product_tag-karty-narracyjne","16":"product_tag-tibum","17":"product_shipping_class-lekkie1","18":"description-off","20":"first","21":"instock","22":"featured","23":"taxable","24":"shipping-taxable","25":"purchasable","26":"product-type-simple"},"yoast_head":"<!-- This site is optimized with the Yoast SEO plugin v27.3 - https:\/\/yoast.com\/product\/yoast-seo-wordpress\/ -->\n<title>&quot;Czerwony Kapturek &quot;, Justyna D\u0142u\u017cniewska, 17 kart narracyjnych - Tibum Wydawnictwo Kamishibai - Papierowy Teatr<\/title>\n<meta name=\"robots\" content=\"index, follow, max-snippet:-1, max-image-preview:large, max-video-preview:-1\" \/>\n<link rel=\"canonical\" href=\"https:\/\/www.tibum.pl\/shop\/produkt\/czk\" \/>\n<meta property=\"og:locale\" content=\"pl_PL\" \/>\n<meta property=\"og:type\" content=\"article\" \/>\n<meta property=\"og:title\" content=\"&quot;Czerwony Kapturek &quot;, Justyna D\u0142u\u017cniewska, 17 kart narracyjnych - Tibum Wydawnictwo Kamishibai - Papierowy Teatr\" \/>\n<meta property=\"og:description\" content=\"ksi\u0105\u017cka kamishibai w formie ilustrowanych kart narracyjnych  Tytu\u0142: &quot;Czerwony Kapturek&quot; Tytu\u0142 orygina\u0142u: &quot;Rothk\u00e4ppchen&quot; Ilustracje: Justyna D\u0142u\u017cniewska Przek\u0142ad poetycki: Julian Brudzewski Wydanie dwuj\u0119zyczne: polski\/niemiecki! ISBN 978-83-947587-1-4\" \/>\n<meta property=\"og:url\" content=\"https:\/\/www.tibum.pl\/shop\/produkt\/czk\" \/>\n<meta property=\"og:site_name\" content=\"Tibum Wydawnictwo Kamishibai - Papierowy Teatr\" \/>\n<meta property=\"article:publisher\" content=\"https:\/\/www.facebook.com\/PapierowyTeatr\" \/>\n<meta property=\"article:modified_time\" content=\"2025-11-19T12:53:09+00:00\" \/>\n<meta property=\"og:image\" content=\"https:\/\/www.tibum.pl\/shop\/wp-content\/uploads\/okladka_de_new_podglad-1.jpg\" \/>\n\t<meta property=\"og:image:width\" content=\"1221\" \/>\n\t<meta property=\"og:image:height\" content=\"900\" \/>\n\t<meta property=\"og:image:type\" content=\"image\/jpeg\" \/>\n<meta name=\"twitter:card\" content=\"summary_large_image\" \/>\n<meta name=\"twitter:label1\" content=\"Szacowany czas czytania\" \/>\n\t<meta name=\"twitter:data1\" content=\"3 minuty\" \/>\n<script type=\"application\/ld+json\" class=\"yoast-schema-graph\">{\"@context\":\"https:\\\/\\\/schema.org\",\"@graph\":[{\"@type\":\"WebPage\",\"@id\":\"https:\\\/\\\/www.tibum.pl\\\/shop\\\/produkt\\\/czk\",\"url\":\"https:\\\/\\\/www.tibum.pl\\\/shop\\\/produkt\\\/czk\",\"name\":\"\\\"Czerwony Kapturek \\\", Justyna D\u0142u\u017cniewska, 17 kart narracyjnych - Tibum Wydawnictwo Kamishibai - Papierowy Teatr\",\"isPartOf\":{\"@id\":\"https:\\\/\\\/www.tibum.pl\\\/shop\\\/#website\"},\"primaryImageOfPage\":{\"@id\":\"https:\\\/\\\/www.tibum.pl\\\/shop\\\/produkt\\\/czk#primaryimage\"},\"image\":{\"@id\":\"https:\\\/\\\/www.tibum.pl\\\/shop\\\/produkt\\\/czk#primaryimage\"},\"thumbnailUrl\":\"https:\\\/\\\/www.tibum.pl\\\/shop\\\/wp-content\\\/uploads\\\/okladka_de_new_podglad-1.jpg\",\"datePublished\":\"2018-09-12T10:02:12+00:00\",\"dateModified\":\"2025-11-19T12:53:09+00:00\",\"breadcrumb\":{\"@id\":\"https:\\\/\\\/www.tibum.pl\\\/shop\\\/produkt\\\/czk#breadcrumb\"},\"inLanguage\":\"pl-PL\",\"potentialAction\":[{\"@type\":\"ReadAction\",\"target\":[\"https:\\\/\\\/www.tibum.pl\\\/shop\\\/produkt\\\/czk\"]}]},{\"@type\":\"ImageObject\",\"inLanguage\":\"pl-PL\",\"@id\":\"https:\\\/\\\/www.tibum.pl\\\/shop\\\/produkt\\\/czk#primaryimage\",\"url\":\"https:\\\/\\\/www.tibum.pl\\\/shop\\\/wp-content\\\/uploads\\\/okladka_de_new_podglad-1.jpg\",\"contentUrl\":\"https:\\\/\\\/www.tibum.pl\\\/shop\\\/wp-content\\\/uploads\\\/okladka_de_new_podglad-1.jpg\",\"width\":1221,\"height\":900},{\"@type\":\"BreadcrumbList\",\"@id\":\"https:\\\/\\\/www.tibum.pl\\\/shop\\\/produkt\\\/czk#breadcrumb\",\"itemListElement\":[{\"@type\":\"ListItem\",\"position\":1,\"name\":\"Home\",\"item\":\"https:\\\/\\\/www.tibum.pl\\\/shop\\\/\"},{\"@type\":\"ListItem\",\"position\":2,\"name\":\"Sklep\",\"item\":\"https:\\\/\\\/www.tibum.pl\\\/shop\\\/sklep\"},{\"@type\":\"ListItem\",\"position\":3,\"name\":\"&#8222;Czerwony Kapturek &#8222;, Justyna D\u0142u\u017cniewska, 17 kart narracyjnych\"}]},{\"@type\":\"WebSite\",\"@id\":\"https:\\\/\\\/www.tibum.pl\\\/shop\\\/#website\",\"url\":\"https:\\\/\\\/www.tibum.pl\\\/shop\\\/\",\"name\":\"Tibum Wydawnictwo Kamishibai - Papierowy Teatr\",\"description\":\"wydawca ksi\u0105\u017cek i bajek obrazkowych kamishibai\",\"potentialAction\":[{\"@type\":\"SearchAction\",\"target\":{\"@type\":\"EntryPoint\",\"urlTemplate\":\"https:\\\/\\\/www.tibum.pl\\\/shop\\\/?s={search_term_string}\"},\"query-input\":{\"@type\":\"PropertyValueSpecification\",\"valueRequired\":true,\"valueName\":\"search_term_string\"}}],\"inLanguage\":\"pl-PL\"}]}<\/script>\n<!-- \/ Yoast SEO plugin. -->","yoast_head_json":{"title":"\"Czerwony Kapturek \", Justyna D\u0142u\u017cniewska, 17 kart narracyjnych - Tibum Wydawnictwo Kamishibai - Papierowy Teatr","robots":{"index":"index","follow":"follow","max-snippet":"max-snippet:-1","max-image-preview":"max-image-preview:large","max-video-preview":"max-video-preview:-1"},"canonical":"https:\/\/www.tibum.pl\/shop\/produkt\/czk","og_locale":"pl_PL","og_type":"article","og_title":"\"Czerwony Kapturek \", Justyna D\u0142u\u017cniewska, 17 kart narracyjnych - Tibum Wydawnictwo Kamishibai - Papierowy Teatr","og_description":"ksi\u0105\u017cka kamishibai w formie ilustrowanych kart narracyjnych  Tytu\u0142: \"Czerwony Kapturek\" Tytu\u0142 orygina\u0142u: \"Rothk\u00e4ppchen\" Ilustracje: Justyna D\u0142u\u017cniewska Przek\u0142ad poetycki: Julian Brudzewski Wydanie dwuj\u0119zyczne: polski\/niemiecki! ISBN 978-83-947587-1-4","og_url":"https:\/\/www.tibum.pl\/shop\/produkt\/czk","og_site_name":"Tibum Wydawnictwo Kamishibai - Papierowy Teatr","article_publisher":"https:\/\/www.facebook.com\/PapierowyTeatr","article_modified_time":"2025-11-19T12:53:09+00:00","og_image":[{"width":1221,"height":900,"url":"https:\/\/www.tibum.pl\/shop\/wp-content\/uploads\/okladka_de_new_podglad-1.jpg","type":"image\/jpeg"}],"twitter_card":"summary_large_image","twitter_misc":{"Szacowany czas czytania":"3 minuty"},"schema":{"@context":"https:\/\/schema.org","@graph":[{"@type":"WebPage","@id":"https:\/\/www.tibum.pl\/shop\/produkt\/czk","url":"https:\/\/www.tibum.pl\/shop\/produkt\/czk","name":"\"Czerwony Kapturek \", Justyna D\u0142u\u017cniewska, 17 kart narracyjnych - Tibum Wydawnictwo Kamishibai - Papierowy Teatr","isPartOf":{"@id":"https:\/\/www.tibum.pl\/shop\/#website"},"primaryImageOfPage":{"@id":"https:\/\/www.tibum.pl\/shop\/produkt\/czk#primaryimage"},"image":{"@id":"https:\/\/www.tibum.pl\/shop\/produkt\/czk#primaryimage"},"thumbnailUrl":"https:\/\/www.tibum.pl\/shop\/wp-content\/uploads\/okladka_de_new_podglad-1.jpg","datePublished":"2018-09-12T10:02:12+00:00","dateModified":"2025-11-19T12:53:09+00:00","breadcrumb":{"@id":"https:\/\/www.tibum.pl\/shop\/produkt\/czk#breadcrumb"},"inLanguage":"pl-PL","potentialAction":[{"@type":"ReadAction","target":["https:\/\/www.tibum.pl\/shop\/produkt\/czk"]}]},{"@type":"ImageObject","inLanguage":"pl-PL","@id":"https:\/\/www.tibum.pl\/shop\/produkt\/czk#primaryimage","url":"https:\/\/www.tibum.pl\/shop\/wp-content\/uploads\/okladka_de_new_podglad-1.jpg","contentUrl":"https:\/\/www.tibum.pl\/shop\/wp-content\/uploads\/okladka_de_new_podglad-1.jpg","width":1221,"height":900},{"@type":"BreadcrumbList","@id":"https:\/\/www.tibum.pl\/shop\/produkt\/czk#breadcrumb","itemListElement":[{"@type":"ListItem","position":1,"name":"Home","item":"https:\/\/www.tibum.pl\/shop\/"},{"@type":"ListItem","position":2,"name":"Sklep","item":"https:\/\/www.tibum.pl\/shop\/sklep"},{"@type":"ListItem","position":3,"name":"&#8222;Czerwony Kapturek &#8222;, Justyna D\u0142u\u017cniewska, 17 kart narracyjnych"}]},{"@type":"WebSite","@id":"https:\/\/www.tibum.pl\/shop\/#website","url":"https:\/\/www.tibum.pl\/shop\/","name":"Tibum Wydawnictwo Kamishibai - Papierowy Teatr","description":"wydawca ksi\u0105\u017cek i bajek obrazkowych kamishibai","potentialAction":[{"@type":"SearchAction","target":{"@type":"EntryPoint","urlTemplate":"https:\/\/www.tibum.pl\/shop\/?s={search_term_string}"},"query-input":{"@type":"PropertyValueSpecification","valueRequired":true,"valueName":"search_term_string"}}],"inLanguage":"pl-PL"}]}},"_links":{"self":[{"href":"https:\/\/www.tibum.pl\/shop\/wp-json\/wp\/v2\/product\/10300","targetHints":{"allow":["GET"]}}],"collection":[{"href":"https:\/\/www.tibum.pl\/shop\/wp-json\/wp\/v2\/product"}],"about":[{"href":"https:\/\/www.tibum.pl\/shop\/wp-json\/wp\/v2\/types\/product"}],"wp:featuredmedia":[{"embeddable":true,"href":"https:\/\/www.tibum.pl\/shop\/wp-json\/wp\/v2\/media\/24325"}],"wp:attachment":[{"href":"https:\/\/www.tibum.pl\/shop\/wp-json\/wp\/v2\/media?parent=10300"}],"wp:term":[{"taxonomy":"product_brand","embeddable":true,"href":"https:\/\/www.tibum.pl\/shop\/wp-json\/wp\/v2\/product_brand?post=10300"},{"taxonomy":"product_cat","embeddable":true,"href":"https:\/\/www.tibum.pl\/shop\/wp-json\/wp\/v2\/product_cat?post=10300"},{"taxonomy":"product_tag","embeddable":true,"href":"https:\/\/www.tibum.pl\/shop\/wp-json\/wp\/v2\/product_tag?post=10300"}],"curies":[{"name":"wp","href":"https:\/\/api.w.org\/{rel}","templated":true}]}}