{"id":13372,"date":"2017-01-13T10:56:21","date_gmt":"2017-01-13T09:56:21","guid":{"rendered":"https:\/\/www.tibum.pl\/shop\/?post_type=product&#038;p=13372"},"modified":"2025-09-18T14:59:11","modified_gmt":"2025-09-18T12:59:11","slug":"torba-na-kamishibai","status":"publish","type":"product","link":"https:\/\/www.tibum.pl\/shop\/produkt\/torba-na-kamishibai","title":{"rendered":"JEDYNA TAKA TORBA &#8211; torba na kamishibai"},"content":{"rendered":"<p>Nazwa: <strong>&#8222;JEDYNA TAKA TORBA&#8221; &#8211; torba na kamishibai<br \/>\n<\/strong><\/p>\n<div style=\"text-align: left;\">\n<p><strong>Jedyna taka Torba<\/strong> to idealna torba na <a href=\"https:\/\/www.tibum.pl\/shop\/dt_gallery\/co-to-jest-kamishibai\">kamishibai<\/a>. Nadaje si\u0119 do dowolnego zestawu kamishibai np. teatrzyk + 6 ksi\u0105\u017cek + papier, ale nawet wtedy zmie\u015bci si\u0119 do niej r\u00f3wnie\u017c kilka osobistych rzeczy: portfel, kredki, klucze !<\/p>\n<p>Gdy idziesz na zaj\u0119cia z dzie\u0107mi, gdy podr\u00f3\u017cujesz z teatrzykiem kamishibai cz\u0119sto bywa niepor\u0119cznie \ud83d\ude42<\/p>\n<p>Dlatego stworzyli\u015bmy <strong>JEDYN\u0104 TAK\u0104 TORB\u0118\u00a0 &#8211; torba na kamishibai.<\/strong><\/p>\n<p>Torba jest du\u017ca, wytrzyma\u0142a, mo\u017ce by\u0107 noszona na ramieniu lub na skos, po przek\u0105tnej.<\/p>\n<p><strong>Ilo\u015b\u0107 element\u00f3w:<\/strong> 1<br \/>\n<strong>Wymiary :<\/strong> d\u0142 43 x szer. 20 x wys. 65 cm;<br \/>\n<strong>Waga:<\/strong> 0,250 kg<br \/>\n<strong>Materia\u0142:<\/strong> drelich, 280G, 100% bawe\u0142na<\/p>\n<p><strong>Obci\u0105\u017cenie:<\/strong> 10 kg<\/p>\n<p><strong>Uszy:<\/strong> ta\u015bma no\u015bna, podw\u00f3jne przeszycie nici\u0105 sznurkow\u0105 na ca\u0142ej wysoko\u015bci<\/p>\n<p><strong>Kolor:<\/strong> grafit, ni\u0107 pomara\u0144czowa<\/p>\n<p><strong>WYR\u00d3B POLSKI !!!<\/strong><\/p>\n<p style=\"text-align: justify; color: #212121; font-size: small; font-weight: normal;\"><strong>Uwaga:<\/strong><br \/>\nPrzedmioty ukazane na zdj\u0119ciach s\u0105 pogl\u0105dowe. Szczeg\u00f3\u0142y zam\u00f3wionego przedmiotu mog\u0105 si\u0119 r\u00f3\u017cni\u0107 od przedstawionych na zdj\u0119ciu. Zdj\u0119cia w galerii produktu mog\u0105 zawiera\u0107 inne przedmioty np. ksi\u0105\u017cki, teatrzyki, kt\u00f3re s\u0105 osobnymi produktami.<\/p>\n<\/div>\n","protected":false},"excerpt":{"rendered":"<p>Nazwa: <strong>Jedyna taka torba &#8211; torba na kamishibai<\/strong><\/p>\n<p>IDEALNA TORBA NA ZESTAW KAMISHIBAI<\/p>\n<p style=\"text-align: justify;\">Niezwyk\u0142y produkt do niezwyk\u0142ego teatrzyku!<\/p>\n","protected":false},"featured_media":13366,"template":"","meta":[],"product_brand":[],"product_cat":[41,18],"product_tag":[355,6,345,348,346,221,772,339,360],"class_list":{"0":"post-13372","1":"product","2":"type-product","3":"status-publish","4":"has-post-thumbnail","6":"product_cat-akcesoria-kamishibai","7":"product_cat-kamishibai","8":"product_tag-akcesoria","9":"product_tag-kamishibai","10":"product_tag-papierowy-teatr","11":"product_tag-przedstawienie","12":"product_tag-teatr-ilustracji","13":"product_tag-tibum","14":"product_tag-torba-na-kamishibai","15":"product_tag-warsztat","16":"product_tag-wystep","17":"product_shipping_class-lekkie2","18":"description-off","20":"first","21":"outofstock","22":"taxable","23":"shipping-taxable","24":"purchasable","25":"product-type-simple"},"yoast_head":"<!-- This site is optimized with the Yoast SEO plugin v27.3 - https:\/\/yoast.com\/product\/yoast-seo-wordpress\/ -->\n<title>JEDYNA TAKA TORBA - torba na kamishibai - Tibum Wydawnictwo Kamishibai - Papierowy Teatr<\/title>\n<meta name=\"robots\" content=\"index, follow, max-snippet:-1, max-image-preview:large, max-video-preview:-1\" \/>\n<link rel=\"canonical\" href=\"https:\/\/www.tibum.pl\/shop\/produkt\/torba-na-kamishibai\" \/>\n<meta property=\"og:locale\" content=\"pl_PL\" \/>\n<meta property=\"og:type\" content=\"article\" \/>\n<meta property=\"og:title\" content=\"JEDYNA TAKA TORBA - torba na kamishibai - Tibum Wydawnictwo Kamishibai - Papierowy Teatr\" \/>\n<meta property=\"og:description\" content=\"Nazwa: Jedyna taka torba - torba na kamishibai  IDEALNA TORBA NA ZESTAW KAMISHIBAI Niezwyk\u0142y produkt do niezwyk\u0142ego teatrzyku!\" \/>\n<meta property=\"og:url\" content=\"https:\/\/www.tibum.pl\/shop\/produkt\/torba-na-kamishibai\" \/>\n<meta property=\"og:site_name\" content=\"Tibum Wydawnictwo Kamishibai - Papierowy Teatr\" \/>\n<meta property=\"article:publisher\" content=\"https:\/\/www.facebook.com\/PapierowyTeatr\" \/>\n<meta property=\"article:modified_time\" content=\"2025-09-18T12:59:11+00:00\" \/>\n<meta property=\"og:image\" content=\"https:\/\/www.tibum.pl\/shop\/wp-content\/uploads\/TORBA_WWW-2.jpg\" \/>\n\t<meta property=\"og:image:width\" content=\"1137\" \/>\n\t<meta property=\"og:image:height\" content=\"850\" \/>\n\t<meta property=\"og:image:type\" content=\"image\/jpeg\" \/>\n<meta name=\"twitter:card\" content=\"summary_large_image\" \/>\n<meta name=\"twitter:label1\" content=\"Szacowany czas czytania\" \/>\n\t<meta name=\"twitter:data1\" content=\"1 minuta\" \/>\n<script type=\"application\/ld+json\" class=\"yoast-schema-graph\">{\"@context\":\"https:\\\/\\\/schema.org\",\"@graph\":[{\"@type\":\"WebPage\",\"@id\":\"https:\\\/\\\/www.tibum.pl\\\/shop\\\/produkt\\\/torba-na-kamishibai\",\"url\":\"https:\\\/\\\/www.tibum.pl\\\/shop\\\/produkt\\\/torba-na-kamishibai\",\"name\":\"JEDYNA TAKA TORBA - torba na kamishibai - Tibum Wydawnictwo Kamishibai - Papierowy Teatr\",\"isPartOf\":{\"@id\":\"https:\\\/\\\/www.tibum.pl\\\/shop\\\/#website\"},\"primaryImageOfPage\":{\"@id\":\"https:\\\/\\\/www.tibum.pl\\\/shop\\\/produkt\\\/torba-na-kamishibai#primaryimage\"},\"image\":{\"@id\":\"https:\\\/\\\/www.tibum.pl\\\/shop\\\/produkt\\\/torba-na-kamishibai#primaryimage\"},\"thumbnailUrl\":\"https:\\\/\\\/www.tibum.pl\\\/shop\\\/wp-content\\\/uploads\\\/TORBA_WWW-2.jpg\",\"datePublished\":\"2017-01-13T09:56:21+00:00\",\"dateModified\":\"2025-09-18T12:59:11+00:00\",\"breadcrumb\":{\"@id\":\"https:\\\/\\\/www.tibum.pl\\\/shop\\\/produkt\\\/torba-na-kamishibai#breadcrumb\"},\"inLanguage\":\"pl-PL\",\"potentialAction\":[{\"@type\":\"ReadAction\",\"target\":[\"https:\\\/\\\/www.tibum.pl\\\/shop\\\/produkt\\\/torba-na-kamishibai\"]}]},{\"@type\":\"ImageObject\",\"inLanguage\":\"pl-PL\",\"@id\":\"https:\\\/\\\/www.tibum.pl\\\/shop\\\/produkt\\\/torba-na-kamishibai#primaryimage\",\"url\":\"https:\\\/\\\/www.tibum.pl\\\/shop\\\/wp-content\\\/uploads\\\/TORBA_WWW-2.jpg\",\"contentUrl\":\"https:\\\/\\\/www.tibum.pl\\\/shop\\\/wp-content\\\/uploads\\\/TORBA_WWW-2.jpg\",\"width\":1137,\"height\":850,\"caption\":\"torba na kamishibai\"},{\"@type\":\"BreadcrumbList\",\"@id\":\"https:\\\/\\\/www.tibum.pl\\\/shop\\\/produkt\\\/torba-na-kamishibai#breadcrumb\",\"itemListElement\":[{\"@type\":\"ListItem\",\"position\":1,\"name\":\"Home\",\"item\":\"https:\\\/\\\/www.tibum.pl\\\/shop\\\/\"},{\"@type\":\"ListItem\",\"position\":2,\"name\":\"Sklep\",\"item\":\"https:\\\/\\\/www.tibum.pl\\\/shop\\\/sklep\"},{\"@type\":\"ListItem\",\"position\":3,\"name\":\"JEDYNA TAKA TORBA &#8211; torba na kamishibai\"}]},{\"@type\":\"WebSite\",\"@id\":\"https:\\\/\\\/www.tibum.pl\\\/shop\\\/#website\",\"url\":\"https:\\\/\\\/www.tibum.pl\\\/shop\\\/\",\"name\":\"Tibum Wydawnictwo Kamishibai - Papierowy Teatr\",\"description\":\"wydawca ksi\u0105\u017cek i bajek obrazkowych kamishibai\",\"potentialAction\":[{\"@type\":\"SearchAction\",\"target\":{\"@type\":\"EntryPoint\",\"urlTemplate\":\"https:\\\/\\\/www.tibum.pl\\\/shop\\\/?s={search_term_string}\"},\"query-input\":{\"@type\":\"PropertyValueSpecification\",\"valueRequired\":true,\"valueName\":\"search_term_string\"}}],\"inLanguage\":\"pl-PL\"}]}<\/script>\n<!-- \/ Yoast SEO plugin. -->","yoast_head_json":{"title":"JEDYNA TAKA TORBA - torba na kamishibai - Tibum Wydawnictwo Kamishibai - Papierowy Teatr","robots":{"index":"index","follow":"follow","max-snippet":"max-snippet:-1","max-image-preview":"max-image-preview:large","max-video-preview":"max-video-preview:-1"},"canonical":"https:\/\/www.tibum.pl\/shop\/produkt\/torba-na-kamishibai","og_locale":"pl_PL","og_type":"article","og_title":"JEDYNA TAKA TORBA - torba na kamishibai - Tibum Wydawnictwo Kamishibai - Papierowy Teatr","og_description":"Nazwa: Jedyna taka torba - torba na kamishibai  IDEALNA TORBA NA ZESTAW KAMISHIBAI Niezwyk\u0142y produkt do niezwyk\u0142ego teatrzyku!","og_url":"https:\/\/www.tibum.pl\/shop\/produkt\/torba-na-kamishibai","og_site_name":"Tibum Wydawnictwo Kamishibai - Papierowy Teatr","article_publisher":"https:\/\/www.facebook.com\/PapierowyTeatr","article_modified_time":"2025-09-18T12:59:11+00:00","og_image":[{"width":1137,"height":850,"url":"https:\/\/www.tibum.pl\/shop\/wp-content\/uploads\/TORBA_WWW-2.jpg","type":"image\/jpeg"}],"twitter_card":"summary_large_image","twitter_misc":{"Szacowany czas czytania":"1 minuta"},"schema":{"@context":"https:\/\/schema.org","@graph":[{"@type":"WebPage","@id":"https:\/\/www.tibum.pl\/shop\/produkt\/torba-na-kamishibai","url":"https:\/\/www.tibum.pl\/shop\/produkt\/torba-na-kamishibai","name":"JEDYNA TAKA TORBA - torba na kamishibai - Tibum Wydawnictwo Kamishibai - Papierowy Teatr","isPartOf":{"@id":"https:\/\/www.tibum.pl\/shop\/#website"},"primaryImageOfPage":{"@id":"https:\/\/www.tibum.pl\/shop\/produkt\/torba-na-kamishibai#primaryimage"},"image":{"@id":"https:\/\/www.tibum.pl\/shop\/produkt\/torba-na-kamishibai#primaryimage"},"thumbnailUrl":"https:\/\/www.tibum.pl\/shop\/wp-content\/uploads\/TORBA_WWW-2.jpg","datePublished":"2017-01-13T09:56:21+00:00","dateModified":"2025-09-18T12:59:11+00:00","breadcrumb":{"@id":"https:\/\/www.tibum.pl\/shop\/produkt\/torba-na-kamishibai#breadcrumb"},"inLanguage":"pl-PL","potentialAction":[{"@type":"ReadAction","target":["https:\/\/www.tibum.pl\/shop\/produkt\/torba-na-kamishibai"]}]},{"@type":"ImageObject","inLanguage":"pl-PL","@id":"https:\/\/www.tibum.pl\/shop\/produkt\/torba-na-kamishibai#primaryimage","url":"https:\/\/www.tibum.pl\/shop\/wp-content\/uploads\/TORBA_WWW-2.jpg","contentUrl":"https:\/\/www.tibum.pl\/shop\/wp-content\/uploads\/TORBA_WWW-2.jpg","width":1137,"height":850,"caption":"torba na kamishibai"},{"@type":"BreadcrumbList","@id":"https:\/\/www.tibum.pl\/shop\/produkt\/torba-na-kamishibai#breadcrumb","itemListElement":[{"@type":"ListItem","position":1,"name":"Home","item":"https:\/\/www.tibum.pl\/shop\/"},{"@type":"ListItem","position":2,"name":"Sklep","item":"https:\/\/www.tibum.pl\/shop\/sklep"},{"@type":"ListItem","position":3,"name":"JEDYNA TAKA TORBA &#8211; torba na kamishibai"}]},{"@type":"WebSite","@id":"https:\/\/www.tibum.pl\/shop\/#website","url":"https:\/\/www.tibum.pl\/shop\/","name":"Tibum Wydawnictwo Kamishibai - Papierowy Teatr","description":"wydawca ksi\u0105\u017cek i bajek obrazkowych kamishibai","potentialAction":[{"@type":"SearchAction","target":{"@type":"EntryPoint","urlTemplate":"https:\/\/www.tibum.pl\/shop\/?s={search_term_string}"},"query-input":{"@type":"PropertyValueSpecification","valueRequired":true,"valueName":"search_term_string"}}],"inLanguage":"pl-PL"}]}},"_links":{"self":[{"href":"https:\/\/www.tibum.pl\/shop\/wp-json\/wp\/v2\/product\/13372","targetHints":{"allow":["GET"]}}],"collection":[{"href":"https:\/\/www.tibum.pl\/shop\/wp-json\/wp\/v2\/product"}],"about":[{"href":"https:\/\/www.tibum.pl\/shop\/wp-json\/wp\/v2\/types\/product"}],"wp:featuredmedia":[{"embeddable":true,"href":"https:\/\/www.tibum.pl\/shop\/wp-json\/wp\/v2\/media\/13366"}],"wp:attachment":[{"href":"https:\/\/www.tibum.pl\/shop\/wp-json\/wp\/v2\/media?parent=13372"}],"wp:term":[{"taxonomy":"product_brand","embeddable":true,"href":"https:\/\/www.tibum.pl\/shop\/wp-json\/wp\/v2\/product_brand?post=13372"},{"taxonomy":"product_cat","embeddable":true,"href":"https:\/\/www.tibum.pl\/shop\/wp-json\/wp\/v2\/product_cat?post=13372"},{"taxonomy":"product_tag","embeddable":true,"href":"https:\/\/www.tibum.pl\/shop\/wp-json\/wp\/v2\/product_tag?post=13372"}],"curies":[{"name":"wp","href":"https:\/\/api.w.org\/{rel}","templated":true}]}}