{"id":13673,"date":"2019-09-04T07:11:18","date_gmt":"2019-09-04T05:11:18","guid":{"rendered":"https:\/\/www.tibum.pl\/shop\/?post_type=product&#038;p=13673"},"modified":"2025-11-24T13:50:12","modified_gmt":"2025-11-24T12:50:12","slug":"dwa-ptaszki","status":"publish","type":"product","link":"https:\/\/www.tibum.pl\/shop\/produkt\/dwa-ptaszki","title":{"rendered":"&#8222;Dwa Ptaszki&#8221;, Julian Brudzewski, Piotr Zatorski, 11 kart narracyjnych"},"content":{"rendered":"<article>\n<div style=\"text-align: left;\"><\/div>\n<\/article>\n<p><strong>ksi\u0105\u017cka kamishibai w formie ilustrowanych kart narracyjnych<\/strong><\/p>\n<p><strong>Tytu\u0142: &#8222;Dwa Ptaszki&#8221;<\/strong><\/p>\n<p><strong>Ilustracje: <a href=\"https:\/\/www.tibum.pl\/shop\/autorzy\/piotr-zatorski\">Piotr Zatorski<\/a><\/strong><\/p>\n<p><strong>Tekst: <a href=\"https:\/\/www.tibum.pl\/shop\/autorzy\/julian-brudzewski\">Julian Brudzewski<\/a><\/strong><\/p>\n<p><strong>ISBN: 978-83-947587-4-5<\/strong><\/p>\n<p><strong>\u00a0<\/strong><\/p>\n<p>Ksi\u0105\u017cka inspirowana japo\u0144ska opowie\u015bci\u0105 kamishibai z lat czterdziestych XX wieku, czyli z okresu rozkwitu kamishibai w Japonii.<\/p>\n<p>To prosta i pi\u0119kna przypowie\u015b\u0107 o sile wsp\u00f3\u0142pracy i wsp\u00f3\u0142dzia\u0142ania. Opowie\u015b\u0107 osadzona jest w trudnych warunkach klimatycznych i ukazuje wod\u0119 jako szanse przetrwania i cenny dar, o kt\u00f3ry warto wsp\u00f3lnie walczy\u0107.<\/p>\n<p>Jak wsp\u00f3\u0142dzia\u0142a\u0107? Czemu w pojedynk\u0119 trudniej osi\u0105ga\u0107 cele? Jak si\u0119 nie podda\u0107?<\/p>\n<p>Ksi\u0105\u017cka mo\u017ce te\u017c stanowi\u0107 doskona\u0142y pretekst do rozmowy na temat zmian klimatycznych, suszy i wsp\u00f3\u0142dzia\u0142ania cz\u0142owieka i przyrody dla dobra ludzko\u015bci i planety.<\/p>\n<p>Opowie\u015b\u0107 kamishibai odpowiadaj\u0105ca zasadom <a href=\"https:\/\/www.tibum.pl\/shop\/warsztaty-i-szkolenia\">metody kamishibai<\/a> w tworzeniu minimalistycznej w formie ale mocnej w oddzia\u0142ywaniu opowie\u015bci. Ksi\u0105\u017cka doskonale pokazuje ide\u0119 wsp\u00f3\u0142dzia\u0142ania i b\u0119dzie \u015bwietnym materia\u0142em do zastosowania w pracy metod\u0105 projektu.<\/p>\n<p>Dla dzieci od lat 3<\/p>\n<p>&nbsp;<\/p>\n<p>Wydawnictwo: Wydawnictwo Tibum<\/p>\n<p>Wymiary: <strong> A3 (297\/420 mm)<\/strong><\/p>\n<p>Liczba kart: 11 (dwustronnych)<\/p>\n<p>Ilo\u015b\u0107 stron: 22 (tekst, ilustracje)<\/p>\n<p>Rok wydania: 2019<\/p>\n<p>Oprawa: kartonowa koperta<\/p>\n<p>&nbsp;<\/p>\n<p>Uwaga:<\/p>\n<p>Zdj\u0119cia w galerii produktu mog\u0105 zawiera\u0107 inne przedmioty np. ksi\u0105\u017cki, teatrzyki-parawany, kt\u00f3re s\u0105 osobno zamawianymi pozycjami.<\/p>\n<div id=\"s3gt_translate_tooltip_mini\" class=\"s3gt_translate_tooltip_mini_box\" style=\"background: initial !important; border: initial !important; border-radius: initial !important; border-spacing: initial !important; border-collapse: initial !important; direction: ltr !important; flex-direction: initial !important; font-weight: initial !important; height: initial !important; letter-spacing: initial !important; min-width: initial !important; max-width: initial !important; min-height: initial !important; max-height: initial !important; margin: auto !important; outline: initial !important; padding: initial !important; position: absolute; table-layout: initial !important; text-align: initial !important; text-shadow: initial !important; width: initial !important; word-break: initial !important; word-spacing: initial !important; overflow-wrap: initial !important; box-sizing: initial !important; display: initial !important; color: inherit !important; font-size: 13px !important; font-family: X-LocaleSpecific, sans-serif, Tahoma, Helvetica !important; line-height: 13px !important; vertical-align: top !important; white-space: inherit !important; left: 10px; top: 253px; opacity: 0.7;\">\n<div id=\"s3gt_translate_tooltip_mini_logo\" class=\"s3gt_translate_tooltip_mini\" title=\"T\u0142umacz zaznaczony tekst\"><\/div>\n<div id=\"s3gt_translate_tooltip_mini_sound\" class=\"s3gt_translate_tooltip_mini\" title=\"Odtw\u00f3rz\"><\/div>\n<div id=\"s3gt_translate_tooltip_mini_copy\" class=\"s3gt_translate_tooltip_mini\" title=\"Kopiuj tekst do schowka\"><\/div>\n<\/div>\n","protected":false},"excerpt":{"rendered":"<p>ksi\u0105\u017cka kamishibai w formie ilustrowanych kart narracyjnych<\/p>\n<p>Tytu\u0142: <strong><cite>&#8222;Dwa Ptaszki&#8221;<\/cite><\/strong><br \/>\nIlustracje: <a href=\"https:\/\/www.tibum.pl\/shop\/autorzy\/piotr-zatorski\"><strong>Piotr Zatorski<\/strong><\/a><br \/>\nTekst: <a href=\"https:\/\/www.tibum.pl\/shop\/autorzy\/julian-brudzewski\"><strong>Julian Brudzewski<\/strong><\/a><\/p>\n<p>ISBN: 978-83-947587-4-5<\/p>\n","protected":false},"featured_media":13704,"template":"","meta":[],"product_brand":[],"product_cat":[18,48],"product_tag":[638,6,579,377,906,221,904,905],"class_list":{"0":"post-13673","1":"product","2":"type-product","3":"status-publish","4":"has-post-thumbnail","6":"product_cat-kamishibai","7":"product_cat-karty-narracyjne-do-teatrzyku-kamishibai","8":"product_tag-bajki-kamishibai","9":"product_tag-kamishibai","10":"product_tag-ksiazka-kamishibai","11":"product_tag-przedszkole","12":"product_tag-ptaki","13":"product_tag-tibum","14":"product_tag-wspolpraca","15":"product_tag-zmiany-klimatu","16":"product_shipping_class-lekkie1","17":"description-off","19":"first","20":"instock","21":"featured","22":"taxable","23":"shipping-taxable","24":"purchasable","25":"product-type-simple"},"yoast_head":"<!-- This site is optimized with the Yoast SEO plugin v27.3 - https:\/\/yoast.com\/product\/yoast-seo-wordpress\/ -->\n<title>&quot;Dwa Ptaszki&quot;, Julian Brudzewski, Piotr Zatorski, 11 kart narracyjnych - Tibum Wydawnictwo Kamishibai - Papierowy Teatr<\/title>\n<meta name=\"robots\" content=\"index, follow, max-snippet:-1, max-image-preview:large, max-video-preview:-1\" \/>\n<link rel=\"canonical\" href=\"https:\/\/www.tibum.pl\/shop\/produkt\/dwa-ptaszki\" \/>\n<meta property=\"og:locale\" content=\"pl_PL\" \/>\n<meta property=\"og:type\" content=\"article\" \/>\n<meta property=\"og:title\" content=\"&quot;Dwa Ptaszki&quot;, Julian Brudzewski, Piotr Zatorski, 11 kart narracyjnych - Tibum Wydawnictwo Kamishibai - Papierowy Teatr\" \/>\n<meta property=\"og:description\" content=\"ksi\u0105\u017cka kamishibai w formie ilustrowanych kart narracyjnych  Tytu\u0142: &quot;Dwa Ptaszki&quot; Ilustracje: Piotr Zatorski Tekst: Julian Brudzewski  ISBN: 978-83-947587-4-5\" \/>\n<meta property=\"og:url\" content=\"https:\/\/www.tibum.pl\/shop\/produkt\/dwa-ptaszki\" \/>\n<meta property=\"og:site_name\" content=\"Tibum Wydawnictwo Kamishibai - Papierowy Teatr\" \/>\n<meta property=\"article:publisher\" content=\"https:\/\/www.facebook.com\/PapierowyTeatr\" \/>\n<meta property=\"article:modified_time\" content=\"2025-11-24T12:50:12+00:00\" \/>\n<meta property=\"og:image\" content=\"https:\/\/www.tibum.pl\/shop\/wp-content\/uploads\/Dwa_ptaszki_okladka.jpg\" \/>\n\t<meta property=\"og:image:width\" content=\"1200\" \/>\n\t<meta property=\"og:image:height\" content=\"866\" \/>\n\t<meta property=\"og:image:type\" content=\"image\/jpeg\" \/>\n<meta name=\"twitter:card\" content=\"summary_large_image\" \/>\n<meta name=\"twitter:label1\" content=\"Szacowany czas czytania\" \/>\n\t<meta name=\"twitter:data1\" content=\"1 minuta\" \/>\n<script type=\"application\/ld+json\" class=\"yoast-schema-graph\">{\"@context\":\"https:\\\/\\\/schema.org\",\"@graph\":[{\"@type\":\"WebPage\",\"@id\":\"https:\\\/\\\/www.tibum.pl\\\/shop\\\/produkt\\\/dwa-ptaszki\",\"url\":\"https:\\\/\\\/www.tibum.pl\\\/shop\\\/produkt\\\/dwa-ptaszki\",\"name\":\"\\\"Dwa Ptaszki\\\", Julian Brudzewski, Piotr Zatorski, 11 kart narracyjnych - Tibum Wydawnictwo Kamishibai - Papierowy Teatr\",\"isPartOf\":{\"@id\":\"https:\\\/\\\/www.tibum.pl\\\/shop\\\/#website\"},\"primaryImageOfPage\":{\"@id\":\"https:\\\/\\\/www.tibum.pl\\\/shop\\\/produkt\\\/dwa-ptaszki#primaryimage\"},\"image\":{\"@id\":\"https:\\\/\\\/www.tibum.pl\\\/shop\\\/produkt\\\/dwa-ptaszki#primaryimage\"},\"thumbnailUrl\":\"https:\\\/\\\/www.tibum.pl\\\/shop\\\/wp-content\\\/uploads\\\/Dwa_ptaszki_okladka.jpg\",\"datePublished\":\"2019-09-04T05:11:18+00:00\",\"dateModified\":\"2025-11-24T12:50:12+00:00\",\"breadcrumb\":{\"@id\":\"https:\\\/\\\/www.tibum.pl\\\/shop\\\/produkt\\\/dwa-ptaszki#breadcrumb\"},\"inLanguage\":\"pl-PL\",\"potentialAction\":[{\"@type\":\"ReadAction\",\"target\":[\"https:\\\/\\\/www.tibum.pl\\\/shop\\\/produkt\\\/dwa-ptaszki\"]}]},{\"@type\":\"ImageObject\",\"inLanguage\":\"pl-PL\",\"@id\":\"https:\\\/\\\/www.tibum.pl\\\/shop\\\/produkt\\\/dwa-ptaszki#primaryimage\",\"url\":\"https:\\\/\\\/www.tibum.pl\\\/shop\\\/wp-content\\\/uploads\\\/Dwa_ptaszki_okladka.jpg\",\"contentUrl\":\"https:\\\/\\\/www.tibum.pl\\\/shop\\\/wp-content\\\/uploads\\\/Dwa_ptaszki_okladka.jpg\",\"width\":1200,\"height\":866,\"caption\":\"Dwa ptaszki\"},{\"@type\":\"BreadcrumbList\",\"@id\":\"https:\\\/\\\/www.tibum.pl\\\/shop\\\/produkt\\\/dwa-ptaszki#breadcrumb\",\"itemListElement\":[{\"@type\":\"ListItem\",\"position\":1,\"name\":\"Home\",\"item\":\"https:\\\/\\\/www.tibum.pl\\\/shop\\\/\"},{\"@type\":\"ListItem\",\"position\":2,\"name\":\"Sklep\",\"item\":\"https:\\\/\\\/www.tibum.pl\\\/shop\\\/sklep\"},{\"@type\":\"ListItem\",\"position\":3,\"name\":\"&#8222;Dwa Ptaszki&#8221;, Julian Brudzewski, Piotr Zatorski, 11 kart narracyjnych\"}]},{\"@type\":\"WebSite\",\"@id\":\"https:\\\/\\\/www.tibum.pl\\\/shop\\\/#website\",\"url\":\"https:\\\/\\\/www.tibum.pl\\\/shop\\\/\",\"name\":\"Tibum Wydawnictwo Kamishibai - Papierowy Teatr\",\"description\":\"wydawca ksi\u0105\u017cek i bajek obrazkowych kamishibai\",\"potentialAction\":[{\"@type\":\"SearchAction\",\"target\":{\"@type\":\"EntryPoint\",\"urlTemplate\":\"https:\\\/\\\/www.tibum.pl\\\/shop\\\/?s={search_term_string}\"},\"query-input\":{\"@type\":\"PropertyValueSpecification\",\"valueRequired\":true,\"valueName\":\"search_term_string\"}}],\"inLanguage\":\"pl-PL\"}]}<\/script>\n<!-- \/ Yoast SEO plugin. -->","yoast_head_json":{"title":"\"Dwa Ptaszki\", Julian Brudzewski, Piotr Zatorski, 11 kart narracyjnych - Tibum Wydawnictwo Kamishibai - Papierowy Teatr","robots":{"index":"index","follow":"follow","max-snippet":"max-snippet:-1","max-image-preview":"max-image-preview:large","max-video-preview":"max-video-preview:-1"},"canonical":"https:\/\/www.tibum.pl\/shop\/produkt\/dwa-ptaszki","og_locale":"pl_PL","og_type":"article","og_title":"\"Dwa Ptaszki\", Julian Brudzewski, Piotr Zatorski, 11 kart narracyjnych - Tibum Wydawnictwo Kamishibai - Papierowy Teatr","og_description":"ksi\u0105\u017cka kamishibai w formie ilustrowanych kart narracyjnych  Tytu\u0142: \"Dwa Ptaszki\" Ilustracje: Piotr Zatorski Tekst: Julian Brudzewski  ISBN: 978-83-947587-4-5","og_url":"https:\/\/www.tibum.pl\/shop\/produkt\/dwa-ptaszki","og_site_name":"Tibum Wydawnictwo Kamishibai - Papierowy Teatr","article_publisher":"https:\/\/www.facebook.com\/PapierowyTeatr","article_modified_time":"2025-11-24T12:50:12+00:00","og_image":[{"width":1200,"height":866,"url":"https:\/\/www.tibum.pl\/shop\/wp-content\/uploads\/Dwa_ptaszki_okladka.jpg","type":"image\/jpeg"}],"twitter_card":"summary_large_image","twitter_misc":{"Szacowany czas czytania":"1 minuta"},"schema":{"@context":"https:\/\/schema.org","@graph":[{"@type":"WebPage","@id":"https:\/\/www.tibum.pl\/shop\/produkt\/dwa-ptaszki","url":"https:\/\/www.tibum.pl\/shop\/produkt\/dwa-ptaszki","name":"\"Dwa Ptaszki\", Julian Brudzewski, Piotr Zatorski, 11 kart narracyjnych - Tibum Wydawnictwo Kamishibai - Papierowy Teatr","isPartOf":{"@id":"https:\/\/www.tibum.pl\/shop\/#website"},"primaryImageOfPage":{"@id":"https:\/\/www.tibum.pl\/shop\/produkt\/dwa-ptaszki#primaryimage"},"image":{"@id":"https:\/\/www.tibum.pl\/shop\/produkt\/dwa-ptaszki#primaryimage"},"thumbnailUrl":"https:\/\/www.tibum.pl\/shop\/wp-content\/uploads\/Dwa_ptaszki_okladka.jpg","datePublished":"2019-09-04T05:11:18+00:00","dateModified":"2025-11-24T12:50:12+00:00","breadcrumb":{"@id":"https:\/\/www.tibum.pl\/shop\/produkt\/dwa-ptaszki#breadcrumb"},"inLanguage":"pl-PL","potentialAction":[{"@type":"ReadAction","target":["https:\/\/www.tibum.pl\/shop\/produkt\/dwa-ptaszki"]}]},{"@type":"ImageObject","inLanguage":"pl-PL","@id":"https:\/\/www.tibum.pl\/shop\/produkt\/dwa-ptaszki#primaryimage","url":"https:\/\/www.tibum.pl\/shop\/wp-content\/uploads\/Dwa_ptaszki_okladka.jpg","contentUrl":"https:\/\/www.tibum.pl\/shop\/wp-content\/uploads\/Dwa_ptaszki_okladka.jpg","width":1200,"height":866,"caption":"Dwa ptaszki"},{"@type":"BreadcrumbList","@id":"https:\/\/www.tibum.pl\/shop\/produkt\/dwa-ptaszki#breadcrumb","itemListElement":[{"@type":"ListItem","position":1,"name":"Home","item":"https:\/\/www.tibum.pl\/shop\/"},{"@type":"ListItem","position":2,"name":"Sklep","item":"https:\/\/www.tibum.pl\/shop\/sklep"},{"@type":"ListItem","position":3,"name":"&#8222;Dwa Ptaszki&#8221;, Julian Brudzewski, Piotr Zatorski, 11 kart narracyjnych"}]},{"@type":"WebSite","@id":"https:\/\/www.tibum.pl\/shop\/#website","url":"https:\/\/www.tibum.pl\/shop\/","name":"Tibum Wydawnictwo Kamishibai - Papierowy Teatr","description":"wydawca ksi\u0105\u017cek i bajek obrazkowych kamishibai","potentialAction":[{"@type":"SearchAction","target":{"@type":"EntryPoint","urlTemplate":"https:\/\/www.tibum.pl\/shop\/?s={search_term_string}"},"query-input":{"@type":"PropertyValueSpecification","valueRequired":true,"valueName":"search_term_string"}}],"inLanguage":"pl-PL"}]}},"_links":{"self":[{"href":"https:\/\/www.tibum.pl\/shop\/wp-json\/wp\/v2\/product\/13673","targetHints":{"allow":["GET"]}}],"collection":[{"href":"https:\/\/www.tibum.pl\/shop\/wp-json\/wp\/v2\/product"}],"about":[{"href":"https:\/\/www.tibum.pl\/shop\/wp-json\/wp\/v2\/types\/product"}],"wp:featuredmedia":[{"embeddable":true,"href":"https:\/\/www.tibum.pl\/shop\/wp-json\/wp\/v2\/media\/13704"}],"wp:attachment":[{"href":"https:\/\/www.tibum.pl\/shop\/wp-json\/wp\/v2\/media?parent=13673"}],"wp:term":[{"taxonomy":"product_brand","embeddable":true,"href":"https:\/\/www.tibum.pl\/shop\/wp-json\/wp\/v2\/product_brand?post=13673"},{"taxonomy":"product_cat","embeddable":true,"href":"https:\/\/www.tibum.pl\/shop\/wp-json\/wp\/v2\/product_cat?post=13673"},{"taxonomy":"product_tag","embeddable":true,"href":"https:\/\/www.tibum.pl\/shop\/wp-json\/wp\/v2\/product_tag?post=13673"}],"curies":[{"name":"wp","href":"https:\/\/api.w.org\/{rel}","templated":true}]}}