{"id":13813,"date":"2022-10-01T11:43:10","date_gmt":"2022-10-01T09:43:10","guid":{"rendered":"https:\/\/www.tibum.pl\/shop\/?post_type=product&#038;p=13813"},"modified":"2026-01-21T19:27:23","modified_gmt":"2026-01-21T18:27:23","slug":"teatrzyk-kamishibai-format-a3-2","status":"publish","type":"product","link":"https:\/\/www.tibum.pl\/shop\/produkt\/teatrzyk-kamishibai-format-a3-2","title":{"rendered":"Teatrzyk kamishibai bejcowany\/d\u0105b &#8211; format A3"},"content":{"rendered":"<p><strong>T<\/strong><strong>eatrzyk kamishibai &#8211; tradycyjna<\/strong><strong>, bukowa, trzydrzwiowa wersja zrealizowana na wz\u00f3r japo\u0144skiego butai,<\/strong><\/p>\n<p><strong>w formacie A3 w kolorze: d\u0105b.<br \/>\n<\/strong><\/p>\n<p>&nbsp;<\/p>\n<div style=\"text-align: justify;\">\n<p>Zaokr\u0105glone, harmonijnie i dyskretne \u0142uki drzwiczek oraz dodatkowa, g\u00f3rna okiennica sprawiaj\u0105, wra\u017cenie teatralnej kurtyny. \u0141agodne \u0142uki w tradycyjnym teatrzyku kamishibai odgrywaj\u0105 wa\u017cn\u0105 rol\u0119, dzi\u0119ki <a href=\"https:\/\/www.tibum.pl\/shop\/co-to-jest-kamishibai\">znacznemu wyci\u0119ciu bocznej okiennicy karta, kt\u00f3ra znika przed oczami widz\u00f3w jest widoczna d\u0142u\u017cej,<\/a> a wi\u0119c wra\u017cenie ci\u0105g\u0142o\u015bci obraz\u00f3w jest wi\u0119ksze!<\/p>\n<p>Ozdobne wyci\u0119cia i upi\u0119kszenia okiennic teatrzyku dzia\u0142aj\u0105 niekorzystnie na skupienie i percepcj\u0119 pokazywanej opowie\u015bci. Linie proste w butai zarezerwowane s\u0105 dla ekranu czyli samego okienka teatrzyku.<\/p>\n<p>Drewniany trzydrzwiowy teatrzyk kamishibai wykonany jest z drewna bukowego &#8211; rama teatru i sklejki &#8211; okiennice. <strong>Drewno bukowe w przeciwie\u0144stwie do sosnowego jest drewnem twardym. Zapewnia to teatrzykowi solidno\u015b\u0107, GDY\u017b JEST ON CI\u0118\u017bSZY OD SOSNOWEGO oraz trwa\u0142o\u015b\u0107 na lata intensywnego u\u017cytkowania. <\/strong><strong>Wn\u0119trze teatrzyku zyskuje r\u00f3wnie\u017c estetycznie.<br \/>\n<\/strong><\/p>\n<p>Teatrzyk kamishibai bukowy to nie tylko pomoc dydaktyczna ale r\u00f3wnie\u017c pi\u0119kny, drewniany przedmiot, kt\u00f3ry zyskuje z wiekiem.<\/p>\n<p><strong>Kolor nadaje mu ekologiczna d\u0119bowa bejca<\/strong>. Dodatkowo parawan jest pomalowany lakierem bezbarwnym z atestem <abbr title=\"Pa\u0144stwowy Zak\u0142ad Higieny\">PZH<\/abbr> dla zabawek.<\/p>\n<\/div>\n<p><strong>DANE TECHNICZNE:<\/strong><\/p>\n<ul>\n<li><strong>Drzwiczki \/ okiennice:<\/strong> 3 szt., w tym 2 szt. boczne (prawe i lewe) i 1 g\u00f3rna<\/li>\n<li><strong>Waga:<\/strong> 2,500 kg<\/li>\n<li><strong>Kolor:<\/strong> d\u0105b<\/li>\n<li><strong>Wymiary zewn\u0119trzne:<\/strong> 44 x 6.5 x 33 cm<\/li>\n<li><strong>Wymiary ekranu:<\/strong> 36 x 25 cm<\/li>\n<li><strong>do czytania ksi\u0105\u017cek w formacie A3 <\/strong><\/li>\n<\/ul>\n<p style=\"text-align: justify; color: #212121; font-size: small; font-weight: normal;\"><strong>Uwaga:<\/strong><br \/>\nZdj\u0119cia w galerii produktu mog\u0105 zawiera\u0107 inne przedmioty np. ksi\u0105\u017cki, kt\u00f3re s\u0105 osobno zamawianymi pozycjami<\/p>\n","protected":false},"excerpt":{"rendered":"<p><strong>Tradycyjna, trzydrzwiowa wersja teatrzyku kamishibai zrealizowana na wz\u00f3r japo\u0144skiego butai.<\/strong><\/p>\n<p><strong>Do czytania ksi\u0105\u017cek w formie kart narracyjnych w formacie A3<\/strong><\/p>\n<p><strong>Drewniany, trzydrzwiowy parawan kamishibai wykonany jest z drewna bukowego i sklejki.<\/strong><br \/>\n<strong>Drewno bukowe w przeciwie\u0144stwie do sosnowego jest drewnem twardym. Zapewnia to teatrzykowi solidno\u015b\u0107 i trwa\u0142o\u015b\u0107.<\/strong><\/p>\n<p><strong>Teatrzyk w formacie A3 w kolorze: d\u0105b<\/strong><\/p>\n","protected":false},"featured_media":8059,"template":"","meta":[],"product_brand":[],"product_cat":[18,75],"product_tag":[635,219,6,8,223,572,541,221],"class_list":{"0":"post-13813","1":"product","2":"type-product","3":"status-publish","4":"has-post-thumbnail","6":"product_cat-kamishibai","7":"product_cat-teatrzyk-parawan","8":"product_tag-bukowy-teatrzyk","9":"product_tag-butai","10":"product_tag-kamishibai","11":"product_tag-parawan","12":"product_tag-skrzynka","13":"product_tag-storytelling","14":"product_tag-teatrzyk-drewniany","15":"product_tag-tibum","16":"product_shipping_class-lekkie2","17":"description-off","19":"first","20":"instock","21":"taxable","22":"shipping-taxable","23":"purchasable","24":"product-type-simple"},"yoast_head":"<!-- This site is optimized with the Yoast SEO plugin v27.3 - https:\/\/yoast.com\/product\/yoast-seo-wordpress\/ -->\n<title>Teatrzyk kamishibai bejcowany\/d\u0105b - format A3 - Tibum Wydawnictwo Kamishibai - Papierowy Teatr<\/title>\n<meta name=\"description\" content=\"Tradycyjny teatrzyk kamishibai butai do prezentacji ksi\u0105\u017cek - kart narracyjnych. Teatrzyk bukowy wyprodukowany rzemie\u015blniczo w Polsce. Produkt najwy\u017cszej jako\u015bci. Nasze teatrzyki s\u0105 stabilne, solidne i pi\u0119kne.\" \/>\n<meta name=\"robots\" content=\"index, follow, max-snippet:-1, max-image-preview:large, max-video-preview:-1\" \/>\n<link rel=\"canonical\" href=\"https:\/\/www.tibum.pl\/shop\/produkt\/teatrzyk-kamishibai-format-a3-2\" \/>\n<meta property=\"og:locale\" content=\"pl_PL\" \/>\n<meta property=\"og:type\" content=\"article\" \/>\n<meta property=\"og:title\" content=\"Teatrzyk kamishibai bejcowany\/d\u0105b - format A3 - Tibum Wydawnictwo Kamishibai - Papierowy Teatr\" \/>\n<meta property=\"og:description\" content=\"Tradycyjny teatrzyk kamishibai butai do prezentacji ksi\u0105\u017cek - kart narracyjnych. Teatrzyk bukowy wyprodukowany rzemie\u015blniczo w Polsce. Produkt najwy\u017cszej jako\u015bci. Nasze teatrzyki s\u0105 stabilne, solidne i pi\u0119kne.\" \/>\n<meta property=\"og:url\" content=\"https:\/\/www.tibum.pl\/shop\/produkt\/teatrzyk-kamishibai-format-a3-2\" \/>\n<meta property=\"og:site_name\" content=\"Tibum Wydawnictwo Kamishibai - Papierowy Teatr\" \/>\n<meta property=\"article:publisher\" content=\"https:\/\/www.facebook.com\/PapierowyTeatr\" \/>\n<meta property=\"article:modified_time\" content=\"2026-01-21T18:27:23+00:00\" \/>\n<meta property=\"og:image\" content=\"https:\/\/www.tibum.pl\/shop\/wp-content\/uploads\/tibum_kamishibai_parawan_c-e1493326780260.jpg\" \/>\n\t<meta property=\"og:image:width\" content=\"640\" \/>\n\t<meta property=\"og:image:height\" content=\"427\" \/>\n\t<meta property=\"og:image:type\" content=\"image\/jpeg\" \/>\n<meta name=\"twitter:card\" content=\"summary_large_image\" \/>\n<meta name=\"twitter:label1\" content=\"Szacowany czas czytania\" \/>\n\t<meta name=\"twitter:data1\" content=\"2 minuty\" \/>\n<script type=\"application\/ld+json\" class=\"yoast-schema-graph\">{\"@context\":\"https:\\\/\\\/schema.org\",\"@graph\":[{\"@type\":\"WebPage\",\"@id\":\"https:\\\/\\\/www.tibum.pl\\\/shop\\\/produkt\\\/teatrzyk-kamishibai-format-a3-2\",\"url\":\"https:\\\/\\\/www.tibum.pl\\\/shop\\\/produkt\\\/teatrzyk-kamishibai-format-a3-2\",\"name\":\"Teatrzyk kamishibai bejcowany\\\/d\u0105b - format A3 - Tibum Wydawnictwo Kamishibai - Papierowy Teatr\",\"isPartOf\":{\"@id\":\"https:\\\/\\\/www.tibum.pl\\\/shop\\\/#website\"},\"primaryImageOfPage\":{\"@id\":\"https:\\\/\\\/www.tibum.pl\\\/shop\\\/produkt\\\/teatrzyk-kamishibai-format-a3-2#primaryimage\"},\"image\":{\"@id\":\"https:\\\/\\\/www.tibum.pl\\\/shop\\\/produkt\\\/teatrzyk-kamishibai-format-a3-2#primaryimage\"},\"thumbnailUrl\":\"https:\\\/\\\/www.tibum.pl\\\/shop\\\/wp-content\\\/uploads\\\/tibum_kamishibai_parawan_c-e1493326780260.jpg\",\"datePublished\":\"2022-10-01T09:43:10+00:00\",\"dateModified\":\"2026-01-21T18:27:23+00:00\",\"description\":\"Tradycyjny teatrzyk kamishibai butai do prezentacji ksi\u0105\u017cek - kart narracyjnych. Teatrzyk bukowy wyprodukowany rzemie\u015blniczo w Polsce. Produkt najwy\u017cszej jako\u015bci. Nasze teatrzyki s\u0105 stabilne, solidne i pi\u0119kne.\",\"breadcrumb\":{\"@id\":\"https:\\\/\\\/www.tibum.pl\\\/shop\\\/produkt\\\/teatrzyk-kamishibai-format-a3-2#breadcrumb\"},\"inLanguage\":\"pl-PL\",\"potentialAction\":[{\"@type\":\"ReadAction\",\"target\":[\"https:\\\/\\\/www.tibum.pl\\\/shop\\\/produkt\\\/teatrzyk-kamishibai-format-a3-2\"]}]},{\"@type\":\"ImageObject\",\"inLanguage\":\"pl-PL\",\"@id\":\"https:\\\/\\\/www.tibum.pl\\\/shop\\\/produkt\\\/teatrzyk-kamishibai-format-a3-2#primaryimage\",\"url\":\"https:\\\/\\\/www.tibum.pl\\\/shop\\\/wp-content\\\/uploads\\\/tibum_kamishibai_parawan_c-e1493326780260.jpg\",\"contentUrl\":\"https:\\\/\\\/www.tibum.pl\\\/shop\\\/wp-content\\\/uploads\\\/tibum_kamishibai_parawan_c-e1493326780260.jpg\",\"width\":640,\"height\":427,\"caption\":\"zamkni\u0119ta magiczna skrzynka kamishibai - zdj\u0119cie teatrzyku model C\"},{\"@type\":\"BreadcrumbList\",\"@id\":\"https:\\\/\\\/www.tibum.pl\\\/shop\\\/produkt\\\/teatrzyk-kamishibai-format-a3-2#breadcrumb\",\"itemListElement\":[{\"@type\":\"ListItem\",\"position\":1,\"name\":\"Home\",\"item\":\"https:\\\/\\\/www.tibum.pl\\\/shop\\\/\"},{\"@type\":\"ListItem\",\"position\":2,\"name\":\"Sklep\",\"item\":\"https:\\\/\\\/www.tibum.pl\\\/shop\\\/sklep\"},{\"@type\":\"ListItem\",\"position\":3,\"name\":\"Teatrzyk kamishibai bejcowany\\\/d\u0105b &#8211; format A3\"}]},{\"@type\":\"WebSite\",\"@id\":\"https:\\\/\\\/www.tibum.pl\\\/shop\\\/#website\",\"url\":\"https:\\\/\\\/www.tibum.pl\\\/shop\\\/\",\"name\":\"Tibum Wydawnictwo Kamishibai - Papierowy Teatr\",\"description\":\"wydawca ksi\u0105\u017cek i bajek obrazkowych kamishibai\",\"potentialAction\":[{\"@type\":\"SearchAction\",\"target\":{\"@type\":\"EntryPoint\",\"urlTemplate\":\"https:\\\/\\\/www.tibum.pl\\\/shop\\\/?s={search_term_string}\"},\"query-input\":{\"@type\":\"PropertyValueSpecification\",\"valueRequired\":true,\"valueName\":\"search_term_string\"}}],\"inLanguage\":\"pl-PL\"}]}<\/script>\n<!-- \/ Yoast SEO plugin. -->","yoast_head_json":{"title":"Teatrzyk kamishibai bejcowany\/d\u0105b - format A3 - Tibum Wydawnictwo Kamishibai - Papierowy Teatr","description":"Tradycyjny teatrzyk kamishibai butai do prezentacji ksi\u0105\u017cek - kart narracyjnych. Teatrzyk bukowy wyprodukowany rzemie\u015blniczo w Polsce. Produkt najwy\u017cszej jako\u015bci. Nasze teatrzyki s\u0105 stabilne, solidne i pi\u0119kne.","robots":{"index":"index","follow":"follow","max-snippet":"max-snippet:-1","max-image-preview":"max-image-preview:large","max-video-preview":"max-video-preview:-1"},"canonical":"https:\/\/www.tibum.pl\/shop\/produkt\/teatrzyk-kamishibai-format-a3-2","og_locale":"pl_PL","og_type":"article","og_title":"Teatrzyk kamishibai bejcowany\/d\u0105b - format A3 - Tibum Wydawnictwo Kamishibai - Papierowy Teatr","og_description":"Tradycyjny teatrzyk kamishibai butai do prezentacji ksi\u0105\u017cek - kart narracyjnych. Teatrzyk bukowy wyprodukowany rzemie\u015blniczo w Polsce. Produkt najwy\u017cszej jako\u015bci. Nasze teatrzyki s\u0105 stabilne, solidne i pi\u0119kne.","og_url":"https:\/\/www.tibum.pl\/shop\/produkt\/teatrzyk-kamishibai-format-a3-2","og_site_name":"Tibum Wydawnictwo Kamishibai - Papierowy Teatr","article_publisher":"https:\/\/www.facebook.com\/PapierowyTeatr","article_modified_time":"2026-01-21T18:27:23+00:00","og_image":[{"width":640,"height":427,"url":"https:\/\/www.tibum.pl\/shop\/wp-content\/uploads\/tibum_kamishibai_parawan_c-e1493326780260.jpg","type":"image\/jpeg"}],"twitter_card":"summary_large_image","twitter_misc":{"Szacowany czas czytania":"2 minuty"},"schema":{"@context":"https:\/\/schema.org","@graph":[{"@type":"WebPage","@id":"https:\/\/www.tibum.pl\/shop\/produkt\/teatrzyk-kamishibai-format-a3-2","url":"https:\/\/www.tibum.pl\/shop\/produkt\/teatrzyk-kamishibai-format-a3-2","name":"Teatrzyk kamishibai bejcowany\/d\u0105b - format A3 - Tibum Wydawnictwo Kamishibai - Papierowy Teatr","isPartOf":{"@id":"https:\/\/www.tibum.pl\/shop\/#website"},"primaryImageOfPage":{"@id":"https:\/\/www.tibum.pl\/shop\/produkt\/teatrzyk-kamishibai-format-a3-2#primaryimage"},"image":{"@id":"https:\/\/www.tibum.pl\/shop\/produkt\/teatrzyk-kamishibai-format-a3-2#primaryimage"},"thumbnailUrl":"https:\/\/www.tibum.pl\/shop\/wp-content\/uploads\/tibum_kamishibai_parawan_c-e1493326780260.jpg","datePublished":"2022-10-01T09:43:10+00:00","dateModified":"2026-01-21T18:27:23+00:00","description":"Tradycyjny teatrzyk kamishibai butai do prezentacji ksi\u0105\u017cek - kart narracyjnych. Teatrzyk bukowy wyprodukowany rzemie\u015blniczo w Polsce. Produkt najwy\u017cszej jako\u015bci. Nasze teatrzyki s\u0105 stabilne, solidne i pi\u0119kne.","breadcrumb":{"@id":"https:\/\/www.tibum.pl\/shop\/produkt\/teatrzyk-kamishibai-format-a3-2#breadcrumb"},"inLanguage":"pl-PL","potentialAction":[{"@type":"ReadAction","target":["https:\/\/www.tibum.pl\/shop\/produkt\/teatrzyk-kamishibai-format-a3-2"]}]},{"@type":"ImageObject","inLanguage":"pl-PL","@id":"https:\/\/www.tibum.pl\/shop\/produkt\/teatrzyk-kamishibai-format-a3-2#primaryimage","url":"https:\/\/www.tibum.pl\/shop\/wp-content\/uploads\/tibum_kamishibai_parawan_c-e1493326780260.jpg","contentUrl":"https:\/\/www.tibum.pl\/shop\/wp-content\/uploads\/tibum_kamishibai_parawan_c-e1493326780260.jpg","width":640,"height":427,"caption":"zamkni\u0119ta magiczna skrzynka kamishibai - zdj\u0119cie teatrzyku model C"},{"@type":"BreadcrumbList","@id":"https:\/\/www.tibum.pl\/shop\/produkt\/teatrzyk-kamishibai-format-a3-2#breadcrumb","itemListElement":[{"@type":"ListItem","position":1,"name":"Home","item":"https:\/\/www.tibum.pl\/shop\/"},{"@type":"ListItem","position":2,"name":"Sklep","item":"https:\/\/www.tibum.pl\/shop\/sklep"},{"@type":"ListItem","position":3,"name":"Teatrzyk kamishibai bejcowany\/d\u0105b &#8211; format A3"}]},{"@type":"WebSite","@id":"https:\/\/www.tibum.pl\/shop\/#website","url":"https:\/\/www.tibum.pl\/shop\/","name":"Tibum Wydawnictwo Kamishibai - Papierowy Teatr","description":"wydawca ksi\u0105\u017cek i bajek obrazkowych kamishibai","potentialAction":[{"@type":"SearchAction","target":{"@type":"EntryPoint","urlTemplate":"https:\/\/www.tibum.pl\/shop\/?s={search_term_string}"},"query-input":{"@type":"PropertyValueSpecification","valueRequired":true,"valueName":"search_term_string"}}],"inLanguage":"pl-PL"}]}},"_links":{"self":[{"href":"https:\/\/www.tibum.pl\/shop\/wp-json\/wp\/v2\/product\/13813","targetHints":{"allow":["GET"]}}],"collection":[{"href":"https:\/\/www.tibum.pl\/shop\/wp-json\/wp\/v2\/product"}],"about":[{"href":"https:\/\/www.tibum.pl\/shop\/wp-json\/wp\/v2\/types\/product"}],"wp:featuredmedia":[{"embeddable":true,"href":"https:\/\/www.tibum.pl\/shop\/wp-json\/wp\/v2\/media\/8059"}],"wp:attachment":[{"href":"https:\/\/www.tibum.pl\/shop\/wp-json\/wp\/v2\/media?parent=13813"}],"wp:term":[{"taxonomy":"product_brand","embeddable":true,"href":"https:\/\/www.tibum.pl\/shop\/wp-json\/wp\/v2\/product_brand?post=13813"},{"taxonomy":"product_cat","embeddable":true,"href":"https:\/\/www.tibum.pl\/shop\/wp-json\/wp\/v2\/product_cat?post=13813"},{"taxonomy":"product_tag","embeddable":true,"href":"https:\/\/www.tibum.pl\/shop\/wp-json\/wp\/v2\/product_tag?post=13813"}],"curies":[{"name":"wp","href":"https:\/\/api.w.org\/{rel}","templated":true}]}}