{"id":13907,"date":"2019-10-14T19:00:26","date_gmt":"2019-10-14T17:00:26","guid":{"rendered":"https:\/\/www.tibum.pl\/shop\/?post_type=product&#038;p=13907"},"modified":"2025-11-24T18:14:38","modified_gmt":"2025-11-24T17:14:38","slug":"papier-do-kamishibai-a3","status":"publish","type":"product","link":"https:\/\/www.tibum.pl\/shop\/produkt\/papier-do-kamishibai-a3","title":{"rendered":"Papier do kamishibai A3 &#8211; 190 g"},"content":{"rendered":"<p><strong>Papier do kamishibai<\/strong><\/p>\n<p style=\"text-align: justify\">Wysokiej jako\u015bci papier rysunkowy do wykonywania w\u0142asnych kart narracyjnych kamishibai &#8211; bajek, opowie\u015bci, plansz.<br \/>\nPapier idealny do rysowania i malowania o odpowiedniej g\u0142adko\u015bci i sztywno\u015bci ale r\u00f3wnie\u017c elastyczno\u015bci.<\/p>\n<p>Bardzo dobrej jako\u015bci papier rysunkowy do tworzenia ilustracji w formacie A3. Papier jest g\u0142adki a wi\u0119c z \u0142atwo\u015bci\u0105 mo\u017cna go wsuwa\u0107 i wysuwa\u0107 w teatrzyku kamishibai.<\/p>\n<p>Ilustracje do opowie\u015bci kamishibai mo\u017cna tworzy\u0107 samodzielnie lub w niewielkich grupach. Zapro\u015b dzieci do zabawy w opowie\u015bci obrazkowe, niech stan\u0105 si\u0119 m\u0142odymi ilustratorami i autorami.<\/p>\n<p>Kreatywno\u015b\u0107 nie zna granic z Papierowym Teatrem Kamishibai &#8211; rozpocznij ju\u017c teraz!<\/p>\n<p>Po wi\u0119cej informacji o tworzeniu w\u0142asnych spektakli kamishibai zg\u0142o\u015b si\u0119 na <a href=\"https:\/\/www.tibum.pl\/shop\/warsztaty-i-szkolenia\">nasze szkolenia<\/a><\/p>\n<p><a title=\"Edukacja i zabawa z kamishibai\" href=\"https:\/\/www.tibum.pl\/shop\/edukacja\">Zobacz jak ju\u017c pracuj\u0105 z drewnianym teatrzykiem kamishibai inni<\/a><\/p>\n<p>&nbsp;<\/p>\n<p><strong>Ilo\u015b\u0107 kartek \/ sztuk:<\/strong> 100<br \/>\n<strong>Gramatura (grubo\u015b\u0107 papieru):<\/strong> 190 g<br \/>\n<strong>Rodzaj papieru:<\/strong> offset<br \/>\n<strong>Kolor:<\/strong> bia\u0142y<\/p>\n<p style=\"text-align: justify;color: #212121;font-size: small;font-weight: normal\"><strong>Uwaga:<\/strong><br \/>\nZdj\u0119cia w galerii produktu mog\u0105 zawiera\u0107 inne przedmioty np. ksi\u0105\u017cki, teatrzyki-parawany, kt\u00f3re s\u0105 osobno zamawianymi pozycjami<\/p>\n","protected":false},"excerpt":{"rendered":"<p><strong>Papier do kamishibai<\/strong><\/p>\n<p style=\"text-align: justify\">Wysokiej jako\u015bci papier rysunkowy do wykonywania w\u0142asnych kart narracyjnych (<em>tezukuri<\/em>) kamishibai w formacie A3.<br \/>\nPapier idealny do rysowania i malowania, o odpowiedniej g\u0142adko\u015bci, sztywno\u015bci oraz gi\u0119tko\u015bci.<\/p>\n<p><strong>Ilo\u015b\u0107 kartek \/ sztuk:<\/strong> 100<br \/>\n<strong>Gramatura (grubo\u015b\u0107 papieru):<\/strong> 190 g<\/p>\n","protected":false},"featured_media":8457,"template":"","meta":[],"product_brand":[],"product_cat":[41,18],"product_tag":[233,6,224,340,285,878,345,338,572,346,221,347],"class_list":{"0":"post-13907","1":"product","2":"type-product","3":"status-publish","4":"has-post-thumbnail","6":"product_cat-akcesoria-kamishibai","7":"product_cat-kamishibai","8":"product_tag-ilustrator","9":"product_tag-kamishibai","10":"product_tag-karty-narracyjne","11":"product_tag-malowanie","12":"product_tag-opowiesc","13":"product_tag-papier-do-rysowania","14":"product_tag-papierowy-teatr","15":"product_tag-rysowanie","16":"product_tag-storytelling","17":"product_tag-teatr-ilustracji","18":"product_tag-tibum","19":"product_tag-wlasna-ksiazka","20":"product_shipping_class-lekkie2","21":"description-off","23":"first","24":"instock","25":"taxable","26":"shipping-taxable","27":"purchasable","28":"product-type-simple"},"yoast_head":"<!-- This site is optimized with the Yoast SEO plugin v27.3 - https:\/\/yoast.com\/product\/yoast-seo-wordpress\/ -->\n<title>Papier do kamishibai A3 - 190 g - Tibum Wydawnictwo Kamishibai - Papierowy Teatr<\/title>\n<meta name=\"robots\" content=\"index, follow, max-snippet:-1, max-image-preview:large, max-video-preview:-1\" \/>\n<link rel=\"canonical\" href=\"https:\/\/www.tibum.pl\/shop\/produkt\/papier-do-kamishibai-a3\" \/>\n<meta property=\"og:locale\" content=\"pl_PL\" \/>\n<meta property=\"og:type\" content=\"article\" \/>\n<meta property=\"og:title\" content=\"Papier do kamishibai A3 - 190 g - Tibum Wydawnictwo Kamishibai - Papierowy Teatr\" \/>\n<meta property=\"og:description\" content=\"Papier do kamishibai Wysokiej jako\u015bci papier rysunkowy do wykonywania w\u0142asnych kart narracyjnych (tezukuri) kamishibai w formacie A3. Papier idealny do rysowania i malowania, o odpowiedniej g\u0142adko\u015bci, sztywno\u015bci oraz gi\u0119tko\u015bci. Ilo\u015b\u0107 kartek \/ sztuk: 100 Gramatura (grubo\u015b\u0107 papieru): 190 g\" \/>\n<meta property=\"og:url\" content=\"https:\/\/www.tibum.pl\/shop\/produkt\/papier-do-kamishibai-a3\" \/>\n<meta property=\"og:site_name\" content=\"Tibum Wydawnictwo Kamishibai - Papierowy Teatr\" \/>\n<meta property=\"article:publisher\" content=\"https:\/\/www.facebook.com\/PapierowyTeatr\" \/>\n<meta property=\"article:modified_time\" content=\"2025-11-24T17:14:38+00:00\" \/>\n<meta property=\"og:image\" content=\"https:\/\/www.tibum.pl\/shop\/wp-content\/uploads\/papier_do_kamishibai.jpg\" \/>\n\t<meta property=\"og:image:width\" content=\"600\" \/>\n\t<meta property=\"og:image:height\" content=\"418\" \/>\n\t<meta property=\"og:image:type\" content=\"image\/jpeg\" \/>\n<meta name=\"twitter:card\" content=\"summary_large_image\" \/>\n<meta name=\"twitter:label1\" content=\"Szacowany czas czytania\" \/>\n\t<meta name=\"twitter:data1\" content=\"1 minuta\" \/>\n<script type=\"application\/ld+json\" class=\"yoast-schema-graph\">{\"@context\":\"https:\\\/\\\/schema.org\",\"@graph\":[{\"@type\":\"WebPage\",\"@id\":\"https:\\\/\\\/www.tibum.pl\\\/shop\\\/produkt\\\/papier-do-kamishibai-a3\",\"url\":\"https:\\\/\\\/www.tibum.pl\\\/shop\\\/produkt\\\/papier-do-kamishibai-a3\",\"name\":\"Papier do kamishibai A3 - 190 g - Tibum Wydawnictwo Kamishibai - Papierowy Teatr\",\"isPartOf\":{\"@id\":\"https:\\\/\\\/www.tibum.pl\\\/shop\\\/#website\"},\"primaryImageOfPage\":{\"@id\":\"https:\\\/\\\/www.tibum.pl\\\/shop\\\/produkt\\\/papier-do-kamishibai-a3#primaryimage\"},\"image\":{\"@id\":\"https:\\\/\\\/www.tibum.pl\\\/shop\\\/produkt\\\/papier-do-kamishibai-a3#primaryimage\"},\"thumbnailUrl\":\"https:\\\/\\\/www.tibum.pl\\\/shop\\\/wp-content\\\/uploads\\\/papier_do_kamishibai.jpg\",\"datePublished\":\"2019-10-14T17:00:26+00:00\",\"dateModified\":\"2025-11-24T17:14:38+00:00\",\"breadcrumb\":{\"@id\":\"https:\\\/\\\/www.tibum.pl\\\/shop\\\/produkt\\\/papier-do-kamishibai-a3#breadcrumb\"},\"inLanguage\":\"pl-PL\",\"potentialAction\":[{\"@type\":\"ReadAction\",\"target\":[\"https:\\\/\\\/www.tibum.pl\\\/shop\\\/produkt\\\/papier-do-kamishibai-a3\"]}]},{\"@type\":\"ImageObject\",\"inLanguage\":\"pl-PL\",\"@id\":\"https:\\\/\\\/www.tibum.pl\\\/shop\\\/produkt\\\/papier-do-kamishibai-a3#primaryimage\",\"url\":\"https:\\\/\\\/www.tibum.pl\\\/shop\\\/wp-content\\\/uploads\\\/papier_do_kamishibai.jpg\",\"contentUrl\":\"https:\\\/\\\/www.tibum.pl\\\/shop\\\/wp-content\\\/uploads\\\/papier_do_kamishibai.jpg\",\"width\":600,\"height\":418,\"caption\":\"zdj\u0119cie papieru do kamishibai\"},{\"@type\":\"BreadcrumbList\",\"@id\":\"https:\\\/\\\/www.tibum.pl\\\/shop\\\/produkt\\\/papier-do-kamishibai-a3#breadcrumb\",\"itemListElement\":[{\"@type\":\"ListItem\",\"position\":1,\"name\":\"Home\",\"item\":\"https:\\\/\\\/www.tibum.pl\\\/shop\\\/\"},{\"@type\":\"ListItem\",\"position\":2,\"name\":\"Sklep\",\"item\":\"https:\\\/\\\/www.tibum.pl\\\/shop\\\/sklep\"},{\"@type\":\"ListItem\",\"position\":3,\"name\":\"Papier do kamishibai A3 &#8211; 190 g\"}]},{\"@type\":\"WebSite\",\"@id\":\"https:\\\/\\\/www.tibum.pl\\\/shop\\\/#website\",\"url\":\"https:\\\/\\\/www.tibum.pl\\\/shop\\\/\",\"name\":\"Tibum Wydawnictwo Kamishibai - Papierowy Teatr\",\"description\":\"wydawca ksi\u0105\u017cek i bajek obrazkowych kamishibai\",\"potentialAction\":[{\"@type\":\"SearchAction\",\"target\":{\"@type\":\"EntryPoint\",\"urlTemplate\":\"https:\\\/\\\/www.tibum.pl\\\/shop\\\/?s={search_term_string}\"},\"query-input\":{\"@type\":\"PropertyValueSpecification\",\"valueRequired\":true,\"valueName\":\"search_term_string\"}}],\"inLanguage\":\"pl-PL\"}]}<\/script>\n<!-- \/ Yoast SEO plugin. -->","yoast_head_json":{"title":"Papier do kamishibai A3 - 190 g - Tibum Wydawnictwo Kamishibai - Papierowy Teatr","robots":{"index":"index","follow":"follow","max-snippet":"max-snippet:-1","max-image-preview":"max-image-preview:large","max-video-preview":"max-video-preview:-1"},"canonical":"https:\/\/www.tibum.pl\/shop\/produkt\/papier-do-kamishibai-a3","og_locale":"pl_PL","og_type":"article","og_title":"Papier do kamishibai A3 - 190 g - Tibum Wydawnictwo Kamishibai - Papierowy Teatr","og_description":"Papier do kamishibai Wysokiej jako\u015bci papier rysunkowy do wykonywania w\u0142asnych kart narracyjnych (tezukuri) kamishibai w formacie A3. Papier idealny do rysowania i malowania, o odpowiedniej g\u0142adko\u015bci, sztywno\u015bci oraz gi\u0119tko\u015bci. Ilo\u015b\u0107 kartek \/ sztuk: 100 Gramatura (grubo\u015b\u0107 papieru): 190 g","og_url":"https:\/\/www.tibum.pl\/shop\/produkt\/papier-do-kamishibai-a3","og_site_name":"Tibum Wydawnictwo Kamishibai - Papierowy Teatr","article_publisher":"https:\/\/www.facebook.com\/PapierowyTeatr","article_modified_time":"2025-11-24T17:14:38+00:00","og_image":[{"width":600,"height":418,"url":"https:\/\/www.tibum.pl\/shop\/wp-content\/uploads\/papier_do_kamishibai.jpg","type":"image\/jpeg"}],"twitter_card":"summary_large_image","twitter_misc":{"Szacowany czas czytania":"1 minuta"},"schema":{"@context":"https:\/\/schema.org","@graph":[{"@type":"WebPage","@id":"https:\/\/www.tibum.pl\/shop\/produkt\/papier-do-kamishibai-a3","url":"https:\/\/www.tibum.pl\/shop\/produkt\/papier-do-kamishibai-a3","name":"Papier do kamishibai A3 - 190 g - Tibum Wydawnictwo Kamishibai - Papierowy Teatr","isPartOf":{"@id":"https:\/\/www.tibum.pl\/shop\/#website"},"primaryImageOfPage":{"@id":"https:\/\/www.tibum.pl\/shop\/produkt\/papier-do-kamishibai-a3#primaryimage"},"image":{"@id":"https:\/\/www.tibum.pl\/shop\/produkt\/papier-do-kamishibai-a3#primaryimage"},"thumbnailUrl":"https:\/\/www.tibum.pl\/shop\/wp-content\/uploads\/papier_do_kamishibai.jpg","datePublished":"2019-10-14T17:00:26+00:00","dateModified":"2025-11-24T17:14:38+00:00","breadcrumb":{"@id":"https:\/\/www.tibum.pl\/shop\/produkt\/papier-do-kamishibai-a3#breadcrumb"},"inLanguage":"pl-PL","potentialAction":[{"@type":"ReadAction","target":["https:\/\/www.tibum.pl\/shop\/produkt\/papier-do-kamishibai-a3"]}]},{"@type":"ImageObject","inLanguage":"pl-PL","@id":"https:\/\/www.tibum.pl\/shop\/produkt\/papier-do-kamishibai-a3#primaryimage","url":"https:\/\/www.tibum.pl\/shop\/wp-content\/uploads\/papier_do_kamishibai.jpg","contentUrl":"https:\/\/www.tibum.pl\/shop\/wp-content\/uploads\/papier_do_kamishibai.jpg","width":600,"height":418,"caption":"zdj\u0119cie papieru do kamishibai"},{"@type":"BreadcrumbList","@id":"https:\/\/www.tibum.pl\/shop\/produkt\/papier-do-kamishibai-a3#breadcrumb","itemListElement":[{"@type":"ListItem","position":1,"name":"Home","item":"https:\/\/www.tibum.pl\/shop\/"},{"@type":"ListItem","position":2,"name":"Sklep","item":"https:\/\/www.tibum.pl\/shop\/sklep"},{"@type":"ListItem","position":3,"name":"Papier do kamishibai A3 &#8211; 190 g"}]},{"@type":"WebSite","@id":"https:\/\/www.tibum.pl\/shop\/#website","url":"https:\/\/www.tibum.pl\/shop\/","name":"Tibum Wydawnictwo Kamishibai - Papierowy Teatr","description":"wydawca ksi\u0105\u017cek i bajek obrazkowych kamishibai","potentialAction":[{"@type":"SearchAction","target":{"@type":"EntryPoint","urlTemplate":"https:\/\/www.tibum.pl\/shop\/?s={search_term_string}"},"query-input":{"@type":"PropertyValueSpecification","valueRequired":true,"valueName":"search_term_string"}}],"inLanguage":"pl-PL"}]}},"_links":{"self":[{"href":"https:\/\/www.tibum.pl\/shop\/wp-json\/wp\/v2\/product\/13907","targetHints":{"allow":["GET"]}}],"collection":[{"href":"https:\/\/www.tibum.pl\/shop\/wp-json\/wp\/v2\/product"}],"about":[{"href":"https:\/\/www.tibum.pl\/shop\/wp-json\/wp\/v2\/types\/product"}],"wp:featuredmedia":[{"embeddable":true,"href":"https:\/\/www.tibum.pl\/shop\/wp-json\/wp\/v2\/media\/8457"}],"wp:attachment":[{"href":"https:\/\/www.tibum.pl\/shop\/wp-json\/wp\/v2\/media?parent=13907"}],"wp:term":[{"taxonomy":"product_brand","embeddable":true,"href":"https:\/\/www.tibum.pl\/shop\/wp-json\/wp\/v2\/product_brand?post=13907"},{"taxonomy":"product_cat","embeddable":true,"href":"https:\/\/www.tibum.pl\/shop\/wp-json\/wp\/v2\/product_cat?post=13907"},{"taxonomy":"product_tag","embeddable":true,"href":"https:\/\/www.tibum.pl\/shop\/wp-json\/wp\/v2\/product_tag?post=13907"}],"curies":[{"name":"wp","href":"https:\/\/api.w.org\/{rel}","templated":true}]}}