{"id":14994,"date":"2020-03-04T10:23:36","date_gmt":"2020-03-04T09:23:36","guid":{"rendered":"https:\/\/www.tibum.pl\/shop\/?post_type=product&#038;p=14994"},"modified":"2026-03-23T20:03:20","modified_gmt":"2026-03-23T19:03:20","slug":"bajka-o-soli","status":"publish","type":"product","link":"https:\/\/www.tibum.pl\/shop\/produkt\/bajka-o-soli","title":{"rendered":"&#8222;Bajka o soli&#8221;, Elek Bendek, Kinga Rofusz, 15 kart narracyjnych"},"content":{"rendered":"<article>\n<div style=\"text-align: left;\">\n<p><strong>ksi\u0105\u017cka kamishibai<\/strong> w formie ilustrowanych kart narracyjnych,<strong> z aktywizuj\u0105c\u0105 kart\u0105!<\/strong><\/p>\n<p><strong>Tytu\u0142: &#8222;<em><cite>Bajka o Soli<\/cite>&#8222;<\/em><\/strong><br \/>\n<strong>Tytu\u0142 orygina\u0142u: &#8222;A S\u00d3&#8221;<\/strong><\/p>\n<p><strong>Tekst: <a href=\"https:\/\/www.tibum.pl\/shop\/autorzy\/elek-bendek\">Elek Bendek<\/a><\/strong><br \/>\n<strong>Ilustracje: <a href=\"https:\/\/www.tibum.pl\/shop\/autorzy\/kinga-rofusz\">Kinga Rofusz<\/a><\/strong><\/p>\n<p><strong>Adaptacja j\u0119zykowa: <a href=\"https:\/\/www.tibum.pl\/shop\/autorzy\/katarzyna-zytomirska\">Katarzyna \u017bytomirska<\/a><\/strong><\/p>\n<p><strong>ISBN: 978-83-947587-6-9<br \/>\n<\/strong><\/p>\n<p>&nbsp;<\/p>\n<blockquote><p><em>Karty posiadaj\u0105 pionowe linie znacz\u0105ce u\u0142atwiaj\u0105ce aktywne czytanie kamishibai oraz kart\u0119 niespodziank\u0119, kt\u00f3ra odkrywa to co zakryte.<\/em><\/p><\/blockquote>\n<p>\u201eBajka o soli\u201d, znana i powszechnie wyst\u0119puj\u0105ca w r\u00f3\u017cnych ods\u0142onach ba\u015b\u0144 europejska \u2013 w szczeg\u00f3lno\u015bci niezwykle rozpowszechniona w Europie \u015brodkowo-wschodniej. Tekst ba\u015bni jest efektem poszukiwa\u0144 etnograficznych wybitnego, w\u0119gierskiego pisarza Elka Bendeka.<\/p>\n<p>Proponujemy jedn\u0105 z pi\u0119kniejszych jej wersji, ze wspania\u0142ymi, symbolicznymi ilustracjami Kingi Rofusz.<\/p>\n<p><strong>G\u0142\u00f3wnym tematem ba\u015bni jest mi\u0142o\u015b\u0107 rodzicielska, ukazana w relacji c\u00f3rki i ojca. &#8222;Bajka o soli&#8221; to r\u00f3wnie\u017c opowie\u015b\u0107 o odwadze i niewinno\u015bci.<\/strong><\/p>\n<p>Czy g\u0142\u00f3wnej bohaterce uda si\u0119 powr\u00f3ci\u0107 do \u0142ask ojca? W jaki spos\u00f3b do tego dojdzie? Czym jest doros\u0142o\u015b\u0107 i na jakich fundamentach mo\u017cna j\u0105 budowa\u0107? Czy dzieci mog\u0105 nauczy\u0107 czego\u015b swoich rodzic\u00f3w? A mo\u017ce s\u0105 naszymi nauczycielami w takim samym stopniu jak my ich?<\/p>\n<p>&#8222;Bajka o soli&#8221; to opowie\u015b\u0107 o Przemianie, Transformacji. Nie przypadkowo do tego celu pos\u0142u\u017cy\u0142 symboliczny wymiar soli, obecny we wszystkich kulturach a w wynikaj\u0105cy z obserwacji w\u0142a\u015bciwo\u015bci fizycznych soli\u2013 s\u00f3l jako symboli nie\u015bmiertelno\u015bci, niezniszczalno\u015b\u0107, odporno\u015bci na psucie si\u0119, zdrowia, oczyszczenia, m\u0105dro\u015bci ale r\u00f3wnie\u017c ja\u0142owo\u015bci, stagnacji, zniszczenia\u2026<\/p>\n<p>Szczypta soli!<\/p>\n<p>\u201eBajka o soli\u201d to r\u00f3wnie\u017c doskona\u0142y przyczynek do zaj\u0119\u0107 kulinarnych i poszerzenia wiedzy m\u0142odych odbiorc\u00f3w o jej w\u0142a\u015bciwo\u015bci zdrowotne, ale i kulinarne. Dobrej zabawy!<\/p>\n<p>&nbsp;<\/p>\n<\/div>\n<\/article>\n<p>Wydawnictwo: Wydawnictwo Tibum<br \/>\nWymiary: <strong> A3 (297\/420 mm)<\/strong><br \/>\nLiczba kart: 15 (dwustronnych)<br \/>\nIlo\u015b\u0107 stron: 30 (tekst, ilustracje)<br \/>\nRok wydania: 2020<br \/>\nOprawa: kartonowa koperta<\/p>\n<p style=\"font-size: small; font-weight: normal;\"><strong>Uwaga:<\/strong><br \/>\nZdj\u0119cia w galerii produktu mog\u0105 zawiera\u0107 inne przedmioty np. ksi\u0105\u017cki, teatrzyki-parawany, kt\u00f3re s\u0105 osobno zamawianymi pozycjami<\/p>\n<div id=\"s3gt_translate_tooltip_mini\" class=\"s3gt_translate_tooltip_mini_box\" style=\"background: initial !important; border: initial !important; border-radius: initial !important; border-spacing: initial !important; border-collapse: initial !important; direction: ltr !important; flex-direction: initial !important; font-weight: initial !important; height: initial !important; letter-spacing: initial !important; min-width: initial !important; max-width: initial !important; min-height: initial !important; max-height: initial !important; margin: auto !important; padding: initial !important; text-align: initial !important; width: initial !important; color: inherit !important; font-size: 13px !important; font-family: X-LocaleSpecific, sans-serif, Tahoma, Helvetica !important; line-height: 13px !important; vertical-align: top !important;\">\n<div id=\"s3gt_translate_tooltip_mini_logo\" class=\"s3gt_translate_tooltip_mini\" title=\"T\u0142umacz zaznaczony tekst\"><\/div>\n<div id=\"s3gt_translate_tooltip_mini_sound\" class=\"s3gt_translate_tooltip_mini\" title=\"Odtw\u00f3rz\"><\/div>\n<div id=\"s3gt_translate_tooltip_mini_copy\" class=\"s3gt_translate_tooltip_mini\" title=\"Kopiuj tekst do schowka\"><\/div>\n<\/div>\n","protected":false},"excerpt":{"rendered":"<p>ksi\u0105\u017cka kamishibai w formie ilustrowanych kart narracyjnych<\/p>\n<p>Tytu\u0142: <strong>&#8222;<cite>Bajka o soli<\/cite>&#8222;<\/strong><br \/>\nTytu\u0142 orygina\u0142u: &#8222;<cite>A S\u00d3<\/cite>&#8221;<\/p>\n<p>Tekst: <a href=\"https:\/\/www.tibum.pl\/shop\/autorzy\/elek-bendek\">Elek Bendek<\/a><br \/>\nIlustracje: <a href=\"https:\/\/www.tibum.pl\/shop\/autorzy\/kinga-rofusz\">Kinga Rofusz<\/a><\/p>\n<p>ISBN: <strong>978-83-947587-6-9<\/strong><\/p>\n","protected":false},"featured_media":24298,"template":"","meta":[],"product_brand":[],"product_cat":[18,48],"product_tag":[580,741,740,394,6,912,929,377,798,287,221,393],"class_list":{"0":"post-14994","1":"product","2":"type-product","3":"status-publish","4":"has-post-thumbnail","6":"product_cat-kamishibai","7":"product_cat-karty-narracyjne-do-teatrzyku-kamishibai","8":"product_tag-bajka-kamishibai","9":"product_tag-basn","10":"product_tag-dojrzewanie","11":"product_tag-emocje","12":"product_tag-kamishibai","13":"product_tag-krolewicz","14":"product_tag-ksiezniczka","15":"product_tag-przedszkole","16":"product_tag-przemiana","17":"product_tag-rodzina","18":"product_tag-tibum","19":"product_tag-uczucia","20":"product_shipping_class-lekkie1","21":"description-off","23":"first","24":"instock","25":"taxable","26":"shipping-taxable","27":"purchasable","28":"product-type-simple"},"yoast_head":"<!-- This site is optimized with the Yoast SEO plugin v27.3 - https:\/\/yoast.com\/product\/yoast-seo-wordpress\/ -->\n<title>&quot;Bajka o soli&quot;, Elek Bendek, Kinga Rofusz, 15 kart narracyjnych - Tibum Wydawnictwo Kamishibai - Papierowy Teatr<\/title>\n<meta name=\"description\" content=\"Ba\u015b\u0144 w formie kamishibai o sile rodzicielskiej mi\u0142o\u015bci, o przemianie, o podr\u00f3\u017cy z kt\u00f3rej powracamy odmienieni, dla dzieci od lat 3\" \/>\n<meta name=\"robots\" content=\"index, follow, max-snippet:-1, max-image-preview:large, max-video-preview:-1\" \/>\n<link rel=\"canonical\" href=\"https:\/\/www.tibum.pl\/shop\/produkt\/bajka-o-soli\" \/>\n<meta property=\"og:locale\" content=\"pl_PL\" \/>\n<meta property=\"og:type\" content=\"article\" \/>\n<meta property=\"og:title\" content=\"&quot;Bajka o soli&quot;, Elek Bendek, Kinga Rofusz, 15 kart narracyjnych - Tibum Wydawnictwo Kamishibai - Papierowy Teatr\" \/>\n<meta property=\"og:description\" content=\"Ba\u015b\u0144 w formie kamishibai o sile rodzicielskiej mi\u0142o\u015bci, o przemianie, o podr\u00f3\u017cy z kt\u00f3rej powracamy odmienieni, dla dzieci od lat 3\" \/>\n<meta property=\"og:url\" content=\"https:\/\/www.tibum.pl\/shop\/produkt\/bajka-o-soli\" \/>\n<meta property=\"og:site_name\" content=\"Tibum Wydawnictwo Kamishibai - Papierowy Teatr\" \/>\n<meta property=\"article:publisher\" content=\"https:\/\/www.facebook.com\/PapierowyTeatr\" \/>\n<meta property=\"article:modified_time\" content=\"2026-03-23T19:03:20+00:00\" \/>\n<meta property=\"og:image\" content=\"https:\/\/www.tibum.pl\/shop\/wp-content\/uploads\/okU0142adka_BOS.jpg\" \/>\n\t<meta property=\"og:image:width\" content=\"784\" \/>\n\t<meta property=\"og:image:height\" content=\"568\" \/>\n\t<meta property=\"og:image:type\" content=\"image\/jpeg\" \/>\n<meta name=\"twitter:card\" content=\"summary_large_image\" \/>\n<meta name=\"twitter:label1\" content=\"Szacowany czas czytania\" \/>\n\t<meta name=\"twitter:data1\" content=\"2 minuty\" \/>\n<script type=\"application\/ld+json\" class=\"yoast-schema-graph\">{\"@context\":\"https:\\\/\\\/schema.org\",\"@graph\":[{\"@type\":\"WebPage\",\"@id\":\"https:\\\/\\\/www.tibum.pl\\\/shop\\\/produkt\\\/bajka-o-soli\",\"url\":\"https:\\\/\\\/www.tibum.pl\\\/shop\\\/produkt\\\/bajka-o-soli\",\"name\":\"\\\"Bajka o soli\\\", Elek Bendek, Kinga Rofusz, 15 kart narracyjnych - Tibum Wydawnictwo Kamishibai - Papierowy Teatr\",\"isPartOf\":{\"@id\":\"https:\\\/\\\/www.tibum.pl\\\/shop\\\/#website\"},\"primaryImageOfPage\":{\"@id\":\"https:\\\/\\\/www.tibum.pl\\\/shop\\\/produkt\\\/bajka-o-soli#primaryimage\"},\"image\":{\"@id\":\"https:\\\/\\\/www.tibum.pl\\\/shop\\\/produkt\\\/bajka-o-soli#primaryimage\"},\"thumbnailUrl\":\"https:\\\/\\\/www.tibum.pl\\\/shop\\\/wp-content\\\/uploads\\\/okU0142adka_BOS.jpg\",\"datePublished\":\"2020-03-04T09:23:36+00:00\",\"dateModified\":\"2026-03-23T19:03:20+00:00\",\"description\":\"Ba\u015b\u0144 w formie kamishibai o sile rodzicielskiej mi\u0142o\u015bci, o przemianie, o podr\u00f3\u017cy z kt\u00f3rej powracamy odmienieni, dla dzieci od lat 3\",\"breadcrumb\":{\"@id\":\"https:\\\/\\\/www.tibum.pl\\\/shop\\\/produkt\\\/bajka-o-soli#breadcrumb\"},\"inLanguage\":\"pl-PL\",\"potentialAction\":[{\"@type\":\"ReadAction\",\"target\":[\"https:\\\/\\\/www.tibum.pl\\\/shop\\\/produkt\\\/bajka-o-soli\"]}]},{\"@type\":\"ImageObject\",\"inLanguage\":\"pl-PL\",\"@id\":\"https:\\\/\\\/www.tibum.pl\\\/shop\\\/produkt\\\/bajka-o-soli#primaryimage\",\"url\":\"https:\\\/\\\/www.tibum.pl\\\/shop\\\/wp-content\\\/uploads\\\/okU0142adka_BOS.jpg\",\"contentUrl\":\"https:\\\/\\\/www.tibum.pl\\\/shop\\\/wp-content\\\/uploads\\\/okU0142adka_BOS.jpg\",\"width\":784,\"height\":568},{\"@type\":\"BreadcrumbList\",\"@id\":\"https:\\\/\\\/www.tibum.pl\\\/shop\\\/produkt\\\/bajka-o-soli#breadcrumb\",\"itemListElement\":[{\"@type\":\"ListItem\",\"position\":1,\"name\":\"Home\",\"item\":\"https:\\\/\\\/www.tibum.pl\\\/shop\\\/\"},{\"@type\":\"ListItem\",\"position\":2,\"name\":\"Sklep\",\"item\":\"https:\\\/\\\/www.tibum.pl\\\/shop\\\/sklep\"},{\"@type\":\"ListItem\",\"position\":3,\"name\":\"&#8222;Bajka o soli&#8221;, Elek Bendek, Kinga Rofusz, 15 kart narracyjnych\"}]},{\"@type\":\"WebSite\",\"@id\":\"https:\\\/\\\/www.tibum.pl\\\/shop\\\/#website\",\"url\":\"https:\\\/\\\/www.tibum.pl\\\/shop\\\/\",\"name\":\"Tibum Wydawnictwo Kamishibai - Papierowy Teatr\",\"description\":\"wydawca ksi\u0105\u017cek i bajek obrazkowych kamishibai\",\"potentialAction\":[{\"@type\":\"SearchAction\",\"target\":{\"@type\":\"EntryPoint\",\"urlTemplate\":\"https:\\\/\\\/www.tibum.pl\\\/shop\\\/?s={search_term_string}\"},\"query-input\":{\"@type\":\"PropertyValueSpecification\",\"valueRequired\":true,\"valueName\":\"search_term_string\"}}],\"inLanguage\":\"pl-PL\"}]}<\/script>\n<!-- \/ Yoast SEO plugin. -->","yoast_head_json":{"title":"\"Bajka o soli\", Elek Bendek, Kinga Rofusz, 15 kart narracyjnych - Tibum Wydawnictwo Kamishibai - Papierowy Teatr","description":"Ba\u015b\u0144 w formie kamishibai o sile rodzicielskiej mi\u0142o\u015bci, o przemianie, o podr\u00f3\u017cy z kt\u00f3rej powracamy odmienieni, dla dzieci od lat 3","robots":{"index":"index","follow":"follow","max-snippet":"max-snippet:-1","max-image-preview":"max-image-preview:large","max-video-preview":"max-video-preview:-1"},"canonical":"https:\/\/www.tibum.pl\/shop\/produkt\/bajka-o-soli","og_locale":"pl_PL","og_type":"article","og_title":"\"Bajka o soli\", Elek Bendek, Kinga Rofusz, 15 kart narracyjnych - Tibum Wydawnictwo Kamishibai - Papierowy Teatr","og_description":"Ba\u015b\u0144 w formie kamishibai o sile rodzicielskiej mi\u0142o\u015bci, o przemianie, o podr\u00f3\u017cy z kt\u00f3rej powracamy odmienieni, dla dzieci od lat 3","og_url":"https:\/\/www.tibum.pl\/shop\/produkt\/bajka-o-soli","og_site_name":"Tibum Wydawnictwo Kamishibai - Papierowy Teatr","article_publisher":"https:\/\/www.facebook.com\/PapierowyTeatr","article_modified_time":"2026-03-23T19:03:20+00:00","og_image":[{"width":784,"height":568,"url":"https:\/\/www.tibum.pl\/shop\/wp-content\/uploads\/okU0142adka_BOS.jpg","type":"image\/jpeg"}],"twitter_card":"summary_large_image","twitter_misc":{"Szacowany czas czytania":"2 minuty"},"schema":{"@context":"https:\/\/schema.org","@graph":[{"@type":"WebPage","@id":"https:\/\/www.tibum.pl\/shop\/produkt\/bajka-o-soli","url":"https:\/\/www.tibum.pl\/shop\/produkt\/bajka-o-soli","name":"\"Bajka o soli\", Elek Bendek, Kinga Rofusz, 15 kart narracyjnych - Tibum Wydawnictwo Kamishibai - Papierowy Teatr","isPartOf":{"@id":"https:\/\/www.tibum.pl\/shop\/#website"},"primaryImageOfPage":{"@id":"https:\/\/www.tibum.pl\/shop\/produkt\/bajka-o-soli#primaryimage"},"image":{"@id":"https:\/\/www.tibum.pl\/shop\/produkt\/bajka-o-soli#primaryimage"},"thumbnailUrl":"https:\/\/www.tibum.pl\/shop\/wp-content\/uploads\/okU0142adka_BOS.jpg","datePublished":"2020-03-04T09:23:36+00:00","dateModified":"2026-03-23T19:03:20+00:00","description":"Ba\u015b\u0144 w formie kamishibai o sile rodzicielskiej mi\u0142o\u015bci, o przemianie, o podr\u00f3\u017cy z kt\u00f3rej powracamy odmienieni, dla dzieci od lat 3","breadcrumb":{"@id":"https:\/\/www.tibum.pl\/shop\/produkt\/bajka-o-soli#breadcrumb"},"inLanguage":"pl-PL","potentialAction":[{"@type":"ReadAction","target":["https:\/\/www.tibum.pl\/shop\/produkt\/bajka-o-soli"]}]},{"@type":"ImageObject","inLanguage":"pl-PL","@id":"https:\/\/www.tibum.pl\/shop\/produkt\/bajka-o-soli#primaryimage","url":"https:\/\/www.tibum.pl\/shop\/wp-content\/uploads\/okU0142adka_BOS.jpg","contentUrl":"https:\/\/www.tibum.pl\/shop\/wp-content\/uploads\/okU0142adka_BOS.jpg","width":784,"height":568},{"@type":"BreadcrumbList","@id":"https:\/\/www.tibum.pl\/shop\/produkt\/bajka-o-soli#breadcrumb","itemListElement":[{"@type":"ListItem","position":1,"name":"Home","item":"https:\/\/www.tibum.pl\/shop\/"},{"@type":"ListItem","position":2,"name":"Sklep","item":"https:\/\/www.tibum.pl\/shop\/sklep"},{"@type":"ListItem","position":3,"name":"&#8222;Bajka o soli&#8221;, Elek Bendek, Kinga Rofusz, 15 kart narracyjnych"}]},{"@type":"WebSite","@id":"https:\/\/www.tibum.pl\/shop\/#website","url":"https:\/\/www.tibum.pl\/shop\/","name":"Tibum Wydawnictwo Kamishibai - Papierowy Teatr","description":"wydawca ksi\u0105\u017cek i bajek obrazkowych kamishibai","potentialAction":[{"@type":"SearchAction","target":{"@type":"EntryPoint","urlTemplate":"https:\/\/www.tibum.pl\/shop\/?s={search_term_string}"},"query-input":{"@type":"PropertyValueSpecification","valueRequired":true,"valueName":"search_term_string"}}],"inLanguage":"pl-PL"}]}},"_links":{"self":[{"href":"https:\/\/www.tibum.pl\/shop\/wp-json\/wp\/v2\/product\/14994","targetHints":{"allow":["GET"]}}],"collection":[{"href":"https:\/\/www.tibum.pl\/shop\/wp-json\/wp\/v2\/product"}],"about":[{"href":"https:\/\/www.tibum.pl\/shop\/wp-json\/wp\/v2\/types\/product"}],"wp:featuredmedia":[{"embeddable":true,"href":"https:\/\/www.tibum.pl\/shop\/wp-json\/wp\/v2\/media\/24298"}],"wp:attachment":[{"href":"https:\/\/www.tibum.pl\/shop\/wp-json\/wp\/v2\/media?parent=14994"}],"wp:term":[{"taxonomy":"product_brand","embeddable":true,"href":"https:\/\/www.tibum.pl\/shop\/wp-json\/wp\/v2\/product_brand?post=14994"},{"taxonomy":"product_cat","embeddable":true,"href":"https:\/\/www.tibum.pl\/shop\/wp-json\/wp\/v2\/product_cat?post=14994"},{"taxonomy":"product_tag","embeddable":true,"href":"https:\/\/www.tibum.pl\/shop\/wp-json\/wp\/v2\/product_tag?post=14994"}],"curies":[{"name":"wp","href":"https:\/\/api.w.org\/{rel}","templated":true}]}}