{"id":15347,"date":"2020-05-29T12:06:55","date_gmt":"2020-05-29T10:06:55","guid":{"rendered":"https:\/\/www.tibum.pl\/shop\/?post_type=product&#038;p=15347"},"modified":"2025-09-18T13:48:55","modified_gmt":"2025-09-18T11:48:55","slug":"w-lustzanej-sali","status":"publish","type":"product","link":"https:\/\/www.tibum.pl\/shop\/produkt\/w-lustzanej-sali","title":{"rendered":"&#8222;W lustrzanej sali&#8221;, Julian Brudzewski, 12 kart narracyjnych"},"content":{"rendered":"<article>\n<div style=\"text-align: left;\">\n<p><strong>ksi\u0105\u017cka kamishibai<\/strong> w formie ilustrowanych kart narracyjnych<\/p>\n<p><strong>Tytu\u0142: &#8222;<em><cite>W lustrzanej sali<\/cite>&#8222;<\/em><\/strong><\/p>\n<p><strong>Tekst: <a href=\"https:\/\/www.tibum.pl\/shop\/autorzy\/julian-brudzewski\">Julian Brudzewski<\/a><\/strong><br \/>\n<strong>Ilustracje: <a href=\"https:\/\/www.tibum.pl\/shop\/autorzy\/zuzanna-szczepanik\">Zuzanna\u00a0 Szczepanik<\/a><\/strong><\/p>\n<p><strong>ISBN: 978-83-947587-7-6<br \/>\n<\/strong><\/p>\n<p>bajka terapeutyczne kamishibai<\/p>\n<p>Ksi\u0105\u017cka ukazuje w formie przyst\u0119pnej przypowie\u015bci kwesti\u0119 sposobu w jaki widzimy \u015bwiat i jak \u015bwiat widzi nas. Opowie\u015b\u0107 odwo\u0142uje si\u0119 do znanego motywu przypowie\u015bci wschodnich maj\u0105cych pokaza\u0107 w prostych s\u0142owach i obrazach, jak bardzo nasze nastawienie i dzia\u0142anie wp\u0142ywaj\u0105 na to co nam si\u0119 przydarza, czego do\u015bwiadczamy i jak nas widz\u0105 inni.<\/p>\n<p>To opowie\u015b\u0107 o odpowiedzialno\u015bci, o prostych zale\u017cno\u015bciach miedzy nami a \u015bwiatem zewn\u0119trznym. O tym jak dzia\u0142aj\u0105 emocje i \u017ce warto by\u0107 ich \u015bwiadomym.<\/p>\n<p>Dw\u00f3ch r\u00f3\u017cnych bohater\u00f3w, dwa r\u00f3\u017cne podej\u015bcia i zupe\u0142nie inne ich konsekwencje. Wszystko w scenerii zamku i jego tajemniczej lustrzanej sali&#8230;<\/p>\n<p>Ksi\u0105\u017cka przeznaczona dla dzieci w wieku 4-12<\/p>\n<p><strong>Ksi\u0105\u017cka na ostatniej karcie zach\u0119ca w spos\u00f3b bezpo\u015bredni do przedstawienia w\u0142asnych przemy\u015ble\u0144 na temat, kt\u00f3ry\u00a0 poruszany jest w opowie\u015bci. W formie dowolnej wypowiedzi s\u0142ownej lub ilustracji.<\/strong><\/p>\n<h1 style=\"text-align: right;\"><a href=\"https:\/\/www.tibum.pl\/shop\/wp-content\/uploads\/W-lustrzanej-sali.pdf\"><strong>W lustrzanej sali &#8211; scenariusz lekcji<\/strong><\/a><\/h1>\n<p>&nbsp;<\/p>\n<\/div>\n<\/article>\n<p><strong>Wydawnictwo: Wydawnictwo Tibum<\/strong><br \/>\n<strong>Wymiary: 420&#215;297 A3<\/strong><br \/>\nLiczba kart: 12 (dwustronnych)<br \/>\nIlo\u015b\u0107 stron: 24 (tekst, ilustracje)<br \/>\nRok wydania: 2020<br \/>\nOprawa: kartonowa koperta<\/p>\n<p style=\"font-size: small; font-weight: normal;\"><strong>Uwaga:<\/strong><br \/>\nZdj\u0119cia w galerii produktu mog\u0105 zawiera\u0107 inne przedmioty np. ksi\u0105\u017cki, teatrzyki-parawany, kt\u00f3re s\u0105 osobno zamawianymi pozycjami<\/p>\n<div id=\"s3gt_translate_tooltip_mini\" class=\"s3gt_translate_tooltip_mini_box\" style=\"background: initial !important; border: initial !important; border-radius: initial !important; border-spacing: initial !important; border-collapse: initial !important; direction: ltr !important; flex-direction: initial !important; font-weight: initial !important; height: initial !important; letter-spacing: initial !important; min-width: initial !important; max-width: initial !important; min-height: initial !important; max-height: initial !important; margin: auto !important; padding: initial !important; text-align: initial !important; width: initial !important; color: inherit !important; font-size: 13px !important; font-family: X-LocaleSpecific, sans-serif, Tahoma, Helvetica !important; line-height: 13px !important; vertical-align: top !important;\">\n<div id=\"s3gt_translate_tooltip_mini_logo\" class=\"s3gt_translate_tooltip_mini\" title=\"T\u0142umacz zaznaczony tekst\"><\/div>\n<div id=\"s3gt_translate_tooltip_mini_sound\" class=\"s3gt_translate_tooltip_mini\" title=\"Odtw\u00f3rz\"><\/div>\n<div id=\"s3gt_translate_tooltip_mini_copy\" class=\"s3gt_translate_tooltip_mini\" title=\"Kopiuj tekst do schowka\"><\/div>\n<\/div>\n","protected":false},"excerpt":{"rendered":"<p>ksi\u0105\u017cka kamishibai w formie ilustrowanych kart narracyjnych<\/p>\n<p>Tytu\u0142: <strong>&#8222;<cite>W lustrzanej sali<\/cite>&#8222;<\/strong><\/p>\n<p>Tekst:<a href=\"https:\/\/www.tibum.pl\/shop\/autorzy\/julian-brudzewski\"> Julian Brudzewski<\/a><br \/>\nIlustracje: <a href=\"https:\/\/www.tibum.pl\/shop\/autorzy\/zuzanna-szczepanik\">Zuzanna Szczepanik<\/a><\/p>\n<p>ISBN: <strong>978-83-947587-7-6<\/strong><\/p>\n","protected":false},"featured_media":15357,"template":"","meta":[],"product_brand":[],"product_cat":[18,48],"product_tag":[580,822,6,246,377,891,920,221,393,919],"class_list":{"0":"post-15347","1":"product","2":"type-product","3":"status-publish","4":"has-post-thumbnail","6":"product_cat-kamishibai","7":"product_cat-karty-narracyjne-do-teatrzyku-kamishibai","8":"product_tag-bajka-kamishibai","9":"product_tag-bajka-terapeutyczna","10":"product_tag-kamishibai","11":"product_tag-ksiazka-obrazkowa","12":"product_tag-przedszkole","13":"product_tag-samoswiadomosc","14":"product_tag-strach","15":"product_tag-tibum","16":"product_tag-uczucia","17":"product_tag-zlosc","18":"product_shipping_class-lekkie1","19":"description-off","21":"first","22":"instock","23":"featured","24":"taxable","25":"shipping-taxable","26":"purchasable","27":"product-type-simple"},"yoast_head":"<!-- This site is optimized with the Yoast SEO plugin v27.3 - https:\/\/yoast.com\/product\/yoast-seo-wordpress\/ -->\n<title>&quot;W lustrzanej sali&quot;, Julian Brudzewski, 12 kart narracyjnych - Tibum Wydawnictwo Kamishibai - Papierowy Teatr<\/title>\n<meta name=\"robots\" content=\"index, follow, max-snippet:-1, max-image-preview:large, max-video-preview:-1\" \/>\n<link rel=\"canonical\" href=\"https:\/\/www.tibum.pl\/shop\/produkt\/w-lustzanej-sali\" \/>\n<meta property=\"og:locale\" content=\"pl_PL\" \/>\n<meta property=\"og:type\" content=\"article\" \/>\n<meta property=\"og:title\" content=\"&quot;W lustrzanej sali&quot;, Julian Brudzewski, 12 kart narracyjnych - Tibum Wydawnictwo Kamishibai - Papierowy Teatr\" \/>\n<meta property=\"og:description\" content=\"ksi\u0105\u017cka kamishibai w formie ilustrowanych kart narracyjnych  Tytu\u0142: &quot;W lustrzanej sali&quot;  Tekst: Julian Brudzewski Ilustracje: Zuzanna Szczepanik  ISBN: 978-83-947587-7-6\" \/>\n<meta property=\"og:url\" content=\"https:\/\/www.tibum.pl\/shop\/produkt\/w-lustzanej-sali\" \/>\n<meta property=\"og:site_name\" content=\"Tibum Wydawnictwo Kamishibai - Papierowy Teatr\" \/>\n<meta property=\"article:publisher\" content=\"https:\/\/www.facebook.com\/PapierowyTeatr\" \/>\n<meta property=\"article:modified_time\" content=\"2025-09-18T11:48:55+00:00\" \/>\n<meta property=\"og:image\" content=\"https:\/\/www.tibum.pl\/shop\/wp-content\/uploads\/W_lustrzanej_sali_okladka_full-scaled.jpg\" \/>\n\t<meta property=\"og:image:width\" content=\"1390\" \/>\n\t<meta property=\"og:image:height\" content=\"1024\" \/>\n\t<meta property=\"og:image:type\" content=\"image\/jpeg\" \/>\n<meta name=\"twitter:card\" content=\"summary_large_image\" \/>\n<meta name=\"twitter:label1\" content=\"Szacowany czas czytania\" \/>\n\t<meta name=\"twitter:data1\" content=\"1 minuta\" \/>\n<script type=\"application\/ld+json\" class=\"yoast-schema-graph\">{\"@context\":\"https:\\\/\\\/schema.org\",\"@graph\":[{\"@type\":\"WebPage\",\"@id\":\"https:\\\/\\\/www.tibum.pl\\\/shop\\\/produkt\\\/w-lustzanej-sali\",\"url\":\"https:\\\/\\\/www.tibum.pl\\\/shop\\\/produkt\\\/w-lustzanej-sali\",\"name\":\"\\\"W lustrzanej sali\\\", Julian Brudzewski, 12 kart narracyjnych - Tibum Wydawnictwo Kamishibai - Papierowy Teatr\",\"isPartOf\":{\"@id\":\"https:\\\/\\\/www.tibum.pl\\\/shop\\\/#website\"},\"primaryImageOfPage\":{\"@id\":\"https:\\\/\\\/www.tibum.pl\\\/shop\\\/produkt\\\/w-lustzanej-sali#primaryimage\"},\"image\":{\"@id\":\"https:\\\/\\\/www.tibum.pl\\\/shop\\\/produkt\\\/w-lustzanej-sali#primaryimage\"},\"thumbnailUrl\":\"https:\\\/\\\/www.tibum.pl\\\/shop\\\/wp-content\\\/uploads\\\/W_lustrzanej_sali_okladka_full-scaled.jpg\",\"datePublished\":\"2020-05-29T10:06:55+00:00\",\"dateModified\":\"2025-09-18T11:48:55+00:00\",\"breadcrumb\":{\"@id\":\"https:\\\/\\\/www.tibum.pl\\\/shop\\\/produkt\\\/w-lustzanej-sali#breadcrumb\"},\"inLanguage\":\"pl-PL\",\"potentialAction\":[{\"@type\":\"ReadAction\",\"target\":[\"https:\\\/\\\/www.tibum.pl\\\/shop\\\/produkt\\\/w-lustzanej-sali\"]}]},{\"@type\":\"ImageObject\",\"inLanguage\":\"pl-PL\",\"@id\":\"https:\\\/\\\/www.tibum.pl\\\/shop\\\/produkt\\\/w-lustzanej-sali#primaryimage\",\"url\":\"https:\\\/\\\/www.tibum.pl\\\/shop\\\/wp-content\\\/uploads\\\/W_lustrzanej_sali_okladka_full-scaled.jpg\",\"contentUrl\":\"https:\\\/\\\/www.tibum.pl\\\/shop\\\/wp-content\\\/uploads\\\/W_lustrzanej_sali_okladka_full-scaled.jpg\",\"width\":1390,\"height\":1024},{\"@type\":\"BreadcrumbList\",\"@id\":\"https:\\\/\\\/www.tibum.pl\\\/shop\\\/produkt\\\/w-lustzanej-sali#breadcrumb\",\"itemListElement\":[{\"@type\":\"ListItem\",\"position\":1,\"name\":\"Home\",\"item\":\"https:\\\/\\\/www.tibum.pl\\\/shop\\\/\"},{\"@type\":\"ListItem\",\"position\":2,\"name\":\"Sklep\",\"item\":\"https:\\\/\\\/www.tibum.pl\\\/shop\\\/sklep\"},{\"@type\":\"ListItem\",\"position\":3,\"name\":\"&#8220;W lustrzanej sali&#8221;, Julian Brudzewski, 12 kart narracyjnych\"}]},{\"@type\":\"WebSite\",\"@id\":\"https:\\\/\\\/www.tibum.pl\\\/shop\\\/#website\",\"url\":\"https:\\\/\\\/www.tibum.pl\\\/shop\\\/\",\"name\":\"Tibum Wydawnictwo Kamishibai - Papierowy Teatr\",\"description\":\"wydawca ksi\u0105\u017cek i bajek obrazkowych kamishibai\",\"potentialAction\":[{\"@type\":\"SearchAction\",\"target\":{\"@type\":\"EntryPoint\",\"urlTemplate\":\"https:\\\/\\\/www.tibum.pl\\\/shop\\\/?s={search_term_string}\"},\"query-input\":{\"@type\":\"PropertyValueSpecification\",\"valueRequired\":true,\"valueName\":\"search_term_string\"}}],\"inLanguage\":\"pl-PL\"}]}<\/script>\n<!-- \/ Yoast SEO plugin. -->","yoast_head_json":{"title":"\"W lustrzanej sali\", Julian Brudzewski, 12 kart narracyjnych - Tibum Wydawnictwo Kamishibai - Papierowy Teatr","robots":{"index":"index","follow":"follow","max-snippet":"max-snippet:-1","max-image-preview":"max-image-preview:large","max-video-preview":"max-video-preview:-1"},"canonical":"https:\/\/www.tibum.pl\/shop\/produkt\/w-lustzanej-sali","og_locale":"pl_PL","og_type":"article","og_title":"\"W lustrzanej sali\", Julian Brudzewski, 12 kart narracyjnych - Tibum Wydawnictwo Kamishibai - Papierowy Teatr","og_description":"ksi\u0105\u017cka kamishibai w formie ilustrowanych kart narracyjnych  Tytu\u0142: \"W lustrzanej sali\"  Tekst: Julian Brudzewski Ilustracje: Zuzanna Szczepanik  ISBN: 978-83-947587-7-6","og_url":"https:\/\/www.tibum.pl\/shop\/produkt\/w-lustzanej-sali","og_site_name":"Tibum Wydawnictwo Kamishibai - Papierowy Teatr","article_publisher":"https:\/\/www.facebook.com\/PapierowyTeatr","article_modified_time":"2025-09-18T11:48:55+00:00","og_image":[{"width":1390,"height":1024,"url":"https:\/\/www.tibum.pl\/shop\/wp-content\/uploads\/W_lustrzanej_sali_okladka_full-scaled.jpg","type":"image\/jpeg"}],"twitter_card":"summary_large_image","twitter_misc":{"Szacowany czas czytania":"1 minuta"},"schema":{"@context":"https:\/\/schema.org","@graph":[{"@type":"WebPage","@id":"https:\/\/www.tibum.pl\/shop\/produkt\/w-lustzanej-sali","url":"https:\/\/www.tibum.pl\/shop\/produkt\/w-lustzanej-sali","name":"\"W lustrzanej sali\", Julian Brudzewski, 12 kart narracyjnych - Tibum Wydawnictwo Kamishibai - Papierowy Teatr","isPartOf":{"@id":"https:\/\/www.tibum.pl\/shop\/#website"},"primaryImageOfPage":{"@id":"https:\/\/www.tibum.pl\/shop\/produkt\/w-lustzanej-sali#primaryimage"},"image":{"@id":"https:\/\/www.tibum.pl\/shop\/produkt\/w-lustzanej-sali#primaryimage"},"thumbnailUrl":"https:\/\/www.tibum.pl\/shop\/wp-content\/uploads\/W_lustrzanej_sali_okladka_full-scaled.jpg","datePublished":"2020-05-29T10:06:55+00:00","dateModified":"2025-09-18T11:48:55+00:00","breadcrumb":{"@id":"https:\/\/www.tibum.pl\/shop\/produkt\/w-lustzanej-sali#breadcrumb"},"inLanguage":"pl-PL","potentialAction":[{"@type":"ReadAction","target":["https:\/\/www.tibum.pl\/shop\/produkt\/w-lustzanej-sali"]}]},{"@type":"ImageObject","inLanguage":"pl-PL","@id":"https:\/\/www.tibum.pl\/shop\/produkt\/w-lustzanej-sali#primaryimage","url":"https:\/\/www.tibum.pl\/shop\/wp-content\/uploads\/W_lustrzanej_sali_okladka_full-scaled.jpg","contentUrl":"https:\/\/www.tibum.pl\/shop\/wp-content\/uploads\/W_lustrzanej_sali_okladka_full-scaled.jpg","width":1390,"height":1024},{"@type":"BreadcrumbList","@id":"https:\/\/www.tibum.pl\/shop\/produkt\/w-lustzanej-sali#breadcrumb","itemListElement":[{"@type":"ListItem","position":1,"name":"Home","item":"https:\/\/www.tibum.pl\/shop\/"},{"@type":"ListItem","position":2,"name":"Sklep","item":"https:\/\/www.tibum.pl\/shop\/sklep"},{"@type":"ListItem","position":3,"name":"&#8220;W lustrzanej sali&#8221;, Julian Brudzewski, 12 kart narracyjnych"}]},{"@type":"WebSite","@id":"https:\/\/www.tibum.pl\/shop\/#website","url":"https:\/\/www.tibum.pl\/shop\/","name":"Tibum Wydawnictwo Kamishibai - Papierowy Teatr","description":"wydawca ksi\u0105\u017cek i bajek obrazkowych kamishibai","potentialAction":[{"@type":"SearchAction","target":{"@type":"EntryPoint","urlTemplate":"https:\/\/www.tibum.pl\/shop\/?s={search_term_string}"},"query-input":{"@type":"PropertyValueSpecification","valueRequired":true,"valueName":"search_term_string"}}],"inLanguage":"pl-PL"}]}},"_links":{"self":[{"href":"https:\/\/www.tibum.pl\/shop\/wp-json\/wp\/v2\/product\/15347","targetHints":{"allow":["GET"]}}],"collection":[{"href":"https:\/\/www.tibum.pl\/shop\/wp-json\/wp\/v2\/product"}],"about":[{"href":"https:\/\/www.tibum.pl\/shop\/wp-json\/wp\/v2\/types\/product"}],"wp:featuredmedia":[{"embeddable":true,"href":"https:\/\/www.tibum.pl\/shop\/wp-json\/wp\/v2\/media\/15357"}],"wp:attachment":[{"href":"https:\/\/www.tibum.pl\/shop\/wp-json\/wp\/v2\/media?parent=15347"}],"wp:term":[{"taxonomy":"product_brand","embeddable":true,"href":"https:\/\/www.tibum.pl\/shop\/wp-json\/wp\/v2\/product_brand?post=15347"},{"taxonomy":"product_cat","embeddable":true,"href":"https:\/\/www.tibum.pl\/shop\/wp-json\/wp\/v2\/product_cat?post=15347"},{"taxonomy":"product_tag","embeddable":true,"href":"https:\/\/www.tibum.pl\/shop\/wp-json\/wp\/v2\/product_tag?post=15347"}],"curies":[{"name":"wp","href":"https:\/\/api.w.org\/{rel}","templated":true}]}}