{"id":17441,"date":"2021-09-10T09:40:15","date_gmt":"2021-09-10T07:40:15","guid":{"rendered":"https:\/\/www.tibum.pl\/shop\/?post_type=product&#038;p=17441"},"modified":"2025-11-26T11:15:10","modified_gmt":"2025-11-26T10:15:10","slug":"ksiazki","status":"publish","type":"product","link":"https:\/\/www.tibum.pl\/shop\/produkt\/ksiazki","title":{"rendered":"&#8222;Ksi\u0105\u017cki (W bibliotece)&#8221;, Christos, Lili Chemin, 17 kart narracyjnych"},"content":{"rendered":"<article>\n<div style=\"text-align: left;\">\n<p><strong>Tytu\u0142: <em>&#8222;<cite>Ksi\u0105\u017cki<\/cite><cite>&#8221; (W bibliotece)<br \/>\n<\/cite><\/em><\/strong><\/p>\n<p><strong>Tekst: <a title=\"Christos\" href=\"https:\/\/www.tibum.pl\/shop\/autorzy\/christos\">Christos<\/a><\/strong><\/p>\n<p><strong>Ilustracje: <a title=\"Lili Chemin\" href=\"https:\/\/www.tibum.pl\/shop\/autorzy\/lili-chemin\"><span style=\"font-size: medium;\">Lili Chemin<\/span><\/a><\/strong><\/p>\n<p><strong>T\u0142umaczenie: <\/strong><a title=\"Natalia Zmaczy\u0144ska\" href=\"https:\/\/www.tibum.pl\/shop\/autorzy\/natalia-zmaczynska\"><strong>Natalia Zmaczy\u0144ska<\/strong><\/a><\/p>\n<p><strong>ISBN: 978-83-961120-0-2<\/strong><\/p>\n<\/div>\n<\/article>\n<p><strong>ksi\u0105\u017cka kamishibai<\/strong> w formie ilustrowanych kart narracyjnych do teatrzyku kamishibai<\/p>\n<p>&nbsp;<\/p>\n<p>M\u0142ody kociak po raz pierwszy idzie z mam\u0105 do biblioteki&#8230;<\/p>\n<p>Niezwyk\u0142a, nowatorska opowie\u015b\u0107 o wyprawie w \u015bwiat wyobra\u017ani.<\/p>\n<p>Ksi\u0105\u017cka &#8211; zabawa, w kt\u00f3rej\u00a0 zar\u00f3wno tekst jak i ilustracje maj\u0105 t\u0119 sam\u0105 wag\u0119 w odkrywaniu historii.<\/p>\n<p>Opowie\u015b\u0107 o ksi\u0105\u017ckach i tym czy s\u0105 lub mog\u0105 si\u0119 sta\u0107 w r\u0119kach czu\u0142ych mam, \u015bwiadomych opiekun\u00f3w, nauczycieli i bibliotekarzy. <strong>Opowie\u015b\u0107 humorystyczna &#8211; ilustracje zach\u0119caj\u0105 do aktywnego seansu czytania<\/strong>. Zmiana perspektywy w ilustracji stanowi doskona\u0142e \u0107wiczenie poszerzaj\u0105ce wyobra\u017ani\u0119. <strong>Kilka kart opowie\u015bci zach\u0119ca do poszukiwa\u0144 niejednoznacznych, ukrytych element\u00f3w ilustracji.<\/strong> Doskona\u0142a zabawa dla dzieci od lat 4.<\/p>\n<p><a href=\"https:\/\/www.tibum.pl\/shop\/co-to-jest-kamishibai\">Opowie\u015b\u0107 OTWARTA<\/a><\/p>\n<article><\/article>\n<p>Wydawnictwo: Wydawnictwo Tibum<br \/>\nWymiary: <strong> A3 (297\/420 mm)<\/strong><br \/>\nLiczba kart: 17 (dwustronnych)<br \/>\nIlo\u015b\u0107 stron: 34 (tekst, ilustracje)<br \/>\nRok wydania: 2021<br \/>\nOprawa: kartonowa koperta<\/p>\n<p>&nbsp;<\/p>\n<p><em>Cet ouvrage a b\u00e9n\u00e9fici\u00e9 du soutien des Programmes d&#8217;aide \u00e0 la publication de l&#8217;Institut fran\u00e7ais.<\/em><\/p>\n<p><em>Ksi\u0105\u017ck\u0119 wydano dzi\u0119ki dofinansowaniu Instytutu Francuskiego w ramach program\u00f3w wsparcia wydawniczego.<\/em><\/p>\n<div id=\"attachment_9398\" style=\"width: 203px\" class=\"wp-caption alignnone\"><img decoding=\"async\" aria-describedby=\"caption-attachment-9398\" class=\"size-full wp-image-9398\" src=\"https:\/\/www.tibum.pl\/shop\/wp-content\/uploads\/Institut_francais.jpg\" alt=\"instytut francuski\" width=\"193\" height=\"140\" srcset=\"https:\/\/www.tibum.pl\/shop\/wp-content\/uploads\/Institut_francais.jpg 193w, https:\/\/www.tibum.pl\/shop\/wp-content\/uploads\/Institut_francais-30x22.jpg 30w, https:\/\/www.tibum.pl\/shop\/wp-content\/uploads\/Institut_francais-65x47.jpg 65w\" sizes=\"(max-width: 193px) 100vw, 193px\" \/><p id=\"caption-attachment-9398\" class=\"wp-caption-text\">instytut francuski<\/p><\/div>\n<p style=\"font-size: small; font-weight: normal;\"><strong>Uwaga:<\/strong><br \/>\nZdj\u0119cia w galerii produktu mog\u0105 zawiera\u0107 inne przedmioty np. ksi\u0105\u017cki, teatrzyki-parawany, kt\u00f3re s\u0105 osobno zamawianymi pozycjami<\/p>\n<div id=\"s3gt_translate_tooltip_mini\" class=\"s3gt_translate_tooltip_mini_box\" style=\"background: initial !important; border: initial !important; border-radius: initial !important; border-spacing: initial !important; border-collapse: initial !important; direction: ltr !important; flex-direction: initial !important; font-weight: initial !important; height: initial !important; letter-spacing: initial !important; min-width: initial !important; max-width: initial !important; min-height: initial !important; max-height: initial !important; margin: auto !important; padding: initial !important; text-align: initial !important; width: initial !important; color: inherit !important; font-size: 13px !important; font-family: X-LocaleSpecific, sans-serif, Tahoma, Helvetica !important; line-height: 13px !important; vertical-align: top !important;\">\n<div id=\"s3gt_translate_tooltip_mini_logo\" class=\"s3gt_translate_tooltip_mini\" title=\"T\u0142umacz zaznaczony tekst\"><\/div>\n<div id=\"s3gt_translate_tooltip_mini_sound\" class=\"s3gt_translate_tooltip_mini\" title=\"Odtw\u00f3rz\"><\/div>\n<div id=\"s3gt_translate_tooltip_mini_copy\" class=\"s3gt_translate_tooltip_mini\" title=\"Kopiuj tekst do schowka\"><\/div>\n<\/div>\n","protected":false},"excerpt":{"rendered":"<p>ksi\u0105\u017cka kamishibai w formie ilustrowanych kart narracyjnych do teatrzyku drewnianego<\/p>\n<p><strong>Tytu\u0142: &#8222;Ksi\u0105\u017cki&#8221; (W bibliotece)<br \/>\n<\/strong><\/p>\n<p><strong>Tekst:<a href=\"https:\/\/www.tibum.pl\/shop\/autorzy\/christos\"> <span style=\"font-size: medium;\">Christos<\/span><\/a><\/strong><\/p>\n<p><strong>Ilustracje: <a href=\"https:\/\/www.tibum.pl\/shop\/autorzy\/lili-chemin\"><span style=\"font-size: medium;\">Lili Chemin <\/span><\/a><\/strong><\/p>\n<p><strong>\u00a0<\/strong><\/p>\n<p><strong>ISBN: 978-83-947587-9-0<br \/>\n<\/strong><\/p>\n<p>karty narracyjne kamishibai do drewnianego teatrzyku<\/p>\n","protected":false},"featured_media":17442,"template":"","meta":[],"product_brand":[],"product_cat":[18,48],"product_tag":[580,569,492,6,224,579],"class_list":{"0":"post-17441","1":"product","2":"type-product","3":"status-publish","4":"has-post-thumbnail","6":"product_cat-kamishibai","7":"product_cat-karty-narracyjne-do-teatrzyku-kamishibai","8":"product_tag-bajka-kamishibai","9":"product_tag-bajki-kamiszibaj","10":"product_tag-biblioteka","11":"product_tag-kamishibai","12":"product_tag-karty-narracyjne","13":"product_tag-ksiazka-kamishibai","14":"product_shipping_class-lekkie1","15":"description-off","17":"first","18":"instock","19":"featured","20":"taxable","21":"shipping-taxable","22":"purchasable","23":"product-type-simple"},"yoast_head":"<!-- This site is optimized with the Yoast SEO plugin v27.3 - https:\/\/yoast.com\/product\/yoast-seo-wordpress\/ -->\n<title>&quot;Ksi\u0105\u017cki (W bibliotece)&quot;, Christos, Lili Chemin, 17 kart narracyjnych - Tibum Wydawnictwo Kamishibai - Papierowy Teatr<\/title>\n<meta name=\"robots\" content=\"index, follow, max-snippet:-1, max-image-preview:large, max-video-preview:-1\" \/>\n<link rel=\"canonical\" href=\"https:\/\/www.tibum.pl\/shop\/produkt\/ksiazki\" \/>\n<meta property=\"og:locale\" content=\"pl_PL\" \/>\n<meta property=\"og:type\" content=\"article\" \/>\n<meta property=\"og:title\" content=\"&quot;Ksi\u0105\u017cki (W bibliotece)&quot;, Christos, Lili Chemin, 17 kart narracyjnych - Tibum Wydawnictwo Kamishibai - Papierowy Teatr\" \/>\n<meta property=\"og:description\" content=\"ksi\u0105\u017cka kamishibai w formie ilustrowanych kart narracyjnych do teatrzyku drewnianego  Tytu\u0142: &quot;Ksi\u0105\u017cki&quot; (W bibliotece)   Tekst: Christos  Ilustracje: Lili Chemin   \u00a0  ISBN: 978-83-947587-9-0   karty narracyjne kamishibai do drewnianego teatrzyku\" \/>\n<meta property=\"og:url\" content=\"https:\/\/www.tibum.pl\/shop\/produkt\/ksiazki\" \/>\n<meta property=\"og:site_name\" content=\"Tibum Wydawnictwo Kamishibai - Papierowy Teatr\" \/>\n<meta property=\"article:publisher\" content=\"https:\/\/www.facebook.com\/PapierowyTeatr\" \/>\n<meta property=\"article:modified_time\" content=\"2025-11-26T10:15:10+00:00\" \/>\n<meta property=\"og:image\" content=\"https:\/\/www.tibum.pl\/shop\/wp-content\/uploads\/Ksiazki_okladka-scaled.jpg\" \/>\n\t<meta property=\"og:image:width\" content=\"1416\" \/>\n\t<meta property=\"og:image:height\" content=\"1024\" \/>\n\t<meta property=\"og:image:type\" content=\"image\/jpeg\" \/>\n<meta name=\"twitter:card\" content=\"summary_large_image\" \/>\n<meta name=\"twitter:label1\" content=\"Szacowany czas czytania\" \/>\n\t<meta name=\"twitter:data1\" content=\"1 minuta\" \/>\n<script type=\"application\/ld+json\" class=\"yoast-schema-graph\">{\"@context\":\"https:\\\/\\\/schema.org\",\"@graph\":[{\"@type\":\"WebPage\",\"@id\":\"https:\\\/\\\/www.tibum.pl\\\/shop\\\/produkt\\\/ksiazki\",\"url\":\"https:\\\/\\\/www.tibum.pl\\\/shop\\\/produkt\\\/ksiazki\",\"name\":\"\\\"Ksi\u0105\u017cki (W bibliotece)\\\", Christos, Lili Chemin, 17 kart narracyjnych - Tibum Wydawnictwo Kamishibai - Papierowy Teatr\",\"isPartOf\":{\"@id\":\"https:\\\/\\\/www.tibum.pl\\\/shop\\\/#website\"},\"primaryImageOfPage\":{\"@id\":\"https:\\\/\\\/www.tibum.pl\\\/shop\\\/produkt\\\/ksiazki#primaryimage\"},\"image\":{\"@id\":\"https:\\\/\\\/www.tibum.pl\\\/shop\\\/produkt\\\/ksiazki#primaryimage\"},\"thumbnailUrl\":\"https:\\\/\\\/www.tibum.pl\\\/shop\\\/wp-content\\\/uploads\\\/Ksiazki_okladka-scaled.jpg\",\"datePublished\":\"2021-09-10T07:40:15+00:00\",\"dateModified\":\"2025-11-26T10:15:10+00:00\",\"breadcrumb\":{\"@id\":\"https:\\\/\\\/www.tibum.pl\\\/shop\\\/produkt\\\/ksiazki#breadcrumb\"},\"inLanguage\":\"pl-PL\",\"potentialAction\":[{\"@type\":\"ReadAction\",\"target\":[\"https:\\\/\\\/www.tibum.pl\\\/shop\\\/produkt\\\/ksiazki\"]}]},{\"@type\":\"ImageObject\",\"inLanguage\":\"pl-PL\",\"@id\":\"https:\\\/\\\/www.tibum.pl\\\/shop\\\/produkt\\\/ksiazki#primaryimage\",\"url\":\"https:\\\/\\\/www.tibum.pl\\\/shop\\\/wp-content\\\/uploads\\\/Ksiazki_okladka-scaled.jpg\",\"contentUrl\":\"https:\\\/\\\/www.tibum.pl\\\/shop\\\/wp-content\\\/uploads\\\/Ksiazki_okladka-scaled.jpg\",\"width\":1416,\"height\":1024},{\"@type\":\"BreadcrumbList\",\"@id\":\"https:\\\/\\\/www.tibum.pl\\\/shop\\\/produkt\\\/ksiazki#breadcrumb\",\"itemListElement\":[{\"@type\":\"ListItem\",\"position\":1,\"name\":\"Home\",\"item\":\"https:\\\/\\\/www.tibum.pl\\\/shop\\\/\"},{\"@type\":\"ListItem\",\"position\":2,\"name\":\"Sklep\",\"item\":\"https:\\\/\\\/www.tibum.pl\\\/shop\\\/sklep\"},{\"@type\":\"ListItem\",\"position\":3,\"name\":\"&#8222;Ksi\u0105\u017cki (W bibliotece)&#8221;, Christos, Lili Chemin, 17 kart narracyjnych\"}]},{\"@type\":\"WebSite\",\"@id\":\"https:\\\/\\\/www.tibum.pl\\\/shop\\\/#website\",\"url\":\"https:\\\/\\\/www.tibum.pl\\\/shop\\\/\",\"name\":\"Tibum Wydawnictwo Kamishibai - Papierowy Teatr\",\"description\":\"wydawca ksi\u0105\u017cek i bajek obrazkowych kamishibai\",\"potentialAction\":[{\"@type\":\"SearchAction\",\"target\":{\"@type\":\"EntryPoint\",\"urlTemplate\":\"https:\\\/\\\/www.tibum.pl\\\/shop\\\/?s={search_term_string}\"},\"query-input\":{\"@type\":\"PropertyValueSpecification\",\"valueRequired\":true,\"valueName\":\"search_term_string\"}}],\"inLanguage\":\"pl-PL\"}]}<\/script>\n<!-- \/ Yoast SEO plugin. -->","yoast_head_json":{"title":"\"Ksi\u0105\u017cki (W bibliotece)\", Christos, Lili Chemin, 17 kart narracyjnych - Tibum Wydawnictwo Kamishibai - Papierowy Teatr","robots":{"index":"index","follow":"follow","max-snippet":"max-snippet:-1","max-image-preview":"max-image-preview:large","max-video-preview":"max-video-preview:-1"},"canonical":"https:\/\/www.tibum.pl\/shop\/produkt\/ksiazki","og_locale":"pl_PL","og_type":"article","og_title":"\"Ksi\u0105\u017cki (W bibliotece)\", Christos, Lili Chemin, 17 kart narracyjnych - Tibum Wydawnictwo Kamishibai - Papierowy Teatr","og_description":"ksi\u0105\u017cka kamishibai w formie ilustrowanych kart narracyjnych do teatrzyku drewnianego  Tytu\u0142: \"Ksi\u0105\u017cki\" (W bibliotece)   Tekst: Christos  Ilustracje: Lili Chemin   \u00a0  ISBN: 978-83-947587-9-0   karty narracyjne kamishibai do drewnianego teatrzyku","og_url":"https:\/\/www.tibum.pl\/shop\/produkt\/ksiazki","og_site_name":"Tibum Wydawnictwo Kamishibai - Papierowy Teatr","article_publisher":"https:\/\/www.facebook.com\/PapierowyTeatr","article_modified_time":"2025-11-26T10:15:10+00:00","og_image":[{"width":1416,"height":1024,"url":"https:\/\/www.tibum.pl\/shop\/wp-content\/uploads\/Ksiazki_okladka-scaled.jpg","type":"image\/jpeg"}],"twitter_card":"summary_large_image","twitter_misc":{"Szacowany czas czytania":"1 minuta"},"schema":{"@context":"https:\/\/schema.org","@graph":[{"@type":"WebPage","@id":"https:\/\/www.tibum.pl\/shop\/produkt\/ksiazki","url":"https:\/\/www.tibum.pl\/shop\/produkt\/ksiazki","name":"\"Ksi\u0105\u017cki (W bibliotece)\", Christos, Lili Chemin, 17 kart narracyjnych - Tibum Wydawnictwo Kamishibai - Papierowy Teatr","isPartOf":{"@id":"https:\/\/www.tibum.pl\/shop\/#website"},"primaryImageOfPage":{"@id":"https:\/\/www.tibum.pl\/shop\/produkt\/ksiazki#primaryimage"},"image":{"@id":"https:\/\/www.tibum.pl\/shop\/produkt\/ksiazki#primaryimage"},"thumbnailUrl":"https:\/\/www.tibum.pl\/shop\/wp-content\/uploads\/Ksiazki_okladka-scaled.jpg","datePublished":"2021-09-10T07:40:15+00:00","dateModified":"2025-11-26T10:15:10+00:00","breadcrumb":{"@id":"https:\/\/www.tibum.pl\/shop\/produkt\/ksiazki#breadcrumb"},"inLanguage":"pl-PL","potentialAction":[{"@type":"ReadAction","target":["https:\/\/www.tibum.pl\/shop\/produkt\/ksiazki"]}]},{"@type":"ImageObject","inLanguage":"pl-PL","@id":"https:\/\/www.tibum.pl\/shop\/produkt\/ksiazki#primaryimage","url":"https:\/\/www.tibum.pl\/shop\/wp-content\/uploads\/Ksiazki_okladka-scaled.jpg","contentUrl":"https:\/\/www.tibum.pl\/shop\/wp-content\/uploads\/Ksiazki_okladka-scaled.jpg","width":1416,"height":1024},{"@type":"BreadcrumbList","@id":"https:\/\/www.tibum.pl\/shop\/produkt\/ksiazki#breadcrumb","itemListElement":[{"@type":"ListItem","position":1,"name":"Home","item":"https:\/\/www.tibum.pl\/shop\/"},{"@type":"ListItem","position":2,"name":"Sklep","item":"https:\/\/www.tibum.pl\/shop\/sklep"},{"@type":"ListItem","position":3,"name":"&#8222;Ksi\u0105\u017cki (W bibliotece)&#8221;, Christos, Lili Chemin, 17 kart narracyjnych"}]},{"@type":"WebSite","@id":"https:\/\/www.tibum.pl\/shop\/#website","url":"https:\/\/www.tibum.pl\/shop\/","name":"Tibum Wydawnictwo Kamishibai - Papierowy Teatr","description":"wydawca ksi\u0105\u017cek i bajek obrazkowych kamishibai","potentialAction":[{"@type":"SearchAction","target":{"@type":"EntryPoint","urlTemplate":"https:\/\/www.tibum.pl\/shop\/?s={search_term_string}"},"query-input":{"@type":"PropertyValueSpecification","valueRequired":true,"valueName":"search_term_string"}}],"inLanguage":"pl-PL"}]}},"_links":{"self":[{"href":"https:\/\/www.tibum.pl\/shop\/wp-json\/wp\/v2\/product\/17441","targetHints":{"allow":["GET"]}}],"collection":[{"href":"https:\/\/www.tibum.pl\/shop\/wp-json\/wp\/v2\/product"}],"about":[{"href":"https:\/\/www.tibum.pl\/shop\/wp-json\/wp\/v2\/types\/product"}],"wp:featuredmedia":[{"embeddable":true,"href":"https:\/\/www.tibum.pl\/shop\/wp-json\/wp\/v2\/media\/17442"}],"wp:attachment":[{"href":"https:\/\/www.tibum.pl\/shop\/wp-json\/wp\/v2\/media?parent=17441"}],"wp:term":[{"taxonomy":"product_brand","embeddable":true,"href":"https:\/\/www.tibum.pl\/shop\/wp-json\/wp\/v2\/product_brand?post=17441"},{"taxonomy":"product_cat","embeddable":true,"href":"https:\/\/www.tibum.pl\/shop\/wp-json\/wp\/v2\/product_cat?post=17441"},{"taxonomy":"product_tag","embeddable":true,"href":"https:\/\/www.tibum.pl\/shop\/wp-json\/wp\/v2\/product_tag?post=17441"}],"curies":[{"name":"wp","href":"https:\/\/api.w.org\/{rel}","templated":true}]}}