{"id":18798,"date":"2022-03-10T07:04:06","date_gmt":"2022-03-10T06:04:06","guid":{"rendered":"https:\/\/www.tibum.pl\/shop\/?post_type=product&#038;p=18798"},"modified":"2025-11-26T11:15:09","modified_gmt":"2025-11-26T10:15:09","slug":"kiedy-dorosne","status":"publish","type":"product","link":"https:\/\/www.tibum.pl\/shop\/produkt\/kiedy-dorosne","title":{"rendered":"&#8222;Kiedy dorosn\u0119\u2026&#8221;,  Vib\u00f3k Ildi, Herbszt L\u00e1szl, 12 kart narracyjnych"},"content":{"rendered":"<article>\n<div style=\"text-align: left;\">\n<p><strong>Tytu\u0142: &#8222;Kiedy dorosn\u0119\u2026 Marzenia motylego jajeczka<cite>&#8222;<\/cite><\/strong><\/p>\n<p><strong>Tekst: <a href=\"https:\/\/www.tibum.pl\/shop\/produkt\/ildi-vibok\">Ildi Vibok<\/a><\/strong><\/p>\n<p><strong>Ilustracje: <a href=\"https:\/\/www.tibum.pl\/shop\/autorzy\/laszlo-herbszt\">L\u00e1szl\u00f3 Herbszt<\/a><\/strong><\/p>\n<p><strong>ISBN: 978-83-961120-2-6<br \/>\n<\/strong><\/p>\n<\/div>\n<\/article>\n<p><strong>ksi\u0105\u017cka kamishibai<\/strong> w formie ilustrowanych kart narracyjnych do teatrzyku kamishibai<\/p>\n<p>&nbsp;<\/p>\n<p>Jednym z najbardziej ekscytuj\u0105cych pyta\u0144 w wieku przedszkolnym i szkolnym jest pytanie, kim zostan\u0119 kiedy dorosn\u0119?<\/p>\n<p>Temat ten zosta\u0142 ju\u017c opisany przez wielu autor\u00f3w, ilu pytaj\u0105cych \u2013 tyle te\u017c odpowiedzi\u2026 W opowie\u015bci \u201e Kiedy dorosn\u0119\u2026 Marzenia motylego jajeczka\u201d male\u0144kie jajko le\u017c\u0105ce pod li\u015bciem marzy o tym, kim chcia\u0142oby by\u0107 w przysz\u0142o\u015bci kiedy b\u0119dzie dorod\u0142ym: psem, rekinem tygrysim, ma\u0142p\u0105, s\u0142oniem, a nawet panter\u0105\u2026 i w tym czasie zmienia si\u0119.<\/p>\n<blockquote><p>Przysz\u0142o\u015b\u0107 jest bowiem teraz, a snuj\u0105c najodwa\u017cniejsze marzenia stajemy si\u0119 tw\u00f3rc\u0105 naszego jutra.<\/p><\/blockquote>\n<p>Cech\u0105 charakterystyczn\u0105 ilustracji jest to, i\u017c wszystkie one wykonane s\u0105 r\u00f3\u017cnymi technikami: farba akrylowa, cracking, linoleum, grafika komputerowa, mokulito, druk laserowy. Ilustracje podkre\u015blaj\u0105 w opowiadanej historii niesko\u0144czony wachlarz mo\u017cliwo\u015bci wobec jakiego stajemy w \u017cyciu&#8230;<\/p>\n<p>L\u00e1szl\u00f3 Herbszt proponuje prawdziw\u0105 podr\u00f3\u017c w krain\u0119 wyobra\u017ani i fantazji.<\/p>\n<p>&nbsp;<\/p>\n<p>Papierowa opowie\u015b\u0107 teatralna od 4 roku \u017cycia<\/p>\n<article><\/article>\n<p>Wydawnictwo: Wydawnictwo Tibum<br \/>\nWymiary: <strong> A3 (297\/420 mm)<\/strong><br \/>\nLiczba kart: 12 (dwustronnych)<br \/>\nIlo\u015b\u0107 stron: 24 (tekst, ilustracje)<br \/>\nRok wydania: 2022<br \/>\nOprawa: kartonowa koperta<\/p>\n<p>&nbsp;<\/p>\n<p style=\"font-size: small; font-weight: normal;\"><strong>Uwaga:<\/strong><br \/>\nZdj\u0119cia w galerii produktu mog\u0105 zawiera\u0107 inne przedmioty np. ksi\u0105\u017cki, teatrzyki-parawany, kt\u00f3re s\u0105 osobno zamawianymi pozycjami<\/p>\n<div id=\"s3gt_translate_tooltip_mini\" class=\"s3gt_translate_tooltip_mini_box\" style=\"background: initial !important; border: initial !important; border-radius: initial !important; border-spacing: initial !important; border-collapse: initial !important; direction: ltr !important; flex-direction: initial !important; font-weight: initial !important; height: initial !important; letter-spacing: initial !important; min-width: initial !important; max-width: initial !important; min-height: initial !important; max-height: initial !important; margin: auto !important; padding: initial !important; text-align: initial !important; width: initial !important; color: inherit !important; font-size: 13px !important; font-family: X-LocaleSpecific, sans-serif, Tahoma, Helvetica !important; line-height: 13px !important; vertical-align: top !important;\">\n<div id=\"s3gt_translate_tooltip_mini_logo\" class=\"s3gt_translate_tooltip_mini\" title=\"T\u0142umacz zaznaczony tekst\"><\/div>\n<div id=\"s3gt_translate_tooltip_mini_sound\" class=\"s3gt_translate_tooltip_mini\" title=\"Odtw\u00f3rz\"><\/div>\n<div id=\"s3gt_translate_tooltip_mini_copy\" class=\"s3gt_translate_tooltip_mini\" title=\"Kopiuj tekst do schowka\"><\/div>\n<\/div>\n","protected":false},"excerpt":{"rendered":"<p>ksi\u0105\u017cka kamishibai w formie ilustrowanych kart narracyjnych do teatrzyku drewnianego<\/p>\n<p><strong>Tytu\u0142: &#8222;Kiedy dorosn\u0119\u2026 Marzenia motylego jajeczka&#8221;<\/strong><\/p>\n<p><strong>Tekst: <a href=\"https:\/\/www.tibum.pl\/shop\/autorzy\/ildi-vibok\">Ildi Vibok<\/a><br \/>\n<\/strong><\/p>\n<p><strong>Ilustracje: <a href=\"https:\/\/www.tibum.pl\/shop\/autorzy\/laszlo-herbszt\">L\u00e1szl\u00f3 Herbszt<\/a><br \/>\n<\/strong><\/p>\n<p><strong>ISBN: 978-83-961120-2-6<\/strong><\/p>\n<p>karty narracyjne kamishibai do drewnianego teatrzyku<\/p>\n","protected":false},"featured_media":18828,"template":"","meta":[],"product_brand":[],"product_cat":[18,48],"product_tag":[580,740,898,6,475,897,541,221,896],"class_list":{"0":"post-18798","1":"product","2":"type-product","3":"status-publish","4":"has-post-thumbnail","6":"product_cat-kamishibai","7":"product_cat-karty-narracyjne-do-teatrzyku-kamishibai","8":"product_tag-bajka-kamishibai","9":"product_tag-dojrzewanie","10":"product_tag-doroslosc","11":"product_tag-kamishibai","12":"product_tag-karty-kamishibai","13":"product_tag-przyszlosc","14":"product_tag-teatrzyk-drewniany","15":"product_tag-tibum","16":"product_tag-zmiana","17":"product_shipping_class-lekkie1","18":"description-off","20":"first","21":"instock","22":"featured","23":"taxable","24":"shipping-taxable","25":"purchasable","26":"product-type-simple"},"yoast_head":"<!-- This site is optimized with the Yoast SEO plugin v27.3 - https:\/\/yoast.com\/product\/yoast-seo-wordpress\/ -->\n<title>&quot;Kiedy dorosn\u0119\u2026&quot;, Vib\u00f3k Ildi, Herbszt L\u00e1szl, 12 kart narracyjnych - Tibum Wydawnictwo Kamishibai - Papierowy Teatr<\/title>\n<meta name=\"robots\" content=\"index, follow, max-snippet:-1, max-image-preview:large, max-video-preview:-1\" \/>\n<link rel=\"canonical\" href=\"https:\/\/www.tibum.pl\/shop\/produkt\/kiedy-dorosne\" \/>\n<meta property=\"og:locale\" content=\"pl_PL\" \/>\n<meta property=\"og:type\" content=\"article\" \/>\n<meta property=\"og:title\" content=\"&quot;Kiedy dorosn\u0119\u2026&quot;, Vib\u00f3k Ildi, Herbszt L\u00e1szl, 12 kart narracyjnych - Tibum Wydawnictwo Kamishibai - Papierowy Teatr\" \/>\n<meta property=\"og:description\" content=\"ksi\u0105\u017cka kamishibai w formie ilustrowanych kart narracyjnych do teatrzyku drewnianego  Tytu\u0142: &quot;Kiedy dorosn\u0119\u2026 Marzenia motylego jajeczka&quot;  Tekst: Ildi Vibok   Ilustracje: L\u00e1szl\u00f3 Herbszt   ISBN: 978-83-961120-2-6  karty narracyjne kamishibai do drewnianego teatrzyku\" \/>\n<meta property=\"og:url\" content=\"https:\/\/www.tibum.pl\/shop\/produkt\/kiedy-dorosne\" \/>\n<meta property=\"og:site_name\" content=\"Tibum Wydawnictwo Kamishibai - Papierowy Teatr\" \/>\n<meta property=\"article:publisher\" content=\"https:\/\/www.facebook.com\/PapierowyTeatr\" \/>\n<meta property=\"article:modified_time\" content=\"2025-11-26T10:15:09+00:00\" \/>\n<meta property=\"og:image\" content=\"https:\/\/www.tibum.pl\/shop\/wp-content\/uploads\/Kiedy_dorosne_okladka.jpg\" \/>\n\t<meta property=\"og:image:width\" content=\"800\" \/>\n\t<meta property=\"og:image:height\" content=\"577\" \/>\n\t<meta property=\"og:image:type\" content=\"image\/jpeg\" \/>\n<meta name=\"twitter:card\" content=\"summary_large_image\" \/>\n<meta name=\"twitter:label1\" content=\"Szacowany czas czytania\" \/>\n\t<meta name=\"twitter:data1\" content=\"1 minuta\" \/>\n<script type=\"application\/ld+json\" class=\"yoast-schema-graph\">{\"@context\":\"https:\\\/\\\/schema.org\",\"@graph\":[{\"@type\":\"WebPage\",\"@id\":\"https:\\\/\\\/www.tibum.pl\\\/shop\\\/produkt\\\/kiedy-dorosne\",\"url\":\"https:\\\/\\\/www.tibum.pl\\\/shop\\\/produkt\\\/kiedy-dorosne\",\"name\":\"\\\"Kiedy dorosn\u0119\u2026\\\", Vib\u00f3k Ildi, Herbszt L\u00e1szl, 12 kart narracyjnych - Tibum Wydawnictwo Kamishibai - Papierowy Teatr\",\"isPartOf\":{\"@id\":\"https:\\\/\\\/www.tibum.pl\\\/shop\\\/#website\"},\"primaryImageOfPage\":{\"@id\":\"https:\\\/\\\/www.tibum.pl\\\/shop\\\/produkt\\\/kiedy-dorosne#primaryimage\"},\"image\":{\"@id\":\"https:\\\/\\\/www.tibum.pl\\\/shop\\\/produkt\\\/kiedy-dorosne#primaryimage\"},\"thumbnailUrl\":\"https:\\\/\\\/www.tibum.pl\\\/shop\\\/wp-content\\\/uploads\\\/Kiedy_dorosne_okladka.jpg\",\"datePublished\":\"2022-03-10T06:04:06+00:00\",\"dateModified\":\"2025-11-26T10:15:09+00:00\",\"breadcrumb\":{\"@id\":\"https:\\\/\\\/www.tibum.pl\\\/shop\\\/produkt\\\/kiedy-dorosne#breadcrumb\"},\"inLanguage\":\"pl-PL\",\"potentialAction\":[{\"@type\":\"ReadAction\",\"target\":[\"https:\\\/\\\/www.tibum.pl\\\/shop\\\/produkt\\\/kiedy-dorosne\"]}]},{\"@type\":\"ImageObject\",\"inLanguage\":\"pl-PL\",\"@id\":\"https:\\\/\\\/www.tibum.pl\\\/shop\\\/produkt\\\/kiedy-dorosne#primaryimage\",\"url\":\"https:\\\/\\\/www.tibum.pl\\\/shop\\\/wp-content\\\/uploads\\\/Kiedy_dorosne_okladka.jpg\",\"contentUrl\":\"https:\\\/\\\/www.tibum.pl\\\/shop\\\/wp-content\\\/uploads\\\/Kiedy_dorosne_okladka.jpg\",\"width\":800,\"height\":577,\"caption\":\"kamishibai\"},{\"@type\":\"BreadcrumbList\",\"@id\":\"https:\\\/\\\/www.tibum.pl\\\/shop\\\/produkt\\\/kiedy-dorosne#breadcrumb\",\"itemListElement\":[{\"@type\":\"ListItem\",\"position\":1,\"name\":\"Home\",\"item\":\"https:\\\/\\\/www.tibum.pl\\\/shop\\\/\"},{\"@type\":\"ListItem\",\"position\":2,\"name\":\"Sklep\",\"item\":\"https:\\\/\\\/www.tibum.pl\\\/shop\\\/sklep\"},{\"@type\":\"ListItem\",\"position\":3,\"name\":\"&#8220;Kiedy dorosn\u0119\u2026&#8221;, Vib\u00f3k Ildi, Herbszt L\u00e1szl, 12 kart narracyjnych\"}]},{\"@type\":\"WebSite\",\"@id\":\"https:\\\/\\\/www.tibum.pl\\\/shop\\\/#website\",\"url\":\"https:\\\/\\\/www.tibum.pl\\\/shop\\\/\",\"name\":\"Tibum Wydawnictwo Kamishibai - Papierowy Teatr\",\"description\":\"wydawca ksi\u0105\u017cek i bajek obrazkowych kamishibai\",\"potentialAction\":[{\"@type\":\"SearchAction\",\"target\":{\"@type\":\"EntryPoint\",\"urlTemplate\":\"https:\\\/\\\/www.tibum.pl\\\/shop\\\/?s={search_term_string}\"},\"query-input\":{\"@type\":\"PropertyValueSpecification\",\"valueRequired\":true,\"valueName\":\"search_term_string\"}}],\"inLanguage\":\"pl-PL\"}]}<\/script>\n<!-- \/ Yoast SEO plugin. -->","yoast_head_json":{"title":"\"Kiedy dorosn\u0119\u2026\", Vib\u00f3k Ildi, Herbszt L\u00e1szl, 12 kart narracyjnych - Tibum Wydawnictwo Kamishibai - Papierowy Teatr","robots":{"index":"index","follow":"follow","max-snippet":"max-snippet:-1","max-image-preview":"max-image-preview:large","max-video-preview":"max-video-preview:-1"},"canonical":"https:\/\/www.tibum.pl\/shop\/produkt\/kiedy-dorosne","og_locale":"pl_PL","og_type":"article","og_title":"\"Kiedy dorosn\u0119\u2026\", Vib\u00f3k Ildi, Herbszt L\u00e1szl, 12 kart narracyjnych - Tibum Wydawnictwo Kamishibai - Papierowy Teatr","og_description":"ksi\u0105\u017cka kamishibai w formie ilustrowanych kart narracyjnych do teatrzyku drewnianego  Tytu\u0142: \"Kiedy dorosn\u0119\u2026 Marzenia motylego jajeczka\"  Tekst: Ildi Vibok   Ilustracje: L\u00e1szl\u00f3 Herbszt   ISBN: 978-83-961120-2-6  karty narracyjne kamishibai do drewnianego teatrzyku","og_url":"https:\/\/www.tibum.pl\/shop\/produkt\/kiedy-dorosne","og_site_name":"Tibum Wydawnictwo Kamishibai - Papierowy Teatr","article_publisher":"https:\/\/www.facebook.com\/PapierowyTeatr","article_modified_time":"2025-11-26T10:15:09+00:00","og_image":[{"width":800,"height":577,"url":"https:\/\/www.tibum.pl\/shop\/wp-content\/uploads\/Kiedy_dorosne_okladka.jpg","type":"image\/jpeg"}],"twitter_card":"summary_large_image","twitter_misc":{"Szacowany czas czytania":"1 minuta"},"schema":{"@context":"https:\/\/schema.org","@graph":[{"@type":"WebPage","@id":"https:\/\/www.tibum.pl\/shop\/produkt\/kiedy-dorosne","url":"https:\/\/www.tibum.pl\/shop\/produkt\/kiedy-dorosne","name":"\"Kiedy dorosn\u0119\u2026\", Vib\u00f3k Ildi, Herbszt L\u00e1szl, 12 kart narracyjnych - Tibum Wydawnictwo Kamishibai - Papierowy Teatr","isPartOf":{"@id":"https:\/\/www.tibum.pl\/shop\/#website"},"primaryImageOfPage":{"@id":"https:\/\/www.tibum.pl\/shop\/produkt\/kiedy-dorosne#primaryimage"},"image":{"@id":"https:\/\/www.tibum.pl\/shop\/produkt\/kiedy-dorosne#primaryimage"},"thumbnailUrl":"https:\/\/www.tibum.pl\/shop\/wp-content\/uploads\/Kiedy_dorosne_okladka.jpg","datePublished":"2022-03-10T06:04:06+00:00","dateModified":"2025-11-26T10:15:09+00:00","breadcrumb":{"@id":"https:\/\/www.tibum.pl\/shop\/produkt\/kiedy-dorosne#breadcrumb"},"inLanguage":"pl-PL","potentialAction":[{"@type":"ReadAction","target":["https:\/\/www.tibum.pl\/shop\/produkt\/kiedy-dorosne"]}]},{"@type":"ImageObject","inLanguage":"pl-PL","@id":"https:\/\/www.tibum.pl\/shop\/produkt\/kiedy-dorosne#primaryimage","url":"https:\/\/www.tibum.pl\/shop\/wp-content\/uploads\/Kiedy_dorosne_okladka.jpg","contentUrl":"https:\/\/www.tibum.pl\/shop\/wp-content\/uploads\/Kiedy_dorosne_okladka.jpg","width":800,"height":577,"caption":"kamishibai"},{"@type":"BreadcrumbList","@id":"https:\/\/www.tibum.pl\/shop\/produkt\/kiedy-dorosne#breadcrumb","itemListElement":[{"@type":"ListItem","position":1,"name":"Home","item":"https:\/\/www.tibum.pl\/shop\/"},{"@type":"ListItem","position":2,"name":"Sklep","item":"https:\/\/www.tibum.pl\/shop\/sklep"},{"@type":"ListItem","position":3,"name":"&#8220;Kiedy dorosn\u0119\u2026&#8221;, Vib\u00f3k Ildi, Herbszt L\u00e1szl, 12 kart narracyjnych"}]},{"@type":"WebSite","@id":"https:\/\/www.tibum.pl\/shop\/#website","url":"https:\/\/www.tibum.pl\/shop\/","name":"Tibum Wydawnictwo Kamishibai - Papierowy Teatr","description":"wydawca ksi\u0105\u017cek i bajek obrazkowych kamishibai","potentialAction":[{"@type":"SearchAction","target":{"@type":"EntryPoint","urlTemplate":"https:\/\/www.tibum.pl\/shop\/?s={search_term_string}"},"query-input":{"@type":"PropertyValueSpecification","valueRequired":true,"valueName":"search_term_string"}}],"inLanguage":"pl-PL"}]}},"_links":{"self":[{"href":"https:\/\/www.tibum.pl\/shop\/wp-json\/wp\/v2\/product\/18798","targetHints":{"allow":["GET"]}}],"collection":[{"href":"https:\/\/www.tibum.pl\/shop\/wp-json\/wp\/v2\/product"}],"about":[{"href":"https:\/\/www.tibum.pl\/shop\/wp-json\/wp\/v2\/types\/product"}],"wp:featuredmedia":[{"embeddable":true,"href":"https:\/\/www.tibum.pl\/shop\/wp-json\/wp\/v2\/media\/18828"}],"wp:attachment":[{"href":"https:\/\/www.tibum.pl\/shop\/wp-json\/wp\/v2\/media?parent=18798"}],"wp:term":[{"taxonomy":"product_brand","embeddable":true,"href":"https:\/\/www.tibum.pl\/shop\/wp-json\/wp\/v2\/product_brand?post=18798"},{"taxonomy":"product_cat","embeddable":true,"href":"https:\/\/www.tibum.pl\/shop\/wp-json\/wp\/v2\/product_cat?post=18798"},{"taxonomy":"product_tag","embeddable":true,"href":"https:\/\/www.tibum.pl\/shop\/wp-json\/wp\/v2\/product_tag?post=18798"}],"curies":[{"name":"wp","href":"https:\/\/api.w.org\/{rel}","templated":true}]}}