{"id":18843,"date":"2022-03-10T18:09:50","date_gmt":"2022-03-10T17:09:50","guid":{"rendered":"https:\/\/www.tibum.pl\/shop\/?post_type=product&#038;p=18843"},"modified":"2026-04-30T13:47:35","modified_gmt":"2026-04-30T11:47:35","slug":"jak-zyje-ziemia","status":"publish","type":"product","link":"https:\/\/www.tibum.pl\/shop\/produkt\/jak-zyje-ziemia","title":{"rendered":"Jak \u017byje Ziemia, Magdalena Zar\u0119bska, 17 kart narracyjnych, isbn 9788396112019"},"content":{"rendered":"<article>\n<div style=\"text-align: left;\">\n<p><strong>Tytu\u0142: <em>&#8222;<cite>Jak \u017byje Ziemia<\/cite><cite>&#8222;<\/cite><\/em><\/strong><\/p>\n<p><strong>Tekst: <a href=\"https:\/\/www.tibum.pl\/shop\/autorzy\/magdalena-zarebska\">Magdalena Zar\u0119bska<\/a><br \/>\n<\/strong><\/p>\n<p><strong>Ilustracje: <a href=\"https:\/\/www.tibum.pl\/shop\/autorzy\/aleksandra-strzalkowska\">Aleksandra Strza\u0142kowska<\/a><br \/>\n<\/strong><\/p>\n<p><strong>ISBN: 978-83-961120-1-9<\/strong><\/p>\n<p>Subtelna opowie\u015b\u0107 o cykliczno\u015bci przyrody. Poetycki tekst autorki Magdaleny Zar\u0119bskiej do ilustracji m\u0142odej artystki Aleksandry Strza\u0142kowskiej. Zanurz si\u0119 w le\u015bnej opowie\u015bci, odkryj gdzie rosn\u0105 porosty, co migoce w tafli wody, kto baraszkuje w \u015bci\u00f3\u0142ce\u2026<\/p>\n<p>Sp\u00f3jrz tam gdzie zazwyczaj nie zagl\u0105dasz. Zobacz wi\u0119cej. Najmniejsi mieszka\u0144cy lasu to bohaterowie tej opowie\u015bci. Od \u015bwitu do zachodu s\u0142o\u0144ca, od przedwio\u015bnia do skutej mrozem zimy.<\/p>\n<p>Opowie\u015b\u0107 \u015bwietnie nadaje si\u0119 przeprowadzenia zaj\u0119\u0107 z edukacji przyrodniczej, ekologii, bior\u00f3\u017cnorodno\u015bci. Ksi\u0105\u017cka w pi\u0119knych obrazach i prostym tek\u015bcie ukazuje dobow\u0105 i roczn\u0105 cykliczno\u015b\u0107 przyrody.<\/p>\n<p>Ksi\u0105\u017cka mo\u017ce by\u0107 pomoc\u0105 czytelnicz\u0105 w zaj\u0119ciach buduj\u0105cych poczucie wi\u0119zi z przyrod\u0105. Wi\u0119cej na temat tego jak budowa\u0107 wi\u0119\u017a z przyrod\u0105 mo\u017cesz dowiedzie\u0107 si\u0119 na <a href=\"https:\/\/www.tibum.pl\/shop\/produkt\/wiez-z-przyroda-online-05-04-2024\">szkoleniu Wi\u0119\u017a z Przyrod\u0105<\/a><\/p>\n<p>Wykorzystaj t\u0119 pi\u0119kn\u0105 opowie\u015b\u0107 czytaj\u0105c j\u0105 w teatrzyku kamishibai w ogrodzie, parku czy w czasie K\u0105pieli Le\u015bnej.<\/p>\n<p>Dla dzieci od lat 6 -100<\/p>\n<\/div>\n<\/article>\n<p>&nbsp;<\/p>\n<article><\/article>\n<p>Wydawnictwo: Wydawnictwo Tibum<br \/>\n<strong>Wymiary: A3 (297\/420 mm)<\/strong><br \/>\nLiczba kart: 17 (dwustronnych)<br \/>\nIlo\u015b\u0107 stron: 34 (tekst, ilustracje)<br \/>\nRok wydania: 2022<br \/>\nOprawa: kartonowa koperta<\/p>\n<p>&nbsp;<\/p>\n<p style=\"font-size: small; font-weight: normal;\"><strong>Uwaga:<\/strong><br \/>\nZdj\u0119cia w galerii produktu mog\u0105 zawiera\u0107 inne przedmioty np. ksi\u0105\u017cki, teatrzyki, kt\u00f3re s\u0105 osobno zamawianymi pozycjami<\/p>\n<div id=\"s3gt_translate_tooltip_mini\" class=\"s3gt_translate_tooltip_mini_box\" style=\"background: initial !important; border: initial !important; border-radius: initial !important; border-spacing: initial !important; border-collapse: initial !important; direction: ltr !important; flex-direction: initial !important; font-weight: initial !important; height: initial !important; letter-spacing: initial !important; min-width: initial !important; max-width: initial !important; min-height: initial !important; max-height: initial !important; margin: auto !important; padding: initial !important; text-align: initial !important; width: initial !important; color: inherit !important; font-size: 13px !important; font-family: X-LocaleSpecific, sans-serif, Tahoma, Helvetica !important; line-height: 13px !important; vertical-align: top !important;\">\n<div id=\"s3gt_translate_tooltip_mini_logo\" class=\"s3gt_translate_tooltip_mini\" title=\"T\u0142umacz zaznaczony tekst\"><\/div>\n<div id=\"s3gt_translate_tooltip_mini_sound\" class=\"s3gt_translate_tooltip_mini\" title=\"Odtw\u00f3rz\"><\/div>\n<div id=\"s3gt_translate_tooltip_mini_copy\" class=\"s3gt_translate_tooltip_mini\" title=\"Kopiuj tekst do schowka\"><\/div>\n<\/div>\n","protected":false},"excerpt":{"rendered":"<p>ksi\u0105\u017cka kamishibai w formie ilustrowanych kart narracyjnych do teatrzyku drewnianego<\/p>\n<p><strong>Tytu\u0142: &#8222;Jak \u017byje Ziemia&#8221;<\/strong><\/p>\n<p><strong>Tekst: <a href=\"https:\/\/www.tibum.pl\/shop\/autorzy\/magdalena-zarebska\">Magdalena Zar\u0119bska<\/a><\/strong><strong><br \/>\n<\/strong><\/p>\n<p><strong>Ilustracje: <a href=\"https:\/\/www.tibum.pl\/shop\/autorzy\/aleksandra-strzalkowska\">Aleksandra Strza\u0142kowska<\/a><\/strong><\/p>\n<p><strong>ISBN: 978-83-961120-1-9<\/strong><\/p>\n<p>karty narracyjne kamishibai do drewnianego teatrzyku butai<\/p>\n","protected":false},"featured_media":18805,"template":"","meta":[],"product_brand":[],"product_cat":[18,48],"product_tag":[835,846,6,854,895,345,221,853,924],"class_list":{"0":"post-18843","1":"product","2":"type-product","3":"status-publish","4":"has-post-thumbnail","6":"product_cat-kamishibai","7":"product_cat-karty-narracyjne-do-teatrzyku-kamishibai","8":"product_tag-drewniany-teatrzyk","9":"product_tag-ekologia","10":"product_tag-kamishibai","11":"product_tag-kapiel-lesna","12":"product_tag-las","13":"product_tag-papierowy-teatr","14":"product_tag-tibum","15":"product_tag-wiez-z-przyroda","16":"product_tag-ziemia","17":"product_shipping_class-lekkie1","18":"description-off","20":"first","21":"instock","22":"featured","23":"taxable","24":"shipping-taxable","25":"purchasable","26":"product-type-simple"},"yoast_head":"<!-- This site is optimized with the Yoast SEO plugin v27.5 - https:\/\/yoast.com\/product\/yoast-seo-wordpress\/ -->\n<title>Jak \u017byje Ziemia, Magdalena Zar\u0119bska, 17 kart narracyjnych, isbn 9788396112019 - Tibum Wydawnictwo Kamishibai - Papierowy Teatr<\/title>\n<meta name=\"robots\" content=\"index, follow, max-snippet:-1, max-image-preview:large, max-video-preview:-1\" \/>\n<link rel=\"canonical\" href=\"https:\/\/www.tibum.pl\/shop\/produkt\/jak-zyje-ziemia\" \/>\n<meta property=\"og:locale\" content=\"pl_PL\" \/>\n<meta property=\"og:type\" content=\"article\" \/>\n<meta property=\"og:title\" content=\"Jak \u017byje Ziemia, Magdalena Zar\u0119bska, 17 kart narracyjnych, isbn 9788396112019 - Tibum Wydawnictwo Kamishibai - Papierowy Teatr\" \/>\n<meta property=\"og:description\" content=\"ksi\u0105\u017cka kamishibai w formie ilustrowanych kart narracyjnych do teatrzyku drewnianego  Tytu\u0142: &quot;Jak \u017byje Ziemia&quot;  Tekst: Magdalena Zar\u0119bska   Ilustracje: Aleksandra Strza\u0142kowska  ISBN: 978-83-961120-1-9  karty narracyjne kamishibai do drewnianego teatrzyku butai\" \/>\n<meta property=\"og:url\" content=\"https:\/\/www.tibum.pl\/shop\/produkt\/jak-zyje-ziemia\" \/>\n<meta property=\"og:site_name\" content=\"Tibum Wydawnictwo Kamishibai - Papierowy Teatr\" \/>\n<meta property=\"article:publisher\" content=\"https:\/\/www.facebook.com\/PapierowyTeatr\" \/>\n<meta property=\"article:modified_time\" content=\"2026-04-30T11:47:35+00:00\" \/>\n<meta property=\"og:image\" content=\"https:\/\/www.tibum.pl\/shop\/wp-content\/uploads\/Jak_zyje_ziemia_okladka.jpg\" \/>\n\t<meta property=\"og:image:width\" content=\"800\" \/>\n\t<meta property=\"og:image:height\" content=\"580\" \/>\n\t<meta property=\"og:image:type\" content=\"image\/jpeg\" \/>\n<meta name=\"twitter:card\" content=\"summary_large_image\" \/>\n<meta name=\"twitter:label1\" content=\"Szacowany czas czytania\" \/>\n\t<meta name=\"twitter:data1\" content=\"1 minuta\" \/>\n<script type=\"application\/ld+json\" class=\"yoast-schema-graph\">{\"@context\":\"https:\\\/\\\/schema.org\",\"@graph\":[{\"@type\":\"WebPage\",\"@id\":\"https:\\\/\\\/www.tibum.pl\\\/shop\\\/produkt\\\/jak-zyje-ziemia\",\"url\":\"https:\\\/\\\/www.tibum.pl\\\/shop\\\/produkt\\\/jak-zyje-ziemia\",\"name\":\"Jak \u017byje Ziemia, Magdalena Zar\u0119bska, 17 kart narracyjnych, isbn 9788396112019 - Tibum Wydawnictwo Kamishibai - Papierowy Teatr\",\"isPartOf\":{\"@id\":\"https:\\\/\\\/www.tibum.pl\\\/shop\\\/#website\"},\"primaryImageOfPage\":{\"@id\":\"https:\\\/\\\/www.tibum.pl\\\/shop\\\/produkt\\\/jak-zyje-ziemia#primaryimage\"},\"image\":{\"@id\":\"https:\\\/\\\/www.tibum.pl\\\/shop\\\/produkt\\\/jak-zyje-ziemia#primaryimage\"},\"thumbnailUrl\":\"https:\\\/\\\/www.tibum.pl\\\/shop\\\/wp-content\\\/uploads\\\/Jak_zyje_ziemia_okladka.jpg\",\"datePublished\":\"2022-03-10T17:09:50+00:00\",\"dateModified\":\"2026-04-30T11:47:35+00:00\",\"breadcrumb\":{\"@id\":\"https:\\\/\\\/www.tibum.pl\\\/shop\\\/produkt\\\/jak-zyje-ziemia#breadcrumb\"},\"inLanguage\":\"pl-PL\",\"potentialAction\":[{\"@type\":\"ReadAction\",\"target\":[\"https:\\\/\\\/www.tibum.pl\\\/shop\\\/produkt\\\/jak-zyje-ziemia\"]}]},{\"@type\":\"ImageObject\",\"inLanguage\":\"pl-PL\",\"@id\":\"https:\\\/\\\/www.tibum.pl\\\/shop\\\/produkt\\\/jak-zyje-ziemia#primaryimage\",\"url\":\"https:\\\/\\\/www.tibum.pl\\\/shop\\\/wp-content\\\/uploads\\\/Jak_zyje_ziemia_okladka.jpg\",\"contentUrl\":\"https:\\\/\\\/www.tibum.pl\\\/shop\\\/wp-content\\\/uploads\\\/Jak_zyje_ziemia_okladka.jpg\",\"width\":800,\"height\":580,\"caption\":\"jak \u017cyje ziemia\"},{\"@type\":\"BreadcrumbList\",\"@id\":\"https:\\\/\\\/www.tibum.pl\\\/shop\\\/produkt\\\/jak-zyje-ziemia#breadcrumb\",\"itemListElement\":[{\"@type\":\"ListItem\",\"position\":1,\"name\":\"Home\",\"item\":\"https:\\\/\\\/www.tibum.pl\\\/shop\\\/\"},{\"@type\":\"ListItem\",\"position\":2,\"name\":\"Sklep\",\"item\":\"https:\\\/\\\/www.tibum.pl\\\/shop\\\/sklep\"},{\"@type\":\"ListItem\",\"position\":3,\"name\":\"Jak \u017byje Ziemia, Magdalena Zar\u0119bska, 17 kart narracyjnych, isbn 9788396112019\"}]},{\"@type\":\"WebSite\",\"@id\":\"https:\\\/\\\/www.tibum.pl\\\/shop\\\/#website\",\"url\":\"https:\\\/\\\/www.tibum.pl\\\/shop\\\/\",\"name\":\"Tibum Wydawnictwo Kamishibai - Papierowy Teatr\",\"description\":\"wydawca ksi\u0105\u017cek i bajek obrazkowych kamishibai\",\"potentialAction\":[{\"@type\":\"SearchAction\",\"target\":{\"@type\":\"EntryPoint\",\"urlTemplate\":\"https:\\\/\\\/www.tibum.pl\\\/shop\\\/?s={search_term_string}\"},\"query-input\":{\"@type\":\"PropertyValueSpecification\",\"valueRequired\":true,\"valueName\":\"search_term_string\"}}],\"inLanguage\":\"pl-PL\"}]}<\/script>\n<!-- \/ Yoast SEO plugin. -->","yoast_head_json":{"title":"Jak \u017byje Ziemia, Magdalena Zar\u0119bska, 17 kart narracyjnych, isbn 9788396112019 - Tibum Wydawnictwo Kamishibai - Papierowy Teatr","robots":{"index":"index","follow":"follow","max-snippet":"max-snippet:-1","max-image-preview":"max-image-preview:large","max-video-preview":"max-video-preview:-1"},"canonical":"https:\/\/www.tibum.pl\/shop\/produkt\/jak-zyje-ziemia","og_locale":"pl_PL","og_type":"article","og_title":"Jak \u017byje Ziemia, Magdalena Zar\u0119bska, 17 kart narracyjnych, isbn 9788396112019 - Tibum Wydawnictwo Kamishibai - Papierowy Teatr","og_description":"ksi\u0105\u017cka kamishibai w formie ilustrowanych kart narracyjnych do teatrzyku drewnianego  Tytu\u0142: \"Jak \u017byje Ziemia\"  Tekst: Magdalena Zar\u0119bska   Ilustracje: Aleksandra Strza\u0142kowska  ISBN: 978-83-961120-1-9  karty narracyjne kamishibai do drewnianego teatrzyku butai","og_url":"https:\/\/www.tibum.pl\/shop\/produkt\/jak-zyje-ziemia","og_site_name":"Tibum Wydawnictwo Kamishibai - Papierowy Teatr","article_publisher":"https:\/\/www.facebook.com\/PapierowyTeatr","article_modified_time":"2026-04-30T11:47:35+00:00","og_image":[{"width":800,"height":580,"url":"https:\/\/www.tibum.pl\/shop\/wp-content\/uploads\/Jak_zyje_ziemia_okladka.jpg","type":"image\/jpeg"}],"twitter_card":"summary_large_image","twitter_misc":{"Szacowany czas czytania":"1 minuta"},"schema":{"@context":"https:\/\/schema.org","@graph":[{"@type":"WebPage","@id":"https:\/\/www.tibum.pl\/shop\/produkt\/jak-zyje-ziemia","url":"https:\/\/www.tibum.pl\/shop\/produkt\/jak-zyje-ziemia","name":"Jak \u017byje Ziemia, Magdalena Zar\u0119bska, 17 kart narracyjnych, isbn 9788396112019 - Tibum Wydawnictwo Kamishibai - Papierowy Teatr","isPartOf":{"@id":"https:\/\/www.tibum.pl\/shop\/#website"},"primaryImageOfPage":{"@id":"https:\/\/www.tibum.pl\/shop\/produkt\/jak-zyje-ziemia#primaryimage"},"image":{"@id":"https:\/\/www.tibum.pl\/shop\/produkt\/jak-zyje-ziemia#primaryimage"},"thumbnailUrl":"https:\/\/www.tibum.pl\/shop\/wp-content\/uploads\/Jak_zyje_ziemia_okladka.jpg","datePublished":"2022-03-10T17:09:50+00:00","dateModified":"2026-04-30T11:47:35+00:00","breadcrumb":{"@id":"https:\/\/www.tibum.pl\/shop\/produkt\/jak-zyje-ziemia#breadcrumb"},"inLanguage":"pl-PL","potentialAction":[{"@type":"ReadAction","target":["https:\/\/www.tibum.pl\/shop\/produkt\/jak-zyje-ziemia"]}]},{"@type":"ImageObject","inLanguage":"pl-PL","@id":"https:\/\/www.tibum.pl\/shop\/produkt\/jak-zyje-ziemia#primaryimage","url":"https:\/\/www.tibum.pl\/shop\/wp-content\/uploads\/Jak_zyje_ziemia_okladka.jpg","contentUrl":"https:\/\/www.tibum.pl\/shop\/wp-content\/uploads\/Jak_zyje_ziemia_okladka.jpg","width":800,"height":580,"caption":"jak \u017cyje ziemia"},{"@type":"BreadcrumbList","@id":"https:\/\/www.tibum.pl\/shop\/produkt\/jak-zyje-ziemia#breadcrumb","itemListElement":[{"@type":"ListItem","position":1,"name":"Home","item":"https:\/\/www.tibum.pl\/shop\/"},{"@type":"ListItem","position":2,"name":"Sklep","item":"https:\/\/www.tibum.pl\/shop\/sklep"},{"@type":"ListItem","position":3,"name":"Jak \u017byje Ziemia, Magdalena Zar\u0119bska, 17 kart narracyjnych, isbn 9788396112019"}]},{"@type":"WebSite","@id":"https:\/\/www.tibum.pl\/shop\/#website","url":"https:\/\/www.tibum.pl\/shop\/","name":"Tibum Wydawnictwo Kamishibai - Papierowy Teatr","description":"wydawca ksi\u0105\u017cek i bajek obrazkowych kamishibai","potentialAction":[{"@type":"SearchAction","target":{"@type":"EntryPoint","urlTemplate":"https:\/\/www.tibum.pl\/shop\/?s={search_term_string}"},"query-input":{"@type":"PropertyValueSpecification","valueRequired":true,"valueName":"search_term_string"}}],"inLanguage":"pl-PL"}]}},"_links":{"self":[{"href":"https:\/\/www.tibum.pl\/shop\/wp-json\/wp\/v2\/product\/18843","targetHints":{"allow":["GET"]}}],"collection":[{"href":"https:\/\/www.tibum.pl\/shop\/wp-json\/wp\/v2\/product"}],"about":[{"href":"https:\/\/www.tibum.pl\/shop\/wp-json\/wp\/v2\/types\/product"}],"wp:featuredmedia":[{"embeddable":true,"href":"https:\/\/www.tibum.pl\/shop\/wp-json\/wp\/v2\/media\/18805"}],"wp:attachment":[{"href":"https:\/\/www.tibum.pl\/shop\/wp-json\/wp\/v2\/media?parent=18843"}],"wp:term":[{"taxonomy":"product_brand","embeddable":true,"href":"https:\/\/www.tibum.pl\/shop\/wp-json\/wp\/v2\/product_brand?post=18843"},{"taxonomy":"product_cat","embeddable":true,"href":"https:\/\/www.tibum.pl\/shop\/wp-json\/wp\/v2\/product_cat?post=18843"},{"taxonomy":"product_tag","embeddable":true,"href":"https:\/\/www.tibum.pl\/shop\/wp-json\/wp\/v2\/product_tag?post=18843"}],"curies":[{"name":"wp","href":"https:\/\/api.w.org\/{rel}","templated":true}]}}