{"id":19105,"date":"2022-04-10T21:15:33","date_gmt":"2022-04-10T19:15:33","guid":{"rendered":"https:\/\/www.tibum.pl\/shop\/?post_type=product&#038;p=19105"},"modified":"2025-10-24T13:48:01","modified_gmt":"2025-10-24T11:48:01","slug":"karty-pozytywnej-inspiracji","status":"publish","type":"product","link":"https:\/\/www.tibum.pl\/shop\/produkt\/karty-pozytywnej-inspiracji","title":{"rendered":"Karty Pozytywnej Inspiracji, karty metaforyczne"},"content":{"rendered":"<article>\n<div style=\"text-align: left;\">\n<p><strong><cite><em>Karty Pozytywnej Inspiracji<\/em><\/cite><cite><\/cite><\/strong><\/p>\n<p><strong>Tekst: Martina Trimpin<br \/>\n<\/strong><\/p>\n<p><strong>ISBN: 5901549903041<\/strong><\/p>\n<p>&nbsp;<\/p>\n<p><strong>Karty posiadaj\u0105 zabawn\u0105 ilustracj\u0119 oraz pozytywne przes\u0142anie, kt\u00f3re mo\u017ce towarzyszy\u0107 nam przez ca\u0142y dzie\u0144. Ka\u017cda z kart niesie ze sob\u0105 afirmacj\u0119, kt\u00f3ra nikogo nie pozostawia oboj\u0119tnym.<br \/>\n<\/strong><\/p>\n<p>Poci\u0105gnij kart\u0119 i sprawd\u017a jakie pozytywne przes\u0142anie b\u0119dzie Ci towarzyszy\u0107 przez kolejny dzie\u0144. Poci\u0105gnij kart\u0119 zainspiruj si\u0119 i zastan\u00f3w co ono oznacza, na co cz\u0119sto nie zwracamy uwagi lub co nam umyka.<\/p>\n<p>Zacznij zauwa\u017ca\u0107 jak wiele dobrego dzieje si\u0119 w ok\u00f3\u0142 i w Tobie. Dobrej zabawy!<\/p>\n<p class=\"Standard\" style=\"line-height: 150%;\"><b>Ten \u015bwiat potrzebuje szcz\u0119\u015bliwych ludzi!<\/b><\/p>\n<p class=\"Standard\" style=\"line-height: 150%;\">Te ma\u0142e \u015blimaki s\u0105 energiczne i szalone. Pozwalaj\u0105 zbi\u0107 fortun\u0119 i podarowa\u0107 b\u0142yszcz\u0105ce serca na co dzie\u0144. Dzi\u0119ki tym kochaj\u0105cym zabaw\u0119 \u015blimakom wyjdziesz ze swojej muszli \u015blimaka.<\/p>\n<p class=\"Standard\" style=\"line-height: 150%;\">Otw\u00f3rz szeroko okno swojej duszy i zapro\u015b rado\u015b\u0107 i \u015bmiech do swojego dnia! W ten spos\u00f3b przez ca\u0142y czas pozostawiasz \u015blad szcz\u0119\u015bcia w swoim \u017cyciu.<\/p>\n<p class=\"Standard\" style=\"line-height: 150%;\"><strong>Martina Trimpin<\/strong> w pe\u0142ni odda\u0142a si\u0119 przes\u0142aniom, kt\u00f3re przez ni\u0105 chc\u0105 objawia\u0107 si\u0119 na \u015bwiecie. Jest przynosz\u0105c\u0105 rado\u015b\u0107, pos\u0142anniczk\u0105 szcz\u0119\u015bcia, kt\u00f3rej zabawna, pogodna tw\u00f3rczo\u015b\u0107 trafia wprost do ludzkich serc.<\/p>\n<p>Pierwsza z serii talii rado\u015bci, zobacz <a href=\"https:\/\/www.tibum.pl\/shop\/produkt\/karty-radosnego-serca\">kolejn\u0105 tali\u0119 przygotowana przez autork\u0119.<\/a><\/p>\n<p>Dla dzieci od lat 6 -100<\/p>\n<\/div>\n<\/article>\n<p>&nbsp;<\/p>\n<article><\/article>\n<p>Wydawnictwo: Wydawnictwo Kos<br \/>\nWymiary: 60&#215;100 mm<\/p>\n<p>44 kart z instrukcj\u0105<\/p>\n<p>Rok wydania: 2022<br \/>\nOprawa: kartonowa koperta<\/p>\n<p>&nbsp;<\/p>\n<p style=\"font-size: small; font-weight: normal;\"><strong>Uwaga:<\/strong><br \/>\nZdj\u0119cia w galerii produktu mog\u0105 zawiera\u0107 inne przedmioty np. ksi\u0105\u017cki, teatrzyki-parawany, kt\u00f3re s\u0105 osobno zamawianymi pozycjami<\/p>\n<div id=\"s3gt_translate_tooltip_mini\" class=\"s3gt_translate_tooltip_mini_box\" style=\"background: initial !important; border: initial !important; border-radius: initial !important; border-spacing: initial !important; border-collapse: initial !important; direction: ltr !important; flex-direction: initial !important; font-weight: initial !important; height: initial !important; letter-spacing: initial !important; min-width: initial !important; max-width: initial !important; min-height: initial !important; max-height: initial !important; margin: auto !important; padding: initial !important; text-align: initial !important; width: initial !important; color: inherit !important; font-size: 13px !important; font-family: X-LocaleSpecific, sans-serif, Tahoma, Helvetica !important; line-height: 13px !important; vertical-align: top !important;\">\n<div id=\"s3gt_translate_tooltip_mini_logo\" class=\"s3gt_translate_tooltip_mini\" title=\"T\u0142umacz zaznaczony tekst\"><\/div>\n<div id=\"s3gt_translate_tooltip_mini_sound\" class=\"s3gt_translate_tooltip_mini\" title=\"Odtw\u00f3rz\"><\/div>\n<div id=\"s3gt_translate_tooltip_mini_copy\" class=\"s3gt_translate_tooltip_mini\" title=\"Kopiuj tekst do schowka\"><\/div>\n<\/div>\n","protected":false},"excerpt":{"rendered":"<p>karty intuicyjne dla dzieci<\/p>\n<p><strong>Tytu\u0142: &#8222;Karty Pozytywnej Inspiracji&#8221;<\/strong><\/p>\n<p><strong>Tekst: Martina Trinpin<\/strong><strong><br \/>\n<\/strong><\/p>\n<p>&nbsp;<\/p>\n","protected":false},"featured_media":19109,"template":"","meta":[],"product_brand":[],"product_cat":[41,18],"product_tag":[835,844,843,841,888,875,842,221],"class_list":{"0":"post-19105","1":"product","2":"type-product","3":"status-publish","4":"has-post-thumbnail","6":"product_cat-akcesoria-kamishibai","7":"product_cat-kamishibai","8":"product_tag-drewniany-teatrzyk","9":"product_tag-kart-rozwojowe","10":"product_tag-karty-do-zabawy","11":"product_tag-karty-intuicyjne","12":"product_tag-karty-metaforyczne","13":"product_tag-karty-pozytywnej-inspiracji","14":"product_tag-karty-storytelling","15":"product_tag-tibum","16":"product_shipping_class-lekkie1","17":"description-off","19":"first","20":"instock","21":"featured","22":"taxable","23":"shipping-taxable","24":"purchasable","25":"product-type-simple"},"yoast_head":"<!-- This site is optimized with the Yoast SEO plugin v27.3 - https:\/\/yoast.com\/product\/yoast-seo-wordpress\/ -->\n<title>Karty Pozytywnej Inspiracji, karty metaforyczne - Tibum Wydawnictwo Kamishibai - Papierowy Teatr<\/title>\n<meta name=\"robots\" content=\"index, follow, max-snippet:-1, max-image-preview:large, max-video-preview:-1\" \/>\n<link rel=\"canonical\" href=\"https:\/\/www.tibum.pl\/shop\/produkt\/karty-pozytywnej-inspiracji\" \/>\n<meta property=\"og:locale\" content=\"pl_PL\" \/>\n<meta property=\"og:type\" content=\"article\" \/>\n<meta property=\"og:title\" content=\"Karty Pozytywnej Inspiracji, karty metaforyczne - Tibum Wydawnictwo Kamishibai - Papierowy Teatr\" \/>\n<meta property=\"og:description\" content=\"karty intuicyjne dla dzieci  Tytu\u0142: &quot;Karty Pozytywnej Inspiracji&quot;  Tekst: Martina Trinpin   &nbsp;\" \/>\n<meta property=\"og:url\" content=\"https:\/\/www.tibum.pl\/shop\/produkt\/karty-pozytywnej-inspiracji\" \/>\n<meta property=\"og:site_name\" content=\"Tibum Wydawnictwo Kamishibai - Papierowy Teatr\" \/>\n<meta property=\"article:publisher\" content=\"https:\/\/www.facebook.com\/PapierowyTeatr\" \/>\n<meta property=\"article:modified_time\" content=\"2025-10-24T11:48:01+00:00\" \/>\n<meta property=\"og:image\" content=\"https:\/\/www.tibum.pl\/shop\/wp-content\/uploads\/Karty_pozytywnej_inspiracji_box1_3d-1.png\" \/>\n\t<meta property=\"og:image:width\" content=\"1000\" \/>\n\t<meta property=\"og:image:height\" content=\"1000\" \/>\n\t<meta property=\"og:image:type\" content=\"image\/png\" \/>\n<meta name=\"twitter:card\" content=\"summary_large_image\" \/>\n<meta name=\"twitter:label1\" content=\"Szacowany czas czytania\" \/>\n\t<meta name=\"twitter:data1\" content=\"1 minuta\" \/>\n<script type=\"application\/ld+json\" class=\"yoast-schema-graph\">{\"@context\":\"https:\\\/\\\/schema.org\",\"@graph\":[{\"@type\":\"WebPage\",\"@id\":\"https:\\\/\\\/www.tibum.pl\\\/shop\\\/produkt\\\/karty-pozytywnej-inspiracji\",\"url\":\"https:\\\/\\\/www.tibum.pl\\\/shop\\\/produkt\\\/karty-pozytywnej-inspiracji\",\"name\":\"Karty Pozytywnej Inspiracji, karty metaforyczne - Tibum Wydawnictwo Kamishibai - Papierowy Teatr\",\"isPartOf\":{\"@id\":\"https:\\\/\\\/www.tibum.pl\\\/shop\\\/#website\"},\"primaryImageOfPage\":{\"@id\":\"https:\\\/\\\/www.tibum.pl\\\/shop\\\/produkt\\\/karty-pozytywnej-inspiracji#primaryimage\"},\"image\":{\"@id\":\"https:\\\/\\\/www.tibum.pl\\\/shop\\\/produkt\\\/karty-pozytywnej-inspiracji#primaryimage\"},\"thumbnailUrl\":\"https:\\\/\\\/www.tibum.pl\\\/shop\\\/wp-content\\\/uploads\\\/Karty_pozytywnej_inspiracji_box1_3d-1.png\",\"datePublished\":\"2022-04-10T19:15:33+00:00\",\"dateModified\":\"2025-10-24T11:48:01+00:00\",\"breadcrumb\":{\"@id\":\"https:\\\/\\\/www.tibum.pl\\\/shop\\\/produkt\\\/karty-pozytywnej-inspiracji#breadcrumb\"},\"inLanguage\":\"pl-PL\",\"potentialAction\":[{\"@type\":\"ReadAction\",\"target\":[\"https:\\\/\\\/www.tibum.pl\\\/shop\\\/produkt\\\/karty-pozytywnej-inspiracji\"]}]},{\"@type\":\"ImageObject\",\"inLanguage\":\"pl-PL\",\"@id\":\"https:\\\/\\\/www.tibum.pl\\\/shop\\\/produkt\\\/karty-pozytywnej-inspiracji#primaryimage\",\"url\":\"https:\\\/\\\/www.tibum.pl\\\/shop\\\/wp-content\\\/uploads\\\/Karty_pozytywnej_inspiracji_box1_3d-1.png\",\"contentUrl\":\"https:\\\/\\\/www.tibum.pl\\\/shop\\\/wp-content\\\/uploads\\\/Karty_pozytywnej_inspiracji_box1_3d-1.png\",\"width\":1000,\"height\":1000,\"caption\":\"kart pozytywnej inspiracji\"},{\"@type\":\"BreadcrumbList\",\"@id\":\"https:\\\/\\\/www.tibum.pl\\\/shop\\\/produkt\\\/karty-pozytywnej-inspiracji#breadcrumb\",\"itemListElement\":[{\"@type\":\"ListItem\",\"position\":1,\"name\":\"Home\",\"item\":\"https:\\\/\\\/www.tibum.pl\\\/shop\\\/\"},{\"@type\":\"ListItem\",\"position\":2,\"name\":\"Sklep\",\"item\":\"https:\\\/\\\/www.tibum.pl\\\/shop\\\/sklep\"},{\"@type\":\"ListItem\",\"position\":3,\"name\":\"Karty Pozytywnej Inspiracji, karty metaforyczne\"}]},{\"@type\":\"WebSite\",\"@id\":\"https:\\\/\\\/www.tibum.pl\\\/shop\\\/#website\",\"url\":\"https:\\\/\\\/www.tibum.pl\\\/shop\\\/\",\"name\":\"Tibum Wydawnictwo Kamishibai - Papierowy Teatr\",\"description\":\"wydawca ksi\u0105\u017cek i bajek obrazkowych kamishibai\",\"potentialAction\":[{\"@type\":\"SearchAction\",\"target\":{\"@type\":\"EntryPoint\",\"urlTemplate\":\"https:\\\/\\\/www.tibum.pl\\\/shop\\\/?s={search_term_string}\"},\"query-input\":{\"@type\":\"PropertyValueSpecification\",\"valueRequired\":true,\"valueName\":\"search_term_string\"}}],\"inLanguage\":\"pl-PL\"}]}<\/script>\n<!-- \/ Yoast SEO plugin. -->","yoast_head_json":{"title":"Karty Pozytywnej Inspiracji, karty metaforyczne - Tibum Wydawnictwo Kamishibai - Papierowy Teatr","robots":{"index":"index","follow":"follow","max-snippet":"max-snippet:-1","max-image-preview":"max-image-preview:large","max-video-preview":"max-video-preview:-1"},"canonical":"https:\/\/www.tibum.pl\/shop\/produkt\/karty-pozytywnej-inspiracji","og_locale":"pl_PL","og_type":"article","og_title":"Karty Pozytywnej Inspiracji, karty metaforyczne - Tibum Wydawnictwo Kamishibai - Papierowy Teatr","og_description":"karty intuicyjne dla dzieci  Tytu\u0142: \"Karty Pozytywnej Inspiracji\"  Tekst: Martina Trinpin   &nbsp;","og_url":"https:\/\/www.tibum.pl\/shop\/produkt\/karty-pozytywnej-inspiracji","og_site_name":"Tibum Wydawnictwo Kamishibai - Papierowy Teatr","article_publisher":"https:\/\/www.facebook.com\/PapierowyTeatr","article_modified_time":"2025-10-24T11:48:01+00:00","og_image":[{"width":1000,"height":1000,"url":"https:\/\/www.tibum.pl\/shop\/wp-content\/uploads\/Karty_pozytywnej_inspiracji_box1_3d-1.png","type":"image\/png"}],"twitter_card":"summary_large_image","twitter_misc":{"Szacowany czas czytania":"1 minuta"},"schema":{"@context":"https:\/\/schema.org","@graph":[{"@type":"WebPage","@id":"https:\/\/www.tibum.pl\/shop\/produkt\/karty-pozytywnej-inspiracji","url":"https:\/\/www.tibum.pl\/shop\/produkt\/karty-pozytywnej-inspiracji","name":"Karty Pozytywnej Inspiracji, karty metaforyczne - Tibum Wydawnictwo Kamishibai - Papierowy Teatr","isPartOf":{"@id":"https:\/\/www.tibum.pl\/shop\/#website"},"primaryImageOfPage":{"@id":"https:\/\/www.tibum.pl\/shop\/produkt\/karty-pozytywnej-inspiracji#primaryimage"},"image":{"@id":"https:\/\/www.tibum.pl\/shop\/produkt\/karty-pozytywnej-inspiracji#primaryimage"},"thumbnailUrl":"https:\/\/www.tibum.pl\/shop\/wp-content\/uploads\/Karty_pozytywnej_inspiracji_box1_3d-1.png","datePublished":"2022-04-10T19:15:33+00:00","dateModified":"2025-10-24T11:48:01+00:00","breadcrumb":{"@id":"https:\/\/www.tibum.pl\/shop\/produkt\/karty-pozytywnej-inspiracji#breadcrumb"},"inLanguage":"pl-PL","potentialAction":[{"@type":"ReadAction","target":["https:\/\/www.tibum.pl\/shop\/produkt\/karty-pozytywnej-inspiracji"]}]},{"@type":"ImageObject","inLanguage":"pl-PL","@id":"https:\/\/www.tibum.pl\/shop\/produkt\/karty-pozytywnej-inspiracji#primaryimage","url":"https:\/\/www.tibum.pl\/shop\/wp-content\/uploads\/Karty_pozytywnej_inspiracji_box1_3d-1.png","contentUrl":"https:\/\/www.tibum.pl\/shop\/wp-content\/uploads\/Karty_pozytywnej_inspiracji_box1_3d-1.png","width":1000,"height":1000,"caption":"kart pozytywnej inspiracji"},{"@type":"BreadcrumbList","@id":"https:\/\/www.tibum.pl\/shop\/produkt\/karty-pozytywnej-inspiracji#breadcrumb","itemListElement":[{"@type":"ListItem","position":1,"name":"Home","item":"https:\/\/www.tibum.pl\/shop\/"},{"@type":"ListItem","position":2,"name":"Sklep","item":"https:\/\/www.tibum.pl\/shop\/sklep"},{"@type":"ListItem","position":3,"name":"Karty Pozytywnej Inspiracji, karty metaforyczne"}]},{"@type":"WebSite","@id":"https:\/\/www.tibum.pl\/shop\/#website","url":"https:\/\/www.tibum.pl\/shop\/","name":"Tibum Wydawnictwo Kamishibai - Papierowy Teatr","description":"wydawca ksi\u0105\u017cek i bajek obrazkowych kamishibai","potentialAction":[{"@type":"SearchAction","target":{"@type":"EntryPoint","urlTemplate":"https:\/\/www.tibum.pl\/shop\/?s={search_term_string}"},"query-input":{"@type":"PropertyValueSpecification","valueRequired":true,"valueName":"search_term_string"}}],"inLanguage":"pl-PL"}]}},"_links":{"self":[{"href":"https:\/\/www.tibum.pl\/shop\/wp-json\/wp\/v2\/product\/19105","targetHints":{"allow":["GET"]}}],"collection":[{"href":"https:\/\/www.tibum.pl\/shop\/wp-json\/wp\/v2\/product"}],"about":[{"href":"https:\/\/www.tibum.pl\/shop\/wp-json\/wp\/v2\/types\/product"}],"wp:featuredmedia":[{"embeddable":true,"href":"https:\/\/www.tibum.pl\/shop\/wp-json\/wp\/v2\/media\/19109"}],"wp:attachment":[{"href":"https:\/\/www.tibum.pl\/shop\/wp-json\/wp\/v2\/media?parent=19105"}],"wp:term":[{"taxonomy":"product_brand","embeddable":true,"href":"https:\/\/www.tibum.pl\/shop\/wp-json\/wp\/v2\/product_brand?post=19105"},{"taxonomy":"product_cat","embeddable":true,"href":"https:\/\/www.tibum.pl\/shop\/wp-json\/wp\/v2\/product_cat?post=19105"},{"taxonomy":"product_tag","embeddable":true,"href":"https:\/\/www.tibum.pl\/shop\/wp-json\/wp\/v2\/product_tag?post=19105"}],"curies":[{"name":"wp","href":"https:\/\/api.w.org\/{rel}","templated":true}]}}