{"id":20377,"date":"2022-12-07T20:05:50","date_gmt":"2022-12-07T19:05:50","guid":{"rendered":"https:\/\/www.tibum.pl\/shop\/?post_type=product&#038;p=20377"},"modified":"2025-11-24T13:50:12","modified_gmt":"2025-11-24T12:50:12","slug":"trzy-siostry","status":"publish","type":"product","link":"https:\/\/www.tibum.pl\/shop\/produkt\/trzy-siostry","title":{"rendered":"&#8222;Trzy siostry&#8221;. Ksenia Berezowska, 11 kart narracyjnych"},"content":{"rendered":"<article>\n<div style=\"text-align: left;\">\n<p><strong>Tytu\u0142: <em>&#8222;<cite>Trzy siostry<\/cite><cite>&#8222;<\/cite><\/em><\/strong><\/p>\n<p><strong>Tekst: <a href=\"https:\/\/www.tibum.pl\/shop\/produkt\/ksenia-berezowska\">Ksenia Berezowska<\/a>, <a href=\"https:\/\/www.tibum.pl\/shop\/autorzy\/zofia-piatkowska\">Zofia Pi\u0105tkowska<\/a><br \/>\n<\/strong><\/p>\n<p><strong>Ilustracje: <a href=\"https:\/\/www.tibum.pl\/shop\/autorzy\/ksenia-berezowska\">Ksenia Berezowska<\/a><br \/>\n<\/strong><\/p>\n<p><strong>ISBN: 978-83-961120-5-7<br \/>\n<\/strong><\/p>\n<p>Bajka kamishibai o trzech, niezwyk\u0142ych siostrach, r\u00f3\u017cni\u0105cych si\u0119 od siebie wszystkim a jednocze\u015bnie dzi\u0119ki tym r\u00f3\u017cnicom mog\u0105cym da\u0107 z siebie to co maj\u0105 najcenniejszego. Ksi\u0105\u017cka o r\u00f3\u017cnorodno\u015bci i darach, kt\u00f3re ka\u017cdy z nas posiada.<\/p>\n<blockquote><p><em>\u201eWsp\u00f3\u0142dzia\u0142anie Trzech Si\u00f3str przypomina mi jedn\u0105 z podstawowych nauk moich przodk\u00f3w. Najwa\u017cniejsz\u0105 rzecz\u0105, kt\u00f3r\u0105 ka\u017cdy z nas mo\u017ce odkry\u0107, jest nasz wyj\u0105tkowy talent, nasz dar, i to, jak mo\u017cemy go wykorzysta\u0107 w \u015bwiecie. Odpowiednio piel\u0119gnowana indywidualno\u015b\u0107 przyczynia si\u0119 do rozwoju ca\u0142ej grupy, ka\u017cdy z nas musi wi\u0119c by\u0107 mocny w tym, kim jest, i piel\u0119gnowa\u0107 sw\u00f3j dar, aby mo\u017cna si\u0119 nim by\u0142o dzieli\u0107 z innymi. Przebywanie w\u015br\u00f3d tych si\u00f3str jest najlepsz\u0105 manifestacj\u0105 tego, czym mo\u017ce si\u0119 sta\u0107 wsp\u00f3lnota, je\u015bli jej cz\u0142onkowie s\u0105 \u015bwiadomi swoich talent\u00f3w i si\u0119 nimi dziel\u0105. Wsp\u00f3\u0142praca nape\u0142nia zar\u00f3wno nasze dusze, jak i nasze brzuchy.<\/em>\u201d Robin Wall Kimmerer &#8222;Pie\u015b\u0144 Ziemi&#8221;<\/p><\/blockquote>\n<p>Adaptacja opowie\u015bci rdzennych mieszka\u0144c\u00f3w Ameryki, plemienia Irokez\u00f3w o legendzie zwi\u0105zanej z pojawieniem si\u0119 w ich tradycji rolniczej trzech g\u0142\u00f3wnych ro\u015blin stanowi\u0105cych podstawowe \u017ar\u00f3d\u0142o utrzymania: kukurydzy, fasoli i dyni.<\/p>\n<p>Opowie\u015b\u0107 jest jednak przede wszystkim przyk\u0142adem odwo\u0142ania si\u0119 do przyrody jako wielkiej nauczycielki:<\/p>\n<ul>\n<li>kukurydza daje wsparcie fasoli \u2013 mo\u017ce si\u0119 po niej wspi\u0105\u0107,<\/li>\n<li>fasola dostarcza ziemi azotu &#8211; zar\u00f3wno dyni jak i kukurydzy oraz stanowi ochron\u0119 dla kukurydzy,<\/li>\n<li>dynia p\u0142o\u017cy si\u0119 po ziemi \u00a0&#8211; zatrzymuje wilgo\u0107 w ziemi i ogranicza do minimum wzrost chwast\u00f3w<\/li>\n<\/ul>\n<p>Ksi\u0105\u017cka jest ilustracj\u0105 powszechnie znanej metody uprawy wsp\u00f3\u0142rz\u0119dnej i polikultury, kt\u00f3ra jest naturaln\u0105 metod\u0105 uprawy bez u\u017cycia \u015brodk\u00f3w chemicznych wykorzystywan\u0105 obecnie w permakulturze.<\/p>\n<p><strong>G\u0142\u00f3wnym motywem opowie\u015bci jest rola i waga wsp\u00f3\u0142pracy, wzajemnej pomocy i szacunku.<\/strong><\/p>\n<p>Opowie\u015b\u0107 stanowi te\u017c doskona\u0142y pretekst do zaj\u0119\u0107 przyrodniczych, zaj\u0119\u0107 z ekologii i bior\u00f3\u017cnorodno\u015bci oraz zdrowego od\u017cywiania.<\/p>\n<p>bajka kamishibai do drewnianego teatrzyku dla dzieci od lat 6 -100<\/p>\n<\/div>\n<\/article>\n<article><\/article>\n<p>Wydawnictwo: Wydawnictwo Tibum<br \/>\n<strong>Wymiary: A3 (297\/420 mm)<\/strong><br \/>\nLiczba kart: 11 (dwustronnych kart narracyjnych)<br \/>\nIlo\u015b\u0107 stron: 22 (tekst, ilustracje)<br \/>\nRok wydania: 2023<br \/>\nOprawa: kartonowa koperta<\/p>\n<p>&nbsp;<\/p>\n<p style=\"font-size: small; font-weight: normal;\"><strong>Uwaga:<\/strong><br \/>\nZdj\u0119cia w galerii produktu mog\u0105 zawiera\u0107 inne przed1 mioty np. ksi\u0105\u017cki, teatrzyki-parawany, kt\u00f3re s\u0105 osobno zamawianymi pozycjami<\/p>\n<div id=\"s3gt_translate_tooltip_mini\" class=\"s3gt_translate_tooltip_mini_box\" style=\"background: initial !important; border: initial !important; border-radius: initial !important; border-spacing: initial !important; border-collapse: initial !important; direction: ltr !important; flex-direction: initial !important; font-weight: initial !important; height: initial !important; letter-spacing: initial !important; min-width: initial !important; max-width: initial !important; min-height: initial !important; max-height: initial !important; margin: auto !important; padding: initial !important; text-align: initial !important; width: initial !important; color: inherit !important; font-size: 13px !important; font-family: X-LocaleSpecific, sans-serif, Tahoma, Helvetica !important; line-height: 13px !important; vertical-align: top !important;\">\n<div id=\"s3gt_translate_tooltip_mini_logo\" class=\"s3gt_translate_tooltip_mini\" title=\"T\u0142umacz zaznaczony tekst\"><\/div>\n<div id=\"s3gt_translate_tooltip_mini_sound\" class=\"s3gt_translate_tooltip_mini\" title=\"Odtw\u00f3rz\"><\/div>\n<div id=\"s3gt_translate_tooltip_mini_copy\" class=\"s3gt_translate_tooltip_mini\" title=\"Kopiuj tekst do schowka\"><\/div>\n<\/div>\n<div id=\"s3gt_translate_tooltip_mini\" class=\"s3gt_translate_tooltip_mini_box\" style=\"background: initial !important; border: initial !important; border-radius: initial !important; border-spacing: initial !important; border-collapse: initial !important; direction: ltr !important; flex-direction: initial !important; font-weight: initial !important; height: initial !important; letter-spacing: initial !important; min-width: initial !important; max-width: initial !important; min-height: initial !important; max-height: initial !important; margin: auto !important; outline: initial !important; padding: initial !important; position: absolute; table-layout: initial !important; text-align: initial !important; text-shadow: initial !important; width: initial !important; word-break: initial !important; word-spacing: initial !important; overflow-wrap: initial !important; box-sizing: initial !important; display: initial !important; color: inherit !important; font-size: 13px !important; font-family: X-LocaleSpecific, sans-serif, Tahoma, Helvetica !important; line-height: 13px !important; vertical-align: top !important; white-space: inherit !important; left: 10px; top: 861px; opacity: 0.15;\">\n<div id=\"s3gt_translate_tooltip_mini_logo\" class=\"s3gt_translate_tooltip_mini\" title=\"T\u0142umacz zaznaczony tekst\"><\/div>\n<div id=\"s3gt_translate_tooltip_mini_sound\" class=\"s3gt_translate_tooltip_mini\" title=\"Odtw\u00f3rz\"><\/div>\n<div id=\"s3gt_translate_tooltip_mini_copy\" class=\"s3gt_translate_tooltip_mini\" title=\"Kopiuj tekst do schowka\"><\/div>\n<\/div>\n","protected":false},"excerpt":{"rendered":"<p>ksi\u0105\u017cka kamishibai w formie ilustrowanych kart narracyjnych do teatrzyku drewnianego<\/p>\n<p><strong>Tytu\u0142: &#8222;Trzy siostry&#8221;<\/strong><\/p>\n<p><strong>Tekst: <a href=\"https:\/\/www.tibum.pl\/shop\/autorzy\/ksenia-berezowska\">Ksenia Berezowska<\/a>, <a href=\"https:\/\/www.tibum.pl\/shop\/autorzy\/zofia-piatkowska\">Zofia Pi\u0105tkowska<\/a><\/strong><strong><br \/>\n<\/strong><\/p>\n<p><strong>Ilustracje:<a href=\"https:\/\/www.tibum.pl\/shop\/autorzy\/ksenia-berezowska\"> Ksenia Berezowska<\/a><\/strong><\/p>\n<p><strong>ISBN: 978-83-961120-5-7<br \/>\n<\/strong><\/p>\n<p>karty narracyjne kamishibai do drewnianego teatrzyku butai<\/p>\n","protected":false},"featured_media":20378,"template":"","meta":[],"product_brand":[],"product_cat":[18,48],"product_tag":[580,845,835,846,6,224,848,541],"class_list":{"0":"post-20377","1":"product","2":"type-product","3":"status-publish","4":"has-post-thumbnail","6":"product_cat-kamishibai","7":"product_cat-karty-narracyjne-do-teatrzyku-kamishibai","8":"product_tag-bajka-kamishibai","9":"product_tag-bioroznorodnosc","10":"product_tag-drewniany-teatrzyk","11":"product_tag-ekologia","12":"product_tag-kamishibai","13":"product_tag-karty-narracyjne","14":"product_tag-permakultura","15":"product_tag-teatrzyk-drewniany","16":"product_shipping_class-lekkie1","17":"description-off","19":"first","20":"instock","21":"featured","22":"taxable","23":"shipping-taxable","24":"purchasable","25":"product-type-simple"},"yoast_head":"<!-- This site is optimized with the Yoast SEO plugin v27.3 - https:\/\/yoast.com\/product\/yoast-seo-wordpress\/ -->\n<title>&quot;Trzy siostry&quot;. Ksenia Berezowska, 11 kart narracyjnych - Tibum Wydawnictwo Kamishibai - Papierowy Teatr<\/title>\n<meta name=\"robots\" content=\"index, follow, max-snippet:-1, max-image-preview:large, max-video-preview:-1\" \/>\n<link rel=\"canonical\" href=\"https:\/\/www.tibum.pl\/shop\/produkt\/trzy-siostry\" \/>\n<meta property=\"og:locale\" content=\"pl_PL\" \/>\n<meta property=\"og:type\" content=\"article\" \/>\n<meta property=\"og:title\" content=\"&quot;Trzy siostry&quot;. Ksenia Berezowska, 11 kart narracyjnych - Tibum Wydawnictwo Kamishibai - Papierowy Teatr\" \/>\n<meta property=\"og:description\" content=\"ksi\u0105\u017cka kamishibai w formie ilustrowanych kart narracyjnych do teatrzyku drewnianego  Tytu\u0142: &quot;Trzy siostry&quot;  Tekst: Ksenia Berezowska, Zofia Pi\u0105tkowska   Ilustracje: Ksenia Berezowska  ISBN: 978-83-961120-5-7   karty narracyjne kamishibai do drewnianego teatrzyku butai\" \/>\n<meta property=\"og:url\" content=\"https:\/\/www.tibum.pl\/shop\/produkt\/trzy-siostry\" \/>\n<meta property=\"og:site_name\" content=\"Tibum Wydawnictwo Kamishibai - Papierowy Teatr\" \/>\n<meta property=\"article:publisher\" content=\"https:\/\/www.facebook.com\/PapierowyTeatr\" \/>\n<meta property=\"article:modified_time\" content=\"2025-11-24T12:50:12+00:00\" \/>\n<meta property=\"og:image\" content=\"https:\/\/www.tibum.pl\/shop\/wp-content\/uploads\/3_sisostry_okladka.jpg\" \/>\n\t<meta property=\"og:image:width\" content=\"742\" \/>\n\t<meta property=\"og:image:height\" content=\"540\" \/>\n\t<meta property=\"og:image:type\" content=\"image\/jpeg\" \/>\n<meta name=\"twitter:card\" content=\"summary_large_image\" \/>\n<meta name=\"twitter:label1\" content=\"Szacowany czas czytania\" \/>\n\t<meta name=\"twitter:data1\" content=\"2 minuty\" \/>\n<script type=\"application\/ld+json\" class=\"yoast-schema-graph\">{\"@context\":\"https:\\\/\\\/schema.org\",\"@graph\":[{\"@type\":\"WebPage\",\"@id\":\"https:\\\/\\\/www.tibum.pl\\\/shop\\\/produkt\\\/trzy-siostry\",\"url\":\"https:\\\/\\\/www.tibum.pl\\\/shop\\\/produkt\\\/trzy-siostry\",\"name\":\"\\\"Trzy siostry\\\". Ksenia Berezowska, 11 kart narracyjnych - Tibum Wydawnictwo Kamishibai - Papierowy Teatr\",\"isPartOf\":{\"@id\":\"https:\\\/\\\/www.tibum.pl\\\/shop\\\/#website\"},\"primaryImageOfPage\":{\"@id\":\"https:\\\/\\\/www.tibum.pl\\\/shop\\\/produkt\\\/trzy-siostry#primaryimage\"},\"image\":{\"@id\":\"https:\\\/\\\/www.tibum.pl\\\/shop\\\/produkt\\\/trzy-siostry#primaryimage\"},\"thumbnailUrl\":\"https:\\\/\\\/www.tibum.pl\\\/shop\\\/wp-content\\\/uploads\\\/3_sisostry_okladka.jpg\",\"datePublished\":\"2022-12-07T19:05:50+00:00\",\"dateModified\":\"2025-11-24T12:50:12+00:00\",\"breadcrumb\":{\"@id\":\"https:\\\/\\\/www.tibum.pl\\\/shop\\\/produkt\\\/trzy-siostry#breadcrumb\"},\"inLanguage\":\"pl-PL\",\"potentialAction\":[{\"@type\":\"ReadAction\",\"target\":[\"https:\\\/\\\/www.tibum.pl\\\/shop\\\/produkt\\\/trzy-siostry\"]}]},{\"@type\":\"ImageObject\",\"inLanguage\":\"pl-PL\",\"@id\":\"https:\\\/\\\/www.tibum.pl\\\/shop\\\/produkt\\\/trzy-siostry#primaryimage\",\"url\":\"https:\\\/\\\/www.tibum.pl\\\/shop\\\/wp-content\\\/uploads\\\/3_sisostry_okladka.jpg\",\"contentUrl\":\"https:\\\/\\\/www.tibum.pl\\\/shop\\\/wp-content\\\/uploads\\\/3_sisostry_okladka.jpg\",\"width\":742,\"height\":540},{\"@type\":\"BreadcrumbList\",\"@id\":\"https:\\\/\\\/www.tibum.pl\\\/shop\\\/produkt\\\/trzy-siostry#breadcrumb\",\"itemListElement\":[{\"@type\":\"ListItem\",\"position\":1,\"name\":\"Home\",\"item\":\"https:\\\/\\\/www.tibum.pl\\\/shop\\\/\"},{\"@type\":\"ListItem\",\"position\":2,\"name\":\"Sklep\",\"item\":\"https:\\\/\\\/www.tibum.pl\\\/shop\\\/sklep\"},{\"@type\":\"ListItem\",\"position\":3,\"name\":\"&#8220;Trzy siostry&#8221;. Ksenia Berezowska, 11 kart narracyjnych\"}]},{\"@type\":\"WebSite\",\"@id\":\"https:\\\/\\\/www.tibum.pl\\\/shop\\\/#website\",\"url\":\"https:\\\/\\\/www.tibum.pl\\\/shop\\\/\",\"name\":\"Tibum Wydawnictwo Kamishibai - Papierowy Teatr\",\"description\":\"wydawca ksi\u0105\u017cek i bajek obrazkowych kamishibai\",\"potentialAction\":[{\"@type\":\"SearchAction\",\"target\":{\"@type\":\"EntryPoint\",\"urlTemplate\":\"https:\\\/\\\/www.tibum.pl\\\/shop\\\/?s={search_term_string}\"},\"query-input\":{\"@type\":\"PropertyValueSpecification\",\"valueRequired\":true,\"valueName\":\"search_term_string\"}}],\"inLanguage\":\"pl-PL\"}]}<\/script>\n<!-- \/ Yoast SEO plugin. -->","yoast_head_json":{"title":"\"Trzy siostry\". Ksenia Berezowska, 11 kart narracyjnych - Tibum Wydawnictwo Kamishibai - Papierowy Teatr","robots":{"index":"index","follow":"follow","max-snippet":"max-snippet:-1","max-image-preview":"max-image-preview:large","max-video-preview":"max-video-preview:-1"},"canonical":"https:\/\/www.tibum.pl\/shop\/produkt\/trzy-siostry","og_locale":"pl_PL","og_type":"article","og_title":"\"Trzy siostry\". Ksenia Berezowska, 11 kart narracyjnych - Tibum Wydawnictwo Kamishibai - Papierowy Teatr","og_description":"ksi\u0105\u017cka kamishibai w formie ilustrowanych kart narracyjnych do teatrzyku drewnianego  Tytu\u0142: \"Trzy siostry\"  Tekst: Ksenia Berezowska, Zofia Pi\u0105tkowska   Ilustracje: Ksenia Berezowska  ISBN: 978-83-961120-5-7   karty narracyjne kamishibai do drewnianego teatrzyku butai","og_url":"https:\/\/www.tibum.pl\/shop\/produkt\/trzy-siostry","og_site_name":"Tibum Wydawnictwo Kamishibai - Papierowy Teatr","article_publisher":"https:\/\/www.facebook.com\/PapierowyTeatr","article_modified_time":"2025-11-24T12:50:12+00:00","og_image":[{"width":742,"height":540,"url":"https:\/\/www.tibum.pl\/shop\/wp-content\/uploads\/3_sisostry_okladka.jpg","type":"image\/jpeg"}],"twitter_card":"summary_large_image","twitter_misc":{"Szacowany czas czytania":"2 minuty"},"schema":{"@context":"https:\/\/schema.org","@graph":[{"@type":"WebPage","@id":"https:\/\/www.tibum.pl\/shop\/produkt\/trzy-siostry","url":"https:\/\/www.tibum.pl\/shop\/produkt\/trzy-siostry","name":"\"Trzy siostry\". Ksenia Berezowska, 11 kart narracyjnych - Tibum Wydawnictwo Kamishibai - Papierowy Teatr","isPartOf":{"@id":"https:\/\/www.tibum.pl\/shop\/#website"},"primaryImageOfPage":{"@id":"https:\/\/www.tibum.pl\/shop\/produkt\/trzy-siostry#primaryimage"},"image":{"@id":"https:\/\/www.tibum.pl\/shop\/produkt\/trzy-siostry#primaryimage"},"thumbnailUrl":"https:\/\/www.tibum.pl\/shop\/wp-content\/uploads\/3_sisostry_okladka.jpg","datePublished":"2022-12-07T19:05:50+00:00","dateModified":"2025-11-24T12:50:12+00:00","breadcrumb":{"@id":"https:\/\/www.tibum.pl\/shop\/produkt\/trzy-siostry#breadcrumb"},"inLanguage":"pl-PL","potentialAction":[{"@type":"ReadAction","target":["https:\/\/www.tibum.pl\/shop\/produkt\/trzy-siostry"]}]},{"@type":"ImageObject","inLanguage":"pl-PL","@id":"https:\/\/www.tibum.pl\/shop\/produkt\/trzy-siostry#primaryimage","url":"https:\/\/www.tibum.pl\/shop\/wp-content\/uploads\/3_sisostry_okladka.jpg","contentUrl":"https:\/\/www.tibum.pl\/shop\/wp-content\/uploads\/3_sisostry_okladka.jpg","width":742,"height":540},{"@type":"BreadcrumbList","@id":"https:\/\/www.tibum.pl\/shop\/produkt\/trzy-siostry#breadcrumb","itemListElement":[{"@type":"ListItem","position":1,"name":"Home","item":"https:\/\/www.tibum.pl\/shop\/"},{"@type":"ListItem","position":2,"name":"Sklep","item":"https:\/\/www.tibum.pl\/shop\/sklep"},{"@type":"ListItem","position":3,"name":"&#8220;Trzy siostry&#8221;. Ksenia Berezowska, 11 kart narracyjnych"}]},{"@type":"WebSite","@id":"https:\/\/www.tibum.pl\/shop\/#website","url":"https:\/\/www.tibum.pl\/shop\/","name":"Tibum Wydawnictwo Kamishibai - Papierowy Teatr","description":"wydawca ksi\u0105\u017cek i bajek obrazkowych kamishibai","potentialAction":[{"@type":"SearchAction","target":{"@type":"EntryPoint","urlTemplate":"https:\/\/www.tibum.pl\/shop\/?s={search_term_string}"},"query-input":{"@type":"PropertyValueSpecification","valueRequired":true,"valueName":"search_term_string"}}],"inLanguage":"pl-PL"}]}},"_links":{"self":[{"href":"https:\/\/www.tibum.pl\/shop\/wp-json\/wp\/v2\/product\/20377","targetHints":{"allow":["GET"]}}],"collection":[{"href":"https:\/\/www.tibum.pl\/shop\/wp-json\/wp\/v2\/product"}],"about":[{"href":"https:\/\/www.tibum.pl\/shop\/wp-json\/wp\/v2\/types\/product"}],"wp:featuredmedia":[{"embeddable":true,"href":"https:\/\/www.tibum.pl\/shop\/wp-json\/wp\/v2\/media\/20378"}],"wp:attachment":[{"href":"https:\/\/www.tibum.pl\/shop\/wp-json\/wp\/v2\/media?parent=20377"}],"wp:term":[{"taxonomy":"product_brand","embeddable":true,"href":"https:\/\/www.tibum.pl\/shop\/wp-json\/wp\/v2\/product_brand?post=20377"},{"taxonomy":"product_cat","embeddable":true,"href":"https:\/\/www.tibum.pl\/shop\/wp-json\/wp\/v2\/product_cat?post=20377"},{"taxonomy":"product_tag","embeddable":true,"href":"https:\/\/www.tibum.pl\/shop\/wp-json\/wp\/v2\/product_tag?post=20377"}],"curies":[{"name":"wp","href":"https:\/\/api.w.org\/{rel}","templated":true}]}}