{"id":20909,"date":"2023-12-02T18:02:31","date_gmt":"2023-12-02T17:02:31","guid":{"rendered":"https:\/\/www.tibum.pl\/shop\/?post_type=product&#038;p=20909"},"modified":"2026-03-17T09:03:11","modified_gmt":"2026-03-17T08:03:11","slug":"bajkoterapia-online-07-05-2026","status":"publish","type":"product","link":"https:\/\/www.tibum.pl\/shop\/produkt\/bajkoterapia-online-07-05-2026","title":{"rendered":"Moc bajkoterapii online 07.05.2026"},"content":{"rendered":"<div class=\"tribe-events-single-event-description tribe-events-content\">\n<div class=\"tribe-events-schedule tribe-clearfix\">\n<h2><span class=\"tribe-event-date-start\"><span style=\"vertical-align: inherit;\"><span style=\"vertical-align: inherit;\">07.05.2026 17:00<\/span><\/span><\/span><span style=\"vertical-align: inherit;\"><span style=\"vertical-align: inherit;\"> &#8211; <\/span><\/span><span class=\"tribe-event-time\"><span style=\"vertical-align: inherit;\"><span style=\"vertical-align: inherit;\">20:00<\/span><\/span><\/span><\/h2>\n<p><span style=\"vertical-align: inherit;\"><span style=\"vertical-align: inherit;\">Organizator:<\/span><\/span><strong>Wydawnictwo Tibum<br \/>\n<\/strong><\/p>\n<p><strong>prowadzi: <a href=\"https:\/\/www.poczujprzyrode.pl\/o-mnie\/\">Zofia Pi\u0105tkowska<\/a><\/strong><\/p>\n<\/div>\n<p><strong>SZKOLENIE ONLINE &#8211; na \u017cywo, platforma ZOOM<br \/>\n<\/strong><\/p>\n<p><strong>Zapisy: biuro@tibum.pl<\/strong><\/p>\n<p>Ilo\u015b\u0107 miejsc ograniczona<\/p>\n<p>Wystawiamy faktury VAT &#8211; prosimy o podanie danych do faktury podczas wype\u0142niania formularza zakupu biletu<\/p>\n<p>SZKOLENIE CERTYFIKOWANE<\/p>\n<p>&nbsp;<\/p>\n<h2 class=\"tribe-events-single-event-title\"><a href=\"https:\/\/kamishibai.pl\/bajkoterapia\/\">Sprawd\u017a wi\u0119cej informacji o szkoleniu<\/a><\/h2>\n<p>&nbsp;<\/p>\n<p><strong>Bajkoterapia &#8211; lecznicza moc opowie\u015bci<br \/>\n<\/strong><\/p>\n<p><em>Ka\u017cda <a title=\"Tata buduje namiot\" href=\"https:\/\/www.tibum.pl\/shop\/produkt\/tata-buduje-namiot\">dobra historia<\/a> mo\u017ce by\u0107 wykorzystana jako narz\u0119dzie komunikacji. Opowie\u015b\u0107 mo\u017ce by\u0107 r\u00f3wnie\u017c sygna\u0142em dla s\u0142uchacza, \u017ce chcemy nawi\u0105za\u0107 z nim kontakt. Spraw aby twoi uczniowie zobaczyli, \u017ce Ci na nich zale\u017cy, \u017ce s\u0105 dla nas wa\u017cni.<br \/>\n<\/em><\/p>\n<\/div>\n<div class=\"tribe-events-single-event-description tribe-events-content\">\n<p>Podczas warsztatu nab\u0119dziesz wiedz\u0119 praktyczn\u0105 na temat bajkoterapii. Szkolenie oparte na wieloletnich do\u015bwiadczeniach z prac\u0105 z dzie\u0107mi i m\u0142odzie\u017c\u0105 przy zastosowaniu metod wykorzystuj\u0105cych opowie\u015bci i ba\u015bni w pracy z dzie\u0107mi i m\u0142odzie\u017c\u0105.<\/p>\n<p>&nbsp;<\/p>\n<p><img decoding=\"async\" class=\"alignnone size-medium wp-image-22146\" src=\"https:\/\/www.tibum.pl\/shop\/wp-content\/uploads\/calineczka-327x250.jpg\" alt=\"\" width=\"327\" height=\"250\" srcset=\"https:\/\/www.tibum.pl\/shop\/wp-content\/uploads\/calineczka-327x250.jpg 327w, https:\/\/www.tibum.pl\/shop\/wp-content\/uploads\/calineczka-200x153.jpg 200w, https:\/\/www.tibum.pl\/shop\/wp-content\/uploads\/calineczka-30x23.jpg 30w, https:\/\/www.tibum.pl\/shop\/wp-content\/uploads\/calineczka.jpg 534w\" sizes=\"(max-width: 327px) 100vw, 327px\" \/><\/p>\n<p>&nbsp;<\/p>\n<\/div>\n<blockquote>\n<p style=\"text-align: center;\"><em>&#8222;Ba\u015bnie opowiadaj\u0105 o wpadaniu w k\u0142opoty i wydostawaniu si\u0119 z nich, a same k\u0142opoty wydaj\u0105 si\u0119 by\u0107 nieod\u0142\u0105cznym etapem na \u015bcie\u017cce stawania si\u0119 sob\u0105. Ca\u0142a magia i szklane g\u00f3ry, mieni\u0105ce si\u0119 domy i ksi\u0119\u017cniczki pi\u0119kne niczym poranek, m\u00f3wi\u0105ce ptaki i w\u0119\u017ce zamieniaj\u0105ce si\u0119 w ludzi, wszystko to s\u0142u\u017cy tak naprawd\u0119 odwr\u00f3ceniu uwagi od mozolnego sedna wszystkich opowie\u015bci, a jest nim przetrwanie pomimo przeciwie\u0144stw, odnalezienie swojego miejsca w \u015bwiecie, stanie si\u0119 tym, kim jeste\u015b. Trudno\u015bci zawsze s\u0105 dobr\u0105 szko\u0142\u0105, cho\u0107 nauka w niej nie jest obowi\u0105zkowa.&#8221; <\/em>Rebecca Solnit &#8211; &#8222;Faraway Nearby&#8221;<\/p>\n<\/blockquote>\n<p>Zawarto\u015b\u0107 merytoryczna szkolenia:<\/p>\n<ul>\n<li>Poj\u0119cie biblioterapii, bajkoterapii<\/li>\n<li>Terapeutyczna moc literatury: dlaczego i jak literatura leczy.<\/li>\n<li>Analiza wybranej ba\u015bni \u2013 archetypy.<\/li>\n<li>Ba\u015b\u0144, bajka, mit, legenda, opowie\u015b\u0107 \u2013 r\u00f3\u017cnice, warto\u015bci.<\/li>\n<li>Opowiadamy \u2013 elementy storytellingu.<\/li>\n<li>Poznajemy rodzaje bajek terapeutycznych.<\/li>\n<li>Piszemy w\u0142asne <a href=\"https:\/\/www.tibum.pl\/shop\/produkt\/w-lustzanej-sali\">opowie\u015bci terapeutyczne<\/a>.<\/li>\n<li>Wchodzimy w relacje \u2013 jak by\u0107 wystarczaj\u0105co dobrym opowiadaczem lub lektorem.<\/li>\n<li>Potrzeby psychiczne dziecka a wyb\u00f3r opowie\u015bci.<\/li>\n<li>Praca z opowie\u015bci\u0105: propozycje dzia\u0142a\u0144 tw\u00f3rczych wok\u00f3\u0142 opowie\u015bci, kamishibai magiczny spos\u00f3b na ksi\u0105\u017ck\u0119 i bajkoterapi\u0119.<\/li>\n<li>Zaj\u0119cia bajkoterapeutyczne: wyb\u00f3r bajek, przebieg zaj\u0119\u0107, \u0107wiczenia i zadania.<\/li>\n<\/ul>\n<p>&nbsp;<\/p>\n<div class=\"tribe-events-single-event-description tribe-events-content\">\n<p>Czym jest bajkoterapia? Jak korzysta\u0107 z literatury w bajkoterapii? Jak samodzielnie tworzy\u0107 opowie\u015bci terapeutyczne? Komu potrzebna jest literatura i opowie\u015bci terapeutyczne? Czy ka\u017cda ksi\u0105\u017cka ma lecz\u0105c\u0105 moc i czy dla ka\u017cdego? Spr\u00f3bujemy wsp\u00f3lnie znale\u017a\u0107 odpowiedzi na te pytania ale r\u00f3wnie\u017c na wszystkie inne, kt\u00f3re pojawia si\u0119 w czasie spotkania.<\/p>\n<p>&nbsp;<\/p>\n<p>Dla uczestnik\u00f3w szkolenia materia\u0142y ze szkolenia w formie PDF<\/p>\n<p>Zapraszamy !<\/p>\n<\/div>\n<div id=\"s3gt_translate_tooltip_mini\" class=\"s3gt_translate_tooltip_mini_box\" style=\"background: initial !important; border: initial !important; border-radius: initial !important; border-spacing: initial !important; border-collapse: initial !important; direction: ltr !important; flex-direction: initial !important; font-weight: initial !important; height: initial !important; letter-spacing: initial !important; min-width: initial !important; max-width: initial !important; min-height: initial !important; max-height: initial !important; margin: auto !important; padding: initial !important; position: absolute; text-align: initial !important; width: initial !important; color: inherit !important; font-size: 13px !important; font-family: X-LocaleSpecific, sans-serif, Tahoma, Helvetica !important; line-height: 13px !important; vertical-align: top !important; left: 241px; top: 277px;\">\n<div id=\"s3gt_translate_tooltip_mini_logo\" class=\"s3gt_translate_tooltip_mini\" title=\"T\u0142umacz zaznaczony tekst\"><\/div>\n<div id=\"s3gt_translate_tooltip_mini_sound\" class=\"s3gt_translate_tooltip_mini\" title=\"Odtw\u00f3rz\"><\/div>\n<div id=\"s3gt_translate_tooltip_mini_copy\" class=\"s3gt_translate_tooltip_mini\" title=\"Kopiuj tekst do schowka\"><\/div>\n<\/div>\n","protected":false},"excerpt":{"rendered":"<header class=\"tribe-events-calendar-list__event-header\"><\/header>\n<div class=\"tribe-events-calendar-list__event-description tribe-common-b2 tribe-common-a11y-hidden\">\n<p>Zapisy: biuro@tibum.pl<\/p>\n<p>Ilo\u015b\u0107 miejsc ograniczona.<\/p>\n<\/div>\n<div class=\"tribe-events-c-small-cta tribe-common-b3 tribe-events-calendar-list__event-cost\"><span class=\"tribe-events-c-small-cta__price\"><span style=\"vertical-align: inherit;\"><span style=\"vertical-align: inherit;\">170 z\u0142.<\/span><\/span><\/span><\/div>\n","protected":false},"featured_media":17309,"template":"","meta":[],"product_brand":[],"product_cat":[859],"product_tag":[580,884,885,6,886,572,883],"class_list":{"0":"post-20909","1":"product","2":"type-product","3":"status-publish","4":"has-post-thumbnail","6":"product_cat-online","7":"product_tag-bajka-kamishibai","8":"product_tag-bajkoterapia","9":"product_tag-biblioterapaia","10":"product_tag-kamishibai","11":"product_tag-komunikacja-z-dzieckiem","12":"product_tag-storytelling","13":"product_tag-szkolenie-bajkoterapia","14":"description-off","16":"first","17":"instock","18":"featured","19":"virtual","20":"taxable","21":"purchasable","22":"product-type-simple"},"yoast_head":"<!-- This site is optimized with the Yoast SEO plugin v27.3 - https:\/\/yoast.com\/product\/yoast-seo-wordpress\/ -->\n<title>Moc bajkoterapii online 07.05.2026 - Tibum Wydawnictwo Kamishibai - Papierowy Teatr<\/title>\n<meta name=\"description\" content=\"Szkolenie bajkoterapia dla nauczycieli, bibliotekarzy i pedagog\u00f3w. Archetypy w ba\u015bniach. Tworzenie przestrzeni dla opowie\u015bci. Jak dzia\u0142a opowie\u015b\u0107. Jak stworzy zaj\u0119cia bajkoterapeutyczne. Emocje poprzez ba\u015b\u0144.\" \/>\n<meta name=\"robots\" content=\"index, follow, max-snippet:-1, max-image-preview:large, max-video-preview:-1\" \/>\n<link rel=\"canonical\" href=\"https:\/\/www.tibum.pl\/shop\/produkt\/bajkoterapia-online-07-05-2026\" \/>\n<meta property=\"og:locale\" content=\"pl_PL\" \/>\n<meta property=\"og:type\" content=\"article\" \/>\n<meta property=\"og:title\" content=\"Moc bajkoterapii online 07.05.2026 - Tibum Wydawnictwo Kamishibai - Papierowy Teatr\" \/>\n<meta property=\"og:description\" content=\"Szkolenie bajkoterapia dla nauczycieli, bibliotekarzy i pedagog\u00f3w. Archetypy w ba\u015bniach. Tworzenie przestrzeni dla opowie\u015bci. Jak dzia\u0142a opowie\u015b\u0107. Jak stworzy zaj\u0119cia bajkoterapeutyczne. Emocje poprzez ba\u015b\u0144.\" \/>\n<meta property=\"og:url\" content=\"https:\/\/www.tibum.pl\/shop\/produkt\/bajkoterapia-online-07-05-2026\" \/>\n<meta property=\"og:site_name\" content=\"Tibum Wydawnictwo Kamishibai - Papierowy Teatr\" \/>\n<meta property=\"article:publisher\" content=\"https:\/\/www.facebook.com\/PapierowyTeatr\" \/>\n<meta property=\"article:modified_time\" content=\"2026-03-17T08:03:11+00:00\" \/>\n<meta property=\"og:image\" content=\"https:\/\/www.tibum.pl\/shop\/wp-content\/uploads\/1-3.jpg\" \/>\n\t<meta property=\"og:image:width\" content=\"964\" \/>\n\t<meta property=\"og:image:height\" content=\"665\" \/>\n\t<meta property=\"og:image:type\" content=\"image\/jpeg\" \/>\n<meta name=\"twitter:card\" content=\"summary_large_image\" \/>\n<meta name=\"twitter:label1\" content=\"Szacowany czas czytania\" \/>\n\t<meta name=\"twitter:data1\" content=\"2 minuty\" \/>\n<script type=\"application\/ld+json\" class=\"yoast-schema-graph\">{\"@context\":\"https:\\\/\\\/schema.org\",\"@graph\":[{\"@type\":\"WebPage\",\"@id\":\"https:\\\/\\\/www.tibum.pl\\\/shop\\\/produkt\\\/bajkoterapia-online-07-05-2026\",\"url\":\"https:\\\/\\\/www.tibum.pl\\\/shop\\\/produkt\\\/bajkoterapia-online-07-05-2026\",\"name\":\"Moc bajkoterapii online 07.05.2026 - Tibum Wydawnictwo Kamishibai - Papierowy Teatr\",\"isPartOf\":{\"@id\":\"https:\\\/\\\/www.tibum.pl\\\/shop\\\/#website\"},\"primaryImageOfPage\":{\"@id\":\"https:\\\/\\\/www.tibum.pl\\\/shop\\\/produkt\\\/bajkoterapia-online-07-05-2026#primaryimage\"},\"image\":{\"@id\":\"https:\\\/\\\/www.tibum.pl\\\/shop\\\/produkt\\\/bajkoterapia-online-07-05-2026#primaryimage\"},\"thumbnailUrl\":\"https:\\\/\\\/www.tibum.pl\\\/shop\\\/wp-content\\\/uploads\\\/1-3.jpg\",\"datePublished\":\"2023-12-02T17:02:31+00:00\",\"dateModified\":\"2026-03-17T08:03:11+00:00\",\"description\":\"Szkolenie bajkoterapia dla nauczycieli, bibliotekarzy i pedagog\u00f3w. Archetypy w ba\u015bniach. Tworzenie przestrzeni dla opowie\u015bci. Jak dzia\u0142a opowie\u015b\u0107. Jak stworzy zaj\u0119cia bajkoterapeutyczne. Emocje poprzez ba\u015b\u0144.\",\"breadcrumb\":{\"@id\":\"https:\\\/\\\/www.tibum.pl\\\/shop\\\/produkt\\\/bajkoterapia-online-07-05-2026#breadcrumb\"},\"inLanguage\":\"pl-PL\",\"potentialAction\":[{\"@type\":\"ReadAction\",\"target\":[\"https:\\\/\\\/www.tibum.pl\\\/shop\\\/produkt\\\/bajkoterapia-online-07-05-2026\"]}]},{\"@type\":\"ImageObject\",\"inLanguage\":\"pl-PL\",\"@id\":\"https:\\\/\\\/www.tibum.pl\\\/shop\\\/produkt\\\/bajkoterapia-online-07-05-2026#primaryimage\",\"url\":\"https:\\\/\\\/www.tibum.pl\\\/shop\\\/wp-content\\\/uploads\\\/1-3.jpg\",\"contentUrl\":\"https:\\\/\\\/www.tibum.pl\\\/shop\\\/wp-content\\\/uploads\\\/1-3.jpg\",\"width\":964,\"height\":665,\"caption\":\"logotyp\"},{\"@type\":\"BreadcrumbList\",\"@id\":\"https:\\\/\\\/www.tibum.pl\\\/shop\\\/produkt\\\/bajkoterapia-online-07-05-2026#breadcrumb\",\"itemListElement\":[{\"@type\":\"ListItem\",\"position\":1,\"name\":\"Home\",\"item\":\"https:\\\/\\\/www.tibum.pl\\\/shop\\\/\"},{\"@type\":\"ListItem\",\"position\":2,\"name\":\"Sklep\",\"item\":\"https:\\\/\\\/www.tibum.pl\\\/shop\\\/sklep\"},{\"@type\":\"ListItem\",\"position\":3,\"name\":\"Moc bajkoterapii online 07.05.2026\"}]},{\"@type\":\"WebSite\",\"@id\":\"https:\\\/\\\/www.tibum.pl\\\/shop\\\/#website\",\"url\":\"https:\\\/\\\/www.tibum.pl\\\/shop\\\/\",\"name\":\"Tibum Wydawnictwo Kamishibai - Papierowy Teatr\",\"description\":\"wydawca ksi\u0105\u017cek i bajek obrazkowych kamishibai\",\"potentialAction\":[{\"@type\":\"SearchAction\",\"target\":{\"@type\":\"EntryPoint\",\"urlTemplate\":\"https:\\\/\\\/www.tibum.pl\\\/shop\\\/?s={search_term_string}\"},\"query-input\":{\"@type\":\"PropertyValueSpecification\",\"valueRequired\":true,\"valueName\":\"search_term_string\"}}],\"inLanguage\":\"pl-PL\"}]}<\/script>\n<!-- \/ Yoast SEO plugin. -->","yoast_head_json":{"title":"Moc bajkoterapii online 07.05.2026 - Tibum Wydawnictwo Kamishibai - Papierowy Teatr","description":"Szkolenie bajkoterapia dla nauczycieli, bibliotekarzy i pedagog\u00f3w. Archetypy w ba\u015bniach. Tworzenie przestrzeni dla opowie\u015bci. Jak dzia\u0142a opowie\u015b\u0107. Jak stworzy zaj\u0119cia bajkoterapeutyczne. Emocje poprzez ba\u015b\u0144.","robots":{"index":"index","follow":"follow","max-snippet":"max-snippet:-1","max-image-preview":"max-image-preview:large","max-video-preview":"max-video-preview:-1"},"canonical":"https:\/\/www.tibum.pl\/shop\/produkt\/bajkoterapia-online-07-05-2026","og_locale":"pl_PL","og_type":"article","og_title":"Moc bajkoterapii online 07.05.2026 - Tibum Wydawnictwo Kamishibai - Papierowy Teatr","og_description":"Szkolenie bajkoterapia dla nauczycieli, bibliotekarzy i pedagog\u00f3w. Archetypy w ba\u015bniach. Tworzenie przestrzeni dla opowie\u015bci. Jak dzia\u0142a opowie\u015b\u0107. Jak stworzy zaj\u0119cia bajkoterapeutyczne. Emocje poprzez ba\u015b\u0144.","og_url":"https:\/\/www.tibum.pl\/shop\/produkt\/bajkoterapia-online-07-05-2026","og_site_name":"Tibum Wydawnictwo Kamishibai - Papierowy Teatr","article_publisher":"https:\/\/www.facebook.com\/PapierowyTeatr","article_modified_time":"2026-03-17T08:03:11+00:00","og_image":[{"width":964,"height":665,"url":"https:\/\/www.tibum.pl\/shop\/wp-content\/uploads\/1-3.jpg","type":"image\/jpeg"}],"twitter_card":"summary_large_image","twitter_misc":{"Szacowany czas czytania":"2 minuty"},"schema":{"@context":"https:\/\/schema.org","@graph":[{"@type":"WebPage","@id":"https:\/\/www.tibum.pl\/shop\/produkt\/bajkoterapia-online-07-05-2026","url":"https:\/\/www.tibum.pl\/shop\/produkt\/bajkoterapia-online-07-05-2026","name":"Moc bajkoterapii online 07.05.2026 - Tibum Wydawnictwo Kamishibai - Papierowy Teatr","isPartOf":{"@id":"https:\/\/www.tibum.pl\/shop\/#website"},"primaryImageOfPage":{"@id":"https:\/\/www.tibum.pl\/shop\/produkt\/bajkoterapia-online-07-05-2026#primaryimage"},"image":{"@id":"https:\/\/www.tibum.pl\/shop\/produkt\/bajkoterapia-online-07-05-2026#primaryimage"},"thumbnailUrl":"https:\/\/www.tibum.pl\/shop\/wp-content\/uploads\/1-3.jpg","datePublished":"2023-12-02T17:02:31+00:00","dateModified":"2026-03-17T08:03:11+00:00","description":"Szkolenie bajkoterapia dla nauczycieli, bibliotekarzy i pedagog\u00f3w. Archetypy w ba\u015bniach. Tworzenie przestrzeni dla opowie\u015bci. Jak dzia\u0142a opowie\u015b\u0107. Jak stworzy zaj\u0119cia bajkoterapeutyczne. Emocje poprzez ba\u015b\u0144.","breadcrumb":{"@id":"https:\/\/www.tibum.pl\/shop\/produkt\/bajkoterapia-online-07-05-2026#breadcrumb"},"inLanguage":"pl-PL","potentialAction":[{"@type":"ReadAction","target":["https:\/\/www.tibum.pl\/shop\/produkt\/bajkoterapia-online-07-05-2026"]}]},{"@type":"ImageObject","inLanguage":"pl-PL","@id":"https:\/\/www.tibum.pl\/shop\/produkt\/bajkoterapia-online-07-05-2026#primaryimage","url":"https:\/\/www.tibum.pl\/shop\/wp-content\/uploads\/1-3.jpg","contentUrl":"https:\/\/www.tibum.pl\/shop\/wp-content\/uploads\/1-3.jpg","width":964,"height":665,"caption":"logotyp"},{"@type":"BreadcrumbList","@id":"https:\/\/www.tibum.pl\/shop\/produkt\/bajkoterapia-online-07-05-2026#breadcrumb","itemListElement":[{"@type":"ListItem","position":1,"name":"Home","item":"https:\/\/www.tibum.pl\/shop\/"},{"@type":"ListItem","position":2,"name":"Sklep","item":"https:\/\/www.tibum.pl\/shop\/sklep"},{"@type":"ListItem","position":3,"name":"Moc bajkoterapii online 07.05.2026"}]},{"@type":"WebSite","@id":"https:\/\/www.tibum.pl\/shop\/#website","url":"https:\/\/www.tibum.pl\/shop\/","name":"Tibum Wydawnictwo Kamishibai - Papierowy Teatr","description":"wydawca ksi\u0105\u017cek i bajek obrazkowych kamishibai","potentialAction":[{"@type":"SearchAction","target":{"@type":"EntryPoint","urlTemplate":"https:\/\/www.tibum.pl\/shop\/?s={search_term_string}"},"query-input":{"@type":"PropertyValueSpecification","valueRequired":true,"valueName":"search_term_string"}}],"inLanguage":"pl-PL"}]}},"_links":{"self":[{"href":"https:\/\/www.tibum.pl\/shop\/wp-json\/wp\/v2\/product\/20909","targetHints":{"allow":["GET"]}}],"collection":[{"href":"https:\/\/www.tibum.pl\/shop\/wp-json\/wp\/v2\/product"}],"about":[{"href":"https:\/\/www.tibum.pl\/shop\/wp-json\/wp\/v2\/types\/product"}],"wp:featuredmedia":[{"embeddable":true,"href":"https:\/\/www.tibum.pl\/shop\/wp-json\/wp\/v2\/media\/17309"}],"wp:attachment":[{"href":"https:\/\/www.tibum.pl\/shop\/wp-json\/wp\/v2\/media?parent=20909"}],"wp:term":[{"taxonomy":"product_brand","embeddable":true,"href":"https:\/\/www.tibum.pl\/shop\/wp-json\/wp\/v2\/product_brand?post=20909"},{"taxonomy":"product_cat","embeddable":true,"href":"https:\/\/www.tibum.pl\/shop\/wp-json\/wp\/v2\/product_cat?post=20909"},{"taxonomy":"product_tag","embeddable":true,"href":"https:\/\/www.tibum.pl\/shop\/wp-json\/wp\/v2\/product_tag?post=20909"}],"curies":[{"name":"wp","href":"https:\/\/api.w.org\/{rel}","templated":true}]}}