{"id":21227,"date":"2023-05-30T14:28:01","date_gmt":"2023-05-30T12:28:01","guid":{"rendered":"https:\/\/www.tibum.pl\/shop\/?post_type=product&#038;p=21227"},"modified":"2025-11-24T11:08:01","modified_gmt":"2025-11-24T10:08:01","slug":"tata-buduje-namiot","status":"publish","type":"product","link":"https:\/\/www.tibum.pl\/shop\/produkt\/tata-buduje-namiot","title":{"rendered":"&#8222;Tata buduje namiot&#8221;, Kinga Rofusz, Nora Majoros, 14 kart narracyjnych"},"content":{"rendered":"<article>\n<div style=\"text-align: left;\">\n<p><strong>ksi\u0105\u017cka kamishibai<\/strong> w formie ilustrowanych kart narracyjnych do teatrzyku kamishibai<\/p>\n<p><strong>Tytu\u0142: &#8222;<em><cite>Tata buduje namiot&#8221;<\/cite><\/em><\/strong><\/p>\n<p><strong>Tekst: Nora Majoros<\/strong><\/p>\n<p><strong>Ilustracje: <a href=\"https:\/\/www.tibum.pl\/shop\/autorzy\/kinga-rofusz\">Kinga Rofusz<\/a><\/strong><\/p>\n<p><strong>ISBN: 78-83-961120-6-4<br \/>\n<\/strong><\/p>\n<p>bajka\u00a0 kamishibai<\/p>\n<p>Bajka Nory Majoros zosta\u0142a zainspirowana trzema s\u0142owami:<strong> ojciec, namiot, wiatr. Ojciec i dziecko buduj\u0105 namiot w siedem dni. Ma on za zadanie pomie\u015bci\u0107 i ochroni\u0107 ca\u0142\u0105 rodzin\u0119.<\/strong> Do realizacji tego wa\u017cnego planu potrzebuj\u0105 bardzo specjalnych element\u00f3w konstrukcyjnych: wzg\u00f3rza, lasu, wiatru i&#8230; bajki.<\/p>\n<p>Nora Majoros z g\u0142\u0119bokim wyczuciem i talentem opisuje kszta\u0142tuj\u0105ca si\u0119 relacje mi\u0119dzy synem i ojcem. Dzi\u0119ki poetyckiemu tekstowi udaje jej si\u0119 pokaza\u0107 odr\u0119bno\u015b\u0107, pi\u0119kno i wyj\u0105tkowo\u015b\u0107 tej relacji. Odwo\u0142anie si\u0119 do Przyrody jako przyk\u0142adu budowania wi\u0119zi jest pot\u0119guje przekaz.<\/p>\n<p>Ilustracje Kingi Rofusz, po raz kolejny pokazuj\u0105 jak niezwyk\u0142a jest rola ilustracji w ksi\u0105\u017cce obrazkowej. Narracja opowiadana jest na dw\u00f3ch poziomach: s\u0142ownym i obrazowym. Dzi\u0119ki niezwyk\u0142ej wra\u017cliwo\u015bci tej wybitnej ilustratorki mamy wra\u017cenie, \u017ce odbywamy wraz z bohaterami pi\u0119kn\u0105 podr\u00f3\u017c i wracamy z niej odmienieni. To kolejna po <strong><a href=\"https:\/\/www.tibum.pl\/shop\/produkt\/bajka-o-soli\">Bajce o soli<\/a>,<\/strong> ksi\u0105\u017cka wydana przez Wydawnictwo Tibum z ilustracjami tej znakomitej, w\u0119gierskiej ilustratorki.<\/p>\n<p>Ksi\u0105\u017cka dla dzieci od lat 5<\/p>\n<\/div>\n<\/article>\n<p>Wydawnictwo: Wydawnictwo Tibum<br \/>\nWymiary: A3 (297\/420 mm)<br \/>\nLiczba kart: 14 (dwustronnych)<br \/>\nIlo\u015b\u0107 stron: 28 (tekst, ilustracje)<br \/>\nRok wydania: 2023<br \/>\nOprawa: kartonowa koperta<\/p>\n<p style=\"font-size: small; font-weight: normal;\"><strong>Uwaga:<\/strong><br \/>\nZdj\u0119cia w galerii produktu mog\u0105 zawiera\u0107 inne przedmioty np. ksi\u0105\u017cki, teatrzyki-parawany, kt\u00f3re s\u0105 osobno zamawianymi pozycjami<\/p>\n<div id=\"s3gt_translate_tooltip_mini\" class=\"s3gt_translate_tooltip_mini_box\" style=\"background: initial !important; border: initial !important; border-radius: initial !important; border-spacing: initial !important; border-collapse: initial !important; direction: ltr !important; flex-direction: initial !important; font-weight: initial !important; height: initial !important; letter-spacing: initial !important; min-width: initial !important; max-width: initial !important; min-height: initial !important; max-height: initial !important; margin: auto !important; padding: initial !important; text-align: initial !important; width: initial !important; color: inherit !important; font-size: 13px !important; font-family: X-LocaleSpecific, sans-serif, Tahoma, Helvetica !important; line-height: 13px !important; vertical-align: top !important;\">\n<div id=\"s3gt_translate_tooltip_mini_logo\" class=\"s3gt_translate_tooltip_mini\" title=\"T\u0142umacz zaznaczony tekst\"><\/div>\n<div id=\"s3gt_translate_tooltip_mini_sound\" class=\"s3gt_translate_tooltip_mini\" title=\"Odtw\u00f3rz\"><\/div>\n<div id=\"s3gt_translate_tooltip_mini_copy\" class=\"s3gt_translate_tooltip_mini\" title=\"Kopiuj tekst do schowka\"><\/div>\n<\/div>\n","protected":false},"excerpt":{"rendered":"<p>ksi\u0105\u017cka kamishibai w formie ilustrowanych kart narracyjnych do teatrzyku drewnianego<\/p>\n<p><strong>Tytu\u0142: &#8222;<cite>Tata buduje namiot<\/cite>&#8222;<\/strong><\/p>\n<p><strong>Tekst: Nora Majoros<br \/>\n<\/strong><\/p>\n<p><strong>Ilustracje: <a href=\"https:\/\/www.tibum.pl\/shop\/autorzy\/kinga-rofusz\">Kinga Rofusz<\/a><br \/>\n<\/strong><\/p>\n<p><strong>ISBN: 78-83-961120-6-4<br \/>\n<\/strong><\/p>\n<p>bajka terapeutyczna<\/p>\n","protected":false},"featured_media":21228,"template":"","meta":[],"product_brand":[],"product_cat":[18,48],"product_tag":[580,822,250,6,224,890,541,853],"class_list":{"0":"post-21227","1":"product","2":"type-product","3":"status-publish","4":"has-post-thumbnail","6":"product_cat-kamishibai","7":"product_cat-karty-narracyjne-do-teatrzyku-kamishibai","8":"product_tag-bajka-kamishibai","9":"product_tag-bajka-terapeutyczna","10":"product_tag-dziecko","11":"product_tag-kamishibai","12":"product_tag-karty-narracyjne","13":"product_tag-tata","14":"product_tag-teatrzyk-drewniany","15":"product_tag-wiez-z-przyroda","16":"product_shipping_class-lekkie1","17":"description-off","19":"first","20":"instock","21":"featured","22":"taxable","23":"shipping-taxable","24":"purchasable","25":"product-type-simple"},"yoast_head":"<!-- This site is optimized with the Yoast SEO plugin v27.3 - https:\/\/yoast.com\/product\/yoast-seo-wordpress\/ -->\n<title>&quot;Tata buduje namiot&quot;, Kinga Rofusz, Nora Majoros, 14 kart narracyjnych - Tibum Wydawnictwo Kamishibai - Papierowy Teatr<\/title>\n<meta name=\"robots\" content=\"index, follow, max-snippet:-1, max-image-preview:large, max-video-preview:-1\" \/>\n<link rel=\"canonical\" href=\"https:\/\/www.tibum.pl\/shop\/produkt\/tata-buduje-namiot\" \/>\n<meta property=\"og:locale\" content=\"pl_PL\" \/>\n<meta property=\"og:type\" content=\"article\" \/>\n<meta property=\"og:title\" content=\"&quot;Tata buduje namiot&quot;, Kinga Rofusz, Nora Majoros, 14 kart narracyjnych - Tibum Wydawnictwo Kamishibai - Papierowy Teatr\" \/>\n<meta property=\"og:description\" content=\"ksi\u0105\u017cka kamishibai w formie ilustrowanych kart narracyjnych do teatrzyku drewnianego  Tytu\u0142: &quot;Tata buduje namiot&quot;  Tekst: Nora Majoros   Ilustracje: Kinga Rofusz   ISBN: 78-83-961120-6-4   bajka terapeutyczna\" \/>\n<meta property=\"og:url\" content=\"https:\/\/www.tibum.pl\/shop\/produkt\/tata-buduje-namiot\" \/>\n<meta property=\"og:site_name\" content=\"Tibum Wydawnictwo Kamishibai - Papierowy Teatr\" \/>\n<meta property=\"article:publisher\" content=\"https:\/\/www.facebook.com\/PapierowyTeatr\" \/>\n<meta property=\"article:modified_time\" content=\"2025-11-24T10:08:01+00:00\" \/>\n<meta property=\"og:image\" content=\"https:\/\/www.tibum.pl\/shop\/wp-content\/uploads\/okladka.jpg\" \/>\n\t<meta property=\"og:image:width\" content=\"760\" \/>\n\t<meta property=\"og:image:height\" content=\"541\" \/>\n\t<meta property=\"og:image:type\" content=\"image\/jpeg\" \/>\n<meta name=\"twitter:card\" content=\"summary_large_image\" \/>\n<meta name=\"twitter:label1\" content=\"Szacowany czas czytania\" \/>\n\t<meta name=\"twitter:data1\" content=\"1 minuta\" \/>\n<script type=\"application\/ld+json\" class=\"yoast-schema-graph\">{\"@context\":\"https:\\\/\\\/schema.org\",\"@graph\":[{\"@type\":\"WebPage\",\"@id\":\"https:\\\/\\\/www.tibum.pl\\\/shop\\\/produkt\\\/tata-buduje-namiot\",\"url\":\"https:\\\/\\\/www.tibum.pl\\\/shop\\\/produkt\\\/tata-buduje-namiot\",\"name\":\"\\\"Tata buduje namiot\\\", Kinga Rofusz, Nora Majoros, 14 kart narracyjnych - Tibum Wydawnictwo Kamishibai - Papierowy Teatr\",\"isPartOf\":{\"@id\":\"https:\\\/\\\/www.tibum.pl\\\/shop\\\/#website\"},\"primaryImageOfPage\":{\"@id\":\"https:\\\/\\\/www.tibum.pl\\\/shop\\\/produkt\\\/tata-buduje-namiot#primaryimage\"},\"image\":{\"@id\":\"https:\\\/\\\/www.tibum.pl\\\/shop\\\/produkt\\\/tata-buduje-namiot#primaryimage\"},\"thumbnailUrl\":\"https:\\\/\\\/www.tibum.pl\\\/shop\\\/wp-content\\\/uploads\\\/okladka.jpg\",\"datePublished\":\"2023-05-30T12:28:01+00:00\",\"dateModified\":\"2025-11-24T10:08:01+00:00\",\"breadcrumb\":{\"@id\":\"https:\\\/\\\/www.tibum.pl\\\/shop\\\/produkt\\\/tata-buduje-namiot#breadcrumb\"},\"inLanguage\":\"pl-PL\",\"potentialAction\":[{\"@type\":\"ReadAction\",\"target\":[\"https:\\\/\\\/www.tibum.pl\\\/shop\\\/produkt\\\/tata-buduje-namiot\"]}]},{\"@type\":\"ImageObject\",\"inLanguage\":\"pl-PL\",\"@id\":\"https:\\\/\\\/www.tibum.pl\\\/shop\\\/produkt\\\/tata-buduje-namiot#primaryimage\",\"url\":\"https:\\\/\\\/www.tibum.pl\\\/shop\\\/wp-content\\\/uploads\\\/okladka.jpg\",\"contentUrl\":\"https:\\\/\\\/www.tibum.pl\\\/shop\\\/wp-content\\\/uploads\\\/okladka.jpg\",\"width\":760,\"height\":541},{\"@type\":\"BreadcrumbList\",\"@id\":\"https:\\\/\\\/www.tibum.pl\\\/shop\\\/produkt\\\/tata-buduje-namiot#breadcrumb\",\"itemListElement\":[{\"@type\":\"ListItem\",\"position\":1,\"name\":\"Home\",\"item\":\"https:\\\/\\\/www.tibum.pl\\\/shop\\\/\"},{\"@type\":\"ListItem\",\"position\":2,\"name\":\"Sklep\",\"item\":\"https:\\\/\\\/www.tibum.pl\\\/shop\\\/sklep\"},{\"@type\":\"ListItem\",\"position\":3,\"name\":\"&#8222;Tata buduje namiot&#8221;, Kinga Rofusz, Nora Majoros, 14 kart narracyjnych\"}]},{\"@type\":\"WebSite\",\"@id\":\"https:\\\/\\\/www.tibum.pl\\\/shop\\\/#website\",\"url\":\"https:\\\/\\\/www.tibum.pl\\\/shop\\\/\",\"name\":\"Tibum Wydawnictwo Kamishibai - Papierowy Teatr\",\"description\":\"wydawca ksi\u0105\u017cek i bajek obrazkowych kamishibai\",\"potentialAction\":[{\"@type\":\"SearchAction\",\"target\":{\"@type\":\"EntryPoint\",\"urlTemplate\":\"https:\\\/\\\/www.tibum.pl\\\/shop\\\/?s={search_term_string}\"},\"query-input\":{\"@type\":\"PropertyValueSpecification\",\"valueRequired\":true,\"valueName\":\"search_term_string\"}}],\"inLanguage\":\"pl-PL\"}]}<\/script>\n<!-- \/ Yoast SEO plugin. -->","yoast_head_json":{"title":"\"Tata buduje namiot\", Kinga Rofusz, Nora Majoros, 14 kart narracyjnych - Tibum Wydawnictwo Kamishibai - Papierowy Teatr","robots":{"index":"index","follow":"follow","max-snippet":"max-snippet:-1","max-image-preview":"max-image-preview:large","max-video-preview":"max-video-preview:-1"},"canonical":"https:\/\/www.tibum.pl\/shop\/produkt\/tata-buduje-namiot","og_locale":"pl_PL","og_type":"article","og_title":"\"Tata buduje namiot\", Kinga Rofusz, Nora Majoros, 14 kart narracyjnych - Tibum Wydawnictwo Kamishibai - Papierowy Teatr","og_description":"ksi\u0105\u017cka kamishibai w formie ilustrowanych kart narracyjnych do teatrzyku drewnianego  Tytu\u0142: \"Tata buduje namiot\"  Tekst: Nora Majoros   Ilustracje: Kinga Rofusz   ISBN: 78-83-961120-6-4   bajka terapeutyczna","og_url":"https:\/\/www.tibum.pl\/shop\/produkt\/tata-buduje-namiot","og_site_name":"Tibum Wydawnictwo Kamishibai - Papierowy Teatr","article_publisher":"https:\/\/www.facebook.com\/PapierowyTeatr","article_modified_time":"2025-11-24T10:08:01+00:00","og_image":[{"width":760,"height":541,"url":"https:\/\/www.tibum.pl\/shop\/wp-content\/uploads\/okladka.jpg","type":"image\/jpeg"}],"twitter_card":"summary_large_image","twitter_misc":{"Szacowany czas czytania":"1 minuta"},"schema":{"@context":"https:\/\/schema.org","@graph":[{"@type":"WebPage","@id":"https:\/\/www.tibum.pl\/shop\/produkt\/tata-buduje-namiot","url":"https:\/\/www.tibum.pl\/shop\/produkt\/tata-buduje-namiot","name":"\"Tata buduje namiot\", Kinga Rofusz, Nora Majoros, 14 kart narracyjnych - Tibum Wydawnictwo Kamishibai - Papierowy Teatr","isPartOf":{"@id":"https:\/\/www.tibum.pl\/shop\/#website"},"primaryImageOfPage":{"@id":"https:\/\/www.tibum.pl\/shop\/produkt\/tata-buduje-namiot#primaryimage"},"image":{"@id":"https:\/\/www.tibum.pl\/shop\/produkt\/tata-buduje-namiot#primaryimage"},"thumbnailUrl":"https:\/\/www.tibum.pl\/shop\/wp-content\/uploads\/okladka.jpg","datePublished":"2023-05-30T12:28:01+00:00","dateModified":"2025-11-24T10:08:01+00:00","breadcrumb":{"@id":"https:\/\/www.tibum.pl\/shop\/produkt\/tata-buduje-namiot#breadcrumb"},"inLanguage":"pl-PL","potentialAction":[{"@type":"ReadAction","target":["https:\/\/www.tibum.pl\/shop\/produkt\/tata-buduje-namiot"]}]},{"@type":"ImageObject","inLanguage":"pl-PL","@id":"https:\/\/www.tibum.pl\/shop\/produkt\/tata-buduje-namiot#primaryimage","url":"https:\/\/www.tibum.pl\/shop\/wp-content\/uploads\/okladka.jpg","contentUrl":"https:\/\/www.tibum.pl\/shop\/wp-content\/uploads\/okladka.jpg","width":760,"height":541},{"@type":"BreadcrumbList","@id":"https:\/\/www.tibum.pl\/shop\/produkt\/tata-buduje-namiot#breadcrumb","itemListElement":[{"@type":"ListItem","position":1,"name":"Home","item":"https:\/\/www.tibum.pl\/shop\/"},{"@type":"ListItem","position":2,"name":"Sklep","item":"https:\/\/www.tibum.pl\/shop\/sklep"},{"@type":"ListItem","position":3,"name":"&#8222;Tata buduje namiot&#8221;, Kinga Rofusz, Nora Majoros, 14 kart narracyjnych"}]},{"@type":"WebSite","@id":"https:\/\/www.tibum.pl\/shop\/#website","url":"https:\/\/www.tibum.pl\/shop\/","name":"Tibum Wydawnictwo Kamishibai - Papierowy Teatr","description":"wydawca ksi\u0105\u017cek i bajek obrazkowych kamishibai","potentialAction":[{"@type":"SearchAction","target":{"@type":"EntryPoint","urlTemplate":"https:\/\/www.tibum.pl\/shop\/?s={search_term_string}"},"query-input":{"@type":"PropertyValueSpecification","valueRequired":true,"valueName":"search_term_string"}}],"inLanguage":"pl-PL"}]}},"_links":{"self":[{"href":"https:\/\/www.tibum.pl\/shop\/wp-json\/wp\/v2\/product\/21227","targetHints":{"allow":["GET"]}}],"collection":[{"href":"https:\/\/www.tibum.pl\/shop\/wp-json\/wp\/v2\/product"}],"about":[{"href":"https:\/\/www.tibum.pl\/shop\/wp-json\/wp\/v2\/types\/product"}],"wp:featuredmedia":[{"embeddable":true,"href":"https:\/\/www.tibum.pl\/shop\/wp-json\/wp\/v2\/media\/21228"}],"wp:attachment":[{"href":"https:\/\/www.tibum.pl\/shop\/wp-json\/wp\/v2\/media?parent=21227"}],"wp:term":[{"taxonomy":"product_brand","embeddable":true,"href":"https:\/\/www.tibum.pl\/shop\/wp-json\/wp\/v2\/product_brand?post=21227"},{"taxonomy":"product_cat","embeddable":true,"href":"https:\/\/www.tibum.pl\/shop\/wp-json\/wp\/v2\/product_cat?post=21227"},{"taxonomy":"product_tag","embeddable":true,"href":"https:\/\/www.tibum.pl\/shop\/wp-json\/wp\/v2\/product_tag?post=21227"}],"curies":[{"name":"wp","href":"https:\/\/api.w.org\/{rel}","templated":true}]}}