{"id":21306,"date":"2023-06-28T11:29:23","date_gmt":"2023-06-28T09:29:23","guid":{"rendered":"https:\/\/www.tibum.pl\/shop\/?post_type=product&#038;p=21306"},"modified":"2025-11-19T22:04:03","modified_gmt":"2025-11-19T21:04:03","slug":"karty-radosnego-serca","status":"publish","type":"product","link":"https:\/\/www.tibum.pl\/shop\/produkt\/karty-radosnego-serca","title":{"rendered":"Karty Radosnego Serca, karty metaforyczne"},"content":{"rendered":"<article>\n<div style=\"text-align: left;\">\n<p><strong><cite>Karty Radosnego Serca<\/cite><\/strong><\/p>\n<p><strong>Tekst: Martina Trimpin<\/strong><\/p>\n<p><strong>ISBN: 5901549903096<br \/>\n<\/strong><\/p>\n<p><em><strong><cite>Karty Radosnego Serca<\/cite><\/strong> <strong>czyli podskoki serca<\/strong><\/em><\/p>\n<p>Z\u0142y nastr\u00f3j? Nie ma mowy!<\/p>\n<p>B\u0105d\u017a raczej mi\u0142y i \u0142agodny dla samego siebie&#8230;<\/p>\n<p>Te kolorowe zwierz\u0105tka stworzone przez znan\u0105 ambasadork\u0119 szcz\u0119\u015bcia Martin\u0119 Trimpin wiedz\u0105 co tak naprawd\u0119 jest najwa\u017cniejsze: rado\u015b\u0107 z \u017cycia, mi\u0142o\u015b\u0107 i porz\u0105dna dawka entuzjazmu dla wszystkiego co robisz.<\/p>\n<p>Niech g\u0105sienica zarazi ci\u0119 swoim spokojem, a lew wzmocni twoj\u0105 pewno\u015b\u0107 siebie \u2013 ka\u017cde zwierz\u0105tko ma dla ciebie przes\u0142anie, kt\u00f3re ka\u017cdego dnia wyczaruje dla ciebie dobry nastr\u00f3j i poczucie lekko\u015bci.<\/p>\n<p>Te czterdzie\u015bci cztery karty inspiracji dadz\u0105 ci lekkiego kuksa\u0144ca, \u017ceby\u015b m\u00f3g\u0142 dokonywa\u0107 w swoim \u017cyciu ma\u0142ych cud\u00f3w, a dzi\u0119ki nim twoje serce podskoczy z rado\u015bci!<\/p>\n<p>Karty \u015bwietnie sprawdz\u0105 si\u0119 jako przyczynek do rozmowy z dzie\u0107mi na temat warto\u015bci, nastawienia i roli wyobra\u017ani w naszym \u017cyciu.<\/p>\n<blockquote><p>Zadaj sobie pytanie: &#8222;O czym powinienem pami\u0119ta\u0107 w swoim \u017cyciu?&#8221; albo &#8222;Jakie nastawienie jest dla mnie korzystne?&#8221;, a teraz przymknij oczy, skup si\u0119 na pytaniu, otw\u00f3rz oczy i poci\u0105gnij kart\u0119! Bingo! Z pewno\u015bci\u0105 jej przes\u0142anie sprawi, \u017ce poczujesz si\u0119 dobrze a do \u017cyciowych wyzwa\u0144 staniesz z rado\u015bci\u0105!<\/p>\n<p>&nbsp;<\/p><\/blockquote>\n<p><a href=\"https:\/\/www.tibum.pl\/shop\/produkt\/karty-pozytywnej-inspiracji\">Zobacz pierwsz\u0105 tali\u0119 kart Martiny Trimpin<\/a><\/p>\n<p>Dla dzieci od lat 6 -100<\/p>\n<\/div>\n<\/article>\n<article><\/article>\n<p>Wydawnictwo: Wydawnictwo Kos<br \/>\nWymiary: 60&#215;100 mm<\/p>\n<p>44 kart z instrukcj\u0105<\/p>\n<p>Rok wydania: 2023<br \/>\nOprawa: kartonowa koperta<\/p>\n<p>&nbsp;<\/p>\n<p style=\"font-size: small; font-weight: normal;\"><strong>Uwaga:<\/strong><br \/>\nZdj\u0119cia w galerii produktu mog\u0105 zawiera\u0107 inne przedmioty,\u00a0 kt\u00f3re s\u0105 osobno zamawianymi pozycjami.<\/p>\n<div id=\"s3gt_translate_tooltip_mini\" class=\"s3gt_translate_tooltip_mini_box\" style=\"background: initial !important; border: initial !important; border-radius: initial !important; border-spacing: initial !important; border-collapse: initial !important; direction: ltr !important; flex-direction: initial !important; font-weight: initial !important; height: initial !important; letter-spacing: initial !important; min-width: initial !important; max-width: initial !important; min-height: initial !important; max-height: initial !important; margin: auto !important; padding: initial !important; text-align: initial !important; width: initial !important; color: inherit !important; font-size: 13px !important; font-family: X-LocaleSpecific, sans-serif, Tahoma, Helvetica !important; line-height: 13px !important; vertical-align: top !important;\">\n<div id=\"s3gt_translate_tooltip_mini_logo\" class=\"s3gt_translate_tooltip_mini\" title=\"T\u0142umacz zaznaczony tekst\"><\/div>\n<div id=\"s3gt_translate_tooltip_mini_sound\" class=\"s3gt_translate_tooltip_mini\" title=\"Odtw\u00f3rz\"><\/div>\n<div id=\"s3gt_translate_tooltip_mini_copy\" class=\"s3gt_translate_tooltip_mini\" title=\"Kopiuj tekst do schowka\"><\/div>\n<\/div>\n","protected":false},"excerpt":{"rendered":"<p>karty intuicyjne dla dzieci<\/p>\n<p><strong>Tytu\u0142: &#8222;Karty Radosnego serca&#8221;<\/strong><\/p>\n<p><strong>Tekst: Martina Trinpin<\/strong><strong><br \/>\n<\/strong><\/p>\n<p>44 kart z instrukcj\u0105<\/p>\n<p>&nbsp;<\/p>\n","protected":false},"featured_media":21310,"template":"","meta":[],"product_brand":[],"product_cat":[41,18],"product_tag":[580,835,874,843,841,875,842,345,541,221],"class_list":{"0":"post-21306","1":"product","2":"type-product","3":"status-publish","4":"has-post-thumbnail","6":"product_cat-akcesoria-kamishibai","7":"product_cat-kamishibai","8":"product_tag-bajka-kamishibai","9":"product_tag-drewniany-teatrzyk","10":"product_tag-kart-metaforyczne","11":"product_tag-karty-do-zabawy","12":"product_tag-karty-intuicyjne","13":"product_tag-karty-pozytywnej-inspiracji","14":"product_tag-karty-storytelling","15":"product_tag-papierowy-teatr","16":"product_tag-teatrzyk-drewniany","17":"product_tag-tibum","18":"product_shipping_class-lekkie1","19":"description-off","21":"first","22":"instock","23":"taxable","24":"shipping-taxable","25":"purchasable","26":"product-type-simple"},"yoast_head":"<!-- This site is optimized with the Yoast SEO plugin v27.3 - https:\/\/yoast.com\/product\/yoast-seo-wordpress\/ -->\n<title>Karty Radosnego Serca, karty metaforyczne - Tibum Wydawnictwo Kamishibai - Papierowy Teatr<\/title>\n<meta name=\"robots\" content=\"index, follow, max-snippet:-1, max-image-preview:large, max-video-preview:-1\" \/>\n<link rel=\"canonical\" href=\"https:\/\/www.tibum.pl\/shop\/produkt\/karty-radosnego-serca\" \/>\n<meta property=\"og:locale\" content=\"pl_PL\" \/>\n<meta property=\"og:type\" content=\"article\" \/>\n<meta property=\"og:title\" content=\"Karty Radosnego Serca, karty metaforyczne - Tibum Wydawnictwo Kamishibai - Papierowy Teatr\" \/>\n<meta property=\"og:description\" content=\"karty intuicyjne dla dzieci  Tytu\u0142: &quot;Karty Radosnego serca&quot;  Tekst: Martina Trinpin   44 kart z instrukcj\u0105  &nbsp;\" \/>\n<meta property=\"og:url\" content=\"https:\/\/www.tibum.pl\/shop\/produkt\/karty-radosnego-serca\" \/>\n<meta property=\"og:site_name\" content=\"Tibum Wydawnictwo Kamishibai - Papierowy Teatr\" \/>\n<meta property=\"article:publisher\" content=\"https:\/\/www.facebook.com\/PapierowyTeatr\" \/>\n<meta property=\"article:modified_time\" content=\"2025-11-19T21:04:03+00:00\" \/>\n<meta property=\"og:image\" content=\"https:\/\/www.tibum.pl\/shop\/wp-content\/uploads\/Karty_Radosnego_Serca_3d2.png\" \/>\n\t<meta property=\"og:image:width\" content=\"1000\" \/>\n\t<meta property=\"og:image:height\" content=\"1000\" \/>\n\t<meta property=\"og:image:type\" content=\"image\/png\" \/>\n<meta name=\"twitter:card\" content=\"summary_large_image\" \/>\n<meta name=\"twitter:label1\" content=\"Szacowany czas czytania\" \/>\n\t<meta name=\"twitter:data1\" content=\"1 minuta\" \/>\n<script type=\"application\/ld+json\" class=\"yoast-schema-graph\">{\"@context\":\"https:\\\/\\\/schema.org\",\"@graph\":[{\"@type\":\"WebPage\",\"@id\":\"https:\\\/\\\/www.tibum.pl\\\/shop\\\/produkt\\\/karty-radosnego-serca\",\"url\":\"https:\\\/\\\/www.tibum.pl\\\/shop\\\/produkt\\\/karty-radosnego-serca\",\"name\":\"Karty Radosnego Serca, karty metaforyczne - Tibum Wydawnictwo Kamishibai - Papierowy Teatr\",\"isPartOf\":{\"@id\":\"https:\\\/\\\/www.tibum.pl\\\/shop\\\/#website\"},\"primaryImageOfPage\":{\"@id\":\"https:\\\/\\\/www.tibum.pl\\\/shop\\\/produkt\\\/karty-radosnego-serca#primaryimage\"},\"image\":{\"@id\":\"https:\\\/\\\/www.tibum.pl\\\/shop\\\/produkt\\\/karty-radosnego-serca#primaryimage\"},\"thumbnailUrl\":\"https:\\\/\\\/www.tibum.pl\\\/shop\\\/wp-content\\\/uploads\\\/Karty_Radosnego_Serca_3d2.png\",\"datePublished\":\"2023-06-28T09:29:23+00:00\",\"dateModified\":\"2025-11-19T21:04:03+00:00\",\"breadcrumb\":{\"@id\":\"https:\\\/\\\/www.tibum.pl\\\/shop\\\/produkt\\\/karty-radosnego-serca#breadcrumb\"},\"inLanguage\":\"pl-PL\",\"potentialAction\":[{\"@type\":\"ReadAction\",\"target\":[\"https:\\\/\\\/www.tibum.pl\\\/shop\\\/produkt\\\/karty-radosnego-serca\"]}]},{\"@type\":\"ImageObject\",\"inLanguage\":\"pl-PL\",\"@id\":\"https:\\\/\\\/www.tibum.pl\\\/shop\\\/produkt\\\/karty-radosnego-serca#primaryimage\",\"url\":\"https:\\\/\\\/www.tibum.pl\\\/shop\\\/wp-content\\\/uploads\\\/Karty_Radosnego_Serca_3d2.png\",\"contentUrl\":\"https:\\\/\\\/www.tibum.pl\\\/shop\\\/wp-content\\\/uploads\\\/Karty_Radosnego_Serca_3d2.png\",\"width\":1000,\"height\":1000},{\"@type\":\"BreadcrumbList\",\"@id\":\"https:\\\/\\\/www.tibum.pl\\\/shop\\\/produkt\\\/karty-radosnego-serca#breadcrumb\",\"itemListElement\":[{\"@type\":\"ListItem\",\"position\":1,\"name\":\"Home\",\"item\":\"https:\\\/\\\/www.tibum.pl\\\/shop\\\/\"},{\"@type\":\"ListItem\",\"position\":2,\"name\":\"Sklep\",\"item\":\"https:\\\/\\\/www.tibum.pl\\\/shop\\\/sklep\"},{\"@type\":\"ListItem\",\"position\":3,\"name\":\"Karty Radosnego Serca, karty metaforyczne\"}]},{\"@type\":\"WebSite\",\"@id\":\"https:\\\/\\\/www.tibum.pl\\\/shop\\\/#website\",\"url\":\"https:\\\/\\\/www.tibum.pl\\\/shop\\\/\",\"name\":\"Tibum Wydawnictwo Kamishibai - Papierowy Teatr\",\"description\":\"wydawca ksi\u0105\u017cek i bajek obrazkowych kamishibai\",\"potentialAction\":[{\"@type\":\"SearchAction\",\"target\":{\"@type\":\"EntryPoint\",\"urlTemplate\":\"https:\\\/\\\/www.tibum.pl\\\/shop\\\/?s={search_term_string}\"},\"query-input\":{\"@type\":\"PropertyValueSpecification\",\"valueRequired\":true,\"valueName\":\"search_term_string\"}}],\"inLanguage\":\"pl-PL\"}]}<\/script>\n<!-- \/ Yoast SEO plugin. -->","yoast_head_json":{"title":"Karty Radosnego Serca, karty metaforyczne - Tibum Wydawnictwo Kamishibai - Papierowy Teatr","robots":{"index":"index","follow":"follow","max-snippet":"max-snippet:-1","max-image-preview":"max-image-preview:large","max-video-preview":"max-video-preview:-1"},"canonical":"https:\/\/www.tibum.pl\/shop\/produkt\/karty-radosnego-serca","og_locale":"pl_PL","og_type":"article","og_title":"Karty Radosnego Serca, karty metaforyczne - Tibum Wydawnictwo Kamishibai - Papierowy Teatr","og_description":"karty intuicyjne dla dzieci  Tytu\u0142: \"Karty Radosnego serca\"  Tekst: Martina Trinpin   44 kart z instrukcj\u0105  &nbsp;","og_url":"https:\/\/www.tibum.pl\/shop\/produkt\/karty-radosnego-serca","og_site_name":"Tibum Wydawnictwo Kamishibai - Papierowy Teatr","article_publisher":"https:\/\/www.facebook.com\/PapierowyTeatr","article_modified_time":"2025-11-19T21:04:03+00:00","og_image":[{"width":1000,"height":1000,"url":"https:\/\/www.tibum.pl\/shop\/wp-content\/uploads\/Karty_Radosnego_Serca_3d2.png","type":"image\/png"}],"twitter_card":"summary_large_image","twitter_misc":{"Szacowany czas czytania":"1 minuta"},"schema":{"@context":"https:\/\/schema.org","@graph":[{"@type":"WebPage","@id":"https:\/\/www.tibum.pl\/shop\/produkt\/karty-radosnego-serca","url":"https:\/\/www.tibum.pl\/shop\/produkt\/karty-radosnego-serca","name":"Karty Radosnego Serca, karty metaforyczne - Tibum Wydawnictwo Kamishibai - Papierowy Teatr","isPartOf":{"@id":"https:\/\/www.tibum.pl\/shop\/#website"},"primaryImageOfPage":{"@id":"https:\/\/www.tibum.pl\/shop\/produkt\/karty-radosnego-serca#primaryimage"},"image":{"@id":"https:\/\/www.tibum.pl\/shop\/produkt\/karty-radosnego-serca#primaryimage"},"thumbnailUrl":"https:\/\/www.tibum.pl\/shop\/wp-content\/uploads\/Karty_Radosnego_Serca_3d2.png","datePublished":"2023-06-28T09:29:23+00:00","dateModified":"2025-11-19T21:04:03+00:00","breadcrumb":{"@id":"https:\/\/www.tibum.pl\/shop\/produkt\/karty-radosnego-serca#breadcrumb"},"inLanguage":"pl-PL","potentialAction":[{"@type":"ReadAction","target":["https:\/\/www.tibum.pl\/shop\/produkt\/karty-radosnego-serca"]}]},{"@type":"ImageObject","inLanguage":"pl-PL","@id":"https:\/\/www.tibum.pl\/shop\/produkt\/karty-radosnego-serca#primaryimage","url":"https:\/\/www.tibum.pl\/shop\/wp-content\/uploads\/Karty_Radosnego_Serca_3d2.png","contentUrl":"https:\/\/www.tibum.pl\/shop\/wp-content\/uploads\/Karty_Radosnego_Serca_3d2.png","width":1000,"height":1000},{"@type":"BreadcrumbList","@id":"https:\/\/www.tibum.pl\/shop\/produkt\/karty-radosnego-serca#breadcrumb","itemListElement":[{"@type":"ListItem","position":1,"name":"Home","item":"https:\/\/www.tibum.pl\/shop\/"},{"@type":"ListItem","position":2,"name":"Sklep","item":"https:\/\/www.tibum.pl\/shop\/sklep"},{"@type":"ListItem","position":3,"name":"Karty Radosnego Serca, karty metaforyczne"}]},{"@type":"WebSite","@id":"https:\/\/www.tibum.pl\/shop\/#website","url":"https:\/\/www.tibum.pl\/shop\/","name":"Tibum Wydawnictwo Kamishibai - Papierowy Teatr","description":"wydawca ksi\u0105\u017cek i bajek obrazkowych kamishibai","potentialAction":[{"@type":"SearchAction","target":{"@type":"EntryPoint","urlTemplate":"https:\/\/www.tibum.pl\/shop\/?s={search_term_string}"},"query-input":{"@type":"PropertyValueSpecification","valueRequired":true,"valueName":"search_term_string"}}],"inLanguage":"pl-PL"}]}},"_links":{"self":[{"href":"https:\/\/www.tibum.pl\/shop\/wp-json\/wp\/v2\/product\/21306","targetHints":{"allow":["GET"]}}],"collection":[{"href":"https:\/\/www.tibum.pl\/shop\/wp-json\/wp\/v2\/product"}],"about":[{"href":"https:\/\/www.tibum.pl\/shop\/wp-json\/wp\/v2\/types\/product"}],"wp:featuredmedia":[{"embeddable":true,"href":"https:\/\/www.tibum.pl\/shop\/wp-json\/wp\/v2\/media\/21310"}],"wp:attachment":[{"href":"https:\/\/www.tibum.pl\/shop\/wp-json\/wp\/v2\/media?parent=21306"}],"wp:term":[{"taxonomy":"product_brand","embeddable":true,"href":"https:\/\/www.tibum.pl\/shop\/wp-json\/wp\/v2\/product_brand?post=21306"},{"taxonomy":"product_cat","embeddable":true,"href":"https:\/\/www.tibum.pl\/shop\/wp-json\/wp\/v2\/product_cat?post=21306"},{"taxonomy":"product_tag","embeddable":true,"href":"https:\/\/www.tibum.pl\/shop\/wp-json\/wp\/v2\/product_tag?post=21306"}],"curies":[{"name":"wp","href":"https:\/\/api.w.org\/{rel}","templated":true}]}}