{"id":21585,"date":"2020-10-22T20:28:15","date_gmt":"2020-10-22T18:28:15","guid":{"rendered":"https:\/\/www.tibum.pl\/shop\/?post_type=product&#038;p=21585"},"modified":"2026-03-17T09:01:15","modified_gmt":"2026-03-17T08:01:15","slug":"wiez-z-przyroda-online-26-03-2026","status":"publish","type":"product","link":"https:\/\/www.tibum.pl\/shop\/produkt\/wiez-z-przyroda-online-26-03-2026","title":{"rendered":"Wi\u0119\u017a z Przyrod\u0105 i g\u0142\u0119boki relaks online 26.03.2026"},"content":{"rendered":"<div class=\"wpb-content-wrapper\"><p>[vc_row][vc_column][vc_column_text css=&#8221;&#8221;]<\/p>\n<div class=\"tribe-events-single-event-description tribe-events-content\">\n<div class=\"tribe-events-schedule tribe-clearfix\">\n<h2>Szkolenie Wi\u0119\u017a z Przyrod\u0105 i g\u0142\u0119boki relaks<\/h2>\n<h2><span class=\"tribe-event-date-start\"><span style=\"vertical-align: inherit;\"><span style=\"vertical-align: inherit;\">26.03.2026 17:00<\/span><\/span><\/span><span style=\"vertical-align: inherit;\"><span style=\"vertical-align: inherit;\"> &#8211; <\/span><\/span><span class=\"tribe-event-time\"><span style=\"vertical-align: inherit;\"><span style=\"vertical-align: inherit;\">20:00<\/span><\/span><\/span><\/h2>\n<p><strong>prowadzi: Zofia Pi\u0105tkowska<\/strong><\/p>\n<\/div>\n<p><strong>SZKOLENIE ONLINE &#8211; na \u017cywo, platforma ZOOM<br \/>\n<\/strong><\/p>\n<p><strong>Zapisy: 607974977, biuro@tibum.pl<\/strong><\/p>\n<p>Ilo\u015b\u0107 miejsc ograniczona<\/p>\n<\/div>\n<div class=\"tribe-events-single-event-description tribe-events-content\">\n<div class=\"wp-block-column is-layout-flow\"><\/div>\n<h3 data-start=\"471\" data-end=\"550\"><strong data-start=\"475\" data-end=\"550\">Wi\u0119\u017a z Przyrod\u0105 \u2013 jak natura wspiera wychowanie i dobrostan nauczyciela<\/strong><\/h3>\n<p data-start=\"552\" data-end=\"675\">To nie jest \u201ekolejne szkolenie o lesie\u201d.<br data-start=\"592\" data-end=\"595\" \/>To <strong data-start=\"598\" data-end=\"624\">zaproszenie do powrotu<\/strong> \u2014 do siebie, do relacji, do tego, co naprawd\u0119 \u017cywe.<\/p>\n<p data-start=\"677\" data-end=\"865\">W \u015bwiecie przebod\u017acowania, braku skupienia i wypalenia zawodowego, kontakt z Przyrod\u0105 przestaje by\u0107 luksusem \u2014 staje si\u0119 konieczno\u015bci\u0105.<br data-start=\"812\" data-end=\"815\" \/><strong data-start=\"815\" data-end=\"863\">Nie tylko dla dzieci, ale tak\u017ce dla nauczycieli.<\/strong><\/p>\n<p data-start=\"867\" data-end=\"1390\">Podczas tego szkolenia:<br data-start=\"890\" data-end=\"893\" \/>\ud83c\udf3f poznasz praktyczne sposoby w\u0142\u0105czania Przyrody do pracy wychowawczej i edukacyjnej,<br data-start=\"978\" data-end=\"981\" \/>\ud83c\udf3f zobaczysz, jak natura wspiera koncentracj\u0119, pami\u0119\u0107 i proces uczenia si\u0119,<br data-start=\"1056\" data-end=\"1059\" \/>\ud83c\udf3f dowiesz si\u0119, jak uwa\u017cne spotkania z Przyrod\u0105 mog\u0105 pom\u00f3c w problemach wychowawczych,<br data-start=\"1145\" data-end=\"1148\" \/>\ud83c\udf3f odkryjesz, jak k\u0105piele le\u015bne wp\u0142ywaj\u0105 na Tw\u00f3j m\u00f3zg, emocje i dobrostan,<br data-start=\"1222\" data-end=\"1225\" \/>\ud83c\udf3f do\u015bwiadczysz le\u015bnego mindfulness i nauczysz si\u0119 go przekazywa\u0107 innym,<br data-start=\"1297\" data-end=\"1300\" \/>\ud83c\udf3f us\u0142yszysz o <strong data-start=\"1315\" data-end=\"1337\">g\u0142\u0119bokiej ekologii<\/strong>, kt\u00f3ra leczy wi\u0119cej ni\u017c system edukacji przypuszcza.<\/p>\n<p data-start=\"1392\" data-end=\"1566\">\ud83d\udc9a Szkolenie dla nauczycieli, wychowawc\u00f3w, edukator\u00f3w i wszystkich, kt\u00f3rzy czuj\u0105, \u017ce <strong data-start=\"1485\" data-end=\"1566\">kontakt z Przyrod\u0105 mo\u017ce by\u0107 fundamentem wychowania i \u017ar\u00f3d\u0142em \u017cywej obecno\u015bci.<\/strong><\/p>\n<\/div>\n<p>Szkolenie certyfikowane.<\/p>\n<p>Szkolenie zgodne z certyfikacj\u0105 przewodnik\u00f3w K\u0105pieli Le\u015bnych (The Mindful Tourist)<\/p>\n<p>Materia\u0142y ze szkolenia w formie PDF.<\/p>\n<p>SZKOLENIE ONLINE \u2013 platforma ZOOM, na \u017cywo,\u00a0 ilo\u015b\u0107 miejsc ograniczona<\/p>\n<div class=\"tribe-events-single-event-description tribe-events-content\">\n<p><img decoding=\"async\" class=\"alignnone size-medium wp-image-22137\" src=\"https:\/\/www.tibum.pl\/shop\/wp-content\/uploads\/20230611_121231-1-333x250.jpg\" alt=\"wi\u0119\u017a z przyrod\u0105\" width=\"333\" height=\"250\" srcset=\"https:\/\/www.tibum.pl\/shop\/wp-content\/uploads\/20230611_121231-1-333x250.jpg 333w, https:\/\/www.tibum.pl\/shop\/wp-content\/uploads\/20230611_121231-1-scaled-640x480.jpg 640w, https:\/\/www.tibum.pl\/shop\/wp-content\/uploads\/20230611_121231-1-1024x768.jpg 1024w, https:\/\/www.tibum.pl\/shop\/wp-content\/uploads\/20230611_121231-1-200x150.jpg 200w, https:\/\/www.tibum.pl\/shop\/wp-content\/uploads\/20230611_121231-1-768x576.jpg 768w, https:\/\/www.tibum.pl\/shop\/wp-content\/uploads\/20230611_121231-1-1536x1152.jpg 1536w, https:\/\/www.tibum.pl\/shop\/wp-content\/uploads\/20230611_121231-1-2048x1536.jpg 2048w, https:\/\/www.tibum.pl\/shop\/wp-content\/uploads\/20230611_121231-1-30x23.jpg 30w, https:\/\/www.tibum.pl\/shop\/wp-content\/uploads\/20230611_121231-1-scaled.jpg 1365w\" sizes=\"(max-width: 333px) 100vw, 333px\" \/><\/p>\n<\/div>\n<p><strong>5 \u015bcie\u017cek jednoczenia si\u0119 z natur\u0105:<\/strong><\/p>\n<ul>\n<li>Zmys\u0142y: \u015bwiadomo\u015b\u0107 zmys\u0142owa, zmys\u0142owa percepcja rzeczywisto\u015bci, zanurzenie si\u0119 w tym co Jest.<\/li>\n<li>Emocje: rozpoznanie cia\u0142a jako \u017ar\u00f3d\u0142a informacji o naszym samopoczuciu, docenienie go i zaopiekowanie si\u0119 nim.<\/li>\n<li>Pi\u0119kno: umiej\u0119tno\u015b\u0107 dostrzegania Pi\u0119kna w tym co Jest, w chwili obecnej, w tym co ulotne i przemijaj\u0105ce, w tym co Pi\u0119kne dla nas.<\/li>\n<li>Znaczenia: Osobiste historie, mity i legendy, znaczenie symboliczne lasu i drzewa oraz innych element\u00f3w Przyrody, opowie\u015bci i ba\u015bni, \u015bwi\u0119ta zwi\u0105zane z cyklem rocznym.<\/li>\n<li>Wsp\u00f3\u0142czucie: poj\u0119cie empatii, wsp\u00f3\u0142odczuwania, \u015bwiadomo\u015b\u0107 wsp\u00f3lnego nam losu na poziomie indywidualnym, wsp\u00f3lnotowym i szerszym.<\/li>\n<\/ul>\n<p>Wi\u0119cej na temat Wi\u0119zi z Przyrod\u0105, K\u0105pieli Le\u015bnych i Mindfulness na : www.poczujprzyrode.pl<\/p>\n<div class=\"tribe-events-single-event-description tribe-events-content\">\n<p><a href=\"https:\/\/kamishibai.pl\/kapiele-lesne\/\">WI\u0118CEJ O SZKOLENIU<\/a><\/p>\n<\/div>\n<p>[\/vc_column_text][\/vc_column][\/vc_row]<\/p>\n<\/div>","protected":false},"excerpt":{"rendered":"<header class=\"tribe-events-calendar-list__event-header\"><\/header>\n<div class=\"tribe-events-calendar-list__event-description tribe-common-b2 tribe-common-a11y-hidden\"><\/div>\n<div class=\"tribe-events-c-small-cta tribe-common-b3 tribe-events-calendar-list__event-cost\">\n<div class=\"tribe-events-calendar-list__event-description tribe-common-b2 tribe-common-a11y-hidden\">\n<p>Aby zapisa\u0107 si\u0119 na szkolenie \u2013 kup bilet<\/p>\n<p>Ilo\u015b\u0107 miejsc ograniczona.<\/p>\n<p>160 z\u0142.<\/p>\n<\/div>\n<\/div>\n","protected":false},"featured_media":22085,"template":"","meta":[],"product_brand":[],"product_cat":[859],"product_tag":[854,853],"class_list":{"0":"post-21585","1":"product","2":"type-product","3":"status-publish","4":"has-post-thumbnail","6":"product_cat-online","7":"product_tag-kapiel-lesna","8":"product_tag-wiez-z-przyroda","9":"description-off","11":"first","12":"instock","13":"featured","14":"virtual","15":"taxable","16":"purchasable","17":"product-type-simple"},"yoast_head":"<!-- This site is optimized with the Yoast SEO plugin v27.3 - https:\/\/yoast.com\/product\/yoast-seo-wordpress\/ -->\n<title>Wi\u0119\u017a z Przyrod\u0105 i g\u0142\u0119boki relaks online 26.03.2026 - Tibum Wydawnictwo Kamishibai - Papierowy Teatr<\/title>\n<meta name=\"robots\" content=\"index, follow, max-snippet:-1, max-image-preview:large, max-video-preview:-1\" \/>\n<link rel=\"canonical\" href=\"https:\/\/www.tibum.pl\/shop\/produkt\/wiez-z-przyroda-online-26-03-2026\" \/>\n<meta property=\"og:locale\" content=\"pl_PL\" \/>\n<meta property=\"og:type\" content=\"article\" \/>\n<meta property=\"og:title\" content=\"Wi\u0119\u017a z Przyrod\u0105 i g\u0142\u0119boki relaks online 26.03.2026 - Tibum Wydawnictwo Kamishibai - Papierowy Teatr\" \/>\n<meta property=\"og:description\" content=\"Aby zapisa\u0107 si\u0119 na szkolenie \u2013 kup bilet  Ilo\u015b\u0107 miejsc ograniczona.  160 z\u0142.\" \/>\n<meta property=\"og:url\" content=\"https:\/\/www.tibum.pl\/shop\/produkt\/wiez-z-przyroda-online-26-03-2026\" \/>\n<meta property=\"og:site_name\" content=\"Tibum Wydawnictwo Kamishibai - Papierowy Teatr\" \/>\n<meta property=\"article:publisher\" content=\"https:\/\/www.facebook.com\/PapierowyTeatr\" \/>\n<meta property=\"article:modified_time\" content=\"2026-03-17T08:01:15+00:00\" \/>\n<meta property=\"og:image\" content=\"https:\/\/www.tibum.pl\/shop\/wp-content\/uploads\/Szkolenie-wiez.jpg\" \/>\n\t<meta property=\"og:image:width\" content=\"1024\" \/>\n\t<meta property=\"og:image:height\" content=\"1024\" \/>\n\t<meta property=\"og:image:type\" content=\"image\/jpeg\" \/>\n<meta name=\"twitter:card\" content=\"summary_large_image\" \/>\n<meta name=\"twitter:label1\" content=\"Szacowany czas czytania\" \/>\n\t<meta name=\"twitter:data1\" content=\"3 minuty\" \/>\n<script type=\"application\/ld+json\" class=\"yoast-schema-graph\">{\"@context\":\"https:\\\/\\\/schema.org\",\"@graph\":[{\"@type\":\"WebPage\",\"@id\":\"https:\\\/\\\/www.tibum.pl\\\/shop\\\/produkt\\\/wiez-z-przyroda-online-26-03-2026\",\"url\":\"https:\\\/\\\/www.tibum.pl\\\/shop\\\/produkt\\\/wiez-z-przyroda-online-26-03-2026\",\"name\":\"Wi\u0119\u017a z Przyrod\u0105 i g\u0142\u0119boki relaks online 26.03.2026 - Tibum Wydawnictwo Kamishibai - Papierowy Teatr\",\"isPartOf\":{\"@id\":\"https:\\\/\\\/www.tibum.pl\\\/shop\\\/#website\"},\"primaryImageOfPage\":{\"@id\":\"https:\\\/\\\/www.tibum.pl\\\/shop\\\/produkt\\\/wiez-z-przyroda-online-26-03-2026#primaryimage\"},\"image\":{\"@id\":\"https:\\\/\\\/www.tibum.pl\\\/shop\\\/produkt\\\/wiez-z-przyroda-online-26-03-2026#primaryimage\"},\"thumbnailUrl\":\"https:\\\/\\\/www.tibum.pl\\\/shop\\\/wp-content\\\/uploads\\\/Szkolenie-wiez.jpg\",\"datePublished\":\"2020-10-22T18:28:15+00:00\",\"dateModified\":\"2026-03-17T08:01:15+00:00\",\"breadcrumb\":{\"@id\":\"https:\\\/\\\/www.tibum.pl\\\/shop\\\/produkt\\\/wiez-z-przyroda-online-26-03-2026#breadcrumb\"},\"inLanguage\":\"pl-PL\",\"potentialAction\":[{\"@type\":\"ReadAction\",\"target\":[\"https:\\\/\\\/www.tibum.pl\\\/shop\\\/produkt\\\/wiez-z-przyroda-online-26-03-2026\"]}]},{\"@type\":\"ImageObject\",\"inLanguage\":\"pl-PL\",\"@id\":\"https:\\\/\\\/www.tibum.pl\\\/shop\\\/produkt\\\/wiez-z-przyroda-online-26-03-2026#primaryimage\",\"url\":\"https:\\\/\\\/www.tibum.pl\\\/shop\\\/wp-content\\\/uploads\\\/Szkolenie-wiez.jpg\",\"contentUrl\":\"https:\\\/\\\/www.tibum.pl\\\/shop\\\/wp-content\\\/uploads\\\/Szkolenie-wiez.jpg\",\"width\":1024,\"height\":1024,\"caption\":\"szkolenie wi\u0119\u017a z przyrod\u0105\"},{\"@type\":\"BreadcrumbList\",\"@id\":\"https:\\\/\\\/www.tibum.pl\\\/shop\\\/produkt\\\/wiez-z-przyroda-online-26-03-2026#breadcrumb\",\"itemListElement\":[{\"@type\":\"ListItem\",\"position\":1,\"name\":\"Home\",\"item\":\"https:\\\/\\\/www.tibum.pl\\\/shop\\\/\"},{\"@type\":\"ListItem\",\"position\":2,\"name\":\"Sklep\",\"item\":\"https:\\\/\\\/www.tibum.pl\\\/shop\\\/sklep\"},{\"@type\":\"ListItem\",\"position\":3,\"name\":\"Wi\u0119\u017a z Przyrod\u0105 i g\u0142\u0119boki relaks online 26.03.2026\"}]},{\"@type\":\"WebSite\",\"@id\":\"https:\\\/\\\/www.tibum.pl\\\/shop\\\/#website\",\"url\":\"https:\\\/\\\/www.tibum.pl\\\/shop\\\/\",\"name\":\"Tibum Wydawnictwo Kamishibai - Papierowy Teatr\",\"description\":\"wydawca ksi\u0105\u017cek i bajek obrazkowych kamishibai\",\"potentialAction\":[{\"@type\":\"SearchAction\",\"target\":{\"@type\":\"EntryPoint\",\"urlTemplate\":\"https:\\\/\\\/www.tibum.pl\\\/shop\\\/?s={search_term_string}\"},\"query-input\":{\"@type\":\"PropertyValueSpecification\",\"valueRequired\":true,\"valueName\":\"search_term_string\"}}],\"inLanguage\":\"pl-PL\"}]}<\/script>\n<!-- \/ Yoast SEO plugin. -->","yoast_head_json":{"title":"Wi\u0119\u017a z Przyrod\u0105 i g\u0142\u0119boki relaks online 26.03.2026 - Tibum Wydawnictwo Kamishibai - Papierowy Teatr","robots":{"index":"index","follow":"follow","max-snippet":"max-snippet:-1","max-image-preview":"max-image-preview:large","max-video-preview":"max-video-preview:-1"},"canonical":"https:\/\/www.tibum.pl\/shop\/produkt\/wiez-z-przyroda-online-26-03-2026","og_locale":"pl_PL","og_type":"article","og_title":"Wi\u0119\u017a z Przyrod\u0105 i g\u0142\u0119boki relaks online 26.03.2026 - Tibum Wydawnictwo Kamishibai - Papierowy Teatr","og_description":"Aby zapisa\u0107 si\u0119 na szkolenie \u2013 kup bilet  Ilo\u015b\u0107 miejsc ograniczona.  160 z\u0142.","og_url":"https:\/\/www.tibum.pl\/shop\/produkt\/wiez-z-przyroda-online-26-03-2026","og_site_name":"Tibum Wydawnictwo Kamishibai - Papierowy Teatr","article_publisher":"https:\/\/www.facebook.com\/PapierowyTeatr","article_modified_time":"2026-03-17T08:01:15+00:00","og_image":[{"width":1024,"height":1024,"url":"https:\/\/www.tibum.pl\/shop\/wp-content\/uploads\/Szkolenie-wiez.jpg","type":"image\/jpeg"}],"twitter_card":"summary_large_image","twitter_misc":{"Szacowany czas czytania":"3 minuty"},"schema":{"@context":"https:\/\/schema.org","@graph":[{"@type":"WebPage","@id":"https:\/\/www.tibum.pl\/shop\/produkt\/wiez-z-przyroda-online-26-03-2026","url":"https:\/\/www.tibum.pl\/shop\/produkt\/wiez-z-przyroda-online-26-03-2026","name":"Wi\u0119\u017a z Przyrod\u0105 i g\u0142\u0119boki relaks online 26.03.2026 - Tibum Wydawnictwo Kamishibai - Papierowy Teatr","isPartOf":{"@id":"https:\/\/www.tibum.pl\/shop\/#website"},"primaryImageOfPage":{"@id":"https:\/\/www.tibum.pl\/shop\/produkt\/wiez-z-przyroda-online-26-03-2026#primaryimage"},"image":{"@id":"https:\/\/www.tibum.pl\/shop\/produkt\/wiez-z-przyroda-online-26-03-2026#primaryimage"},"thumbnailUrl":"https:\/\/www.tibum.pl\/shop\/wp-content\/uploads\/Szkolenie-wiez.jpg","datePublished":"2020-10-22T18:28:15+00:00","dateModified":"2026-03-17T08:01:15+00:00","breadcrumb":{"@id":"https:\/\/www.tibum.pl\/shop\/produkt\/wiez-z-przyroda-online-26-03-2026#breadcrumb"},"inLanguage":"pl-PL","potentialAction":[{"@type":"ReadAction","target":["https:\/\/www.tibum.pl\/shop\/produkt\/wiez-z-przyroda-online-26-03-2026"]}]},{"@type":"ImageObject","inLanguage":"pl-PL","@id":"https:\/\/www.tibum.pl\/shop\/produkt\/wiez-z-przyroda-online-26-03-2026#primaryimage","url":"https:\/\/www.tibum.pl\/shop\/wp-content\/uploads\/Szkolenie-wiez.jpg","contentUrl":"https:\/\/www.tibum.pl\/shop\/wp-content\/uploads\/Szkolenie-wiez.jpg","width":1024,"height":1024,"caption":"szkolenie wi\u0119\u017a z przyrod\u0105"},{"@type":"BreadcrumbList","@id":"https:\/\/www.tibum.pl\/shop\/produkt\/wiez-z-przyroda-online-26-03-2026#breadcrumb","itemListElement":[{"@type":"ListItem","position":1,"name":"Home","item":"https:\/\/www.tibum.pl\/shop\/"},{"@type":"ListItem","position":2,"name":"Sklep","item":"https:\/\/www.tibum.pl\/shop\/sklep"},{"@type":"ListItem","position":3,"name":"Wi\u0119\u017a z Przyrod\u0105 i g\u0142\u0119boki relaks online 26.03.2026"}]},{"@type":"WebSite","@id":"https:\/\/www.tibum.pl\/shop\/#website","url":"https:\/\/www.tibum.pl\/shop\/","name":"Tibum Wydawnictwo Kamishibai - Papierowy Teatr","description":"wydawca ksi\u0105\u017cek i bajek obrazkowych kamishibai","potentialAction":[{"@type":"SearchAction","target":{"@type":"EntryPoint","urlTemplate":"https:\/\/www.tibum.pl\/shop\/?s={search_term_string}"},"query-input":{"@type":"PropertyValueSpecification","valueRequired":true,"valueName":"search_term_string"}}],"inLanguage":"pl-PL"}]}},"_links":{"self":[{"href":"https:\/\/www.tibum.pl\/shop\/wp-json\/wp\/v2\/product\/21585","targetHints":{"allow":["GET"]}}],"collection":[{"href":"https:\/\/www.tibum.pl\/shop\/wp-json\/wp\/v2\/product"}],"about":[{"href":"https:\/\/www.tibum.pl\/shop\/wp-json\/wp\/v2\/types\/product"}],"wp:featuredmedia":[{"embeddable":true,"href":"https:\/\/www.tibum.pl\/shop\/wp-json\/wp\/v2\/media\/22085"}],"wp:attachment":[{"href":"https:\/\/www.tibum.pl\/shop\/wp-json\/wp\/v2\/media?parent=21585"}],"wp:term":[{"taxonomy":"product_brand","embeddable":true,"href":"https:\/\/www.tibum.pl\/shop\/wp-json\/wp\/v2\/product_brand?post=21585"},{"taxonomy":"product_cat","embeddable":true,"href":"https:\/\/www.tibum.pl\/shop\/wp-json\/wp\/v2\/product_cat?post=21585"},{"taxonomy":"product_tag","embeddable":true,"href":"https:\/\/www.tibum.pl\/shop\/wp-json\/wp\/v2\/product_tag?post=21585"}],"curies":[{"name":"wp","href":"https:\/\/api.w.org\/{rel}","templated":true}]}}