{"id":21972,"date":"2024-01-04T16:01:51","date_gmt":"2024-01-04T15:01:51","guid":{"rendered":"https:\/\/www.tibum.pl\/shop\/?post_type=product&#038;p=21972"},"modified":"2025-11-03T12:26:24","modified_gmt":"2025-11-03T11:26:24","slug":"kamelia","status":"publish","type":"product","link":"https:\/\/www.tibum.pl\/shop\/produkt\/kamelia","title":{"rendered":"&#8222;Kamelia&#8221;, Weronika \u017burowska, 18 kart narracyjnych"},"content":{"rendered":"<article>\n<div style=\"text-align: left;\">\n<p><strong>ksi\u0105\u017cka kamishibai<\/strong> w formie ilustrowanych kart narracyjnych do teatrzyku kamishibai<\/p>\n<p><strong>Tytu\u0142: &#8222;<em><cite>Kamelia&#8221;<\/cite><\/em><\/strong><\/p>\n<p><strong>Tekst i ilustracje : <a title=\"Weronika \u017burowska\" href=\"https:\/\/www.tibum.pl\/shop\/autorzy\/weronika-zurowska\">Weronika \u017burowska<\/a><\/strong><\/p>\n<p><strong><span dir=\"auto\" style=\"vertical-align: inherit;\"><span dir=\"auto\" style=\"vertical-align: inherit;\"><span dir=\"auto\" style=\"vertical-align: inherit;\"><span dir=\"auto\" style=\"vertical-align: inherit;\"><span dir=\"auto\" style=\"vertical-align: inherit;\"><span dir=\"auto\" style=\"vertical-align: inherit;\"><span dir=\"auto\" style=\"vertical-align: inherit;\"><span dir=\"auto\" style=\"vertical-align: inherit;\"><span dir=\"auto\" style=\"vertical-align: inherit;\"><span dir=\"auto\" style=\"vertical-align: inherit;\">ISBN: 78-83-961120-7-1<\/span><\/span><\/span><\/span><\/span><\/span><\/span><\/span><\/span><\/span><br \/>\n<\/strong><\/p>\n<p><span dir=\"auto\" style=\"vertical-align: inherit;\"><span dir=\"auto\" style=\"vertical-align: inherit;\"><span dir=\"auto\" style=\"vertical-align: inherit;\"><span dir=\"auto\" style=\"vertical-align: inherit;\"><span dir=\"auto\" style=\"vertical-align: inherit;\"><span dir=\"auto\" style=\"vertical-align: inherit;\"><span dir=\"auto\" style=\"vertical-align: inherit;\"><span dir=\"auto\" style=\"vertical-align: inherit;\"><span dir=\"auto\" style=\"vertical-align: inherit;\"><span dir=\"auto\" style=\"vertical-align: inherit;\">bajka kamishibai<\/span><\/span><\/span><\/span><\/span><\/span><\/span><\/span><\/span><\/span><\/p>\n<p>Inspiracj\u0105 bajki jest historia o dawnych, japo\u0144skich, w\u0119drownych aptekarzach przemieszczaj\u0105cych si\u0119 z wioski do wioski, do kolejnych pacjent\u00f3w. Ludzie ci zast\u0119powali lekarzy, mieli fachow\u0105 wiedz\u0119, byli bardzo honorowi &#8211; brali op\u0142aty za swoje us\u0142ugi tylko wtedy, je\u015bli pacjent zosta\u0142 wyleczony&#8230;<\/p>\n<p><strong>Historia o powo\u0142aniu, o wyj\u0105tkowym darze, kt\u00f3ry ka\u017cdy z nas posiada i o tym, \u017ce naszym obowi\u0105zkiem jest dzieli\u0107 si\u0119 nim z innymi. Kim staje si\u0119 tytu\u0142owa Kamelia \u2013 ogrodniczka kochaj\u0105ca sw\u00f3j wspania\u0142y ogr\u00f3d?<\/strong><\/p>\n<p>Opowie\u015b\u0107 ukazuje przypad\u0142o\u015bci charakterystyczne dla nas, ludzi w ci\u0105g\u0142ym poszukiwaniu siebie samych i sensu. Czy egocentryzm, pracoholizm, samotno\u015b\u0107 mo\u017cna uleczy\u0107? Jak to zrobi\u0107? Co zyskamy? Odkryjemy to w tej pi\u0119knej i m\u0105drej przypowie\u015bci. Kamelia \u2013 jej pi\u0119kno jest przede wszystkim wewn\u0119trzne, pewnie kruche i niedoskona\u0142e. Kamelia pokazuje nam i wszystkim, kt\u00f3rych spotyka na swojej drodze jak niewiele potrzeba aby znale\u017a\u0107 sw\u0105 drog\u0119. Dzi\u0119ki odkryciu naszych wyj\u0105tkowych umiej\u0119tno\u015bci mo\u017cemy odnale\u017a\u0107 siebie. Okazuje si\u0119 w\u00f3wczas jak bardzo jeste\u015bmy wa\u017cni dla innych a oni dla nas.<\/p>\n<p>Opowie\u015b\u0107 o subtelnych i delikatnych ilustracjach nawi\u0105zuj\u0105cych do japo\u0144skiej sztuki wycinanek kamikiri <span style=\"font-family: Arial Unicode MS;\">\u7d19\u5207\u308a<\/span>.<\/p>\n<p>Tak o swojej pracy nad ilustracjami m\u00f3wi sama autorka:<\/p>\n<blockquote><p>\u201e<em>Wszystkie kolorowe papiery, z kt\u00f3rych wycina\u0142am, poza naturaln\u0105 tektur\u0105, powsta\u0142y poprzez pomalowanie ich farb\u0105. Zanim wyci\u0119\u0142am element z kolorowego papieru, przygotowywa\u0142am jego prototyp wyci\u0119ty ze zwyk\u0142ego papieru. Kiedy kompozycja planszy u\u0142o\u017cona z bia\u0142ych prototyp\u00f3w mnie zadowala\u0142a, bra\u0142am si\u0119 za wycinanie form w papierze pomalowanym. Gotowe elementy przykleja\u0142am do planszy od spodu ta\u015bm\u0105 w taki spos\u00f3b, \u017ce delikatnie odstawa\u0142y od powierzchni planszy. Dzi\u0119ki temu tworzy\u0142 si\u0119 delikatny cie\u0144, kt\u00f3ry dodawa\u0142 kompozycji przestrzenno\u015bci.\u201d<\/em><\/p><\/blockquote>\n<p>&nbsp;<\/p>\n<h4 style=\"text-align: right;\"><a href=\"https:\/\/www.tibum.pl\/shop\/wp-content\/uploads\/Kamelia-scenariusz-zajec.pdf\">Kamelia &#8211; scenariusz zaj\u0119\u0107<\/a><\/h4>\n<p>Ksi\u0105\u017cka dla dzieci od lat 4<\/p>\n<\/div>\n<\/article>\n<p>Wydawnictwo: Wydawnictwo Tibum<br \/>\nWymiary: A3 (297\/420 mm)<br \/>\nLiczba kart: 18 (dwustronnych)<br \/>\nIlo\u015b\u0107 stron: 36 (tekst, ilustracje)<br \/>\nRok wydania: 2024<br \/>\nOprawa: kartonowa koperta<\/p>\n<p style=\"font-size: small; font-weight: normal;\"><strong>Uwaga:<\/strong><br \/>\nZdj\u0119cia w galerii produktu mog\u0105 zawiera\u0107 inne przedmioty np. ksi\u0105\u017cki, teatrzyki-parawany, kt\u00f3re s\u0105 osobno zamawianymi pozycjami<\/p>\n<div id=\"s3gt_translate_tooltip_mini\" class=\"s3gt_translate_tooltip_mini_box\" style=\"background: initial !important; border: initial !important; border-radius: initial !important; border-spacing: initial !important; border-collapse: initial !important; direction: ltr !important; flex-direction: initial !important; font-weight: initial !important; height: initial !important; letter-spacing: initial !important; min-width: initial !important; max-width: initial !important; min-height: initial !important; max-height: initial !important; margin: auto !important; padding: initial !important; text-align: initial !important; width: initial !important; color: inherit !important; font-size: 13px !important; font-family: X-LocaleSpecific, sans-serif, Tahoma, Helvetica !important; line-height: 13px !important; vertical-align: top !important;\">\n<div id=\"s3gt_translate_tooltip_mini_logo\" class=\"s3gt_translate_tooltip_mini\" title=\"T\u0142umacz zaznaczony tekst\"><\/div>\n<div id=\"s3gt_translate_tooltip_mini_sound\" class=\"s3gt_translate_tooltip_mini\" title=\"Odtw\u00f3rz\"><\/div>\n<div id=\"s3gt_translate_tooltip_mini_copy\" class=\"s3gt_translate_tooltip_mini\" title=\"Kopiuj tekst do schowka\"><\/div>\n<\/div>\n","protected":false},"excerpt":{"rendered":"<p>ksi\u0105\u017cka kamishibai w formie ilustrowanych kart narracyjnych do teatrzyku drewnianego<\/p>\n<p><strong>Tytu\u0142: &#8222;<cite>Kamelia<\/cite>&#8222;<\/strong><\/p>\n<p><strong>Tekst i ilustracje: <a title=\"Weronika \u017burowska\" href=\"https:\/\/www.tibum.pl\/shop\/autorzy\/weronika-zurowska\">Weronika \u017burowska<\/a><\/strong><\/p>\n<p><strong><span dir=\"auto\" style=\"vertical-align: inherit;\"><span dir=\"auto\" style=\"vertical-align: inherit;\"><span dir=\"auto\" style=\"vertical-align: inherit;\"><span dir=\"auto\" style=\"vertical-align: inherit;\"><span dir=\"auto\" style=\"vertical-align: inherit;\"><span dir=\"auto\" style=\"vertical-align: inherit;\"><span dir=\"auto\" style=\"vertical-align: inherit;\"><span dir=\"auto\" style=\"vertical-align: inherit;\"><span dir=\"auto\" style=\"vertical-align: inherit;\"><span dir=\"auto\" style=\"vertical-align: inherit;\">ISBN: 78-83-961120-7-1<\/span><\/span><\/span><\/span><\/span><\/span><\/span><\/span><\/span><\/span><br \/>\n<\/strong><\/p>\n<p><span dir=\"auto\" style=\"vertical-align: inherit;\"><span dir=\"auto\" style=\"vertical-align: inherit;\"><span dir=\"auto\" style=\"vertical-align: inherit;\"><span dir=\"auto\" style=\"vertical-align: inherit;\">bajka terapeutyczna<\/span><\/span><\/span><\/span><\/p>\n","protected":false},"featured_media":21976,"template":"","meta":[],"product_brand":[],"product_cat":[18,48],"product_tag":[580,822,918,910,572,541,221],"class_list":{"0":"post-21972","1":"product","2":"type-product","3":"status-publish","4":"has-post-thumbnail","6":"product_cat-kamishibai","7":"product_cat-karty-narracyjne-do-teatrzyku-kamishibai","8":"product_tag-bajka-kamishibai","9":"product_tag-bajka-terapeutyczna","10":"product_tag-japonia","11":"product_tag-ogrod","12":"product_tag-storytelling","13":"product_tag-teatrzyk-drewniany","14":"product_tag-tibum","15":"product_shipping_class-lekkie1","16":"description-off","18":"first","19":"instock","20":"featured","21":"taxable","22":"shipping-taxable","23":"purchasable","24":"product-type-simple"},"yoast_head":"<!-- This site is optimized with the Yoast SEO plugin v27.3 - https:\/\/yoast.com\/product\/yoast-seo-wordpress\/ -->\n<title>&quot;Kamelia&quot;, Weronika \u017burowska, 18 kart narracyjnych - Tibum Wydawnictwo Kamishibai - Papierowy Teatr<\/title>\n<meta name=\"robots\" content=\"index, follow, max-snippet:-1, max-image-preview:large, max-video-preview:-1\" \/>\n<link rel=\"canonical\" href=\"https:\/\/www.tibum.pl\/shop\/produkt\/kamelia\" \/>\n<meta property=\"og:locale\" content=\"pl_PL\" \/>\n<meta property=\"og:type\" content=\"article\" \/>\n<meta property=\"og:title\" content=\"&quot;Kamelia&quot;, Weronika \u017burowska, 18 kart narracyjnych - Tibum Wydawnictwo Kamishibai - Papierowy Teatr\" \/>\n<meta property=\"og:description\" content=\"ksi\u0105\u017cka kamishibai w formie ilustrowanych kart narracyjnych do teatrzyku drewnianego  Tytu\u0142: &quot;Kamelia&quot;  Tekst i ilustracje: Weronika \u017burowska  ISBN: 78-83-961120-7-1   bajka terapeutyczna\" \/>\n<meta property=\"og:url\" content=\"https:\/\/www.tibum.pl\/shop\/produkt\/kamelia\" \/>\n<meta property=\"og:site_name\" content=\"Tibum Wydawnictwo Kamishibai - Papierowy Teatr\" \/>\n<meta property=\"article:publisher\" content=\"https:\/\/www.facebook.com\/PapierowyTeatr\" \/>\n<meta property=\"article:modified_time\" content=\"2025-11-03T11:26:24+00:00\" \/>\n<meta property=\"og:image\" content=\"https:\/\/www.tibum.pl\/shop\/wp-content\/uploads\/kamelia_okladka.jpg\" \/>\n\t<meta property=\"og:image:width\" content=\"913\" \/>\n\t<meta property=\"og:image:height\" content=\"646\" \/>\n\t<meta property=\"og:image:type\" content=\"image\/jpeg\" \/>\n<meta name=\"twitter:card\" content=\"summary_large_image\" \/>\n<meta name=\"twitter:label1\" content=\"Szacowany czas czytania\" \/>\n\t<meta name=\"twitter:data1\" content=\"2 minuty\" \/>\n<script type=\"application\/ld+json\" class=\"yoast-schema-graph\">{\"@context\":\"https:\\\/\\\/schema.org\",\"@graph\":[{\"@type\":\"WebPage\",\"@id\":\"https:\\\/\\\/www.tibum.pl\\\/shop\\\/produkt\\\/kamelia\",\"url\":\"https:\\\/\\\/www.tibum.pl\\\/shop\\\/produkt\\\/kamelia\",\"name\":\"\\\"Kamelia\\\", Weronika \u017burowska, 18 kart narracyjnych - Tibum Wydawnictwo Kamishibai - Papierowy Teatr\",\"isPartOf\":{\"@id\":\"https:\\\/\\\/www.tibum.pl\\\/shop\\\/#website\"},\"primaryImageOfPage\":{\"@id\":\"https:\\\/\\\/www.tibum.pl\\\/shop\\\/produkt\\\/kamelia#primaryimage\"},\"image\":{\"@id\":\"https:\\\/\\\/www.tibum.pl\\\/shop\\\/produkt\\\/kamelia#primaryimage\"},\"thumbnailUrl\":\"https:\\\/\\\/www.tibum.pl\\\/shop\\\/wp-content\\\/uploads\\\/kamelia_okladka.jpg\",\"datePublished\":\"2024-01-04T15:01:51+00:00\",\"dateModified\":\"2025-11-03T11:26:24+00:00\",\"breadcrumb\":{\"@id\":\"https:\\\/\\\/www.tibum.pl\\\/shop\\\/produkt\\\/kamelia#breadcrumb\"},\"inLanguage\":\"pl-PL\",\"potentialAction\":[{\"@type\":\"ReadAction\",\"target\":[\"https:\\\/\\\/www.tibum.pl\\\/shop\\\/produkt\\\/kamelia\"]}]},{\"@type\":\"ImageObject\",\"inLanguage\":\"pl-PL\",\"@id\":\"https:\\\/\\\/www.tibum.pl\\\/shop\\\/produkt\\\/kamelia#primaryimage\",\"url\":\"https:\\\/\\\/www.tibum.pl\\\/shop\\\/wp-content\\\/uploads\\\/kamelia_okladka.jpg\",\"contentUrl\":\"https:\\\/\\\/www.tibum.pl\\\/shop\\\/wp-content\\\/uploads\\\/kamelia_okladka.jpg\",\"width\":913,\"height\":646,\"caption\":\"Kamelia\"},{\"@type\":\"BreadcrumbList\",\"@id\":\"https:\\\/\\\/www.tibum.pl\\\/shop\\\/produkt\\\/kamelia#breadcrumb\",\"itemListElement\":[{\"@type\":\"ListItem\",\"position\":1,\"name\":\"Home\",\"item\":\"https:\\\/\\\/www.tibum.pl\\\/shop\\\/\"},{\"@type\":\"ListItem\",\"position\":2,\"name\":\"Sklep\",\"item\":\"https:\\\/\\\/www.tibum.pl\\\/shop\\\/sklep\"},{\"@type\":\"ListItem\",\"position\":3,\"name\":\"&#8222;Kamelia&#8221;, Weronika \u017burowska, 18 kart narracyjnych\"}]},{\"@type\":\"WebSite\",\"@id\":\"https:\\\/\\\/www.tibum.pl\\\/shop\\\/#website\",\"url\":\"https:\\\/\\\/www.tibum.pl\\\/shop\\\/\",\"name\":\"Tibum Wydawnictwo Kamishibai - Papierowy Teatr\",\"description\":\"wydawca ksi\u0105\u017cek i bajek obrazkowych kamishibai\",\"potentialAction\":[{\"@type\":\"SearchAction\",\"target\":{\"@type\":\"EntryPoint\",\"urlTemplate\":\"https:\\\/\\\/www.tibum.pl\\\/shop\\\/?s={search_term_string}\"},\"query-input\":{\"@type\":\"PropertyValueSpecification\",\"valueRequired\":true,\"valueName\":\"search_term_string\"}}],\"inLanguage\":\"pl-PL\"}]}<\/script>\n<!-- \/ Yoast SEO plugin. -->","yoast_head_json":{"title":"\"Kamelia\", Weronika \u017burowska, 18 kart narracyjnych - Tibum Wydawnictwo Kamishibai - Papierowy Teatr","robots":{"index":"index","follow":"follow","max-snippet":"max-snippet:-1","max-image-preview":"max-image-preview:large","max-video-preview":"max-video-preview:-1"},"canonical":"https:\/\/www.tibum.pl\/shop\/produkt\/kamelia","og_locale":"pl_PL","og_type":"article","og_title":"\"Kamelia\", Weronika \u017burowska, 18 kart narracyjnych - Tibum Wydawnictwo Kamishibai - Papierowy Teatr","og_description":"ksi\u0105\u017cka kamishibai w formie ilustrowanych kart narracyjnych do teatrzyku drewnianego  Tytu\u0142: \"Kamelia\"  Tekst i ilustracje: Weronika \u017burowska  ISBN: 78-83-961120-7-1   bajka terapeutyczna","og_url":"https:\/\/www.tibum.pl\/shop\/produkt\/kamelia","og_site_name":"Tibum Wydawnictwo Kamishibai - Papierowy Teatr","article_publisher":"https:\/\/www.facebook.com\/PapierowyTeatr","article_modified_time":"2025-11-03T11:26:24+00:00","og_image":[{"width":913,"height":646,"url":"https:\/\/www.tibum.pl\/shop\/wp-content\/uploads\/kamelia_okladka.jpg","type":"image\/jpeg"}],"twitter_card":"summary_large_image","twitter_misc":{"Szacowany czas czytania":"2 minuty"},"schema":{"@context":"https:\/\/schema.org","@graph":[{"@type":"WebPage","@id":"https:\/\/www.tibum.pl\/shop\/produkt\/kamelia","url":"https:\/\/www.tibum.pl\/shop\/produkt\/kamelia","name":"\"Kamelia\", Weronika \u017burowska, 18 kart narracyjnych - Tibum Wydawnictwo Kamishibai - Papierowy Teatr","isPartOf":{"@id":"https:\/\/www.tibum.pl\/shop\/#website"},"primaryImageOfPage":{"@id":"https:\/\/www.tibum.pl\/shop\/produkt\/kamelia#primaryimage"},"image":{"@id":"https:\/\/www.tibum.pl\/shop\/produkt\/kamelia#primaryimage"},"thumbnailUrl":"https:\/\/www.tibum.pl\/shop\/wp-content\/uploads\/kamelia_okladka.jpg","datePublished":"2024-01-04T15:01:51+00:00","dateModified":"2025-11-03T11:26:24+00:00","breadcrumb":{"@id":"https:\/\/www.tibum.pl\/shop\/produkt\/kamelia#breadcrumb"},"inLanguage":"pl-PL","potentialAction":[{"@type":"ReadAction","target":["https:\/\/www.tibum.pl\/shop\/produkt\/kamelia"]}]},{"@type":"ImageObject","inLanguage":"pl-PL","@id":"https:\/\/www.tibum.pl\/shop\/produkt\/kamelia#primaryimage","url":"https:\/\/www.tibum.pl\/shop\/wp-content\/uploads\/kamelia_okladka.jpg","contentUrl":"https:\/\/www.tibum.pl\/shop\/wp-content\/uploads\/kamelia_okladka.jpg","width":913,"height":646,"caption":"Kamelia"},{"@type":"BreadcrumbList","@id":"https:\/\/www.tibum.pl\/shop\/produkt\/kamelia#breadcrumb","itemListElement":[{"@type":"ListItem","position":1,"name":"Home","item":"https:\/\/www.tibum.pl\/shop\/"},{"@type":"ListItem","position":2,"name":"Sklep","item":"https:\/\/www.tibum.pl\/shop\/sklep"},{"@type":"ListItem","position":3,"name":"&#8222;Kamelia&#8221;, Weronika \u017burowska, 18 kart narracyjnych"}]},{"@type":"WebSite","@id":"https:\/\/www.tibum.pl\/shop\/#website","url":"https:\/\/www.tibum.pl\/shop\/","name":"Tibum Wydawnictwo Kamishibai - Papierowy Teatr","description":"wydawca ksi\u0105\u017cek i bajek obrazkowych kamishibai","potentialAction":[{"@type":"SearchAction","target":{"@type":"EntryPoint","urlTemplate":"https:\/\/www.tibum.pl\/shop\/?s={search_term_string}"},"query-input":{"@type":"PropertyValueSpecification","valueRequired":true,"valueName":"search_term_string"}}],"inLanguage":"pl-PL"}]}},"_links":{"self":[{"href":"https:\/\/www.tibum.pl\/shop\/wp-json\/wp\/v2\/product\/21972","targetHints":{"allow":["GET"]}}],"collection":[{"href":"https:\/\/www.tibum.pl\/shop\/wp-json\/wp\/v2\/product"}],"about":[{"href":"https:\/\/www.tibum.pl\/shop\/wp-json\/wp\/v2\/types\/product"}],"wp:featuredmedia":[{"embeddable":true,"href":"https:\/\/www.tibum.pl\/shop\/wp-json\/wp\/v2\/media\/21976"}],"wp:attachment":[{"href":"https:\/\/www.tibum.pl\/shop\/wp-json\/wp\/v2\/media?parent=21972"}],"wp:term":[{"taxonomy":"product_brand","embeddable":true,"href":"https:\/\/www.tibum.pl\/shop\/wp-json\/wp\/v2\/product_brand?post=21972"},{"taxonomy":"product_cat","embeddable":true,"href":"https:\/\/www.tibum.pl\/shop\/wp-json\/wp\/v2\/product_cat?post=21972"},{"taxonomy":"product_tag","embeddable":true,"href":"https:\/\/www.tibum.pl\/shop\/wp-json\/wp\/v2\/product_tag?post=21972"}],"curies":[{"name":"wp","href":"https:\/\/api.w.org\/{rel}","templated":true}]}}