{"id":22078,"date":"2024-02-02T17:54:04","date_gmt":"2024-02-02T16:54:04","guid":{"rendered":"https:\/\/www.tibum.pl\/shop\/?post_type=product&#038;p=22078"},"modified":"2026-03-27T16:59:08","modified_gmt":"2026-03-27T15:59:08","slug":"szkolenie-kamishibai-online","status":"publish","type":"product","link":"https:\/\/www.tibum.pl\/shop\/produkt\/szkolenie-kamishibai-online","title":{"rendered":"Szkolenie kamishibai &#8211; online 16.04.2026"},"content":{"rendered":"<div class=\"wpb-content-wrapper\"><p>[vc_row][vc_column][vc_column_text css=&#8221;&#8221;]<\/p>\n<div class=\"tribe-events-single-event-description tribe-events-content\">\n<div class=\"tribe-events-schedule tribe-clearfix\">\n<h2><span class=\"tribe-event-date-start\"><span style=\"vertical-align: inherit;\"><span style=\"vertical-align: inherit;\"><span style=\"vertical-align: inherit;\"><span class=\"\" style=\"vertical-align: inherit;\"><span style=\"vertical-align: inherit;\"><span style=\"vertical-align: inherit;\">16<\/span><\/span><\/span><\/span><\/span><\/span><\/span><span class=\"tribe-event-date-start\"><span style=\"vertical-align: inherit;\"><span style=\"vertical-align: inherit;\"><span style=\"vertical-align: inherit;\"><span class=\"\" style=\"vertical-align: inherit;\"><span style=\"vertical-align: inherit;\"><span style=\"vertical-align: inherit;\">.04.2026 17:00<\/span><\/span><\/span><\/span><\/span><\/span><\/span><span style=\"vertical-align: inherit;\"><span style=\"vertical-align: inherit;\"><span style=\"vertical-align: inherit;\"><span class=\"\" style=\"vertical-align: inherit;\"><span style=\"vertical-align: inherit;\"><span style=\"vertical-align: inherit;\"> &#8211; <\/span><\/span><\/span><\/span><\/span><\/span><span class=\"tribe-event-time\"><span style=\"vertical-align: inherit;\"><span style=\"vertical-align: inherit;\"><span style=\"vertical-align: inherit;\"><span class=\"\" style=\"vertical-align: inherit;\"><span style=\"vertical-align: inherit;\"><span style=\"vertical-align: inherit;\">20:00<\/span><\/span><\/span><\/span><\/span><\/span><\/span><\/h2>\n<p><span style=\"vertical-align: inherit;\"><span style=\"vertical-align: inherit;\"><span style=\"vertical-align: inherit;\"><span style=\"vertical-align: inherit;\"><span style=\"vertical-align: inherit;\"><span style=\"vertical-align: inherit;\">Organizator:<\/span><\/span><\/span><\/span><\/span><\/span><\/p>\n<p><strong>Wydawnictwo Tibum<br \/>\n<\/strong><\/p>\n<p><strong>prowadzi: <a href=\"https:\/\/www.tibum.pl\/shop\/autorzy\/zofia-piatkowska\">Zofia Pi\u0105tkowska<\/a><\/strong><\/p>\n<\/div>\n<p><strong>SZKOLENIE ONLINE &#8211; na \u017cywo, platforma ZOOM<\/strong><\/p>\n<p>Wystawiamy faktury VAT &#8211; prosimy o podanie danych do faktury podczas wype\u0142niania formularza zakupu<\/p>\n<p>SZKOLENIE CERTYFIKOWANE<\/p>\n<p><img decoding=\"async\" class=\"wp-image-24730 alignleft\" src=\"https:\/\/www.tibum.pl\/shop\/wp-content\/uploads\/21-250x250.jpg\" alt=\"\" width=\"284\" height=\"284\" srcset=\"https:\/\/www.tibum.pl\/shop\/wp-content\/uploads\/21-250x250.jpg 250w, https:\/\/www.tibum.pl\/shop\/wp-content\/uploads\/21-200x200.jpg 200w, https:\/\/www.tibum.pl\/shop\/wp-content\/uploads\/21-640x640.jpg 640w, https:\/\/www.tibum.pl\/shop\/wp-content\/uploads\/21-768x768.jpg 768w, https:\/\/www.tibum.pl\/shop\/wp-content\/uploads\/21-1536x1536.jpg 1536w, https:\/\/www.tibum.pl\/shop\/wp-content\/uploads\/21.jpg 1654w\" sizes=\"(max-width: 284px) 100vw, 284px\" \/><\/p>\n<h2 class=\"tribe-events-single-event-title\"><a href=\"https:\/\/kamishibai.pl\">Sprawd\u017a wi\u0119cej informacji o szkoleniu<\/a><\/h2>\n<p><strong>Kamishibai &#8211; dzia\u0142anie projektowe<br \/>\n<\/strong><\/p>\n<p>Wszystko na temat kamishibai z pierwszej r\u0119ki. Nasze do\u015bwiadczenie jako wydawc\u00f3w i praktyk\u00f3w kamishibai od 2012 roku!<\/p>\n<p>Kamishibai to\u00a0 spos\u00f3b na prezentacje tekstu w atrakcyjnej i niezwyk\u0142ej formie. To szansa na zaciekawienie odbiorcy i zach\u0119cenie go w zupe\u0142nie naturalny spos\u00f3b do tworzenia w\u0142asnych opowie\u015bci zar\u00f3wno tekstowych jak i ilustracyjnych.<\/p>\n<\/div>\n<div class=\"tribe-events-single-event-description tribe-events-content\">\n<p>Szkolenie kamishibai oparte na wieloletnich do\u015bwiadczeniach w pracy z dzie\u0107mi, m\u0142odzie\u017c\u0105 i doros\u0142ymi.<\/p>\n<p>&nbsp;<\/p>\n<p>Je\u015bli chcesz dowiedzie\u0107 si\u0119 prawie wszystkiego o <a href=\"https:\/\/www.tibum.pl\/shop\/produkt\/teatrzyk-drewniany-kamishibai-format-a3\">teatrzyku kamishibai<\/a> zapewni to cz\u0119\u015b\u0107 praktyczna szkolenia kamishibai. W\u00a0 drugiej cz\u0119\u015bci szkolenia poznasz tajniki dobrego przedstawienia oraz odkryjesz co powoduje r\u00f3\u017cnic\u0119, dlaczego teatrzyk tak dobrze dzia\u0142a!<\/p>\n<p>&nbsp;<\/p>\n<blockquote>\n<p style=\"text-align: center;\"><em>\u201ePowiedz mi a zapomn\u0119, poka\u017c a zapami\u0119tam, pozw\u00f3l mi zrobi\u0107 a zrozumiem\u201d<\/em><\/p>\n<p style=\"text-align: center;\"><span style=\"vertical-align: inherit;\"><span style=\"vertical-align: inherit;\"><span style=\"vertical-align: inherit;\"><span style=\"vertical-align: inherit;\"><span style=\"vertical-align: inherit;\"><span style=\"vertical-align: inherit;\"><span style=\"vertical-align: inherit;\"><span style=\"vertical-align: inherit;\">Konfucjusz<\/span><\/span><\/span><\/span><\/span><\/span><\/span><\/span><\/p>\n<\/blockquote>\n<p>&nbsp;<\/p>\n<p><strong>Do prezentacji teatru kamishibai mo\u017cna wykorzysta\u0107 <a href=\"https:\/\/www.tibum.pl\/shop\/ksiazka-kamishibai\">gotowe ksi\u0105\u017cki<\/a> \u2013 ich charakterystyczn\u0105 cech\u0105 jest prostota i g\u0142\u0119bia poruszanych temat\u00f3w oraz specyficzny typ narracji, kt\u00f3ry m.in. wprowadza interakcj\u0119 z publiczno\u015bci\u0105.<\/strong><\/p>\n<p>Karty ksi\u0105\u017cki kamishibai z przodu posiadaj\u0105 du\u017c\u0105 ilustracj\u0119 \u2013 widoczn\u0105 dla publiczno\u015bci w oknie parawanu. Z ty\u0142u natomiast tekst, widoczny dla czytaj\u0105cego.<\/p>\n<p>Kamishibai to metoda wykorzystujaca zasady czytania dialogicznego. Gdzie seans staje si\u0119 dialogiem z uczniem.<\/p>\n<p>Kamishibai to jednak przede wszystkim znakomita metoda tw\u00f3rczej pracy z dzieckiem, uczniem, doros\u0142ym. Idealna forma wspieraj\u0105ca relacyjno\u015b\u0107 w edukacji.<\/p>\n<p>Karty ksi\u0105\u017cki kamishibai mog\u0105 by\u0107 tworzone samodzielnie przez ka\u017cdego \u2013 nauczyciela, ucznia, zesp\u00f3\u0142 projektowy a nast\u0119pnie przez nich wystawiane i czytane lub opowiadane.<\/p>\n<blockquote>\n<h3 style=\"text-align: center;\">Je\u015bli masz do przekazania jak\u0105\u015b wa\u017cn\u0105 tre\u015b\u0107 to dobrze trafi\u0142e\u015b!<\/h3>\n<p>&nbsp;<\/p><\/blockquote>\n<div id=\"attachment_11288\" style=\"width: 363px\" class=\"wp-caption alignnone\"><img decoding=\"async\" aria-describedby=\"caption-attachment-11288\" class=\"size-medium wp-image-11288\" src=\"https:\/\/www.tibum.pl\/shop\/wp-content\/uploads\/dsc00320-353x234.jpg\" alt=\"prezentacja kamishibai\" width=\"353\" height=\"234\" srcset=\"https:\/\/www.tibum.pl\/shop\/wp-content\/uploads\/dsc00320-353x234.jpg 353w, https:\/\/www.tibum.pl\/shop\/wp-content\/uploads\/dsc00320-640x424.jpg 640w, https:\/\/www.tibum.pl\/shop\/wp-content\/uploads\/dsc00320-200x132.jpg 200w, https:\/\/www.tibum.pl\/shop\/wp-content\/uploads\/dsc00320-768x509.jpg 768w, https:\/\/www.tibum.pl\/shop\/wp-content\/uploads\/dsc00320.jpg 1024w, https:\/\/www.tibum.pl\/shop\/wp-content\/uploads\/dsc00320-30x20.jpg 30w, https:\/\/www.tibum.pl\/shop\/wp-content\/uploads\/dsc00320-800x530.jpg 800w\" sizes=\"(max-width: 353px) 100vw, 353px\" \/><p id=\"caption-attachment-11288\" class=\"wp-caption-text\">prezentacja kamishibai<\/p><\/div>\n<p><strong>Po szkoleniu:<\/strong><\/p>\n<ul>\n<li>umiesz pos\u0142ugiwa\u0107 si\u0119 <a title=\"Teatrzyki kamishibai\" href=\"https:\/\/www.tibum.pl\/shop\/teatrzyki-kamishibai\">teatrzykiem kamishibai<\/a><\/li>\n<li>wiesz dlaczego teatrzyk kamishibai jest skuteczny i dzi\u0119ki temu potrafisz wykorzysta\u0107 pe\u0142ni\u0119 jego mo\u017cliwo\u015bci<\/li>\n<li>odkryjesz swoje tw\u00f3rcze mo\u017cliwo\u015bci i b\u0119dzie umia\u0142 stworzy\u0107 sytuacj\u0119 edukacyjn\u0105<\/li>\n<li>znasz warto\u015b\u0107 pracy projektowej i jej wp\u0142yw na rozw\u00f3j emocjonalny i intelektualny dzieci oraz ich samo\u015bwiadomo\u015b\u0107<\/li>\n<li>umiesz stworzy\u0107 w\u0142asne plansze edukacyjne lub opowie\u015b\u0107 kamishibai<\/li>\n<li>wiesz jak przedstawi\u0107 je w atrakcyjny spos\u00f3b<\/li>\n<li>zdob\u0119dziesz umiej\u0119tno\u015b\u0107 tworzenia relacji poprzez narz\u0119dzia o charakterze komunikacyjnym<\/li>\n<li>stworzysz przestrze\u0144 opowie\u015bci &#8211; miejsce, spotkania, relacji i nauki<\/li>\n<\/ul>\n<p>&nbsp;<\/p>\n<p style=\"text-align: center;\"><strong>Praca z kamishibai:<\/strong><\/p>\n<p style=\"text-align: center;\">\u2022 pobudza wyobra\u017ani\u0119<br \/>\n\u2022 wspomaga kreatywno\u015b\u0107<br \/>\n\u2022 promuje prac\u0119 zespo\u0142ow\u0105<br \/>\n\u2022 wspomaga umiej\u0119tno\u015bci komunikacyjne<br \/>\n\u2022 w atrakcyjny spos\u00f3b przedstawia literatur\u0119<br \/>\n\u2022 zach\u0119ca do swobodnej wypowiedzi s\u0142ownej<br \/>\n\u2022 inspiruje tworzenie w\u0142asnych opowie\u015bci i prezentacji ich w formie tekstowej i plastycznej<\/p>\n<p>&nbsp;<\/p>\n<p><strong>Sprawd\u017a te\u017c szkolenie <a href=\"https:\/\/www.tibum.pl\/shop\/warsztaty-i-szkolenia\">Storytelling w edukacji<\/a><\/strong> kt\u00f3re jest uzupe\u0142nieniem i rozszerzeniem wiedzy na temat teatru kamishibai. Umiej\u0119tno\u015b\u0107 tworzenia opowie\u015b\u0107i storytellingowych to spos\u00f3b na tworzenie w\u0142asnych, inspiruj\u0105cych\u00a0opowie\u015bci kamishibai.<\/p>\n<\/div>\n<p>Zajrzyj <a href=\"https:\/\/www.tibum.pl\/shop\/co-to-jest-kamishibai\">TUTAJ<\/a> \u017ceby szybko sprawdzi\u0107 czym jest Papierowy Teatr Kamishibai.<\/p>\n<div class=\"tribe-events-single-event-description tribe-events-content\">\n<p>Dla uczestnik\u00f3w szkolenia materia\u0142y ze szkolenia w formie PDF, kupon zni\u017ckowy na zakupy w sklepie Tibum oraz certyfikat.<\/p>\n<p>Zapraszamy !<\/p>\n<p>&nbsp;<\/p>\n<p>&nbsp;<\/p>\n<\/div>\n<p>[\/vc_column_text][\/vc_column][\/vc_row]<\/p>\n<\/div>","protected":false},"excerpt":{"rendered":"<header class=\"tribe-events-calendar-list__event-header\"><\/header>\n<div class=\"tribe-events-calendar-list__event-description tribe-common-b2 tribe-common-a11y-hidden\">\n<p>Aby zapisa\u0107 si\u0119 na szkolenie &#8211; kup bilet<\/p>\n<p>Ilo\u015b\u0107 miejsc ograniczona.<\/p>\n<\/div>\n<div class=\"tribe-events-c-small-cta tribe-common-b3 tribe-events-calendar-list__event-cost\"><span class=\"tribe-events-c-small-cta__price\"><span style=\"vertical-align: inherit;\"><span style=\"vertical-align: inherit;\">190 z\u0142.<\/span><\/span><\/span><\/div>\n","protected":false},"featured_media":17309,"template":"","meta":[],"product_brand":[],"product_cat":[859],"product_tag":[580,572,627,541,494],"class_list":{"0":"post-22078","1":"product","2":"type-product","3":"status-publish","4":"has-post-thumbnail","6":"product_cat-online","7":"product_tag-bajka-kamishibai","8":"product_tag-storytelling","9":"product_tag-szkolenie-kamishibai","10":"product_tag-teatrzyk-drewniany","11":"product_tag-teatrzyk-kamishibai","12":"description-off","14":"first","15":"instock","16":"featured","17":"virtual","18":"taxable","19":"purchasable","20":"product-type-simple"},"yoast_head":"<!-- This site is optimized with the Yoast SEO plugin v27.3 - https:\/\/yoast.com\/product\/yoast-seo-wordpress\/ -->\n<title>Szkolenie kamishibai - online 16.04.2026 - Tibum Wydawnictwo Kamishibai - Papierowy Teatr<\/title>\n<meta name=\"description\" content=\"Szkolenie kamishibai. Wszystko na temat kamishibai w praktyce. Jak stworzy\u0107 seans kamishibai, jak czyta\u0107. Co zaproponowa\u0107 po seansie. Jak dzia\u0142a kamishibai. Sprawd\u017a czego jeszcze nie wiesz o kamishibai u profesjonalist\u00f3w.\" \/>\n<meta name=\"robots\" content=\"index, follow, max-snippet:-1, max-image-preview:large, max-video-preview:-1\" \/>\n<link rel=\"canonical\" href=\"https:\/\/www.tibum.pl\/shop\/produkt\/szkolenie-kamishibai-online\" \/>\n<meta property=\"og:locale\" content=\"pl_PL\" \/>\n<meta property=\"og:type\" content=\"article\" \/>\n<meta property=\"og:title\" content=\"Szkolenie kamishibai - online 16.04.2026 - Tibum Wydawnictwo Kamishibai - Papierowy Teatr\" \/>\n<meta property=\"og:description\" content=\"Szkolenie kamishibai. Wszystko na temat kamishibai w praktyce. Jak stworzy\u0107 seans kamishibai, jak czyta\u0107. Co zaproponowa\u0107 po seansie. Jak dzia\u0142a kamishibai. Sprawd\u017a czego jeszcze nie wiesz o kamishibai u profesjonalist\u00f3w.\" \/>\n<meta property=\"og:url\" content=\"https:\/\/www.tibum.pl\/shop\/produkt\/szkolenie-kamishibai-online\" \/>\n<meta property=\"og:site_name\" content=\"Tibum Wydawnictwo Kamishibai - Papierowy Teatr\" \/>\n<meta property=\"article:publisher\" content=\"https:\/\/www.facebook.com\/PapierowyTeatr\" \/>\n<meta property=\"article:modified_time\" content=\"2026-03-27T15:59:08+00:00\" \/>\n<meta property=\"og:image\" content=\"https:\/\/www.tibum.pl\/shop\/wp-content\/uploads\/1-3.jpg\" \/>\n\t<meta property=\"og:image:width\" content=\"964\" \/>\n\t<meta property=\"og:image:height\" content=\"665\" \/>\n\t<meta property=\"og:image:type\" content=\"image\/jpeg\" \/>\n<meta name=\"twitter:card\" content=\"summary_large_image\" \/>\n<meta name=\"twitter:label1\" content=\"Szacowany czas czytania\" \/>\n\t<meta name=\"twitter:data1\" content=\"4 minuty\" \/>\n<script type=\"application\/ld+json\" class=\"yoast-schema-graph\">{\"@context\":\"https:\\\/\\\/schema.org\",\"@graph\":[{\"@type\":\"WebPage\",\"@id\":\"https:\\\/\\\/www.tibum.pl\\\/shop\\\/produkt\\\/szkolenie-kamishibai-online\",\"url\":\"https:\\\/\\\/www.tibum.pl\\\/shop\\\/produkt\\\/szkolenie-kamishibai-online\",\"name\":\"Szkolenie kamishibai - online 16.04.2026 - Tibum Wydawnictwo Kamishibai - Papierowy Teatr\",\"isPartOf\":{\"@id\":\"https:\\\/\\\/www.tibum.pl\\\/shop\\\/#website\"},\"primaryImageOfPage\":{\"@id\":\"https:\\\/\\\/www.tibum.pl\\\/shop\\\/produkt\\\/szkolenie-kamishibai-online#primaryimage\"},\"image\":{\"@id\":\"https:\\\/\\\/www.tibum.pl\\\/shop\\\/produkt\\\/szkolenie-kamishibai-online#primaryimage\"},\"thumbnailUrl\":\"https:\\\/\\\/www.tibum.pl\\\/shop\\\/wp-content\\\/uploads\\\/1-3.jpg\",\"datePublished\":\"2024-02-02T16:54:04+00:00\",\"dateModified\":\"2026-03-27T15:59:08+00:00\",\"description\":\"Szkolenie kamishibai. Wszystko na temat kamishibai w praktyce. Jak stworzy\u0107 seans kamishibai, jak czyta\u0107. Co zaproponowa\u0107 po seansie. Jak dzia\u0142a kamishibai. Sprawd\u017a czego jeszcze nie wiesz o kamishibai u profesjonalist\u00f3w.\",\"breadcrumb\":{\"@id\":\"https:\\\/\\\/www.tibum.pl\\\/shop\\\/produkt\\\/szkolenie-kamishibai-online#breadcrumb\"},\"inLanguage\":\"pl-PL\",\"potentialAction\":[{\"@type\":\"ReadAction\",\"target\":[\"https:\\\/\\\/www.tibum.pl\\\/shop\\\/produkt\\\/szkolenie-kamishibai-online\"]}]},{\"@type\":\"ImageObject\",\"inLanguage\":\"pl-PL\",\"@id\":\"https:\\\/\\\/www.tibum.pl\\\/shop\\\/produkt\\\/szkolenie-kamishibai-online#primaryimage\",\"url\":\"https:\\\/\\\/www.tibum.pl\\\/shop\\\/wp-content\\\/uploads\\\/1-3.jpg\",\"contentUrl\":\"https:\\\/\\\/www.tibum.pl\\\/shop\\\/wp-content\\\/uploads\\\/1-3.jpg\",\"width\":964,\"height\":665,\"caption\":\"logotyp\"},{\"@type\":\"BreadcrumbList\",\"@id\":\"https:\\\/\\\/www.tibum.pl\\\/shop\\\/produkt\\\/szkolenie-kamishibai-online#breadcrumb\",\"itemListElement\":[{\"@type\":\"ListItem\",\"position\":1,\"name\":\"Home\",\"item\":\"https:\\\/\\\/www.tibum.pl\\\/shop\\\/\"},{\"@type\":\"ListItem\",\"position\":2,\"name\":\"Sklep\",\"item\":\"https:\\\/\\\/www.tibum.pl\\\/shop\\\/sklep\"},{\"@type\":\"ListItem\",\"position\":3,\"name\":\"Szkolenie kamishibai &#8211; online 16.04.2026\"}]},{\"@type\":\"WebSite\",\"@id\":\"https:\\\/\\\/www.tibum.pl\\\/shop\\\/#website\",\"url\":\"https:\\\/\\\/www.tibum.pl\\\/shop\\\/\",\"name\":\"Tibum Wydawnictwo Kamishibai - Papierowy Teatr\",\"description\":\"wydawca ksi\u0105\u017cek i bajek obrazkowych kamishibai\",\"potentialAction\":[{\"@type\":\"SearchAction\",\"target\":{\"@type\":\"EntryPoint\",\"urlTemplate\":\"https:\\\/\\\/www.tibum.pl\\\/shop\\\/?s={search_term_string}\"},\"query-input\":{\"@type\":\"PropertyValueSpecification\",\"valueRequired\":true,\"valueName\":\"search_term_string\"}}],\"inLanguage\":\"pl-PL\"}]}<\/script>\n<!-- \/ Yoast SEO plugin. -->","yoast_head_json":{"title":"Szkolenie kamishibai - online 16.04.2026 - Tibum Wydawnictwo Kamishibai - Papierowy Teatr","description":"Szkolenie kamishibai. Wszystko na temat kamishibai w praktyce. Jak stworzy\u0107 seans kamishibai, jak czyta\u0107. Co zaproponowa\u0107 po seansie. Jak dzia\u0142a kamishibai. Sprawd\u017a czego jeszcze nie wiesz o kamishibai u profesjonalist\u00f3w.","robots":{"index":"index","follow":"follow","max-snippet":"max-snippet:-1","max-image-preview":"max-image-preview:large","max-video-preview":"max-video-preview:-1"},"canonical":"https:\/\/www.tibum.pl\/shop\/produkt\/szkolenie-kamishibai-online","og_locale":"pl_PL","og_type":"article","og_title":"Szkolenie kamishibai - online 16.04.2026 - Tibum Wydawnictwo Kamishibai - Papierowy Teatr","og_description":"Szkolenie kamishibai. Wszystko na temat kamishibai w praktyce. Jak stworzy\u0107 seans kamishibai, jak czyta\u0107. Co zaproponowa\u0107 po seansie. Jak dzia\u0142a kamishibai. Sprawd\u017a czego jeszcze nie wiesz o kamishibai u profesjonalist\u00f3w.","og_url":"https:\/\/www.tibum.pl\/shop\/produkt\/szkolenie-kamishibai-online","og_site_name":"Tibum Wydawnictwo Kamishibai - Papierowy Teatr","article_publisher":"https:\/\/www.facebook.com\/PapierowyTeatr","article_modified_time":"2026-03-27T15:59:08+00:00","og_image":[{"width":964,"height":665,"url":"https:\/\/www.tibum.pl\/shop\/wp-content\/uploads\/1-3.jpg","type":"image\/jpeg"}],"twitter_card":"summary_large_image","twitter_misc":{"Szacowany czas czytania":"4 minuty"},"schema":{"@context":"https:\/\/schema.org","@graph":[{"@type":"WebPage","@id":"https:\/\/www.tibum.pl\/shop\/produkt\/szkolenie-kamishibai-online","url":"https:\/\/www.tibum.pl\/shop\/produkt\/szkolenie-kamishibai-online","name":"Szkolenie kamishibai - online 16.04.2026 - Tibum Wydawnictwo Kamishibai - Papierowy Teatr","isPartOf":{"@id":"https:\/\/www.tibum.pl\/shop\/#website"},"primaryImageOfPage":{"@id":"https:\/\/www.tibum.pl\/shop\/produkt\/szkolenie-kamishibai-online#primaryimage"},"image":{"@id":"https:\/\/www.tibum.pl\/shop\/produkt\/szkolenie-kamishibai-online#primaryimage"},"thumbnailUrl":"https:\/\/www.tibum.pl\/shop\/wp-content\/uploads\/1-3.jpg","datePublished":"2024-02-02T16:54:04+00:00","dateModified":"2026-03-27T15:59:08+00:00","description":"Szkolenie kamishibai. Wszystko na temat kamishibai w praktyce. Jak stworzy\u0107 seans kamishibai, jak czyta\u0107. Co zaproponowa\u0107 po seansie. Jak dzia\u0142a kamishibai. Sprawd\u017a czego jeszcze nie wiesz o kamishibai u profesjonalist\u00f3w.","breadcrumb":{"@id":"https:\/\/www.tibum.pl\/shop\/produkt\/szkolenie-kamishibai-online#breadcrumb"},"inLanguage":"pl-PL","potentialAction":[{"@type":"ReadAction","target":["https:\/\/www.tibum.pl\/shop\/produkt\/szkolenie-kamishibai-online"]}]},{"@type":"ImageObject","inLanguage":"pl-PL","@id":"https:\/\/www.tibum.pl\/shop\/produkt\/szkolenie-kamishibai-online#primaryimage","url":"https:\/\/www.tibum.pl\/shop\/wp-content\/uploads\/1-3.jpg","contentUrl":"https:\/\/www.tibum.pl\/shop\/wp-content\/uploads\/1-3.jpg","width":964,"height":665,"caption":"logotyp"},{"@type":"BreadcrumbList","@id":"https:\/\/www.tibum.pl\/shop\/produkt\/szkolenie-kamishibai-online#breadcrumb","itemListElement":[{"@type":"ListItem","position":1,"name":"Home","item":"https:\/\/www.tibum.pl\/shop\/"},{"@type":"ListItem","position":2,"name":"Sklep","item":"https:\/\/www.tibum.pl\/shop\/sklep"},{"@type":"ListItem","position":3,"name":"Szkolenie kamishibai &#8211; online 16.04.2026"}]},{"@type":"WebSite","@id":"https:\/\/www.tibum.pl\/shop\/#website","url":"https:\/\/www.tibum.pl\/shop\/","name":"Tibum Wydawnictwo Kamishibai - Papierowy Teatr","description":"wydawca ksi\u0105\u017cek i bajek obrazkowych kamishibai","potentialAction":[{"@type":"SearchAction","target":{"@type":"EntryPoint","urlTemplate":"https:\/\/www.tibum.pl\/shop\/?s={search_term_string}"},"query-input":{"@type":"PropertyValueSpecification","valueRequired":true,"valueName":"search_term_string"}}],"inLanguage":"pl-PL"}]}},"_links":{"self":[{"href":"https:\/\/www.tibum.pl\/shop\/wp-json\/wp\/v2\/product\/22078","targetHints":{"allow":["GET"]}}],"collection":[{"href":"https:\/\/www.tibum.pl\/shop\/wp-json\/wp\/v2\/product"}],"about":[{"href":"https:\/\/www.tibum.pl\/shop\/wp-json\/wp\/v2\/types\/product"}],"wp:featuredmedia":[{"embeddable":true,"href":"https:\/\/www.tibum.pl\/shop\/wp-json\/wp\/v2\/media\/17309"}],"wp:attachment":[{"href":"https:\/\/www.tibum.pl\/shop\/wp-json\/wp\/v2\/media?parent=22078"}],"wp:term":[{"taxonomy":"product_brand","embeddable":true,"href":"https:\/\/www.tibum.pl\/shop\/wp-json\/wp\/v2\/product_brand?post=22078"},{"taxonomy":"product_cat","embeddable":true,"href":"https:\/\/www.tibum.pl\/shop\/wp-json\/wp\/v2\/product_cat?post=22078"},{"taxonomy":"product_tag","embeddable":true,"href":"https:\/\/www.tibum.pl\/shop\/wp-json\/wp\/v2\/product_tag?post=22078"}],"curies":[{"name":"wp","href":"https:\/\/api.w.org\/{rel}","templated":true}]}}