{"id":23066,"date":"2024-04-17T15:27:13","date_gmt":"2024-04-17T13:27:13","guid":{"rendered":"https:\/\/www.tibum.pl\/shop\/?post_type=product&#038;p=23066"},"modified":"2025-11-26T12:32:47","modified_gmt":"2025-11-26T11:32:47","slug":"wypozyczalna-skrzydel","status":"publish","type":"product","link":"https:\/\/www.tibum.pl\/shop\/produkt\/wypozyczalna-skrzydel","title":{"rendered":"&#8222;Wypo\u017cyczalnia skrzyde\u0142&#8221;, Iwona Pietrzak-P\u0142achta, 16 kart narracyjnych"},"content":{"rendered":"<article>\n<div style=\"text-align: left;\">\n<p><strong>ksi\u0105\u017cka kamishibai<\/strong> w formie ilustrowanych kart narracyjnych do teatrzyku kamishibai<\/p>\n<p><strong>Tytu\u0142: &#8222;<em><cite>Wypo\u017cyczalnia skrzyde\u0142&#8221;<\/cite><\/em><\/strong><\/p>\n<p><strong>Tekst: <a href=\"https:\/\/www.tibum.pl\/shop\/autorzy\/iwona-pietrzak-plachta\">Iwona Pietrzak-P\u0142achta<\/a><\/strong><\/p>\n<p><strong>Ilustracje: <a href=\"https:\/\/www.tibum.pl\/shop\/autorzy\/matylda-koneck\">Matylda Konecka<\/a><\/strong><\/p>\n<p><strong>ISBN: 978-83-961120-8-8<br \/>\n<\/strong><\/p>\n<p>bajka kamishibai<\/p>\n<p>Niezwyk\u0142a ksi\u0105\u017cka o mocy opowie\u015bci. O tym jak po przez opowie\u015bci mo\u017cemy bezpiecznie do\u015bwiadcza\u0107, poznawa\u0107 \u017cycie, budowa\u0107 si\u0119 wewn\u0119trznie. Ksi\u0105\u017cka o mocy literatury, kt\u00f3ra dzia\u0142aj\u0105c od najwcze\u015bniejszych lat pomaga w dorastaniu bez utraty naszego wewn\u0119trznego dziecka, tej lekko\u015bci kt\u00f3ra umo\u017cliwia nam otwarto\u015b\u0107, zachwyt no i gotowo\u015b\u0107 do podr\u00f3\u017cy w\u0142a\u015bnie.<\/p>\n<p>Czasami wystarczy trafi\u0107 do odpowiedniej wr\u00f3\u017cki. Tym razem, t\u0105 kt\u00f3ra umo\u017cliwia nam szybowanie jest kto\u015b na kogo zawsze mo\u017cemy liczy\u0107, kto\u015b kto jest obecny nawet je\u015bli inni zaj\u0119ci s\u0105 swoj\u0105 doros\u0142o\u015bci\u0105. W szkole, jest biblioteka a w niej Pani z biblioteki. I miejsce gdzie mo\u017cna przystan\u0105\u0107, zaszy\u0107 si\u0119 w jakim\u015b zakamarku i poszybowa\u0107 do innych miejsc, innych spraw, zosta\u0107 odkrywc\u0105 nieznanych l\u0105d\u00f3w i ocean\u00f3w. Oto mocy literatury, kt\u00f3r\u0105 mo\u017cna przeku\u0107 na w\u0142asn\u0105, wewn\u0119trzn\u0105 moc sprawcz\u0105!<\/p>\n<p><em>Opis wydawcy ksi\u0105\u017cki w wersji tradycyjnej Wydawnictwo Agora dla dzieci:<\/em><\/p>\n<p>Otw\u00f3rz drzwi biblioteki \u2013 \u015bwiata wyobra\u017ani, przygody, m\u0105dro\u015bci, magii, a spotkasz si\u0119 z kim\u015b, kto u\u017cyczy Ci skrzyde\u0142.<\/p>\n<p>Ksi\u0105\u017cki to drzwi prowadz\u0105ce do r\u00f3\u017cnych do\u015bwiadcze\u0144 i emocji. S\u0105 jak skrzyd\u0142a, kt\u00f3re mog\u0105 unie\u015b\u0107 czytelnika wysoko, ku niezapomnianej przygodzie! Bywa, \u017ce wystarczy jedna dobra ksi\u0105\u017cka, aby ju\u017c na zawsze obudzi\u0107 w dziecku mi\u0142o\u015b\u0107 do literatury. Jej strony mog\u0105 sta\u0107 si\u0119 skrzyd\u0142ami, dzi\u0119ki kt\u00f3rym b\u0119dzie zdobywa\u0142o najwy\u017csze szczyty i przekracza\u0142o granice, o kt\u00f3rych nawet nie \u015bni\u0142o.<\/p>\n<p>\u201eWypo\u017cyczalnia skrzyde\u0142\u201d to poetycki picturebook, kt\u00f3ry jest jednocze\u015bnie ho\u0142dem z\u0142o\u017conym bibliotekom i pracuj\u0105cym w nich wyj\u0105tkowym osobom.<\/p>\n<p><strong>Ksi\u0105\u017cka Iwony Pietrzak-P\u0142achty \u2013 laureatki konkursu Nauczyciel Roku 2022 oraz nagrody im. Janusza Korczaka 2022 oraz malarki Matyldy Koneckiej to pe\u0142na metafor, bogato ilustrowana ksi\u0105\u017cka obrazkowa, pokazuj\u0105ca bezcenn\u0105 moc drzemi\u0105c\u0105 w czytaniu. To opowie\u015b\u0107 o magicznym \u015bwiecie dost\u0119pnym na wyci\u0105gni\u0119cie r\u0119ki<\/strong>.<\/p>\n<blockquote><p><em>Co lepszego mo\u017cesz podarowa\u0107 swojemu dziecku ni\u017c skrzyd\u0142a? Nic. Bo to w\u0142a\u015bnie dzi\u0119ki nim, pewnego dnia, twoje dziecko pofrunie do siebie, do \u015bwiata i do gwiazd. I by\u0107 mo\u017ce b\u0119dzie to w jego \u017cyciu bardzo pi\u0119kna przygoda. Pod warunkiem, \u017ce wcze\u015bniej na swojej drodze spotka wr\u00f3\u017ck\u0119. W\u0142a\u015bnie jedna z nich napisa\u0142a t\u0119 niezwyk\u0142\u0105 ksi\u0105\u017ck\u0119. Bo kiedy j\u0105 otworzysz, otworzy si\u0119 tak\u017ce twoje serce.<\/em><\/p><\/blockquote>\n<p style=\"text-align: right;\">Katarzyna Stoparczyk, dziennikarka, Mistrzyni Mowy Polskiej, autorka kultowych audycji dla dzieci<\/p>\n<p>&nbsp;<\/p>\n<blockquote><p><em>W tej ksi\u0105\u017cce zaczyna si\u0119 historia, kt\u00f3ra za spraw\u0105 wyobra\u017ani serca, mo\u017ce przenie\u015b\u0107 si\u0119 w ka\u017cde miejsce na ziemi, a szczeg\u00f3lnie do dzieci\u0119cych bibliotek, przedszkoli i szk\u00f3\u0142. Tam czekaj\u0105 ju\u017c mali czytelnicy, spragnieni spotkania z Dobrym Doros\u0142ym, M\u0105drym Przyjacielem, Po\u015brednikiem mi\u0119dzy \u015bwiatem ksi\u0105\u017cki a \u015bwiatem Dziecka. Jeste\u015b takim Doros\u0142ym! Przyjmij wi\u0119c zaproszenie od Wr\u00f3\u017cki z Wypo\u017cyczalni Skrzyde\u0142, le\u0107 do Dzieci i po prostu czytaj!<\/em><\/p><\/blockquote>\n<p style=\"text-align: right;\">Ma\u0142gorzata Sw\u0119drowska, nauczycielka, promotorka czytelnictwa, autorka metody Czytania Wra\u017ceniowego<\/p>\n<\/div>\n<p>&nbsp;<\/p>\n<div style=\"text-align: left;\">\n<p><em>Wydawc\u0105 ksi\u0105\u017cki Wypo\u017cyczalnia skrzyde\u0142. Opowie\u015b\u0107 o magii czytania, autorstwa Iwony Pietrzak-P\u0142achty, z ilustracjami Matyldy Koneckiej jest Wydawnictwo Agora dla dzieci.<\/em><\/p>\n<p><img decoding=\"async\" class=\"alignnone size-full wp-image-23079\" src=\"https:\/\/www.tibum.pl\/shop\/wp-content\/uploads\/Wydawnictwo_Agora-260x100-1.jpg\" alt=\"\" width=\"260\" height=\"100\" srcset=\"https:\/\/www.tibum.pl\/shop\/wp-content\/uploads\/Wydawnictwo_Agora-260x100-1.jpg 260w, https:\/\/www.tibum.pl\/shop\/wp-content\/uploads\/Wydawnictwo_Agora-260x100-1-200x77.jpg 200w, https:\/\/www.tibum.pl\/shop\/wp-content\/uploads\/Wydawnictwo_Agora-260x100-1-30x12.jpg 30w\" sizes=\"(max-width: 260px) 100vw, 260px\" \/><\/p>\n<p>Ksi\u0105\u017cka dla dzieci od lat 4<\/p>\n<\/div>\n<\/article>\n<p>Wydawnictwo: Wydawnictwo Tibum<br \/>\nWymiary: A3 (297\/420 mm)<br \/>\nLiczba kart: 16 (dwustronnych)<br \/>\nIlo\u015b\u0107 stron: 32 (tekst, ilustracje)<br \/>\nRok wydania: 2024<br \/>\nOprawa: kartonowa koperta<\/p>\n<p style=\"font-size: small; font-weight: normal;\"><strong>Uwaga:<\/strong><br \/>\nZdj\u0119cia w galerii produktu mog\u0105 zawiera\u0107 inne przedmioty np. ksi\u0105\u017cki, teatrzyki-parawany, kt\u00f3re s\u0105 osobno zamawianymi pozycjami<\/p>\n<div id=\"s3gt_translate_tooltip_mini\" class=\"s3gt_translate_tooltip_mini_box\" style=\"background: initial !important; border: initial !important; border-radius: initial !important; border-spacing: initial !important; border-collapse: initial !important; direction: ltr !important; flex-direction: initial !important; font-weight: initial !important; height: initial !important; letter-spacing: initial !important; min-width: initial !important; max-width: initial !important; min-height: initial !important; max-height: initial !important; margin: auto !important; padding: initial !important; text-align: initial !important; width: initial !important; color: inherit !important; font-size: 13px !important; font-family: X-LocaleSpecific, sans-serif, Tahoma, Helvetica !important; line-height: 13px !important; vertical-align: top !important;\">\n<div id=\"s3gt_translate_tooltip_mini_logo\" class=\"s3gt_translate_tooltip_mini\" title=\"T\u0142umacz zaznaczony tekst\"><\/div>\n<div id=\"s3gt_translate_tooltip_mini_sound\" class=\"s3gt_translate_tooltip_mini\" title=\"Odtw\u00f3rz\"><\/div>\n<div id=\"s3gt_translate_tooltip_mini_copy\" class=\"s3gt_translate_tooltip_mini\" title=\"Kopiuj tekst do schowka\"><\/div>\n<\/div>\n","protected":false},"excerpt":{"rendered":"<p>ksi\u0105\u017cka kamishibai w formie ilustrowanych kart narracyjnych do teatrzyku drewnianego<\/p>\n<p><strong>Tytu\u0142: &#8222;<cite>Wypo\u017cyczalnia skrzyde\u0142<\/cite>&#8222;<\/strong><\/p>\n<p><strong>Tekst: <a href=\"https:\/\/www.tibum.pl\/shop\/autorzy\/iwona-pietrzak-plachta\">Iwona Pietrzak-P\u0142achta<\/a><\/strong><\/p>\n<p><strong>Ilustracje: <a href=\"https:\/\/www.tibum.pl\/shop\/autorzy\/matylda-koneck\">Matylda Konecka<\/a><\/strong><\/p>\n<p><strong>ISBN: 978-83-961120-8-8<br \/>\n<\/strong><\/p>\n<p>&nbsp;<\/p>\n","protected":false},"featured_media":23067,"template":"","meta":[],"product_brand":[],"product_cat":[18,48],"product_tag":[580,475,572,541,221],"class_list":{"0":"post-23066","1":"product","2":"type-product","3":"status-publish","4":"has-post-thumbnail","6":"product_cat-kamishibai","7":"product_cat-karty-narracyjne-do-teatrzyku-kamishibai","8":"product_tag-bajka-kamishibai","9":"product_tag-karty-kamishibai","10":"product_tag-storytelling","11":"product_tag-teatrzyk-drewniany","12":"product_tag-tibum","13":"product_shipping_class-lekkie1","14":"description-off","16":"first","17":"instock","18":"featured","19":"taxable","20":"shipping-taxable","21":"purchasable","22":"product-type-simple"},"yoast_head":"<!-- This site is optimized with the Yoast SEO plugin v27.3 - https:\/\/yoast.com\/product\/yoast-seo-wordpress\/ -->\n<title>&quot;Wypo\u017cyczalnia skrzyde\u0142&quot;, Iwona Pietrzak-P\u0142achta, 16 kart narracyjnych - Tibum Wydawnictwo Kamishibai - Papierowy Teatr<\/title>\n<meta name=\"robots\" content=\"index, follow, max-snippet:-1, max-image-preview:large, max-video-preview:-1\" \/>\n<link rel=\"canonical\" href=\"https:\/\/www.tibum.pl\/shop\/produkt\/wypozyczalna-skrzydel\" \/>\n<meta property=\"og:locale\" content=\"pl_PL\" \/>\n<meta property=\"og:type\" content=\"article\" \/>\n<meta property=\"og:title\" content=\"&quot;Wypo\u017cyczalnia skrzyde\u0142&quot;, Iwona Pietrzak-P\u0142achta, 16 kart narracyjnych - Tibum Wydawnictwo Kamishibai - Papierowy Teatr\" \/>\n<meta property=\"og:description\" content=\"ksi\u0105\u017cka kamishibai w formie ilustrowanych kart narracyjnych do teatrzyku drewnianego  Tytu\u0142: &quot;Wypo\u017cyczalnia skrzyde\u0142&quot;  Tekst: Iwona Pietrzak-P\u0142achta  Ilustracje: Matylda Konecka  ISBN: 978-83-961120-8-8   &nbsp;\" \/>\n<meta property=\"og:url\" content=\"https:\/\/www.tibum.pl\/shop\/produkt\/wypozyczalna-skrzydel\" \/>\n<meta property=\"og:site_name\" content=\"Tibum Wydawnictwo Kamishibai - Papierowy Teatr\" \/>\n<meta property=\"article:publisher\" content=\"https:\/\/www.facebook.com\/PapierowyTeatr\" \/>\n<meta property=\"article:modified_time\" content=\"2025-11-26T11:32:47+00:00\" \/>\n<meta property=\"og:image\" content=\"https:\/\/www.tibum.pl\/shop\/wp-content\/uploads\/okladka_druk-scaled.jpg\" \/>\n\t<meta property=\"og:image:width\" content=\"1448\" \/>\n\t<meta property=\"og:image:height\" content=\"1024\" \/>\n\t<meta property=\"og:image:type\" content=\"image\/jpeg\" \/>\n<meta name=\"twitter:card\" content=\"summary_large_image\" \/>\n<meta name=\"twitter:label1\" content=\"Szacowany czas czytania\" \/>\n\t<meta name=\"twitter:data1\" content=\"3 minuty\" \/>\n<script type=\"application\/ld+json\" class=\"yoast-schema-graph\">{\"@context\":\"https:\\\/\\\/schema.org\",\"@graph\":[{\"@type\":\"WebPage\",\"@id\":\"https:\\\/\\\/www.tibum.pl\\\/shop\\\/produkt\\\/wypozyczalna-skrzydel\",\"url\":\"https:\\\/\\\/www.tibum.pl\\\/shop\\\/produkt\\\/wypozyczalna-skrzydel\",\"name\":\"\\\"Wypo\u017cyczalnia skrzyde\u0142\\\", Iwona Pietrzak-P\u0142achta, 16 kart narracyjnych - Tibum Wydawnictwo Kamishibai - Papierowy Teatr\",\"isPartOf\":{\"@id\":\"https:\\\/\\\/www.tibum.pl\\\/shop\\\/#website\"},\"primaryImageOfPage\":{\"@id\":\"https:\\\/\\\/www.tibum.pl\\\/shop\\\/produkt\\\/wypozyczalna-skrzydel#primaryimage\"},\"image\":{\"@id\":\"https:\\\/\\\/www.tibum.pl\\\/shop\\\/produkt\\\/wypozyczalna-skrzydel#primaryimage\"},\"thumbnailUrl\":\"https:\\\/\\\/www.tibum.pl\\\/shop\\\/wp-content\\\/uploads\\\/okladka_druk-scaled.jpg\",\"datePublished\":\"2024-04-17T13:27:13+00:00\",\"dateModified\":\"2025-11-26T11:32:47+00:00\",\"breadcrumb\":{\"@id\":\"https:\\\/\\\/www.tibum.pl\\\/shop\\\/produkt\\\/wypozyczalna-skrzydel#breadcrumb\"},\"inLanguage\":\"pl-PL\",\"potentialAction\":[{\"@type\":\"ReadAction\",\"target\":[\"https:\\\/\\\/www.tibum.pl\\\/shop\\\/produkt\\\/wypozyczalna-skrzydel\"]}]},{\"@type\":\"ImageObject\",\"inLanguage\":\"pl-PL\",\"@id\":\"https:\\\/\\\/www.tibum.pl\\\/shop\\\/produkt\\\/wypozyczalna-skrzydel#primaryimage\",\"url\":\"https:\\\/\\\/www.tibum.pl\\\/shop\\\/wp-content\\\/uploads\\\/okladka_druk-scaled.jpg\",\"contentUrl\":\"https:\\\/\\\/www.tibum.pl\\\/shop\\\/wp-content\\\/uploads\\\/okladka_druk-scaled.jpg\",\"width\":1448,\"height\":1024,\"caption\":\"ok\u0142adka wypo\u017cyczalnia skrzyde\u0142\"},{\"@type\":\"BreadcrumbList\",\"@id\":\"https:\\\/\\\/www.tibum.pl\\\/shop\\\/produkt\\\/wypozyczalna-skrzydel#breadcrumb\",\"itemListElement\":[{\"@type\":\"ListItem\",\"position\":1,\"name\":\"Home\",\"item\":\"https:\\\/\\\/www.tibum.pl\\\/shop\\\/\"},{\"@type\":\"ListItem\",\"position\":2,\"name\":\"Sklep\",\"item\":\"https:\\\/\\\/www.tibum.pl\\\/shop\\\/sklep\"},{\"@type\":\"ListItem\",\"position\":3,\"name\":\"&#8222;Wypo\u017cyczalnia skrzyde\u0142&#8221;, Iwona Pietrzak-P\u0142achta, 16 kart narracyjnych\"}]},{\"@type\":\"WebSite\",\"@id\":\"https:\\\/\\\/www.tibum.pl\\\/shop\\\/#website\",\"url\":\"https:\\\/\\\/www.tibum.pl\\\/shop\\\/\",\"name\":\"Tibum Wydawnictwo Kamishibai - Papierowy Teatr\",\"description\":\"wydawca ksi\u0105\u017cek i bajek obrazkowych kamishibai\",\"potentialAction\":[{\"@type\":\"SearchAction\",\"target\":{\"@type\":\"EntryPoint\",\"urlTemplate\":\"https:\\\/\\\/www.tibum.pl\\\/shop\\\/?s={search_term_string}\"},\"query-input\":{\"@type\":\"PropertyValueSpecification\",\"valueRequired\":true,\"valueName\":\"search_term_string\"}}],\"inLanguage\":\"pl-PL\"}]}<\/script>\n<!-- \/ Yoast SEO plugin. -->","yoast_head_json":{"title":"\"Wypo\u017cyczalnia skrzyde\u0142\", Iwona Pietrzak-P\u0142achta, 16 kart narracyjnych - Tibum Wydawnictwo Kamishibai - Papierowy Teatr","robots":{"index":"index","follow":"follow","max-snippet":"max-snippet:-1","max-image-preview":"max-image-preview:large","max-video-preview":"max-video-preview:-1"},"canonical":"https:\/\/www.tibum.pl\/shop\/produkt\/wypozyczalna-skrzydel","og_locale":"pl_PL","og_type":"article","og_title":"\"Wypo\u017cyczalnia skrzyde\u0142\", Iwona Pietrzak-P\u0142achta, 16 kart narracyjnych - Tibum Wydawnictwo Kamishibai - Papierowy Teatr","og_description":"ksi\u0105\u017cka kamishibai w formie ilustrowanych kart narracyjnych do teatrzyku drewnianego  Tytu\u0142: \"Wypo\u017cyczalnia skrzyde\u0142\"  Tekst: Iwona Pietrzak-P\u0142achta  Ilustracje: Matylda Konecka  ISBN: 978-83-961120-8-8   &nbsp;","og_url":"https:\/\/www.tibum.pl\/shop\/produkt\/wypozyczalna-skrzydel","og_site_name":"Tibum Wydawnictwo Kamishibai - Papierowy Teatr","article_publisher":"https:\/\/www.facebook.com\/PapierowyTeatr","article_modified_time":"2025-11-26T11:32:47+00:00","og_image":[{"width":1448,"height":1024,"url":"https:\/\/www.tibum.pl\/shop\/wp-content\/uploads\/okladka_druk-scaled.jpg","type":"image\/jpeg"}],"twitter_card":"summary_large_image","twitter_misc":{"Szacowany czas czytania":"3 minuty"},"schema":{"@context":"https:\/\/schema.org","@graph":[{"@type":"WebPage","@id":"https:\/\/www.tibum.pl\/shop\/produkt\/wypozyczalna-skrzydel","url":"https:\/\/www.tibum.pl\/shop\/produkt\/wypozyczalna-skrzydel","name":"\"Wypo\u017cyczalnia skrzyde\u0142\", Iwona Pietrzak-P\u0142achta, 16 kart narracyjnych - Tibum Wydawnictwo Kamishibai - Papierowy Teatr","isPartOf":{"@id":"https:\/\/www.tibum.pl\/shop\/#website"},"primaryImageOfPage":{"@id":"https:\/\/www.tibum.pl\/shop\/produkt\/wypozyczalna-skrzydel#primaryimage"},"image":{"@id":"https:\/\/www.tibum.pl\/shop\/produkt\/wypozyczalna-skrzydel#primaryimage"},"thumbnailUrl":"https:\/\/www.tibum.pl\/shop\/wp-content\/uploads\/okladka_druk-scaled.jpg","datePublished":"2024-04-17T13:27:13+00:00","dateModified":"2025-11-26T11:32:47+00:00","breadcrumb":{"@id":"https:\/\/www.tibum.pl\/shop\/produkt\/wypozyczalna-skrzydel#breadcrumb"},"inLanguage":"pl-PL","potentialAction":[{"@type":"ReadAction","target":["https:\/\/www.tibum.pl\/shop\/produkt\/wypozyczalna-skrzydel"]}]},{"@type":"ImageObject","inLanguage":"pl-PL","@id":"https:\/\/www.tibum.pl\/shop\/produkt\/wypozyczalna-skrzydel#primaryimage","url":"https:\/\/www.tibum.pl\/shop\/wp-content\/uploads\/okladka_druk-scaled.jpg","contentUrl":"https:\/\/www.tibum.pl\/shop\/wp-content\/uploads\/okladka_druk-scaled.jpg","width":1448,"height":1024,"caption":"ok\u0142adka wypo\u017cyczalnia skrzyde\u0142"},{"@type":"BreadcrumbList","@id":"https:\/\/www.tibum.pl\/shop\/produkt\/wypozyczalna-skrzydel#breadcrumb","itemListElement":[{"@type":"ListItem","position":1,"name":"Home","item":"https:\/\/www.tibum.pl\/shop\/"},{"@type":"ListItem","position":2,"name":"Sklep","item":"https:\/\/www.tibum.pl\/shop\/sklep"},{"@type":"ListItem","position":3,"name":"&#8222;Wypo\u017cyczalnia skrzyde\u0142&#8221;, Iwona Pietrzak-P\u0142achta, 16 kart narracyjnych"}]},{"@type":"WebSite","@id":"https:\/\/www.tibum.pl\/shop\/#website","url":"https:\/\/www.tibum.pl\/shop\/","name":"Tibum Wydawnictwo Kamishibai - Papierowy Teatr","description":"wydawca ksi\u0105\u017cek i bajek obrazkowych kamishibai","potentialAction":[{"@type":"SearchAction","target":{"@type":"EntryPoint","urlTemplate":"https:\/\/www.tibum.pl\/shop\/?s={search_term_string}"},"query-input":{"@type":"PropertyValueSpecification","valueRequired":true,"valueName":"search_term_string"}}],"inLanguage":"pl-PL"}]}},"_links":{"self":[{"href":"https:\/\/www.tibum.pl\/shop\/wp-json\/wp\/v2\/product\/23066","targetHints":{"allow":["GET"]}}],"collection":[{"href":"https:\/\/www.tibum.pl\/shop\/wp-json\/wp\/v2\/product"}],"about":[{"href":"https:\/\/www.tibum.pl\/shop\/wp-json\/wp\/v2\/types\/product"}],"wp:featuredmedia":[{"embeddable":true,"href":"https:\/\/www.tibum.pl\/shop\/wp-json\/wp\/v2\/media\/23067"}],"wp:attachment":[{"href":"https:\/\/www.tibum.pl\/shop\/wp-json\/wp\/v2\/media?parent=23066"}],"wp:term":[{"taxonomy":"product_brand","embeddable":true,"href":"https:\/\/www.tibum.pl\/shop\/wp-json\/wp\/v2\/product_brand?post=23066"},{"taxonomy":"product_cat","embeddable":true,"href":"https:\/\/www.tibum.pl\/shop\/wp-json\/wp\/v2\/product_cat?post=23066"},{"taxonomy":"product_tag","embeddable":true,"href":"https:\/\/www.tibum.pl\/shop\/wp-json\/wp\/v2\/product_tag?post=23066"}],"curies":[{"name":"wp","href":"https:\/\/api.w.org\/{rel}","templated":true}]}}