{"id":23154,"date":"2021-04-20T14:33:03","date_gmt":"2021-04-20T12:33:03","guid":{"rendered":"https:\/\/www.tibum.pl\/shop\/?post_type=product&#038;p=23154"},"modified":"2025-10-22T21:28:44","modified_gmt":"2025-10-22T19:28:44","slug":"warsztaty-kamishibai","status":"publish","type":"product","link":"https:\/\/www.tibum.pl\/shop\/produkt\/warsztaty-kamishibai","title":{"rendered":"Warsztaty stacjonarne storytelling kamishibai dla dzieci i doros\u0142ych"},"content":{"rendered":"<div class=\"tribe-events-single-event-description tribe-events-content\">\n<div class=\"tribe-events-schedule tribe-clearfix\">\n<h2><span class=\"tribe-event-date-start\"><span style=\"vertical-align: inherit;\"><span style=\"vertical-align: inherit;\"><span style=\"vertical-align: inherit;\"><span class=\"\" style=\"vertical-align: inherit;\"><span style=\"vertical-align: inherit;\"><span style=\"vertical-align: inherit;\">Tw\u00f3rcze warsztaty dla dzieci, m\u0142odzie\u017cy i doros\u0142ych<\/span><\/span><\/span><\/span><\/span><\/span><\/span><\/h2>\n<p>&nbsp;<\/p>\n<\/div>\n<\/div>\n<blockquote><p>W czasie warsztat\u00f3w uczestnicy tworz\u0105 w\u0142asne historie, kt\u00f3re nast\u0119pnie opracowuj\u0105 i przedstawiaj\u0105 w postaci seansu g\u0142o\u015bnego czytania kamishibai.<\/p>\n<ul>\n<li><strong>Warsztaty oparte s\u0105 na pracy zespo\u0142owej z wykorzystaniem technik storytellingowych.<\/strong><\/li>\n<li><strong>Piszemy kr\u00f3tkie, wci\u0105gaj\u0105ce opowie\u015bci. Ilustrujemy je i przedstawiamy &#8211; w teatrze kamishibai, w kr\u0119gu opowie\u015bci lub innej mieszanej formie.<\/strong><\/li>\n<\/ul>\n<p>Uczestnicy pracuj\u0105 w kilkuosobowych zespo\u0142ach. Historia, kt\u00f3r\u0105 wymy\u015blaj\u0105, opracowuj\u0105 i ilustruj\u0105 mo\u017ce by\u0107 wynikiem gry z wykorzystaniem kostek z piktogramami StoryCubes\u00ae, kart metaforycznych, kart narracyjnych lub innych inspiracji literackich lub obrazowych. Innym rodzajem pracy nad opowie\u015bci\u0105 jest adaptacja ba\u015bni, legendy lub wybranej opowie\u015bci.<\/p>\n<p>Uczestnicy warsztat\u00f3w analizuj\u0105 i zastanawiaj\u0105 si\u0119 nad mo\u017cliwym sposobem przedstawienia historii w formie kart ilustracyjnych kamishibai. Na tej podstawie powstaje scenariuszowy storyboard opowie\u015bci storytellingowej.<\/p>\n<p>Po wykonaniu plansz \u2013 kart ilustracyjnych, zespo\u0142y wsp\u00f3lnie opracowuj\u0105 inscenizacj\u0119 opowie\u015bci oraz prezentuj\u0105 swoje przedstawienie w formie seansu g\u0142o\u015bnego czytania kamishibai wed\u0142ug zasad sztuki Papierowego Teatru Kamishibai.<\/p>\n<p><img decoding=\"async\" class=\"wp-image-24731 size-medium aligncenter\" src=\"https:\/\/www.tibum.pl\/shop\/wp-content\/uploads\/2-2-250x250.jpg\" alt=\"\" width=\"250\" height=\"250\" srcset=\"https:\/\/www.tibum.pl\/shop\/wp-content\/uploads\/2-2-250x250.jpg 250w, https:\/\/www.tibum.pl\/shop\/wp-content\/uploads\/2-2-200x200.jpg 200w, https:\/\/www.tibum.pl\/shop\/wp-content\/uploads\/2-2-640x640.jpg 640w, https:\/\/www.tibum.pl\/shop\/wp-content\/uploads\/2-2-768x768.jpg 768w, https:\/\/www.tibum.pl\/shop\/wp-content\/uploads\/2-2-1536x1536.jpg 1536w, https:\/\/www.tibum.pl\/shop\/wp-content\/uploads\/2-2.jpg 1654w\" sizes=\"(max-width: 250px) 100vw, 250px\" \/><\/p>\n<p>&nbsp;<\/p><\/blockquote>\n<p><strong>Czas trwania warsztat\u00f3w: min. 4 godziny zegarowe<br \/>\n<\/strong><\/p>\n<div class=\"tribe-events-single-event-description tribe-events-content\">\n<div class=\"tribe-events-schedule tribe-clearfix\">\n<p><strong>Warsztaty prowadzi: <a href=\"https:\/\/www.tibum.pl\/shop\/autorzy\/zofia-piatkowska\">Zofia Pi\u0105tkowska<\/a><\/strong><\/p>\n<p>Napisz je\u015bli chcesz uzyska\u0107 wi\u0119cej informacji: biuro#tibum.pl<\/p>\n<\/div>\n<p class=\"tribe-events-single-event-title\"><strong><a href=\"https:\/\/www.tibum.pl\/shop\/co-to-jest-kamishibai\">Sprawd\u017a czy jest kamishibai<\/a><\/strong><\/p>\n<\/div>\n<div class=\"tribe-events-single-event-description tribe-events-content\">\n<p>&nbsp;<\/p>\n\n\t\t\t<style type='text\/css'>\n\t\t\t\t#gallery-1 {\n\t\t\t\t\tmargin: auto;\n\t\t\t\t}\n\t\t\t\t#gallery-1 .gallery-item {\n\t\t\t\t\tfloat: left;\n\t\t\t\t\tmargin-top: 10px;\n\t\t\t\t\ttext-align: center;\n\t\t\t\t\twidth: 33%;\n\t\t\t\t}\n\t\t\t\t#gallery-1 img {\n\t\t\t\t\tborder: 2px solid #cfcfcf;\n\t\t\t\t}\n\t\t\t\t#gallery-1 .gallery-caption {\n\t\t\t\t\tmargin-left: 0;\n\t\t\t\t}\n\t\t\t\t\/* see gallery_shortcode() in wp-includes\/media.php *\/\n\t\t\t<\/style>\n\t\t<div id='gallery-1' class='dt-gallery-container gallery galleryid-23154 gallery-columns-3 gallery-size-thumbnail'><dl class='gallery-item'>\n\t\t\t\t<dt class='gallery-icon landscape'>\n\t\t\t\t\t<a class=\"rollover\" href='https:\/\/www.tibum.pl\/shop\/wakacyjne-poetyckie-warsztaty-w-bibliotece-publicznej-w-brzeszczach.htm\/biblioteka_wakacje_1'><img decoding=\"async\" width=\"200\" height=\"150\" src=\"https:\/\/www.tibum.pl\/shop\/wp-content\/uploads\/biblioteka_wakacje_1-200x150.jpg\" class=\"attachment-thumbnail size-thumbnail\" alt=\"dzieci czytaj\u0105 i przedstawiaj\u0105 swoje karty kamishiabi\" srcset=\"https:\/\/www.tibum.pl\/shop\/wp-content\/uploads\/biblioteka_wakacje_1-200x150.jpg 200w, https:\/\/www.tibum.pl\/shop\/wp-content\/uploads\/biblioteka_wakacje_1-640x480.jpg 640w, https:\/\/www.tibum.pl\/shop\/wp-content\/uploads\/biblioteka_wakacje_1-400x300.jpg 400w, https:\/\/www.tibum.pl\/shop\/wp-content\/uploads\/biblioteka_wakacje_1-333x250.jpg 333w, https:\/\/www.tibum.pl\/shop\/wp-content\/uploads\/biblioteka_wakacje_1-768x576.jpg 768w, https:\/\/www.tibum.pl\/shop\/wp-content\/uploads\/biblioteka_wakacje_1-1024x768.jpg 1024w, https:\/\/www.tibum.pl\/shop\/wp-content\/uploads\/biblioteka_wakacje_1-30x23.jpg 30w, https:\/\/www.tibum.pl\/shop\/wp-content\/uploads\/biblioteka_wakacje_1-120x90.jpg 120w, https:\/\/www.tibum.pl\/shop\/wp-content\/uploads\/biblioteka_wakacje_1-65x49.jpg 65w, https:\/\/www.tibum.pl\/shop\/wp-content\/uploads\/biblioteka_wakacje_1.jpg 1365w\" sizes=\"(max-width: 200px) 100vw, 200px\" \/><\/a>\n\t\t\t\t<\/dt><\/dl><dl class='gallery-item'>\n\t\t\t\t<dt class='gallery-icon landscape'>\n\t\t\t\t\t<a class=\"rollover\" href='https:\/\/www.tibum.pl\/shop\/co-to-jest-kamishibai\/teatrzyk_parawan_kamisziba-4'><img decoding=\"async\" width=\"200\" height=\"150\" src=\"https:\/\/www.tibum.pl\/shop\/wp-content\/uploads\/teatrzyk_parawan_kamisziba-4-200x150.jpg\" class=\"attachment-thumbnail size-thumbnail\" alt=\"\" srcset=\"https:\/\/www.tibum.pl\/shop\/wp-content\/uploads\/teatrzyk_parawan_kamisziba-4-200x150.jpg 200w, https:\/\/www.tibum.pl\/shop\/wp-content\/uploads\/teatrzyk_parawan_kamisziba-4-30x23.jpg 30w, https:\/\/www.tibum.pl\/shop\/wp-content\/uploads\/teatrzyk_parawan_kamisziba-4-65x49.jpg 65w, https:\/\/www.tibum.pl\/shop\/wp-content\/uploads\/teatrzyk_parawan_kamisziba-4.jpg 320w\" sizes=\"(max-width: 200px) 100vw, 200px\" \/><\/a>\n\t\t\t\t<\/dt><\/dl><dl class='gallery-item'>\n\t\t\t\t<dt class='gallery-icon landscape'>\n\t\t\t\t\t<a class=\"rollover\" href='https:\/\/www.tibum.pl\/shop\/?attachment_id=10068'><img decoding=\"async\" width=\"200\" height=\"150\" src=\"https:\/\/www.tibum.pl\/shop\/wp-content\/uploads\/warsztaty_kamishibai_tibum16-200x150.jpg\" class=\"attachment-thumbnail size-thumbnail\" alt=\"\" srcset=\"https:\/\/www.tibum.pl\/shop\/wp-content\/uploads\/warsztaty_kamishibai_tibum16-200x150.jpg 200w, https:\/\/www.tibum.pl\/shop\/wp-content\/uploads\/warsztaty_kamishibai_tibum16-400x300.jpg 400w, https:\/\/www.tibum.pl\/shop\/wp-content\/uploads\/warsztaty_kamishibai_tibum16.jpg 640w, https:\/\/www.tibum.pl\/shop\/wp-content\/uploads\/warsztaty_kamishibai_tibum16-333x250.jpg 333w, https:\/\/www.tibum.pl\/shop\/wp-content\/uploads\/warsztaty_kamishibai_tibum16-30x23.jpg 30w\" sizes=\"(max-width: 200px) 100vw, 200px\" \/><\/a>\n\t\t\t\t<\/dt><\/dl><br style=\"clear: both\" \/><dl class='gallery-item'>\n\t\t\t\t<dt class='gallery-icon landscape'>\n\t\t\t\t\t<a class=\"rollover\" href='https:\/\/www.tibum.pl\/shop\/?attachment_id=10061'><img decoding=\"async\" width=\"200\" height=\"150\" src=\"https:\/\/www.tibum.pl\/shop\/wp-content\/uploads\/warsztaty_kamishibai_tibum09-200x150.jpg\" class=\"attachment-thumbnail size-thumbnail\" alt=\"\" srcset=\"https:\/\/www.tibum.pl\/shop\/wp-content\/uploads\/warsztaty_kamishibai_tibum09-200x150.jpg 200w, https:\/\/www.tibum.pl\/shop\/wp-content\/uploads\/warsztaty_kamishibai_tibum09-400x300.jpg 400w, https:\/\/www.tibum.pl\/shop\/wp-content\/uploads\/warsztaty_kamishibai_tibum09.jpg 640w, https:\/\/www.tibum.pl\/shop\/wp-content\/uploads\/warsztaty_kamishibai_tibum09-333x250.jpg 333w, https:\/\/www.tibum.pl\/shop\/wp-content\/uploads\/warsztaty_kamishibai_tibum09-30x23.jpg 30w\" sizes=\"(max-width: 200px) 100vw, 200px\" \/><\/a>\n\t\t\t\t<\/dt><\/dl><dl class='gallery-item'>\n\t\t\t\t<dt class='gallery-icon landscape'>\n\t\t\t\t\t<a class=\"rollover\" href='https:\/\/www.tibum.pl\/shop\/?attachment_id=9621'><img decoding=\"async\" width=\"200\" height=\"150\" src=\"https:\/\/www.tibum.pl\/shop\/wp-content\/uploads\/teatrzyk_parawan_kamisziba-1-200x150.jpg\" class=\"attachment-thumbnail size-thumbnail\" alt=\"\" srcset=\"https:\/\/www.tibum.pl\/shop\/wp-content\/uploads\/teatrzyk_parawan_kamisziba-1-200x150.jpg 200w, https:\/\/www.tibum.pl\/shop\/wp-content\/uploads\/teatrzyk_parawan_kamisziba-1-30x23.jpg 30w, https:\/\/www.tibum.pl\/shop\/wp-content\/uploads\/teatrzyk_parawan_kamisziba-1-120x90.jpg 120w, https:\/\/www.tibum.pl\/shop\/wp-content\/uploads\/teatrzyk_parawan_kamisziba-1-65x49.jpg 65w, https:\/\/www.tibum.pl\/shop\/wp-content\/uploads\/teatrzyk_parawan_kamisziba-1.jpg 320w\" sizes=\"(max-width: 200px) 100vw, 200px\" \/><\/a>\n\t\t\t\t<\/dt><\/dl><dl class='gallery-item'>\n\t\t\t\t<dt class='gallery-icon landscape'>\n\t\t\t\t\t<a class=\"rollover\" href='https:\/\/www.tibum.pl\/shop\/?attachment_id=10112'><img decoding=\"async\" width=\"200\" height=\"150\" src=\"https:\/\/www.tibum.pl\/shop\/wp-content\/uploads\/doskonalenie_nauczycieli_tibum03-200x150.jpg\" class=\"attachment-thumbnail size-thumbnail\" alt=\"\" srcset=\"https:\/\/www.tibum.pl\/shop\/wp-content\/uploads\/doskonalenie_nauczycieli_tibum03-200x150.jpg 200w, https:\/\/www.tibum.pl\/shop\/wp-content\/uploads\/doskonalenie_nauczycieli_tibum03-333x250.jpg 333w, https:\/\/www.tibum.pl\/shop\/wp-content\/uploads\/doskonalenie_nauczycieli_tibum03-30x23.jpg 30w, https:\/\/www.tibum.pl\/shop\/wp-content\/uploads\/doskonalenie_nauczycieli_tibum03.jpg 640w, https:\/\/www.tibum.pl\/shop\/wp-content\/uploads\/doskonalenie_nauczycieli_tibum03-400x300.jpg 400w\" sizes=\"(max-width: 200px) 100vw, 200px\" \/><\/a>\n\t\t\t\t<\/dt><\/dl><br style=\"clear: both\" \/>\n\t\t\t<\/div>\n\n<p>&nbsp;<\/p>\n<p>&nbsp;<\/p>\n<p style=\"text-align: center;\"><a href=\"https:\/\/www.tibum.pl\/shop\/edukacja\"><strong>Praca z kamishibai:<\/strong><\/a><\/p>\n<p style=\"text-align: center;\">\u2022 pobudza wyobra\u017ani\u0119<br \/>\n\u2022 wspomaga kreatywno\u015b\u0107<br \/>\n\u2022 promuje prac\u0119 zespo\u0142ow\u0105<br \/>\n\u2022 wspomaga umiej\u0119tno\u015bci komunikacyjne<br \/>\n\u2022 w atrakcyjny spos\u00f3b przedstawia literatur\u0119<br \/>\n\u2022 zach\u0119ca do swobodnej wypowiedzi s\u0142ownej<br \/>\n\u2022 inspiruje tworzenie w\u0142asnych opowie\u015bci i prezentacji ich w formie tekstowej i plastycznej<\/p>\n<p>&nbsp;<\/p>\n<\/div>\n<div class=\"tribe-events-single-event-description tribe-events-content\">\n<p>&nbsp;<\/p>\n<p>&nbsp;<\/p>\n<p>&nbsp;<\/p>\n<\/div>\n","protected":false},"excerpt":{"rendered":"<header class=\"tribe-events-calendar-list__event-header\"><\/header>\n<div class=\"tribe-events-calendar-list__event-description tribe-common-b2 tribe-common-a11y-hidden\">\n<p>&nbsp;<\/p>\n<p>Cena do uzgodnienia, prosimy o kontakt tel. 607974977<\/p>\n<\/div>\n","protected":false},"featured_media":10057,"template":"","meta":[],"product_brand":[],"product_cat":[859],"product_tag":[572,627,541,494],"class_list":{"0":"post-23154","1":"product","2":"type-product","3":"status-publish","4":"has-post-thumbnail","6":"product_cat-online","7":"product_tag-storytelling","8":"product_tag-szkolenie-kamishibai","9":"product_tag-teatrzyk-drewniany","10":"product_tag-teatrzyk-kamishibai","11":"description-off","13":"first","14":"instock","15":"featured","16":"taxable","17":"shipping-taxable","18":"product-type-simple"},"yoast_head":"<!-- This site is optimized with the Yoast SEO plugin v27.3 - https:\/\/yoast.com\/product\/yoast-seo-wordpress\/ -->\n<title>Warsztaty stacjonarne storytelling kamishibai dla dzieci i doros\u0142ych - Tibum Wydawnictwo Kamishibai - Papierowy Teatr<\/title>\n<meta name=\"robots\" content=\"index, follow, max-snippet:-1, max-image-preview:large, max-video-preview:-1\" \/>\n<link rel=\"canonical\" href=\"https:\/\/www.tibum.pl\/shop\/produkt\/warsztaty-kamishibai\" \/>\n<meta property=\"og:locale\" content=\"pl_PL\" \/>\n<meta property=\"og:type\" content=\"article\" \/>\n<meta property=\"og:title\" content=\"Warsztaty stacjonarne storytelling kamishibai dla dzieci i doros\u0142ych - Tibum Wydawnictwo Kamishibai - Papierowy Teatr\" \/>\n<meta property=\"og:description\" content=\"&nbsp;  Cena do uzgodnienia, prosimy o kontakt tel. 607974977\" \/>\n<meta property=\"og:url\" content=\"https:\/\/www.tibum.pl\/shop\/produkt\/warsztaty-kamishibai\" \/>\n<meta property=\"og:site_name\" content=\"Tibum Wydawnictwo Kamishibai - Papierowy Teatr\" \/>\n<meta property=\"article:publisher\" content=\"https:\/\/www.facebook.com\/PapierowyTeatr\" \/>\n<meta property=\"article:modified_time\" content=\"2025-10-22T19:28:44+00:00\" \/>\n<meta property=\"og:image\" content=\"https:\/\/www.tibum.pl\/shop\/wp-content\/uploads\/warsztaty_kamishibai_tibum05.jpg\" \/>\n\t<meta property=\"og:image:width\" content=\"640\" \/>\n\t<meta property=\"og:image:height\" content=\"480\" \/>\n\t<meta property=\"og:image:type\" content=\"image\/jpeg\" \/>\n<meta name=\"twitter:card\" content=\"summary_large_image\" \/>\n<meta name=\"twitter:label1\" content=\"Szacowany czas czytania\" \/>\n\t<meta name=\"twitter:data1\" content=\"1 minuta\" \/>\n<script type=\"application\/ld+json\" class=\"yoast-schema-graph\">{\"@context\":\"https:\\\/\\\/schema.org\",\"@graph\":[{\"@type\":\"WebPage\",\"@id\":\"https:\\\/\\\/www.tibum.pl\\\/shop\\\/produkt\\\/warsztaty-kamishibai\",\"url\":\"https:\\\/\\\/www.tibum.pl\\\/shop\\\/produkt\\\/warsztaty-kamishibai\",\"name\":\"Warsztaty stacjonarne storytelling kamishibai dla dzieci i doros\u0142ych - Tibum Wydawnictwo Kamishibai - Papierowy Teatr\",\"isPartOf\":{\"@id\":\"https:\\\/\\\/www.tibum.pl\\\/shop\\\/#website\"},\"primaryImageOfPage\":{\"@id\":\"https:\\\/\\\/www.tibum.pl\\\/shop\\\/produkt\\\/warsztaty-kamishibai#primaryimage\"},\"image\":{\"@id\":\"https:\\\/\\\/www.tibum.pl\\\/shop\\\/produkt\\\/warsztaty-kamishibai#primaryimage\"},\"thumbnailUrl\":\"https:\\\/\\\/www.tibum.pl\\\/shop\\\/wp-content\\\/uploads\\\/warsztaty_kamishibai_tibum05.jpg\",\"datePublished\":\"2021-04-20T12:33:03+00:00\",\"dateModified\":\"2025-10-22T19:28:44+00:00\",\"breadcrumb\":{\"@id\":\"https:\\\/\\\/www.tibum.pl\\\/shop\\\/produkt\\\/warsztaty-kamishibai#breadcrumb\"},\"inLanguage\":\"pl-PL\",\"potentialAction\":[{\"@type\":\"ReadAction\",\"target\":[\"https:\\\/\\\/www.tibum.pl\\\/shop\\\/produkt\\\/warsztaty-kamishibai\"]}]},{\"@type\":\"ImageObject\",\"inLanguage\":\"pl-PL\",\"@id\":\"https:\\\/\\\/www.tibum.pl\\\/shop\\\/produkt\\\/warsztaty-kamishibai#primaryimage\",\"url\":\"https:\\\/\\\/www.tibum.pl\\\/shop\\\/wp-content\\\/uploads\\\/warsztaty_kamishibai_tibum05.jpg\",\"contentUrl\":\"https:\\\/\\\/www.tibum.pl\\\/shop\\\/wp-content\\\/uploads\\\/warsztaty_kamishibai_tibum05.jpg\",\"width\":640,\"height\":480,\"caption\":\"warsztaty kamishibai_Tuwim\"},{\"@type\":\"BreadcrumbList\",\"@id\":\"https:\\\/\\\/www.tibum.pl\\\/shop\\\/produkt\\\/warsztaty-kamishibai#breadcrumb\",\"itemListElement\":[{\"@type\":\"ListItem\",\"position\":1,\"name\":\"Home\",\"item\":\"https:\\\/\\\/www.tibum.pl\\\/shop\\\/\"},{\"@type\":\"ListItem\",\"position\":2,\"name\":\"Sklep\",\"item\":\"https:\\\/\\\/www.tibum.pl\\\/shop\\\/sklep\"},{\"@type\":\"ListItem\",\"position\":3,\"name\":\"Warsztaty stacjonarne storytelling kamishibai dla dzieci i doros\u0142ych\"}]},{\"@type\":\"WebSite\",\"@id\":\"https:\\\/\\\/www.tibum.pl\\\/shop\\\/#website\",\"url\":\"https:\\\/\\\/www.tibum.pl\\\/shop\\\/\",\"name\":\"Tibum Wydawnictwo Kamishibai - Papierowy Teatr\",\"description\":\"wydawca ksi\u0105\u017cek i bajek obrazkowych kamishibai\",\"potentialAction\":[{\"@type\":\"SearchAction\",\"target\":{\"@type\":\"EntryPoint\",\"urlTemplate\":\"https:\\\/\\\/www.tibum.pl\\\/shop\\\/?s={search_term_string}\"},\"query-input\":{\"@type\":\"PropertyValueSpecification\",\"valueRequired\":true,\"valueName\":\"search_term_string\"}}],\"inLanguage\":\"pl-PL\"}]}<\/script>\n<!-- \/ Yoast SEO plugin. -->","yoast_head_json":{"title":"Warsztaty stacjonarne storytelling kamishibai dla dzieci i doros\u0142ych - Tibum Wydawnictwo Kamishibai - Papierowy Teatr","robots":{"index":"index","follow":"follow","max-snippet":"max-snippet:-1","max-image-preview":"max-image-preview:large","max-video-preview":"max-video-preview:-1"},"canonical":"https:\/\/www.tibum.pl\/shop\/produkt\/warsztaty-kamishibai","og_locale":"pl_PL","og_type":"article","og_title":"Warsztaty stacjonarne storytelling kamishibai dla dzieci i doros\u0142ych - Tibum Wydawnictwo Kamishibai - Papierowy Teatr","og_description":"&nbsp;  Cena do uzgodnienia, prosimy o kontakt tel. 607974977","og_url":"https:\/\/www.tibum.pl\/shop\/produkt\/warsztaty-kamishibai","og_site_name":"Tibum Wydawnictwo Kamishibai - Papierowy Teatr","article_publisher":"https:\/\/www.facebook.com\/PapierowyTeatr","article_modified_time":"2025-10-22T19:28:44+00:00","og_image":[{"width":640,"height":480,"url":"https:\/\/www.tibum.pl\/shop\/wp-content\/uploads\/warsztaty_kamishibai_tibum05.jpg","type":"image\/jpeg"}],"twitter_card":"summary_large_image","twitter_misc":{"Szacowany czas czytania":"1 minuta"},"schema":{"@context":"https:\/\/schema.org","@graph":[{"@type":"WebPage","@id":"https:\/\/www.tibum.pl\/shop\/produkt\/warsztaty-kamishibai","url":"https:\/\/www.tibum.pl\/shop\/produkt\/warsztaty-kamishibai","name":"Warsztaty stacjonarne storytelling kamishibai dla dzieci i doros\u0142ych - Tibum Wydawnictwo Kamishibai - Papierowy Teatr","isPartOf":{"@id":"https:\/\/www.tibum.pl\/shop\/#website"},"primaryImageOfPage":{"@id":"https:\/\/www.tibum.pl\/shop\/produkt\/warsztaty-kamishibai#primaryimage"},"image":{"@id":"https:\/\/www.tibum.pl\/shop\/produkt\/warsztaty-kamishibai#primaryimage"},"thumbnailUrl":"https:\/\/www.tibum.pl\/shop\/wp-content\/uploads\/warsztaty_kamishibai_tibum05.jpg","datePublished":"2021-04-20T12:33:03+00:00","dateModified":"2025-10-22T19:28:44+00:00","breadcrumb":{"@id":"https:\/\/www.tibum.pl\/shop\/produkt\/warsztaty-kamishibai#breadcrumb"},"inLanguage":"pl-PL","potentialAction":[{"@type":"ReadAction","target":["https:\/\/www.tibum.pl\/shop\/produkt\/warsztaty-kamishibai"]}]},{"@type":"ImageObject","inLanguage":"pl-PL","@id":"https:\/\/www.tibum.pl\/shop\/produkt\/warsztaty-kamishibai#primaryimage","url":"https:\/\/www.tibum.pl\/shop\/wp-content\/uploads\/warsztaty_kamishibai_tibum05.jpg","contentUrl":"https:\/\/www.tibum.pl\/shop\/wp-content\/uploads\/warsztaty_kamishibai_tibum05.jpg","width":640,"height":480,"caption":"warsztaty kamishibai_Tuwim"},{"@type":"BreadcrumbList","@id":"https:\/\/www.tibum.pl\/shop\/produkt\/warsztaty-kamishibai#breadcrumb","itemListElement":[{"@type":"ListItem","position":1,"name":"Home","item":"https:\/\/www.tibum.pl\/shop\/"},{"@type":"ListItem","position":2,"name":"Sklep","item":"https:\/\/www.tibum.pl\/shop\/sklep"},{"@type":"ListItem","position":3,"name":"Warsztaty stacjonarne storytelling kamishibai dla dzieci i doros\u0142ych"}]},{"@type":"WebSite","@id":"https:\/\/www.tibum.pl\/shop\/#website","url":"https:\/\/www.tibum.pl\/shop\/","name":"Tibum Wydawnictwo Kamishibai - Papierowy Teatr","description":"wydawca ksi\u0105\u017cek i bajek obrazkowych kamishibai","potentialAction":[{"@type":"SearchAction","target":{"@type":"EntryPoint","urlTemplate":"https:\/\/www.tibum.pl\/shop\/?s={search_term_string}"},"query-input":{"@type":"PropertyValueSpecification","valueRequired":true,"valueName":"search_term_string"}}],"inLanguage":"pl-PL"}]}},"_links":{"self":[{"href":"https:\/\/www.tibum.pl\/shop\/wp-json\/wp\/v2\/product\/23154","targetHints":{"allow":["GET"]}}],"collection":[{"href":"https:\/\/www.tibum.pl\/shop\/wp-json\/wp\/v2\/product"}],"about":[{"href":"https:\/\/www.tibum.pl\/shop\/wp-json\/wp\/v2\/types\/product"}],"wp:featuredmedia":[{"embeddable":true,"href":"https:\/\/www.tibum.pl\/shop\/wp-json\/wp\/v2\/media\/10057"}],"wp:attachment":[{"href":"https:\/\/www.tibum.pl\/shop\/wp-json\/wp\/v2\/media?parent=23154"}],"wp:term":[{"taxonomy":"product_brand","embeddable":true,"href":"https:\/\/www.tibum.pl\/shop\/wp-json\/wp\/v2\/product_brand?post=23154"},{"taxonomy":"product_cat","embeddable":true,"href":"https:\/\/www.tibum.pl\/shop\/wp-json\/wp\/v2\/product_cat?post=23154"},{"taxonomy":"product_tag","embeddable":true,"href":"https:\/\/www.tibum.pl\/shop\/wp-json\/wp\/v2\/product_tag?post=23154"}],"curies":[{"name":"wp","href":"https:\/\/api.w.org\/{rel}","templated":true}]}}