{"id":23245,"date":"2024-05-07T16:42:00","date_gmt":"2024-05-07T14:42:00","guid":{"rendered":"https:\/\/www.tibum.pl\/shop\/?post_type=product&#038;p=23245"},"modified":"2025-12-03T13:57:31","modified_gmt":"2025-12-03T12:57:31","slug":"tygrys-niemrawy","status":"publish","type":"product","link":"https:\/\/www.tibum.pl\/shop\/produkt\/tygrys-niemrawy","title":{"rendered":"&#8222;Tygrys Niemrawy&#8221;, Sabina Furma\u0144ska, 15 kart narracyjnych"},"content":{"rendered":"<article>\n<div style=\"text-align: left;\">\n<p><strong>ksi\u0105\u017cka kamishibai<\/strong> w formie ilustrowanych kart narracyjnych do teatrzyku kamishibai<\/p>\n<h3><strong>Tytu\u0142: &#8222;Rzecz o Tygrysie Niemrawym&#8221;<\/strong><\/h3>\n<p><strong>Tekst: <a href=\"https:\/\/www.tibum.pl\/shop\/autorzy\/sabina-furmanska\">Sabina Furma\u0144ska<\/a><\/strong><\/p>\n<p><strong>Ilustracje: <a href=\"https:\/\/www.tibum.pl\/shop\/autorzy\/justyna-dluzniewska\">Justyna Tkocz<\/a><\/strong><\/p>\n<p><strong>ISBN: 978-83-961120-9-5<\/strong><\/p>\n<p>bajka kamishibai<\/p>\n<p>bajka terapeutyczna<\/p>\n<p>Seri\u0119 bajek terapeutycznych autorstwa Sabiny Furma\u0144skiej otwiera pi\u0119knie zilustrowana przez Justyn\u0119 Tkocz (D\u0142u\u017cniewska) opowie\u015b\u0107 o pokonywaniu l\u0119ku, wstydu i nie\u015bmia\u0142o\u015bci.<\/p>\n<p>Bajki z serii, kt\u00f3r\u0105 inicjujemy b\u0119d\u0105 dotyczy\u0142y najcz\u0119stszych problem\u00f3w i trudno\u015bci do\u015bwiadczanych przez dzieci, Wszystkie opowie\u015bci mog\u0105 by\u0107 r\u00f3wnie\u017c form\u0105 wsparcia dla dzieci w trudnych momentach \u017cyciowych. Ka\u017cda bajka stanowi autonomicznym materia\u0142 dydaktyczny pomocny w pracy z dzie\u0107mi, nie tylko w szkole, przedszkolach, ale r\u00f3wnie\u017c w domu.<\/p>\n<\/div>\n<div style=\"text-align: left;\">\n<p>Jedn\u0105 z najwa\u017cniejszych w szeroko poj\u0119tej socjalizacji stanowi edukacja wychowawczo \u2013 emocjonalno \u2013spo\u0142eczna. Pozwala ona na budowanie relacji r\u00f3wie\u015bniczych, grupowych, uczy odporno\u015bci na frustracj\u0119 i generalnie umiej\u0119tno\u015bci radzenia sobie w sytuacjach trudnych, kszta\u0142tuje inteligencj\u0119 emocjonaln\u0105 i umiej\u0119tno\u015b\u0107 wsp\u00f3\u0142pracy.<\/p>\n<p>&nbsp;<\/p>\n<blockquote><p><em>Edukacja w kierunku pracy nad emocjami oraz w\u0142asnym wn\u0119trzem wa\u017cne aby by\u0142a jednak przyjazna, bezpieczna i jak najbardziej tre\u015bciwa. Jedn\u0105 z pierwotnych, znanych z wczesnego dzieci\u0144stwa i kojarz\u0105cych si\u0119 nierzadko z bezpiecznym, rodzinnym domem jest biblioterapia, kt\u00f3ra w swojej szczeg\u00f3lnej odmianie zwanej bajkoterapi\u0105 ma ugruntowan\u0105 pozycj\u0119 w procesie terapii prowadzonej przez specjalist\u00f3w pracuj\u0105cych z osobami maj\u0105cymi trudno\u015bci zw\u0142aszcza w sferze emocjonalno \u2013 spo\u0142ecznej.<\/em><\/p>\n<p><em>Szczeg\u00f3lnym walorem tekst\u00f3w literackich jest mo\u017cliwo\u015b\u0107 symbolicznego zetkni\u0119cia si\u0119 z r\u00f3\u017cnymi trudno\u015bciami i sposobami radzenia sobie z nimi. Dzieciom \u0142atwiej poradzi\u0107 sobie z trudno\u015bciami, gdy widz\u0105, \u017ce nie s\u0105 w nich osamotnione, gdy mog\u0105 si\u0119 uto\u017csamia\u0107 z bohaterami utwor\u00f3w, kt\u00f3rzy w najbardziej klasycznej formie bajki nie s\u0105 nawet lud\u017ami, ale maj\u0105 tak bardzo bliskie i ludzkie prze\u017cycia i problemy. Dzieci mog\u0105 zobaczy\u0107 jak bohaterowie bajek radz\u0105 sobie z trudno\u015bciami, kto i co im pomaga i ucz\u0105 si\u0119 skutecznych sposob\u00f3w rozwi\u0105zywania problem\u00f3w. Planuj\u0105c zaj\u0119cia z wykorzystaniem bajek wa\u017cne jest dobranie odpowiednich tekst\u00f3w, atrakcyjnych dla odbiorc\u00f3w i daj\u0105cych szans\u0119 na zrealizowanie za\u0142o\u017conych cel\u00f3w. Poniewa\u017c zaj\u0119cia przeprowadzane w ca\u0142ych klasach nie b\u0119d\u0105 mia\u0142y formy typowej terapii nie obowi\u0105zuj\u0105 tu wszystkie regu\u0142y, kt\u00f3rym ta forma podlega w szczeg\u00f3lno\u015bci nie dopasowuje si\u0119 tre\u015bci utwor\u00f3w do ju\u017c zaistnia\u0142ego problemu. Zaj\u0119cia w klasach maj\u0105 bardziej charakter edukacyjny, profilaktyczny i wychowawczy i maj\u0105 wypracowa\u0107 og\u00f3lne i przydatne w r\u00f3\u017cnych sytuacjach \u017cyciowych strategie post\u0119powania i sposoby reagowania. W szczeg\u00f3lno\u015bci celem jest tutaj wypracowanie umiej\u0119tno\u015bci wsp\u00f3\u0142pracy, ch\u0119ci pomagania, motywacji oraz tolerancji i otwarto\u015bci na innych.<\/em><\/p>\n<p><em>Bajki te mog\u0105 znale\u017a\u0107 uznanie zar\u00f3wno w\u015br\u00f3d dzieci z r\u00f3\u017cnych grup przedszkolnych, jak i uczni\u00f3w z klas 1-3 oraz ich rodzic\u00f3w, a tak\u017ce specjalist\u00f3w pracuj\u0105cych z dzie\u0107mi (pedagog\u00f3w, pedagog\u00f3w specjalnych, psycholog\u00f3w, czy wychowawc\u00f3w). To dobra propozycja na uatrakcyjnienie lekcji, r\u00f3\u017cnych form zaj\u0119\u0107 pozalekcyjnych oraz zaj\u0119\u0107 na \u015bwietlicy; to tak\u017ce prosty z zarazem atrakcyjny spos\u00f3b wprowadzenia m\u0142odych ludzi w \u015bwiat teatru (by\u0107 mo\u017ce b\u0119dzie to wst\u0119p do zorganizowania na tej bazie przedstawienia kukie\u0142kowego czy te\u017c innej formy przedstawienia teatralnego).<\/em><\/p>\n<p>Sabina Furma\u0144ska<\/p><\/blockquote>\n<p>&nbsp;<\/p>\n<p><b>Rzecz o Tygrysie Niemrawym<\/b> to bajka o pokonywaniu swoich s\u0142abo\u015bci takich jak niewiara<\/p>\n<p>w swoje mo\u017cliwo\u015bci, nie\u015bmia\u0142o\u015b\u0107 i l\u0119k. To te\u017c tekst zach\u0119caj\u0105cy do podejmowania pr\u00f3b realizacji swoich marze\u0144.<\/p>\n<p>&nbsp;<\/p>\n<h3 style=\"text-align: right;\"><a href=\"https:\/\/www.tibum.pl\/shop\/wp-content\/uploads\/Scenariusz-zajec-Tygrys-Niemrawy.pdf\">Scenariusz zaj\u0119\u0107 -Tygrys Niemrawy<\/a><\/h3>\n<h3 style=\"text-align: right;\"><a href=\"https:\/\/www.tibum.pl\/shop\/wp-content\/uploads\/karta_0-scalone-1.pdf\">Karty Pracy Tygrys Niemrawy<\/a><\/h3>\n<h3><\/h3>\n<h3>Kolejne ksi\u0105\u017cka z serii bajek terapeutycznych Sabiny Furma\u0144skiej.<\/h3>\n<p>Ksi\u0105\u017cka dla dzieci od lat 4<\/p>\n<\/div>\n<\/article>\n<p>Wydawnictwo: Wydawnictwo Tibum<br \/>\nWymiary: A3 (297\/420 mm)<br \/>\nLiczba kart: 15 (dwustronnych)<br \/>\nIlo\u015b\u0107 stron: 30 (tekst, ilustracje)<br \/>\nRok wydania: 2024<br \/>\nOprawa: kartonowa koperta<\/p>\n<p style=\"font-size: small; font-weight: normal;\"><strong>Uwaga:<\/strong><br \/>\nZdj\u0119cia w galerii produktu mog\u0105 zawiera\u0107 inne przedmioty np. ksi\u0105\u017cki, teatrzyki-parawany, kt\u00f3re s\u0105 osobno zamawianymi pozycjami<\/p>\n<div id=\"s3gt_translate_tooltip_mini\" class=\"s3gt_translate_tooltip_mini_box\" style=\"background: initial !important; border: initial !important; border-radius: initial !important; border-spacing: initial !important; border-collapse: initial !important; direction: ltr !important; flex-direction: initial !important; font-weight: initial !important; height: initial !important; letter-spacing: initial !important; min-width: initial !important; max-width: initial !important; min-height: initial !important; max-height: initial !important; margin: auto !important; padding: initial !important; text-align: initial !important; width: initial !important; color: inherit !important; font-size: 13px !important; font-family: X-LocaleSpecific, sans-serif, Tahoma, Helvetica !important; line-height: 13px !important; vertical-align: top !important;\">\n<div id=\"s3gt_translate_tooltip_mini_logo\" class=\"s3gt_translate_tooltip_mini\" title=\"T\u0142umacz zaznaczony tekst\"><\/div>\n<div id=\"s3gt_translate_tooltip_mini_sound\" class=\"s3gt_translate_tooltip_mini\" title=\"Odtw\u00f3rz\"><\/div>\n<div id=\"s3gt_translate_tooltip_mini_copy\" class=\"s3gt_translate_tooltip_mini\" title=\"Kopiuj tekst do schowka\"><\/div>\n<\/div>\n","protected":false},"excerpt":{"rendered":"<p>ksi\u0105\u017cka kamishibai w formie ilustrowanych kart narracyjnych do teatrzyku drewnianego<\/p>\n<p><strong>Tytu\u0142: <\/strong><strong>Rzecz o Tygrysie Niemrawym<\/strong><\/p>\n<p><strong>Tekst: <a href=\"https:\/\/www.tibum.pl\/shop\/autorzy\/sabina-furmanska\">Sabina Furma\u0144ska<\/a><\/strong><\/p>\n<p><strong>Ilustracje: <a href=\"https:\/\/www.tibum.pl\/shop\/autorzy\/justyna-dluzniewska\">Justyna Tkocz<\/a><\/strong><\/p>\n<p><strong>ISBN: <\/strong><b>978-83-961120-9-5<\/b><\/p>\n<p><strong>\u00a0<\/strong><\/p>\n<p>&nbsp;<\/p>\n","protected":false},"featured_media":23250,"template":"","meta":[],"product_brand":[],"product_cat":[18,48],"product_tag":[580,884,475,950,572,541,221],"class_list":{"0":"post-23245","1":"product","2":"type-product","3":"status-publish","4":"has-post-thumbnail","6":"product_cat-kamishibai","7":"product_cat-karty-narracyjne-do-teatrzyku-kamishibai","8":"product_tag-bajka-kamishibai","9":"product_tag-bajkoterapia","10":"product_tag-karty-kamishibai","11":"product_tag-oswajanki","12":"product_tag-storytelling","13":"product_tag-teatrzyk-drewniany","14":"product_tag-tibum","15":"product_shipping_class-lekkie1","16":"description-off","18":"first","19":"instock","20":"featured","21":"taxable","22":"shipping-taxable","23":"purchasable","24":"product-type-simple"},"yoast_head":"<!-- This site is optimized with the Yoast SEO plugin v27.3 - https:\/\/yoast.com\/product\/yoast-seo-wordpress\/ -->\n<title>&quot;Tygrys Niemrawy&quot;, Sabina Furma\u0144ska, 15 kart narracyjnych - Tibum Wydawnictwo Kamishibai - Papierowy Teatr<\/title>\n<meta name=\"description\" content=\"Prosta, urocza bajka dla najm\u0142odszych widz\u00f3w teatru kamishibai. O tym jak pokona\u0107 wstyd i nie\u015bmia\u0142o\u015b\u0107 w prostej i przyst\u0119pnej formie opowiedzianej za pomoc\u0105 radosnych ilustracji.\" \/>\n<meta name=\"robots\" content=\"index, follow, max-snippet:-1, max-image-preview:large, max-video-preview:-1\" \/>\n<link rel=\"canonical\" href=\"https:\/\/www.tibum.pl\/shop\/produkt\/tygrys-niemrawy\" \/>\n<meta property=\"og:locale\" content=\"pl_PL\" \/>\n<meta property=\"og:type\" content=\"article\" \/>\n<meta property=\"og:title\" content=\"&quot;Tygrys Niemrawy&quot;, Sabina Furma\u0144ska, 15 kart narracyjnych - Tibum Wydawnictwo Kamishibai - Papierowy Teatr\" \/>\n<meta property=\"og:description\" content=\"Prosta, urocza bajka dla najm\u0142odszych widz\u00f3w teatru kamishibai. O tym jak pokona\u0107 wstyd i nie\u015bmia\u0142o\u015b\u0107 w prostej i przyst\u0119pnej formie opowiedzianej za pomoc\u0105 radosnych ilustracji.\" \/>\n<meta property=\"og:url\" content=\"https:\/\/www.tibum.pl\/shop\/produkt\/tygrys-niemrawy\" \/>\n<meta property=\"og:site_name\" content=\"Tibum Wydawnictwo Kamishibai - Papierowy Teatr\" \/>\n<meta property=\"article:publisher\" content=\"https:\/\/www.facebook.com\/PapierowyTeatr\" \/>\n<meta property=\"article:modified_time\" content=\"2025-12-03T12:57:31+00:00\" \/>\n<meta property=\"og:image\" content=\"https:\/\/www.tibum.pl\/shop\/wp-content\/uploads\/0001.jpg\" \/>\n\t<meta property=\"og:image:width\" content=\"2381\" \/>\n\t<meta property=\"og:image:height\" content=\"1683\" \/>\n\t<meta property=\"og:image:type\" content=\"image\/jpeg\" \/>\n<meta name=\"twitter:card\" content=\"summary_large_image\" \/>\n<meta name=\"twitter:label1\" content=\"Szacowany czas czytania\" \/>\n\t<meta name=\"twitter:data1\" content=\"2 minuty\" \/>\n<script type=\"application\/ld+json\" class=\"yoast-schema-graph\">{\"@context\":\"https:\\\/\\\/schema.org\",\"@graph\":[{\"@type\":\"WebPage\",\"@id\":\"https:\\\/\\\/www.tibum.pl\\\/shop\\\/produkt\\\/tygrys-niemrawy\",\"url\":\"https:\\\/\\\/www.tibum.pl\\\/shop\\\/produkt\\\/tygrys-niemrawy\",\"name\":\"\\\"Tygrys Niemrawy\\\", Sabina Furma\u0144ska, 15 kart narracyjnych - Tibum Wydawnictwo Kamishibai - Papierowy Teatr\",\"isPartOf\":{\"@id\":\"https:\\\/\\\/www.tibum.pl\\\/shop\\\/#website\"},\"primaryImageOfPage\":{\"@id\":\"https:\\\/\\\/www.tibum.pl\\\/shop\\\/produkt\\\/tygrys-niemrawy#primaryimage\"},\"image\":{\"@id\":\"https:\\\/\\\/www.tibum.pl\\\/shop\\\/produkt\\\/tygrys-niemrawy#primaryimage\"},\"thumbnailUrl\":\"https:\\\/\\\/www.tibum.pl\\\/shop\\\/wp-content\\\/uploads\\\/0001.jpg\",\"datePublished\":\"2024-05-07T14:42:00+00:00\",\"dateModified\":\"2025-12-03T12:57:31+00:00\",\"description\":\"Prosta, urocza bajka dla najm\u0142odszych widz\u00f3w teatru kamishibai. O tym jak pokona\u0107 wstyd i nie\u015bmia\u0142o\u015b\u0107 w prostej i przyst\u0119pnej formie opowiedzianej za pomoc\u0105 radosnych ilustracji.\",\"breadcrumb\":{\"@id\":\"https:\\\/\\\/www.tibum.pl\\\/shop\\\/produkt\\\/tygrys-niemrawy#breadcrumb\"},\"inLanguage\":\"pl-PL\",\"potentialAction\":[{\"@type\":\"ReadAction\",\"target\":[\"https:\\\/\\\/www.tibum.pl\\\/shop\\\/produkt\\\/tygrys-niemrawy\"]}]},{\"@type\":\"ImageObject\",\"inLanguage\":\"pl-PL\",\"@id\":\"https:\\\/\\\/www.tibum.pl\\\/shop\\\/produkt\\\/tygrys-niemrawy#primaryimage\",\"url\":\"https:\\\/\\\/www.tibum.pl\\\/shop\\\/wp-content\\\/uploads\\\/0001.jpg\",\"contentUrl\":\"https:\\\/\\\/www.tibum.pl\\\/shop\\\/wp-content\\\/uploads\\\/0001.jpg\",\"width\":2381,\"height\":1683},{\"@type\":\"BreadcrumbList\",\"@id\":\"https:\\\/\\\/www.tibum.pl\\\/shop\\\/produkt\\\/tygrys-niemrawy#breadcrumb\",\"itemListElement\":[{\"@type\":\"ListItem\",\"position\":1,\"name\":\"Home\",\"item\":\"https:\\\/\\\/www.tibum.pl\\\/shop\\\/\"},{\"@type\":\"ListItem\",\"position\":2,\"name\":\"Sklep\",\"item\":\"https:\\\/\\\/www.tibum.pl\\\/shop\\\/sklep\"},{\"@type\":\"ListItem\",\"position\":3,\"name\":\"&#8222;Tygrys Niemrawy&#8221;, Sabina Furma\u0144ska, 15 kart narracyjnych\"}]},{\"@type\":\"WebSite\",\"@id\":\"https:\\\/\\\/www.tibum.pl\\\/shop\\\/#website\",\"url\":\"https:\\\/\\\/www.tibum.pl\\\/shop\\\/\",\"name\":\"Tibum Wydawnictwo Kamishibai - Papierowy Teatr\",\"description\":\"wydawca ksi\u0105\u017cek i bajek obrazkowych kamishibai\",\"potentialAction\":[{\"@type\":\"SearchAction\",\"target\":{\"@type\":\"EntryPoint\",\"urlTemplate\":\"https:\\\/\\\/www.tibum.pl\\\/shop\\\/?s={search_term_string}\"},\"query-input\":{\"@type\":\"PropertyValueSpecification\",\"valueRequired\":true,\"valueName\":\"search_term_string\"}}],\"inLanguage\":\"pl-PL\"}]}<\/script>\n<!-- \/ Yoast SEO plugin. -->","yoast_head_json":{"title":"\"Tygrys Niemrawy\", Sabina Furma\u0144ska, 15 kart narracyjnych - Tibum Wydawnictwo Kamishibai - Papierowy Teatr","description":"Prosta, urocza bajka dla najm\u0142odszych widz\u00f3w teatru kamishibai. O tym jak pokona\u0107 wstyd i nie\u015bmia\u0142o\u015b\u0107 w prostej i przyst\u0119pnej formie opowiedzianej za pomoc\u0105 radosnych ilustracji.","robots":{"index":"index","follow":"follow","max-snippet":"max-snippet:-1","max-image-preview":"max-image-preview:large","max-video-preview":"max-video-preview:-1"},"canonical":"https:\/\/www.tibum.pl\/shop\/produkt\/tygrys-niemrawy","og_locale":"pl_PL","og_type":"article","og_title":"\"Tygrys Niemrawy\", Sabina Furma\u0144ska, 15 kart narracyjnych - Tibum Wydawnictwo Kamishibai - Papierowy Teatr","og_description":"Prosta, urocza bajka dla najm\u0142odszych widz\u00f3w teatru kamishibai. O tym jak pokona\u0107 wstyd i nie\u015bmia\u0142o\u015b\u0107 w prostej i przyst\u0119pnej formie opowiedzianej za pomoc\u0105 radosnych ilustracji.","og_url":"https:\/\/www.tibum.pl\/shop\/produkt\/tygrys-niemrawy","og_site_name":"Tibum Wydawnictwo Kamishibai - Papierowy Teatr","article_publisher":"https:\/\/www.facebook.com\/PapierowyTeatr","article_modified_time":"2025-12-03T12:57:31+00:00","og_image":[{"width":2381,"height":1683,"url":"https:\/\/www.tibum.pl\/shop\/wp-content\/uploads\/0001.jpg","type":"image\/jpeg"}],"twitter_card":"summary_large_image","twitter_misc":{"Szacowany czas czytania":"2 minuty"},"schema":{"@context":"https:\/\/schema.org","@graph":[{"@type":"WebPage","@id":"https:\/\/www.tibum.pl\/shop\/produkt\/tygrys-niemrawy","url":"https:\/\/www.tibum.pl\/shop\/produkt\/tygrys-niemrawy","name":"\"Tygrys Niemrawy\", Sabina Furma\u0144ska, 15 kart narracyjnych - Tibum Wydawnictwo Kamishibai - Papierowy Teatr","isPartOf":{"@id":"https:\/\/www.tibum.pl\/shop\/#website"},"primaryImageOfPage":{"@id":"https:\/\/www.tibum.pl\/shop\/produkt\/tygrys-niemrawy#primaryimage"},"image":{"@id":"https:\/\/www.tibum.pl\/shop\/produkt\/tygrys-niemrawy#primaryimage"},"thumbnailUrl":"https:\/\/www.tibum.pl\/shop\/wp-content\/uploads\/0001.jpg","datePublished":"2024-05-07T14:42:00+00:00","dateModified":"2025-12-03T12:57:31+00:00","description":"Prosta, urocza bajka dla najm\u0142odszych widz\u00f3w teatru kamishibai. O tym jak pokona\u0107 wstyd i nie\u015bmia\u0142o\u015b\u0107 w prostej i przyst\u0119pnej formie opowiedzianej za pomoc\u0105 radosnych ilustracji.","breadcrumb":{"@id":"https:\/\/www.tibum.pl\/shop\/produkt\/tygrys-niemrawy#breadcrumb"},"inLanguage":"pl-PL","potentialAction":[{"@type":"ReadAction","target":["https:\/\/www.tibum.pl\/shop\/produkt\/tygrys-niemrawy"]}]},{"@type":"ImageObject","inLanguage":"pl-PL","@id":"https:\/\/www.tibum.pl\/shop\/produkt\/tygrys-niemrawy#primaryimage","url":"https:\/\/www.tibum.pl\/shop\/wp-content\/uploads\/0001.jpg","contentUrl":"https:\/\/www.tibum.pl\/shop\/wp-content\/uploads\/0001.jpg","width":2381,"height":1683},{"@type":"BreadcrumbList","@id":"https:\/\/www.tibum.pl\/shop\/produkt\/tygrys-niemrawy#breadcrumb","itemListElement":[{"@type":"ListItem","position":1,"name":"Home","item":"https:\/\/www.tibum.pl\/shop\/"},{"@type":"ListItem","position":2,"name":"Sklep","item":"https:\/\/www.tibum.pl\/shop\/sklep"},{"@type":"ListItem","position":3,"name":"&#8222;Tygrys Niemrawy&#8221;, Sabina Furma\u0144ska, 15 kart narracyjnych"}]},{"@type":"WebSite","@id":"https:\/\/www.tibum.pl\/shop\/#website","url":"https:\/\/www.tibum.pl\/shop\/","name":"Tibum Wydawnictwo Kamishibai - Papierowy Teatr","description":"wydawca ksi\u0105\u017cek i bajek obrazkowych kamishibai","potentialAction":[{"@type":"SearchAction","target":{"@type":"EntryPoint","urlTemplate":"https:\/\/www.tibum.pl\/shop\/?s={search_term_string}"},"query-input":{"@type":"PropertyValueSpecification","valueRequired":true,"valueName":"search_term_string"}}],"inLanguage":"pl-PL"}]}},"_links":{"self":[{"href":"https:\/\/www.tibum.pl\/shop\/wp-json\/wp\/v2\/product\/23245","targetHints":{"allow":["GET"]}}],"collection":[{"href":"https:\/\/www.tibum.pl\/shop\/wp-json\/wp\/v2\/product"}],"about":[{"href":"https:\/\/www.tibum.pl\/shop\/wp-json\/wp\/v2\/types\/product"}],"wp:featuredmedia":[{"embeddable":true,"href":"https:\/\/www.tibum.pl\/shop\/wp-json\/wp\/v2\/media\/23250"}],"wp:attachment":[{"href":"https:\/\/www.tibum.pl\/shop\/wp-json\/wp\/v2\/media?parent=23245"}],"wp:term":[{"taxonomy":"product_brand","embeddable":true,"href":"https:\/\/www.tibum.pl\/shop\/wp-json\/wp\/v2\/product_brand?post=23245"},{"taxonomy":"product_cat","embeddable":true,"href":"https:\/\/www.tibum.pl\/shop\/wp-json\/wp\/v2\/product_cat?post=23245"},{"taxonomy":"product_tag","embeddable":true,"href":"https:\/\/www.tibum.pl\/shop\/wp-json\/wp\/v2\/product_tag?post=23245"}],"curies":[{"name":"wp","href":"https:\/\/api.w.org\/{rel}","templated":true}]}}