{"id":24247,"date":"2019-01-13T14:02:30","date_gmt":"2019-01-13T13:02:30","guid":{"rendered":"https:\/\/www.tibum.pl\/shop\/?post_type=product&#038;p=24247"},"modified":"2026-04-01T09:42:56","modified_gmt":"2026-04-01T07:42:56","slug":"wszystko-o-kamishibai-ebook","status":"publish","type":"product","link":"https:\/\/www.tibum.pl\/shop\/produkt\/wszystko-o-kamishibai-ebook","title":{"rendered":"&#8222;Wszystko o kamishibai&#8221;, Zofia Pi\u0105tkowska, e-book"},"content":{"rendered":"<div style=\"text-align: left;\">\n<p>Tytu\u0142: <strong>&#8222;<cite>WSZYSTKO O KAMISHIBAI&#8221;<\/cite><\/strong><\/p>\n<p>Autor:<a href=\"https:\/\/www.tibum.pl\/shop\/autorzy\/zofia-piatkowska\"> Zofia Pi\u0105tkowska<\/a><\/p>\n<p>e-book ISBN 978-83-971271-3-5<\/p>\n<p>&nbsp;<\/p>\n<p>Praktyczny poradnik odpowiadaj\u0105cy na podstawowe i kluczowe pytanie JAK?<\/p>\n<ul>\n<li>Jak zorganizowa\u0107 i przygotowa\u0107 seans kamishibai?<\/li>\n<li>Jakie s\u0105 podstawowe elementy niezb\u0119dne dla stworzenia udanego przedstawienia kamishibai?<\/li>\n<li>Czym jest ksi\u0105\u017cka kamishibai a czym nie jest?<\/li>\n<li>Jaki jest g\u0142\u00f3wny cel\/cele pracy z kamishibai?<\/li>\n<li>Na czym polega &#8222;magia&#8221; tej metody?<\/li>\n<\/ul>\n<p>Ksi\u0105\u017cka powsta\u0142a w oparciu o do\u015bwiadczenie pracy z kamishibai od 2012 roku oraz szeregu bada\u0144 przeprowadzonych przez Mi\u0119dzynarodowe Stowarzyszenie Kamishibai Japonii (IKAJA). W ksi\u0105\u017cce dziele si\u0119 r\u00f3wnie\u017c moim do\u015bwiadczenie z prac\u0105 kamishibai w szko\u0142ach i bibliotekach w ca\u0142ej Polsce. Od pocz\u0105tk\u00f3w istnienia Wydawnictwa Tibum zbierali\u015bmy r\u00f3wnie\u017c informacj\u0119 od os\u00f3b praktykuj\u0105cych, od nauczycieli i edukator\u00f3w pracuj\u0105cych z teatrem kamishibai.<\/p>\n<p>Ksi\u0105\u017cka pokazuje jak za pomoc\u0105 cudownej energii p\u0142yn\u0105cej z<em> ky\u014dkan<\/em><em>,<\/em> czyli rado\u015bci ze \u201ewsp\u00f3lnego odczuwania\u201d wydoby\u0107 z przedstawienia to co najwa\u017cniejsze.<br \/>\nKluczow\u0105 rol\u0119 odgrywa w niej osoba opowiadaj\u0105cego, poniewa\u017c to w\u0142a\u015bnie spos\u00f3b prezentacji pomaga wyzwoli\u0107 i spot\u0119gowa\u0107 ky\u014dkan.<\/p>\n<\/div>\n<blockquote>\n<h6 align=\"JUSTIFY\"><span style=\"font-family: Verdana, serif;\"><span style=\"font-size: large;\">&#8222;Ka\u017cda opowie\u015b\u0107 jest sposobem przekazywania wiedzy o \u017cyciu. Dobra historia charakteryzuje si\u0119 tym, \u017ce autor w spos\u00f3b sugestywny dzieli si\u0119 z nami jakim\u015b fragmentem wiedzy o \u017cyciu. Zar\u00f3wno w ba\u015bni, bajce, legendzie czy opowie\u015bci wiedza ta wyp\u0142ywa z do\u015bwiadcze\u0144 jej autora. To MOC opowie\u015bci. Kiedy lektor przekazuje t\u0119 wiedz\u0119 za pomoc\u0105 opowie\u015bci w teatrze kamishibai, jej moc przenika do \u015bwiata rzeczywistego \u2013 dotykaj\u0105c zebran\u0105 publiczno\u015b\u0107 i lektora w tej samej chwili, w tym samym miejscu.<\/span><\/span><\/h6>\n<h6 align=\"JUSTIFY\"><span style=\"font-family: Verdana, serif;\"><span style=\"font-size: large;\">Silna koncentracja na opowie\u015bci oraz poczucie wsp\u00f3\u0142uczestniczenia i wsp\u00f3\u0142prze\u017cywania historii wyzwalaj\u0105 kyokan opowie\u015bci \u2013 wsp\u00f3lnot\u0119 my\u015bli i uczu\u0107 gdy, prze\u017cywane s\u0105 ujawnione przez opowie\u015b\u0107 prawdy: o \u017cyciu i jego sensie, o tym, kim jeste\u015bmy i dok\u0105d zmierzamy. Mo\u017cna powiedzie\u0107, \u017ce to moment \u201euciele\u015bnienia si\u0119\u201d \u015bwiata warto\u015bci, kt\u00f3re nie s\u0105 namacalne, a jednak w tej magicznej chwili i przestrzeni staj\u0105 si\u0119 dla wszystkich \u017cywe i obecne.<\/span><\/span><\/h6>\n<h6 align=\"JUSTIFY\"><span style=\"font-family: Verdana, serif;\"><span style=\"font-size: large;\"><i>Wywo\u0142anie do\u015bwiadczenia kyokan to kluczowy i fundamentalny element sztuki kamishibai. Kyokan to moment, w kt\u00f3rym grupa ludzi wsp\u00f3lnie odkrywa prawd\u0119 na temat sensu istnienia poprzez to samo do\u015bwiadczenie i te same emocje<\/i><\/span><\/span><span style=\"font-family: Verdana, serif;\"><span style=\"font-size: large;\">.&#8221;<\/span><\/span><\/h6>\n<\/blockquote>\n<h6><\/h6>\n<div style=\"text-align: left;\">\n<p>Przekonaj si\u0119, jak\u0105 frajd\u0119 przynosi uprawianie sztuki obrazkowego teatru kamishibai!<\/p>\n<p>Wydawnictwo Tibum<br \/>\ne-book<br \/>\nLiczba kart: 73<br \/>\nRok wydania: 2025<\/p>\n<\/div>\n","protected":false},"excerpt":{"rendered":"<div>Tytu\u0142: <strong>&#8222;<cite>WSZYSTKO O KAMISHIBAI&#8221;<\/cite><\/strong><br \/>\ne-book<br \/>\nAutor: <a href=\"https:\/\/www.tibum.pl\/shop\/autorzy\/zofia-piatkowska\">Zofia Pi\u0105tkowska<\/a><\/div>\n<div><\/div>\n<div>ISBN 978-83-971271-3-5<\/div>\n","protected":false},"featured_media":24249,"template":"","meta":[],"product_brand":[],"product_cat":[41,18,43,47,44,982,859],"product_tag":[546,966,6,571,965,221,322],"class_list":{"0":"post-24247","1":"product","2":"type-product","3":"status-publish","4":"has-post-thumbnail","6":"product_cat-akcesoria-kamishibai","7":"product_cat-kamishibai","8":"product_cat-ksiazka-tradycyjna","9":"product_cat-pomoc-metodyczna","10":"product_cat-poradnik","11":"product_cat-cyfrowe","12":"product_cat-online","13":"product_tag-glosne-czytanie","14":"product_tag-instruktaz","15":"product_tag-kamishibai","16":"product_tag-metoda-kamishibai","17":"product_tag-seans-kamishiba","18":"product_tag-tibum","19":"product_tag-wszystko-o-kamishibai","20":"product_shipping_class-lekkie1","21":"description-off","23":"first","24":"instock","25":"featured","26":"downloadable","27":"virtual","28":"taxable","29":"purchasable","30":"product-type-simple"},"yoast_head":"<!-- This site is optimized with the Yoast SEO plugin v27.3 - https:\/\/yoast.com\/product\/yoast-seo-wordpress\/ -->\n<title>&quot;Wszystko o kamishibai&quot;, Zofia Pi\u0105tkowska, e-book - Tibum Wydawnictwo Kamishibai - Papierowy Teatr<\/title>\n<meta name=\"description\" content=\"Kompendium wiedzy o kamishibai od praktyka. Autorka od lat propaguje ide\u0119 kamishibai w Polsce. Wiedza, do\u015bwiadczenie, pasja. Odpowiedzi na wi\u0119kszo\u015b\u0107 pyta\u0144 dotycz\u0105cych kamishibai!\" \/>\n<meta name=\"robots\" content=\"index, follow, max-snippet:-1, max-image-preview:large, max-video-preview:-1\" \/>\n<link rel=\"canonical\" href=\"https:\/\/www.tibum.pl\/shop\/produkt\/wszystko-o-kamishibai-ebook\" \/>\n<meta property=\"og:locale\" content=\"pl_PL\" \/>\n<meta property=\"og:type\" content=\"article\" \/>\n<meta property=\"og:title\" content=\"&quot;Wszystko o kamishibai&quot;, Zofia Pi\u0105tkowska, e-book - Tibum Wydawnictwo Kamishibai - Papierowy Teatr\" \/>\n<meta property=\"og:description\" content=\"Kompendium wiedzy o kamishibai od praktyka. Autorka od lat propaguje ide\u0119 kamishibai w Polsce. Wiedza, do\u015bwiadczenie, pasja. Odpowiedzi na wi\u0119kszo\u015b\u0107 pyta\u0144 dotycz\u0105cych kamishibai!\" \/>\n<meta property=\"og:url\" content=\"https:\/\/www.tibum.pl\/shop\/produkt\/wszystko-o-kamishibai-ebook\" \/>\n<meta property=\"og:site_name\" content=\"Tibum Wydawnictwo Kamishibai - Papierowy Teatr\" \/>\n<meta property=\"article:publisher\" content=\"https:\/\/www.facebook.com\/PapierowyTeatr\" \/>\n<meta property=\"article:modified_time\" content=\"2026-04-01T07:42:56+00:00\" \/>\n<meta property=\"og:image\" content=\"https:\/\/www.tibum.pl\/shop\/wp-content\/uploads\/okladka-2.jpg\" \/>\n\t<meta property=\"og:image:width\" content=\"441\" \/>\n\t<meta property=\"og:image:height\" content=\"621\" \/>\n\t<meta property=\"og:image:type\" content=\"image\/jpeg\" \/>\n<meta name=\"twitter:card\" content=\"summary_large_image\" \/>\n<meta name=\"twitter:label1\" content=\"Szacowany czas czytania\" \/>\n\t<meta name=\"twitter:data1\" content=\"2 minuty\" \/>\n<script type=\"application\/ld+json\" class=\"yoast-schema-graph\">{\"@context\":\"https:\\\/\\\/schema.org\",\"@graph\":[{\"@type\":\"WebPage\",\"@id\":\"https:\\\/\\\/www.tibum.pl\\\/shop\\\/produkt\\\/wszystko-o-kamishibai-ebook\",\"url\":\"https:\\\/\\\/www.tibum.pl\\\/shop\\\/produkt\\\/wszystko-o-kamishibai-ebook\",\"name\":\"\\\"Wszystko o kamishibai\\\", Zofia Pi\u0105tkowska, e-book - Tibum Wydawnictwo Kamishibai - Papierowy Teatr\",\"isPartOf\":{\"@id\":\"https:\\\/\\\/www.tibum.pl\\\/shop\\\/#website\"},\"primaryImageOfPage\":{\"@id\":\"https:\\\/\\\/www.tibum.pl\\\/shop\\\/produkt\\\/wszystko-o-kamishibai-ebook#primaryimage\"},\"image\":{\"@id\":\"https:\\\/\\\/www.tibum.pl\\\/shop\\\/produkt\\\/wszystko-o-kamishibai-ebook#primaryimage\"},\"thumbnailUrl\":\"https:\\\/\\\/www.tibum.pl\\\/shop\\\/wp-content\\\/uploads\\\/okladka-2.jpg\",\"datePublished\":\"2019-01-13T13:02:30+00:00\",\"dateModified\":\"2026-04-01T07:42:56+00:00\",\"description\":\"Kompendium wiedzy o kamishibai od praktyka. Autorka od lat propaguje ide\u0119 kamishibai w Polsce. Wiedza, do\u015bwiadczenie, pasja. Odpowiedzi na wi\u0119kszo\u015b\u0107 pyta\u0144 dotycz\u0105cych kamishibai!\",\"breadcrumb\":{\"@id\":\"https:\\\/\\\/www.tibum.pl\\\/shop\\\/produkt\\\/wszystko-o-kamishibai-ebook#breadcrumb\"},\"inLanguage\":\"pl-PL\",\"potentialAction\":[{\"@type\":\"ReadAction\",\"target\":[\"https:\\\/\\\/www.tibum.pl\\\/shop\\\/produkt\\\/wszystko-o-kamishibai-ebook\"]}]},{\"@type\":\"ImageObject\",\"inLanguage\":\"pl-PL\",\"@id\":\"https:\\\/\\\/www.tibum.pl\\\/shop\\\/produkt\\\/wszystko-o-kamishibai-ebook#primaryimage\",\"url\":\"https:\\\/\\\/www.tibum.pl\\\/shop\\\/wp-content\\\/uploads\\\/okladka-2.jpg\",\"contentUrl\":\"https:\\\/\\\/www.tibum.pl\\\/shop\\\/wp-content\\\/uploads\\\/okladka-2.jpg\",\"width\":441,\"height\":621,\"caption\":\"wszystko o kamishibai\"},{\"@type\":\"BreadcrumbList\",\"@id\":\"https:\\\/\\\/www.tibum.pl\\\/shop\\\/produkt\\\/wszystko-o-kamishibai-ebook#breadcrumb\",\"itemListElement\":[{\"@type\":\"ListItem\",\"position\":1,\"name\":\"Home\",\"item\":\"https:\\\/\\\/www.tibum.pl\\\/shop\\\/\"},{\"@type\":\"ListItem\",\"position\":2,\"name\":\"Sklep\",\"item\":\"https:\\\/\\\/www.tibum.pl\\\/shop\\\/sklep\"},{\"@type\":\"ListItem\",\"position\":3,\"name\":\"&#8222;Wszystko o kamishibai&#8221;, Zofia Pi\u0105tkowska, e-book\"}]},{\"@type\":\"WebSite\",\"@id\":\"https:\\\/\\\/www.tibum.pl\\\/shop\\\/#website\",\"url\":\"https:\\\/\\\/www.tibum.pl\\\/shop\\\/\",\"name\":\"Tibum Wydawnictwo Kamishibai - Papierowy Teatr\",\"description\":\"wydawca ksi\u0105\u017cek i bajek obrazkowych kamishibai\",\"potentialAction\":[{\"@type\":\"SearchAction\",\"target\":{\"@type\":\"EntryPoint\",\"urlTemplate\":\"https:\\\/\\\/www.tibum.pl\\\/shop\\\/?s={search_term_string}\"},\"query-input\":{\"@type\":\"PropertyValueSpecification\",\"valueRequired\":true,\"valueName\":\"search_term_string\"}}],\"inLanguage\":\"pl-PL\"}]}<\/script>\n<!-- \/ Yoast SEO plugin. -->","yoast_head_json":{"title":"\"Wszystko o kamishibai\", Zofia Pi\u0105tkowska, e-book - Tibum Wydawnictwo Kamishibai - Papierowy Teatr","description":"Kompendium wiedzy o kamishibai od praktyka. Autorka od lat propaguje ide\u0119 kamishibai w Polsce. Wiedza, do\u015bwiadczenie, pasja. Odpowiedzi na wi\u0119kszo\u015b\u0107 pyta\u0144 dotycz\u0105cych kamishibai!","robots":{"index":"index","follow":"follow","max-snippet":"max-snippet:-1","max-image-preview":"max-image-preview:large","max-video-preview":"max-video-preview:-1"},"canonical":"https:\/\/www.tibum.pl\/shop\/produkt\/wszystko-o-kamishibai-ebook","og_locale":"pl_PL","og_type":"article","og_title":"\"Wszystko o kamishibai\", Zofia Pi\u0105tkowska, e-book - Tibum Wydawnictwo Kamishibai - Papierowy Teatr","og_description":"Kompendium wiedzy o kamishibai od praktyka. Autorka od lat propaguje ide\u0119 kamishibai w Polsce. Wiedza, do\u015bwiadczenie, pasja. Odpowiedzi na wi\u0119kszo\u015b\u0107 pyta\u0144 dotycz\u0105cych kamishibai!","og_url":"https:\/\/www.tibum.pl\/shop\/produkt\/wszystko-o-kamishibai-ebook","og_site_name":"Tibum Wydawnictwo Kamishibai - Papierowy Teatr","article_publisher":"https:\/\/www.facebook.com\/PapierowyTeatr","article_modified_time":"2026-04-01T07:42:56+00:00","og_image":[{"width":441,"height":621,"url":"https:\/\/www.tibum.pl\/shop\/wp-content\/uploads\/okladka-2.jpg","type":"image\/jpeg"}],"twitter_card":"summary_large_image","twitter_misc":{"Szacowany czas czytania":"2 minuty"},"schema":{"@context":"https:\/\/schema.org","@graph":[{"@type":"WebPage","@id":"https:\/\/www.tibum.pl\/shop\/produkt\/wszystko-o-kamishibai-ebook","url":"https:\/\/www.tibum.pl\/shop\/produkt\/wszystko-o-kamishibai-ebook","name":"\"Wszystko o kamishibai\", Zofia Pi\u0105tkowska, e-book - Tibum Wydawnictwo Kamishibai - Papierowy Teatr","isPartOf":{"@id":"https:\/\/www.tibum.pl\/shop\/#website"},"primaryImageOfPage":{"@id":"https:\/\/www.tibum.pl\/shop\/produkt\/wszystko-o-kamishibai-ebook#primaryimage"},"image":{"@id":"https:\/\/www.tibum.pl\/shop\/produkt\/wszystko-o-kamishibai-ebook#primaryimage"},"thumbnailUrl":"https:\/\/www.tibum.pl\/shop\/wp-content\/uploads\/okladka-2.jpg","datePublished":"2019-01-13T13:02:30+00:00","dateModified":"2026-04-01T07:42:56+00:00","description":"Kompendium wiedzy o kamishibai od praktyka. Autorka od lat propaguje ide\u0119 kamishibai w Polsce. Wiedza, do\u015bwiadczenie, pasja. Odpowiedzi na wi\u0119kszo\u015b\u0107 pyta\u0144 dotycz\u0105cych kamishibai!","breadcrumb":{"@id":"https:\/\/www.tibum.pl\/shop\/produkt\/wszystko-o-kamishibai-ebook#breadcrumb"},"inLanguage":"pl-PL","potentialAction":[{"@type":"ReadAction","target":["https:\/\/www.tibum.pl\/shop\/produkt\/wszystko-o-kamishibai-ebook"]}]},{"@type":"ImageObject","inLanguage":"pl-PL","@id":"https:\/\/www.tibum.pl\/shop\/produkt\/wszystko-o-kamishibai-ebook#primaryimage","url":"https:\/\/www.tibum.pl\/shop\/wp-content\/uploads\/okladka-2.jpg","contentUrl":"https:\/\/www.tibum.pl\/shop\/wp-content\/uploads\/okladka-2.jpg","width":441,"height":621,"caption":"wszystko o kamishibai"},{"@type":"BreadcrumbList","@id":"https:\/\/www.tibum.pl\/shop\/produkt\/wszystko-o-kamishibai-ebook#breadcrumb","itemListElement":[{"@type":"ListItem","position":1,"name":"Home","item":"https:\/\/www.tibum.pl\/shop\/"},{"@type":"ListItem","position":2,"name":"Sklep","item":"https:\/\/www.tibum.pl\/shop\/sklep"},{"@type":"ListItem","position":3,"name":"&#8222;Wszystko o kamishibai&#8221;, Zofia Pi\u0105tkowska, e-book"}]},{"@type":"WebSite","@id":"https:\/\/www.tibum.pl\/shop\/#website","url":"https:\/\/www.tibum.pl\/shop\/","name":"Tibum Wydawnictwo Kamishibai - Papierowy Teatr","description":"wydawca ksi\u0105\u017cek i bajek obrazkowych kamishibai","potentialAction":[{"@type":"SearchAction","target":{"@type":"EntryPoint","urlTemplate":"https:\/\/www.tibum.pl\/shop\/?s={search_term_string}"},"query-input":{"@type":"PropertyValueSpecification","valueRequired":true,"valueName":"search_term_string"}}],"inLanguage":"pl-PL"}]}},"_links":{"self":[{"href":"https:\/\/www.tibum.pl\/shop\/wp-json\/wp\/v2\/product\/24247","targetHints":{"allow":["GET"]}}],"collection":[{"href":"https:\/\/www.tibum.pl\/shop\/wp-json\/wp\/v2\/product"}],"about":[{"href":"https:\/\/www.tibum.pl\/shop\/wp-json\/wp\/v2\/types\/product"}],"wp:featuredmedia":[{"embeddable":true,"href":"https:\/\/www.tibum.pl\/shop\/wp-json\/wp\/v2\/media\/24249"}],"wp:attachment":[{"href":"https:\/\/www.tibum.pl\/shop\/wp-json\/wp\/v2\/media?parent=24247"}],"wp:term":[{"taxonomy":"product_brand","embeddable":true,"href":"https:\/\/www.tibum.pl\/shop\/wp-json\/wp\/v2\/product_brand?post=24247"},{"taxonomy":"product_cat","embeddable":true,"href":"https:\/\/www.tibum.pl\/shop\/wp-json\/wp\/v2\/product_cat?post=24247"},{"taxonomy":"product_tag","embeddable":true,"href":"https:\/\/www.tibum.pl\/shop\/wp-json\/wp\/v2\/product_tag?post=24247"}],"curies":[{"name":"wp","href":"https:\/\/api.w.org\/{rel}","templated":true}]}}