{"id":24263,"date":"2025-01-13T16:28:44","date_gmt":"2025-01-13T15:28:44","guid":{"rendered":"https:\/\/www.tibum.pl\/shop\/?post_type=product&#038;p=24263"},"modified":"2025-12-03T12:20:41","modified_gmt":"2025-12-03T11:20:41","slug":"jestes","status":"publish","type":"product","link":"https:\/\/www.tibum.pl\/shop\/produkt\/jestes","title":{"rendered":"&#8222;Jeste\u015b&#8221;, Aneta Bujnowska, 13 kart narracyjnych"},"content":{"rendered":"<article>\n<div style=\"text-align: left;\">\n<p><strong>ksi\u0105\u017cka kamishibai<\/strong> w formie ilustrowanych kart narracyjnych do teatrzyku kamishibai<\/p>\n<h3><strong>Tytu\u0142: &#8222;Jeste\u015b&#8221;<\/strong><\/h3>\n<p><strong>Tekst: <a href=\"https:\/\/www.tibum.pl\/shop\/autorzy\/aneta-bujnowska\">Aneta Bujnowska<\/a><\/strong><\/p>\n<p><strong>Ilustracje: <a href=\"https:\/\/www.tibum.pl\/shop\/autorzy\/24257\">Zuzanna Kledzik<\/a><\/strong><\/p>\n<p><strong>ISBN: 978-83-971271-1-1<br \/>\n<\/strong><\/p>\n<p>bajka kamishibai<\/p>\n<p>bajka terapeutyczna<\/p>\n<\/div>\n<div style=\"text-align: left;\">\n<p>&nbsp;<\/p>\n<p><b>&#8222;Jeste\u015b&#8221; <\/b>to opowie\u015b\u0107 o narodzinach i pierwszych chwilach istnienia. O narodzinach i drodze, kt\u00f3ra czeka na w\u0119drowca, kt\u00f3rym ka\u017cdy z nas jest. To opowie\u015b\u0107 o naszych rodzicach, o tym \u017ce jeste\u015bmy cz\u0119\u015bci\u0105 wielkiej Zagadki, o tym jak wspieraj\u0105ca mo\u017ce by\u0107 \u015bwiadomo\u015b\u0107 tego, \u017ce jeste\u015bmy cz\u0119\u015bci\u0105 czego\u015b wi\u0119kszego, czego\u015b co chroni nas i prowadzi po trudnych\u00a0 \u015bcie\u017ckach \u017cycia -cz\u0119sto przez ciemny las, czasami przez s\u0142oneczne pola.\u00a0 \u017bycia, kt\u00f3re przed nami, niezale\u017cnie od wieku, kt\u00f3ry mamy. Nie zale\u017cnie od okoliczno\u015bci i miejsca urodzenia.<\/p>\n<p>Jeste\u015b to podr\u00f3\u017c, kt\u00f3ra rozpoczyna si\u0119 w odleg\u0142ych galaktykach aby doprowadzi\u0107 nas do cudu istnienia jakim jest dzieci\u0119ce bieganie po rozgrzanym piasku nad brzegiem morza.<\/p>\n<p><span data-surface-wrapper=\"1\" data-surface=\"\/bizweb:content_calendar\"><span class=\"x193iq5w xeuugli x13faqbe x1vvkbs x1xmvt09 x1lliihq x1s928wv xhkezso x1gmr53x x1cpjm7i x1fgarty x1943h6x xudqn12 x3x7a5m x6prxxf xvq8zen xo1l8bm xzsf02u x1yc453h\" dir=\"auto\"> Opowie\u015b\u0107 o przynale\u017cno\u015bci, o warto\u015bci \u017cycia, o rodzicielstwie, odkrywaniu siebie i budowaniu w\u0142asnej to\u017csamo\u015bci.<\/span><\/span><\/p>\n<\/div>\n<blockquote>\n<div dir=\"auto\">&#8222;Jeste\u015b&#8221; powsta\u0142o z potrzeby chwili jako jedna z wielu historii, kt\u00f3re wymy\u015blam mojemu synkowi. To by\u0142 akurat wiecz\u00f3r po ci\u0119\u017ckim dniu, pe\u0142nym trudnych emocji i wyzwa\u0144. Chcia\u0142am, \u017ceby m\u00f3j synek poczu\u0142 si\u0119 kochany, wa\u017cny, widziany a jednocze\u015bnie przynale\u017c\u0105cy do czego\u015b wi\u0119kszego, czego\u015b poza nim samym. Gdy ju\u017c zasn\u0105\u0142 po wys\u0142uchaniu pierwotnej wersji &#8222;Jeste\u015b&#8221;, usiad\u0142am przy biurku i spisa\u0142am j\u0105, modyfikuj\u0105c niekt\u00f3re w\u0105tki tak, by mog\u0142y by\u0107 wspieraj\u0105ce dla ka\u017cdego dziecka. Intencj\u0105, z jak\u0105 pracowa\u0142am nad tym tekstem, by\u0142o otwarcie dzieci na do\u015bwiadczanie bycia kim\u015b wa\u017cnym, kim\u015b zas\u0142uguj\u0105cym na bezwarunkow\u0105 mi\u0142o\u015b\u0107 i szacunek, kim\u015b, kto ma przed sob\u0105 w\u0142asne zaskakuj\u0105ce \u017cycie, kt\u00f3re wpisuje si\u0119 w pewne uniwersum, wsp\u00f3lnot\u0119 ludzk\u0105 i wi\u0119cej ni\u017c ludzk\u0105.<\/div>\n<div dir=\"auto\">&#8222;Jeste\u015b&#8221; jest o pocz\u0105tkach naszej w\u0119dr\u00f3wki. O po\u0142\u0105czeniu ni\u0107mi \u017cycia i zmys\u0142ami ze wszystkim, co jest. O ogromnym znaczeniu tego, co wydarza si\u0119 w tym pierwszym okresie ludzkiej przygody.<\/div>\n<div dir=\"auto\">Us\u0142ysza\u0142am kiedy\u015b od pewnej wa\u017cnej dla mnie osoby, \u017ce warto m\u00f3wi\u0107 o wszelkich pocz\u0105tkach pi\u0119knie i z szacunkiem, albowiem pocz\u0105tki lubi\u0105 si\u0119 powtarza\u0107, powraca\u0107 cyklicznie w spirali \u017cycia. Warto zatem, by by\u0142y dobre.&#8221;<\/div>\n<div dir=\"auto\">Aneta Bujnowska<\/div>\n<\/blockquote>\n<div style=\"text-align: left;\">\n<blockquote><p>&nbsp;<\/p><\/blockquote>\n<h3 style=\"text-align: right;\"><img decoding=\"async\" class=\"alignnone size-medium wp-image-24270\" src=\"https:\/\/www.tibum.pl\/shop\/wp-content\/uploads\/Ilustracja_2-1-350x250.jpg\" alt=\"\" width=\"350\" height=\"250\" srcset=\"https:\/\/www.tibum.pl\/shop\/wp-content\/uploads\/Ilustracja_2-1-350x250.jpg 350w, https:\/\/www.tibum.pl\/shop\/wp-content\/uploads\/Ilustracja_2-1-1024x731.jpg 1024w, https:\/\/www.tibum.pl\/shop\/wp-content\/uploads\/Ilustracja_2-1-200x143.jpg 200w, https:\/\/www.tibum.pl\/shop\/wp-content\/uploads\/Ilustracja_2-1-768x548.jpg 768w, https:\/\/www.tibum.pl\/shop\/wp-content\/uploads\/Ilustracja_2-1-1536x1097.jpg 1536w, https:\/\/www.tibum.pl\/shop\/wp-content\/uploads\/Ilustracja_2-1-2048x1462.jpg 2048w, https:\/\/www.tibum.pl\/shop\/wp-content\/uploads\/Ilustracja_2-1-640x457.jpg 640w\" sizes=\"(max-width: 350px) 100vw, 350px\" \/> <img decoding=\"async\" class=\"alignnone size-medium wp-image-24271\" src=\"https:\/\/www.tibum.pl\/shop\/wp-content\/uploads\/Ilustracja_3-1-350x250.jpg\" alt=\"\" width=\"350\" height=\"250\" srcset=\"https:\/\/www.tibum.pl\/shop\/wp-content\/uploads\/Ilustracja_3-1-350x250.jpg 350w, https:\/\/www.tibum.pl\/shop\/wp-content\/uploads\/Ilustracja_3-1-1024x731.jpg 1024w, https:\/\/www.tibum.pl\/shop\/wp-content\/uploads\/Ilustracja_3-1-200x143.jpg 200w, https:\/\/www.tibum.pl\/shop\/wp-content\/uploads\/Ilustracja_3-1-768x548.jpg 768w, https:\/\/www.tibum.pl\/shop\/wp-content\/uploads\/Ilustracja_3-1-1536x1097.jpg 1536w, https:\/\/www.tibum.pl\/shop\/wp-content\/uploads\/Ilustracja_3-1-2048x1462.jpg 2048w, https:\/\/www.tibum.pl\/shop\/wp-content\/uploads\/Ilustracja_3-1-640x457.jpg 640w\" sizes=\"(max-width: 350px) 100vw, 350px\" \/><\/h3>\n<h3><\/h3>\n<h3 style=\"text-align: right;\"><a href=\"https:\/\/www.tibum.pl\/shop\/wp-content\/uploads\/Ilustracja_2.pdf\">Gwiazda kolorowanka do pobrania<\/a><\/h3>\n<h3 style=\"text-align: right;\"><a href=\"https:\/\/www.tibum.pl\/shop\/wp-content\/uploads\/Ilustracja_3-1.pdf\">Planety kolorowanka do pobrania<\/a><\/h3>\n<h2><a href=\"https:\/\/www.tibum.pl\/shop\/wp-content\/uploads\/Scenariusz-zajec_Jestes.pdf\">Scenariusz zaj\u0119\u0107 Jeste\u015b<\/a><\/h2>\n<p>&nbsp;<\/p>\n<p>Ksi\u0105\u017cka dla dzieci od lat 3<\/p>\n<\/div>\n<\/article>\n<p>Wydawnictwo: Wydawnictwo Tibum<br \/>\nWymiary: A3 (297\/420 mm)<br \/>\nLiczba kart: 13 (dwustronnych)<br \/>\nIlo\u015b\u0107 stron: 26 (tekst, ilustracje)<br \/>\nRok wydania: 2025<br \/>\nOprawa: kartonowa koperta<\/p>\n<p style=\"font-size: small; font-weight: normal;\"><strong>Uwaga:<\/strong><br \/>\nZdj\u0119cia w galerii produktu mog\u0105 zawiera\u0107 inne przedmioty np. ksi\u0105\u017cki, teatrzyki-parawany, kt\u00f3re s\u0105 osobno zamawianymi pozycjami<\/p>\n<div id=\"s3gt_translate_tooltip_mini\" class=\"s3gt_translate_tooltip_mini_box\" style=\"background: initial !important; border: initial !important; border-radius: initial !important; border-spacing: initial !important; border-collapse: initial !important; direction: ltr !important; flex-direction: initial !important; font-weight: initial !important; height: initial !important; letter-spacing: initial !important; min-width: initial !important; max-width: initial !important; min-height: initial !important; max-height: initial !important; margin: auto !important; padding: initial !important; text-align: initial !important; width: initial !important; color: inherit !important; font-size: 13px !important; font-family: X-LocaleSpecific, sans-serif, Tahoma, Helvetica !important; line-height: 13px !important; vertical-align: top !important;\">\n<div id=\"s3gt_translate_tooltip_mini_logo\" class=\"s3gt_translate_tooltip_mini\" title=\"T\u0142umacz zaznaczony tekst\"><\/div>\n<div id=\"s3gt_translate_tooltip_mini_sound\" class=\"s3gt_translate_tooltip_mini\" title=\"Odtw\u00f3rz\"><\/div>\n<div id=\"s3gt_translate_tooltip_mini_copy\" class=\"s3gt_translate_tooltip_mini\" title=\"Kopiuj tekst do schowka\"><\/div>\n<\/div>\n","protected":false},"excerpt":{"rendered":"<p>ksi\u0105\u017cka kamishibai w formie ilustrowanych kart narracyjnych do teatrzyku drewnianego<\/p>\n<p><strong>Tytu\u0142: <\/strong><strong>Jeste\u015b<\/strong><\/p>\n<p><strong>Tekst: <a href=\"https:\/\/www.tibum.pl\/shop\/autorzy\/aneta-bujnowska\">Aneta Bujnowska<\/a><\/strong><\/p>\n<p><strong>Ilustracje: <a href=\"https:\/\/www.tibum.pl\/shop\/autorzy\/24257\">Zuzanna Kledzik<\/a><\/strong><\/p>\n<p><strong>ISBN: 978-83-971271-1-1<\/strong><\/p>\n<p><strong>\u00a0<\/strong><\/p>\n<p>&nbsp;<\/p>\n","protected":false},"featured_media":24341,"template":"","meta":[],"product_brand":[],"product_cat":[18,48],"product_tag":[580,884,475,950,572,541,221],"class_list":{"0":"post-24263","1":"product","2":"type-product","3":"status-publish","4":"has-post-thumbnail","6":"product_cat-kamishibai","7":"product_cat-karty-narracyjne-do-teatrzyku-kamishibai","8":"product_tag-bajka-kamishibai","9":"product_tag-bajkoterapia","10":"product_tag-karty-kamishibai","11":"product_tag-oswajanki","12":"product_tag-storytelling","13":"product_tag-teatrzyk-drewniany","14":"product_tag-tibum","15":"product_shipping_class-lekkie1","16":"description-off","18":"first","19":"instock","20":"featured","21":"taxable","22":"shipping-taxable","23":"purchasable","24":"product-type-simple"},"yoast_head":"<!-- This site is optimized with the Yoast SEO plugin v27.3 - https:\/\/yoast.com\/product\/yoast-seo-wordpress\/ -->\n<title>&quot;Jeste\u015b&quot;, Aneta Bujnowska, 13 kart narracyjnych - Tibum Wydawnictwo Kamishibai - Papierowy Teatr<\/title>\n<meta name=\"description\" content=\"Jeste\u015b to historia o ka\u017cdym z nas. Dziecko przychodzi na \u015bwiat, stawia pierwsze kroki, wyrusza w podr\u00f3\u017c \u017cycia. O tym jak cennym Darem jest \u017cycie i ka\u017cdy z nas.\" \/>\n<meta name=\"robots\" content=\"index, follow, max-snippet:-1, max-image-preview:large, max-video-preview:-1\" \/>\n<link rel=\"canonical\" href=\"https:\/\/www.tibum.pl\/shop\/produkt\/jestes\" \/>\n<meta property=\"og:locale\" content=\"pl_PL\" \/>\n<meta property=\"og:type\" content=\"article\" \/>\n<meta property=\"og:title\" content=\"&quot;Jeste\u015b&quot;, Aneta Bujnowska, 13 kart narracyjnych - Tibum Wydawnictwo Kamishibai - Papierowy Teatr\" \/>\n<meta property=\"og:description\" content=\"Jeste\u015b to historia o ka\u017cdym z nas. Dziecko przychodzi na \u015bwiat, stawia pierwsze kroki, wyrusza w podr\u00f3\u017c \u017cycia. O tym jak cennym Darem jest \u017cycie i ka\u017cdy z nas.\" \/>\n<meta property=\"og:url\" content=\"https:\/\/www.tibum.pl\/shop\/produkt\/jestes\" \/>\n<meta property=\"og:site_name\" content=\"Tibum Wydawnictwo Kamishibai - Papierowy Teatr\" \/>\n<meta property=\"article:publisher\" content=\"https:\/\/www.facebook.com\/PapierowyTeatr\" \/>\n<meta property=\"article:modified_time\" content=\"2025-12-03T11:20:41+00:00\" \/>\n<meta property=\"og:image\" content=\"https:\/\/www.tibum.pl\/shop\/wp-content\/uploads\/Tibum_Jestes_okladka-scaled.jpg\" \/>\n\t<meta property=\"og:image:width\" content=\"2560\" \/>\n\t<meta property=\"og:image:height\" content=\"1794\" \/>\n\t<meta property=\"og:image:type\" content=\"image\/jpeg\" \/>\n<meta name=\"twitter:card\" content=\"summary_large_image\" \/>\n<meta name=\"twitter:label1\" content=\"Szacowany czas czytania\" \/>\n\t<meta name=\"twitter:data1\" content=\"2 minuty\" \/>\n<script type=\"application\/ld+json\" class=\"yoast-schema-graph\">{\"@context\":\"https:\\\/\\\/schema.org\",\"@graph\":[{\"@type\":\"WebPage\",\"@id\":\"https:\\\/\\\/www.tibum.pl\\\/shop\\\/produkt\\\/jestes\",\"url\":\"https:\\\/\\\/www.tibum.pl\\\/shop\\\/produkt\\\/jestes\",\"name\":\"\\\"Jeste\u015b\\\", Aneta Bujnowska, 13 kart narracyjnych - Tibum Wydawnictwo Kamishibai - Papierowy Teatr\",\"isPartOf\":{\"@id\":\"https:\\\/\\\/www.tibum.pl\\\/shop\\\/#website\"},\"primaryImageOfPage\":{\"@id\":\"https:\\\/\\\/www.tibum.pl\\\/shop\\\/produkt\\\/jestes#primaryimage\"},\"image\":{\"@id\":\"https:\\\/\\\/www.tibum.pl\\\/shop\\\/produkt\\\/jestes#primaryimage\"},\"thumbnailUrl\":\"https:\\\/\\\/www.tibum.pl\\\/shop\\\/wp-content\\\/uploads\\\/Tibum_Jestes_okladka-scaled.jpg\",\"datePublished\":\"2025-01-13T15:28:44+00:00\",\"dateModified\":\"2025-12-03T11:20:41+00:00\",\"description\":\"Jeste\u015b to historia o ka\u017cdym z nas. Dziecko przychodzi na \u015bwiat, stawia pierwsze kroki, wyrusza w podr\u00f3\u017c \u017cycia. O tym jak cennym Darem jest \u017cycie i ka\u017cdy z nas.\",\"breadcrumb\":{\"@id\":\"https:\\\/\\\/www.tibum.pl\\\/shop\\\/produkt\\\/jestes#breadcrumb\"},\"inLanguage\":\"pl-PL\",\"potentialAction\":[{\"@type\":\"ReadAction\",\"target\":[\"https:\\\/\\\/www.tibum.pl\\\/shop\\\/produkt\\\/jestes\"]}]},{\"@type\":\"ImageObject\",\"inLanguage\":\"pl-PL\",\"@id\":\"https:\\\/\\\/www.tibum.pl\\\/shop\\\/produkt\\\/jestes#primaryimage\",\"url\":\"https:\\\/\\\/www.tibum.pl\\\/shop\\\/wp-content\\\/uploads\\\/Tibum_Jestes_okladka-scaled.jpg\",\"contentUrl\":\"https:\\\/\\\/www.tibum.pl\\\/shop\\\/wp-content\\\/uploads\\\/Tibum_Jestes_okladka-scaled.jpg\",\"width\":2560,\"height\":1794},{\"@type\":\"BreadcrumbList\",\"@id\":\"https:\\\/\\\/www.tibum.pl\\\/shop\\\/produkt\\\/jestes#breadcrumb\",\"itemListElement\":[{\"@type\":\"ListItem\",\"position\":1,\"name\":\"Home\",\"item\":\"https:\\\/\\\/www.tibum.pl\\\/shop\\\/\"},{\"@type\":\"ListItem\",\"position\":2,\"name\":\"Sklep\",\"item\":\"https:\\\/\\\/www.tibum.pl\\\/shop\\\/sklep\"},{\"@type\":\"ListItem\",\"position\":3,\"name\":\"&#8222;Jeste\u015b&#8221;, Aneta Bujnowska, 13 kart narracyjnych\"}]},{\"@type\":\"WebSite\",\"@id\":\"https:\\\/\\\/www.tibum.pl\\\/shop\\\/#website\",\"url\":\"https:\\\/\\\/www.tibum.pl\\\/shop\\\/\",\"name\":\"Tibum Wydawnictwo Kamishibai - Papierowy Teatr\",\"description\":\"wydawca ksi\u0105\u017cek i bajek obrazkowych kamishibai\",\"potentialAction\":[{\"@type\":\"SearchAction\",\"target\":{\"@type\":\"EntryPoint\",\"urlTemplate\":\"https:\\\/\\\/www.tibum.pl\\\/shop\\\/?s={search_term_string}\"},\"query-input\":{\"@type\":\"PropertyValueSpecification\",\"valueRequired\":true,\"valueName\":\"search_term_string\"}}],\"inLanguage\":\"pl-PL\"}]}<\/script>\n<!-- \/ Yoast SEO plugin. -->","yoast_head_json":{"title":"\"Jeste\u015b\", Aneta Bujnowska, 13 kart narracyjnych - Tibum Wydawnictwo Kamishibai - Papierowy Teatr","description":"Jeste\u015b to historia o ka\u017cdym z nas. Dziecko przychodzi na \u015bwiat, stawia pierwsze kroki, wyrusza w podr\u00f3\u017c \u017cycia. O tym jak cennym Darem jest \u017cycie i ka\u017cdy z nas.","robots":{"index":"index","follow":"follow","max-snippet":"max-snippet:-1","max-image-preview":"max-image-preview:large","max-video-preview":"max-video-preview:-1"},"canonical":"https:\/\/www.tibum.pl\/shop\/produkt\/jestes","og_locale":"pl_PL","og_type":"article","og_title":"\"Jeste\u015b\", Aneta Bujnowska, 13 kart narracyjnych - Tibum Wydawnictwo Kamishibai - Papierowy Teatr","og_description":"Jeste\u015b to historia o ka\u017cdym z nas. Dziecko przychodzi na \u015bwiat, stawia pierwsze kroki, wyrusza w podr\u00f3\u017c \u017cycia. O tym jak cennym Darem jest \u017cycie i ka\u017cdy z nas.","og_url":"https:\/\/www.tibum.pl\/shop\/produkt\/jestes","og_site_name":"Tibum Wydawnictwo Kamishibai - Papierowy Teatr","article_publisher":"https:\/\/www.facebook.com\/PapierowyTeatr","article_modified_time":"2025-12-03T11:20:41+00:00","og_image":[{"width":2560,"height":1794,"url":"https:\/\/www.tibum.pl\/shop\/wp-content\/uploads\/Tibum_Jestes_okladka-scaled.jpg","type":"image\/jpeg"}],"twitter_card":"summary_large_image","twitter_misc":{"Szacowany czas czytania":"2 minuty"},"schema":{"@context":"https:\/\/schema.org","@graph":[{"@type":"WebPage","@id":"https:\/\/www.tibum.pl\/shop\/produkt\/jestes","url":"https:\/\/www.tibum.pl\/shop\/produkt\/jestes","name":"\"Jeste\u015b\", Aneta Bujnowska, 13 kart narracyjnych - Tibum Wydawnictwo Kamishibai - Papierowy Teatr","isPartOf":{"@id":"https:\/\/www.tibum.pl\/shop\/#website"},"primaryImageOfPage":{"@id":"https:\/\/www.tibum.pl\/shop\/produkt\/jestes#primaryimage"},"image":{"@id":"https:\/\/www.tibum.pl\/shop\/produkt\/jestes#primaryimage"},"thumbnailUrl":"https:\/\/www.tibum.pl\/shop\/wp-content\/uploads\/Tibum_Jestes_okladka-scaled.jpg","datePublished":"2025-01-13T15:28:44+00:00","dateModified":"2025-12-03T11:20:41+00:00","description":"Jeste\u015b to historia o ka\u017cdym z nas. Dziecko przychodzi na \u015bwiat, stawia pierwsze kroki, wyrusza w podr\u00f3\u017c \u017cycia. O tym jak cennym Darem jest \u017cycie i ka\u017cdy z nas.","breadcrumb":{"@id":"https:\/\/www.tibum.pl\/shop\/produkt\/jestes#breadcrumb"},"inLanguage":"pl-PL","potentialAction":[{"@type":"ReadAction","target":["https:\/\/www.tibum.pl\/shop\/produkt\/jestes"]}]},{"@type":"ImageObject","inLanguage":"pl-PL","@id":"https:\/\/www.tibum.pl\/shop\/produkt\/jestes#primaryimage","url":"https:\/\/www.tibum.pl\/shop\/wp-content\/uploads\/Tibum_Jestes_okladka-scaled.jpg","contentUrl":"https:\/\/www.tibum.pl\/shop\/wp-content\/uploads\/Tibum_Jestes_okladka-scaled.jpg","width":2560,"height":1794},{"@type":"BreadcrumbList","@id":"https:\/\/www.tibum.pl\/shop\/produkt\/jestes#breadcrumb","itemListElement":[{"@type":"ListItem","position":1,"name":"Home","item":"https:\/\/www.tibum.pl\/shop\/"},{"@type":"ListItem","position":2,"name":"Sklep","item":"https:\/\/www.tibum.pl\/shop\/sklep"},{"@type":"ListItem","position":3,"name":"&#8222;Jeste\u015b&#8221;, Aneta Bujnowska, 13 kart narracyjnych"}]},{"@type":"WebSite","@id":"https:\/\/www.tibum.pl\/shop\/#website","url":"https:\/\/www.tibum.pl\/shop\/","name":"Tibum Wydawnictwo Kamishibai - Papierowy Teatr","description":"wydawca ksi\u0105\u017cek i bajek obrazkowych kamishibai","potentialAction":[{"@type":"SearchAction","target":{"@type":"EntryPoint","urlTemplate":"https:\/\/www.tibum.pl\/shop\/?s={search_term_string}"},"query-input":{"@type":"PropertyValueSpecification","valueRequired":true,"valueName":"search_term_string"}}],"inLanguage":"pl-PL"}]}},"_links":{"self":[{"href":"https:\/\/www.tibum.pl\/shop\/wp-json\/wp\/v2\/product\/24263","targetHints":{"allow":["GET"]}}],"collection":[{"href":"https:\/\/www.tibum.pl\/shop\/wp-json\/wp\/v2\/product"}],"about":[{"href":"https:\/\/www.tibum.pl\/shop\/wp-json\/wp\/v2\/types\/product"}],"wp:featuredmedia":[{"embeddable":true,"href":"https:\/\/www.tibum.pl\/shop\/wp-json\/wp\/v2\/media\/24341"}],"wp:attachment":[{"href":"https:\/\/www.tibum.pl\/shop\/wp-json\/wp\/v2\/media?parent=24263"}],"wp:term":[{"taxonomy":"product_brand","embeddable":true,"href":"https:\/\/www.tibum.pl\/shop\/wp-json\/wp\/v2\/product_brand?post=24263"},{"taxonomy":"product_cat","embeddable":true,"href":"https:\/\/www.tibum.pl\/shop\/wp-json\/wp\/v2\/product_cat?post=24263"},{"taxonomy":"product_tag","embeddable":true,"href":"https:\/\/www.tibum.pl\/shop\/wp-json\/wp\/v2\/product_tag?post=24263"}],"curies":[{"name":"wp","href":"https:\/\/api.w.org\/{rel}","templated":true}]}}