{"id":24513,"date":"2025-03-13T13:53:46","date_gmt":"2025-03-13T12:53:46","guid":{"rendered":"https:\/\/www.tibum.pl\/shop\/?post_type=product&#038;p=24513"},"modified":"2025-12-03T12:13:09","modified_gmt":"2025-12-03T11:13:09","slug":"opowiesc-gorskiego-potoku","status":"publish","type":"product","link":"https:\/\/www.tibum.pl\/shop\/produkt\/opowiesc-gorskiego-potoku","title":{"rendered":"&#8222;Opowie\u015b\u0107 G\u00f3rskiego Potoku&#8221;, Weronika \u017burowska, 18 kart narracyjnych"},"content":{"rendered":"<article>\n<div style=\"text-align: left;\">\n<p><strong>ksi\u0105\u017cka kamishibai<\/strong> w formie ilustrowanych kart narracyjnych do teatrzyku kamishibai<\/p>\n<h3><strong>Tytu\u0142: &#8222;Opowie\u015b\u0107 G\u00f3rskiego Potoku&#8221;<\/strong><\/h3>\n<p><strong>Tekst i <\/strong><strong>Ilustracje: <a href=\"https:\/\/www.tibum.pl\/shop\/autorzy\/weronika-zurowska\">Weronika \u017burowska<\/a><\/strong><\/p>\n<p><strong>ISBN: 978-83-971271-2-8<br \/>\n<\/strong><\/p>\n<p>bajka kamishibai<\/p>\n<\/div>\n<div style=\"text-align: left;\">\n<p>&nbsp;<\/p>\n<p><b>&#8222;Opowie\u015b\u0107 G\u00f3rskiego Potoku&#8221;<\/b><\/p>\n<\/div>\n<div style=\"text-align: left;\">\n<p>Opowie\u015b\u0107 jest inspirowana ba\u015bni\u0105 chi\u0144sk\u0105 &#8222;Opowie\u015b\u0107 znad Jeziora Oliwnego&#8221;.<br \/>\nTo klasyczna ba\u015b\u0144, od\u015bwie\u017cona j\u0119zykowo i zaadoptowana do formy opowie\u015bci kamishibai.<\/p>\n<p>Pewien m\u0142odzieniec postanawia wyruszy\u0107 w podr\u00f3\u017c pe\u0142n\u0105 niezwyk\u0142ych spotka\u0144, kt\u00f3re na zawsze go odmieni\u0105.<br \/>\nCel, kt\u00f3ry sobie postawi\u0142 jest wa\u017cny dla niego i jego bliskich. Podr\u00f3\u017c poka\u017ce mu jednak, \u017ce nie tylko dla niego ta wyprawa mo\u017ce sta\u0107 si\u0119 prze\u0142omowa. <strong>Zadanie, kt\u00f3re sobie postawi\u0142 doprowadza go do odkrycia prawdy o tym, \u017ce kiedy czynimy dobro, ono do nas wraca.<\/strong><\/p>\n<p>Bezinteresowno\u015b\u0107 i empatia to warto\u015bci, kt\u00f3re odgrywaj\u0105 kluczow\u0105 rol\u0119 w budowaniu zdrowych relacji mi\u0119dzyludzkich.<br \/>\nBezinteresowno\u015b\u0107 to dzia\u0142anie na rzecz innych bez oczekiwania na nagrod\u0119 czy korzy\u015bci. I dok\u0142adnie to pokazuje nam ta pi\u0119kna opowie\u015b\u0107, kt\u00f3r\u0105 szemrze dla nas G\u00f3rski Potok. Pi\u0119kna metafor\u0105 jest fakt, \u017ce to w\u0142a\u015bnie potok p\u0142yn\u0105cy nieopodal domu bohatera tej ba\u015bni jest tym kto inicjuje t\u0119 niezwyk\u0142\u0105 i tak szczeg\u00f3lna Podr\u00f3\u017c. Podr\u00f3\u017c do odkrycia w sobie bezinteresowno\u015bci i naturalnej ch\u0119ci pomocy, tym kt\u00f3rzy jej potrzebuj\u0105.<br \/>\nMi\u0142o\u015b\u0107 i wsparcie zmieniaj\u0105 nasze \u017cycie, przynosz\u0105c rado\u015b\u0107 zar\u00f3wno obdarowanemu, jak i ofiarodawcy.<\/p>\n<\/div>\n<\/article>\n<p>&nbsp;<\/p>\n<h2><a href=\"https:\/\/www.tibum.pl\/shop\/wp-content\/uploads\/Opowiesc-Gorskiego-Potoku-scenariusz-zajec.pdf\">Scenariusz lekcji &#8211; do pobrania<\/a><\/h2>\n<p>&nbsp;<\/p>\n<h3 style=\"text-align: right;\"><a href=\"https:\/\/www.tibum.pl\/shop\/wp-content\/uploads\/Opowiesc-Gorskiego-Potoku-KOLOROWANKI.pdf\">KOLOROWANKA &#8211; DO POBRANIA<\/a><\/h3>\n<article>\n<div style=\"text-align: left;\">\n<p>Ksi\u0105\u017cka dla dzieci od lat 3<\/p>\n<\/div>\n<\/article>\n<p>Wydawnictwo: Wydawnictwo Tibum<br \/>\nWymiary: A3 (297\/420 mm)<br \/>\nLiczba kart: 18 (dwustronnych)<br \/>\nIlo\u015b\u0107 stron: 36 (tekst, ilustracje)<br \/>\nRok wydania: 2025<br \/>\nOprawa: kartonowa koperta<\/p>\n<p style=\"font-size: small; font-weight: normal;\"><strong>Uwaga:<\/strong><br \/>\nZdj\u0119cia w galerii produktu mog\u0105 zawiera\u0107 inne przedmioty np. ksi\u0105\u017cki, teatrzyki-parawany, kt\u00f3re s\u0105 osobno zamawianymi pozycjami<\/p>\n<div id=\"s3gt_translate_tooltip_mini\" class=\"s3gt_translate_tooltip_mini_box\" style=\"background: initial !important; border: initial !important; border-radius: initial !important; border-spacing: initial !important; border-collapse: initial !important; direction: ltr !important; flex-direction: initial !important; font-weight: initial !important; height: initial !important; letter-spacing: initial !important; min-width: initial !important; max-width: initial !important; min-height: initial !important; max-height: initial !important; margin: auto !important; padding: initial !important; text-align: initial !important; width: initial !important; color: inherit !important; font-size: 13px !important; font-family: X-LocaleSpecific, sans-serif, Tahoma, Helvetica !important; line-height: 13px !important; vertical-align: top !important;\">\n<div id=\"s3gt_translate_tooltip_mini_logo\" class=\"s3gt_translate_tooltip_mini\" title=\"T\u0142umacz zaznaczony tekst\"><\/div>\n<div id=\"s3gt_translate_tooltip_mini_sound\" class=\"s3gt_translate_tooltip_mini\" title=\"Odtw\u00f3rz\"><\/div>\n<div id=\"s3gt_translate_tooltip_mini_copy\" class=\"s3gt_translate_tooltip_mini\" title=\"Kopiuj tekst do schowka\"><\/div>\n<\/div>\n","protected":false},"excerpt":{"rendered":"<p>ksi\u0105\u017cka kamishibai w formie ilustrowanych kart narracyjnych do teatrzyku drewnianego<\/p>\n<p><strong>Tytu\u0142: <\/strong><strong>Opowie\u015b\u0107 G\u00f3rskiego Potoku<\/strong><\/p>\n<p><strong>Tekst i ilustracje: <a href=\"https:\/\/www.tibum.pl\/shop\/autorzy\/weronika-zurowska\">Weronika \u017burowska<\/a><\/strong><\/p>\n<p><strong>ISBN: 978-83-971271-2-8<\/strong><\/p>\n<p><strong>\u00a0<\/strong><\/p>\n<p>&nbsp;<\/p>\n","protected":false},"featured_media":24525,"template":"","meta":[],"product_brand":[],"product_cat":[18,48],"product_tag":[580,884,475,950,572,541,221],"class_list":{"0":"post-24513","1":"product","2":"type-product","3":"status-publish","4":"has-post-thumbnail","6":"product_cat-kamishibai","7":"product_cat-karty-narracyjne-do-teatrzyku-kamishibai","8":"product_tag-bajka-kamishibai","9":"product_tag-bajkoterapia","10":"product_tag-karty-kamishibai","11":"product_tag-oswajanki","12":"product_tag-storytelling","13":"product_tag-teatrzyk-drewniany","14":"product_tag-tibum","15":"product_shipping_class-lekkie1","16":"description-off","18":"first","19":"instock","20":"featured","21":"taxable","22":"shipping-taxable","23":"purchasable","24":"product-type-simple"},"yoast_head":"<!-- This site is optimized with the Yoast SEO plugin v27.3 - https:\/\/yoast.com\/product\/yoast-seo-wordpress\/ -->\n<title>&quot;Opowie\u015b\u0107 G\u00f3rskiego Potoku&quot;, Weronika \u017burowska, 18 kart narracyjnych - Tibum Wydawnictwo Kamishibai - Papierowy Teatr<\/title>\n<meta name=\"description\" content=\"Adaptacja do teatru kamishibai ba\u015bni chi\u0144skiej. w\u0119dr\u00f3wka bohatera doprowadza go do odkrycia m\u0105dro\u015bci \u017cyciowej. Bajkoterapia, w\u0119dr\u00f3wka bohatera.\" \/>\n<meta name=\"robots\" content=\"index, follow, max-snippet:-1, max-image-preview:large, max-video-preview:-1\" \/>\n<link rel=\"canonical\" href=\"https:\/\/www.tibum.pl\/shop\/produkt\/opowiesc-gorskiego-potoku\" \/>\n<meta property=\"og:locale\" content=\"pl_PL\" \/>\n<meta property=\"og:type\" content=\"article\" \/>\n<meta property=\"og:title\" content=\"&quot;Opowie\u015b\u0107 G\u00f3rskiego Potoku&quot;, Weronika \u017burowska, 18 kart narracyjnych - Tibum Wydawnictwo Kamishibai - Papierowy Teatr\" \/>\n<meta property=\"og:description\" content=\"Adaptacja do teatru kamishibai ba\u015bni chi\u0144skiej. w\u0119dr\u00f3wka bohatera doprowadza go do odkrycia m\u0105dro\u015bci \u017cyciowej. Bajkoterapia, w\u0119dr\u00f3wka bohatera.\" \/>\n<meta property=\"og:url\" content=\"https:\/\/www.tibum.pl\/shop\/produkt\/opowiesc-gorskiego-potoku\" \/>\n<meta property=\"og:site_name\" content=\"Tibum Wydawnictwo Kamishibai - Papierowy Teatr\" \/>\n<meta property=\"article:publisher\" content=\"https:\/\/www.facebook.com\/PapierowyTeatr\" \/>\n<meta property=\"article:modified_time\" content=\"2025-12-03T11:13:09+00:00\" \/>\n<meta property=\"og:image\" content=\"https:\/\/www.tibum.pl\/shop\/wp-content\/uploads\/Opowiesc_Gorskiego_Potoku_okladka.jpg\" \/>\n\t<meta property=\"og:image:width\" content=\"1236\" \/>\n\t<meta property=\"og:image:height\" content=\"875\" \/>\n\t<meta property=\"og:image:type\" content=\"image\/jpeg\" \/>\n<meta name=\"twitter:card\" content=\"summary_large_image\" \/>\n<meta name=\"twitter:label1\" content=\"Szacowany czas czytania\" \/>\n\t<meta name=\"twitter:data1\" content=\"2 minuty\" \/>\n<script type=\"application\/ld+json\" class=\"yoast-schema-graph\">{\"@context\":\"https:\\\/\\\/schema.org\",\"@graph\":[{\"@type\":\"WebPage\",\"@id\":\"https:\\\/\\\/www.tibum.pl\\\/shop\\\/produkt\\\/opowiesc-gorskiego-potoku\",\"url\":\"https:\\\/\\\/www.tibum.pl\\\/shop\\\/produkt\\\/opowiesc-gorskiego-potoku\",\"name\":\"\\\"Opowie\u015b\u0107 G\u00f3rskiego Potoku\\\", Weronika \u017burowska, 18 kart narracyjnych - Tibum Wydawnictwo Kamishibai - Papierowy Teatr\",\"isPartOf\":{\"@id\":\"https:\\\/\\\/www.tibum.pl\\\/shop\\\/#website\"},\"primaryImageOfPage\":{\"@id\":\"https:\\\/\\\/www.tibum.pl\\\/shop\\\/produkt\\\/opowiesc-gorskiego-potoku#primaryimage\"},\"image\":{\"@id\":\"https:\\\/\\\/www.tibum.pl\\\/shop\\\/produkt\\\/opowiesc-gorskiego-potoku#primaryimage\"},\"thumbnailUrl\":\"https:\\\/\\\/www.tibum.pl\\\/shop\\\/wp-content\\\/uploads\\\/Opowiesc_Gorskiego_Potoku_okladka.jpg\",\"datePublished\":\"2025-03-13T12:53:46+00:00\",\"dateModified\":\"2025-12-03T11:13:09+00:00\",\"description\":\"Adaptacja do teatru kamishibai ba\u015bni chi\u0144skiej. w\u0119dr\u00f3wka bohatera doprowadza go do odkrycia m\u0105dro\u015bci \u017cyciowej. Bajkoterapia, w\u0119dr\u00f3wka bohatera.\",\"breadcrumb\":{\"@id\":\"https:\\\/\\\/www.tibum.pl\\\/shop\\\/produkt\\\/opowiesc-gorskiego-potoku#breadcrumb\"},\"inLanguage\":\"pl-PL\",\"potentialAction\":[{\"@type\":\"ReadAction\",\"target\":[\"https:\\\/\\\/www.tibum.pl\\\/shop\\\/produkt\\\/opowiesc-gorskiego-potoku\"]}]},{\"@type\":\"ImageObject\",\"inLanguage\":\"pl-PL\",\"@id\":\"https:\\\/\\\/www.tibum.pl\\\/shop\\\/produkt\\\/opowiesc-gorskiego-potoku#primaryimage\",\"url\":\"https:\\\/\\\/www.tibum.pl\\\/shop\\\/wp-content\\\/uploads\\\/Opowiesc_Gorskiego_Potoku_okladka.jpg\",\"contentUrl\":\"https:\\\/\\\/www.tibum.pl\\\/shop\\\/wp-content\\\/uploads\\\/Opowiesc_Gorskiego_Potoku_okladka.jpg\",\"width\":1236,\"height\":875},{\"@type\":\"BreadcrumbList\",\"@id\":\"https:\\\/\\\/www.tibum.pl\\\/shop\\\/produkt\\\/opowiesc-gorskiego-potoku#breadcrumb\",\"itemListElement\":[{\"@type\":\"ListItem\",\"position\":1,\"name\":\"Home\",\"item\":\"https:\\\/\\\/www.tibum.pl\\\/shop\\\/\"},{\"@type\":\"ListItem\",\"position\":2,\"name\":\"Sklep\",\"item\":\"https:\\\/\\\/www.tibum.pl\\\/shop\\\/sklep\"},{\"@type\":\"ListItem\",\"position\":3,\"name\":\"&#8222;Opowie\u015b\u0107 G\u00f3rskiego Potoku&#8221;, Weronika \u017burowska, 18 kart narracyjnych\"}]},{\"@type\":\"WebSite\",\"@id\":\"https:\\\/\\\/www.tibum.pl\\\/shop\\\/#website\",\"url\":\"https:\\\/\\\/www.tibum.pl\\\/shop\\\/\",\"name\":\"Tibum Wydawnictwo Kamishibai - Papierowy Teatr\",\"description\":\"wydawca ksi\u0105\u017cek i bajek obrazkowych kamishibai\",\"potentialAction\":[{\"@type\":\"SearchAction\",\"target\":{\"@type\":\"EntryPoint\",\"urlTemplate\":\"https:\\\/\\\/www.tibum.pl\\\/shop\\\/?s={search_term_string}\"},\"query-input\":{\"@type\":\"PropertyValueSpecification\",\"valueRequired\":true,\"valueName\":\"search_term_string\"}}],\"inLanguage\":\"pl-PL\"}]}<\/script>\n<!-- \/ Yoast SEO plugin. -->","yoast_head_json":{"title":"\"Opowie\u015b\u0107 G\u00f3rskiego Potoku\", Weronika \u017burowska, 18 kart narracyjnych - Tibum Wydawnictwo Kamishibai - Papierowy Teatr","description":"Adaptacja do teatru kamishibai ba\u015bni chi\u0144skiej. w\u0119dr\u00f3wka bohatera doprowadza go do odkrycia m\u0105dro\u015bci \u017cyciowej. Bajkoterapia, w\u0119dr\u00f3wka bohatera.","robots":{"index":"index","follow":"follow","max-snippet":"max-snippet:-1","max-image-preview":"max-image-preview:large","max-video-preview":"max-video-preview:-1"},"canonical":"https:\/\/www.tibum.pl\/shop\/produkt\/opowiesc-gorskiego-potoku","og_locale":"pl_PL","og_type":"article","og_title":"\"Opowie\u015b\u0107 G\u00f3rskiego Potoku\", Weronika \u017burowska, 18 kart narracyjnych - Tibum Wydawnictwo Kamishibai - Papierowy Teatr","og_description":"Adaptacja do teatru kamishibai ba\u015bni chi\u0144skiej. w\u0119dr\u00f3wka bohatera doprowadza go do odkrycia m\u0105dro\u015bci \u017cyciowej. Bajkoterapia, w\u0119dr\u00f3wka bohatera.","og_url":"https:\/\/www.tibum.pl\/shop\/produkt\/opowiesc-gorskiego-potoku","og_site_name":"Tibum Wydawnictwo Kamishibai - Papierowy Teatr","article_publisher":"https:\/\/www.facebook.com\/PapierowyTeatr","article_modified_time":"2025-12-03T11:13:09+00:00","og_image":[{"width":1236,"height":875,"url":"https:\/\/www.tibum.pl\/shop\/wp-content\/uploads\/Opowiesc_Gorskiego_Potoku_okladka.jpg","type":"image\/jpeg"}],"twitter_card":"summary_large_image","twitter_misc":{"Szacowany czas czytania":"2 minuty"},"schema":{"@context":"https:\/\/schema.org","@graph":[{"@type":"WebPage","@id":"https:\/\/www.tibum.pl\/shop\/produkt\/opowiesc-gorskiego-potoku","url":"https:\/\/www.tibum.pl\/shop\/produkt\/opowiesc-gorskiego-potoku","name":"\"Opowie\u015b\u0107 G\u00f3rskiego Potoku\", Weronika \u017burowska, 18 kart narracyjnych - Tibum Wydawnictwo Kamishibai - Papierowy Teatr","isPartOf":{"@id":"https:\/\/www.tibum.pl\/shop\/#website"},"primaryImageOfPage":{"@id":"https:\/\/www.tibum.pl\/shop\/produkt\/opowiesc-gorskiego-potoku#primaryimage"},"image":{"@id":"https:\/\/www.tibum.pl\/shop\/produkt\/opowiesc-gorskiego-potoku#primaryimage"},"thumbnailUrl":"https:\/\/www.tibum.pl\/shop\/wp-content\/uploads\/Opowiesc_Gorskiego_Potoku_okladka.jpg","datePublished":"2025-03-13T12:53:46+00:00","dateModified":"2025-12-03T11:13:09+00:00","description":"Adaptacja do teatru kamishibai ba\u015bni chi\u0144skiej. w\u0119dr\u00f3wka bohatera doprowadza go do odkrycia m\u0105dro\u015bci \u017cyciowej. Bajkoterapia, w\u0119dr\u00f3wka bohatera.","breadcrumb":{"@id":"https:\/\/www.tibum.pl\/shop\/produkt\/opowiesc-gorskiego-potoku#breadcrumb"},"inLanguage":"pl-PL","potentialAction":[{"@type":"ReadAction","target":["https:\/\/www.tibum.pl\/shop\/produkt\/opowiesc-gorskiego-potoku"]}]},{"@type":"ImageObject","inLanguage":"pl-PL","@id":"https:\/\/www.tibum.pl\/shop\/produkt\/opowiesc-gorskiego-potoku#primaryimage","url":"https:\/\/www.tibum.pl\/shop\/wp-content\/uploads\/Opowiesc_Gorskiego_Potoku_okladka.jpg","contentUrl":"https:\/\/www.tibum.pl\/shop\/wp-content\/uploads\/Opowiesc_Gorskiego_Potoku_okladka.jpg","width":1236,"height":875},{"@type":"BreadcrumbList","@id":"https:\/\/www.tibum.pl\/shop\/produkt\/opowiesc-gorskiego-potoku#breadcrumb","itemListElement":[{"@type":"ListItem","position":1,"name":"Home","item":"https:\/\/www.tibum.pl\/shop\/"},{"@type":"ListItem","position":2,"name":"Sklep","item":"https:\/\/www.tibum.pl\/shop\/sklep"},{"@type":"ListItem","position":3,"name":"&#8222;Opowie\u015b\u0107 G\u00f3rskiego Potoku&#8221;, Weronika \u017burowska, 18 kart narracyjnych"}]},{"@type":"WebSite","@id":"https:\/\/www.tibum.pl\/shop\/#website","url":"https:\/\/www.tibum.pl\/shop\/","name":"Tibum Wydawnictwo Kamishibai - Papierowy Teatr","description":"wydawca ksi\u0105\u017cek i bajek obrazkowych kamishibai","potentialAction":[{"@type":"SearchAction","target":{"@type":"EntryPoint","urlTemplate":"https:\/\/www.tibum.pl\/shop\/?s={search_term_string}"},"query-input":{"@type":"PropertyValueSpecification","valueRequired":true,"valueName":"search_term_string"}}],"inLanguage":"pl-PL"}]}},"_links":{"self":[{"href":"https:\/\/www.tibum.pl\/shop\/wp-json\/wp\/v2\/product\/24513","targetHints":{"allow":["GET"]}}],"collection":[{"href":"https:\/\/www.tibum.pl\/shop\/wp-json\/wp\/v2\/product"}],"about":[{"href":"https:\/\/www.tibum.pl\/shop\/wp-json\/wp\/v2\/types\/product"}],"wp:featuredmedia":[{"embeddable":true,"href":"https:\/\/www.tibum.pl\/shop\/wp-json\/wp\/v2\/media\/24525"}],"wp:attachment":[{"href":"https:\/\/www.tibum.pl\/shop\/wp-json\/wp\/v2\/media?parent=24513"}],"wp:term":[{"taxonomy":"product_brand","embeddable":true,"href":"https:\/\/www.tibum.pl\/shop\/wp-json\/wp\/v2\/product_brand?post=24513"},{"taxonomy":"product_cat","embeddable":true,"href":"https:\/\/www.tibum.pl\/shop\/wp-json\/wp\/v2\/product_cat?post=24513"},{"taxonomy":"product_tag","embeddable":true,"href":"https:\/\/www.tibum.pl\/shop\/wp-json\/wp\/v2\/product_tag?post=24513"}],"curies":[{"name":"wp","href":"https:\/\/api.w.org\/{rel}","templated":true}]}}