{"id":25104,"date":"2025-09-25T13:59:37","date_gmt":"2025-09-25T11:59:37","guid":{"rendered":"https:\/\/www.tibum.pl\/shop\/?post_type=product&#038;p=25104"},"modified":"2025-12-03T12:12:06","modified_gmt":"2025-12-03T11:12:06","slug":"piraci-zza-siedmiu-morz-bajka-kamishibai","status":"publish","type":"product","link":"https:\/\/www.tibum.pl\/shop\/produkt\/piraci-zza-siedmiu-morz-bajka-kamishibai","title":{"rendered":"\u201cPiraci zza siedmiu m\u00f3rz&#8221;, Sabina Furma\u0144ska, Justyna Tkocz,  14 kart narracyjnych"},"content":{"rendered":"<article>\n<div style=\"text-align: left;\">\n<p><strong>ksi\u0105\u017cka kamishibai<\/strong> w formie ilustrowanych kart narracyjnych do teatrzyku kamishibai<\/p>\n<h3><strong>Tytu\u0142: &#8222;Piraci zza siedmiu m\u00f3rz&#8221;<\/strong><\/h3>\n<p><strong>Tekst: <a href=\"https:\/\/www.tibum.pl\/shop\/autorzy\/sabina-furmanska\">Sabina Furma\u0144ska<\/a><\/strong><\/p>\n<p><strong>Ilustracje: <a href=\"https:\/\/www.tibum.pl\/shop\/autorzy\/justyna-dluzniewska\">Justyna Tkocz<\/a><\/strong><\/p>\n<p><strong>ISBN: 978-83-971271-5-9<\/strong><\/p>\n<p>bajka kamishibai<\/p>\n<p>bajka terapeutyczna<\/p>\n<p>Bierzemy na tapet\u0119 nud\u0119!<\/p>\n<p>Nuda. To przestrze\u0144, w kt\u00f3rej mo\u017ce wydarzy\u0107 si\u0119 co\u015b nowego.W \u015bwiecie, kt\u00f3ry ci\u0105gle czego\u015b od nas chce, nuda bywa traktowana jak wr\u00f3g. Bo jak to \u2013 nic nie robi\u0107? Nic si\u0119 nie dzieje? Przecie\u017c trzeba by\u0107 produktywnym!<\/p>\n<\/div>\n<\/article>\n<p>A jednak&#8230; nuda jest potrzebna. To taki \u201ereset\u201d dla m\u00f3zgu. Chwila, w kt\u00f3rej nie musimy nic wymy\u015bla\u0107,<br \/>\nnie jeste\u015bmy atakowani kolejnymi bod\u017acami, zadaniami, ekranami. Wtedy umys\u0142 zaczyna w\u0119drowa\u0107. Odpoczywa.<br \/>\nI \u2013 paradoksalnie \u2013 w\u0142a\u015bnie wtedy wpada na najlepsze pomys\u0142y.<\/p>\n<p>To dlatego dzieci, kt\u00f3re si\u0119 nudz\u0105, zaczynaj\u0105 wymy\u015bla\u0107 w\u0142asne zabawy. I dlatego doro\u015bli, kt\u00f3rzy pozwol\u0105 sobie nie robi\u0107 nic, nagle odnajduj\u0105 w sobie ochot\u0119, by co\u015b stworzy\u0107, odkry\u0107, ulepi\u0107, zmieni\u0107.<\/p>\n<p>Nuda nie jest pustk\u0105.<br \/>\nTo przestrze\u0144, w kt\u00f3rej mo\u017ce wydarzy\u0107 si\u0119 co\u015b nowego!<\/p>\n<p>&nbsp;<\/p>\n<article>\n<div style=\"text-align: left;\">\n<p>Bajki terapeutyczne Sabiny Furma\u0144skiej dotycz\u0105 najcz\u0119stszych problem\u00f3w i trudno\u015bci do\u015bwiadczanych przez dzieci.<\/p>\n<p>Wszystkie opowie\u015bci mog\u0105 by\u0107 r\u00f3wnie\u017c form\u0105 wsparcia dla dzieci w trudnych momentach \u017cyciowych. Ka\u017cda bajka stanowi autonomiczny materia\u0142 dydaktyczny pomocny w pracy z dzie\u0107mi, nie tylko w szkole, przedszkolach, ale r\u00f3wnie\u017c w domu.<\/p>\n<\/div>\n<p>Jedn\u0105 z najwa\u017cniejszych w szeroko poj\u0119tej socjalizacji stanowi edukacja wychowawczo \u2013 emocjonalno \u2013spo\u0142eczna. Pozwala ona na budowanie relacji r\u00f3wie\u015bniczych, grupowych, uczy odporno\u015bci na frustracj\u0119 i generalnie umiej\u0119tno\u015bci radzenia sobie w sytuacjach trudnych. Kszta\u0142tuje inteligencj\u0119 emocjonaln\u0105 i umiej\u0119tno\u015b\u0107 wsp\u00f3\u0142pracy.<\/p>\n<p>&nbsp;<\/p>\n<p style=\"text-align: right;\"><strong>Karty pracy &#8211; zagadki do pobrania:<\/strong><\/p>\n<h3 style=\"text-align: right;\"><a href=\"https:\/\/www.tibum.pl\/shop\/wp-content\/uploads\/labirynt.pdf\">Labirynt<\/a><\/h3>\n<h3 style=\"text-align: right;\"><a href=\"https:\/\/www.tibum.pl\/shop\/wp-content\/uploads\/szyfr.pdf\">Dyktando graficzne &#8211; szyfr<\/a><\/h3>\n<p style=\"text-align: right;\"><a href=\"https:\/\/www.tibum.pl\/shop\/wp-content\/uploads\/instrukcja.pdf\">Instrukcja do dyktanda<\/a><\/p>\n<p>&nbsp;<\/p>\n<div style=\"text-align: left;\">\n<blockquote><p><em>Edukacja w kierunku pracy nad emocjami oraz w\u0142asnym wn\u0119trzem wa\u017cne aby by\u0142a jednak przyjazna, bezpieczna i jak najbardziej tre\u015bciwa. Jedn\u0105 z pierwotnych, znanych z wczesnego dzieci\u0144stwa i kojarz\u0105cych si\u0119 nierzadko z bezpiecznym, rodzinnym domem jest biblioterapia, kt\u00f3ra w swojej szczeg\u00f3lnej odmianie zwanej bajkoterapi\u0105 ma ugruntowan\u0105 pozycj\u0119 w procesie terapii prowadzonej przez specjalist\u00f3w pracuj\u0105cych z osobami maj\u0105cymi trudno\u015bci zw\u0142aszcza w sferze emocjonalno \u2013 spo\u0142ecznej.<\/em><\/p>\n<p><em>Szczeg\u00f3lnym walorem tekst\u00f3w literackich jest mo\u017cliwo\u015b\u0107 symbolicznego zetkni\u0119cia si\u0119 z r\u00f3\u017cnymi trudno\u015bciami i sposobami radzenia sobie z nimi. Dzieciom \u0142atwiej poradzi\u0107 sobie z trudno\u015bciami, gdy widz\u0105, \u017ce nie s\u0105 w nich osamotnione, gdy mog\u0105 si\u0119 uto\u017csamia\u0107 z bohaterami utwor\u00f3w, kt\u00f3rzy w najbardziej klasycznej formie bajki nie s\u0105 nawet lud\u017ami, ale maj\u0105 tak bardzo bliskie i ludzkie prze\u017cycia i problemy. Dzieci mog\u0105 zobaczy\u0107 jak bohaterowie bajek radz\u0105 sobie z trudno\u015bciami, kto i co im pomaga i ucz\u0105 si\u0119 skutecznych sposob\u00f3w rozwi\u0105zywania problem\u00f3w. Planuj\u0105c zaj\u0119cia z wykorzystaniem bajek wa\u017cne jest dobranie odpowiednich tekst\u00f3w, atrakcyjnych dla odbiorc\u00f3w i daj\u0105cych szans\u0119 na zrealizowanie za\u0142o\u017conych cel\u00f3w. Poniewa\u017c zaj\u0119cia przeprowadzane w ca\u0142ych klasach nie b\u0119d\u0105 mia\u0142y formy typowej terapii nie obowi\u0105zuj\u0105 tu wszystkie regu\u0142y, kt\u00f3rym ta forma podlega w szczeg\u00f3lno\u015bci nie dopasowuje si\u0119 tre\u015bci utwor\u00f3w do ju\u017c zaistnia\u0142ego problemu. Zaj\u0119cia w klasach maj\u0105 bardziej charakter edukacyjny, profilaktyczny i wychowawczy i maj\u0105 wypracowa\u0107 og\u00f3lne i przydatne w r\u00f3\u017cnych sytuacjach \u017cyciowych strategie post\u0119powania i sposoby reagowania. W szczeg\u00f3lno\u015bci celem jest tutaj wypracowanie umiej\u0119tno\u015bci wsp\u00f3\u0142pracy, ch\u0119ci pomagania, motywacji oraz tolerancji i otwarto\u015bci na innych.<\/em><\/p>\n<p><em>Bajki te mog\u0105 znale\u017a\u0107 uznanie zar\u00f3wno w\u015br\u00f3d dzieci z r\u00f3\u017cnych grup przedszkolnych, jak i uczni\u00f3w z klas 1-3 oraz ich rodzic\u00f3w, a tak\u017ce specjalist\u00f3w pracuj\u0105cych z dzie\u0107mi (pedagog\u00f3w, pedagog\u00f3w specjalnych, psycholog\u00f3w, czy wychowawc\u00f3w). To dobra propozycja na uatrakcyjnienie lekcji, r\u00f3\u017cnych form zaj\u0119\u0107 pozalekcyjnych oraz zaj\u0119\u0107 na \u015bwietlicy; to tak\u017ce prosty z zarazem atrakcyjny spos\u00f3b wprowadzenia m\u0142odych ludzi w \u015bwiat teatru (by\u0107 mo\u017ce b\u0119dzie to wst\u0119p do zorganizowania na tej bazie przedstawienia kukie\u0142kowego czy te\u017c innej formy przedstawienia teatralnego).<\/em><\/p>\n<p>Sabina Furma\u0144ska<\/p><\/blockquote>\n<h3><\/h3>\n<p>Ksi\u0105\u017cka dla dzieci od lat 2<\/p>\n<\/div>\n<\/article>\n<p>Wydawnictwo: Wydawnictwo Tibum<br \/>\nWymiary: A3 (297\/420 mm)<br \/>\nLiczba kart: 14 (dwustronnych)<br \/>\nIlo\u015b\u0107 stron: 24 (tekst, ilustracje)<br \/>\nRok wydania: 2025<br \/>\nOprawa: kartonowa koperta<\/p>\n<p style=\"font-size: small; font-weight: normal;\"><strong>Uwaga:<\/strong><br \/>\nZdj\u0119cia w galerii produktu mog\u0105 zawiera\u0107 inne przedmioty np. ksi\u0105\u017cki, teatrzyki-parawany, kt\u00f3re s\u0105 osobno zamawianymi pozycjami<\/p>\n<div id=\"s3gt_translate_tooltip_mini\" class=\"s3gt_translate_tooltip_mini_box\" style=\"background: initial !important; border: initial !important; border-radius: initial !important; border-spacing: initial !important; border-collapse: initial !important; direction: ltr !important; flex-direction: initial !important; font-weight: initial !important; height: initial !important; letter-spacing: initial !important; min-width: initial !important; max-width: initial !important; min-height: initial !important; max-height: initial !important; margin: auto !important; padding: initial !important; text-align: initial !important; width: initial !important; color: inherit !important; font-size: 13px !important; font-family: X-LocaleSpecific, sans-serif, Tahoma, Helvetica !important; line-height: 13px !important; vertical-align: top !important;\">\n<div id=\"s3gt_translate_tooltip_mini_logo\" class=\"s3gt_translate_tooltip_mini\" title=\"T\u0142umacz zaznaczony tekst\"><\/div>\n<div id=\"s3gt_translate_tooltip_mini_sound\" class=\"s3gt_translate_tooltip_mini\" title=\"Odtw\u00f3rz\"><\/div>\n<div id=\"s3gt_translate_tooltip_mini_copy\" class=\"s3gt_translate_tooltip_mini\" title=\"Kopiuj tekst do schowka\"><\/div>\n<\/div>\n","protected":false},"excerpt":{"rendered":"<p>ksi\u0105\u017cka kamishibai w formie ilustrowanych kart narracyjnych do teatrzyku drewnianego<\/p>\n<p><strong>Tytu\u0142: <\/strong><strong>Piraci zza siedmiu m\u00f3rz<\/strong><\/p>\n<p><strong>Tekst: <a href=\"https:\/\/www.tibum.pl\/shop\/autorzy\/sabina-furmanska\">Sabina Furma\u0144ska<\/a><\/strong><\/p>\n<p><strong>Ilustracje: <a href=\"https:\/\/www.tibum.pl\/shop\/autorzy\/justyna-dluzniewska\">Justyna Tkocz<\/a><\/strong><\/p>\n<p><strong>ISBN:978-83-971271-5-9<\/strong><\/p>\n<p><strong>\u00a0<\/strong><\/p>\n<p>&nbsp;<\/p>\n","protected":false},"featured_media":25140,"template":"","meta":[],"product_brand":[],"product_cat":[18,48],"product_tag":[580,822,884,475,968,967,950,572,541,221],"class_list":{"0":"post-25104","1":"product","2":"type-product","3":"status-publish","4":"has-post-thumbnail","6":"product_cat-kamishibai","7":"product_cat-karty-narracyjne-do-teatrzyku-kamishibai","8":"product_tag-bajka-kamishibai","9":"product_tag-bajka-terapeutyczna","10":"product_tag-bajkoterapia","11":"product_tag-karty-kamishibai","12":"product_tag-kocie-opowiesci","13":"product_tag-kot","14":"product_tag-oswajanki","15":"product_tag-storytelling","16":"product_tag-teatrzyk-drewniany","17":"product_tag-tibum","18":"product_shipping_class-lekkie1","19":"description-off","21":"first","22":"instock","23":"featured","24":"taxable","25":"shipping-taxable","26":"purchasable","27":"product-type-simple"},"yoast_head":"<!-- This site is optimized with the Yoast SEO plugin v27.3 - https:\/\/yoast.com\/product\/yoast-seo-wordpress\/ -->\n<title>\u201cPiraci zza siedmiu m\u00f3rz&quot;, Sabina Furma\u0144ska, Justyna Tkocz, 14 kart narracyjnych - Tibum Wydawnictwo Kamishibai - Papierowy Teatr<\/title>\n<meta name=\"description\" content=\"Kot katastrofa czyli dzie\u0144 kraksy. Bajka terapeutyczna kamishibai dla dzieci przedszkolnych o pomaganiu. Bajka przekazuje prost\u0105 prawd\u0119 o tym jak trudno\u015bci przemijaj\u0105 i nadchodz\u0105 lepsze dni.\" \/>\n<meta name=\"robots\" content=\"index, follow, max-snippet:-1, max-image-preview:large, max-video-preview:-1\" \/>\n<link rel=\"canonical\" href=\"https:\/\/www.tibum.pl\/shop\/produkt\/piraci-zza-siedmiu-morz-bajka-kamishibai\" \/>\n<meta property=\"og:locale\" content=\"pl_PL\" \/>\n<meta property=\"og:type\" content=\"article\" \/>\n<meta property=\"og:title\" content=\"\u201cPiraci zza siedmiu m\u00f3rz&quot;, Sabina Furma\u0144ska, Justyna Tkocz, 14 kart narracyjnych - Tibum Wydawnictwo Kamishibai - Papierowy Teatr\" \/>\n<meta property=\"og:description\" content=\"Kot katastrofa czyli dzie\u0144 kraksy. Bajka terapeutyczna kamishibai dla dzieci przedszkolnych o pomaganiu. Bajka przekazuje prost\u0105 prawd\u0119 o tym jak trudno\u015bci przemijaj\u0105 i nadchodz\u0105 lepsze dni.\" \/>\n<meta property=\"og:url\" content=\"https:\/\/www.tibum.pl\/shop\/produkt\/piraci-zza-siedmiu-morz-bajka-kamishibai\" \/>\n<meta property=\"og:site_name\" content=\"Tibum Wydawnictwo Kamishibai - Papierowy Teatr\" \/>\n<meta property=\"article:publisher\" content=\"https:\/\/www.facebook.com\/PapierowyTeatr\" \/>\n<meta property=\"article:modified_time\" content=\"2025-12-03T11:12:06+00:00\" \/>\n<meta property=\"og:image\" content=\"https:\/\/www.tibum.pl\/shop\/wp-content\/uploads\/0-scaled.png\" \/>\n\t<meta property=\"og:image:width\" content=\"2560\" \/>\n\t<meta property=\"og:image:height\" content=\"1828\" \/>\n\t<meta property=\"og:image:type\" content=\"image\/png\" \/>\n<meta name=\"twitter:card\" content=\"summary_large_image\" \/>\n<meta name=\"twitter:label1\" content=\"Szacowany czas czytania\" \/>\n\t<meta name=\"twitter:data1\" content=\"2 minuty\" \/>\n<script type=\"application\/ld+json\" class=\"yoast-schema-graph\">{\"@context\":\"https:\\\/\\\/schema.org\",\"@graph\":[{\"@type\":\"WebPage\",\"@id\":\"https:\\\/\\\/www.tibum.pl\\\/shop\\\/produkt\\\/piraci-zza-siedmiu-morz-bajka-kamishibai\",\"url\":\"https:\\\/\\\/www.tibum.pl\\\/shop\\\/produkt\\\/piraci-zza-siedmiu-morz-bajka-kamishibai\",\"name\":\"\u201cPiraci zza siedmiu m\u00f3rz\\\", Sabina Furma\u0144ska, Justyna Tkocz, 14 kart narracyjnych - Tibum Wydawnictwo Kamishibai - Papierowy Teatr\",\"isPartOf\":{\"@id\":\"https:\\\/\\\/www.tibum.pl\\\/shop\\\/#website\"},\"primaryImageOfPage\":{\"@id\":\"https:\\\/\\\/www.tibum.pl\\\/shop\\\/produkt\\\/piraci-zza-siedmiu-morz-bajka-kamishibai#primaryimage\"},\"image\":{\"@id\":\"https:\\\/\\\/www.tibum.pl\\\/shop\\\/produkt\\\/piraci-zza-siedmiu-morz-bajka-kamishibai#primaryimage\"},\"thumbnailUrl\":\"https:\\\/\\\/www.tibum.pl\\\/shop\\\/wp-content\\\/uploads\\\/0-scaled.png\",\"datePublished\":\"2025-09-25T11:59:37+00:00\",\"dateModified\":\"2025-12-03T11:12:06+00:00\",\"description\":\"Kot katastrofa czyli dzie\u0144 kraksy. Bajka terapeutyczna kamishibai dla dzieci przedszkolnych o pomaganiu. Bajka przekazuje prost\u0105 prawd\u0119 o tym jak trudno\u015bci przemijaj\u0105 i nadchodz\u0105 lepsze dni.\",\"breadcrumb\":{\"@id\":\"https:\\\/\\\/www.tibum.pl\\\/shop\\\/produkt\\\/piraci-zza-siedmiu-morz-bajka-kamishibai#breadcrumb\"},\"inLanguage\":\"pl-PL\",\"potentialAction\":[{\"@type\":\"ReadAction\",\"target\":[\"https:\\\/\\\/www.tibum.pl\\\/shop\\\/produkt\\\/piraci-zza-siedmiu-morz-bajka-kamishibai\"]}]},{\"@type\":\"ImageObject\",\"inLanguage\":\"pl-PL\",\"@id\":\"https:\\\/\\\/www.tibum.pl\\\/shop\\\/produkt\\\/piraci-zza-siedmiu-morz-bajka-kamishibai#primaryimage\",\"url\":\"https:\\\/\\\/www.tibum.pl\\\/shop\\\/wp-content\\\/uploads\\\/0-scaled.png\",\"contentUrl\":\"https:\\\/\\\/www.tibum.pl\\\/shop\\\/wp-content\\\/uploads\\\/0-scaled.png\",\"width\":2560,\"height\":1828,\"caption\":\"bajka terapeutyczna piraci\"},{\"@type\":\"BreadcrumbList\",\"@id\":\"https:\\\/\\\/www.tibum.pl\\\/shop\\\/produkt\\\/piraci-zza-siedmiu-morz-bajka-kamishibai#breadcrumb\",\"itemListElement\":[{\"@type\":\"ListItem\",\"position\":1,\"name\":\"Home\",\"item\":\"https:\\\/\\\/www.tibum.pl\\\/shop\\\/\"},{\"@type\":\"ListItem\",\"position\":2,\"name\":\"Sklep\",\"item\":\"https:\\\/\\\/www.tibum.pl\\\/shop\\\/sklep\"},{\"@type\":\"ListItem\",\"position\":3,\"name\":\"\u201cPiraci zza siedmiu m\u00f3rz&#8221;, Sabina Furma\u0144ska, Justyna Tkocz, 14 kart narracyjnych\"}]},{\"@type\":\"WebSite\",\"@id\":\"https:\\\/\\\/www.tibum.pl\\\/shop\\\/#website\",\"url\":\"https:\\\/\\\/www.tibum.pl\\\/shop\\\/\",\"name\":\"Tibum Wydawnictwo Kamishibai - Papierowy Teatr\",\"description\":\"wydawca ksi\u0105\u017cek i bajek obrazkowych kamishibai\",\"potentialAction\":[{\"@type\":\"SearchAction\",\"target\":{\"@type\":\"EntryPoint\",\"urlTemplate\":\"https:\\\/\\\/www.tibum.pl\\\/shop\\\/?s={search_term_string}\"},\"query-input\":{\"@type\":\"PropertyValueSpecification\",\"valueRequired\":true,\"valueName\":\"search_term_string\"}}],\"inLanguage\":\"pl-PL\"}]}<\/script>\n<!-- \/ Yoast SEO plugin. -->","yoast_head_json":{"title":"\u201cPiraci zza siedmiu m\u00f3rz\", Sabina Furma\u0144ska, Justyna Tkocz, 14 kart narracyjnych - Tibum Wydawnictwo Kamishibai - Papierowy Teatr","description":"Kot katastrofa czyli dzie\u0144 kraksy. Bajka terapeutyczna kamishibai dla dzieci przedszkolnych o pomaganiu. Bajka przekazuje prost\u0105 prawd\u0119 o tym jak trudno\u015bci przemijaj\u0105 i nadchodz\u0105 lepsze dni.","robots":{"index":"index","follow":"follow","max-snippet":"max-snippet:-1","max-image-preview":"max-image-preview:large","max-video-preview":"max-video-preview:-1"},"canonical":"https:\/\/www.tibum.pl\/shop\/produkt\/piraci-zza-siedmiu-morz-bajka-kamishibai","og_locale":"pl_PL","og_type":"article","og_title":"\u201cPiraci zza siedmiu m\u00f3rz\", Sabina Furma\u0144ska, Justyna Tkocz, 14 kart narracyjnych - Tibum Wydawnictwo Kamishibai - Papierowy Teatr","og_description":"Kot katastrofa czyli dzie\u0144 kraksy. Bajka terapeutyczna kamishibai dla dzieci przedszkolnych o pomaganiu. Bajka przekazuje prost\u0105 prawd\u0119 o tym jak trudno\u015bci przemijaj\u0105 i nadchodz\u0105 lepsze dni.","og_url":"https:\/\/www.tibum.pl\/shop\/produkt\/piraci-zza-siedmiu-morz-bajka-kamishibai","og_site_name":"Tibum Wydawnictwo Kamishibai - Papierowy Teatr","article_publisher":"https:\/\/www.facebook.com\/PapierowyTeatr","article_modified_time":"2025-12-03T11:12:06+00:00","og_image":[{"width":2560,"height":1828,"url":"https:\/\/www.tibum.pl\/shop\/wp-content\/uploads\/0-scaled.png","type":"image\/png"}],"twitter_card":"summary_large_image","twitter_misc":{"Szacowany czas czytania":"2 minuty"},"schema":{"@context":"https:\/\/schema.org","@graph":[{"@type":"WebPage","@id":"https:\/\/www.tibum.pl\/shop\/produkt\/piraci-zza-siedmiu-morz-bajka-kamishibai","url":"https:\/\/www.tibum.pl\/shop\/produkt\/piraci-zza-siedmiu-morz-bajka-kamishibai","name":"\u201cPiraci zza siedmiu m\u00f3rz\", Sabina Furma\u0144ska, Justyna Tkocz, 14 kart narracyjnych - Tibum Wydawnictwo Kamishibai - Papierowy Teatr","isPartOf":{"@id":"https:\/\/www.tibum.pl\/shop\/#website"},"primaryImageOfPage":{"@id":"https:\/\/www.tibum.pl\/shop\/produkt\/piraci-zza-siedmiu-morz-bajka-kamishibai#primaryimage"},"image":{"@id":"https:\/\/www.tibum.pl\/shop\/produkt\/piraci-zza-siedmiu-morz-bajka-kamishibai#primaryimage"},"thumbnailUrl":"https:\/\/www.tibum.pl\/shop\/wp-content\/uploads\/0-scaled.png","datePublished":"2025-09-25T11:59:37+00:00","dateModified":"2025-12-03T11:12:06+00:00","description":"Kot katastrofa czyli dzie\u0144 kraksy. Bajka terapeutyczna kamishibai dla dzieci przedszkolnych o pomaganiu. Bajka przekazuje prost\u0105 prawd\u0119 o tym jak trudno\u015bci przemijaj\u0105 i nadchodz\u0105 lepsze dni.","breadcrumb":{"@id":"https:\/\/www.tibum.pl\/shop\/produkt\/piraci-zza-siedmiu-morz-bajka-kamishibai#breadcrumb"},"inLanguage":"pl-PL","potentialAction":[{"@type":"ReadAction","target":["https:\/\/www.tibum.pl\/shop\/produkt\/piraci-zza-siedmiu-morz-bajka-kamishibai"]}]},{"@type":"ImageObject","inLanguage":"pl-PL","@id":"https:\/\/www.tibum.pl\/shop\/produkt\/piraci-zza-siedmiu-morz-bajka-kamishibai#primaryimage","url":"https:\/\/www.tibum.pl\/shop\/wp-content\/uploads\/0-scaled.png","contentUrl":"https:\/\/www.tibum.pl\/shop\/wp-content\/uploads\/0-scaled.png","width":2560,"height":1828,"caption":"bajka terapeutyczna piraci"},{"@type":"BreadcrumbList","@id":"https:\/\/www.tibum.pl\/shop\/produkt\/piraci-zza-siedmiu-morz-bajka-kamishibai#breadcrumb","itemListElement":[{"@type":"ListItem","position":1,"name":"Home","item":"https:\/\/www.tibum.pl\/shop\/"},{"@type":"ListItem","position":2,"name":"Sklep","item":"https:\/\/www.tibum.pl\/shop\/sklep"},{"@type":"ListItem","position":3,"name":"\u201cPiraci zza siedmiu m\u00f3rz&#8221;, Sabina Furma\u0144ska, Justyna Tkocz, 14 kart narracyjnych"}]},{"@type":"WebSite","@id":"https:\/\/www.tibum.pl\/shop\/#website","url":"https:\/\/www.tibum.pl\/shop\/","name":"Tibum Wydawnictwo Kamishibai - Papierowy Teatr","description":"wydawca ksi\u0105\u017cek i bajek obrazkowych kamishibai","potentialAction":[{"@type":"SearchAction","target":{"@type":"EntryPoint","urlTemplate":"https:\/\/www.tibum.pl\/shop\/?s={search_term_string}"},"query-input":{"@type":"PropertyValueSpecification","valueRequired":true,"valueName":"search_term_string"}}],"inLanguage":"pl-PL"}]}},"_links":{"self":[{"href":"https:\/\/www.tibum.pl\/shop\/wp-json\/wp\/v2\/product\/25104","targetHints":{"allow":["GET"]}}],"collection":[{"href":"https:\/\/www.tibum.pl\/shop\/wp-json\/wp\/v2\/product"}],"about":[{"href":"https:\/\/www.tibum.pl\/shop\/wp-json\/wp\/v2\/types\/product"}],"wp:featuredmedia":[{"embeddable":true,"href":"https:\/\/www.tibum.pl\/shop\/wp-json\/wp\/v2\/media\/25140"}],"wp:attachment":[{"href":"https:\/\/www.tibum.pl\/shop\/wp-json\/wp\/v2\/media?parent=25104"}],"wp:term":[{"taxonomy":"product_brand","embeddable":true,"href":"https:\/\/www.tibum.pl\/shop\/wp-json\/wp\/v2\/product_brand?post=25104"},{"taxonomy":"product_cat","embeddable":true,"href":"https:\/\/www.tibum.pl\/shop\/wp-json\/wp\/v2\/product_cat?post=25104"},{"taxonomy":"product_tag","embeddable":true,"href":"https:\/\/www.tibum.pl\/shop\/wp-json\/wp\/v2\/product_tag?post=25104"}],"curies":[{"name":"wp","href":"https:\/\/api.w.org\/{rel}","templated":true}]}}