{"id":25440,"date":"2025-11-13T14:57:30","date_gmt":"2025-11-13T13:57:30","guid":{"rendered":"https:\/\/www.tibum.pl\/shop\/?post_type=product&#038;p=25440"},"modified":"2026-03-11T21:33:17","modified_gmt":"2026-03-11T20:33:17","slug":"spiaca-krolewna-14-kart-narracyjnych","status":"publish","type":"product","link":"https:\/\/www.tibum.pl\/shop\/produkt\/spiaca-krolewna-14-kart-narracyjnych","title":{"rendered":"\u201c\u015api\u0105ca kr\u00f3lewna&#8221;, Katarzyna Cichost\u0119pska, Patrycja Drabik, Agata Szczepaniuk"},"content":{"rendered":"<article>\n<div style=\"text-align: left;\">\n<p><strong>ksi\u0105\u017cka kamishibai<\/strong> w formie ilustrowanych kart narracyjnych do teatrzyku kamishibai<\/p>\n<h3><strong>Tytu\u0142: &#8222;\u015api\u0105ca kr\u00f3lewna&#8221;<\/strong><\/h3>\n<p><strong>Tekst: <a href=\"https:\/\/www.tibum.pl\/shop\/autorzy\/katarzyna-cichostepska\">Katarzyna Cichost\u0119pska<\/a> i <a href=\"https:\/\/www.tibum.pl\/shop\/autorzy\/patrycja-drabik\">Patrycja Drabik<\/a><\/strong><\/p>\n<p><strong>Ilustracje: <a href=\"https:\/\/www.tibum.pl\/shop\/autorzy\/agata-szczepaniuk\">Agata Szczepaniuk<\/a><\/strong><\/p>\n<p><strong>ISBN: 978-83-971271-6-6<\/strong><\/p>\n<p>bajka kamishibai<\/p>\n<p>adaptacja ba\u015bni <strong>\u015api\u0105ca Kr\u00f3lewna<\/strong><\/p>\n<\/div>\n<\/article>\n<article><strong>\u00a0<\/strong><\/p>\n<h4><strong>Dlaczego ta ksi\u0105\u017cka?<\/strong><\/h4>\n<p>Ba\u015bnie od wiek\u00f3w przemawiaj\u0105 j\u0119zykiem symboli, kt\u00f3re dzia\u0142aj\u0105 g\u0142\u0119boko \u2014 na poziomie intuicji, emocji, obraz\u00f3w, a nie tylko logiki. Dziecko nie musi wszystkiego rozumie\u0107 s\u0142owami. Wystarczy, \u017ce czuje rytm historii.<\/p>\n<p>\u2013 \u017ce dojrzewanie ma sw\u00f3j czas,<\/p>\n<p>\u2013 \u017ce nie wszystko mo\u017cna przyspieszy\u0107,<\/p>\n<p>\u2013 \u017ce w trudnych momentach \u017cycie nadal nad nami czuwa,<\/p>\n<p>\u2013 \u017ce przebudzenie do spraw, zdarze\u0144 i spotka\u0144 przychodzi, kiedy jeste\u015bmy na nie gotowi.<\/p>\n<p>Tak dzia\u0142aj\u0105 prawdziwe ba\u015bnie: tworz\u0105 w dziecku wewn\u0119trzn\u0105 map\u0119, kt\u00f3ra pomaga mu rosn\u0105\u0107 \u2014 nawet je\u015bli nie potrafi jeszcze ubra\u0107 tego w s\u0142owa.<\/p>\n<h4>O \u015api\u0105cej<\/h4>\n<p>Kiedy Kr\u00f3lewna zasn\u0119\u0142a, \u015bwiat nie zgas\u0142, tylko odwr\u00f3ci\u0142 si\u0119 do niej wewn\u0119trzn\u0105 stron\u0105 \u2014 jak pejza\u017c, kt\u00f3ry nagle pami\u0119ta swoje korzenie. W naszej opowie\u015bci kr\u00f3lewna nie \u015bpi po to, by czeka\u0107. \u015api, bo jej wewn\u0119trzny pejza\u017c uk\u0142ada si\u0119 w nowe kszta\u0142ty.<\/p>\n<p>W tym \u015bnie czas nie p\u0142yn\u0105\u0142 jak rzeka \u2014 czas oddycha\u0142, powoli, cierpliwie, wraz z ni\u0105.<\/p>\n<p>Bo s\u0105 tajemnice, kt\u00f3rych nie mo\u017cna przyspieszy\u0107, tak jak nie przyspiesza si\u0119 wzrostu drzewa ani \u015bwiat\u0142a \u015bwitu. Kapelusznik, przybysz z innego snu, przychodzi tu tylko po to, by czuwa\u0107 nad tym czasem. Nie budzi\u0107, nie zak\u0142\u00f3ca\u0107 ale by\u0107 obok, kiedy w ciszy \u0142\u0105czy si\u0119 to, co \u015bwiadome z tym co nie. Kl\u0105twa staje si\u0119 czasem dojrzewania, budowania wewn\u0119trznego rusztowania gdzie \u015bwiat\u0142o dojrzewa do mocy. Wewn\u0119trznej.<\/p>\n<h4>Ilustracje<\/h4>\n<p><strong>Ilustracje \u2014 \u201eMagritte dla dzieci\u201d <\/strong>!!! Oniryczne, mi\u0119kkie, symboliczne, buduj\u0105 atmosfer\u0119, w kt\u00f3rej czytelnik mo\u017ce si\u0119 zatrzyma\u0107, poczu\u0107 i zobaczy\u0107 wi\u0119cej, to niezwyk\u0142e obrazy, kt\u00f3re otwieraj\u0105 wyobra\u017ani\u0119, a nie zamykaj\u0105 jej gotowymi odpowiedziami.<\/p>\n<p>&nbsp;<\/p>\n<div style=\"text-align: left;\">\n<p>Ksi\u0105\u017cka kamishibai dla dzieci od lat 4<\/p>\n<\/div>\n<\/article>\n<p>Wydawnictwo: Wydawnictwo Tibum<br \/>\nWymiary: A3 (297\/420 mm)<br \/>\nLiczba kart: 14 (dwustronnych)<br \/>\nIlo\u015b\u0107 stron: 24 (tekst, ilustracje)<br \/>\nRok wydania: 2025<br \/>\nOprawa: kartonowa koperta<\/p>\n<p style=\"font-size: small; font-weight: normal;\"><strong>Uwaga:<\/strong><br \/>\nZdj\u0119cia w galerii produktu mog\u0105 zawiera\u0107 inne przedmioty np. ksi\u0105\u017cki, teatrzyki-parawany, kt\u00f3re s\u0105 osobno zamawianymi pozycjami<\/p>\n<div id=\"s3gt_translate_tooltip_mini\" class=\"s3gt_translate_tooltip_mini_box\" style=\"background: initial !important; border: initial !important; border-radius: initial !important; border-spacing: initial !important; border-collapse: initial !important; direction: ltr !important; flex-direction: initial !important; font-weight: initial !important; height: initial !important; letter-spacing: initial !important; min-width: initial !important; max-width: initial !important; min-height: initial !important; max-height: initial !important; margin: auto !important; padding: initial !important; text-align: initial !important; width: initial !important; color: inherit !important; font-size: 13px !important; font-family: X-LocaleSpecific, sans-serif, Tahoma, Helvetica !important; line-height: 13px !important; vertical-align: top !important;\">\n<div id=\"s3gt_translate_tooltip_mini_logo\" class=\"s3gt_translate_tooltip_mini\" title=\"T\u0142umacz zaznaczony tekst\"><\/div>\n<div id=\"s3gt_translate_tooltip_mini_sound\" class=\"s3gt_translate_tooltip_mini\" title=\"Odtw\u00f3rz\"><\/div>\n<div id=\"s3gt_translate_tooltip_mini_copy\" class=\"s3gt_translate_tooltip_mini\" title=\"Kopiuj tekst do schowka\"><\/div>\n<\/div>\n","protected":false},"excerpt":{"rendered":"<p>ksi\u0105\u017cka kamishibai w formie ilustrowanych kart narracyjnych do teatrzyku drewnianego<\/p>\n<p><strong>Tytu\u0142: <\/strong><strong>\u015api\u0105ca kr\u00f3lewna<\/strong><\/p>\n<p><strong>Tekst: <a href=\"https:\/\/www.tibum.pl\/shop\/autorzy\/katarzyna-cichostepska\">Katarzyna Cichost\u0119pska<\/a>, <a href=\"https:\/\/www.tibum.pl\/shop\/autorzy\/patrycja-drabik\">Patrycja Drabik<\/a><\/strong><\/p>\n<p><strong>Ilustracje: <a href=\"https:\/\/www.tibum.pl\/shop\/autorzy\/agata-szczepaniuk\">Agata Szczepaniuk<\/a><\/strong><\/p>\n<p><strong>ISBN: 978-83-971271-6-6<\/strong><\/p>\n<p><strong>\u00a0<\/strong><\/p>\n<p>&nbsp;<\/p>\n","protected":false},"featured_media":25566,"template":"","meta":[],"product_brand":[],"product_cat":[18,48],"product_tag":[580,822,884,475,968,967,950,572,541,221],"class_list":{"0":"post-25440","1":"product","2":"type-product","3":"status-publish","4":"has-post-thumbnail","6":"product_cat-kamishibai","7":"product_cat-karty-narracyjne-do-teatrzyku-kamishibai","8":"product_tag-bajka-kamishibai","9":"product_tag-bajka-terapeutyczna","10":"product_tag-bajkoterapia","11":"product_tag-karty-kamishibai","12":"product_tag-kocie-opowiesci","13":"product_tag-kot","14":"product_tag-oswajanki","15":"product_tag-storytelling","16":"product_tag-teatrzyk-drewniany","17":"product_tag-tibum","18":"product_shipping_class-lekkie1","19":"description-off","21":"first","22":"instock","23":"featured","24":"taxable","25":"shipping-taxable","26":"purchasable","27":"product-type-simple"},"yoast_head":"<!-- This site is optimized with the Yoast SEO plugin v27.3 - https:\/\/yoast.com\/product\/yoast-seo-wordpress\/ -->\n<title>\u201c\u015api\u0105ca kr\u00f3lewna&quot;, Katarzyna Cichost\u0119pska, Patrycja Drabik, Agata Szczepaniuk - Tibum Wydawnictwo Kamishibai - Papierowy Teatr<\/title>\n<meta name=\"description\" content=\"Klasyka ba\u015bni, \u015api\u0105ca kr\u00f3lewna w kamishibai, karty kamishibai\" \/>\n<meta name=\"robots\" content=\"index, follow, max-snippet:-1, max-image-preview:large, max-video-preview:-1\" \/>\n<link rel=\"canonical\" href=\"https:\/\/www.tibum.pl\/shop\/produkt\/spiaca-krolewna-14-kart-narracyjnych\" \/>\n<meta property=\"og:locale\" content=\"pl_PL\" \/>\n<meta property=\"og:type\" content=\"article\" \/>\n<meta property=\"og:title\" content=\"\u201c\u015api\u0105ca kr\u00f3lewna&quot;, Katarzyna Cichost\u0119pska, Patrycja Drabik, Agata Szczepaniuk - Tibum Wydawnictwo Kamishibai - Papierowy Teatr\" \/>\n<meta property=\"og:description\" content=\"Klasyka ba\u015bni, \u015api\u0105ca kr\u00f3lewna w kamishibai, karty kamishibai\" \/>\n<meta property=\"og:url\" content=\"https:\/\/www.tibum.pl\/shop\/produkt\/spiaca-krolewna-14-kart-narracyjnych\" \/>\n<meta property=\"og:site_name\" content=\"Tibum Wydawnictwo Kamishibai - Papierowy Teatr\" \/>\n<meta property=\"article:publisher\" content=\"https:\/\/www.facebook.com\/PapierowyTeatr\" \/>\n<meta property=\"article:modified_time\" content=\"2026-03-11T20:33:17+00:00\" \/>\n<meta property=\"og:image\" content=\"https:\/\/www.tibum.pl\/shop\/wp-content\/uploads\/Spiaca_krolewna_okladka.jpg\" \/>\n\t<meta property=\"og:image:width\" content=\"1200\" \/>\n\t<meta property=\"og:image:height\" content=\"849\" \/>\n\t<meta property=\"og:image:type\" content=\"image\/jpeg\" \/>\n<meta name=\"twitter:card\" content=\"summary_large_image\" \/>\n<meta name=\"twitter:label1\" content=\"Szacowany czas czytania\" \/>\n\t<meta name=\"twitter:data1\" content=\"3 minuty\" \/>\n<script type=\"application\/ld+json\" class=\"yoast-schema-graph\">{\"@context\":\"https:\\\/\\\/schema.org\",\"@graph\":[{\"@type\":\"WebPage\",\"@id\":\"https:\\\/\\\/www.tibum.pl\\\/shop\\\/produkt\\\/spiaca-krolewna-14-kart-narracyjnych\",\"url\":\"https:\\\/\\\/www.tibum.pl\\\/shop\\\/produkt\\\/spiaca-krolewna-14-kart-narracyjnych\",\"name\":\"\u201c\u015api\u0105ca kr\u00f3lewna\\\", Katarzyna Cichost\u0119pska, Patrycja Drabik, Agata Szczepaniuk - Tibum Wydawnictwo Kamishibai - Papierowy Teatr\",\"isPartOf\":{\"@id\":\"https:\\\/\\\/www.tibum.pl\\\/shop\\\/#website\"},\"primaryImageOfPage\":{\"@id\":\"https:\\\/\\\/www.tibum.pl\\\/shop\\\/produkt\\\/spiaca-krolewna-14-kart-narracyjnych#primaryimage\"},\"image\":{\"@id\":\"https:\\\/\\\/www.tibum.pl\\\/shop\\\/produkt\\\/spiaca-krolewna-14-kart-narracyjnych#primaryimage\"},\"thumbnailUrl\":\"https:\\\/\\\/www.tibum.pl\\\/shop\\\/wp-content\\\/uploads\\\/Spiaca_krolewna_okladka.jpg\",\"datePublished\":\"2025-11-13T13:57:30+00:00\",\"dateModified\":\"2026-03-11T20:33:17+00:00\",\"description\":\"Klasyka ba\u015bni, \u015api\u0105ca kr\u00f3lewna w kamishibai, karty kamishibai\",\"breadcrumb\":{\"@id\":\"https:\\\/\\\/www.tibum.pl\\\/shop\\\/produkt\\\/spiaca-krolewna-14-kart-narracyjnych#breadcrumb\"},\"inLanguage\":\"pl-PL\",\"potentialAction\":[{\"@type\":\"ReadAction\",\"target\":[\"https:\\\/\\\/www.tibum.pl\\\/shop\\\/produkt\\\/spiaca-krolewna-14-kart-narracyjnych\"]}]},{\"@type\":\"ImageObject\",\"inLanguage\":\"pl-PL\",\"@id\":\"https:\\\/\\\/www.tibum.pl\\\/shop\\\/produkt\\\/spiaca-krolewna-14-kart-narracyjnych#primaryimage\",\"url\":\"https:\\\/\\\/www.tibum.pl\\\/shop\\\/wp-content\\\/uploads\\\/Spiaca_krolewna_okladka.jpg\",\"contentUrl\":\"https:\\\/\\\/www.tibum.pl\\\/shop\\\/wp-content\\\/uploads\\\/Spiaca_krolewna_okladka.jpg\",\"width\":1200,\"height\":849},{\"@type\":\"BreadcrumbList\",\"@id\":\"https:\\\/\\\/www.tibum.pl\\\/shop\\\/produkt\\\/spiaca-krolewna-14-kart-narracyjnych#breadcrumb\",\"itemListElement\":[{\"@type\":\"ListItem\",\"position\":1,\"name\":\"Home\",\"item\":\"https:\\\/\\\/www.tibum.pl\\\/shop\\\/\"},{\"@type\":\"ListItem\",\"position\":2,\"name\":\"Sklep\",\"item\":\"https:\\\/\\\/www.tibum.pl\\\/shop\\\/sklep\"},{\"@type\":\"ListItem\",\"position\":3,\"name\":\"\u201c\u015api\u0105ca kr\u00f3lewna&#8221;, Katarzyna Cichost\u0119pska, Patrycja Drabik, Agata Szczepaniuk\"}]},{\"@type\":\"WebSite\",\"@id\":\"https:\\\/\\\/www.tibum.pl\\\/shop\\\/#website\",\"url\":\"https:\\\/\\\/www.tibum.pl\\\/shop\\\/\",\"name\":\"Tibum Wydawnictwo Kamishibai - Papierowy Teatr\",\"description\":\"wydawca ksi\u0105\u017cek i bajek obrazkowych kamishibai\",\"potentialAction\":[{\"@type\":\"SearchAction\",\"target\":{\"@type\":\"EntryPoint\",\"urlTemplate\":\"https:\\\/\\\/www.tibum.pl\\\/shop\\\/?s={search_term_string}\"},\"query-input\":{\"@type\":\"PropertyValueSpecification\",\"valueRequired\":true,\"valueName\":\"search_term_string\"}}],\"inLanguage\":\"pl-PL\"}]}<\/script>\n<!-- \/ Yoast SEO plugin. -->","yoast_head_json":{"title":"\u201c\u015api\u0105ca kr\u00f3lewna\", Katarzyna Cichost\u0119pska, Patrycja Drabik, Agata Szczepaniuk - Tibum Wydawnictwo Kamishibai - Papierowy Teatr","description":"Klasyka ba\u015bni, \u015api\u0105ca kr\u00f3lewna w kamishibai, karty kamishibai","robots":{"index":"index","follow":"follow","max-snippet":"max-snippet:-1","max-image-preview":"max-image-preview:large","max-video-preview":"max-video-preview:-1"},"canonical":"https:\/\/www.tibum.pl\/shop\/produkt\/spiaca-krolewna-14-kart-narracyjnych","og_locale":"pl_PL","og_type":"article","og_title":"\u201c\u015api\u0105ca kr\u00f3lewna\", Katarzyna Cichost\u0119pska, Patrycja Drabik, Agata Szczepaniuk - Tibum Wydawnictwo Kamishibai - Papierowy Teatr","og_description":"Klasyka ba\u015bni, \u015api\u0105ca kr\u00f3lewna w kamishibai, karty kamishibai","og_url":"https:\/\/www.tibum.pl\/shop\/produkt\/spiaca-krolewna-14-kart-narracyjnych","og_site_name":"Tibum Wydawnictwo Kamishibai - Papierowy Teatr","article_publisher":"https:\/\/www.facebook.com\/PapierowyTeatr","article_modified_time":"2026-03-11T20:33:17+00:00","og_image":[{"width":1200,"height":849,"url":"https:\/\/www.tibum.pl\/shop\/wp-content\/uploads\/Spiaca_krolewna_okladka.jpg","type":"image\/jpeg"}],"twitter_card":"summary_large_image","twitter_misc":{"Szacowany czas czytania":"3 minuty"},"schema":{"@context":"https:\/\/schema.org","@graph":[{"@type":"WebPage","@id":"https:\/\/www.tibum.pl\/shop\/produkt\/spiaca-krolewna-14-kart-narracyjnych","url":"https:\/\/www.tibum.pl\/shop\/produkt\/spiaca-krolewna-14-kart-narracyjnych","name":"\u201c\u015api\u0105ca kr\u00f3lewna\", Katarzyna Cichost\u0119pska, Patrycja Drabik, Agata Szczepaniuk - Tibum Wydawnictwo Kamishibai - Papierowy Teatr","isPartOf":{"@id":"https:\/\/www.tibum.pl\/shop\/#website"},"primaryImageOfPage":{"@id":"https:\/\/www.tibum.pl\/shop\/produkt\/spiaca-krolewna-14-kart-narracyjnych#primaryimage"},"image":{"@id":"https:\/\/www.tibum.pl\/shop\/produkt\/spiaca-krolewna-14-kart-narracyjnych#primaryimage"},"thumbnailUrl":"https:\/\/www.tibum.pl\/shop\/wp-content\/uploads\/Spiaca_krolewna_okladka.jpg","datePublished":"2025-11-13T13:57:30+00:00","dateModified":"2026-03-11T20:33:17+00:00","description":"Klasyka ba\u015bni, \u015api\u0105ca kr\u00f3lewna w kamishibai, karty kamishibai","breadcrumb":{"@id":"https:\/\/www.tibum.pl\/shop\/produkt\/spiaca-krolewna-14-kart-narracyjnych#breadcrumb"},"inLanguage":"pl-PL","potentialAction":[{"@type":"ReadAction","target":["https:\/\/www.tibum.pl\/shop\/produkt\/spiaca-krolewna-14-kart-narracyjnych"]}]},{"@type":"ImageObject","inLanguage":"pl-PL","@id":"https:\/\/www.tibum.pl\/shop\/produkt\/spiaca-krolewna-14-kart-narracyjnych#primaryimage","url":"https:\/\/www.tibum.pl\/shop\/wp-content\/uploads\/Spiaca_krolewna_okladka.jpg","contentUrl":"https:\/\/www.tibum.pl\/shop\/wp-content\/uploads\/Spiaca_krolewna_okladka.jpg","width":1200,"height":849},{"@type":"BreadcrumbList","@id":"https:\/\/www.tibum.pl\/shop\/produkt\/spiaca-krolewna-14-kart-narracyjnych#breadcrumb","itemListElement":[{"@type":"ListItem","position":1,"name":"Home","item":"https:\/\/www.tibum.pl\/shop\/"},{"@type":"ListItem","position":2,"name":"Sklep","item":"https:\/\/www.tibum.pl\/shop\/sklep"},{"@type":"ListItem","position":3,"name":"\u201c\u015api\u0105ca kr\u00f3lewna&#8221;, Katarzyna Cichost\u0119pska, Patrycja Drabik, Agata Szczepaniuk"}]},{"@type":"WebSite","@id":"https:\/\/www.tibum.pl\/shop\/#website","url":"https:\/\/www.tibum.pl\/shop\/","name":"Tibum Wydawnictwo Kamishibai - Papierowy Teatr","description":"wydawca ksi\u0105\u017cek i bajek obrazkowych kamishibai","potentialAction":[{"@type":"SearchAction","target":{"@type":"EntryPoint","urlTemplate":"https:\/\/www.tibum.pl\/shop\/?s={search_term_string}"},"query-input":{"@type":"PropertyValueSpecification","valueRequired":true,"valueName":"search_term_string"}}],"inLanguage":"pl-PL"}]}},"_links":{"self":[{"href":"https:\/\/www.tibum.pl\/shop\/wp-json\/wp\/v2\/product\/25440","targetHints":{"allow":["GET"]}}],"collection":[{"href":"https:\/\/www.tibum.pl\/shop\/wp-json\/wp\/v2\/product"}],"about":[{"href":"https:\/\/www.tibum.pl\/shop\/wp-json\/wp\/v2\/types\/product"}],"wp:featuredmedia":[{"embeddable":true,"href":"https:\/\/www.tibum.pl\/shop\/wp-json\/wp\/v2\/media\/25566"}],"wp:attachment":[{"href":"https:\/\/www.tibum.pl\/shop\/wp-json\/wp\/v2\/media?parent=25440"}],"wp:term":[{"taxonomy":"product_brand","embeddable":true,"href":"https:\/\/www.tibum.pl\/shop\/wp-json\/wp\/v2\/product_brand?post=25440"},{"taxonomy":"product_cat","embeddable":true,"href":"https:\/\/www.tibum.pl\/shop\/wp-json\/wp\/v2\/product_cat?post=25440"},{"taxonomy":"product_tag","embeddable":true,"href":"https:\/\/www.tibum.pl\/shop\/wp-json\/wp\/v2\/product_tag?post=25440"}],"curies":[{"name":"wp","href":"https:\/\/api.w.org\/{rel}","templated":true}]}}