{"id":8199,"date":"2017-04-24T15:36:14","date_gmt":"2017-04-24T13:36:14","guid":{"rendered":"http:\/\/www.tibum.pl\/shop\/?post_type=product&#038;p=8199"},"modified":"2026-01-09T16:48:35","modified_gmt":"2026-01-09T15:48:35","slug":"legenda-o-skarbniku","status":"publish","type":"product","link":"https:\/\/www.tibum.pl\/shop\/produkt\/legenda-o-skarbniku","title":{"rendered":"&#8222;Legenda o Skarbniku&#8221;, Adam W\u00f3jcicki, 17 kart narracyjnych"},"content":{"rendered":"<div id=\"pl-8199\" class=\"panel-layout\">\n<div id=\"pg-8199-0\" class=\"panel-grid panel-no-style\">\n<div id=\"pgc-8199-0-0\" class=\"panel-grid-cell\" data-weight=\"1\">\n<div id=\"panel-8199-0-0-0\" class=\"so-panel widget widget_text panel-first-child panel-last-child\" data-index=\"0\" data-style=\"{&quot;padding&quot;:&quot;3px 3px 3px 3px&quot;,&quot;mobile_padding&quot;:&quot;1% 1% 1% 1%&quot;,&quot;background_image_attachment&quot;:false,&quot;background_display&quot;:&quot;tile&quot;,&quot;background_image_size&quot;:&quot;full&quot;,&quot;border_thickness&quot;:&quot;1px&quot;}\">\n<div class=\"panel-widget-style panel-widget-style-for-8199-0-0-0\">\n<div class=\"textwidget\">\n<p>ksi\u0105\u017cka kamishibai w formie ilustrowanych kart narracyjnych<\/p>\n<div>Tytu\u0142: <strong>\u201c<cite>Legenda o Skarbniku<\/cite>\u201c<\/strong><br \/>\nAutor tekstu: <a href=\"https:\/\/www.tibum.pl\/shop\/autorzy\/julian-brudzewski\">Julian Brudzewski<\/a><br \/>\nIlustrator: <a href=\"https:\/\/www.tibum.pl\/shop\/autorzy\/adam-wojcicki\">Adam W\u00f3jcicki<\/a><\/div>\n<div>ISBN 978-83-934052-4-4<\/div>\n<div><\/div>\n<div style=\"text-align: left;\">\n<p>Od\u015bwie\u017cona, intryguj\u0105co zilustrowana, najs\u0142ynniejsza \u015bl\u0105ska legenda o duchu wszystkich kopal\u0144 \u2013 Skarbniku, kt\u00f3ry pomaga w niedoli g\u00f3rnikom i jest ich przewodnikiem. Wynagradza trud, odwag\u0119, uczciwo\u015b\u0107.<br \/>\nLegenda jest krzepi\u0105c\u0105 opowie\u015bci\u0105 o dorastaniu, odpowiedzialno\u015bci i trudzie codziennych wybor\u00f3w.<\/p>\n<p>Klasyk w nowym wydaniu! <cite>\u201eLegenda o Skarbniku\u201d<\/cite> otwiera cykl najpopularniejszych polskich legend, kt\u00f3ry realizujemy.<\/p>\n<p style=\"text-align: left;\">Powstanie ksi\u0105\u017cki wspar\u0142a finansowo <a href=\"http:\/\/www.miasto-ogrodow.eu\/strona\/onas\/mid\/2\">Instytucja Kultury miasta Katowice Miasto Ogrod\u00f3w<\/a> Ksi\u0105\u017cka powsta\u0142a dzi\u0119ki wsp\u00f3\u0142pracy z Wydzia\u0142em Projektowym Akademii Sztuk Pi\u0119knych w Katowicach.<\/p>\n<blockquote><p>Ilustracje do \u201e<cite>Legendy o Skarbniku<\/cite>\u201d powsta\u0142y w ramach seminarium w katedrze projektowania graficznego. Studenci katowickiego <abbr title=\"Akademii Sztuk Pi\u0119knych\">ASP<\/abbr> mieli okazj\u0119 po raz pierwszy zapozna\u0107 si\u0119 z form\u0105 artystyczn\u0105 jak\u0105 jest kamishibai i zmierzy\u0107 si\u0119 z najs\u0142ynniejsz\u0105 \u015bl\u0105sk\u0105 legend\u0105.<br \/>\nWydawnictwo ostatecznie wybra\u0142o ilustracje <a href=\"https:\/\/www.tibum.pl\/shop\/autorzy\/adam-wojcicki\">Adama W\u00f3jcickiego,<\/a> niezwyk\u0142e, ekspresywne i doskonale oddaj\u0105ce miniony, industrialny klimat G\u00f3rnego \u015al\u0105ska.<\/p>\n<p>&nbsp;<\/p><\/blockquote>\n<h2 style=\"text-align: right;\"><a href=\"https:\/\/www.tibum.pl\/shop\/wp-content\/uploads\/PrzykU0142adowy-scenariusz-lekcji_Skarbnik.pdf\">Przyk\u0142adowy scenariusz lekcji Skarbnik<\/a><\/h2>\n<\/div>\n<div>Wydawnictwo: Tibum<br \/>\n<strong>Wymiary: A3 (297\/420 mm)<\/strong><br \/>\nLiczba kart: 17 (dwustronnych)<br \/>\nIlo\u015b\u0107 stron: 34 (tekst, ilustracje)<br \/>\nRok wydania: 2014<br \/>\nOprawa: kartonowa koperta<\/div>\n<div style=\"text-align: center;\">\n<p><strong><img decoding=\"async\" class=\"wp-image-8205 size-full alignleft\" src=\"https:\/\/www.tibum.pl\/shop\/wp-content\/uploads\/asp_katowice-e1493326901214.jpg\" sizes=\"(max-width: 154px) 100vw, 154px\" srcset=\"https:\/\/www.tibum.pl\/shop\/wp-content\/uploads\/asp_katowice-e1493326901214.jpg 154w, https:\/\/www.tibum.pl\/shop\/wp-content\/uploads\/asp_katowice-e1493326901214-30x30.jpg 30w, https:\/\/www.tibum.pl\/shop\/wp-content\/uploads\/asp_katowice-e1493326901214-87x90.jpg 87w, https:\/\/www.tibum.pl\/shop\/wp-content\/uploads\/asp_katowice-e1493326901214-144x150.jpg 144w, https:\/\/www.tibum.pl\/shop\/wp-content\/uploads\/asp_katowice-e1493326901214-65x68.jpg 65w\" alt=\"logo Akademii Sztuk Pi\u0119knych w Katowicach\" width=\"154\" height=\"160\" \/><\/strong><\/p>\n<p>&nbsp;<\/p>\n<p><strong><img decoding=\"async\" class=\"wp-image-8206 size-full alignleft\" src=\"\/shop\/wp-content\/uploads\/katowice_miasto.jpg\" alt=\"katowice miasto ogrod\u00f3w logo\" width=\"147\" height=\"60\" \/><\/strong><\/p>\n<\/div>\n<p>&nbsp;<\/p>\n<p>&nbsp;<\/p>\n<p>&nbsp;<\/p>\n<p>&nbsp;<\/p>\n<p>&nbsp;<\/p>\n<p>&nbsp;<\/p>\n<p style=\"text-align: justify; color: #212121; font-size: small; font-weight: normal;\"><strong>Uwaga:<\/strong><br \/>\nZdj\u0119cia w galerii produktu mog\u0105 zawiera\u0107 inne przedmioty np. ksi\u0105\u017cki, teatrzyki-parawany, kt\u00f3re s\u0105 osobno zamawianymi pozycjami<\/p>\n<\/div>\n<\/div>\n<\/div>\n<\/div>\n<\/div>\n<\/div>\n<style type=\"text\/css\" class=\"panels-style\" data-panels-style-for-post=\"8199\">@import url(https:\/\/www.tibum.pl\/shop\/wp-content\/plugins\/siteorigin-panels\/css\/front-flex.min.css); #pgc-8199-0-0 { width:100%;width:calc(100% - ( 0 * 25px ) ) } #pg-8199-0 , #pl-8199 .so-panel { margin-bottom:20px } #pl-8199 .so-panel:last-of-type { margin-bottom:0px } #panel-8199-0-0-0> .panel-widget-style { padding:3px 3px 3px 3px } @media (max-width:780px){ #pg-8199-0.panel-no-style, #pg-8199-0.panel-has-style > .panel-row-style, #pg-8199-0 { -webkit-flex-direction:column;-ms-flex-direction:column;flex-direction:column } #pg-8199-0 > .panel-grid-cell , #pg-8199-0 > .panel-row-style > .panel-grid-cell { width:100%;margin-right:0 } #pl-8199 .panel-grid-cell { padding:0 } #pl-8199 .panel-grid .panel-grid-cell-empty { display:none } #pl-8199 .panel-grid .panel-grid-cell-mobile-last { margin-bottom:0px } #panel-8199-0-0-0> .panel-widget-style { padding:1% 1% 1% 1% }  } <\/style>\n","protected":false},"excerpt":{"rendered":"<div>\n<p>ksi\u0105\u017cka kamishibai w formie ilustrowanych kart narracyjnych<\/p>\n<p>Tytu\u0142: <strong>&#8222;<cite>Legenda o Skarbniku<\/cite>&#8222;<\/strong><br \/>\nAutor tekstu: <a href=\"https:\/\/www.tibum.pl\/shop\/autorzy\/julian-brudzewski\">Julian Brudzewski<\/a><br \/>\nIlustrator: <a href=\"https:\/\/www.tibum.pl\/shop\/autorzy\/adam-wojcicki\">Adam W\u00f3jcicki<\/a><br \/>\nISBN 978-83-934052-4-4<\/p>\n<p>&nbsp;<\/p>\n<\/div>\n","protected":false},"featured_media":10077,"template":"","meta":[],"product_brand":[],"product_cat":[18,48],"product_tag":[580,288,251,271,6,272,275,285,286,287,273,221,289],"class_list":{"0":"post-8199","1":"product","2":"type-product","3":"status-publish","4":"has-post-thumbnail","6":"product_cat-kamishibai","7":"product_cat-karty-narracyjne-do-teatrzyku-kamishibai","8":"product_tag-bajka-kamishibai","9":"product_tag-bieda","10":"product_tag-chlopiec","11":"product_tag-gornik","12":"product_tag-kamishibai","13":"product_tag-kopalnia","14":"product_tag-legenda","15":"product_tag-opowiesc","16":"product_tag-praca","17":"product_tag-rodzina","18":"product_tag-skarbnik","19":"product_tag-tibum","20":"product_tag-wartosci","21":"product_shipping_class-lekkie1","22":"description-off","24":"first","25":"instock","26":"featured","27":"taxable","28":"shipping-taxable","29":"purchasable","30":"product-type-simple"},"yoast_head":"<!-- This site is optimized with the Yoast SEO plugin v27.3 - https:\/\/yoast.com\/product\/yoast-seo-wordpress\/ -->\n<title>&quot;Legenda o Skarbniku&quot;, Adam W\u00f3jcicki, 17 kart narracyjnych - Tibum Wydawnictwo Kamishibai - Papierowy Teatr<\/title>\n<meta name=\"description\" content=\"Legenda o skarbniku w teatrze kamishibai, legendy polskie, opowie\u015b\u0107 o kopalnianym duchu kt\u00f3ry pomaga\u0142 g\u00f3rnikom. Historia o wytrwa\u0142o\u015bci i uczciwo\u015bci.\" \/>\n<meta name=\"robots\" content=\"index, follow, max-snippet:-1, max-image-preview:large, max-video-preview:-1\" \/>\n<link rel=\"canonical\" href=\"https:\/\/www.tibum.pl\/shop\/produkt\/legenda-o-skarbniku\" \/>\n<meta property=\"og:locale\" content=\"pl_PL\" \/>\n<meta property=\"og:type\" content=\"article\" \/>\n<meta property=\"og:title\" content=\"&quot;Legenda o Skarbniku&quot;, Adam W\u00f3jcicki, 17 kart narracyjnych - Tibum Wydawnictwo Kamishibai - Papierowy Teatr\" \/>\n<meta property=\"og:description\" content=\"Legenda o skarbniku w teatrze kamishibai, legendy polskie, opowie\u015b\u0107 o kopalnianym duchu kt\u00f3ry pomaga\u0142 g\u00f3rnikom. Historia o wytrwa\u0142o\u015bci i uczciwo\u015bci.\" \/>\n<meta property=\"og:url\" content=\"https:\/\/www.tibum.pl\/shop\/produkt\/legenda-o-skarbniku\" \/>\n<meta property=\"og:site_name\" content=\"Tibum Wydawnictwo Kamishibai - Papierowy Teatr\" \/>\n<meta property=\"article:publisher\" content=\"https:\/\/www.facebook.com\/PapierowyTeatr\" \/>\n<meta property=\"article:modified_time\" content=\"2026-01-09T15:48:35+00:00\" \/>\n<meta property=\"og:image\" content=\"https:\/\/www.tibum.pl\/shop\/wp-content\/uploads\/legenda_o_skarbniku_okladka-e1710162977497.jpg\" \/>\n\t<meta property=\"og:image:width\" content=\"602\" \/>\n\t<meta property=\"og:image:height\" content=\"424\" \/>\n\t<meta property=\"og:image:type\" content=\"image\/jpeg\" \/>\n<meta name=\"twitter:card\" content=\"summary_large_image\" \/>\n<meta name=\"twitter:label1\" content=\"Szacowany czas czytania\" \/>\n\t<meta name=\"twitter:data1\" content=\"2 minuty\" \/>\n<script type=\"application\/ld+json\" class=\"yoast-schema-graph\">{\"@context\":\"https:\\\/\\\/schema.org\",\"@graph\":[{\"@type\":\"WebPage\",\"@id\":\"https:\\\/\\\/www.tibum.pl\\\/shop\\\/produkt\\\/legenda-o-skarbniku\",\"url\":\"https:\\\/\\\/www.tibum.pl\\\/shop\\\/produkt\\\/legenda-o-skarbniku\",\"name\":\"\\\"Legenda o Skarbniku\\\", Adam W\u00f3jcicki, 17 kart narracyjnych - Tibum Wydawnictwo Kamishibai - Papierowy Teatr\",\"isPartOf\":{\"@id\":\"https:\\\/\\\/www.tibum.pl\\\/shop\\\/#website\"},\"primaryImageOfPage\":{\"@id\":\"https:\\\/\\\/www.tibum.pl\\\/shop\\\/produkt\\\/legenda-o-skarbniku#primaryimage\"},\"image\":{\"@id\":\"https:\\\/\\\/www.tibum.pl\\\/shop\\\/produkt\\\/legenda-o-skarbniku#primaryimage\"},\"thumbnailUrl\":\"https:\\\/\\\/www.tibum.pl\\\/shop\\\/wp-content\\\/uploads\\\/legenda_o_skarbniku_okladka-e1710162977497.jpg\",\"datePublished\":\"2017-04-24T13:36:14+00:00\",\"dateModified\":\"2026-01-09T15:48:35+00:00\",\"description\":\"Legenda o skarbniku w teatrze kamishibai, legendy polskie, opowie\u015b\u0107 o kopalnianym duchu kt\u00f3ry pomaga\u0142 g\u00f3rnikom. Historia o wytrwa\u0142o\u015bci i uczciwo\u015bci.\",\"breadcrumb\":{\"@id\":\"https:\\\/\\\/www.tibum.pl\\\/shop\\\/produkt\\\/legenda-o-skarbniku#breadcrumb\"},\"inLanguage\":\"pl-PL\",\"potentialAction\":[{\"@type\":\"ReadAction\",\"target\":[\"https:\\\/\\\/www.tibum.pl\\\/shop\\\/produkt\\\/legenda-o-skarbniku\"]}]},{\"@type\":\"ImageObject\",\"inLanguage\":\"pl-PL\",\"@id\":\"https:\\\/\\\/www.tibum.pl\\\/shop\\\/produkt\\\/legenda-o-skarbniku#primaryimage\",\"url\":\"https:\\\/\\\/www.tibum.pl\\\/shop\\\/wp-content\\\/uploads\\\/legenda_o_skarbniku_okladka-e1710162977497.jpg\",\"contentUrl\":\"https:\\\/\\\/www.tibum.pl\\\/shop\\\/wp-content\\\/uploads\\\/legenda_o_skarbniku_okladka-e1710162977497.jpg\",\"width\":602,\"height\":424,\"caption\":\"ksi\u0105\u017cka legenda_o_skarbniku_okladka\"},{\"@type\":\"BreadcrumbList\",\"@id\":\"https:\\\/\\\/www.tibum.pl\\\/shop\\\/produkt\\\/legenda-o-skarbniku#breadcrumb\",\"itemListElement\":[{\"@type\":\"ListItem\",\"position\":1,\"name\":\"Home\",\"item\":\"https:\\\/\\\/www.tibum.pl\\\/shop\\\/\"},{\"@type\":\"ListItem\",\"position\":2,\"name\":\"Sklep\",\"item\":\"https:\\\/\\\/www.tibum.pl\\\/shop\\\/sklep\"},{\"@type\":\"ListItem\",\"position\":3,\"name\":\"&#8222;Legenda o Skarbniku&#8221;, Adam W\u00f3jcicki, 17 kart narracyjnych\"}]},{\"@type\":\"WebSite\",\"@id\":\"https:\\\/\\\/www.tibum.pl\\\/shop\\\/#website\",\"url\":\"https:\\\/\\\/www.tibum.pl\\\/shop\\\/\",\"name\":\"Tibum Wydawnictwo Kamishibai - Papierowy Teatr\",\"description\":\"wydawca ksi\u0105\u017cek i bajek obrazkowych kamishibai\",\"potentialAction\":[{\"@type\":\"SearchAction\",\"target\":{\"@type\":\"EntryPoint\",\"urlTemplate\":\"https:\\\/\\\/www.tibum.pl\\\/shop\\\/?s={search_term_string}\"},\"query-input\":{\"@type\":\"PropertyValueSpecification\",\"valueRequired\":true,\"valueName\":\"search_term_string\"}}],\"inLanguage\":\"pl-PL\"}]}<\/script>\n<!-- \/ Yoast SEO plugin. -->","yoast_head_json":{"title":"\"Legenda o Skarbniku\", Adam W\u00f3jcicki, 17 kart narracyjnych - Tibum Wydawnictwo Kamishibai - Papierowy Teatr","description":"Legenda o skarbniku w teatrze kamishibai, legendy polskie, opowie\u015b\u0107 o kopalnianym duchu kt\u00f3ry pomaga\u0142 g\u00f3rnikom. Historia o wytrwa\u0142o\u015bci i uczciwo\u015bci.","robots":{"index":"index","follow":"follow","max-snippet":"max-snippet:-1","max-image-preview":"max-image-preview:large","max-video-preview":"max-video-preview:-1"},"canonical":"https:\/\/www.tibum.pl\/shop\/produkt\/legenda-o-skarbniku","og_locale":"pl_PL","og_type":"article","og_title":"\"Legenda o Skarbniku\", Adam W\u00f3jcicki, 17 kart narracyjnych - Tibum Wydawnictwo Kamishibai - Papierowy Teatr","og_description":"Legenda o skarbniku w teatrze kamishibai, legendy polskie, opowie\u015b\u0107 o kopalnianym duchu kt\u00f3ry pomaga\u0142 g\u00f3rnikom. Historia o wytrwa\u0142o\u015bci i uczciwo\u015bci.","og_url":"https:\/\/www.tibum.pl\/shop\/produkt\/legenda-o-skarbniku","og_site_name":"Tibum Wydawnictwo Kamishibai - Papierowy Teatr","article_publisher":"https:\/\/www.facebook.com\/PapierowyTeatr","article_modified_time":"2026-01-09T15:48:35+00:00","og_image":[{"width":602,"height":424,"url":"https:\/\/www.tibum.pl\/shop\/wp-content\/uploads\/legenda_o_skarbniku_okladka-e1710162977497.jpg","type":"image\/jpeg"}],"twitter_card":"summary_large_image","twitter_misc":{"Szacowany czas czytania":"2 minuty"},"schema":{"@context":"https:\/\/schema.org","@graph":[{"@type":"WebPage","@id":"https:\/\/www.tibum.pl\/shop\/produkt\/legenda-o-skarbniku","url":"https:\/\/www.tibum.pl\/shop\/produkt\/legenda-o-skarbniku","name":"\"Legenda o Skarbniku\", Adam W\u00f3jcicki, 17 kart narracyjnych - Tibum Wydawnictwo Kamishibai - Papierowy Teatr","isPartOf":{"@id":"https:\/\/www.tibum.pl\/shop\/#website"},"primaryImageOfPage":{"@id":"https:\/\/www.tibum.pl\/shop\/produkt\/legenda-o-skarbniku#primaryimage"},"image":{"@id":"https:\/\/www.tibum.pl\/shop\/produkt\/legenda-o-skarbniku#primaryimage"},"thumbnailUrl":"https:\/\/www.tibum.pl\/shop\/wp-content\/uploads\/legenda_o_skarbniku_okladka-e1710162977497.jpg","datePublished":"2017-04-24T13:36:14+00:00","dateModified":"2026-01-09T15:48:35+00:00","description":"Legenda o skarbniku w teatrze kamishibai, legendy polskie, opowie\u015b\u0107 o kopalnianym duchu kt\u00f3ry pomaga\u0142 g\u00f3rnikom. Historia o wytrwa\u0142o\u015bci i uczciwo\u015bci.","breadcrumb":{"@id":"https:\/\/www.tibum.pl\/shop\/produkt\/legenda-o-skarbniku#breadcrumb"},"inLanguage":"pl-PL","potentialAction":[{"@type":"ReadAction","target":["https:\/\/www.tibum.pl\/shop\/produkt\/legenda-o-skarbniku"]}]},{"@type":"ImageObject","inLanguage":"pl-PL","@id":"https:\/\/www.tibum.pl\/shop\/produkt\/legenda-o-skarbniku#primaryimage","url":"https:\/\/www.tibum.pl\/shop\/wp-content\/uploads\/legenda_o_skarbniku_okladka-e1710162977497.jpg","contentUrl":"https:\/\/www.tibum.pl\/shop\/wp-content\/uploads\/legenda_o_skarbniku_okladka-e1710162977497.jpg","width":602,"height":424,"caption":"ksi\u0105\u017cka legenda_o_skarbniku_okladka"},{"@type":"BreadcrumbList","@id":"https:\/\/www.tibum.pl\/shop\/produkt\/legenda-o-skarbniku#breadcrumb","itemListElement":[{"@type":"ListItem","position":1,"name":"Home","item":"https:\/\/www.tibum.pl\/shop\/"},{"@type":"ListItem","position":2,"name":"Sklep","item":"https:\/\/www.tibum.pl\/shop\/sklep"},{"@type":"ListItem","position":3,"name":"&#8222;Legenda o Skarbniku&#8221;, Adam W\u00f3jcicki, 17 kart narracyjnych"}]},{"@type":"WebSite","@id":"https:\/\/www.tibum.pl\/shop\/#website","url":"https:\/\/www.tibum.pl\/shop\/","name":"Tibum Wydawnictwo Kamishibai - Papierowy Teatr","description":"wydawca ksi\u0105\u017cek i bajek obrazkowych kamishibai","potentialAction":[{"@type":"SearchAction","target":{"@type":"EntryPoint","urlTemplate":"https:\/\/www.tibum.pl\/shop\/?s={search_term_string}"},"query-input":{"@type":"PropertyValueSpecification","valueRequired":true,"valueName":"search_term_string"}}],"inLanguage":"pl-PL"}]}},"_links":{"self":[{"href":"https:\/\/www.tibum.pl\/shop\/wp-json\/wp\/v2\/product\/8199","targetHints":{"allow":["GET"]}}],"collection":[{"href":"https:\/\/www.tibum.pl\/shop\/wp-json\/wp\/v2\/product"}],"about":[{"href":"https:\/\/www.tibum.pl\/shop\/wp-json\/wp\/v2\/types\/product"}],"wp:featuredmedia":[{"embeddable":true,"href":"https:\/\/www.tibum.pl\/shop\/wp-json\/wp\/v2\/media\/10077"}],"wp:attachment":[{"href":"https:\/\/www.tibum.pl\/shop\/wp-json\/wp\/v2\/media?parent=8199"}],"wp:term":[{"taxonomy":"product_brand","embeddable":true,"href":"https:\/\/www.tibum.pl\/shop\/wp-json\/wp\/v2\/product_brand?post=8199"},{"taxonomy":"product_cat","embeddable":true,"href":"https:\/\/www.tibum.pl\/shop\/wp-json\/wp\/v2\/product_cat?post=8199"},{"taxonomy":"product_tag","embeddable":true,"href":"https:\/\/www.tibum.pl\/shop\/wp-json\/wp\/v2\/product_tag?post=8199"}],"curies":[{"name":"wp","href":"https:\/\/api.w.org\/{rel}","templated":true}]}}