{"id":8490,"date":"2017-05-06T09:40:29","date_gmt":"2017-05-06T07:40:29","guid":{"rendered":"http:\/\/www.tibum.pl\/shop\/?post_type=product&#038;p=8490"},"modified":"2025-11-26T11:15:10","modified_gmt":"2025-11-26T10:15:10","slug":"moj-przyjaciel-kemushi","status":"publish","type":"product","link":"https:\/\/www.tibum.pl\/shop\/produkt\/moj-przyjaciel-kemushi","title":{"rendered":"&#8222;M\u00f3j przyjaciel Kemushi&#8221;, Mandana Sadat, 13 kart narracyjnych"},"content":{"rendered":"<div style=\"text-align: left;\">\n<p>ksi\u0105\u017cka kamishibai w formie ilustrowanych kart narracyjnych<\/p>\n<p>Tytu\u0142: <strong>&#8222;<cite>M\u00f3j przyjaciel Kemushi<\/cite>&#8222;<\/strong><br \/>\nTytu\u0142 orygina\u0142u: &#8222;<cite>Mon ami Kemushi<\/cite>&#8221;<br \/>\nAutor: <a href=\"https:\/\/www.tibum.pl\/shop\/autorzy\/nathalie-dargent\">Nathalie Dargent<\/a><br \/>\nIlustrator: <a href=\"https:\/\/www.tibum.pl\/shop\/autorzy\/mandana-sadat\">Mandana Sadat<\/a><br \/>\nT\u0142umacz: <a href=\"https:\/\/www.tibum.pl\/shop\/autorzy\/dorota-vinet\">Dorota Vinet<\/a><br \/>\nISBN 978-83-934052-5-1<\/p>\n<p>&nbsp;<\/p>\n<p>Kemushi mieszka w niezwyk\u0142ym ogrodzie. Przez ca\u0142\u0105 zim\u0119 schowany w swoim domku na drzewie s\u0142ucha wietrznych melodii. Czas mija. Kiedy nadchodz\u0105 roztopy Kemushi bardzo si\u0119 zmieni\u0142. W ogrodzie zaczynaj\u0105 si\u0119 wiosenne porz\u0105dki.<\/p>\n<p>Kemushi czeka \u2026 w ko\u0144cu opuszcza sw\u00f3j domek, wdycha upojne zapachy kwitn\u0105cych \u015bliw i czere\u015bni, kontempluje ksi\u0119\u017cyc w pe\u0142ni. Jest gotowy do dalszej drogi\u2026<\/p>\n<p>Historia opowiada o przyrodzie i jej przemianach, o tym czym jest to\u017csamo\u015b\u0107 i przemijanie. Poetyckiemu tekstowi towarzysz\u0105 pi\u0119kne, utrzymane w stylu orientalnym ilustracje wybitnej ilustratorki <a href=\"https:\/\/www.tibum.pl\/shop\/autorzy\/mandana-sadat\">Mandany Sadat.<\/a><\/p>\n<p>Dla dzieci od lat 3-100<\/p>\n<p>&nbsp;<\/p>\n<p><strong>Ksi\u0105\u017ck\u0119 wydano dzi\u0119ki dofinansowaniu Instytutu Francuskiego w ramach programu wsparcia wydawniczego.<\/strong><\/p>\n<p>Wydawnictwo: Tibum<br \/>\n<strong>Wymiary: A3 (297\/420 mm)<\/strong><br \/>\nLiczba kart: 13 (dwustronnych)<br \/>\nIlo\u015b\u0107 stron: 26 (tekst, ilustracje)<br \/>\nRok wydania: 2015<br \/>\nOprawa: kartonowa koperta<\/p>\n<h2 style=\"text-align: right;\"><a href=\"https:\/\/www.tibum.pl\/shop\/wp-content\/uploads\/PrzykU0142adowy-scenariusz-lekcji_Kemushi.pdf\"><strong>Scenariusz lekcji do pobrania<\/strong><\/a><\/h2>\n<p style=\"font-size: small; font-weight: normal;\"><strong>Uwaga:<\/strong><br \/>\nZdj\u0119cia w galerii produktu mog\u0105 zawiera\u0107 inne przedmioty np. ksi\u0105\u017cki, teatrzyki-parawany, kt\u00f3re s\u0105 osobno zamawianymi pozycjami<\/p>\n<\/div>\n","protected":false},"excerpt":{"rendered":"<p>ksi\u0105\u017cka kamishibai w formie ilustrowanych kart narracyjnych<\/p>\n<p>Tytu\u0142: <strong>&#8222;<cite>M\u00f3j przyjaciel Kemushi<\/cite>&#8222;<\/strong><br \/>\nTytu\u0142 orygina\u0142u: &#8222;<cite>Mon ami Kemushi<\/cite>&#8221;<br \/>\nAutor: <a href=\"https:\/\/www.tibum.pl\/shop\/autorzy\/nathalie-dargent\">Nathalie Dargent<\/a><br \/>\nIlustrator: <a href=\"https:\/\/www.tibum.pl\/shop\/autorzy\/mandana-sadat\">Mandana Sadat<\/a><br \/>\nT\u0142umacz: <a href=\"https:\/\/www.tibum.pl\/shop\/autorzy\/dorota-vinet\">Dorota Vinet<\/a><br \/>\nISBN 978-83-934052-5-1<\/p>\n","protected":false},"featured_media":10074,"template":"","meta":[],"product_brand":[],"product_cat":[18,48],"product_tag":[6,224,314,910,911,934,798,221,853],"class_list":{"0":"post-8490","1":"product","2":"type-product","3":"status-publish","4":"has-post-thumbnail","6":"product_cat-kamishibai","7":"product_cat-karty-narracyjne-do-teatrzyku-kamishibai","8":"product_tag-kamishibai","9":"product_tag-karty-narracyjne","10":"product_tag-nowe-zycie","11":"product_tag-ogrod","12":"product_tag-poetycki-tekst","13":"product_tag-pory-roku","14":"product_tag-przemiana","15":"product_tag-tibum","16":"product_tag-wiez-z-przyroda","17":"product_shipping_class-lekkie1","18":"description-off","20":"first","21":"instock","22":"taxable","23":"shipping-taxable","24":"purchasable","25":"product-type-simple"},"yoast_head":"<!-- This site is optimized with the Yoast SEO plugin v27.5 - https:\/\/yoast.com\/product\/yoast-seo-wordpress\/ -->\n<title>&quot;M\u00f3j przyjaciel Kemushi&quot;, Mandana Sadat, 13 kart narracyjnych - Tibum Wydawnictwo Kamishibai - Papierowy Teatr<\/title>\n<meta name=\"robots\" content=\"index, follow, max-snippet:-1, max-image-preview:large, max-video-preview:-1\" \/>\n<link rel=\"canonical\" href=\"https:\/\/www.tibum.pl\/shop\/produkt\/moj-przyjaciel-kemushi\" \/>\n<meta property=\"og:locale\" content=\"pl_PL\" \/>\n<meta property=\"og:type\" content=\"article\" \/>\n<meta property=\"og:title\" content=\"&quot;M\u00f3j przyjaciel Kemushi&quot;, Mandana Sadat, 13 kart narracyjnych - Tibum Wydawnictwo Kamishibai - Papierowy Teatr\" \/>\n<meta property=\"og:description\" content=\"ksi\u0105\u017cka kamishibai w formie ilustrowanych kart narracyjnych  Tytu\u0142: &quot;M\u00f3j przyjaciel Kemushi&quot; Tytu\u0142 orygina\u0142u: &quot;Mon ami Kemushi&quot; Autor: Nathalie Dargent Ilustrator: Mandana Sadat T\u0142umacz: Dorota Vinet ISBN 978-83-934052-5-1\" \/>\n<meta property=\"og:url\" content=\"https:\/\/www.tibum.pl\/shop\/produkt\/moj-przyjaciel-kemushi\" \/>\n<meta property=\"og:site_name\" content=\"Tibum Wydawnictwo Kamishibai - Papierowy Teatr\" \/>\n<meta property=\"article:publisher\" content=\"https:\/\/www.facebook.com\/PapierowyTeatr\" \/>\n<meta property=\"article:modified_time\" content=\"2025-11-26T10:15:10+00:00\" \/>\n<meta property=\"og:image\" content=\"https:\/\/www.tibum.pl\/shop\/wp-content\/uploads\/moj_przyjaciel_kemushi_cover-e1710164339637.jpg\" \/>\n\t<meta property=\"og:image:width\" content=\"619\" \/>\n\t<meta property=\"og:image:height\" content=\"449\" \/>\n\t<meta property=\"og:image:type\" content=\"image\/jpeg\" \/>\n<meta name=\"twitter:card\" content=\"summary_large_image\" \/>\n<meta name=\"twitter:label1\" content=\"Szacowany czas czytania\" \/>\n\t<meta name=\"twitter:data1\" content=\"1 minuta\" \/>\n<script type=\"application\/ld+json\" class=\"yoast-schema-graph\">{\"@context\":\"https:\\\/\\\/schema.org\",\"@graph\":[{\"@type\":\"WebPage\",\"@id\":\"https:\\\/\\\/www.tibum.pl\\\/shop\\\/produkt\\\/moj-przyjaciel-kemushi\",\"url\":\"https:\\\/\\\/www.tibum.pl\\\/shop\\\/produkt\\\/moj-przyjaciel-kemushi\",\"name\":\"\\\"M\u00f3j przyjaciel Kemushi\\\", Mandana Sadat, 13 kart narracyjnych - Tibum Wydawnictwo Kamishibai - Papierowy Teatr\",\"isPartOf\":{\"@id\":\"https:\\\/\\\/www.tibum.pl\\\/shop\\\/#website\"},\"primaryImageOfPage\":{\"@id\":\"https:\\\/\\\/www.tibum.pl\\\/shop\\\/produkt\\\/moj-przyjaciel-kemushi#primaryimage\"},\"image\":{\"@id\":\"https:\\\/\\\/www.tibum.pl\\\/shop\\\/produkt\\\/moj-przyjaciel-kemushi#primaryimage\"},\"thumbnailUrl\":\"https:\\\/\\\/www.tibum.pl\\\/shop\\\/wp-content\\\/uploads\\\/moj_przyjaciel_kemushi_cover-e1710164339637.jpg\",\"datePublished\":\"2017-05-06T07:40:29+00:00\",\"dateModified\":\"2025-11-26T10:15:10+00:00\",\"breadcrumb\":{\"@id\":\"https:\\\/\\\/www.tibum.pl\\\/shop\\\/produkt\\\/moj-przyjaciel-kemushi#breadcrumb\"},\"inLanguage\":\"pl-PL\",\"potentialAction\":[{\"@type\":\"ReadAction\",\"target\":[\"https:\\\/\\\/www.tibum.pl\\\/shop\\\/produkt\\\/moj-przyjaciel-kemushi\"]}]},{\"@type\":\"ImageObject\",\"inLanguage\":\"pl-PL\",\"@id\":\"https:\\\/\\\/www.tibum.pl\\\/shop\\\/produkt\\\/moj-przyjaciel-kemushi#primaryimage\",\"url\":\"https:\\\/\\\/www.tibum.pl\\\/shop\\\/wp-content\\\/uploads\\\/moj_przyjaciel_kemushi_cover-e1710164339637.jpg\",\"contentUrl\":\"https:\\\/\\\/www.tibum.pl\\\/shop\\\/wp-content\\\/uploads\\\/moj_przyjaciel_kemushi_cover-e1710164339637.jpg\",\"width\":619,\"height\":449,\"caption\":\"Ok\u0142adka M\u00f3j przyjaciel Kemushi\"},{\"@type\":\"BreadcrumbList\",\"@id\":\"https:\\\/\\\/www.tibum.pl\\\/shop\\\/produkt\\\/moj-przyjaciel-kemushi#breadcrumb\",\"itemListElement\":[{\"@type\":\"ListItem\",\"position\":1,\"name\":\"Home\",\"item\":\"https:\\\/\\\/www.tibum.pl\\\/shop\\\/\"},{\"@type\":\"ListItem\",\"position\":2,\"name\":\"Sklep\",\"item\":\"https:\\\/\\\/www.tibum.pl\\\/shop\\\/sklep\"},{\"@type\":\"ListItem\",\"position\":3,\"name\":\"&#8222;M\u00f3j przyjaciel Kemushi&#8221;, Mandana Sadat, 13 kart narracyjnych\"}]},{\"@type\":\"WebSite\",\"@id\":\"https:\\\/\\\/www.tibum.pl\\\/shop\\\/#website\",\"url\":\"https:\\\/\\\/www.tibum.pl\\\/shop\\\/\",\"name\":\"Tibum Wydawnictwo Kamishibai - Papierowy Teatr\",\"description\":\"wydawca ksi\u0105\u017cek i bajek obrazkowych kamishibai\",\"potentialAction\":[{\"@type\":\"SearchAction\",\"target\":{\"@type\":\"EntryPoint\",\"urlTemplate\":\"https:\\\/\\\/www.tibum.pl\\\/shop\\\/?s={search_term_string}\"},\"query-input\":{\"@type\":\"PropertyValueSpecification\",\"valueRequired\":true,\"valueName\":\"search_term_string\"}}],\"inLanguage\":\"pl-PL\"}]}<\/script>\n<!-- \/ Yoast SEO plugin. -->","yoast_head_json":{"title":"\"M\u00f3j przyjaciel Kemushi\", Mandana Sadat, 13 kart narracyjnych - Tibum Wydawnictwo Kamishibai - Papierowy Teatr","robots":{"index":"index","follow":"follow","max-snippet":"max-snippet:-1","max-image-preview":"max-image-preview:large","max-video-preview":"max-video-preview:-1"},"canonical":"https:\/\/www.tibum.pl\/shop\/produkt\/moj-przyjaciel-kemushi","og_locale":"pl_PL","og_type":"article","og_title":"\"M\u00f3j przyjaciel Kemushi\", Mandana Sadat, 13 kart narracyjnych - Tibum Wydawnictwo Kamishibai - Papierowy Teatr","og_description":"ksi\u0105\u017cka kamishibai w formie ilustrowanych kart narracyjnych  Tytu\u0142: \"M\u00f3j przyjaciel Kemushi\" Tytu\u0142 orygina\u0142u: \"Mon ami Kemushi\" Autor: Nathalie Dargent Ilustrator: Mandana Sadat T\u0142umacz: Dorota Vinet ISBN 978-83-934052-5-1","og_url":"https:\/\/www.tibum.pl\/shop\/produkt\/moj-przyjaciel-kemushi","og_site_name":"Tibum Wydawnictwo Kamishibai - Papierowy Teatr","article_publisher":"https:\/\/www.facebook.com\/PapierowyTeatr","article_modified_time":"2025-11-26T10:15:10+00:00","og_image":[{"width":619,"height":449,"url":"https:\/\/www.tibum.pl\/shop\/wp-content\/uploads\/moj_przyjaciel_kemushi_cover-e1710164339637.jpg","type":"image\/jpeg"}],"twitter_card":"summary_large_image","twitter_misc":{"Szacowany czas czytania":"1 minuta"},"schema":{"@context":"https:\/\/schema.org","@graph":[{"@type":"WebPage","@id":"https:\/\/www.tibum.pl\/shop\/produkt\/moj-przyjaciel-kemushi","url":"https:\/\/www.tibum.pl\/shop\/produkt\/moj-przyjaciel-kemushi","name":"\"M\u00f3j przyjaciel Kemushi\", Mandana Sadat, 13 kart narracyjnych - Tibum Wydawnictwo Kamishibai - Papierowy Teatr","isPartOf":{"@id":"https:\/\/www.tibum.pl\/shop\/#website"},"primaryImageOfPage":{"@id":"https:\/\/www.tibum.pl\/shop\/produkt\/moj-przyjaciel-kemushi#primaryimage"},"image":{"@id":"https:\/\/www.tibum.pl\/shop\/produkt\/moj-przyjaciel-kemushi#primaryimage"},"thumbnailUrl":"https:\/\/www.tibum.pl\/shop\/wp-content\/uploads\/moj_przyjaciel_kemushi_cover-e1710164339637.jpg","datePublished":"2017-05-06T07:40:29+00:00","dateModified":"2025-11-26T10:15:10+00:00","breadcrumb":{"@id":"https:\/\/www.tibum.pl\/shop\/produkt\/moj-przyjaciel-kemushi#breadcrumb"},"inLanguage":"pl-PL","potentialAction":[{"@type":"ReadAction","target":["https:\/\/www.tibum.pl\/shop\/produkt\/moj-przyjaciel-kemushi"]}]},{"@type":"ImageObject","inLanguage":"pl-PL","@id":"https:\/\/www.tibum.pl\/shop\/produkt\/moj-przyjaciel-kemushi#primaryimage","url":"https:\/\/www.tibum.pl\/shop\/wp-content\/uploads\/moj_przyjaciel_kemushi_cover-e1710164339637.jpg","contentUrl":"https:\/\/www.tibum.pl\/shop\/wp-content\/uploads\/moj_przyjaciel_kemushi_cover-e1710164339637.jpg","width":619,"height":449,"caption":"Ok\u0142adka M\u00f3j przyjaciel Kemushi"},{"@type":"BreadcrumbList","@id":"https:\/\/www.tibum.pl\/shop\/produkt\/moj-przyjaciel-kemushi#breadcrumb","itemListElement":[{"@type":"ListItem","position":1,"name":"Home","item":"https:\/\/www.tibum.pl\/shop\/"},{"@type":"ListItem","position":2,"name":"Sklep","item":"https:\/\/www.tibum.pl\/shop\/sklep"},{"@type":"ListItem","position":3,"name":"&#8222;M\u00f3j przyjaciel Kemushi&#8221;, Mandana Sadat, 13 kart narracyjnych"}]},{"@type":"WebSite","@id":"https:\/\/www.tibum.pl\/shop\/#website","url":"https:\/\/www.tibum.pl\/shop\/","name":"Tibum Wydawnictwo Kamishibai - Papierowy Teatr","description":"wydawca ksi\u0105\u017cek i bajek obrazkowych kamishibai","potentialAction":[{"@type":"SearchAction","target":{"@type":"EntryPoint","urlTemplate":"https:\/\/www.tibum.pl\/shop\/?s={search_term_string}"},"query-input":{"@type":"PropertyValueSpecification","valueRequired":true,"valueName":"search_term_string"}}],"inLanguage":"pl-PL"}]}},"_links":{"self":[{"href":"https:\/\/www.tibum.pl\/shop\/wp-json\/wp\/v2\/product\/8490","targetHints":{"allow":["GET"]}}],"collection":[{"href":"https:\/\/www.tibum.pl\/shop\/wp-json\/wp\/v2\/product"}],"about":[{"href":"https:\/\/www.tibum.pl\/shop\/wp-json\/wp\/v2\/types\/product"}],"wp:featuredmedia":[{"embeddable":true,"href":"https:\/\/www.tibum.pl\/shop\/wp-json\/wp\/v2\/media\/10074"}],"wp:attachment":[{"href":"https:\/\/www.tibum.pl\/shop\/wp-json\/wp\/v2\/media?parent=8490"}],"wp:term":[{"taxonomy":"product_brand","embeddable":true,"href":"https:\/\/www.tibum.pl\/shop\/wp-json\/wp\/v2\/product_brand?post=8490"},{"taxonomy":"product_cat","embeddable":true,"href":"https:\/\/www.tibum.pl\/shop\/wp-json\/wp\/v2\/product_cat?post=8490"},{"taxonomy":"product_tag","embeddable":true,"href":"https:\/\/www.tibum.pl\/shop\/wp-json\/wp\/v2\/product_tag?post=8490"}],"curies":[{"name":"wp","href":"https:\/\/api.w.org\/{rel}","templated":true}]}}