{"id":8640,"date":"2017-06-30T17:44:04","date_gmt":"2017-06-30T15:44:04","guid":{"rendered":"http:\/\/www.tibum.pl\/shop\/?post_type=product&#038;p=8640"},"modified":"2025-11-26T11:15:09","modified_gmt":"2025-11-26T10:15:09","slug":"o-panach-palcach","status":"publish","type":"product","link":"https:\/\/www.tibum.pl\/shop\/produkt\/o-panach-palcach","title":{"rendered":"&#8222;O Panach Palcach&#8221;, Julian Brudzewski, 8 kart narracyjnych"},"content":{"rendered":"<div style=\"text-align: left;\">\n<p>ksi\u0105\u017cka kamishibai w formie ilustrowanych kart narracyjnych<\/p>\n<p>Tytu\u0142: <strong>&#8222;<cite>O Panach Palcach<\/cite>&#8222;<\/strong><br \/>\nAutor: <a href=\"https:\/\/www.tibum.pl\/shop\/autorzy\/julian-brudzewski\">Julian Brudzewski<\/a><br \/>\nIlustrator: <a href=\"https:\/\/www.tibum.pl\/shop\/autorzy\/paulina-procner\">Paulina Procner<\/a><br \/>\nISBN 978-83-934052-9-9<\/p>\n<p>\u015awietna zabawa i jednocze\u015bnie rymowana <strong>pomoc edukacyjna w nauce liczenia dla najm\u0142odszych.<\/strong><\/p>\n<p>Pierwsza polska ksi\u0105\u017cka kamishibai ze wskaz\u00f3wkami przesuwania plansz i podpowiedziami dla czytaj\u0105cego.<\/p>\n<p>Zaznaczone na kartach ksi\u0105\u017cki linie przesuwania ilustracji wzmagaj\u0105 oddzia\u0142ywanie obrazu.<\/p>\n<p>Ksi\u0105\u017cka zawiera r\u00f3wnie\u017c <strong>komentarze dotycz\u0105ce mo\u017cliwych dzia\u0142a\u0144 animacyjnych<\/strong> w trakcie czytania, kt\u00f3re wzmocni\u0105 si\u0142\u0119 przekazu i zamieni\u0105 seans czytania w doskona\u0142\u0105 zabaw\u0119.<\/p>\n<p>Po\u0142\u0105czenia zabawy i nauki, rymowany tekst i pi\u0119kne ilustracje gwarantuj\u0105 sukces w pracy z najm\u0142odszymi!<\/p>\n<p><strong>OPOWIE\u015a\u0106 OTWARTA<\/strong><\/p>\n<p>Wydawnictwo Tibum<br \/>\n<strong>Wymiary: A3 (297\/420 mm)<\/strong><br \/>\nLiczba kart: 7 (dwustronnych)<br \/>\nIlo\u015b\u0107 stron: 14 (tekst, ilustracje)<br \/>\nRok wydania: 2017<br \/>\nOprawa: kartonowa koperta<\/p>\n<p style=\"font-size: small; font-weight: normal;\"><strong>Uwaga:<\/strong><br \/>\nZdj\u0119cia w galerii produktu mog\u0105 zawiera\u0107 inne przedmioty np. ksi\u0105\u017cki, teatrzyki-parawany, kt\u00f3re s\u0105 osobno zamawianymi pozycjami<\/p>\n<\/div>\n","protected":false},"excerpt":{"rendered":"<p>ksi\u0105\u017cka kamishibai w formie ilustrowanych kart narracyjnych<\/p>\n<p>Tytu\u0142: <strong>&#8222;<cite>O Panach Palcach<\/cite>&#8222;<\/strong><br \/>\nAutor: <a href=\"https:\/\/www.tibum.pl\/shop\/autorzy\/julian-brudzewski\">Julian Brudzewski<\/a><br \/>\nIlustrator: <a href=\"https:\/\/www.tibum.pl\/shop\/autorzy\/paulina-procner\">Paulina Procner<\/a><br \/>\nISBN 978-83-934052-9-9<\/p>\n","protected":false},"featured_media":10085,"template":"","meta":[],"product_brand":[],"product_cat":[18,48],"product_tag":[580,374,6,224,246,372,892,373,377,342],"class_list":{"0":"post-8640","1":"product","2":"type-product","3":"status-publish","4":"has-post-thumbnail","6":"product_cat-kamishibai","7":"product_cat-karty-narracyjne-do-teatrzyku-kamishibai","8":"product_tag-bajka-kamishibai","9":"product_tag-cialo","10":"product_tag-kamishibai","11":"product_tag-karty-narracyjne","12":"product_tag-ksiazka-obrazkowa","13":"product_tag-matematyka","14":"product_tag-nauka-liczenia","15":"product_tag-palce","16":"product_tag-przedszkole","17":"product_tag-zabawa","18":"product_shipping_class-lekkie1","19":"description-off","21":"first","22":"instock","23":"taxable","24":"shipping-taxable","25":"purchasable","26":"product-type-simple"},"yoast_head":"<!-- This site is optimized with the Yoast SEO plugin v27.3 - https:\/\/yoast.com\/product\/yoast-seo-wordpress\/ -->\n<title>&quot;O Panach Palcach&quot;, Julian Brudzewski, 8 kart narracyjnych - Tibum Wydawnictwo Kamishibai - Papierowy Teatr<\/title>\n<meta name=\"robots\" content=\"index, follow, max-snippet:-1, max-image-preview:large, max-video-preview:-1\" \/>\n<link rel=\"canonical\" href=\"https:\/\/www.tibum.pl\/shop\/produkt\/o-panach-palcach\" \/>\n<meta property=\"og:locale\" content=\"pl_PL\" \/>\n<meta property=\"og:type\" content=\"article\" \/>\n<meta property=\"og:title\" content=\"&quot;O Panach Palcach&quot;, Julian Brudzewski, 8 kart narracyjnych - Tibum Wydawnictwo Kamishibai - Papierowy Teatr\" \/>\n<meta property=\"og:description\" content=\"ksi\u0105\u017cka kamishibai w formie ilustrowanych kart narracyjnych  Tytu\u0142: &quot;O Panach Palcach&quot; Autor: Julian Brudzewski Ilustrator: Paulina Procner ISBN 978-83-934052-9-9\" \/>\n<meta property=\"og:url\" content=\"https:\/\/www.tibum.pl\/shop\/produkt\/o-panach-palcach\" \/>\n<meta property=\"og:site_name\" content=\"Tibum Wydawnictwo Kamishibai - Papierowy Teatr\" \/>\n<meta property=\"article:publisher\" content=\"https:\/\/www.facebook.com\/PapierowyTeatr\" \/>\n<meta property=\"article:modified_time\" content=\"2025-11-26T10:15:09+00:00\" \/>\n<meta property=\"og:image\" content=\"https:\/\/www.tibum.pl\/shop\/wp-content\/uploads\/o_panach_palcach_okladka.jpg\" \/>\n\t<meta property=\"og:image:width\" content=\"640\" \/>\n\t<meta property=\"og:image:height\" content=\"480\" \/>\n\t<meta property=\"og:image:type\" content=\"image\/jpeg\" \/>\n<meta name=\"twitter:card\" content=\"summary_large_image\" \/>\n<meta name=\"twitter:label1\" content=\"Szacowany czas czytania\" \/>\n\t<meta name=\"twitter:data1\" content=\"1 minuta\" \/>\n<script type=\"application\/ld+json\" class=\"yoast-schema-graph\">{\"@context\":\"https:\\\/\\\/schema.org\",\"@graph\":[{\"@type\":\"WebPage\",\"@id\":\"https:\\\/\\\/www.tibum.pl\\\/shop\\\/produkt\\\/o-panach-palcach\",\"url\":\"https:\\\/\\\/www.tibum.pl\\\/shop\\\/produkt\\\/o-panach-palcach\",\"name\":\"\\\"O Panach Palcach\\\", Julian Brudzewski, 8 kart narracyjnych - Tibum Wydawnictwo Kamishibai - Papierowy Teatr\",\"isPartOf\":{\"@id\":\"https:\\\/\\\/www.tibum.pl\\\/shop\\\/#website\"},\"primaryImageOfPage\":{\"@id\":\"https:\\\/\\\/www.tibum.pl\\\/shop\\\/produkt\\\/o-panach-palcach#primaryimage\"},\"image\":{\"@id\":\"https:\\\/\\\/www.tibum.pl\\\/shop\\\/produkt\\\/o-panach-palcach#primaryimage\"},\"thumbnailUrl\":\"https:\\\/\\\/www.tibum.pl\\\/shop\\\/wp-content\\\/uploads\\\/o_panach_palcach_okladka.jpg\",\"datePublished\":\"2017-06-30T15:44:04+00:00\",\"dateModified\":\"2025-11-26T10:15:09+00:00\",\"breadcrumb\":{\"@id\":\"https:\\\/\\\/www.tibum.pl\\\/shop\\\/produkt\\\/o-panach-palcach#breadcrumb\"},\"inLanguage\":\"pl-PL\",\"potentialAction\":[{\"@type\":\"ReadAction\",\"target\":[\"https:\\\/\\\/www.tibum.pl\\\/shop\\\/produkt\\\/o-panach-palcach\"]}]},{\"@type\":\"ImageObject\",\"inLanguage\":\"pl-PL\",\"@id\":\"https:\\\/\\\/www.tibum.pl\\\/shop\\\/produkt\\\/o-panach-palcach#primaryimage\",\"url\":\"https:\\\/\\\/www.tibum.pl\\\/shop\\\/wp-content\\\/uploads\\\/o_panach_palcach_okladka.jpg\",\"contentUrl\":\"https:\\\/\\\/www.tibum.pl\\\/shop\\\/wp-content\\\/uploads\\\/o_panach_palcach_okladka.jpg\",\"width\":640,\"height\":480,\"caption\":\"o panach palcach\"},{\"@type\":\"BreadcrumbList\",\"@id\":\"https:\\\/\\\/www.tibum.pl\\\/shop\\\/produkt\\\/o-panach-palcach#breadcrumb\",\"itemListElement\":[{\"@type\":\"ListItem\",\"position\":1,\"name\":\"Home\",\"item\":\"https:\\\/\\\/www.tibum.pl\\\/shop\\\/\"},{\"@type\":\"ListItem\",\"position\":2,\"name\":\"Sklep\",\"item\":\"https:\\\/\\\/www.tibum.pl\\\/shop\\\/sklep\"},{\"@type\":\"ListItem\",\"position\":3,\"name\":\"&#8220;O Panach Palcach&#8221;, Julian Brudzewski, 8 kart narracyjnych\"}]},{\"@type\":\"WebSite\",\"@id\":\"https:\\\/\\\/www.tibum.pl\\\/shop\\\/#website\",\"url\":\"https:\\\/\\\/www.tibum.pl\\\/shop\\\/\",\"name\":\"Tibum Wydawnictwo Kamishibai - Papierowy Teatr\",\"description\":\"wydawca ksi\u0105\u017cek i bajek obrazkowych kamishibai\",\"potentialAction\":[{\"@type\":\"SearchAction\",\"target\":{\"@type\":\"EntryPoint\",\"urlTemplate\":\"https:\\\/\\\/www.tibum.pl\\\/shop\\\/?s={search_term_string}\"},\"query-input\":{\"@type\":\"PropertyValueSpecification\",\"valueRequired\":true,\"valueName\":\"search_term_string\"}}],\"inLanguage\":\"pl-PL\"}]}<\/script>\n<!-- \/ Yoast SEO plugin. -->","yoast_head_json":{"title":"\"O Panach Palcach\", Julian Brudzewski, 8 kart narracyjnych - Tibum Wydawnictwo Kamishibai - Papierowy Teatr","robots":{"index":"index","follow":"follow","max-snippet":"max-snippet:-1","max-image-preview":"max-image-preview:large","max-video-preview":"max-video-preview:-1"},"canonical":"https:\/\/www.tibum.pl\/shop\/produkt\/o-panach-palcach","og_locale":"pl_PL","og_type":"article","og_title":"\"O Panach Palcach\", Julian Brudzewski, 8 kart narracyjnych - Tibum Wydawnictwo Kamishibai - Papierowy Teatr","og_description":"ksi\u0105\u017cka kamishibai w formie ilustrowanych kart narracyjnych  Tytu\u0142: \"O Panach Palcach\" Autor: Julian Brudzewski Ilustrator: Paulina Procner ISBN 978-83-934052-9-9","og_url":"https:\/\/www.tibum.pl\/shop\/produkt\/o-panach-palcach","og_site_name":"Tibum Wydawnictwo Kamishibai - Papierowy Teatr","article_publisher":"https:\/\/www.facebook.com\/PapierowyTeatr","article_modified_time":"2025-11-26T10:15:09+00:00","og_image":[{"width":640,"height":480,"url":"https:\/\/www.tibum.pl\/shop\/wp-content\/uploads\/o_panach_palcach_okladka.jpg","type":"image\/jpeg"}],"twitter_card":"summary_large_image","twitter_misc":{"Szacowany czas czytania":"1 minuta"},"schema":{"@context":"https:\/\/schema.org","@graph":[{"@type":"WebPage","@id":"https:\/\/www.tibum.pl\/shop\/produkt\/o-panach-palcach","url":"https:\/\/www.tibum.pl\/shop\/produkt\/o-panach-palcach","name":"\"O Panach Palcach\", Julian Brudzewski, 8 kart narracyjnych - Tibum Wydawnictwo Kamishibai - Papierowy Teatr","isPartOf":{"@id":"https:\/\/www.tibum.pl\/shop\/#website"},"primaryImageOfPage":{"@id":"https:\/\/www.tibum.pl\/shop\/produkt\/o-panach-palcach#primaryimage"},"image":{"@id":"https:\/\/www.tibum.pl\/shop\/produkt\/o-panach-palcach#primaryimage"},"thumbnailUrl":"https:\/\/www.tibum.pl\/shop\/wp-content\/uploads\/o_panach_palcach_okladka.jpg","datePublished":"2017-06-30T15:44:04+00:00","dateModified":"2025-11-26T10:15:09+00:00","breadcrumb":{"@id":"https:\/\/www.tibum.pl\/shop\/produkt\/o-panach-palcach#breadcrumb"},"inLanguage":"pl-PL","potentialAction":[{"@type":"ReadAction","target":["https:\/\/www.tibum.pl\/shop\/produkt\/o-panach-palcach"]}]},{"@type":"ImageObject","inLanguage":"pl-PL","@id":"https:\/\/www.tibum.pl\/shop\/produkt\/o-panach-palcach#primaryimage","url":"https:\/\/www.tibum.pl\/shop\/wp-content\/uploads\/o_panach_palcach_okladka.jpg","contentUrl":"https:\/\/www.tibum.pl\/shop\/wp-content\/uploads\/o_panach_palcach_okladka.jpg","width":640,"height":480,"caption":"o panach palcach"},{"@type":"BreadcrumbList","@id":"https:\/\/www.tibum.pl\/shop\/produkt\/o-panach-palcach#breadcrumb","itemListElement":[{"@type":"ListItem","position":1,"name":"Home","item":"https:\/\/www.tibum.pl\/shop\/"},{"@type":"ListItem","position":2,"name":"Sklep","item":"https:\/\/www.tibum.pl\/shop\/sklep"},{"@type":"ListItem","position":3,"name":"&#8220;O Panach Palcach&#8221;, Julian Brudzewski, 8 kart narracyjnych"}]},{"@type":"WebSite","@id":"https:\/\/www.tibum.pl\/shop\/#website","url":"https:\/\/www.tibum.pl\/shop\/","name":"Tibum Wydawnictwo Kamishibai - Papierowy Teatr","description":"wydawca ksi\u0105\u017cek i bajek obrazkowych kamishibai","potentialAction":[{"@type":"SearchAction","target":{"@type":"EntryPoint","urlTemplate":"https:\/\/www.tibum.pl\/shop\/?s={search_term_string}"},"query-input":{"@type":"PropertyValueSpecification","valueRequired":true,"valueName":"search_term_string"}}],"inLanguage":"pl-PL"}]}},"_links":{"self":[{"href":"https:\/\/www.tibum.pl\/shop\/wp-json\/wp\/v2\/product\/8640","targetHints":{"allow":["GET"]}}],"collection":[{"href":"https:\/\/www.tibum.pl\/shop\/wp-json\/wp\/v2\/product"}],"about":[{"href":"https:\/\/www.tibum.pl\/shop\/wp-json\/wp\/v2\/types\/product"}],"wp:featuredmedia":[{"embeddable":true,"href":"https:\/\/www.tibum.pl\/shop\/wp-json\/wp\/v2\/media\/10085"}],"wp:attachment":[{"href":"https:\/\/www.tibum.pl\/shop\/wp-json\/wp\/v2\/media?parent=8640"}],"wp:term":[{"taxonomy":"product_brand","embeddable":true,"href":"https:\/\/www.tibum.pl\/shop\/wp-json\/wp\/v2\/product_brand?post=8640"},{"taxonomy":"product_cat","embeddable":true,"href":"https:\/\/www.tibum.pl\/shop\/wp-json\/wp\/v2\/product_cat?post=8640"},{"taxonomy":"product_tag","embeddable":true,"href":"https:\/\/www.tibum.pl\/shop\/wp-json\/wp\/v2\/product_tag?post=8640"}],"curies":[{"name":"wp","href":"https:\/\/api.w.org\/{rel}","templated":true}]}}