{"id":8997,"date":"2017-11-29T23:30:53","date_gmt":"2017-11-29T22:30:53","guid":{"rendered":"http:\/\/www.tibum.pl\/shop\/?post_type=product&#038;p=8997"},"modified":"2025-11-25T23:05:24","modified_gmt":"2025-11-25T22:05:24","slug":"bajka-o-wisle","status":"publish","type":"product","link":"https:\/\/www.tibum.pl\/shop\/produkt\/bajka-o-wisle","title":{"rendered":"&#8222;Bajka o Wi\u015ble&#8221;, Magdalena Zar\u0119bska, 21 kart narracyjnych"},"content":{"rendered":"<div id=\"pl-8997\" class=\"panel-layout\">\n<div id=\"pg-8997-0\" class=\"panel-grid panel-has-style\" data-style=\"{&quot;padding&quot;:&quot;5px 5px 5px 5px&quot;,&quot;mobile_padding&quot;:&quot;1% 1% 1% 1%&quot;,&quot;background_display&quot;:&quot;tile&quot;,&quot;full_height&quot;:&quot;&quot;,&quot;cell_alignment&quot;:&quot;flex-start&quot;}\">\n<div class=\"panel-row-style panel-row-style-for-8997-0\">\n<div id=\"pgc-8997-0-0\" class=\"panel-grid-cell\" data-weight=\"1\">\n<div id=\"panel-8997-0-0-0\" class=\"so-panel widget widget_text panel-first-child panel-last-child\" data-index=\"0\" data-style=\"{&quot;padding&quot;:&quot;1px 1px 1px 1px&quot;,&quot;mobile_padding&quot;:&quot;1px 1px 1px 1px&quot;,&quot;background_image_attachment&quot;:false,&quot;background_display&quot;:&quot;tile&quot;,&quot;background_image_size&quot;:&quot;full&quot;,&quot;border_thickness&quot;:&quot;1px&quot;,&quot;link_color&quot;:&quot;#d65731&quot;}\">\n<div class=\"panel-widget-style panel-widget-style-for-8997-0-0-0\">\n<div class=\"textwidget\">\n<article>\n<div style=\"text-align: left;\">\n<p>ksi\u0105\u017cka kamishibai w formie ilustrowanych kart narracyjnych<\/p>\n<p>Tytu\u0142: <strong>\u201c<cite>Bajka o Wi\u015ble<\/cite>\u201c<\/strong><br \/>\nAutor tekstu: <a href=\"https:\/\/www.tibum.pl\/shop\/autorzy\/magdalena-zarebska\">Magdalena Zar\u0119bska<\/a><br \/>\nIlustrator: <a href=\"https:\/\/www.tibum.pl\/shop\/autorzy\/karolina-szopa\">Karolina Szopa<\/a><br \/>\nISBN 978-83-947587-0-7<\/p>\n<p>&nbsp;<\/p>\n<p>\u201c<cite>Bajka o Wi\u015ble<\/cite>\u201d \u2013 ekscytuj\u0105ca i \u017cywio\u0142owa podr\u00f3\u017c z Nurtem Rzeki. Nowoczesna bajka \u2013 przypowie\u015b\u0107, ukazuje bieg rzeki Wis\u0142y od jej \u017ar\u00f3de\u0142 do uj\u015bcia (a nawet dalej\u2026) widziany oczami dw\u00f3ch niezwyk\u0142ych podr\u00f3\u017cniczek.<\/p>\n<p>Doskona\u0142a pozycja o charakterze edukacyjnym. Pi\u0119kne i wyraziste ilustracje flory i fauny rzeki i jej brzeg\u00f3w, przeplatane s\u0105 przystankami w znanych i mniej znanych miejscach na mapie Polski.<\/p>\n<blockquote><p>\u201c<cite>Bajka o Wi\u015ble<\/cite>\u201d nie tylko ukazuje pi\u0119kno i r\u00f3\u017cnorodno\u015b\u0107 Kr\u00f3lowej Rzek. To opowie\u015b\u0107 o odwadze i ciekawo\u015bci \u017cycia, kt\u00f3re s\u0105 niezb\u0119dnymi elementami aby osi\u0105gn\u0105\u0107 cel. Ta opowie\u015b\u0107 jest jednak przede wszystkim zaproszeniem w podr\u00f3\u017c od \u0179r\u00f3de\u0142 ku Nieznanemu a\u017c po wymarzony Cel.<br \/>\nDzi\u0119ki \u201c<cite>Bajce o Wi\u015ble<\/cite>\u201d nie tylko poznacie pi\u0119kno i tajemnice Rzeki Wis\u0142y i prze\u017cyjecie niezwyk\u0142\u0105 podr\u00f3\u017c, ale zrozumiecie te\u017c, \u017ce powr\u00f3t do \u0179r\u00f3de\u0142 jest mo\u017cliwy.<\/p><\/blockquote>\n<p>Doskona\u0142e pi\u00f3ro i wartka narracja Magdaleny Zar\u0119bskiej, cenionej autorki ksi\u0105\u017cek dla dzieci i doros\u0142ych doskonale wsp\u00f3\u0142graj\u0105, wzajemnie si\u0119 dope\u0142niaj\u0105c, z ilustracjami, m\u0142odej, utalentowanej studentki <abbr title=\"Akademii Sztuk Pi\u0119knych\">ASP<\/abbr> w Katowicach, Karoliny Szopy.<\/p>\n<p>Ksi\u0105\u017cka zawiera elementy <a href=\"https:\/\/www.tibum.pl\/shop\/co-to-jest-kamishibai\">OPOWIE\u015aCI OTWARTEJ<\/a> kamishibai, dzi\u0119ki kt\u00f3rym zwi\u0119ksza si\u0119 interakcja z publiczno\u015bci\u0105, opowie\u015b\u0107 staje si\u0119 \u201e\u017cywym obrazem\u201d.<\/p>\n<p>Ilustracje do ksi\u0105\u017cki powsta\u0142y w ramach konkursu dla student\u00f3w: \u201cWis\u0142a \u2013 projekt ilustracji do publikacji Kamishibai\u201d we wsp\u00f3\u0142pracy z <abbr title=\"Akademi\u0105 Sztuk Pi\u0119knych\">ASP<\/abbr> w Katowicach, Wydzia\u0142 Projektowy, Katedra Projektowania Graficznego, Pracownia Ilustracji.<br \/>\nOpiek\u0119 artystyczn\u0105 sprawowa\u0142a dr Anna Machwic.<\/p>\n<h3 style=\"text-align: right;\"><a href=\"https:\/\/www.tibum.pl\/shop\/wp-content\/uploads\/St.-Niedziela_Bajka-o-WiU015ble.pdf\"><strong>Scenariusz lekcji Bajka o Wi\u015ble<\/strong><\/a><\/h3>\n<h3 style=\"text-align: right;\"><strong><a href=\"https:\/\/www.tibum.pl\/shop\/wp-content\/uploads\/storyboard_strona.pdf\">Plansza edukacyjna Bajka o Wi\u015ble<\/a><\/strong><\/h3>\n<p>Wydawnictwo: Tibum<br \/>\n<strong>Wymiary: A3 (297\/420 mm)<\/strong><br \/>\nLiczba kart: 21 (dwustronnych)<br \/>\nIlo\u015b\u0107 stron: 42 (tekst, ilustracje)<br \/>\nRok wydania: 2017<br \/>\nOprawa: kartonowa koperta<\/p>\n<\/div>\n<div style=\"text-align: center;\"><strong>Partner merytoryczny:<a rel=\"attachment wp-att-8205\"><img decoding=\"async\" class=\"aligncenter size-full wp-image-8205\" src=\"\/shop\/wp-content\/uploads\/asp_katowice.jpg\" alt=\"logo Akademii Sztuk Pi\u0119knych w Katowicach\" height=\"60\" \/><\/a><a href=\"https:\/\/www.asp.katowice.pl\/\" target=\"_blank\" rel=\"noopener noreferrer\">ASP Katowice<\/a><\/strong><\/div>\n<\/article>\n<p style=\"text-align: justify; color: #212121; font-size: small; font-weight: normal;\"><strong>Uwaga:<\/strong><br \/>\nZdj\u0119cia w galerii produktu mog\u0105 zawiera\u0107 inne przedmioty np. ksi\u0105\u017cki, teatrzyki-parawany, kt\u00f3re s\u0105 osobno zamawianymi pozycjami<\/p>\n<div id=\"s3gt_translate_tooltip_mini\" class=\"s3gt_translate_tooltip_mini_box\" style=\"background: initial !important; border: initial !important; border-radius: initial !important; border-spacing: initial !important; border-collapse: initial !important; direction: ltr !important; flex-direction: initial !important; font-weight: initial !important; height: initial !important; letter-spacing: initial !important; min-width: initial !important; max-width: initial !important; min-height: initial !important; max-height: initial !important; margin: auto !important; padding: initial !important; position: absolute; text-align: initial !important; width: initial !important; color: inherit !important; font-size: 13px !important; font-family: X-LocaleSpecific, sans-serif, Tahoma, Helvetica !important; line-height: 13px !important; vertical-align: top !important; left: 7px; top: 178px;\">\n<div id=\"s3gt_translate_tooltip_mini_logo\" class=\"s3gt_translate_tooltip_mini\" title=\"T\u0142umacz zaznaczony tekst\"><\/div>\n<div id=\"s3gt_translate_tooltip_mini_sound\" class=\"s3gt_translate_tooltip_mini\" title=\"Odtw\u00f3rz\"><\/div>\n<div id=\"s3gt_translate_tooltip_mini_copy\" class=\"s3gt_translate_tooltip_mini\" title=\"Kopiuj tekst do schowka\"><\/div>\n<\/div>\n<\/div>\n<\/div>\n<\/div>\n<\/div>\n<\/div>\n<\/div>\n<\/div>\n","protected":false},"excerpt":{"rendered":"<div>\n<p>ksi\u0105\u017cka kamishibai w formie ilustrowanych kart narracyjnych<\/p>\n<p>Tytu\u0142: <strong>&#8222;<cite>Bajka o Wi\u015ble<\/cite>&#8222;<\/strong><br \/>\nAutor tekstu: <a href=\"https:\/\/www.tibum.pl\/shop\/produkt\/zarebska-magdalena\">Magdalena Zar\u0119bska<\/a><br \/>\nIlustrator: <a href=\"https:\/\/www.tibum.pl\/shop\/autorzy\/karolina-szopa\">Karolina Szopa<\/a><br \/>\nISBN 978-83-947587-0-7<\/p>\n<\/div>\n","protected":false},"featured_media":10076,"template":"","meta":[],"product_brand":[],"product_cat":[18,48],"product_tag":[379,741,6,224,913,853,380],"class_list":{"0":"post-8997","1":"product","2":"type-product","3":"status-publish","4":"has-post-thumbnail","6":"product_cat-kamishibai","7":"product_cat-karty-narracyjne-do-teatrzyku-kamishibai","8":"product_tag-bajka","9":"product_tag-basn","10":"product_tag-kamishibai","11":"product_tag-karty-narracyjne","12":"product_tag-przyroda-polska","13":"product_tag-wiez-z-przyroda","14":"product_tag-wisla","15":"product_shipping_class-lekkie1","16":"description-off","18":"first","19":"instock","20":"featured","21":"taxable","22":"shipping-taxable","23":"purchasable","24":"product-type-simple"},"yoast_head":"<!-- This site is optimized with the Yoast SEO plugin v27.3 - https:\/\/yoast.com\/product\/yoast-seo-wordpress\/ -->\n<title>&quot;Bajka o Wi\u015ble&quot;, Magdalena Zar\u0119bska, 21 kart narracyjnych - Tibum Wydawnictwo Kamishibai - Papierowy Teatr<\/title>\n<meta name=\"robots\" content=\"index, follow, max-snippet:-1, max-image-preview:large, max-video-preview:-1\" \/>\n<link rel=\"canonical\" href=\"https:\/\/www.tibum.pl\/shop\/produkt\/bajka-o-wisle\" \/>\n<meta property=\"og:locale\" content=\"pl_PL\" \/>\n<meta property=\"og:type\" content=\"article\" \/>\n<meta property=\"og:title\" content=\"&quot;Bajka o Wi\u015ble&quot;, Magdalena Zar\u0119bska, 21 kart narracyjnych - Tibum Wydawnictwo Kamishibai - Papierowy Teatr\" \/>\n<meta property=\"og:description\" content=\"ksi\u0105\u017cka kamishibai w formie ilustrowanych kart narracyjnych  Tytu\u0142: &quot;Bajka o Wi\u015ble&quot; Autor tekstu: Magdalena Zar\u0119bska Ilustrator: Karolina Szopa ISBN 978-83-947587-0-7\" \/>\n<meta property=\"og:url\" content=\"https:\/\/www.tibum.pl\/shop\/produkt\/bajka-o-wisle\" \/>\n<meta property=\"og:site_name\" content=\"Tibum Wydawnictwo Kamishibai - Papierowy Teatr\" \/>\n<meta property=\"article:publisher\" content=\"https:\/\/www.facebook.com\/PapierowyTeatr\" \/>\n<meta property=\"article:modified_time\" content=\"2025-11-25T22:05:24+00:00\" \/>\n<meta property=\"og:image\" content=\"https:\/\/www.tibum.pl\/shop\/wp-content\/uploads\/wisla_okladka.jpg\" \/>\n\t<meta property=\"og:image:width\" content=\"640\" \/>\n\t<meta property=\"og:image:height\" content=\"480\" \/>\n\t<meta property=\"og:image:type\" content=\"image\/jpeg\" \/>\n<meta name=\"twitter:card\" content=\"summary_large_image\" \/>\n<meta name=\"twitter:label1\" content=\"Szacowany czas czytania\" \/>\n\t<meta name=\"twitter:data1\" content=\"2 minuty\" \/>\n<script type=\"application\/ld+json\" class=\"yoast-schema-graph\">{\"@context\":\"https:\\\/\\\/schema.org\",\"@graph\":[{\"@type\":\"WebPage\",\"@id\":\"https:\\\/\\\/www.tibum.pl\\\/shop\\\/produkt\\\/bajka-o-wisle\",\"url\":\"https:\\\/\\\/www.tibum.pl\\\/shop\\\/produkt\\\/bajka-o-wisle\",\"name\":\"\\\"Bajka o Wi\u015ble\\\", Magdalena Zar\u0119bska, 21 kart narracyjnych - Tibum Wydawnictwo Kamishibai - Papierowy Teatr\",\"isPartOf\":{\"@id\":\"https:\\\/\\\/www.tibum.pl\\\/shop\\\/#website\"},\"primaryImageOfPage\":{\"@id\":\"https:\\\/\\\/www.tibum.pl\\\/shop\\\/produkt\\\/bajka-o-wisle#primaryimage\"},\"image\":{\"@id\":\"https:\\\/\\\/www.tibum.pl\\\/shop\\\/produkt\\\/bajka-o-wisle#primaryimage\"},\"thumbnailUrl\":\"https:\\\/\\\/www.tibum.pl\\\/shop\\\/wp-content\\\/uploads\\\/wisla_okladka.jpg\",\"datePublished\":\"2017-11-29T22:30:53+00:00\",\"dateModified\":\"2025-11-25T22:05:24+00:00\",\"breadcrumb\":{\"@id\":\"https:\\\/\\\/www.tibum.pl\\\/shop\\\/produkt\\\/bajka-o-wisle#breadcrumb\"},\"inLanguage\":\"pl-PL\",\"potentialAction\":[{\"@type\":\"ReadAction\",\"target\":[\"https:\\\/\\\/www.tibum.pl\\\/shop\\\/produkt\\\/bajka-o-wisle\"]}]},{\"@type\":\"ImageObject\",\"inLanguage\":\"pl-PL\",\"@id\":\"https:\\\/\\\/www.tibum.pl\\\/shop\\\/produkt\\\/bajka-o-wisle#primaryimage\",\"url\":\"https:\\\/\\\/www.tibum.pl\\\/shop\\\/wp-content\\\/uploads\\\/wisla_okladka.jpg\",\"contentUrl\":\"https:\\\/\\\/www.tibum.pl\\\/shop\\\/wp-content\\\/uploads\\\/wisla_okladka.jpg\",\"width\":640,\"height\":480,\"caption\":\"bajka kamishibai\"},{\"@type\":\"BreadcrumbList\",\"@id\":\"https:\\\/\\\/www.tibum.pl\\\/shop\\\/produkt\\\/bajka-o-wisle#breadcrumb\",\"itemListElement\":[{\"@type\":\"ListItem\",\"position\":1,\"name\":\"Home\",\"item\":\"https:\\\/\\\/www.tibum.pl\\\/shop\\\/\"},{\"@type\":\"ListItem\",\"position\":2,\"name\":\"Sklep\",\"item\":\"https:\\\/\\\/www.tibum.pl\\\/shop\\\/sklep\"},{\"@type\":\"ListItem\",\"position\":3,\"name\":\"&#8222;Bajka o Wi\u015ble&#8221;, Magdalena Zar\u0119bska, 21 kart narracyjnych\"}]},{\"@type\":\"WebSite\",\"@id\":\"https:\\\/\\\/www.tibum.pl\\\/shop\\\/#website\",\"url\":\"https:\\\/\\\/www.tibum.pl\\\/shop\\\/\",\"name\":\"Tibum Wydawnictwo Kamishibai - Papierowy Teatr\",\"description\":\"wydawca ksi\u0105\u017cek i bajek obrazkowych kamishibai\",\"potentialAction\":[{\"@type\":\"SearchAction\",\"target\":{\"@type\":\"EntryPoint\",\"urlTemplate\":\"https:\\\/\\\/www.tibum.pl\\\/shop\\\/?s={search_term_string}\"},\"query-input\":{\"@type\":\"PropertyValueSpecification\",\"valueRequired\":true,\"valueName\":\"search_term_string\"}}],\"inLanguage\":\"pl-PL\"}]}<\/script>\n<!-- \/ Yoast SEO plugin. -->","yoast_head_json":{"title":"\"Bajka o Wi\u015ble\", Magdalena Zar\u0119bska, 21 kart narracyjnych - Tibum Wydawnictwo Kamishibai - Papierowy Teatr","robots":{"index":"index","follow":"follow","max-snippet":"max-snippet:-1","max-image-preview":"max-image-preview:large","max-video-preview":"max-video-preview:-1"},"canonical":"https:\/\/www.tibum.pl\/shop\/produkt\/bajka-o-wisle","og_locale":"pl_PL","og_type":"article","og_title":"\"Bajka o Wi\u015ble\", Magdalena Zar\u0119bska, 21 kart narracyjnych - Tibum Wydawnictwo Kamishibai - Papierowy Teatr","og_description":"ksi\u0105\u017cka kamishibai w formie ilustrowanych kart narracyjnych  Tytu\u0142: \"Bajka o Wi\u015ble\" Autor tekstu: Magdalena Zar\u0119bska Ilustrator: Karolina Szopa ISBN 978-83-947587-0-7","og_url":"https:\/\/www.tibum.pl\/shop\/produkt\/bajka-o-wisle","og_site_name":"Tibum Wydawnictwo Kamishibai - Papierowy Teatr","article_publisher":"https:\/\/www.facebook.com\/PapierowyTeatr","article_modified_time":"2025-11-25T22:05:24+00:00","og_image":[{"width":640,"height":480,"url":"https:\/\/www.tibum.pl\/shop\/wp-content\/uploads\/wisla_okladka.jpg","type":"image\/jpeg"}],"twitter_card":"summary_large_image","twitter_misc":{"Szacowany czas czytania":"2 minuty"},"schema":{"@context":"https:\/\/schema.org","@graph":[{"@type":"WebPage","@id":"https:\/\/www.tibum.pl\/shop\/produkt\/bajka-o-wisle","url":"https:\/\/www.tibum.pl\/shop\/produkt\/bajka-o-wisle","name":"\"Bajka o Wi\u015ble\", Magdalena Zar\u0119bska, 21 kart narracyjnych - Tibum Wydawnictwo Kamishibai - Papierowy Teatr","isPartOf":{"@id":"https:\/\/www.tibum.pl\/shop\/#website"},"primaryImageOfPage":{"@id":"https:\/\/www.tibum.pl\/shop\/produkt\/bajka-o-wisle#primaryimage"},"image":{"@id":"https:\/\/www.tibum.pl\/shop\/produkt\/bajka-o-wisle#primaryimage"},"thumbnailUrl":"https:\/\/www.tibum.pl\/shop\/wp-content\/uploads\/wisla_okladka.jpg","datePublished":"2017-11-29T22:30:53+00:00","dateModified":"2025-11-25T22:05:24+00:00","breadcrumb":{"@id":"https:\/\/www.tibum.pl\/shop\/produkt\/bajka-o-wisle#breadcrumb"},"inLanguage":"pl-PL","potentialAction":[{"@type":"ReadAction","target":["https:\/\/www.tibum.pl\/shop\/produkt\/bajka-o-wisle"]}]},{"@type":"ImageObject","inLanguage":"pl-PL","@id":"https:\/\/www.tibum.pl\/shop\/produkt\/bajka-o-wisle#primaryimage","url":"https:\/\/www.tibum.pl\/shop\/wp-content\/uploads\/wisla_okladka.jpg","contentUrl":"https:\/\/www.tibum.pl\/shop\/wp-content\/uploads\/wisla_okladka.jpg","width":640,"height":480,"caption":"bajka kamishibai"},{"@type":"BreadcrumbList","@id":"https:\/\/www.tibum.pl\/shop\/produkt\/bajka-o-wisle#breadcrumb","itemListElement":[{"@type":"ListItem","position":1,"name":"Home","item":"https:\/\/www.tibum.pl\/shop\/"},{"@type":"ListItem","position":2,"name":"Sklep","item":"https:\/\/www.tibum.pl\/shop\/sklep"},{"@type":"ListItem","position":3,"name":"&#8222;Bajka o Wi\u015ble&#8221;, Magdalena Zar\u0119bska, 21 kart narracyjnych"}]},{"@type":"WebSite","@id":"https:\/\/www.tibum.pl\/shop\/#website","url":"https:\/\/www.tibum.pl\/shop\/","name":"Tibum Wydawnictwo Kamishibai - Papierowy Teatr","description":"wydawca ksi\u0105\u017cek i bajek obrazkowych kamishibai","potentialAction":[{"@type":"SearchAction","target":{"@type":"EntryPoint","urlTemplate":"https:\/\/www.tibum.pl\/shop\/?s={search_term_string}"},"query-input":{"@type":"PropertyValueSpecification","valueRequired":true,"valueName":"search_term_string"}}],"inLanguage":"pl-PL"}]}},"_links":{"self":[{"href":"https:\/\/www.tibum.pl\/shop\/wp-json\/wp\/v2\/product\/8997","targetHints":{"allow":["GET"]}}],"collection":[{"href":"https:\/\/www.tibum.pl\/shop\/wp-json\/wp\/v2\/product"}],"about":[{"href":"https:\/\/www.tibum.pl\/shop\/wp-json\/wp\/v2\/types\/product"}],"wp:featuredmedia":[{"embeddable":true,"href":"https:\/\/www.tibum.pl\/shop\/wp-json\/wp\/v2\/media\/10076"}],"wp:attachment":[{"href":"https:\/\/www.tibum.pl\/shop\/wp-json\/wp\/v2\/media?parent=8997"}],"wp:term":[{"taxonomy":"product_brand","embeddable":true,"href":"https:\/\/www.tibum.pl\/shop\/wp-json\/wp\/v2\/product_brand?post=8997"},{"taxonomy":"product_cat","embeddable":true,"href":"https:\/\/www.tibum.pl\/shop\/wp-json\/wp\/v2\/product_cat?post=8997"},{"taxonomy":"product_tag","embeddable":true,"href":"https:\/\/www.tibum.pl\/shop\/wp-json\/wp\/v2\/product_tag?post=8997"}],"curies":[{"name":"wp","href":"https:\/\/api.w.org\/{rel}","templated":true}]}}