{"id":9973,"date":"2018-02-02T23:00:45","date_gmt":"2018-02-02T22:00:45","guid":{"rendered":"http:\/\/www.tibum.pl\/shop\/?post_type=product&#038;p=9973"},"modified":"2025-11-24T11:00:44","modified_gmt":"2025-11-24T10:00:44","slug":"czulosc-calins-tenderness","status":"publish","type":"product","link":"https:\/\/www.tibum.pl\/shop\/produkt\/czulosc-calins-tenderness","title":{"rendered":"&#8222;Czu\u0142o\u015b\u0107&#8221;, Antoine Guillopet, 19 kart narracyjnych"},"content":{"rendered":"<article>\n<div style=\"text-align: left;\">\n<p>ksi\u0105\u017cka kamishibai w formie ilustrowanych kart narracyjnych<\/p>\n<p>Tytu\u0142: <strong>&#8222;<cite>Czu\u0142o\u015b\u0107<\/cite>&#8222;<\/strong><br \/>\nTytu\u0142 orygina\u0142u: &#8222;<cite>C\u00e2lins<\/cite>&#8221;<br \/>\nTekst&amp;Ilustracje: <a href=\"https:\/\/www.tibum.pl\/shop\/autorzy\/antoine-guilloppe\">Antoine Guillopp\u00e9<\/a><br \/>\nT\u0142umacz: <a href=\"https:\/\/www.tibum.pl\/shop\/autorzy\/julian-brudzewski\">Julian Brudzewski<\/a><\/p>\n<p><strong>Wydanie tr\u00f3jj\u0119zyczne:<\/strong> polski \/ francuski \/ angielski !<\/p>\n<p>ISBN 978-83-947587-2-1<\/p>\n<p>\u201eCzu\u0142o\u015b\u0107\u201d Antoine&#8217;a Guillopp\u00e9 to ksi\u0105\u017cka, kt\u00f3ra zabiera nas w podr\u00f3\u017c rozpoczynaj\u0105c\u0105 si\u0119 w czasach prehistorycznych. Czy tytu\u0142owa Czu\u0142o\u015b\u0107 istnia\u0142a ju\u017c wtedy? Mi\u0119dzy lud\u017ami, zwierz\u0119tami, \u015bwiatem z pozoru wydawa\u0142o by si\u0119 nieo\u017cywionym..?<\/p>\n<p>Na oszcz\u0119dnych, kontrastowych ilustracjach autor opowiada bardzo prost\u0105 opowie\u015b\u0107 o sile u\u015bcisk\u00f3w, kontaktu fizycznego, dodawania sobie otuchy, o tym, \u017ce dzi\u0119ki nim, po prostu \u0142atwiej i bezpieczniej jest \u017cy\u0107. Opowiada r\u00f3wnie\u017c o dorastaniu, o sile warto\u015bci i o wi\u0119zi mi\u0119dzy rodzicami i dzie\u0107mi.<\/p>\n<p>Sugestywne ilustracje stanowi\u0105 swego rodzaju okna, dzi\u0119ki kt\u00f3rym zagl\u0105damy do innej, cz\u0119sto intymnej rzeczywisto\u015bci zwierz\u0105t i ludzi &#8211; cichej mro\u017an\u0105 zim\u0105, pulsuj\u0105cej \u017cyciem w ro\u015blinnym g\u0105szczu traw, innym razem pe\u0142nej s\u0142o\u0144ca w \u015brodku wielkiego miasta.<\/p>\n<p>Najm\u0142odsi otworz\u0105 szeroko oczy \u2013 ekspresyjne ilustracje zwierz\u0105t: nied\u017awiedzi, lis\u00f3w, paj\u0105k\u00f3w, owiec, ma\u0142p i ptak\u00f3w sprawi\u0105, \u017ce pi\u0119kny przekaz ksi\u0105\u017cki g\u0142\u0119boko zapadnie w pami\u0119\u0107.<\/p>\n<p>Ksi\u0105\u017cka, dzi\u0119ki pi\u0119knym i prostym ilustracjom zyskuje na prezentacji w teatrzyku kamishibai, zach\u0119ca do spontanicznych wypowiedzi, umo\u017cliwia szereg tw\u00f3rczych dzia\u0142a\u0144 w oparciu o przedstawion\u0105 opowie\u015b\u0107.<\/p>\n<p>Pierwsza nasza ksi\u0105\u017cka kamishibai wydana z <strong>tekstem w trzech j\u0119zykach<\/strong>. Tekst w j\u0119zyku polskim, francuskim i angielskim umo\u017cliwi nauczycielom i lektorom j\u0119zyk\u00f3w obcych prowadzenie zaj\u0119\u0107 w formie spotka\u0144 z teatrem ilustracji.<\/p>\n<h1 style=\"text-align: right;\"><a href=\"https:\/\/www.tibum.pl\/shop\/wp-content\/uploads\/O-okazywaniu-uczuU0107.pdf\"><strong>O okazywaniu uczu\u0107 &#8211; scenariusz lekcji<\/strong><\/a><\/h1>\n<p style=\"text-align: right;\"><strong><a href=\"http:\/\/lustrobiblioteki.pl\/2018\/06\/teatr-czulosci\/\">recenzja ksi\u0105\u017cki na portalu lustrobiblioteki<\/a><\/strong><\/p>\n<\/div>\n<\/article>\n<p>Wydawnictwo: Tibum<br \/>\n<strong>Wymiary: A3 (297\/420 mm)<\/strong><br \/>\nLiczba kart: 19 (dwustronnych)<br \/>\nIlo\u015b\u0107 stron: 38 (tekst, ilustracje)<br \/>\nRok wydania: 2018<br \/>\nOprawa: kartonowa koperta<\/p>\n<p style=\"font-size: small; font-weight: normal;\"><strong>Uwaga:<\/strong><br \/>\nZdj\u0119cia w galerii produktu mog\u0105 zawiera\u0107 inne przedmioty np. ksi\u0105\u017cki, teatrzyki-parawany, kt\u00f3re s\u0105 osobno zamawianymi pozycjami<\/p>\n","protected":false},"excerpt":{"rendered":"<p>ksi\u0105\u017cka kamishibai w formie ilustrowanych kart narracyjnych<br \/>\nTytu\u0142: <strong>&#8222;<cite>Czu\u0142o\u015b\u0107<\/cite>&#8222;<\/strong><br \/>\nTytu\u0142 orygina\u0142u: &#8222;<cite>C\u00e2lins<\/cite>&#8221;<br \/>\nTekst&amp;Ilustracje: <a href=\"https:\/\/www.tibum.pl\/shop\/autorzy\/antoine-guilloppe\">Antoine Guillopp\u00e9<\/a><br \/>\nT\u0142umacz: <a href=\"https:\/\/www.tibum.pl\/shop\/autorzy\/julian-brudzewski\">Julian Brudzewski<\/a><br \/>\n<strong>Wydanie tr\u00f3jj\u0119zyczne:<\/strong> polski \/ francuski \/ angielski !<br \/>\nISBN 978-83-947587-2-1<\/p>\n","protected":false},"featured_media":10014,"template":"","meta":[],"product_brand":[],"product_cat":[18,48],"product_tag":[923,394,921,6,653,922,287,221,393,397],"class_list":{"0":"post-9973","1":"product","2":"type-product","3":"status-publish","4":"has-post-thumbnail","6":"product_cat-kamishibai","7":"product_cat-karty-narracyjne-do-teatrzyku-kamishibai","8":"product_tag-dorastanie","9":"product_tag-emocje","10":"product_tag-empatia","11":"product_tag-kamishibai","12":"product_tag-ksiazka-trojjezyczna","13":"product_tag-relacja","14":"product_tag-rodzina","15":"product_tag-tibum","16":"product_tag-uczucia","17":"product_tag-zwierzeta","18":"product_shipping_class-lekkie1","19":"description-off","21":"first","22":"instock","23":"featured","24":"taxable","25":"shipping-taxable","26":"purchasable","27":"product-type-simple"},"yoast_head":"<!-- This site is optimized with the Yoast SEO plugin v27.5 - https:\/\/yoast.com\/product\/yoast-seo-wordpress\/ -->\n<title>&quot;Czu\u0142o\u015b\u0107&quot;, Antoine Guillopet, 19 kart narracyjnych - Tibum Wydawnictwo Kamishibai - Papierowy Teatr<\/title>\n<meta name=\"robots\" content=\"index, follow, max-snippet:-1, max-image-preview:large, max-video-preview:-1\" \/>\n<link rel=\"canonical\" href=\"https:\/\/www.tibum.pl\/shop\/produkt\/czulosc-calins-tenderness\" \/>\n<meta property=\"og:locale\" content=\"pl_PL\" \/>\n<meta property=\"og:type\" content=\"article\" \/>\n<meta property=\"og:title\" content=\"&quot;Czu\u0142o\u015b\u0107&quot;, Antoine Guillopet, 19 kart narracyjnych - Tibum Wydawnictwo Kamishibai - Papierowy Teatr\" \/>\n<meta property=\"og:description\" content=\"ksi\u0105\u017cka kamishibai w formie ilustrowanych kart narracyjnych Tytu\u0142: &quot;Czu\u0142o\u015b\u0107&quot; Tytu\u0142 orygina\u0142u: &quot;C\u00e2lins&quot; Tekst&amp;Ilustracje: Antoine Guillopp\u00e9 T\u0142umacz: Julian Brudzewski Wydanie tr\u00f3jj\u0119zyczne: polski \/ francuski \/ angielski ! ISBN 978-83-947587-2-1\" \/>\n<meta property=\"og:url\" content=\"https:\/\/www.tibum.pl\/shop\/produkt\/czulosc-calins-tenderness\" \/>\n<meta property=\"og:site_name\" content=\"Tibum Wydawnictwo Kamishibai - Papierowy Teatr\" \/>\n<meta property=\"article:publisher\" content=\"https:\/\/www.facebook.com\/PapierowyTeatr\" \/>\n<meta property=\"article:modified_time\" content=\"2025-11-24T10:00:44+00:00\" \/>\n<meta property=\"og:image\" content=\"https:\/\/www.tibum.pl\/shop\/wp-content\/uploads\/czulosc_cover-1-e1710163132453.jpg\" \/>\n\t<meta property=\"og:image:width\" content=\"619\" \/>\n\t<meta property=\"og:image:height\" content=\"449\" \/>\n\t<meta property=\"og:image:type\" content=\"image\/jpeg\" \/>\n<meta name=\"twitter:card\" content=\"summary_large_image\" \/>\n<meta name=\"twitter:label1\" content=\"Szacowany czas czytania\" \/>\n\t<meta name=\"twitter:data1\" content=\"2 minuty\" \/>\n<script type=\"application\/ld+json\" class=\"yoast-schema-graph\">{\"@context\":\"https:\\\/\\\/schema.org\",\"@graph\":[{\"@type\":\"WebPage\",\"@id\":\"https:\\\/\\\/www.tibum.pl\\\/shop\\\/produkt\\\/czulosc-calins-tenderness\",\"url\":\"https:\\\/\\\/www.tibum.pl\\\/shop\\\/produkt\\\/czulosc-calins-tenderness\",\"name\":\"\\\"Czu\u0142o\u015b\u0107\\\", Antoine Guillopet, 19 kart narracyjnych - Tibum Wydawnictwo Kamishibai - Papierowy Teatr\",\"isPartOf\":{\"@id\":\"https:\\\/\\\/www.tibum.pl\\\/shop\\\/#website\"},\"primaryImageOfPage\":{\"@id\":\"https:\\\/\\\/www.tibum.pl\\\/shop\\\/produkt\\\/czulosc-calins-tenderness#primaryimage\"},\"image\":{\"@id\":\"https:\\\/\\\/www.tibum.pl\\\/shop\\\/produkt\\\/czulosc-calins-tenderness#primaryimage\"},\"thumbnailUrl\":\"https:\\\/\\\/www.tibum.pl\\\/shop\\\/wp-content\\\/uploads\\\/czulosc_cover-1-e1710163132453.jpg\",\"datePublished\":\"2018-02-02T22:00:45+00:00\",\"dateModified\":\"2025-11-24T10:00:44+00:00\",\"breadcrumb\":{\"@id\":\"https:\\\/\\\/www.tibum.pl\\\/shop\\\/produkt\\\/czulosc-calins-tenderness#breadcrumb\"},\"inLanguage\":\"pl-PL\",\"potentialAction\":[{\"@type\":\"ReadAction\",\"target\":[\"https:\\\/\\\/www.tibum.pl\\\/shop\\\/produkt\\\/czulosc-calins-tenderness\"]}]},{\"@type\":\"ImageObject\",\"inLanguage\":\"pl-PL\",\"@id\":\"https:\\\/\\\/www.tibum.pl\\\/shop\\\/produkt\\\/czulosc-calins-tenderness#primaryimage\",\"url\":\"https:\\\/\\\/www.tibum.pl\\\/shop\\\/wp-content\\\/uploads\\\/czulosc_cover-1-e1710163132453.jpg\",\"contentUrl\":\"https:\\\/\\\/www.tibum.pl\\\/shop\\\/wp-content\\\/uploads\\\/czulosc_cover-1-e1710163132453.jpg\",\"width\":619,\"height\":449,\"caption\":\"ok\u0142adka ksi\u0105\u017cki czu\u0142o\u015b\u0107\"},{\"@type\":\"BreadcrumbList\",\"@id\":\"https:\\\/\\\/www.tibum.pl\\\/shop\\\/produkt\\\/czulosc-calins-tenderness#breadcrumb\",\"itemListElement\":[{\"@type\":\"ListItem\",\"position\":1,\"name\":\"Home\",\"item\":\"https:\\\/\\\/www.tibum.pl\\\/shop\\\/\"},{\"@type\":\"ListItem\",\"position\":2,\"name\":\"Sklep\",\"item\":\"https:\\\/\\\/www.tibum.pl\\\/shop\\\/sklep\"},{\"@type\":\"ListItem\",\"position\":3,\"name\":\"&#8222;Czu\u0142o\u015b\u0107&#8221;, Antoine Guillopet, 19 kart narracyjnych\"}]},{\"@type\":\"WebSite\",\"@id\":\"https:\\\/\\\/www.tibum.pl\\\/shop\\\/#website\",\"url\":\"https:\\\/\\\/www.tibum.pl\\\/shop\\\/\",\"name\":\"Tibum Wydawnictwo Kamishibai - Papierowy Teatr\",\"description\":\"wydawca ksi\u0105\u017cek i bajek obrazkowych kamishibai\",\"potentialAction\":[{\"@type\":\"SearchAction\",\"target\":{\"@type\":\"EntryPoint\",\"urlTemplate\":\"https:\\\/\\\/www.tibum.pl\\\/shop\\\/?s={search_term_string}\"},\"query-input\":{\"@type\":\"PropertyValueSpecification\",\"valueRequired\":true,\"valueName\":\"search_term_string\"}}],\"inLanguage\":\"pl-PL\"}]}<\/script>\n<!-- \/ Yoast SEO plugin. -->","yoast_head_json":{"title":"\"Czu\u0142o\u015b\u0107\", Antoine Guillopet, 19 kart narracyjnych - Tibum Wydawnictwo Kamishibai - Papierowy Teatr","robots":{"index":"index","follow":"follow","max-snippet":"max-snippet:-1","max-image-preview":"max-image-preview:large","max-video-preview":"max-video-preview:-1"},"canonical":"https:\/\/www.tibum.pl\/shop\/produkt\/czulosc-calins-tenderness","og_locale":"pl_PL","og_type":"article","og_title":"\"Czu\u0142o\u015b\u0107\", Antoine Guillopet, 19 kart narracyjnych - Tibum Wydawnictwo Kamishibai - Papierowy Teatr","og_description":"ksi\u0105\u017cka kamishibai w formie ilustrowanych kart narracyjnych Tytu\u0142: \"Czu\u0142o\u015b\u0107\" Tytu\u0142 orygina\u0142u: \"C\u00e2lins\" Tekst&amp;Ilustracje: Antoine Guillopp\u00e9 T\u0142umacz: Julian Brudzewski Wydanie tr\u00f3jj\u0119zyczne: polski \/ francuski \/ angielski ! ISBN 978-83-947587-2-1","og_url":"https:\/\/www.tibum.pl\/shop\/produkt\/czulosc-calins-tenderness","og_site_name":"Tibum Wydawnictwo Kamishibai - Papierowy Teatr","article_publisher":"https:\/\/www.facebook.com\/PapierowyTeatr","article_modified_time":"2025-11-24T10:00:44+00:00","og_image":[{"width":619,"height":449,"url":"https:\/\/www.tibum.pl\/shop\/wp-content\/uploads\/czulosc_cover-1-e1710163132453.jpg","type":"image\/jpeg"}],"twitter_card":"summary_large_image","twitter_misc":{"Szacowany czas czytania":"2 minuty"},"schema":{"@context":"https:\/\/schema.org","@graph":[{"@type":"WebPage","@id":"https:\/\/www.tibum.pl\/shop\/produkt\/czulosc-calins-tenderness","url":"https:\/\/www.tibum.pl\/shop\/produkt\/czulosc-calins-tenderness","name":"\"Czu\u0142o\u015b\u0107\", Antoine Guillopet, 19 kart narracyjnych - Tibum Wydawnictwo Kamishibai - Papierowy Teatr","isPartOf":{"@id":"https:\/\/www.tibum.pl\/shop\/#website"},"primaryImageOfPage":{"@id":"https:\/\/www.tibum.pl\/shop\/produkt\/czulosc-calins-tenderness#primaryimage"},"image":{"@id":"https:\/\/www.tibum.pl\/shop\/produkt\/czulosc-calins-tenderness#primaryimage"},"thumbnailUrl":"https:\/\/www.tibum.pl\/shop\/wp-content\/uploads\/czulosc_cover-1-e1710163132453.jpg","datePublished":"2018-02-02T22:00:45+00:00","dateModified":"2025-11-24T10:00:44+00:00","breadcrumb":{"@id":"https:\/\/www.tibum.pl\/shop\/produkt\/czulosc-calins-tenderness#breadcrumb"},"inLanguage":"pl-PL","potentialAction":[{"@type":"ReadAction","target":["https:\/\/www.tibum.pl\/shop\/produkt\/czulosc-calins-tenderness"]}]},{"@type":"ImageObject","inLanguage":"pl-PL","@id":"https:\/\/www.tibum.pl\/shop\/produkt\/czulosc-calins-tenderness#primaryimage","url":"https:\/\/www.tibum.pl\/shop\/wp-content\/uploads\/czulosc_cover-1-e1710163132453.jpg","contentUrl":"https:\/\/www.tibum.pl\/shop\/wp-content\/uploads\/czulosc_cover-1-e1710163132453.jpg","width":619,"height":449,"caption":"ok\u0142adka ksi\u0105\u017cki czu\u0142o\u015b\u0107"},{"@type":"BreadcrumbList","@id":"https:\/\/www.tibum.pl\/shop\/produkt\/czulosc-calins-tenderness#breadcrumb","itemListElement":[{"@type":"ListItem","position":1,"name":"Home","item":"https:\/\/www.tibum.pl\/shop\/"},{"@type":"ListItem","position":2,"name":"Sklep","item":"https:\/\/www.tibum.pl\/shop\/sklep"},{"@type":"ListItem","position":3,"name":"&#8222;Czu\u0142o\u015b\u0107&#8221;, Antoine Guillopet, 19 kart narracyjnych"}]},{"@type":"WebSite","@id":"https:\/\/www.tibum.pl\/shop\/#website","url":"https:\/\/www.tibum.pl\/shop\/","name":"Tibum Wydawnictwo Kamishibai - Papierowy Teatr","description":"wydawca ksi\u0105\u017cek i bajek obrazkowych kamishibai","potentialAction":[{"@type":"SearchAction","target":{"@type":"EntryPoint","urlTemplate":"https:\/\/www.tibum.pl\/shop\/?s={search_term_string}"},"query-input":{"@type":"PropertyValueSpecification","valueRequired":true,"valueName":"search_term_string"}}],"inLanguage":"pl-PL"}]}},"_links":{"self":[{"href":"https:\/\/www.tibum.pl\/shop\/wp-json\/wp\/v2\/product\/9973","targetHints":{"allow":["GET"]}}],"collection":[{"href":"https:\/\/www.tibum.pl\/shop\/wp-json\/wp\/v2\/product"}],"about":[{"href":"https:\/\/www.tibum.pl\/shop\/wp-json\/wp\/v2\/types\/product"}],"wp:featuredmedia":[{"embeddable":true,"href":"https:\/\/www.tibum.pl\/shop\/wp-json\/wp\/v2\/media\/10014"}],"wp:attachment":[{"href":"https:\/\/www.tibum.pl\/shop\/wp-json\/wp\/v2\/media?parent=9973"}],"wp:term":[{"taxonomy":"product_brand","embeddable":true,"href":"https:\/\/www.tibum.pl\/shop\/wp-json\/wp\/v2\/product_brand?post=9973"},{"taxonomy":"product_cat","embeddable":true,"href":"https:\/\/www.tibum.pl\/shop\/wp-json\/wp\/v2\/product_cat?post=9973"},{"taxonomy":"product_tag","embeddable":true,"href":"https:\/\/www.tibum.pl\/shop\/wp-json\/wp\/v2\/product_tag?post=9973"}],"curies":[{"name":"wp","href":"https:\/\/api.w.org\/{rel}","templated":true}]}}